{"id":2912,"date":"2023-02-23T03:58:20","date_gmt":"2023-02-23T03:58:20","guid":{"rendered":"https:\/\/willowtechgroup.com\/?page_id=2912"},"modified":"2023-02-23T04:25:50","modified_gmt":"2023-02-23T04:25:50","slug":"consulting-services-overview","status":"publish","type":"page","link":"https:\/\/willowtechgroup.com\/de\/consulting-services-overview\/","title":{"rendered":"Beratungsleistungen"},"content":{"rendered":"<section class=\"wpb-content-wrapper\"><div id=\"tm-row-69d5ba99eb72b\" data-vc-full-width=\"true\" data-vc-full-width-init=\"false\" class=\"vc_row vc_row-outer vc_row-fluid\"><div id=\"tm-column-69d5ba99eba85\" class=\"wpb_column vc_column_container vc_col-sm-12\"><div class=\"vc_column-inner\"><div class=\"wpb_wrapper\">\n<div class=\"tm-heading  center tm-animation move-up\" id=\"tm-heading-69d5ba99ebca2\">\n\t<h3 class=\"heading\" >Beratungsleistungen<\/h3><\/div>\n\n<div class=\"tm-spacer\" id=\"tm-spacer-69d5ba99ebf52\"><\/div>\n\n<div class=\"tm-heading  center tm-animation move-up\" id=\"tm-heading-69d5ba99ebfe4\">\n\t<h3 class=\"heading\" >Bereitstellung von Naturschutzdienstleistungen f\u00fcr Ihre Umweltbed\u00fcrfnisse.<\/h3><\/div>\n\n<div class=\"tm-spacer\" id=\"tm-spacer-69d5ba99ec277\"><\/div>\n\n<div class=\"tm-heading  center tm-animation move-up\" id=\"tm-heading-69d5ba99ec303\">\n\t<div class=\"heading\" >Unsere Managementberatungsdienste konzentrieren sich auf die wichtigsten Probleme und Chancen unserer Kunden: Strategie, Marketing, Organisation, Betrieb, Technologie, Transformation, Digital, Advanced Analytics, Unternehmensfinanzierung, Fusionen und \u00dcbernahmen sowie Nachhaltigkeit in allen Branchen und Regionen. Wir bringen umfassendes, funktionales Fachwissen mit, sind aber f\u00fcr unsere ganzheitliche Perspektive bekannt: Wir schaffen Werte \u00fcber Grenzen und zwischen den Silos jeder Organisation hinweg. Wir haben einen Multiplikatoreffekt durch die Optimierung der Summe der Teile und nicht nur der einzelnen Teile nachgewiesen.<\/div><\/div>\n\n<div class=\"tm-spacer\" id=\"tm-spacer-69d5ba99ec5ab\"><\/div>\n<\/div><\/div><\/div><\/div><div class=\"vc_row-full-width vc_clearfix\"><\/div><div id=\"tm-row-69d5ba99ec69f\" data-vc-full-width=\"true\" data-vc-full-width-init=\"false\" class=\"vc_row vc_row-outer vc_row-fluid\"><div id=\"tm-column-69d5ba99ecbee\" class=\"wpb_column vc_column_container vc_col-sm-12\"><div class=\"vc_column-inner\"><div class=\"wpb_wrapper\"><div id=\"tm-row-inner-69d5ba99ece78\" class=\"vc_row vc_inner vc_row-fluid vc_row-o-equal-height vc_row-flex\"><div id=\"tm-column-inner-69d5ba99ed102\" class=\"wpb_column vc_column_container vc_col-sm-6\"><div class=\"vc_column-inner\"><div class=\"wpb_wrapper\">\n<div class=\"tm-heading  left tm-animation move-up\" id=\"tm-heading-69d5ba99ed2ed\">\n\t<h3 class=\"heading\" >Offshore\/Near Shore\/Remote<\/h3><\/div>\n\n\n<div class=\"tm-heading vc_custom_1677072441501  left tm-animation move-up\" id=\"tm-heading-69d5ba99ed5f2\">\n\t<div class=\"heading\" >Wir sind ein Nischennetzwerk von Spezialisten mit jahrzehntelanger Erfahrung und sind immer st\u00e4rker gewachsen. Unser Hauptsitz befindet sich im Vereinigten K\u00f6nigreich und unser Netzwerk erstreckt sich \u00fcber die ganze Welt mit erfolgreich umgesetzten Projekten in EMEA, APAC, CALA und der GUS-Region. Wir sind in der einzigartigen Position, alle Ihre Technologie-Support-L\u00f6sungen \u00fcber einen einzigen Ansprechpartner anbieten zu k\u00f6nnen, ohne dass Sie verschiedene Unternehmen in Ihrer Lieferkette beauftragen m\u00fcssen.<\/div><\/div>\n\n<\/div><\/div><\/div><div id=\"tm-column-inner-69d5ba99ed8fd\" class=\"wpb_column vc_column_container vc_col-sm-6\"><div class=\"vc_column-inner\"><div class=\"wpb_wrapper\"><\/div><\/div><\/div><\/div><\/div><\/div><\/div><\/div><div class=\"vc_row-full-width vc_clearfix\"><\/div><div id=\"tm-row-69d5ba99ede27\" data-vc-full-width=\"true\" data-vc-full-width-init=\"false\" class=\"vc_row vc_row-outer vc_row-fluid\"><div id=\"tm-column-69d5ba99ee01d\" class=\"wpb_column vc_column_container vc_col-sm-12\"><div class=\"vc_column-inner\"><div class=\"wpb_wrapper\"><div id=\"tm-row-inner-69d5ba99ee213\" class=\"vc_row vc_inner vc_row-fluid vc_row-o-equal-height vc_row-flex\"><div id=\"tm-column-inner-69d5ba99ee434\" class=\"wpb_column vc_column_container vc_col-sm-6\"><div class=\"vc_column-inner\"><div class=\"wpb_wrapper\"><\/div><\/div><\/div><div id=\"tm-column-inner-69d5ba99ee69e\" class=\"wpb_column vc_column_container vc_col-sm-6\"><div class=\"vc_column-inner\"><div class=\"wpb_wrapper\">\n<div class=\"tm-heading  left tm-animation move-up\" id=\"tm-heading-69d5ba99ee860\">\n\t<h3 class=\"heading\" >Land<\/h3><\/div>\n\n\n<div class=\"tm-heading vc_custom_1677072441501  left tm-animation move-up\" id=\"tm-heading-69d5ba99eeb3d\">\n\t<div class=\"heading\" >Wir sind ein Nischennetzwerk von Spezialisten mit jahrzehntelanger Erfahrung und sind immer st\u00e4rker gewachsen. Unser Hauptsitz befindet sich im Vereinigten K\u00f6nigreich und unser Netzwerk erstreckt sich \u00fcber die ganze Welt mit erfolgreich umgesetzten Projekten in EMEA, APAC, CALA und der GUS-Region. Wir sind in der einzigartigen Position, alle Ihre Technologie-Support-L\u00f6sungen \u00fcber einen einzigen Ansprechpartner anbieten zu k\u00f6nnen, ohne dass Sie verschiedene Unternehmen in Ihrer Lieferkette beauftragen m\u00fcssen.<\/div><\/div>\n\n<\/div><\/div><\/div><\/div><\/div><\/div><\/div><\/div><div class=\"vc_row-full-width vc_clearfix\"><\/div><div id=\"tm-row-69d5ba99eee9a\" data-vc-full-width=\"true\" data-vc-full-width-init=\"false\" class=\"vc_row vc_row-outer vc_row-fluid\"><div id=\"tm-column-69d5ba99ef086\" class=\"wpb_column vc_column_container vc_col-sm-12\"><div class=\"vc_column-inner\"><div class=\"wpb_wrapper\"><div id=\"tm-row-inner-69d5ba99ef280\" class=\"vc_row vc_inner vc_row-fluid vc_row-o-equal-height vc_row-flex\"><div id=\"tm-column-inner-69d5ba99ef465\" class=\"wpb_column vc_column_container vc_col-sm-6\"><div class=\"vc_column-inner\"><div class=\"wpb_wrapper\">\n<div class=\"tm-heading  left tm-animation move-up\" id=\"tm-heading-69d5ba99ef61f\">\n\t<h3 class=\"heading\" >Team as a Service \/ Vertragsdienstleistungen<\/h3><\/div>\n\n\n<div class=\"tm-heading vc_custom_1677072441501  left tm-animation move-up\" id=\"tm-heading-69d5ba99ef8f4\">\n\t<div class=\"heading\" >Wir sind ein Nischennetzwerk von Spezialisten mit jahrzehntelanger Erfahrung und sind immer st\u00e4rker gewachsen. Unser Hauptsitz befindet sich im Vereinigten K\u00f6nigreich und unser Netzwerk erstreckt sich \u00fcber die ganze Welt mit erfolgreich umgesetzten Projekten in EMEA, APAC, CALA und der GUS-Region. Wir sind in der einzigartigen Position, alle Ihre Technologie-Support-L\u00f6sungen \u00fcber einen einzigen Ansprechpartner anbieten zu k\u00f6nnen, ohne dass Sie verschiedene Unternehmen in Ihrer Lieferkette beauftragen m\u00fcssen.<\/div><\/div>\n\n<\/div><\/div><\/div><div id=\"tm-column-inner-69d5ba99efbf8\" class=\"wpb_column vc_column_container vc_col-sm-6\"><div class=\"vc_column-inner\"><div class=\"wpb_wrapper\"><\/div><\/div><\/div><\/div><\/div><\/div><\/div><\/div><div class=\"vc_row-full-width vc_clearfix\"><\/div><div id=\"tm-row-69d5ba99efeaa\" data-vc-full-width=\"true\" data-vc-full-width-init=\"false\" class=\"vc_row vc_row-outer vc_row-fluid\"><div id=\"tm-column-69d5ba99f00a3\" class=\"wpb_column vc_column_container vc_col-sm-12\"><div class=\"vc_column-inner\"><div class=\"wpb_wrapper\"><div id=\"tm-row-inner-69d5ba99f028a\" class=\"vc_row vc_inner vc_row-fluid vc_row-o-equal-height vc_row-flex\"><div id=\"tm-column-inner-69d5ba99f0465\" class=\"wpb_column vc_column_container vc_col-sm-6\"><div class=\"vc_column-inner\"><div class=\"wpb_wrapper\"><\/div><\/div><\/div><div id=\"tm-column-inner-69d5ba99f06c4\" class=\"wpb_column vc_column_container vc_col-sm-6\"><div class=\"vc_column-inner\"><div class=\"wpb_wrapper\">\n<div class=\"tm-heading  left tm-animation move-up\" id=\"tm-heading-69d5ba99f087f\">\n\t<h3 class=\"heading\" >Architektur- und Designdienstleistungen<\/h3><\/div>\n\n\n<div class=\"tm-heading vc_custom_1677072441501  left tm-animation move-up\" id=\"tm-heading-69d5ba99f0b55\">\n\t<div class=\"heading\" >Wir sind ein Nischennetzwerk von Spezialisten mit jahrzehntelanger Erfahrung und sind immer st\u00e4rker gewachsen. Unser Hauptsitz befindet sich im Vereinigten K\u00f6nigreich und unser Netzwerk erstreckt sich \u00fcber die ganze Welt mit erfolgreich umgesetzten Projekten in EMEA, APAC, CALA und der GUS-Region. Wir sind in der einzigartigen Position, alle Ihre Technologie-Support-L\u00f6sungen \u00fcber einen einzigen Ansprechpartner anbieten zu k\u00f6nnen, ohne dass Sie verschiedene Unternehmen in Ihrer Lieferkette beauftragen m\u00fcssen.<\/div><\/div>\n\n<\/div><\/div><\/div><\/div><div class=\"tm-spacer\" id=\"tm-spacer-69d5ba99f0de1\"><\/div>\n<\/div><\/div><\/div><\/div><div class=\"vc_row-full-width vc_clearfix\"><\/div>\n<\/section>","protected":false},"excerpt":{"rendered":"Consulting Services Providing conservation services for your environmental needs. Our management consulting services focus on our clients' most critical issues and opportunities: strategy, marketing, organization, operations, technology, transformation, digital, advanced analytics, corporate finance, mergers & acquisitions and sustainability across all industries and geographies. We bring deep, functional expertise, but are known for our holistic perspective: we capture value across boundaries and between the silos of any organization. We have proven a multiplier effect from optimizing the sum of the parts, not just the individual pieces. Offshore\/Near Shore\/Remote We are a niche network of specialists with decades of experience between us and have grown from strength to strength. Our headquarters are in based in the UK and our network spans across the globe with projects successfully delivered in EMEA, APAC, CALA and the CIS region. We are uniquely positioned to be able to provide all of your technology support solutions as a single point of contact without having to use different companies in your supply chain. Onshore We are a niche network of specialists with decades of experience between us and have grown from strength to strength. Our headquarters are in based in the UK and our network spans across the globe with projects successfully delivered in EMEA, APAC, CALA and the CIS region. We are uniquely positioned to be able to provide all of your technology support solutions as a single point of contact without having to use different companies in your supply chain. Team as a Service \/Contracting Services We are a niche network of specialists with decades of experience between us and have grown from strength to strength. Our headquarters are in based in the UK and our network spans across the globe with projects successfully delivered in EMEA, APAC, CALA and the CIS region. We are uniquely positioned to be able to provide all of your technology support solutions as a single point of contact without having to use different companies in your supply chain. Architecture & Design Services We are a niche network of specialists with decades of experience between us and have grown from strength to strength. Our headquarters are in based in the UK and our network spans across the globe with projects successfully delivered in EMEA, APAC, CALA and the CIS region. We are uniquely positioned to be able to provide all of your technology support solutions as a single point of contact without having to use different companies in your supply chain.","protected":false},"author":1,"featured_media":0,"parent":0,"menu_order":0,"comment_status":"closed","ping_status":"closed","template":"","meta":{"content-type":"","footnotes":""},"class_list":["post-2912","page","type-page","status-publish","hentry"],"yoast_head":"<!-- This site is optimized with the Yoast SEO plugin v25.2 - https:\/\/yoast.com\/wordpress\/plugins\/seo\/ -->\n<title>Consulting Services - WillowTech Group<\/title>\n<meta name=\"robots\" content=\"index, follow, max-snippet:-1, max-image-preview:large, max-video-preview:-1\" \/>\n<link rel=\"canonical\" href=\"https:\/\/willowtechgroup.com\/de\/consulting-services-overview\/\" \/>\n<meta property=\"og:locale\" content=\"de_DE\" \/>\n<meta property=\"og:type\" content=\"article\" \/>\n<meta property=\"og:title\" content=\"Consulting Services - WillowTech Group\" \/>\n<meta property=\"og:url\" content=\"https:\/\/willowtechgroup.com\/de\/consulting-services-overview\/\" \/>\n<meta property=\"og:site_name\" content=\"WillowTech Group\" \/>\n<meta property=\"article:modified_time\" content=\"2023-02-23T04:25:50+00:00\" \/>\n<meta name=\"twitter:card\" content=\"summary_large_image\" \/>\n<meta name=\"twitter:label1\" content=\"Gesch\u00e4tzte Lesezeit\" \/>\n\t<meta name=\"twitter:data1\" content=\"5\u00a0Minuten\" \/>\n<script type=\"application\/ld+json\" class=\"yoast-schema-graph\">{\"@context\":\"https:\/\/schema.org\",\"@graph\":[{\"@type\":\"WebPage\",\"@id\":\"https:\/\/willowtechgroup.com\/consulting-services-overview\/\",\"url\":\"https:\/\/willowtechgroup.com\/consulting-services-overview\/\",\"name\":\"Consulting Services - WillowTech Group\",\"isPartOf\":{\"@id\":\"https:\/\/willowtechgroup.com\/#website\"},\"datePublished\":\"2023-02-23T03:58:20+00:00\",\"dateModified\":\"2023-02-23T04:25:50+00:00\",\"breadcrumb\":{\"@id\":\"https:\/\/willowtechgroup.com\/consulting-services-overview\/#breadcrumb\"},\"inLanguage\":\"de\",\"potentialAction\":[{\"@type\":\"ReadAction\",\"target\":[\"https:\/\/willowtechgroup.com\/consulting-services-overview\/\"]}]},{\"@type\":\"BreadcrumbList\",\"@id\":\"https:\/\/willowtechgroup.com\/consulting-services-overview\/#breadcrumb\",\"itemListElement\":[{\"@type\":\"ListItem\",\"position\":1,\"name\":\"Home\",\"item\":\"https:\/\/willowtechgroup.com\/\"},{\"@type\":\"ListItem\",\"position\":2,\"name\":\"Consulting Services\"}]},{\"@type\":\"WebSite\",\"@id\":\"https:\/\/willowtechgroup.com\/#website\",\"url\":\"https:\/\/willowtechgroup.com\/\",\"name\":\"WillowTech Group\",\"description\":\"IT Consultation &amp; Services\",\"publisher\":{\"@id\":\"https:\/\/willowtechgroup.com\/#organization\"},\"potentialAction\":[{\"@type\":\"SearchAction\",\"target\":{\"@type\":\"EntryPoint\",\"urlTemplate\":\"https:\/\/willowtechgroup.com\/?s={search_term_string}\"},\"query-input\":{\"@type\":\"PropertyValueSpecification\",\"valueRequired\":true,\"valueName\":\"search_term_string\"}}],\"inLanguage\":\"de\"},{\"@type\":\"Organization\",\"@id\":\"https:\/\/willowtechgroup.com\/#organization\",\"name\":\"WillowTech Group\",\"url\":\"https:\/\/willowtechgroup.com\/\",\"logo\":{\"@type\":\"ImageObject\",\"inLanguage\":\"de\",\"@id\":\"https:\/\/willowtechgroup.com\/#\/schema\/logo\/image\/\",\"url\":\"https:\/\/willowtechgroup.com\/wp-content\/uploads\/2018\/10\/Logo-290X70-3.svg\",\"contentUrl\":\"https:\/\/willowtechgroup.com\/wp-content\/uploads\/2018\/10\/Logo-290X70-3.svg\",\"width\":\"1024\",\"height\":\"1024\",\"caption\":\"WillowTech Group\"},\"image\":{\"@id\":\"https:\/\/willowtechgroup.com\/#\/schema\/logo\/image\/\"}}]}<\/script>\n<!-- \/ Yoast SEO plugin. -->","yoast_head_json":{"title":"Consulting Services - WillowTech Group","robots":{"index":"index","follow":"follow","max-snippet":"max-snippet:-1","max-image-preview":"max-image-preview:large","max-video-preview":"max-video-preview:-1"},"canonical":"https:\/\/willowtechgroup.com\/de\/consulting-services-overview\/","og_locale":"de_DE","og_type":"article","og_title":"Consulting Services - WillowTech Group","og_url":"https:\/\/willowtechgroup.com\/de\/consulting-services-overview\/","og_site_name":"WillowTech Group","article_modified_time":"2023-02-23T04:25:50+00:00","twitter_card":"summary_large_image","twitter_misc":{"Gesch\u00e4tzte Lesezeit":"5\u00a0Minuten"},"schema":{"@context":"https:\/\/schema.org","@graph":[{"@type":"WebPage","@id":"https:\/\/willowtechgroup.com\/consulting-services-overview\/","url":"https:\/\/willowtechgroup.com\/consulting-services-overview\/","name":"Consulting Services - WillowTech Group","isPartOf":{"@id":"https:\/\/willowtechgroup.com\/#website"},"datePublished":"2023-02-23T03:58:20+00:00","dateModified":"2023-02-23T04:25:50+00:00","breadcrumb":{"@id":"https:\/\/willowtechgroup.com\/consulting-services-overview\/#breadcrumb"},"inLanguage":"de","potentialAction":[{"@type":"ReadAction","target":["https:\/\/willowtechgroup.com\/consulting-services-overview\/"]}]},{"@type":"BreadcrumbList","@id":"https:\/\/willowtechgroup.com\/consulting-services-overview\/#breadcrumb","itemListElement":[{"@type":"ListItem","position":1,"name":"Home","item":"https:\/\/willowtechgroup.com\/"},{"@type":"ListItem","position":2,"name":"Consulting Services"}]},{"@type":"WebSite","@id":"https:\/\/willowtechgroup.com\/#website","url":"https:\/\/willowtechgroup.com\/","name":"WillowTech-Gruppe","description":"IT-Beratung &amp; Services","publisher":{"@id":"https:\/\/willowtechgroup.com\/#organization"},"potentialAction":[{"@type":"SearchAction","target":{"@type":"EntryPoint","urlTemplate":"https:\/\/willowtechgroup.com\/?s={search_term_string}"},"query-input":{"@type":"PropertyValueSpecification","valueRequired":true,"valueName":"search_term_string"}}],"inLanguage":"de"},{"@type":"Organization","@id":"https:\/\/willowtechgroup.com\/#organization","name":"WillowTech-Gruppe","url":"https:\/\/willowtechgroup.com\/","logo":{"@type":"ImageObject","inLanguage":"de","@id":"https:\/\/willowtechgroup.com\/#\/schema\/logo\/image\/","url":"https:\/\/willowtechgroup.com\/wp-content\/uploads\/2018\/10\/Logo-290X70-3.svg","contentUrl":"https:\/\/willowtechgroup.com\/wp-content\/uploads\/2018\/10\/Logo-290X70-3.svg","width":"1024","height":"1024","caption":"WillowTech Group"},"image":{"@id":"https:\/\/willowtechgroup.com\/#\/schema\/logo\/image\/"}}]}},"_links":{"self":[{"href":"https:\/\/willowtechgroup.com\/de\/wp-json\/wp\/v2\/pages\/2912","targetHints":{"allow":["GET"]}}],"collection":[{"href":"https:\/\/willowtechgroup.com\/de\/wp-json\/wp\/v2\/pages"}],"about":[{"href":"https:\/\/willowtechgroup.com\/de\/wp-json\/wp\/v2\/types\/page"}],"author":[{"embeddable":true,"href":"https:\/\/willowtechgroup.com\/de\/wp-json\/wp\/v2\/users\/1"}],"replies":[{"embeddable":true,"href":"https:\/\/willowtechgroup.com\/de\/wp-json\/wp\/v2\/comments?post=2912"}],"version-history":[{"count":0,"href":"https:\/\/willowtechgroup.com\/de\/wp-json\/wp\/v2\/pages\/2912\/revisions"}],"wp:attachment":[{"href":"https:\/\/willowtechgroup.com\/de\/wp-json\/wp\/v2\/media?parent=2912"}],"curies":[{"name":"wp","href":"https:\/\/api.w.org\/{rel}","templated":true}]}}