{"id":2998,"date":"2023-02-23T09:40:41","date_gmt":"2023-02-23T09:40:41","guid":{"rendered":"https:\/\/willowtechgroup.com\/?page_id=2998"},"modified":"2023-02-23T09:48:57","modified_gmt":"2023-02-23T09:48:57","slug":"support-services-technologies","status":"publish","type":"page","link":"https:\/\/willowtechgroup.com\/de\/support-services-technologies\/","title":{"rendered":"Support-Services-Technologien"},"content":{"rendered":"<section class=\"wpb-content-wrapper\"><div id=\"tm-row-69d288bdd7435\" data-vc-full-width=\"true\" data-vc-full-width-init=\"false\" class=\"vc_row vc_row-outer vc_row-fluid\"><div id=\"tm-column-69d288bdd77d4\" class=\"wpb_column vc_column_container vc_col-sm-12\"><div class=\"vc_column-inner\"><div class=\"wpb_wrapper\">\n<div class=\"tm-heading  center tm-animation move-up\" id=\"tm-heading-69d288bdd79fc\">\n\t<h3 class=\"heading\" >Abgedeckte Technologien<\/h3><\/div>\n\n<div class=\"tm-spacer\" id=\"tm-spacer-69d288bdd7cb6\"><\/div>\n\n<div class=\"tm-heading  center tm-animation move-up\" id=\"tm-heading-69d288bdd7d4b\">\n\t<h3 class=\"heading\" >Telekommunikations- und Netzwerkprodukte<\/h3><\/div>\n\n<div class=\"tm-spacer\" id=\"tm-spacer-69d288bdd7fcb\"><\/div>\n\n<div class=\"tm-heading  center tm-animation move-up\" id=\"tm-heading-69d288bdd8055\">\n\t<div class=\"heading\" >Telekommunikations- und Netzwerkprodukte<\/div><\/div>\n\n<div class=\"tm-spacer\" id=\"tm-spacer-69d288bdd82c7\"><\/div>\n<\/div><\/div><\/div><\/div><div class=\"vc_row-full-width vc_clearfix\"><\/div><div id=\"tm-row-69d288bdd83b2\" data-vc-full-width=\"true\" data-vc-full-width-init=\"false\" class=\"vc_row vc_row-outer vc_row-fluid\"><div id=\"tm-column-69d288bdd88a4\" class=\"wpb_column vc_column_container vc_col-sm-12\"><div class=\"vc_column-inner\"><div class=\"wpb_wrapper\"><div id=\"tm-row-inner-69d288bdd8ae0\" class=\"vc_row vc_inner vc_row-fluid vc_row-o-equal-height vc_row-flex\"><div id=\"tm-column-inner-69d288bdd8d08\" class=\"wpb_column vc_column_container vc_col-sm-6\"><div class=\"vc_column-inner\"><div class=\"wpb_wrapper\">\n<div class=\"tm-heading  left tm-animation move-up\" id=\"tm-heading-69d288bdd8ed1\">\n\t<h3 class=\"heading\" >Radio<\/h3><\/div>\n\n\n<div class=\"tm-heading vc_custom_1677072441501  left tm-animation move-up\" id=\"tm-heading-69d288bdd91b3\">\n\t<div class=\"heading\" >Wir sind ein Nischennetzwerk von Spezialisten mit jahrzehntelanger Erfahrung und sind immer st\u00e4rker gewachsen. Unser Hauptsitz befindet sich im Vereinigten K\u00f6nigreich und unser Netzwerk erstreckt sich \u00fcber die ganze Welt mit erfolgreich umgesetzten Projekten in EMEA, APAC, CALA und der GUS-Region. Wir sind in der einzigartigen Position, alle Ihre Technologie-Support-L\u00f6sungen \u00fcber einen einzigen Ansprechpartner anbieten zu k\u00f6nnen, ohne dass Sie verschiedene Unternehmen in Ihrer Lieferkette beauftragen m\u00fcssen.<\/div><\/div>\n\n<\/div><\/div><\/div><div id=\"tm-column-inner-69d288bdd94e2\" class=\"wpb_column vc_column_container vc_col-sm-6\"><div class=\"vc_column-inner\"><div class=\"wpb_wrapper\"><\/div><\/div><\/div><\/div><\/div><\/div><\/div><\/div><div class=\"vc_row-full-width vc_clearfix\"><\/div><div id=\"tm-row-69d288bdd99b6\" data-vc-full-width=\"true\" data-vc-full-width-init=\"false\" class=\"vc_row vc_row-outer vc_row-fluid\"><div id=\"tm-column-69d288bdd9bb1\" class=\"wpb_column vc_column_container vc_col-sm-12\"><div class=\"vc_column-inner\"><div class=\"wpb_wrapper\"><div id=\"tm-row-inner-69d288bdd9d8c\" class=\"vc_row vc_inner vc_row-fluid vc_row-o-equal-height vc_row-flex\"><div id=\"tm-column-inner-69d288bdd9f68\" class=\"wpb_column vc_column_container vc_col-sm-6\"><div class=\"vc_column-inner\"><div class=\"wpb_wrapper\"><\/div><\/div><\/div><div id=\"tm-column-inner-69d288bdda1c8\" class=\"wpb_column vc_column_container vc_col-sm-6\"><div class=\"vc_column-inner\"><div class=\"wpb_wrapper\">\n<div class=\"tm-heading  left tm-animation move-up\" id=\"tm-heading-69d288bdda387\">\n\t<h3 class=\"heading\" >Fest\/\u00dcbertragung\/Mikrowelle<\/h3><\/div>\n\n\n<div class=\"tm-heading vc_custom_1677072441501  left tm-animation move-up\" id=\"tm-heading-69d288bdda68a\">\n\t<div class=\"heading\" >Wir sind ein Nischennetzwerk von Spezialisten mit jahrzehntelanger Erfahrung und sind immer st\u00e4rker gewachsen. Unser Hauptsitz befindet sich im Vereinigten K\u00f6nigreich und unser Netzwerk erstreckt sich \u00fcber die ganze Welt mit erfolgreich umgesetzten Projekten in EMEA, APAC, CALA und der GUS-Region. Wir sind in der einzigartigen Position, alle Ihre Technologie-Support-L\u00f6sungen \u00fcber einen einzigen Ansprechpartner anbieten zu k\u00f6nnen, ohne dass Sie verschiedene Unternehmen in Ihrer Lieferkette beauftragen m\u00fcssen.<\/div><\/div>\n\n<\/div><\/div><\/div><\/div><\/div><\/div><\/div><\/div><div class=\"vc_row-full-width vc_clearfix\"><\/div><div id=\"tm-row-69d288bdda9e4\" data-vc-full-width=\"true\" data-vc-full-width-init=\"false\" class=\"vc_row vc_row-outer vc_row-fluid\"><div id=\"tm-column-69d288bddabcb\" class=\"wpb_column vc_column_container vc_col-sm-12\"><div class=\"vc_column-inner\"><div class=\"wpb_wrapper\"><div id=\"tm-row-inner-69d288bddada0\" class=\"vc_row vc_inner vc_row-fluid vc_row-o-equal-height vc_row-flex\"><div id=\"tm-column-inner-69d288bddaf7c\" class=\"wpb_column vc_column_container vc_col-sm-6\"><div class=\"vc_column-inner\"><div class=\"wpb_wrapper\">\n<div class=\"tm-heading  left tm-animation move-up\" id=\"tm-heading-69d288bddb132\">\n\t<h3 class=\"heading\" >IP\/\u00dcbertragung<\/h3><\/div>\n\n\n<div class=\"tm-heading vc_custom_1677072441501  left tm-animation move-up\" id=\"tm-heading-69d288bddb413\">\n\t<div class=\"heading\" >Wir sind ein Nischennetzwerk von Spezialisten mit jahrzehntelanger Erfahrung und sind immer st\u00e4rker gewachsen. Unser Hauptsitz befindet sich im Vereinigten K\u00f6nigreich und unser Netzwerk erstreckt sich \u00fcber die ganze Welt mit erfolgreich umgesetzten Projekten in EMEA, APAC, CALA und der GUS-Region. Wir sind in der einzigartigen Position, alle Ihre Technologie-Support-L\u00f6sungen \u00fcber einen einzigen Ansprechpartner anbieten zu k\u00f6nnen, ohne dass Sie verschiedene Unternehmen in Ihrer Lieferkette beauftragen m\u00fcssen.<\/div><\/div>\n\n<\/div><\/div><\/div><div id=\"tm-column-inner-69d288bddb71a\" class=\"wpb_column vc_column_container vc_col-sm-6\"><div class=\"vc_column-inner\"><div class=\"wpb_wrapper\"><\/div><\/div><\/div><\/div><\/div><\/div><\/div><\/div><div class=\"vc_row-full-width vc_clearfix\"><\/div><div id=\"tm-row-69d288bddb9ee\" data-vc-full-width=\"true\" data-vc-full-width-init=\"false\" class=\"vc_row vc_row-outer vc_row-fluid\"><div id=\"tm-column-69d288bddbbd7\" class=\"wpb_column vc_column_container vc_col-sm-12\"><div class=\"vc_column-inner\"><div class=\"wpb_wrapper\"><div id=\"tm-row-inner-69d288bddbdae\" class=\"vc_row vc_inner vc_row-fluid vc_row-o-equal-height vc_row-flex\"><div id=\"tm-column-inner-69d288bddbf84\" class=\"wpb_column vc_column_container vc_col-sm-6\"><div class=\"vc_column-inner\"><div class=\"wpb_wrapper\"><\/div><\/div><\/div><div id=\"tm-column-inner-69d288bddc1de\" class=\"wpb_column vc_column_container vc_col-sm-6\"><div class=\"vc_column-inner\"><div class=\"wpb_wrapper\">\n<div class=\"tm-heading  left tm-animation move-up\" id=\"tm-heading-69d288bddc3b2\">\n\t<h3 class=\"heading\" >Kern<\/h3><\/div>\n\n\n<div class=\"tm-heading vc_custom_1677072441501  left tm-animation move-up\" id=\"tm-heading-69d288bddc693\">\n\t<div class=\"heading\" >Wir sind ein Nischennetzwerk von Spezialisten mit jahrzehntelanger Erfahrung und sind immer st\u00e4rker gewachsen. Unser Hauptsitz befindet sich im Vereinigten K\u00f6nigreich und unser Netzwerk erstreckt sich \u00fcber die ganze Welt mit erfolgreich umgesetzten Projekten in EMEA, APAC, CALA und der GUS-Region. Wir sind in der einzigartigen Position, alle Ihre Technologie-Support-L\u00f6sungen \u00fcber einen einzigen Ansprechpartner anbieten zu k\u00f6nnen, ohne dass Sie verschiedene Unternehmen in Ihrer Lieferkette beauftragen m\u00fcssen.<\/div><\/div>\n\n<\/div><\/div><\/div><\/div><div class=\"tm-spacer\" id=\"tm-spacer-69d288bddc939\"><\/div>\n<\/div><\/div><\/div><\/div><div class=\"vc_row-full-width vc_clearfix\"><\/div>\n<\/section>","protected":false},"excerpt":{"rendered":"Abgedeckte Technologien Telekommunikations- und Netzwerkprodukte Telekommunikations- und Netzwerkprodukte Radio Wir sind ein Nischennetzwerk von Spezialisten mit jahrzehntelanger Erfahrung und sind immer st\u00e4rker gewachsen. Unser Hauptsitz befindet sich im Vereinigten K\u00f6nigreich und unser Netzwerk erstreckt sich \u00fcber die ganze Welt mit erfolgreich umgesetzten Projekten in EMEA, APAC, CALA und der GUS-Region. Wir sind in der einzigartigen Position, alle Ihre Technologie-Support-L\u00f6sungen \u00fcber einen einzigen Ansprechpartner anbieten zu k\u00f6nnen, ohne dass Sie verschiedene Unternehmen in Ihrer Lieferkette beauftragen m\u00fcssen. Festnetz\/\u00dcbertragung\/Mikrowelle Wir sind ein Nischennetzwerk von Spezialisten mit jahrzehntelanger Erfahrung und sind immer st\u00e4rker gewachsen. Unser Hauptsitz befindet sich im Vereinigten K\u00f6nigreich und unser Netzwerk erstreckt sich \u00fcber die ganze Welt mit erfolgreich umgesetzten Projekten in EMEA, APAC, CALA und der GUS-Region. Wir sind in der einzigartigen Position, alle Ihre Technologie-Support-L\u00f6sungen \u00fcber einen einzigen Ansprechpartner anbieten zu k\u00f6nnen, ohne dass Sie verschiedene Unternehmen in Ihrer Lieferkette beauftragen m\u00fcssen. IP\/\u00dcbertragung Wir sind ein Nischennetzwerk von Spezialisten mit jahrzehntelanger Erfahrung und sind immer st\u00e4rker gewachsen. Unser Hauptsitz befindet sich im Vereinigten K\u00f6nigreich und unser Netzwerk erstreckt sich \u00fcber die ganze Welt mit erfolgreich umgesetzten Projekten in EMEA, APAC, CALA und der GUS-Region. Wir sind in der einzigartigen Position, alle Ihre Technologie-Support-L\u00f6sungen \u00fcber einen einzigen Ansprechpartner anbieten zu k\u00f6nnen, ohne dass Sie verschiedene Unternehmen in Ihrer Lieferkette beauftragen m\u00fcssen. Kern Wir sind ein Nischennetzwerk von Spezialisten mit jahrzehntelanger Erfahrung und sind immer st\u00e4rker gewachsen. Unser Hauptsitz befindet sich im Vereinigten K\u00f6nigreich und unser Netzwerk erstreckt sich \u00fcber die ganze Welt mit erfolgreich umgesetzten Projekten in EMEA, APAC, CALA und der GUS-Region. Wir sind in der einzigartigen Position, alle Ihre Technologie-Support-L\u00f6sungen \u00fcber einen einzigen Ansprechpartner anbieten zu k\u00f6nnen, ohne dass Sie verschiedene Unternehmen in Ihrer Lieferkette beauftragen m\u00fcssen.","protected":false},"author":1,"featured_media":0,"parent":0,"menu_order":0,"comment_status":"closed","ping_status":"closed","template":"","meta":{"content-type":"","footnotes":""},"class_list":["post-2998","page","type-page","status-publish","hentry"],"yoast_head":"<!-- This site is optimized with the Yoast SEO plugin v25.2 - https:\/\/yoast.com\/wordpress\/plugins\/seo\/ -->\n<title>Support Services Technologies - WillowTech Group<\/title>\n<meta name=\"robots\" content=\"index, follow, max-snippet:-1, max-image-preview:large, max-video-preview:-1\" \/>\n<link rel=\"canonical\" href=\"https:\/\/willowtechgroup.com\/de\/support-services-technologies\/\" \/>\n<meta property=\"og:locale\" content=\"de_DE\" \/>\n<meta property=\"og:type\" content=\"article\" \/>\n<meta property=\"og:title\" content=\"Support Services Technologies - WillowTech Group\" \/>\n<meta property=\"og:url\" content=\"https:\/\/willowtechgroup.com\/de\/support-services-technologies\/\" \/>\n<meta property=\"og:site_name\" content=\"WillowTech Group\" \/>\n<meta property=\"article:modified_time\" content=\"2023-02-23T09:48:57+00:00\" \/>\n<meta name=\"twitter:card\" content=\"summary_large_image\" \/>\n<meta name=\"twitter:label1\" content=\"Gesch\u00e4tzte Lesezeit\" \/>\n\t<meta name=\"twitter:data1\" content=\"5\u00a0Minuten\" \/>\n<script type=\"application\/ld+json\" class=\"yoast-schema-graph\">{\"@context\":\"https:\/\/schema.org\",\"@graph\":[{\"@type\":\"WebPage\",\"@id\":\"https:\/\/willowtechgroup.com\/support-services-technologies\/\",\"url\":\"https:\/\/willowtechgroup.com\/support-services-technologies\/\",\"name\":\"Support Services Technologies - WillowTech Group\",\"isPartOf\":{\"@id\":\"https:\/\/willowtechgroup.com\/#website\"},\"datePublished\":\"2023-02-23T09:40:41+00:00\",\"dateModified\":\"2023-02-23T09:48:57+00:00\",\"breadcrumb\":{\"@id\":\"https:\/\/willowtechgroup.com\/support-services-technologies\/#breadcrumb\"},\"inLanguage\":\"de\",\"potentialAction\":[{\"@type\":\"ReadAction\",\"target\":[\"https:\/\/willowtechgroup.com\/support-services-technologies\/\"]}]},{\"@type\":\"BreadcrumbList\",\"@id\":\"https:\/\/willowtechgroup.com\/support-services-technologies\/#breadcrumb\",\"itemListElement\":[{\"@type\":\"ListItem\",\"position\":1,\"name\":\"Home\",\"item\":\"https:\/\/willowtechgroup.com\/\"},{\"@type\":\"ListItem\",\"position\":2,\"name\":\"Support Services Technologies\"}]},{\"@type\":\"WebSite\",\"@id\":\"https:\/\/willowtechgroup.com\/#website\",\"url\":\"https:\/\/willowtechgroup.com\/\",\"name\":\"WillowTech Group\",\"description\":\"IT Consultation &amp; Services\",\"publisher\":{\"@id\":\"https:\/\/willowtechgroup.com\/#organization\"},\"potentialAction\":[{\"@type\":\"SearchAction\",\"target\":{\"@type\":\"EntryPoint\",\"urlTemplate\":\"https:\/\/willowtechgroup.com\/?s={search_term_string}\"},\"query-input\":{\"@type\":\"PropertyValueSpecification\",\"valueRequired\":true,\"valueName\":\"search_term_string\"}}],\"inLanguage\":\"de\"},{\"@type\":\"Organization\",\"@id\":\"https:\/\/willowtechgroup.com\/#organization\",\"name\":\"WillowTech Group\",\"url\":\"https:\/\/willowtechgroup.com\/\",\"logo\":{\"@type\":\"ImageObject\",\"inLanguage\":\"de\",\"@id\":\"https:\/\/willowtechgroup.com\/#\/schema\/logo\/image\/\",\"url\":\"https:\/\/willowtechgroup.com\/wp-content\/uploads\/2018\/10\/Logo-290X70-3.svg\",\"contentUrl\":\"https:\/\/willowtechgroup.com\/wp-content\/uploads\/2018\/10\/Logo-290X70-3.svg\",\"width\":\"1024\",\"height\":\"1024\",\"caption\":\"WillowTech Group\"},\"image\":{\"@id\":\"https:\/\/willowtechgroup.com\/#\/schema\/logo\/image\/\"}}]}<\/script>\n<!-- \/ Yoast SEO plugin. -->","yoast_head_json":{"title":"Support-Service-Technologien - WillowTech Group","robots":{"index":"index","follow":"follow","max-snippet":"max-snippet:-1","max-image-preview":"max-image-preview:large","max-video-preview":"max-video-preview:-1"},"canonical":"https:\/\/willowtechgroup.com\/de\/support-services-technologies\/","og_locale":"de_DE","og_type":"article","og_title":"Support Services Technologies - WillowTech Group","og_url":"https:\/\/willowtechgroup.com\/de\/support-services-technologies\/","og_site_name":"WillowTech Group","article_modified_time":"2023-02-23T09:48:57+00:00","twitter_card":"summary_large_image","twitter_misc":{"Gesch\u00e4tzte Lesezeit":"5\u00a0Minuten"},"schema":{"@context":"https:\/\/schema.org","@graph":[{"@type":"WebPage","@id":"https:\/\/willowtechgroup.com\/support-services-technologies\/","url":"https:\/\/willowtechgroup.com\/support-services-technologies\/","name":"Support-Service-Technologien - WillowTech Group","isPartOf":{"@id":"https:\/\/willowtechgroup.com\/#website"},"datePublished":"2023-02-23T09:40:41+00:00","dateModified":"2023-02-23T09:48:57+00:00","breadcrumb":{"@id":"https:\/\/willowtechgroup.com\/support-services-technologies\/#breadcrumb"},"inLanguage":"de","potentialAction":[{"@type":"ReadAction","target":["https:\/\/willowtechgroup.com\/support-services-technologies\/"]}]},{"@type":"BreadcrumbList","@id":"https:\/\/willowtechgroup.com\/support-services-technologies\/#breadcrumb","itemListElement":[{"@type":"ListItem","position":1,"name":"Home","item":"https:\/\/willowtechgroup.com\/"},{"@type":"ListItem","position":2,"name":"Support Services Technologies"}]},{"@type":"WebSite","@id":"https:\/\/willowtechgroup.com\/#website","url":"https:\/\/willowtechgroup.com\/","name":"WillowTech-Gruppe","description":"IT-Beratung &amp; Services","publisher":{"@id":"https:\/\/willowtechgroup.com\/#organization"},"potentialAction":[{"@type":"SearchAction","target":{"@type":"EntryPoint","urlTemplate":"https:\/\/willowtechgroup.com\/?s={search_term_string}"},"query-input":{"@type":"PropertyValueSpecification","valueRequired":true,"valueName":"search_term_string"}}],"inLanguage":"de"},{"@type":"Organization","@id":"https:\/\/willowtechgroup.com\/#organization","name":"WillowTech-Gruppe","url":"https:\/\/willowtechgroup.com\/","logo":{"@type":"ImageObject","inLanguage":"de","@id":"https:\/\/willowtechgroup.com\/#\/schema\/logo\/image\/","url":"https:\/\/willowtechgroup.com\/wp-content\/uploads\/2018\/10\/Logo-290X70-3.svg","contentUrl":"https:\/\/willowtechgroup.com\/wp-content\/uploads\/2018\/10\/Logo-290X70-3.svg","width":"1024","height":"1024","caption":"WillowTech Group"},"image":{"@id":"https:\/\/willowtechgroup.com\/#\/schema\/logo\/image\/"}}]}},"_links":{"self":[{"href":"https:\/\/willowtechgroup.com\/de\/wp-json\/wp\/v2\/pages\/2998","targetHints":{"allow":["GET"]}}],"collection":[{"href":"https:\/\/willowtechgroup.com\/de\/wp-json\/wp\/v2\/pages"}],"about":[{"href":"https:\/\/willowtechgroup.com\/de\/wp-json\/wp\/v2\/types\/page"}],"author":[{"embeddable":true,"href":"https:\/\/willowtechgroup.com\/de\/wp-json\/wp\/v2\/users\/1"}],"replies":[{"embeddable":true,"href":"https:\/\/willowtechgroup.com\/de\/wp-json\/wp\/v2\/comments?post=2998"}],"version-history":[{"count":0,"href":"https:\/\/willowtechgroup.com\/de\/wp-json\/wp\/v2\/pages\/2998\/revisions"}],"wp:attachment":[{"href":"https:\/\/willowtechgroup.com\/de\/wp-json\/wp\/v2\/media?parent=2998"}],"curies":[{"name":"wp","href":"https:\/\/api.w.org\/{rel}","templated":true}]}}