{"id":3407,"date":"2023-05-01T14:50:00","date_gmt":"2023-05-01T13:50:00","guid":{"rendered":"https:\/\/willowtechgroup.com\/?page_id=3407"},"modified":"2023-10-09T14:21:30","modified_gmt":"2023-10-09T13:21:30","slug":"multi-vendor-network-support","status":"publish","type":"page","link":"https:\/\/willowtechgroup.com\/de\/multi-vendor-network-support\/","title":{"rendered":"Unterst\u00fctzung f\u00fcr Multi-Vendor-Netzwerke"},"content":{"rendered":"<section class=\"wpb-content-wrapper\"><div id=\"tm-row-69e4959fa0ebd\" data-vc-full-width=\"true\" data-vc-full-width-init=\"false\" class=\"vc_row vc_row-outer vc_row-fluid\"><div id=\"tm-column-69e4959fa1242\" class=\"wpb_column vc_column_container vc_col-sm-12\"><div class=\"vc_column-inner\"><div class=\"wpb_wrapper\">\n<div class=\"tm-heading  center tm-animation move-up\" id=\"tm-heading-69e4959fa145a\">\n\t<h2 class=\"heading\" ><mark>Unterst\u00fctzung f\u00fcr Multi-Vendor-Netzwerke<\/mark><\/h2><\/div>\n\n<div class=\"tm-spacer\" id=\"tm-spacer-69e4959fa1705\"><\/div>\n\n<div class=\"tm-heading mg-top-heading  center tm-animation move-up\" id=\"tm-heading-69e4959fa179a\">\n\t<div class=\"heading\" >Ein Multi-Vendor-Netzwerk bietet Ihnen zwar mehr Flexibilit\u00e4t, Funktionalit\u00e4t und einen Vorsprung gegen\u00fcber Ihren Mitbewerbern, doch Sie ben\u00f6tigen professionelle Unterst\u00fctzung, damit alles reibungslos l\u00e4uft. Es kann schwierig und zeitaufw\u00e4ndig sein, Ger\u00e4te verschiedener Anbieter zu konfigurieren.<\/p>\n<p>Maximieren Sie Ihren Netzwerkbetrieb mit dem Fachwissen und der Unterst\u00fctzung der besten Ingenieure der Welt. Unsere Teams helfen Ihnen bei der Entwicklung einer hybriden Netzwerkinfrastruktur und f\u00fcgen je nach Bedarf Anwendungen und Plattformen hinzu, um Ihren Gesch\u00e4ftsanforderungen gerecht zu werden.<\/div><\/div>\n\n<div class=\"tm-spacer\" id=\"tm-spacer-69e4959fa1a16\"><\/div>\n<\/div><\/div><\/div><\/div><div class=\"vc_row-full-width vc_clearfix\"><\/div><div id=\"tm-row-69e4959fa1afd\" data-vc-full-width=\"true\" data-vc-full-width-init=\"false\" class=\"vc_row vc_row-outer vc_row-fluid\"><div id=\"tm-column-69e4959fa1fc4\" class=\"wpb_column vc_column_container vc_col-sm-12\"><div class=\"vc_column-inner\"><div class=\"wpb_wrapper\"><div id=\"tm-row-inner-69e4959fa2205\" class=\"vc_row vc_inner vc_row-fluid vc_row-o-equal-height vc_row-flex\"><div id=\"tm-column-inner-69e4959fa242b\" class=\"wpb_column vc_column_container vc_col-sm-6\"><div class=\"vc_column-inner\"><div class=\"wpb_wrapper\">\n<div class=\"tm-heading  left tm-animation move-up\" id=\"tm-heading-69e4959fa2608\">\n\t<h3 class=\"heading\" >Dienste mehrerer Anbieter<\/h3><\/div>\n\n\n<div class=\"tm-heading vc_custom_1683007825690  left tm-animation move-up\" id=\"tm-heading-69e4959fa28eb\">\n\t<div class=\"heading\" >Unsere Netzwerkunterst\u00fctzungsdienste f\u00fcr mehrere Anbieter reduzieren die Verwaltungskomplexit\u00e4t Ihrer Server-, Netzwerk- und Speicherumgebung, steigern die Effizienz und konzentrieren sich auf das Wachstum Ihres Unternehmens.<\/div><\/div>\n\n<\/div><\/div><\/div><div id=\"tm-column-inner-69e4959fa2bf3\" class=\"wpb_column vc_column_container vc_col-sm-6\"><div class=\"vc_column-inner\"><div class=\"wpb_wrapper\"><div class=\"tm-spacer\" id=\"tm-spacer-69e4959fa2fe8\"><\/div>\n<\/div><\/div><\/div><\/div><\/div><\/div><\/div><\/div><div class=\"vc_row-full-width vc_clearfix\"><\/div><div id=\"tm-row-69e4959fa311f\" data-vc-full-width=\"true\" data-vc-full-width-init=\"false\" class=\"vc_row vc_row-outer vc_row-fluid\"><div id=\"tm-column-69e4959fa3310\" class=\"wpb_column vc_column_container vc_col-sm-12\"><div class=\"vc_column-inner\"><div class=\"wpb_wrapper\">\n<div class=\"tm-heading  center tm-animation move-up\" id=\"tm-heading-69e4959fa34cd\">\n\t<h2 class=\"heading\" ><mark>Ein Multi-Vendor-Netzwerk-Supportpartner, dem Sie vertrauen k\u00f6nnen<\/mark><\/h2><\/div>\n\n<div class=\"tm-spacer\" id=\"tm-spacer-69e4959fa3747\"><\/div>\n<\/div><\/div><\/div><\/div><div class=\"vc_row-full-width vc_clearfix\"><\/div><div id=\"tm-row-69e4959fa3824\" data-vc-full-width=\"true\" data-vc-full-width-init=\"false\" data-vc-stretch-content=\"true\" class=\"vc_row vc_row-outer vc_row-fluid min-h-ic-box\"><div id=\"tm-column-69e4959fa3a15\" class=\"custom-col-10 wpb_column vc_column_container vc_col-sm-2\"><div class=\"vc_column-inner\"><div class=\"wpb_wrapper\"><\/div><\/div><\/div><div id=\"tm-column-69e4959fa3bdb\" class=\"custom-col-80 wpb_column vc_column_container vc_col-sm-8\"><div class=\"vc_column-inner\"><div class=\"wpb_wrapper\"><div id=\"tm-row-inner-69e4959fa3dc4\" class=\"vc_row vc_inner vc_row-fluid col-sp-3\"><div id=\"tm-column-inner-69e4959fa3f9f\" class=\"wpb_column vc_column_container vc_col-sm-4\"><div class=\"vc_column-inner\"><div class=\"wpb_wrapper\"><div class=\"tm-box-icon  style-2 style-align-center tm-animation move-up\" id=\"tm-box-icon-69e4959fa414a\">\n\t\t<div class=\"content-wrap\">\n\n\t\t\t<div class=\"image\">\n\t\t\t<img decoding=\"async\" src=\"https:\/\/willowtechgroup.com\/wp-content\/uploads\/2023\/05\/Icon-34.svg\" alt=\"Icon 34\" \/>\t\t<\/div>\n\t\n\t\n\t<div class=\"content\">\n\t\t<div class=\"box-header\">\n\t\t\t\t\t\t\t<h4 class=\"heading\">\n\t\t\t\t\t\n\t\t\t\t\t\tTechnischer Fernsupport rund um die Uhr\n\t\t\t\t\t\t\n\t\t\t\t<\/h4>\n\t\t\t\t\t<\/div>\n\n\t\t\n\t\t\t\t\t\t\t\t\t<ul class=\"box-icon-list\">\n\t\t\t\t\t<li><i class=\"fas fa-check\"><\/i>Profitieren Sie von unbegrenztem, rund um die Uhr verwaltetem IT-Support, der auf Ihre Ziele abgestimmt ist<\/li>\n\t\t\t\t<\/ul>\n\t\t\t\t\t\t\t\t\t\t\t\t<ul class=\"box-icon-list\">\n\t\t\t\t\t<li><i class=\"fas fa-check\"><\/i>Echtzeit\u00fcberwachung<\/li>\n\t\t\t\t<\/ul>\n\t\t\t\t\t\t\t\t\t\t\t\t<ul class=\"box-icon-list\">\n\t\t\t\t\t<li><i class=\"fas fa-check\"><\/i>Schnelle Reaktionen und Abhilfema\u00dfnahmen, um den Betrieb Ihrer Organisation aufrechtzuerhalten<\/li>\n\t\t\t\t<\/ul>\n\t\t\t\t\t\n\t\t\t<\/div>\n<\/div>\n<\/div>\n<\/div><\/div><\/div><div id=\"tm-column-inner-69e4959fa5032\" class=\"wpb_column vc_column_container vc_col-sm-4\"><div class=\"vc_column-inner\"><div class=\"wpb_wrapper\"><div class=\"tm-box-icon  style-2 style-align-center tm-animation move-up\" id=\"tm-box-icon-69e4959fa51d2\">\n\t\t<div class=\"content-wrap\">\n\n\t\t\t<div class=\"image\">\n\t\t\t<img decoding=\"async\" src=\"https:\/\/willowtechgroup.com\/wp-content\/uploads\/2023\/05\/Icon-35.svg\" alt=\"Icon 35\" \/>\t\t<\/div>\n\t\n\t\n\t<div class=\"content\">\n\t\t<div class=\"box-header\">\n\t\t\t\t\t\t\t<h4 class=\"heading\">\n\t\t\t\t\t\n\t\t\t\t\t\tSchulung f\u00fcr mehrere Anbieter\n\t\t\t\t\t\t\n\t\t\t\t<\/h4>\n\t\t\t\t\t<\/div>\n\n\t\t\n\t\t\t\t\t\t\t\t\t<ul class=\"box-icon-list\">\n\t\t\t\t\t<li><i class=\"fas fa-check\"><\/i>Unsere Experten schulen Ihre Teams darin, Ger\u00e4te verschiedener Anbieter zu verwenden, Abl\u00e4ufe zu optimieren und Probleme proaktiv zu l\u00f6sen<\/li>\n\t\t\t\t<\/ul>\n\t\t\t\t\t\t\t\t\t\t\t\t<ul class=\"box-icon-list\">\n\t\t\t\t\t<li><i class=\"fas fa-check\"><\/i>Qualifizieren Sie Ihre eigenen Teams f\u00fcr optimale Flexibilit\u00e4t <\/li>\n\t\t\t\t<\/ul>\n\t\t\t\t\t\n\t\t\t<\/div>\n<\/div>\n<\/div>\n<\/div><\/div><\/div><div id=\"tm-column-inner-69e4959fa6018\" class=\"wpb_column vc_column_container vc_col-sm-4\"><div class=\"vc_column-inner\"><div class=\"wpb_wrapper\"><div class=\"tm-box-icon  style-2 style-align-center tm-animation move-up\" id=\"tm-box-icon-69e4959fa61af\">\n\t\t<div class=\"content-wrap\">\n\n\t\t\t<div class=\"image\">\n\t\t\t<img decoding=\"async\" src=\"https:\/\/willowtechgroup.com\/wp-content\/uploads\/2023\/05\/Icon-38.svg\" alt=\"Icon 38\" \/>\t\t<\/div>\n\t\n\t\n\t<div class=\"content\">\n\t\t<div class=\"box-header\">\n\t\t\t\t\t\t\t<h4 class=\"heading\">\n\t\t\t\t\t\n\t\t\t\t\t\tNetzwerk-Upgrades\/-Erweiterungsprojekte\n\t\t\t\t\t\t\n\t\t\t\t<\/h4>\n\t\t\t\t\t<\/div>\n\n\t\t\n\t\t\t\t\t\t\t\t\t<ul class=\"box-icon-list\">\n\t\t\t\t\t<li><i class=\"fas fa-check\"><\/i>Analyse gesch\u00e4ftlicher Herausforderungen und passende Produktempfehlungen verschiedener OEMs <\/li>\n\t\t\t\t<\/ul>\n\t\t\t\t\t\t\t\t\t\t\t\t<ul class=\"box-icon-list\">\n\t\t\t\t\t<li><i class=\"fas fa-check\"><\/i>Erstellung einer ma\u00dfgeschneiderten, professionellen Roadmap f\u00fcr die Expansion, die Ihnen bei der Planung f\u00fcr morgen hilft<\/li>\n\t\t\t\t<\/ul>\n\t\t\t\t\t\t\t\t\t\t\t\t<ul class=\"box-icon-list\">\n\t\t\t\t\t<li><i class=\"fas fa-check\"><\/i>Schrittweise Umsetzung, unterst\u00fctzt durch ein globales Expertennetzwerk  <\/li>\n\t\t\t\t<\/ul>\n\t\t\t\t\t\n\t\t\t<\/div>\n<\/div>\n<\/div>\n<\/div><\/div><\/div><\/div><div id=\"tm-row-inner-69e4959fa7005\" class=\"vc_row vc_inner vc_row-fluid col-sp-2\"><div id=\"tm-column-inner-69e4959fa71f0\" class=\"wpb_column vc_column_container vc_col-sm-6\"><div class=\"vc_column-inner\"><div class=\"wpb_wrapper\"><div class=\"tm-box-icon  style-2 style-align-center tm-animation move-up\" id=\"tm-box-icon-69e4959fa7379\">\n\t\t<div class=\"content-wrap\">\n\n\t\t\t<div class=\"image\">\n\t\t\t<img decoding=\"async\" src=\"https:\/\/willowtechgroup.com\/wp-content\/uploads\/2023\/05\/Icon-36.svg\" alt=\"Icon 36\" \/>\t\t<\/div>\n\t\n\t\n\t<div class=\"content\">\n\t\t<div class=\"box-header\">\n\t\t\t\t\t\t\t<h4 class=\"heading\">\n\t\t\t\t\t\n\t\t\t\t\t\tNetzwerkbereitstellung und -optimierung\n\t\t\t\t\t\t\n\t\t\t\t<\/h4>\n\t\t\t\t\t<\/div>\n\n\t\t\n\t\t\t\t\t\t\t\t\t<ul class=\"box-icon-list\">\n\t\t\t\t\t<li><i class=\"fas fa-check\"><\/i>Verbringen Sie minimalen Zeit-, Arbeits- und Kostenaufwand mit unseren Experten, die \u00fcber Erfahrung bei mehreren OEMs und Anbietern verf\u00fcgen<\/li>\n\t\t\t\t<\/ul>\n\t\t\t\t\t\t\t\t\t\t\t\t<ul class=\"box-icon-list\">\n\t\t\t\t\t<li><i class=\"fas fa-check\"><\/i>Ma\u00dfgeschneiderte L\u00f6sungen f\u00fcr Ihre individuellen Netzwerklogistikanforderungen<\/li>\n\t\t\t\t<\/ul>\n\t\t\t\t\t\t\t\t\t\t\t\t<ul class=\"box-icon-list\">\n\t\t\t\t\t<li><i class=\"fas fa-check\"><\/i>Eine umfassende Netzwerkdesign-Architektur sorgt daf\u00fcr, dass Ihre Bereitstellungen Ihren Leistungsanforderungen gerecht werden<\/li>\n\t\t\t\t<\/ul>\n\t\t\t\t\t\t\t\t\t\t\t\t<ul class=\"box-icon-list\">\n\t\t\t\t\t<li><i class=\"fas fa-check\"><\/i>Wir testen die Arbeitsszenarien, um festzustellen, wie sich Ihr Netzwerk unter Stress verh\u00e4lt  <\/li>\n\t\t\t\t<\/ul>\n\t\t\t\t\t\t\t\t\t\t\t\t<ul class=\"box-icon-list\">\n\t\t\t\t\t<li><i class=\"fas fa-check\"><\/i>Robuste Cybersicherheitsma\u00dfnahmen sind im Design enthalten<\/li>\n\t\t\t\t<\/ul>\n\t\t\t\t\t\n\t\t\t<\/div>\n<\/div>\n<\/div>\n<\/div><\/div><\/div><div id=\"tm-column-inner-69e4959fa819a\" class=\"wpb_column vc_column_container vc_col-sm-6\"><div class=\"vc_column-inner\"><div class=\"wpb_wrapper\"><div class=\"tm-box-icon  style-2 style-align-center tm-animation move-up\" id=\"tm-box-icon-69e4959fa8335\">\n\t\t<div class=\"content-wrap\">\n\n\t\t\t<div class=\"image\">\n\t\t\t<img decoding=\"async\" src=\"https:\/\/willowtechgroup.com\/wp-content\/uploads\/2023\/05\/Icon-37.svg\" alt=\"Icon 37\" \/>\t\t<\/div>\n\t\n\t\n\t<div class=\"content\">\n\t\t<div class=\"box-header\">\n\t\t\t\t\t\t\t<h4 class=\"heading\">\n\t\t\t\t\t\n\t\t\t\t\t\tNetzwerkbetrieb und -wartung\n\t\t\t\t\t\t\n\t\t\t\t<\/h4>\n\t\t\t\t\t<\/div>\n\n\t\t\n\t\t\t\t\t\t\t\t\t<ul class=\"box-icon-list\">\n\t\t\t\t\t<li><i class=\"fas fa-check\"><\/i>Verfolgung des Endes der Nutzungsdauer (EOSL) f\u00fcr Ger\u00e4te jedes Anbieters<\/li>\n\t\t\t\t<\/ul>\n\t\t\t\t\t\t\t\t\t\t\t\t<ul class=\"box-icon-list\">\n\t\t\t\t\t<li><i class=\"fas fa-check\"><\/i>Unsere erfahrenen Ingenieure verf\u00fcgen \u00fcber die erforderliche Ausbildung und Erfahrung, um bei der Netzwerkwartung mehrerer Anbieter einen hybriden Ansatz zu verfolgen<\/li>\n\t\t\t\t<\/ul>\n\t\t\t\t\t\t\t\t\t\t\t\t<ul class=\"box-icon-list\">\n\t\t\t\t\t<li><i class=\"fas fa-check\"><\/i>Beugen Sie technischen Problemen vor, bevor sie auftreten, indem Sie die Wartung regelm\u00e4\u00dfig durch Spezialisten durchf\u00fchren lassen<\/li>\n\t\t\t\t<\/ul>\n\t\t\t\t\t\t\t\t\t\t\t\t<ul class=\"box-icon-list\">\n\t\t\t\t\t<li><i class=\"fas fa-check\"><\/i>Verbessern Sie die Sicherheit Ihres Netzwerks durch st\u00e4ndige \u00dcberwachung und sorgf\u00e4ltige Wachsamkeit<\/li>\n\t\t\t\t<\/ul>\n\t\t\t\t\t\t\t\t\t\t\t\t<ul class=\"box-icon-list\">\n\t\t\t\t\t<li><i class=\"fas fa-check\"><\/i>Berichte zur Leistung im Vergleich zu standardisierten Metriken und Zielen<\/li>\n\t\t\t\t<\/ul>\n\t\t\t\t\t\t\t\t\t\t\t\t<ul class=\"box-icon-list\">\n\t\t\t\t\t<li><i class=\"fas fa-check\"><\/i>Ausgelagerte Compliance<\/li>\n\t\t\t\t<\/ul>\n\t\t\t\t\t\n\t\t\t<\/div>\n<\/div>\n<\/div>\n<\/div><\/div><\/div><\/div><\/div><\/div><\/div><div id=\"tm-column-69e4959fa9185\" class=\"custom-col-10 wpb_column vc_column_container vc_col-sm-2\"><div class=\"vc_column-inner\"><div class=\"wpb_wrapper\"><\/div><\/div><\/div><\/div><div class=\"vc_row-full-width vc_clearfix\"><\/div><div id=\"tm-row-69e4959fa93a3\" class=\"vc_row vc_row-outer vc_row-fluid\"><div id=\"tm-column-69e4959fa95a4\" class=\"wpb_column vc_column_container vc_col-sm-12\"><div class=\"vc_column-inner\"><div class=\"wpb_wrapper\"><div id=\"tm-row-inner-69e4959fa9792\" class=\"vc_row vc_inner vc_row-fluid\"><div id=\"tm-column-inner-69e4959fa997c\" class=\"wpb_column vc_column_container vc_col-sm-12\"><div class=\"vc_column-inner\"><div class=\"wpb_wrapper\">\n<div class=\"tm-heading  left tm-animation move-up\" id=\"tm-heading-69e4959fa9b65\">\n\t<h3 class=\"heading\" >EINSCHLIESSLICH, ABER NICHT BESCHR\u00c4NKT AUF<\/h3><\/div>\n\n<div class=\"tm-spacer\" id=\"tm-spacer-69e4959fa9e20\"><\/div>\n\n<div class=\"tm-heading  left tm-animation move-up\" id=\"tm-heading-69e4959fa9eaf\">\n\t<h3 class=\"heading\" >Von uns unterst\u00fctzte OEM-Produkte<\/h3><\/div>\n\n\n\t<div class=\"wpb_text_column wpb_content_element  vc_custom_1696857688128 p-txt\" >\n\t\t<div class=\"wpb_wrapper\">\n\t\t\t<table class=\"revnue-est\" style=\"color: #174c9b; font-style: normal; font-weight: 600;\">\n<tbody>\n<tr>\n<td>\u2022 ERICSSON<\/td>\n<td>\u2022 SAMSUNG<\/td>\n<td>\u2022 NOKIA<\/td>\n<td>\u2022 HUAWEI<\/td>\n<\/tr>\n<tr>\n<td>\u2022 INFINERA\/CORIANT<\/td>\n<td>\u2022 ZTE<\/td>\n<td>\u2022 AVIAT<\/td>\n<td>\u2022 CISCO<\/td>\n<\/tr>\n<tr>\n<td>\u2022 SIEMENS<\/td>\n<td>\u2022 CERAGON<\/td>\n<td>\u2022 MARCONI<\/td>\n<td>\u2022 MAVENIR\/COMVERSE<\/td>\n<\/tr>\n<tr>\n<td>\u2022 MAHINDRA COMVIVA<\/td>\n<td>\u2022 MOTOROLA<\/td>\n<td>\u2022 BAND\/GENBAND<\/td>\n<td>\u2022 WACHOLDER<\/td>\n<\/tr>\n<tr>\n<td>\u2022 NEC<\/td>\n<td>\u2022 DELL\/EMC<\/td>\n<td>\u2022 HP<\/td>\n<td>\u2022 ORAKEL<\/td>\n<\/tr>\n<\/tbody>\n<\/table>\n\n\t\t<\/div>\n\t<\/div>\n<\/div><\/div><\/div><\/div><\/div><\/div><\/div><\/div>\n<\/section>","protected":false},"excerpt":{"rendered":"Support f\u00fcr Multi-Vendor-Netzwerke Ein Multi-Vendor-Netzwerk bietet Ihnen zwar zus\u00e4tzliche Flexibilit\u00e4t, Funktionalit\u00e4t und einen Vorteil gegen\u00fcber Ihren Mitbewerbern, Sie ben\u00f6tigen jedoch professionelle Unterst\u00fctzung, damit alles reibungslos l\u00e4uft. Es kann herausfordernd und zeitaufw\u00e4ndig sein, Ger\u00e4te verschiedener Anbieter zu konfigurieren. Maximieren Sie Ihren Netzwerkbetrieb mit dem Fachwissen und der Unterst\u00fctzung der besten Ingenieure der Welt. Unsere Teams helfen Ihnen bei der Entwicklung einer hybriden Netzwerkinfrastruktur und f\u00fcgen je nach Bedarf Anwendungen und Plattformen hinzu, um Ihren Gesch\u00e4ftsanforderungen gerecht zu werden. Multi-Vendor-Services Unsere Multi-Vendor-Netzwerk-Support-Services reduzieren die Verwaltungskomplexit\u00e4t Ihrer Server-, Netzwerk- und Speicherumgebung, steigern die Effizienz und konzentrieren sich auf das Wachstum Ihres Unternehmens. Ein Multi-Vendor-Netzwerk-Supportpartner, dem Sie vertrauen k\u00f6nnen. Technischer Remote-Support rund um die Uhr. Profitieren Sie von unbegrenztem, rund um die Uhr verwaltetem IT-Support, der auf Ihre Ziele abgestimmt ist. \u00dcberwachung in Echtzeit. Schnelle Reaktionen und Abhilfema\u00dfnahmen, um Ihr Unternehmen betriebsbereit zu halten. Schulungen f\u00fcr Multi-Vendor-Schulungen. Unsere Experten werden das tun Schulen Sie Ihre Teams darin, Ger\u00e4te verschiedener Anbieter zu verwenden, Abl\u00e4ufe zu optimieren und Probleme proaktiv zu l\u00f6sen. Qualifizieren Sie Ihre eigenen Teams f\u00fcr optimale Flexibilit\u00e4t. Netzwerk-Upgrades\/-Erweiterungsprojekte. Analyse gesch\u00e4ftlicher Herausforderungen und geeignete Produktempfehlungen von verschiedenen OEMs. Erstellung einer ma\u00dfgeschneiderten, professionellen Roadmap f\u00fcr die Erweiterung Das hilft Ihnen bei der Planung f\u00fcr morgen. Schrittweise Implementierung, unterst\u00fctzt durch ein globales Expertennetzwerk. Netzwerkbereitstellung und -optimierung. Verbringen Sie mit unseren Experten, die Erfahrung bei mehreren OEMs und Anbietern haben, minimalen Zeit-, Arbeits- und Kostenaufwand. Ma\u00dfgeschneiderte L\u00f6sungen, die Ihren individuellen Netzwerklogistikanforderungen entsprechen. Umfassendes Netzwerk Durch die Designarchitektur werden Ihre Bereitstellungen Ihren Leistungsanforderungen gerecht. Wir testen die Arbeitsszenarien, um festzustellen, wie sich Ihr Netzwerk unter Stress verh\u00e4lt. Robuste Cybersicherheitsma\u00dfnahmen, die im Design enthalten sind. Netzwerkbetrieb und -wartung. Verfolgung des Endes der Lebensdauer (EOSL). ) f\u00fcr Ger\u00e4te jedes Anbieters Unsere erfahrenen Ingenieure verf\u00fcgen \u00fcber die erforderliche Ausbildung und Erfahrung, um einen hybriden Ansatz f\u00fcr die Netzwerkwartung mehrerer Anbieter zu verfolgen. Verhindern Sie technische Probleme, bevor sie auftreten, durch regelm\u00e4\u00dfige, routinem\u00e4\u00dfige Wartung durch Spezialisten. Verbessern Sie die Sicherheit Ihres Netzwerks durch st\u00e4ndige \u00dcberwachung und Sorgf\u00e4ltige Wachsamkeit Berichte \u00fcber die Leistung anhand standardisierter Kennzahlen und Ziele Ausgelagerte Compliance, EINSCHLIESSLICH, ABER NICHT BESCHR\u00c4NKT AUF OEM-Produkte, die wir unterst\u00fctzen \u2022 ERICSSON \u2022 SAMSUNG \u2022 NOKIA \u2022 HUAWEI \u2022 INFINERA\/CORIANT \u2022 ZTE \u2022 AVIAT \u2022 CISCO \u2022 SIEMENS \u2022 CERAGON \u2022 MARCONI \u2022 MAVENIR\/COMVERSE \u2022 MAHINDRA COMVIVA \u2022 MOTOROLA \u2022 RIBBON\/GENBAND \u2022 JUNIPER \u2022 NEC \u2022 DELL\/EMC \u2022 HP \u2022 ORACLE","protected":false},"author":1,"featured_media":0,"parent":0,"menu_order":0,"comment_status":"closed","ping_status":"closed","template":"","meta":{"content-type":"","footnotes":""},"class_list":["post-3407","page","type-page","status-publish","hentry"],"yoast_head":"<!-- This site is optimized with the Yoast SEO plugin v27.3 - https:\/\/yoast.com\/product\/yoast-seo-wordpress\/ -->\n<title>Multi-Vendor Network Support - WillowTech Group<\/title>\n<meta name=\"robots\" content=\"index, follow, max-snippet:-1, max-image-preview:large, max-video-preview:-1\" \/>\n<link rel=\"canonical\" href=\"https:\/\/willowtechgroup.com\/de\/multi-vendor-network-support\/\" \/>\n<meta property=\"og:locale\" content=\"de_DE\" \/>\n<meta property=\"og:type\" content=\"article\" \/>\n<meta property=\"og:title\" content=\"Multi-Vendor Network Support - WillowTech Group\" \/>\n<meta property=\"og:url\" content=\"https:\/\/willowtechgroup.com\/de\/multi-vendor-network-support\/\" \/>\n<meta property=\"og:site_name\" content=\"WillowTech Group\" \/>\n<meta property=\"article:modified_time\" content=\"2023-10-09T13:21:30+00:00\" \/>\n<meta name=\"twitter:card\" content=\"summary_large_image\" \/>\n<meta name=\"twitter:label1\" content=\"Gesch\u00e4tzte Lesezeit\" \/>\n\t<meta name=\"twitter:data1\" content=\"8\u00a0Minuten\" \/>\n<script type=\"application\/ld+json\" class=\"yoast-schema-graph\">{\"@context\":\"https:\\\/\\\/schema.org\",\"@graph\":[{\"@type\":\"WebPage\",\"@id\":\"https:\\\/\\\/willowtechgroup.com\\\/multi-vendor-network-support\\\/\",\"url\":\"https:\\\/\\\/willowtechgroup.com\\\/multi-vendor-network-support\\\/\",\"name\":\"Multi-Vendor Network Support - WillowTech Group\",\"isPartOf\":{\"@id\":\"https:\\\/\\\/willowtechgroup.com\\\/#website\"},\"datePublished\":\"2023-05-01T13:50:00+00:00\",\"dateModified\":\"2023-10-09T13:21:30+00:00\",\"breadcrumb\":{\"@id\":\"https:\\\/\\\/willowtechgroup.com\\\/multi-vendor-network-support\\\/#breadcrumb\"},\"inLanguage\":\"de\",\"potentialAction\":[{\"@type\":\"ReadAction\",\"target\":[\"https:\\\/\\\/willowtechgroup.com\\\/multi-vendor-network-support\\\/\"]}]},{\"@type\":\"BreadcrumbList\",\"@id\":\"https:\\\/\\\/willowtechgroup.com\\\/multi-vendor-network-support\\\/#breadcrumb\",\"itemListElement\":[{\"@type\":\"ListItem\",\"position\":1,\"name\":\"Home\",\"item\":\"https:\\\/\\\/willowtechgroup.com\\\/\"},{\"@type\":\"ListItem\",\"position\":2,\"name\":\"Multi-Vendor Network Support\"}]},{\"@type\":\"WebSite\",\"@id\":\"https:\\\/\\\/willowtechgroup.com\\\/#website\",\"url\":\"https:\\\/\\\/willowtechgroup.com\\\/\",\"name\":\"WillowTech Group\",\"description\":\"IT Consultation &amp; Services\",\"publisher\":{\"@id\":\"https:\\\/\\\/willowtechgroup.com\\\/#organization\"},\"potentialAction\":[{\"@type\":\"SearchAction\",\"target\":{\"@type\":\"EntryPoint\",\"urlTemplate\":\"https:\\\/\\\/willowtechgroup.com\\\/?s={search_term_string}\"},\"query-input\":{\"@type\":\"PropertyValueSpecification\",\"valueRequired\":true,\"valueName\":\"search_term_string\"}}],\"inLanguage\":\"de\"},{\"@type\":\"Organization\",\"@id\":\"https:\\\/\\\/willowtechgroup.com\\\/#organization\",\"name\":\"WillowTech Group\",\"url\":\"https:\\\/\\\/willowtechgroup.com\\\/\",\"logo\":{\"@type\":\"ImageObject\",\"inLanguage\":\"de\",\"@id\":\"https:\\\/\\\/willowtechgroup.com\\\/#\\\/schema\\\/logo\\\/image\\\/\",\"url\":\"https:\\\/\\\/willowtechgroup.com\\\/wp-content\\\/uploads\\\/2018\\\/10\\\/Logo-290X70-3.svg\",\"contentUrl\":\"https:\\\/\\\/willowtechgroup.com\\\/wp-content\\\/uploads\\\/2018\\\/10\\\/Logo-290X70-3.svg\",\"width\":\"1024\",\"height\":\"1024\",\"caption\":\"WillowTech Group\"},\"image\":{\"@id\":\"https:\\\/\\\/willowtechgroup.com\\\/#\\\/schema\\\/logo\\\/image\\\/\"}}]}<\/script>\n<!-- \/ Yoast SEO plugin. -->","yoast_head_json":{"title":"Multi-Vendor Network Support - WillowTech Group","robots":{"index":"index","follow":"follow","max-snippet":"max-snippet:-1","max-image-preview":"max-image-preview:large","max-video-preview":"max-video-preview:-1"},"canonical":"https:\/\/willowtechgroup.com\/de\/multi-vendor-network-support\/","og_locale":"de_DE","og_type":"article","og_title":"Multi-Vendor Network Support - WillowTech Group","og_url":"https:\/\/willowtechgroup.com\/de\/multi-vendor-network-support\/","og_site_name":"WillowTech Group","article_modified_time":"2023-10-09T13:21:30+00:00","twitter_card":"summary_large_image","twitter_misc":{"Gesch\u00e4tzte Lesezeit":"8\u00a0Minuten"},"schema":{"@context":"https:\/\/schema.org","@graph":[{"@type":"WebPage","@id":"https:\/\/willowtechgroup.com\/multi-vendor-network-support\/","url":"https:\/\/willowtechgroup.com\/multi-vendor-network-support\/","name":"Multi-Vendor Network Support - WillowTech Group","isPartOf":{"@id":"https:\/\/willowtechgroup.com\/#website"},"datePublished":"2023-05-01T13:50:00+00:00","dateModified":"2023-10-09T13:21:30+00:00","breadcrumb":{"@id":"https:\/\/willowtechgroup.com\/multi-vendor-network-support\/#breadcrumb"},"inLanguage":"de","potentialAction":[{"@type":"ReadAction","target":["https:\/\/willowtechgroup.com\/multi-vendor-network-support\/"]}]},{"@type":"BreadcrumbList","@id":"https:\/\/willowtechgroup.com\/multi-vendor-network-support\/#breadcrumb","itemListElement":[{"@type":"ListItem","position":1,"name":"Home","item":"https:\/\/willowtechgroup.com\/"},{"@type":"ListItem","position":2,"name":"Multi-Vendor Network Support"}]},{"@type":"WebSite","@id":"https:\/\/willowtechgroup.com\/#website","url":"https:\/\/willowtechgroup.com\/","name":"WillowTech-Gruppe","description":"IT-Beratung &amp; Services","publisher":{"@id":"https:\/\/willowtechgroup.com\/#organization"},"potentialAction":[{"@type":"SearchAction","target":{"@type":"EntryPoint","urlTemplate":"https:\/\/willowtechgroup.com\/?s={search_term_string}"},"query-input":{"@type":"PropertyValueSpecification","valueRequired":true,"valueName":"search_term_string"}}],"inLanguage":"de"},{"@type":"Organization","@id":"https:\/\/willowtechgroup.com\/#organization","name":"WillowTech-Gruppe","url":"https:\/\/willowtechgroup.com\/","logo":{"@type":"ImageObject","inLanguage":"de","@id":"https:\/\/willowtechgroup.com\/#\/schema\/logo\/image\/","url":"https:\/\/willowtechgroup.com\/wp-content\/uploads\/2018\/10\/Logo-290X70-3.svg","contentUrl":"https:\/\/willowtechgroup.com\/wp-content\/uploads\/2018\/10\/Logo-290X70-3.svg","width":"1024","height":"1024","caption":"WillowTech Group"},"image":{"@id":"https:\/\/willowtechgroup.com\/#\/schema\/logo\/image\/"}}]}},"_links":{"self":[{"href":"https:\/\/willowtechgroup.com\/de\/wp-json\/wp\/v2\/pages\/3407","targetHints":{"allow":["GET"]}}],"collection":[{"href":"https:\/\/willowtechgroup.com\/de\/wp-json\/wp\/v2\/pages"}],"about":[{"href":"https:\/\/willowtechgroup.com\/de\/wp-json\/wp\/v2\/types\/page"}],"author":[{"embeddable":true,"href":"https:\/\/willowtechgroup.com\/de\/wp-json\/wp\/v2\/users\/1"}],"replies":[{"embeddable":true,"href":"https:\/\/willowtechgroup.com\/de\/wp-json\/wp\/v2\/comments?post=3407"}],"version-history":[{"count":0,"href":"https:\/\/willowtechgroup.com\/de\/wp-json\/wp\/v2\/pages\/3407\/revisions"}],"wp:attachment":[{"href":"https:\/\/willowtechgroup.com\/de\/wp-json\/wp\/v2\/media?parent=3407"}],"curies":[{"name":"wp","href":"https:\/\/api.w.org\/{rel}","templated":true}]}}