{"id":3602,"date":"2023-06-24T06:59:48","date_gmt":"2023-06-24T05:59:48","guid":{"rendered":"https:\/\/willowtechgroup.com\/?page_id=3602"},"modified":"2023-10-03T12:14:54","modified_gmt":"2023-10-03T11:14:54","slug":"onshore-professional-services","status":"publish","type":"page","link":"https:\/\/willowtechgroup.com\/de\/onshore-professional-services\/","title":{"rendered":"Onshore-Beratung"},"content":{"rendered":"<section class=\"wpb-content-wrapper\"><div id=\"tm-row-69e925af110ea\" data-vc-full-width=\"true\" data-vc-full-width-init=\"false\" class=\"vc_row vc_row-outer vc_row-fluid\"><div id=\"tm-column-69e925af11463\" class=\"wpb_column vc_column_container vc_col-sm-12\"><div class=\"vc_column-inner\"><div class=\"wpb_wrapper\">\n<div class=\"tm-heading  center tm-animation move-up\" id=\"tm-heading-69e925af11697\">\n\t<h2 class=\"heading\" ><mark>Onshore \u2013 Kompetenzzentrum<\/mark><\/h2><\/div>\n\n<div class=\"tm-spacer\" id=\"tm-spacer-69e925af11981\"><\/div>\n\n<div class=\"tm-heading mg-top-heading  center tm-animation move-up\" id=\"tm-heading-69e925af11a1d\">\n\t<div class=\"heading\" >Onshore bedeutet nicht, angestellt zu sein. Ein Onshore-Team kann immer noch ausgelagert werden, wodurch Sie viele M\u00f6glichkeiten haben<br \/>\nWir profitieren nicht nur von den Vorteilen des Outsourcings, sondern auch von den Vorteilen lokaler Experten.<\/div><\/div>\n\n<div class=\"tm-spacer\" id=\"tm-spacer-69e925af11ca0\"><\/div>\n<\/div><\/div><\/div><\/div><div class=\"vc_row-full-width vc_clearfix\"><\/div><div id=\"tm-row-69e925af11d96\" data-vc-full-width=\"true\" data-vc-full-width-init=\"false\" class=\"vc_row vc_row-outer vc_row-fluid\"><div id=\"tm-column-69e925af122bc\" class=\"wpb_column vc_column_container vc_col-sm-12\"><div class=\"vc_column-inner\"><div class=\"wpb_wrapper\"><div id=\"tm-row-inner-69e925af124e5\" class=\"vc_row vc_inner vc_row-fluid vc_row-o-equal-height vc_row-flex\"><div id=\"tm-column-inner-69e925af12727\" class=\"wpb_column vc_column_container vc_col-sm-6\"><div class=\"vc_column-inner\"><div class=\"wpb_wrapper\">\n<div class=\"tm-heading  left tm-animation move-up\" id=\"tm-heading-69e925af12924\">\n\t<h3 class=\"heading\" >Was bedeutet \u201eOnshore\u201c?<\/h3><\/div>\n\n\n<div class=\"tm-heading vc_custom_1689154828817  left tm-animation move-up\" id=\"tm-heading-69e925af12c16\">\n\t<div class=\"heading\" >Onshore-Teams m\u00fcssen nicht unbedingt in Ihren Gesch\u00e4ftsr\u00e4umen arbeiten, sind aber auf jeden Fall n\u00e4her als Nearshore- oder Offshore-Experten. Da sie im selben Land und in der gleichen Zeitzone wie Ihr Unternehmen ans\u00e4ssig sind, k\u00f6nnen sie schnell und effizient Technologieunterst\u00fctzung leisten, ohne sich \u00fcber unterschiedliche Zeitpl\u00e4ne Gedanken machen zu m\u00fcssen.<\/div><\/div>\n\n<\/div><\/div><\/div><div id=\"tm-column-inner-69e925af12f33\" class=\"wpb_column vc_column_container vc_col-sm-6\"><div class=\"vc_column-inner\"><div class=\"wpb_wrapper\"><div class=\"tm-spacer\" id=\"tm-spacer-69e925af1339d\"><\/div>\n<\/div><\/div><\/div><\/div><\/div><\/div><\/div><\/div><div class=\"vc_row-full-width vc_clearfix\"><\/div><div id=\"tm-row-69e925af134c7\" data-vc-full-width=\"true\" data-vc-full-width-init=\"false\" class=\"vc_row vc_row-outer vc_row-fluid\"><div id=\"tm-column-69e925af136dd\" class=\"wpb_column vc_column_container vc_col-sm-12\"><div class=\"vc_column-inner\"><div class=\"wpb_wrapper\">\n<div class=\"tm-heading  center tm-animation move-up\" id=\"tm-heading-69e925af138ca\">\n\t<h2 class=\"heading\" ><mark>Vorteile von Onshore-Entwicklungsteams<\/mark><\/h2><\/div>\n\n<div class=\"tm-spacer\" id=\"tm-spacer-69e925af13b50\"><\/div>\n<\/div><\/div><\/div><\/div><div class=\"vc_row-full-width vc_clearfix\"><\/div><div id=\"tm-row-69e925af13c34\" class=\"vc_row vc_row-outer vc_row-fluid\"><div id=\"tm-column-69e925af13e24\" class=\"wpb_column vc_column_container vc_col-sm-6\"><div class=\"vc_column-inner\"><div class=\"wpb_wrapper\"><div class=\"tm-box-icon  style-2 style-align-center tm-animation move-up\" id=\"tm-box-icon-69e925af13fc8\">\n\t\t<div class=\"content-wrap\">\n\n\t\t\t<div class=\"image\">\n\t\t\t<img decoding=\"async\" src=\"https:\/\/willowtechgroup.com\/wp-content\/uploads\/2023\/04\/Icon-1-2.svg\" alt=\"Icon 1 (2)\" \/>\t\t<\/div>\n\t\n\t\n\t<div class=\"content\">\n\t\t<div class=\"box-header\">\n\t\t\t\t\t<\/div>\n\n\t\t\n\t\t\t\t\t\t\t\t\t<ul class=\"box-icon-list\">\n\t\t\t\t\t<li><i class=\"fas fa-check\"><\/i>Greifen Sie auf einen gr\u00f6\u00dferen Talentpool zu, der es Ihnen erm\u00f6glicht, den Mangel an spezifischen technischen F\u00e4higkeiten zu \u00fcberwinden, der bei Ihrer Belegschaft m\u00f6glicherweise vorhanden ist. Die N\u00e4he zu einem Standort erm\u00f6glicht einfachere Reisen und pers\u00f6nliche\/virtuelle Besprechungen ohne Stress oder Verwirrung \u00fcber Zeitzonen<\/li>\n\t\t\t\t<\/ul>\n\t\t\t\t\t\t\t\t\t\t\t\t\t\t\t\t\t<ul class=\"box-icon-list\">\n\t\t\t\t\t<li><i class=\"fas fa-check\"><\/i>Besseres Verst\u00e4ndnis der Arbeit und der pers\u00f6nlichen Kultur Ihrer ausgelagerten Teams<\/li>\n\t\t\t\t<\/ul>\n\t\t\t\t\t\t\t\t\t\t\t\t\t\t\t\t\t<ul class=\"box-icon-list\">\n\t\t\t\t\t<li><i class=\"fas fa-check\"><\/i>Stellen Sie qualifizierte, erfahrene Experten f\u00fcr den t\u00e4glichen Betrieb oder f\u00fcr einmalige, spezifische Projekte ein<\/li>\n\t\t\t\t<\/ul>\n\t\t\t\t\t\t\t\t\t\t\t\t\t\t\t\t\t<ul class=\"box-icon-list\">\n\t\t\t\t\t<li><i class=\"fas fa-check\"><\/i>On-Demand-Zugriff auf Ihr eigenes, spezialisiertes IT-Team<\/li>\n\t\t\t\t<\/ul>\n\t\t\t\t\t\n\t\t\t<\/div>\n<\/div>\n<\/div>\n<\/div><\/div><\/div><div id=\"tm-column-69e925af150ec\" class=\"wpb_column vc_column_container vc_col-sm-6\"><div class=\"vc_column-inner\"><div class=\"wpb_wrapper\"><div class=\"tm-box-icon  style-2 style-align-center tm-animation move-up\" id=\"tm-box-icon-69e925af1529c\">\n\t\t<div class=\"content-wrap\">\n\n\t\t\t<div class=\"image\">\n\t\t\t<img decoding=\"async\" src=\"https:\/\/willowtechgroup.com\/wp-content\/uploads\/2023\/04\/Icon-6-.svg\" alt=\"Icon 6\" \/>\t\t<\/div>\n\t\n\t\n\t<div class=\"content\">\n\t\t<div class=\"box-header\">\n\t\t\t\t\t<\/div>\n\n\t\t\n\t\t\t\t\t\t\t\t\t<ul class=\"box-icon-list\">\n\t\t\t\t\t<li><i class=\"fas fa-check\"><\/i>Gr\u00f6\u00dfere Flexibilit\u00e4t bei der Skalierung Ihres Unternehmens<\/li>\n\t\t\t\t<\/ul>\n\t\t\t\t\t\t\t\t\t\t\t\t<ul class=\"box-icon-list\">\n\t\t\t\t\t<li><i class=\"fas fa-check\"><\/i>Beschleunigte Entwicklung und schneller Markteintritt<\/li>\n\t\t\t\t<\/ul>\n\t\t\t\t\t\t\t\t\t\t\t\t<ul class=\"box-icon-list\">\n\t\t\t\t\t<li><i class=\"fas fa-check\"><\/i>Sparen Sie Geld im Vergleich zur Einstellung Ihres eigenen Teams<\/li>\n\t\t\t\t<\/ul>\n\t\t\t\t\t\t\t\t\t\t\t\t<ul class=\"box-icon-list\">\n\t\t\t\t\t<li><i class=\"fas fa-check\"><\/i>Konzentrieren Sie sich weiterhin auf gesch\u00e4ftskritische Entscheidungen und sind Sie weniger in Ihre IT-Abl\u00e4ufe involviert<\/li>\n\t\t\t\t<\/ul>\n\t\t\t\t\t\t\t\t\t\t\t\t<ul class=\"box-icon-list\">\n\t\t\t\t\t<li><i class=\"fas fa-check\"><\/i>Bleiben Sie in Ihrer Branche wettbewerbsf\u00e4hig. Lagern Sie Ihr Unternehmen vollst\u00e4ndig aus oder stellen Sie ein Onshore-Team ein, um Ihre t\u00e4glichen F\u00e4higkeiten zu unterst\u00fctzen.<\/li>\n\t\t\t\t<\/ul>\n\t\t\t\t\t\n\t\t\t<\/div>\n<\/div>\n<\/div>\n<div class=\"tm-spacer\" id=\"tm-spacer-69e925af16178\"><\/div>\n<\/div><\/div><\/div><\/div><div id=\"tm-row-69e925af1629c\" data-vc-full-width=\"true\" data-vc-full-width-init=\"false\" data-vc-stretch-content=\"true\" class=\"vc_row vc_row-outer vc_row-fluid vc_row-o-content-middle vc_row-flex\"><div id=\"tm-column-69e925af164da\" class=\"wpb_column vc_column_container vc_col-sm-12\"><div class=\"vc_column-inner\"><div class=\"wpb_wrapper\">\n<div class=\"tm-heading modern-icon center tm-animation move-up\" id=\"tm-heading-69e925af166df\">\n\t<h4 class=\"heading\" >Nutzen Sie das Potenzial von Onshore-Technologieexperten, bew\u00e4ltigen Sie Ihre Entwicklungsherausforderungen effizient und liefern Sie herausragende Ergebnisse. Sprechen Sie noch heute mit uns \u00fcber unser Angebot an professionellen Onshore-Dienstleistungen.<\/h4><\/div>\n\n<\/div><\/div><\/div><\/div><div class=\"vc_row-full-width vc_clearfix\"><\/div>\n<\/section>","protected":false},"excerpt":{"rendered":"Onshore \u2013 Centre of Excellence Onshore bedeutet nicht, angestellt zu sein. Ein Onshore-Team kann dennoch ausgelagert werden, wodurch Sie viele der Vorteile des Outsourcings nutzen, aber auch die Vorteile lokaler Experten nutzen k\u00f6nnen. Was bedeutet \u201eOnshore\u201c? Onshore-Teams m\u00fcssen nicht unbedingt in Ihren Gesch\u00e4ftsr\u00e4umen arbeiten, sind aber auf jeden Fall n\u00e4her als Nearshore- oder Offshore-Experten. Sie sind im selben Land und in der gleichen Zeitzone wie Ihr Unternehmen ans\u00e4ssig und k\u00f6nnen schnell und effizient Technologieunterst\u00fctzung leisten, ohne sich \u00fcber unterschiedliche Zeitpl\u00e4ne Gedanken machen zu m\u00fcssen. Vorteile von Onshore-Entwicklungsteams: Zugriff auf einen gr\u00f6\u00dferen Talentpool, der es Ihnen erm\u00f6glicht, den Mangel an spezifischen technischen F\u00e4higkeiten zu \u00fcberwinden, der in Ihrer Belegschaft m\u00f6glicherweise vorhanden ist. Die N\u00e4he zu einem Standort erm\u00f6glicht einfachere Reisen und pers\u00f6nliche\/virtuelle Treffen ohne Stress oder Verwirrung Informationen zu Zeitzonen Besseres Verst\u00e4ndnis der Arbeit und der pers\u00f6nlichen Kultur Ihrer ausgelagerten Teams Stellen Sie qualifizierte, erfahrene Experten f\u00fcr den t\u00e4glichen Betrieb oder f\u00fcr einmalige spezifische Projekte ein On-Demand-Zugriff auf Ihr eigenes, spezialisiertes IT-Team Gr\u00f6\u00dfere Flexibilit\u00e4t bei der Skalierung Ihr Unternehmen Beschleunigte Entwicklung und schnellere Markteinf\u00fchrung Sparen Sie Geld im Vergleich zur Einstellung Ihres eigenen Teams Konzentrieren Sie sich weiterhin auf gesch\u00e4ftskritische Entscheidungen und sind Sie weniger in Ihre IT-Abl\u00e4ufe involviert Bleiben Sie in Ihrer Branche wettbewerbsf\u00e4hig Outsourcen Sie vollst\u00e4ndig aus oder stellen Sie ein Onshore-Team ein, um Sie bei der t\u00e4glichen Arbeit zu unterst\u00fctzen -Tagesfunktionen. Nutzen Sie das Potenzial von Onshore-Technologieexperten, bew\u00e4ltigen Sie Ihre Entwicklungsherausforderungen effizient und liefern Sie herausragende Ergebnisse. Sprechen Sie noch heute mit uns \u00fcber unser Angebot an professionellen Onshore-Dienstleistungen.","protected":false},"author":1,"featured_media":0,"parent":0,"menu_order":0,"comment_status":"closed","ping_status":"closed","template":"","meta":{"content-type":"","footnotes":""},"class_list":["post-3602","page","type-page","status-publish","hentry"],"yoast_head":"<!-- This site is optimized with the Yoast SEO plugin v27.4 - https:\/\/yoast.com\/product\/yoast-seo-wordpress\/ -->\n<title>Onshore Consulting - WillowTech Group<\/title>\n<meta name=\"robots\" content=\"index, follow, max-snippet:-1, max-image-preview:large, max-video-preview:-1\" \/>\n<link rel=\"canonical\" href=\"https:\/\/willowtechgroup.com\/de\/onshore-professional-services\/\" \/>\n<meta property=\"og:locale\" content=\"de_DE\" \/>\n<meta property=\"og:type\" content=\"article\" \/>\n<meta property=\"og:title\" content=\"Onshore Consulting - WillowTech Group\" \/>\n<meta property=\"og:url\" content=\"https:\/\/willowtechgroup.com\/de\/onshore-professional-services\/\" \/>\n<meta property=\"og:site_name\" content=\"WillowTech Group\" \/>\n<meta property=\"article:modified_time\" content=\"2023-10-03T11:14:54+00:00\" \/>\n<meta name=\"twitter:card\" content=\"summary_large_image\" \/>\n<meta name=\"twitter:label1\" content=\"Gesch\u00e4tzte Lesezeit\" \/>\n\t<meta name=\"twitter:data1\" content=\"3\u00a0Minuten\" \/>\n<script type=\"application\/ld+json\" class=\"yoast-schema-graph\">{\"@context\":\"https:\\\/\\\/schema.org\",\"@graph\":[{\"@type\":\"WebPage\",\"@id\":\"https:\\\/\\\/willowtechgroup.com\\\/onshore-professional-services\\\/\",\"url\":\"https:\\\/\\\/willowtechgroup.com\\\/onshore-professional-services\\\/\",\"name\":\"Onshore Consulting - WillowTech Group\",\"isPartOf\":{\"@id\":\"https:\\\/\\\/willowtechgroup.com\\\/#website\"},\"datePublished\":\"2023-06-24T05:59:48+00:00\",\"dateModified\":\"2023-10-03T11:14:54+00:00\",\"breadcrumb\":{\"@id\":\"https:\\\/\\\/willowtechgroup.com\\\/onshore-professional-services\\\/#breadcrumb\"},\"inLanguage\":\"de\",\"potentialAction\":[{\"@type\":\"ReadAction\",\"target\":[\"https:\\\/\\\/willowtechgroup.com\\\/onshore-professional-services\\\/\"]}]},{\"@type\":\"BreadcrumbList\",\"@id\":\"https:\\\/\\\/willowtechgroup.com\\\/onshore-professional-services\\\/#breadcrumb\",\"itemListElement\":[{\"@type\":\"ListItem\",\"position\":1,\"name\":\"Home\",\"item\":\"https:\\\/\\\/willowtechgroup.com\\\/\"},{\"@type\":\"ListItem\",\"position\":2,\"name\":\"Onshore Consulting\"}]},{\"@type\":\"WebSite\",\"@id\":\"https:\\\/\\\/willowtechgroup.com\\\/#website\",\"url\":\"https:\\\/\\\/willowtechgroup.com\\\/\",\"name\":\"WillowTech Group\",\"description\":\"IT Consultation &amp; Services\",\"publisher\":{\"@id\":\"https:\\\/\\\/willowtechgroup.com\\\/#organization\"},\"potentialAction\":[{\"@type\":\"SearchAction\",\"target\":{\"@type\":\"EntryPoint\",\"urlTemplate\":\"https:\\\/\\\/willowtechgroup.com\\\/?s={search_term_string}\"},\"query-input\":{\"@type\":\"PropertyValueSpecification\",\"valueRequired\":true,\"valueName\":\"search_term_string\"}}],\"inLanguage\":\"de\"},{\"@type\":\"Organization\",\"@id\":\"https:\\\/\\\/willowtechgroup.com\\\/#organization\",\"name\":\"WillowTech Group\",\"url\":\"https:\\\/\\\/willowtechgroup.com\\\/\",\"logo\":{\"@type\":\"ImageObject\",\"inLanguage\":\"de\",\"@id\":\"https:\\\/\\\/willowtechgroup.com\\\/#\\\/schema\\\/logo\\\/image\\\/\",\"url\":\"https:\\\/\\\/willowtechgroup.com\\\/wp-content\\\/uploads\\\/2018\\\/10\\\/Logo-290X70-3.svg\",\"contentUrl\":\"https:\\\/\\\/willowtechgroup.com\\\/wp-content\\\/uploads\\\/2018\\\/10\\\/Logo-290X70-3.svg\",\"width\":\"1024\",\"height\":\"1024\",\"caption\":\"WillowTech Group\"},\"image\":{\"@id\":\"https:\\\/\\\/willowtechgroup.com\\\/#\\\/schema\\\/logo\\\/image\\\/\"}}]}<\/script>\n<!-- \/ Yoast SEO plugin. -->","yoast_head_json":{"title":"Onshore Consulting - WillowTech Group","robots":{"index":"index","follow":"follow","max-snippet":"max-snippet:-1","max-image-preview":"max-image-preview:large","max-video-preview":"max-video-preview:-1"},"canonical":"https:\/\/willowtechgroup.com\/de\/onshore-professional-services\/","og_locale":"de_DE","og_type":"article","og_title":"Onshore Consulting - WillowTech Group","og_url":"https:\/\/willowtechgroup.com\/de\/onshore-professional-services\/","og_site_name":"WillowTech Group","article_modified_time":"2023-10-03T11:14:54+00:00","twitter_card":"summary_large_image","twitter_misc":{"Gesch\u00e4tzte Lesezeit":"3\u00a0Minuten"},"schema":{"@context":"https:\/\/schema.org","@graph":[{"@type":"WebPage","@id":"https:\/\/willowtechgroup.com\/onshore-professional-services\/","url":"https:\/\/willowtechgroup.com\/onshore-professional-services\/","name":"Onshore Consulting - WillowTech Group","isPartOf":{"@id":"https:\/\/willowtechgroup.com\/#website"},"datePublished":"2023-06-24T05:59:48+00:00","dateModified":"2023-10-03T11:14:54+00:00","breadcrumb":{"@id":"https:\/\/willowtechgroup.com\/onshore-professional-services\/#breadcrumb"},"inLanguage":"de","potentialAction":[{"@type":"ReadAction","target":["https:\/\/willowtechgroup.com\/onshore-professional-services\/"]}]},{"@type":"BreadcrumbList","@id":"https:\/\/willowtechgroup.com\/onshore-professional-services\/#breadcrumb","itemListElement":[{"@type":"ListItem","position":1,"name":"Home","item":"https:\/\/willowtechgroup.com\/"},{"@type":"ListItem","position":2,"name":"Onshore Consulting"}]},{"@type":"WebSite","@id":"https:\/\/willowtechgroup.com\/#website","url":"https:\/\/willowtechgroup.com\/","name":"WillowTech-Gruppe","description":"IT-Beratung &amp; Services","publisher":{"@id":"https:\/\/willowtechgroup.com\/#organization"},"potentialAction":[{"@type":"SearchAction","target":{"@type":"EntryPoint","urlTemplate":"https:\/\/willowtechgroup.com\/?s={search_term_string}"},"query-input":{"@type":"PropertyValueSpecification","valueRequired":true,"valueName":"search_term_string"}}],"inLanguage":"de"},{"@type":"Organization","@id":"https:\/\/willowtechgroup.com\/#organization","name":"WillowTech-Gruppe","url":"https:\/\/willowtechgroup.com\/","logo":{"@type":"ImageObject","inLanguage":"de","@id":"https:\/\/willowtechgroup.com\/#\/schema\/logo\/image\/","url":"https:\/\/willowtechgroup.com\/wp-content\/uploads\/2018\/10\/Logo-290X70-3.svg","contentUrl":"https:\/\/willowtechgroup.com\/wp-content\/uploads\/2018\/10\/Logo-290X70-3.svg","width":"1024","height":"1024","caption":"WillowTech Group"},"image":{"@id":"https:\/\/willowtechgroup.com\/#\/schema\/logo\/image\/"}}]}},"_links":{"self":[{"href":"https:\/\/willowtechgroup.com\/de\/wp-json\/wp\/v2\/pages\/3602","targetHints":{"allow":["GET"]}}],"collection":[{"href":"https:\/\/willowtechgroup.com\/de\/wp-json\/wp\/v2\/pages"}],"about":[{"href":"https:\/\/willowtechgroup.com\/de\/wp-json\/wp\/v2\/types\/page"}],"author":[{"embeddable":true,"href":"https:\/\/willowtechgroup.com\/de\/wp-json\/wp\/v2\/users\/1"}],"replies":[{"embeddable":true,"href":"https:\/\/willowtechgroup.com\/de\/wp-json\/wp\/v2\/comments?post=3602"}],"version-history":[{"count":0,"href":"https:\/\/willowtechgroup.com\/de\/wp-json\/wp\/v2\/pages\/3602\/revisions"}],"wp:attachment":[{"href":"https:\/\/willowtechgroup.com\/de\/wp-json\/wp\/v2\/media?parent=3602"}],"curies":[{"name":"wp","href":"https:\/\/api.w.org\/{rel}","templated":true}]}}