{"id":3616,"date":"2023-06-24T08:00:27","date_gmt":"2023-06-24T07:00:27","guid":{"rendered":"https:\/\/willowtechgroup.com\/?page_id=3616"},"modified":"2023-10-03T12:13:53","modified_gmt":"2023-10-03T11:13:53","slug":"nearshore-professional-services","status":"publish","type":"page","link":"https:\/\/willowtechgroup.com\/de\/nearshore-professional-services\/","title":{"rendered":"Nearshore-Beratung"},"content":{"rendered":"<section class=\"wpb-content-wrapper\"><div id=\"tm-row-69d72159a150a\" data-vc-full-width=\"true\" data-vc-full-width-init=\"false\" class=\"vc_row vc_row-outer vc_row-fluid\"><div id=\"tm-column-69d72159a185f\" class=\"wpb_column vc_column_container vc_col-sm-12\"><div class=\"vc_column-inner\"><div class=\"wpb_wrapper\">\n<div class=\"tm-heading  center tm-animation move-up\" id=\"tm-heading-69d72159a1a76\">\n\t<h2 class=\"heading\" ><mark>Nearshore \u2013 Kompetenzzentrum<\/mark><\/h2><\/div>\n\n<div class=\"tm-spacer\" id=\"tm-spacer-69d72159a1d21\"><\/div>\n\n<div class=\"tm-heading mg-top-heading  center tm-animation move-up\" id=\"tm-heading-69d72159a1db9\">\n\t<div class=\"heading\" >Nearshore-Teams schlie\u00dfen die L\u00fccke zwischen Offshore- und Onshore-Teams und bieten modernen Technologieunternehmen die M\u00f6glichkeit, ihren Talentpool zu erweitern, jedoch nicht auf Kosten sehr unterschiedlicher Zeitzonen und potenzieller kultureller Unterschiede.<\/div><\/div>\n\n<div class=\"tm-spacer\" id=\"tm-spacer-69d72159a2095\"><\/div>\n<\/div><\/div><\/div><\/div><div class=\"vc_row-full-width vc_clearfix\"><\/div><div id=\"tm-row-69d72159a2193\" data-vc-full-width=\"true\" data-vc-full-width-init=\"false\" class=\"vc_row vc_row-outer vc_row-fluid\"><div id=\"tm-column-69d72159a267e\" class=\"wpb_column vc_column_container vc_col-sm-12\"><div class=\"vc_column-inner\"><div class=\"wpb_wrapper\"><div id=\"tm-row-inner-69d72159a28a0\" class=\"vc_row vc_inner vc_row-fluid vc_row-o-equal-height vc_row-flex\"><div id=\"tm-column-inner-69d72159a2ac3\" class=\"wpb_column vc_column_container vc_col-sm-6\"><div class=\"vc_column-inner\"><div class=\"wpb_wrapper\">\n<div class=\"tm-heading  left tm-animation move-up\" id=\"tm-heading-69d72159a2c92\">\n\t<h3 class=\"heading\" >Was bedeutet \u201enearshore\u201c?<\/h3><\/div>\n\n\n<div class=\"tm-heading vc_custom_1687590120680  left tm-animation move-up\" id=\"tm-heading-69d72159a2f90\">\n\t<div class=\"heading\" >Um auf h\u00f6chstem Niveau zu agieren, brauchen Sie die allerbesten Leute in Ihren Teams. Leider befinden sich die qualifiziertesten und erfahrensten Mitarbeiter nicht immer in der N\u00e4he Ihres Unternehmens. Wie ein Offshore-Team hat auch ein Nearshore-Entwicklungsteam seinen Sitz in einem anderen Land, jedoch normalerweise in derselben oder einer viel n\u00e4heren Zeitzone.<\/div><\/div>\n\n<\/div><\/div><\/div><div id=\"tm-column-inner-69d72159a32ce\" class=\"wpb_column vc_column_container vc_col-sm-6\"><div class=\"vc_column-inner\"><div class=\"wpb_wrapper\"><div class=\"tm-spacer\" id=\"tm-spacer-69d72159a36e9\"><\/div>\n<\/div><\/div><\/div><\/div><\/div><\/div><\/div><\/div><div class=\"vc_row-full-width vc_clearfix\"><\/div><div id=\"tm-row-69d72159a3809\" data-vc-full-width=\"true\" data-vc-full-width-init=\"false\" class=\"vc_row vc_row-outer vc_row-fluid\"><div id=\"tm-column-69d72159a3a00\" class=\"wpb_column vc_column_container vc_col-sm-12\"><div class=\"vc_column-inner\"><div class=\"wpb_wrapper\">\n<div class=\"tm-heading  center tm-animation move-up\" id=\"tm-heading-69d72159a3bc0\">\n\t<h2 class=\"heading\" ><mark>Vorteile von Nearshore-Entwicklungsteams<\/mark><\/h2><\/div>\n\n<div class=\"tm-spacer\" id=\"tm-spacer-69d72159a3e55\"><\/div>\n<\/div><\/div><\/div><\/div><div class=\"vc_row-full-width vc_clearfix\"><\/div><div id=\"tm-row-69d72159a3f2f\" class=\"vc_row vc_row-outer vc_row-fluid\"><div id=\"tm-column-69d72159a41ad\" class=\"wpb_column vc_column_container vc_col-sm-6\"><div class=\"vc_column-inner\"><div class=\"wpb_wrapper\"><div class=\"tm-box-icon  style-2 style-align-center tm-animation move-up\" id=\"tm-box-icon-69d72159a4365\">\n\t\t<div class=\"content-wrap\">\n\n\t\t\t<div class=\"image\">\n\t\t\t<img decoding=\"async\" src=\"https:\/\/willowtechgroup.com\/wp-content\/uploads\/2023\/05\/Icon-39.svg\" alt=\"Icon 39\" \/>\t\t<\/div>\n\t\n\t\n\t<div class=\"content\">\n\t\t<div class=\"box-header\">\n\t\t\t\t\t<\/div>\n\n\t\t\n\t\t\t\t\t\t\t\t\t<ul class=\"box-icon-list\">\n\t\t\t\t\t<li><i class=\"fas fa-check\"><\/i>Greifen Sie auf einen gr\u00f6\u00dferen Talentpool zu und k\u00f6nnen Sie so den Mangel an spezifischen technischen F\u00e4higkeiten \u00fcberwinden, der in Ihrer unmittelbaren Umgebung m\u00f6glicherweise vorhanden ist<\/li>\n\t\t\t\t<\/ul>\n\t\t\t\t\t\t\t\t\t\t\t\t<ul class=\"box-icon-list\">\n\t\t\t\t\t<li><i class=\"fas fa-check\"><\/i>Der Standort in der N\u00e4he eines Standorts erm\u00f6glicht einfacheres Reisen, pers\u00f6nliche Treffen und ein besseres Verst\u00e4ndnis kultureller Nuancen, die sich auf Arbeitsbeziehungen auswirken k\u00f6nnen<\/li>\n\t\t\t\t<\/ul>\n\t\t\t\t\t\t\t\t\t\t\t\t<ul class=\"box-icon-list\">\n\t\t\t\t\t<li><i class=\"fas fa-check\"><\/i>Machen Sie sich keine Sorgen \u00fcber die Verwaltung verschiedener Zeitzonen f\u00fcr Ihr Projekt<\/li>\n\t\t\t\t<\/ul>\n\t\t\t\t\t\t\t\t\t\t\t\t<ul class=\"box-icon-list\">\n\t\t\t\t\t<li><i class=\"fas fa-check\"><\/i>Stellen Sie qualifizierte, erfahrene Experten f\u00fcr den t\u00e4glichen Betrieb oder f\u00fcr einmalige, spezifische Projekte ein<\/li>\n\t\t\t\t<\/ul>\n\t\t\t\t\t\n\t\t\t<\/div>\n<\/div>\n<\/div>\n<\/div><\/div><\/div><div id=\"tm-column-69d72159a5380\" class=\"wpb_column vc_column_container vc_col-sm-6\"><div class=\"vc_column-inner\"><div class=\"wpb_wrapper\"><div class=\"tm-box-icon  style-2 style-align-center tm-animation move-up\" id=\"tm-box-icon-69d72159a551f\">\n\t\t<div class=\"content-wrap\">\n\n\t\t\t<div class=\"image\">\n\t\t\t<img decoding=\"async\" src=\"https:\/\/willowtechgroup.com\/wp-content\/uploads\/2023\/05\/Icon-34.svg\" alt=\"Icon 34\" \/>\t\t<\/div>\n\t\n\t\n\t<div class=\"content\">\n\t\t<div class=\"box-header\">\n\t\t\t\t\t<\/div>\n\n\t\t\n\t\t\t\t\t\t\t\t\t<ul class=\"box-icon-list\">\n\t\t\t\t\t<li><i class=\"fas fa-check\"><\/i>On-Demand-Zugriff auf Ihr eigenes, spezialisiertes IT-Team<\/li>\n\t\t\t\t<\/ul>\n\t\t\t\t\t\t\t\t\t\t\t\t<ul class=\"box-icon-list\">\n\t\t\t\t\t<li><i class=\"fas fa-check\"><\/i>Gr\u00f6\u00dfere Flexibilit\u00e4t bei der Skalierung Ihres Unternehmens<\/li>\n\t\t\t\t<\/ul>\n\t\t\t\t\t\t\t\t\t\t\t\t<ul class=\"box-icon-list\">\n\t\t\t\t\t<li><i class=\"fas fa-check\"><\/i>Beschleunigte Entwicklung und schneller Markteintritt<\/li>\n\t\t\t\t<\/ul>\n\t\t\t\t\t\t\t\t\t\t\t\t<ul class=\"box-icon-list\">\n\t\t\t\t\t<li><i class=\"fas fa-check\"><\/i>Sparen Sie Geld im Vergleich zum Onshore-Outsourcing<\/li>\n\t\t\t\t<\/ul>\n\t\t\t\t\t\t\t\t\t\t\t\t<ul class=\"box-icon-list\">\n\t\t\t\t\t<li><i class=\"fas fa-check\"><\/i>Konzentrieren Sie sich auf gesch\u00e4ftskritische Entscheidungen und sind Sie weniger in Ihre IT-Abl\u00e4ufe involviert<\/li>\n\t\t\t\t<\/ul>\n\t\t\t\t\t\t\t\t\t\t\t\t<ul class=\"box-icon-list\">\n\t\t\t\t\t<li><i class=\"fas fa-check\"><\/i>Bleiben Sie in Ihrer Branche wettbewerbsf\u00e4hig. Lagern Sie Ihr Unternehmen vollst\u00e4ndig aus oder beauftragen Sie ein Nearshore-Team, um Ihre t\u00e4glichen F\u00e4higkeiten zu unterst\u00fctzen.<\/li>\n\t\t\t\t<\/ul>\n\t\t\t\t\t\n\t\t\t<\/div>\n<\/div>\n<\/div>\n<\/div><\/div><\/div><\/div><div id=\"tm-row-69d72159a64a2\" data-vc-full-width=\"true\" data-vc-full-width-init=\"false\" data-vc-stretch-content=\"true\" class=\"vc_row vc_row-outer vc_row-fluid vc_row-o-content-middle vc_row-flex\"><div id=\"tm-column-69d72159a66a4\" class=\"wpb_column vc_column_container vc_col-sm-12\"><div class=\"vc_column-inner\"><div class=\"wpb_wrapper\">\n<div class=\"tm-heading modern-icon center tm-animation move-up\" id=\"tm-heading-69d72159a686f\">\n\t<h4 class=\"heading\" >Nutzen Sie das Potenzial von Nearshore-Technologieexperten, bew\u00e4ltigen Sie Ihre Entwicklungsherausforderungen effizient und liefern Sie herausragende Ergebnisse. Sprechen Sie noch heute mit uns \u00fcber unser professionelles Nearshore-Dienstleistungsangebot.<\/h4><\/div>\n\n<\/div><\/div><\/div><\/div><div class=\"vc_row-full-width vc_clearfix\"><\/div>\n<\/section>","protected":false},"excerpt":{"rendered":"Nearshore \u2013 Center of Excellence Nearshore-Teams schlie\u00dfen die L\u00fccke zwischen Offshore- und Onshore-Teams und geben modernen Technologieunternehmen die M\u00f6glichkeit, ihren Talentpool zu erweitern, jedoch nicht auf Kosten sehr unterschiedlicher Zeitzonen und potenzieller kultureller Unterschiede. Was bedeutet \u201enearshore\u201c? Um auf h\u00f6chstem Niveau zu agieren, brauchen Sie die allerbesten Leute in Ihren Teams. Leider befinden sich die qualifiziertesten und erfahrensten Mitarbeiter nicht immer in der N\u00e4he Ihres Unternehmens. Wie ein Offshore-Team hat auch ein Nearshore-Entwicklungsteam seinen Sitz in einem anderen Land, jedoch normalerweise in derselben oder einer viel n\u00e4heren Zeitzone. Vorteile von Nearshore-Entwicklungsteams: Zugriff auf einen gr\u00f6\u00dferen Talentpool, der es Ihnen erm\u00f6glicht, den Mangel an spezifischen technischen F\u00e4higkeiten zu \u00fcberwinden, der in Ihrer unmittelbaren Umgebung m\u00f6glicherweise vorhanden ist. Die N\u00e4he zu einem Standort erm\u00f6glicht einfachere Reisen, pers\u00f6nliche Treffen und ein besseres Verst\u00e4ndnis der Kultur Nuancen, die sich auf die Arbeitsbeziehungen auswirken k\u00f6nnen. Machen Sie sich keine Sorgen \u00fcber die Verwaltung verschiedener Zeitzonen f\u00fcr Ihr Projekt. Stellen Sie qualifizierte, erfahrene Experten f\u00fcr den t\u00e4glichen Betrieb oder f\u00fcr einmalige spezifische Projekte ein. Zugriff auf Ihr eigenes, spezialisiertes IT-Team bei Bedarf. Gr\u00f6\u00dfere Flexibilit\u00e4t, wenn es darum geht kommt es auf die Skalierung Ihres Unternehmens an. Beschleunigte Entwicklung und schneller Markteintritt. Sparen Sie Geld im Vergleich zum Onshore-Outsourcing. Konzentrieren Sie sich auf gesch\u00e4ftskritische Entscheidungen und sind Sie weniger in Ihre IT-Abl\u00e4ufe eingebunden. Bleiben Sie in Ihrer Branche wettbewerbsf\u00e4hig. Outsourcen Sie vollst\u00e4ndig aus oder stellen Sie ein Nearshore-Team ein, um Ihre t\u00e4glichen Aufgaben zu unterst\u00fctzen. heutigen F\u00e4higkeiten. Nutzen Sie das Potenzial von Nearshore-Technologieexperten, bew\u00e4ltigen Sie Ihre Entwicklungsherausforderungen effizient und liefern Sie herausragende Ergebnisse. Sprechen Sie noch heute mit uns \u00fcber unser professionelles Nearshore-Dienstleistungsangebot.","protected":false},"author":1,"featured_media":0,"parent":0,"menu_order":0,"comment_status":"closed","ping_status":"closed","template":"","meta":{"content-type":"","footnotes":""},"class_list":["post-3616","page","type-page","status-publish","hentry"],"yoast_head":"<!-- This site is optimized with the Yoast SEO plugin v27.3 - https:\/\/yoast.com\/product\/yoast-seo-wordpress\/ -->\n<title>Nearshore Consulting - WillowTech Group<\/title>\n<meta name=\"robots\" content=\"index, follow, max-snippet:-1, max-image-preview:large, max-video-preview:-1\" \/>\n<link rel=\"canonical\" href=\"https:\/\/willowtechgroup.com\/de\/nearshore-professional-services\/\" \/>\n<meta property=\"og:locale\" content=\"de_DE\" \/>\n<meta property=\"og:type\" content=\"article\" \/>\n<meta property=\"og:title\" content=\"Nearshore Consulting - WillowTech Group\" \/>\n<meta property=\"og:url\" content=\"https:\/\/willowtechgroup.com\/de\/nearshore-professional-services\/\" \/>\n<meta property=\"og:site_name\" content=\"WillowTech Group\" \/>\n<meta property=\"article:modified_time\" content=\"2023-10-03T11:13:53+00:00\" \/>\n<meta name=\"twitter:card\" content=\"summary_large_image\" \/>\n<meta name=\"twitter:label1\" content=\"Gesch\u00e4tzte Lesezeit\" \/>\n\t<meta name=\"twitter:data1\" content=\"3\u00a0Minuten\" \/>\n<script type=\"application\/ld+json\" class=\"yoast-schema-graph\">{\"@context\":\"https:\\\/\\\/schema.org\",\"@graph\":[{\"@type\":\"WebPage\",\"@id\":\"https:\\\/\\\/willowtechgroup.com\\\/nearshore-professional-services\\\/\",\"url\":\"https:\\\/\\\/willowtechgroup.com\\\/nearshore-professional-services\\\/\",\"name\":\"Nearshore Consulting - WillowTech Group\",\"isPartOf\":{\"@id\":\"https:\\\/\\\/willowtechgroup.com\\\/#website\"},\"datePublished\":\"2023-06-24T07:00:27+00:00\",\"dateModified\":\"2023-10-03T11:13:53+00:00\",\"breadcrumb\":{\"@id\":\"https:\\\/\\\/willowtechgroup.com\\\/nearshore-professional-services\\\/#breadcrumb\"},\"inLanguage\":\"de\",\"potentialAction\":[{\"@type\":\"ReadAction\",\"target\":[\"https:\\\/\\\/willowtechgroup.com\\\/nearshore-professional-services\\\/\"]}]},{\"@type\":\"BreadcrumbList\",\"@id\":\"https:\\\/\\\/willowtechgroup.com\\\/nearshore-professional-services\\\/#breadcrumb\",\"itemListElement\":[{\"@type\":\"ListItem\",\"position\":1,\"name\":\"Home\",\"item\":\"https:\\\/\\\/willowtechgroup.com\\\/\"},{\"@type\":\"ListItem\",\"position\":2,\"name\":\"Nearshore Consulting\"}]},{\"@type\":\"WebSite\",\"@id\":\"https:\\\/\\\/willowtechgroup.com\\\/#website\",\"url\":\"https:\\\/\\\/willowtechgroup.com\\\/\",\"name\":\"WillowTech Group\",\"description\":\"IT Consultation &amp; Services\",\"publisher\":{\"@id\":\"https:\\\/\\\/willowtechgroup.com\\\/#organization\"},\"potentialAction\":[{\"@type\":\"SearchAction\",\"target\":{\"@type\":\"EntryPoint\",\"urlTemplate\":\"https:\\\/\\\/willowtechgroup.com\\\/?s={search_term_string}\"},\"query-input\":{\"@type\":\"PropertyValueSpecification\",\"valueRequired\":true,\"valueName\":\"search_term_string\"}}],\"inLanguage\":\"de\"},{\"@type\":\"Organization\",\"@id\":\"https:\\\/\\\/willowtechgroup.com\\\/#organization\",\"name\":\"WillowTech Group\",\"url\":\"https:\\\/\\\/willowtechgroup.com\\\/\",\"logo\":{\"@type\":\"ImageObject\",\"inLanguage\":\"de\",\"@id\":\"https:\\\/\\\/willowtechgroup.com\\\/#\\\/schema\\\/logo\\\/image\\\/\",\"url\":\"https:\\\/\\\/willowtechgroup.com\\\/wp-content\\\/uploads\\\/2018\\\/10\\\/Logo-290X70-3.svg\",\"contentUrl\":\"https:\\\/\\\/willowtechgroup.com\\\/wp-content\\\/uploads\\\/2018\\\/10\\\/Logo-290X70-3.svg\",\"width\":\"1024\",\"height\":\"1024\",\"caption\":\"WillowTech Group\"},\"image\":{\"@id\":\"https:\\\/\\\/willowtechgroup.com\\\/#\\\/schema\\\/logo\\\/image\\\/\"}}]}<\/script>\n<!-- \/ Yoast SEO plugin. -->","yoast_head_json":{"title":"Nearshore Consulting - WillowTech Group","robots":{"index":"index","follow":"follow","max-snippet":"max-snippet:-1","max-image-preview":"max-image-preview:large","max-video-preview":"max-video-preview:-1"},"canonical":"https:\/\/willowtechgroup.com\/de\/nearshore-professional-services\/","og_locale":"de_DE","og_type":"article","og_title":"Nearshore Consulting - WillowTech Group","og_url":"https:\/\/willowtechgroup.com\/de\/nearshore-professional-services\/","og_site_name":"WillowTech Group","article_modified_time":"2023-10-03T11:13:53+00:00","twitter_card":"summary_large_image","twitter_misc":{"Gesch\u00e4tzte Lesezeit":"3\u00a0Minuten"},"schema":{"@context":"https:\/\/schema.org","@graph":[{"@type":"WebPage","@id":"https:\/\/willowtechgroup.com\/nearshore-professional-services\/","url":"https:\/\/willowtechgroup.com\/nearshore-professional-services\/","name":"Nearshore Consulting - WillowTech Group","isPartOf":{"@id":"https:\/\/willowtechgroup.com\/#website"},"datePublished":"2023-06-24T07:00:27+00:00","dateModified":"2023-10-03T11:13:53+00:00","breadcrumb":{"@id":"https:\/\/willowtechgroup.com\/nearshore-professional-services\/#breadcrumb"},"inLanguage":"de","potentialAction":[{"@type":"ReadAction","target":["https:\/\/willowtechgroup.com\/nearshore-professional-services\/"]}]},{"@type":"BreadcrumbList","@id":"https:\/\/willowtechgroup.com\/nearshore-professional-services\/#breadcrumb","itemListElement":[{"@type":"ListItem","position":1,"name":"Home","item":"https:\/\/willowtechgroup.com\/"},{"@type":"ListItem","position":2,"name":"Nearshore Consulting"}]},{"@type":"WebSite","@id":"https:\/\/willowtechgroup.com\/#website","url":"https:\/\/willowtechgroup.com\/","name":"WillowTech-Gruppe","description":"IT-Beratung &amp; Services","publisher":{"@id":"https:\/\/willowtechgroup.com\/#organization"},"potentialAction":[{"@type":"SearchAction","target":{"@type":"EntryPoint","urlTemplate":"https:\/\/willowtechgroup.com\/?s={search_term_string}"},"query-input":{"@type":"PropertyValueSpecification","valueRequired":true,"valueName":"search_term_string"}}],"inLanguage":"de"},{"@type":"Organization","@id":"https:\/\/willowtechgroup.com\/#organization","name":"WillowTech-Gruppe","url":"https:\/\/willowtechgroup.com\/","logo":{"@type":"ImageObject","inLanguage":"de","@id":"https:\/\/willowtechgroup.com\/#\/schema\/logo\/image\/","url":"https:\/\/willowtechgroup.com\/wp-content\/uploads\/2018\/10\/Logo-290X70-3.svg","contentUrl":"https:\/\/willowtechgroup.com\/wp-content\/uploads\/2018\/10\/Logo-290X70-3.svg","width":"1024","height":"1024","caption":"WillowTech Group"},"image":{"@id":"https:\/\/willowtechgroup.com\/#\/schema\/logo\/image\/"}}]}},"_links":{"self":[{"href":"https:\/\/willowtechgroup.com\/de\/wp-json\/wp\/v2\/pages\/3616","targetHints":{"allow":["GET"]}}],"collection":[{"href":"https:\/\/willowtechgroup.com\/de\/wp-json\/wp\/v2\/pages"}],"about":[{"href":"https:\/\/willowtechgroup.com\/de\/wp-json\/wp\/v2\/types\/page"}],"author":[{"embeddable":true,"href":"https:\/\/willowtechgroup.com\/de\/wp-json\/wp\/v2\/users\/1"}],"replies":[{"embeddable":true,"href":"https:\/\/willowtechgroup.com\/de\/wp-json\/wp\/v2\/comments?post=3616"}],"version-history":[{"count":0,"href":"https:\/\/willowtechgroup.com\/de\/wp-json\/wp\/v2\/pages\/3616\/revisions"}],"wp:attachment":[{"href":"https:\/\/willowtechgroup.com\/de\/wp-json\/wp\/v2\/media?parent=3616"}],"curies":[{"name":"wp","href":"https:\/\/api.w.org\/{rel}","templated":true}]}}