{"id":3620,"date":"2023-06-24T08:17:49","date_gmt":"2023-06-24T07:17:49","guid":{"rendered":"https:\/\/willowtechgroup.com\/?page_id=3620"},"modified":"2023-10-03T12:15:56","modified_gmt":"2023-10-03T11:15:56","slug":"offshore-professional-services","status":"publish","type":"page","link":"https:\/\/willowtechgroup.com\/de\/offshore-professional-services\/","title":{"rendered":"Offshore-Beratung"},"content":{"rendered":"<section class=\"wpb-content-wrapper\"><div id=\"tm-row-69f3720feba1f\" data-vc-full-width=\"true\" data-vc-full-width-init=\"false\" class=\"vc_row vc_row-outer vc_row-fluid\"><div id=\"tm-column-69f3720febfc9\" class=\"wpb_column vc_column_container vc_col-sm-12\"><div class=\"vc_column-inner\"><div class=\"wpb_wrapper\">\n<div class=\"tm-heading  center tm-animation move-up\" id=\"tm-heading-69f3720fec41a\">\n\t<h2 class=\"heading\" ><mark>Offshore - Kompetenzzentrum<\/mark><\/h2><\/div>\n\n<div class=\"tm-spacer\" id=\"tm-spacer-69f3720fec920\"><\/div>\n\n<div class=\"tm-heading mg-top-heading  center tm-animation move-up\" id=\"tm-heading-69f3720feca0d\">\n\t<div class=\"heading\" >Offshore-Teams sind eine wertvolle Bereicherung f\u00fcr moderne Technologieunternehmen, die globale Talente, Technologietools und Plattformen nutzen m\u00f6chten, aber kein permanentes Team auf oder in der N\u00e4he ihres Gesch\u00e4ftsgel\u00e4ndes w\u00fcnschen oder ben\u00f6tigen.<\/div><\/div>\n\n<div class=\"tm-spacer\" id=\"tm-spacer-69f3720fecef9\"><\/div>\n<\/div><\/div><\/div><\/div><div class=\"vc_row-full-width vc_clearfix\"><\/div><div id=\"tm-row-69f3720fed0ab\" data-vc-full-width=\"true\" data-vc-full-width-init=\"false\" class=\"vc_row vc_row-outer vc_row-fluid\"><div id=\"tm-column-69f3720fed857\" class=\"wpb_column vc_column_container vc_col-sm-12\"><div class=\"vc_column-inner\"><div class=\"wpb_wrapper\"><div id=\"tm-row-inner-69f3720fedd1c\" class=\"vc_row vc_inner vc_row-fluid vc_row-o-equal-height vc_row-flex\"><div id=\"tm-column-inner-69f3720fee1df\" class=\"wpb_column vc_column_container vc_col-sm-6\"><div class=\"vc_column-inner\"><div class=\"wpb_wrapper\">\n<div class=\"tm-heading  left tm-animation move-up\" id=\"tm-heading-69f3720fee599\">\n\t<h3 class=\"heading\" >Was bedeutet \u201eOffshore\u201c?<\/h3><\/div>\n\n\n<div class=\"tm-heading vc_custom_1687599561383  left tm-animation move-up\" id=\"tm-heading-69f3720feeb7b\">\n\t<div class=\"heading\" >Wenn es ums Gesch\u00e4ft geht, wollen Sie das Beste in Ihrem Team, aber manchmal sind die besten Talente nicht direkt vor Ihrer Haust\u00fcr. Ein Offshore-Entwicklungsteam hat seinen Sitz in einem anderen Land mit einer anderen Zeitzone. Ein Offshore-Team arbeitet remote und virtuell, was bedeutet, dass Ihr Unternehmen von den qualifiziertesten, erfahrensten und talentiertesten Ingenieuren der Welt profitieren kann, ohne sich die M\u00fche und den Aufwand machen zu m\u00fcssen, sie einzustellen und zu halten.<\/div><\/div>\n\n<\/div><\/div><\/div><div id=\"tm-column-inner-69f3720fef1c9\" class=\"wpb_column vc_column_container vc_col-sm-6\"><div class=\"vc_column-inner\"><div class=\"wpb_wrapper\"><div class=\"tm-spacer\" id=\"tm-spacer-69f3720fef7cf\"><\/div>\n<\/div><\/div><\/div><\/div><\/div><\/div><\/div><\/div><div class=\"vc_row-full-width vc_clearfix\"><\/div><div id=\"tm-row-69f3720fef9ed\" data-vc-full-width=\"true\" data-vc-full-width-init=\"false\" class=\"vc_row vc_row-outer vc_row-fluid\"><div id=\"tm-column-69f3720fefddc\" class=\"wpb_column vc_column_container vc_col-sm-12\"><div class=\"vc_column-inner\"><div class=\"wpb_wrapper\">\n<div class=\"tm-heading  center tm-animation move-up\" id=\"tm-heading-69f3720ff0146\">\n\t<h2 class=\"heading\" ><mark>Vorteile von Offshore-Entwicklungsteams<\/mark><\/h2><\/div>\n\n<div class=\"tm-spacer\" id=\"tm-spacer-69f3720ff066c\"><\/div>\n<\/div><\/div><\/div><\/div><div class=\"vc_row-full-width vc_clearfix\"><\/div><div id=\"tm-row-69f3720ff07f3\" class=\"vc_row vc_row-outer vc_row-fluid\"><div id=\"tm-column-69f3720ff0be4\" class=\"wpb_column vc_column_container vc_col-sm-6\"><div class=\"vc_column-inner\"><div class=\"wpb_wrapper\"><div class=\"tm-box-icon  style-2 style-align-center tm-animation move-up\" id=\"tm-box-icon-69f3720ff0f75\">\n\t\t<div class=\"content-wrap\">\n\n\t\t\t<div class=\"image\">\n\t\t\t<img decoding=\"async\" src=\"https:\/\/willowtechgroup.com\/wp-content\/uploads\/2023\/05\/Icon-35.svg\" alt=\"Icon 35\" \/>\t\t<\/div>\n\t\n\t\n\t<div class=\"content\">\n\t\t<div class=\"box-header\">\n\t\t\t\t\t<\/div>\n\n\t\t\n\t\t\t\t\t\t\t\t\t<ul class=\"box-icon-list\">\n\t\t\t\t\t<li><i class=\"fas fa-check\"><\/i>Greifen Sie auf einen globalen Talentpool zu, der es Ihnen erm\u00f6glicht, den Mangel an spezifischen technischen F\u00e4higkeiten zu \u00fcberwinden, der in Ihrem Bereich m\u00f6glicherweise vorhanden ist<\/li>\n\t\t\t\t<\/ul>\n\t\t\t\t\t\t\t\t\t\t\t\t<ul class=\"box-icon-list\">\n\t\t\t\t\t<li><i class=\"fas fa-check\"><\/i>Stellen Sie qualifizierte, erfahrene Experten f\u00fcr allgemeine oder spezifische Projekte ein<\/li>\n\t\t\t\t<\/ul>\n\t\t\t\t\t\t\t\t\t\t\t\t<ul class=\"box-icon-list\">\n\t\t\t\t\t<li><i class=\"fas fa-check\"><\/i>Bei Bedarf Zugang zu einem dedizierten IT-Team, das sich um Ihre Technologie k\u00fcmmert<\/li>\n\t\t\t\t<\/ul>\n\t\t\t\t\t\t\t\t\t\t\t\t<ul class=\"box-icon-list\">\n\t\t\t\t\t<li><i class=\"fas fa-check\"><\/i>Flexibilit\u00e4t bei der Skalierung nach oben oder unten, je nach den Anforderungen Ihres Unternehmens<\/li>\n\t\t\t\t<\/ul>\n\t\t\t\t\t\n\t\t\t<\/div>\n<\/div>\n<\/div>\n<\/div><\/div><\/div><div id=\"tm-column-69f3720ff2c10\" class=\"wpb_column vc_column_container vc_col-sm-6\"><div class=\"vc_column-inner\"><div class=\"wpb_wrapper\"><div class=\"tm-box-icon  style-2 style-align-center tm-animation move-up\" id=\"tm-box-icon-69f3720ff2f25\">\n\t\t<div class=\"content-wrap\">\n\n\t\t\t<div class=\"image\">\n\t\t\t<img decoding=\"async\" src=\"https:\/\/willowtechgroup.com\/wp-content\/uploads\/2023\/04\/Icon-25.svg\" alt=\"Icon 25\" \/>\t\t<\/div>\n\t\n\t\n\t<div class=\"content\">\n\t\t<div class=\"box-header\">\n\t\t\t\t\t<\/div>\n\n\t\t\n\t\t\t\t\t\t\t\t\t<ul class=\"box-icon-list\">\n\t\t\t\t\t<li><i class=\"fas fa-check\"><\/i>Erhebliche Kosteneinsparungen, bis zu 50% oder mehr bei den Entwicklungskosten und reduzierte Personal- und Verwaltungsressourcen <\/li>\n\t\t\t\t<\/ul>\n\t\t\t\t\t\t\t\t\t\t\t\t<ul class=\"box-icon-list\">\n\t\t\t\t\t<li><i class=\"fas fa-check\"><\/i>Konzentrieren Sie sich auf Ihr Kerngesch\u00e4ft <\/li>\n\t\t\t\t<\/ul>\n\t\t\t\t\t\t\t\t\t\t\t\t<ul class=\"box-icon-list\">\n\t\t\t\t\t<li><i class=\"fas fa-check\"><\/i>Verschaffen Sie sich einen Wettbewerbsvorteil in Ihrem Markt<\/li>\n\t\t\t\t<\/ul>\n\t\t\t\t\t\t\t\t\t\t\t\t<ul class=\"box-icon-list\">\n\t\t\t\t\t<li><i class=\"fas fa-check\"><\/i>Lagern Sie Ihr Unternehmen vollst\u00e4ndig aus oder beauftragen Sie ein Offshore-Team, um Ihre t\u00e4glichen Onshore-F\u00e4higkeiten zu unterst\u00fctzen.<\/li>\n\t\t\t\t<\/ul>\n\t\t\t\t\t\t\t\t\t\t\t\t<ul class=\"box-icon-list\">\n\t\t\t\t\t<li><i class=\"fas fa-check\"><\/i>Beschleunigte Entwicklung und schneller Markteintritt<\/li>\n\t\t\t\t<\/ul>\n\t\t\t\t\t\n\t\t\t<\/div>\n<\/div>\n<\/div>\n<\/div><\/div><\/div><\/div><div id=\"tm-row-69f372100096b\" data-vc-full-width=\"true\" data-vc-full-width-init=\"false\" data-vc-stretch-content=\"true\" class=\"vc_row vc_row-outer vc_row-fluid vc_row-o-content-middle vc_row-flex\"><div id=\"tm-column-69f3721000df6\" class=\"wpb_column vc_column_container vc_col-sm-12\"><div class=\"vc_column-inner\"><div class=\"wpb_wrapper\">\n<div class=\"tm-heading modern-icon center tm-animation move-up\" id=\"tm-heading-69f3721001173\">\n\t<h4 class=\"heading\" ><span class=\"icon flaticon-062-cardiogram-3\"><\/span>Nutzen Sie das Potenzial von Offshore-Technologieexperten, bew\u00e4ltigen Sie Ihre Entwicklungsherausforderungen effizient und liefern Sie herausragende Ergebnisse. Sprechen Sie noch heute mit uns \u00fcber unser Angebot an professionellen Offshore-Dienstleistungen.<\/h4><\/div>\n\n<\/div><\/div><\/div><\/div><div class=\"vc_row-full-width vc_clearfix\"><\/div>\n<\/section>","protected":false},"excerpt":{"rendered":"Offshore \u2013 Center of Excellence Offshore-Teams sind eine wertvolle Bereicherung f\u00fcr moderne Technologieunternehmen, die globale Talente, Technologietools und Plattformen nutzen m\u00f6chten, aber kein permanentes Team auf oder in der N\u00e4he ihres Gesch\u00e4ftsgel\u00e4ndes wollen oder brauchen. Was bedeutet \u201eOffshore\u201c? Wenn es ums Gesch\u00e4ft geht, wollen Sie das Beste in Ihrem Team, aber manchmal sind die besten Talente nicht direkt vor Ihrer Haust\u00fcr. Ein Offshore-Entwicklungsteam hat seinen Sitz in einem anderen Land mit einer anderen Zeitzone. Ein Offshore-Team arbeitet remote und virtuell, was bedeutet, dass Ihr Unternehmen von den qualifiziertesten, erfahrensten und talentiertesten Ingenieuren der Welt profitieren kann, ohne sich mit der M\u00fche und dem Aufwand auseinandersetzen zu m\u00fcssen, diese einzustellen und zu halten. Vorteile von Offshore-Entwicklungsteams: Zugriff auf einen globalen Talentpool, der es Ihnen erm\u00f6glicht, den Mangel an spezifischen technischen F\u00e4higkeiten in Ihrer Region zu \u00fcberwinden. Stellen Sie qualifizierte, erfahrene Experten f\u00fcr allgemeine oder spezifische Projekte ein. Zugriff auf ein dediziertes IT-Team bei Bedarf, das sich um Ihre Technologie k\u00fcmmert Flexibilit\u00e4t bei der Skalierung nach oben oder unten, je nach den Anforderungen Ihres Unternehmens. Erhebliche Kosteneinsparungen, bis zu 50% oder mehr bei den Entwicklungskosten und reduzierte Personal- und Verwaltungsressourcen. Konzentrieren Sie sich auf Ihr Kerngesch\u00e4ft. Verschaffen Sie sich einen Wettbewerbsvorteil in Ihrem Markt. Outsourcen Sie vollst\u00e4ndig oder beauftragen Sie einen Offshore-Team zur Unterst\u00fctzung Ihrer t\u00e4glichen Onshore-F\u00e4higkeiten. Beschleunigte Entwicklung und schneller Markteintritt Nutzen Sie das Potenzial von Offshore-Technologieexperten, bew\u00e4ltigen Sie Ihre Entwicklungsherausforderungen effizient und liefern Sie herausragende Ergebnisse. Sprechen Sie noch heute mit uns \u00fcber unser Angebot an professionellen Offshore-Dienstleistungen.","protected":false},"author":1,"featured_media":0,"parent":0,"menu_order":0,"comment_status":"closed","ping_status":"closed","template":"","meta":{"content-type":"","footnotes":""},"class_list":["post-3620","page","type-page","status-publish","hentry"],"yoast_head":"<!-- This site is optimized with the Yoast SEO plugin v27.4 - https:\/\/yoast.com\/product\/yoast-seo-wordpress\/ -->\n<title>Offshore Consulting - WillowTech Group<\/title>\n<meta name=\"robots\" content=\"index, follow, max-snippet:-1, max-image-preview:large, max-video-preview:-1\" \/>\n<link rel=\"canonical\" href=\"https:\/\/willowtechgroup.com\/de\/offshore-professional-services\/\" \/>\n<meta property=\"og:locale\" content=\"de_DE\" \/>\n<meta property=\"og:type\" content=\"article\" \/>\n<meta property=\"og:title\" content=\"Offshore Consulting - WillowTech Group\" \/>\n<meta property=\"og:url\" content=\"https:\/\/willowtechgroup.com\/de\/offshore-professional-services\/\" \/>\n<meta property=\"og:site_name\" content=\"WillowTech Group\" \/>\n<meta property=\"article:modified_time\" content=\"2023-10-03T11:15:56+00:00\" \/>\n<meta name=\"twitter:card\" content=\"summary_large_image\" \/>\n<meta name=\"twitter:label1\" content=\"Gesch\u00e4tzte Lesezeit\" \/>\n\t<meta name=\"twitter:data1\" content=\"3\u00a0Minuten\" \/>\n<script type=\"application\/ld+json\" class=\"yoast-schema-graph\">{\"@context\":\"https:\\\/\\\/schema.org\",\"@graph\":[{\"@type\":\"WebPage\",\"@id\":\"https:\\\/\\\/willowtechgroup.com\\\/offshore-professional-services\\\/\",\"url\":\"https:\\\/\\\/willowtechgroup.com\\\/offshore-professional-services\\\/\",\"name\":\"Offshore Consulting - WillowTech Group\",\"isPartOf\":{\"@id\":\"https:\\\/\\\/willowtechgroup.com\\\/#website\"},\"datePublished\":\"2023-06-24T07:17:49+00:00\",\"dateModified\":\"2023-10-03T11:15:56+00:00\",\"breadcrumb\":{\"@id\":\"https:\\\/\\\/willowtechgroup.com\\\/offshore-professional-services\\\/#breadcrumb\"},\"inLanguage\":\"de\",\"potentialAction\":[{\"@type\":\"ReadAction\",\"target\":[\"https:\\\/\\\/willowtechgroup.com\\\/offshore-professional-services\\\/\"]}]},{\"@type\":\"BreadcrumbList\",\"@id\":\"https:\\\/\\\/willowtechgroup.com\\\/offshore-professional-services\\\/#breadcrumb\",\"itemListElement\":[{\"@type\":\"ListItem\",\"position\":1,\"name\":\"Home\",\"item\":\"https:\\\/\\\/willowtechgroup.com\\\/\"},{\"@type\":\"ListItem\",\"position\":2,\"name\":\"Offshore Consulting\"}]},{\"@type\":\"WebSite\",\"@id\":\"https:\\\/\\\/willowtechgroup.com\\\/#website\",\"url\":\"https:\\\/\\\/willowtechgroup.com\\\/\",\"name\":\"WillowTech Group\",\"description\":\"IT Consultation &amp; Services\",\"publisher\":{\"@id\":\"https:\\\/\\\/willowtechgroup.com\\\/#organization\"},\"potentialAction\":[{\"@type\":\"SearchAction\",\"target\":{\"@type\":\"EntryPoint\",\"urlTemplate\":\"https:\\\/\\\/willowtechgroup.com\\\/?s={search_term_string}\"},\"query-input\":{\"@type\":\"PropertyValueSpecification\",\"valueRequired\":true,\"valueName\":\"search_term_string\"}}],\"inLanguage\":\"de\"},{\"@type\":\"Organization\",\"@id\":\"https:\\\/\\\/willowtechgroup.com\\\/#organization\",\"name\":\"WillowTech Group\",\"url\":\"https:\\\/\\\/willowtechgroup.com\\\/\",\"logo\":{\"@type\":\"ImageObject\",\"inLanguage\":\"de\",\"@id\":\"https:\\\/\\\/willowtechgroup.com\\\/#\\\/schema\\\/logo\\\/image\\\/\",\"url\":\"https:\\\/\\\/willowtechgroup.com\\\/wp-content\\\/uploads\\\/2018\\\/10\\\/Logo-290X70-3.svg\",\"contentUrl\":\"https:\\\/\\\/willowtechgroup.com\\\/wp-content\\\/uploads\\\/2018\\\/10\\\/Logo-290X70-3.svg\",\"width\":\"1024\",\"height\":\"1024\",\"caption\":\"WillowTech Group\"},\"image\":{\"@id\":\"https:\\\/\\\/willowtechgroup.com\\\/#\\\/schema\\\/logo\\\/image\\\/\"}}]}<\/script>\n<!-- \/ Yoast SEO plugin. -->","yoast_head_json":{"title":"Offshore-Beratung - WillowTech Group","robots":{"index":"index","follow":"follow","max-snippet":"max-snippet:-1","max-image-preview":"max-image-preview:large","max-video-preview":"max-video-preview:-1"},"canonical":"https:\/\/willowtechgroup.com\/de\/offshore-professional-services\/","og_locale":"de_DE","og_type":"article","og_title":"Offshore Consulting - WillowTech Group","og_url":"https:\/\/willowtechgroup.com\/de\/offshore-professional-services\/","og_site_name":"WillowTech Group","article_modified_time":"2023-10-03T11:15:56+00:00","twitter_card":"summary_large_image","twitter_misc":{"Gesch\u00e4tzte Lesezeit":"3\u00a0Minuten"},"schema":{"@context":"https:\/\/schema.org","@graph":[{"@type":"WebPage","@id":"https:\/\/willowtechgroup.com\/offshore-professional-services\/","url":"https:\/\/willowtechgroup.com\/offshore-professional-services\/","name":"Offshore-Beratung - WillowTech Group","isPartOf":{"@id":"https:\/\/willowtechgroup.com\/#website"},"datePublished":"2023-06-24T07:17:49+00:00","dateModified":"2023-10-03T11:15:56+00:00","breadcrumb":{"@id":"https:\/\/willowtechgroup.com\/offshore-professional-services\/#breadcrumb"},"inLanguage":"de","potentialAction":[{"@type":"ReadAction","target":["https:\/\/willowtechgroup.com\/offshore-professional-services\/"]}]},{"@type":"BreadcrumbList","@id":"https:\/\/willowtechgroup.com\/offshore-professional-services\/#breadcrumb","itemListElement":[{"@type":"ListItem","position":1,"name":"Home","item":"https:\/\/willowtechgroup.com\/"},{"@type":"ListItem","position":2,"name":"Offshore Consulting"}]},{"@type":"WebSite","@id":"https:\/\/willowtechgroup.com\/#website","url":"https:\/\/willowtechgroup.com\/","name":"WillowTech-Gruppe","description":"IT-Beratung &amp; Services","publisher":{"@id":"https:\/\/willowtechgroup.com\/#organization"},"potentialAction":[{"@type":"SearchAction","target":{"@type":"EntryPoint","urlTemplate":"https:\/\/willowtechgroup.com\/?s={search_term_string}"},"query-input":{"@type":"PropertyValueSpecification","valueRequired":true,"valueName":"search_term_string"}}],"inLanguage":"de"},{"@type":"Organization","@id":"https:\/\/willowtechgroup.com\/#organization","name":"WillowTech-Gruppe","url":"https:\/\/willowtechgroup.com\/","logo":{"@type":"ImageObject","inLanguage":"de","@id":"https:\/\/willowtechgroup.com\/#\/schema\/logo\/image\/","url":"https:\/\/willowtechgroup.com\/wp-content\/uploads\/2018\/10\/Logo-290X70-3.svg","contentUrl":"https:\/\/willowtechgroup.com\/wp-content\/uploads\/2018\/10\/Logo-290X70-3.svg","width":"1024","height":"1024","caption":"WillowTech Group"},"image":{"@id":"https:\/\/willowtechgroup.com\/#\/schema\/logo\/image\/"}}]}},"_links":{"self":[{"href":"https:\/\/willowtechgroup.com\/de\/wp-json\/wp\/v2\/pages\/3620","targetHints":{"allow":["GET"]}}],"collection":[{"href":"https:\/\/willowtechgroup.com\/de\/wp-json\/wp\/v2\/pages"}],"about":[{"href":"https:\/\/willowtechgroup.com\/de\/wp-json\/wp\/v2\/types\/page"}],"author":[{"embeddable":true,"href":"https:\/\/willowtechgroup.com\/de\/wp-json\/wp\/v2\/users\/1"}],"replies":[{"embeddable":true,"href":"https:\/\/willowtechgroup.com\/de\/wp-json\/wp\/v2\/comments?post=3620"}],"version-history":[{"count":0,"href":"https:\/\/willowtechgroup.com\/de\/wp-json\/wp\/v2\/pages\/3620\/revisions"}],"wp:attachment":[{"href":"https:\/\/willowtechgroup.com\/de\/wp-json\/wp\/v2\/media?parent=3620"}],"curies":[{"name":"wp","href":"https:\/\/api.w.org\/{rel}","templated":true}]}}