{"id":3625,"date":"2023-06-24T10:57:37","date_gmt":"2023-06-24T09:57:37","guid":{"rendered":"https:\/\/willowtechgroup.com\/?page_id=3625"},"modified":"2023-10-03T11:43:18","modified_gmt":"2023-10-03T10:43:18","slug":"procurement-and-network-strategy","status":"publish","type":"page","link":"https:\/\/willowtechgroup.com\/de\/procurement-and-network-strategy\/","title":{"rendered":"Beschaffungs- und Netzwerkstrategie"},"content":{"rendered":"<section class=\"wpb-content-wrapper\"><div id=\"tm-row-69e43c93c9fe9\" data-vc-full-width=\"true\" data-vc-full-width-init=\"false\" class=\"vc_row vc_row-outer vc_row-fluid\"><div id=\"tm-column-69e43c93ca4a9\" class=\"wpb_column vc_column_container vc_col-sm-12\"><div class=\"vc_column-inner\"><div class=\"wpb_wrapper\">\n<div class=\"tm-heading  center tm-animation move-up\" id=\"tm-heading-69e43c93ca7fd\">\n\t<h2 class=\"heading\" ><mark>Beschaffungs- und Netzwerkstrategie<\/mark><\/h2><\/div>\n\n<div class=\"tm-spacer\" id=\"tm-spacer-69e43c93cad05\"><\/div>\n\n<div class=\"tm-heading  center tm-animation move-up\" id=\"tm-heading-69e43c93cae06\">\n\t<div class=\"heading\" >Die richtige Beschaffungs- und Netzwerkstrategie von Anfang an ist entscheidend f\u00fcr effektive und effiziente Lieferkettenabl\u00e4ufe, die Ihnen helfen, einen Wettbewerbsvorteil auf dem Markt zu bewahren.<\/div><\/div>\n\n<div class=\"tm-spacer\" id=\"tm-spacer-69e43c93cb2fa\"><\/div>\n<\/div><\/div><\/div><\/div><div class=\"vc_row-full-width vc_clearfix\"><\/div><div id=\"tm-row-69e43c93cb49b\" data-vc-full-width=\"true\" data-vc-full-width-init=\"false\" class=\"vc_row vc_row-outer vc_row-fluid\"><div id=\"tm-column-69e43c93cbb05\" class=\"wpb_column vc_column_container vc_col-sm-12\"><div class=\"vc_column-inner\"><div class=\"wpb_wrapper\"><div id=\"tm-row-inner-69e43c93cbec8\" class=\"vc_row vc_inner vc_row-fluid vc_row-o-equal-height vc_row-flex\"><div id=\"tm-column-inner-69e43c93cc289\" class=\"wpb_column vc_column_container vc_col-sm-6\"><div class=\"vc_column-inner\"><div class=\"wpb_wrapper\">\n<div class=\"tm-heading  left tm-animation move-up\" id=\"tm-heading-69e43c93cc598\">\n\t<h3 class=\"heading\" >Digitale Versorgungsnetze<\/h3><\/div>\n\n\n<div class=\"tm-heading vc_custom_1687600960384  left tm-animation move-up\" id=\"tm-heading-69e43c93cc8be\">\n\t<div class=\"heading\" >Die Beschaffungs- und Netzwerkstrategie bestimmt die optimalen Standorte, Kapazit\u00e4ten und Rollen der Netzwerkkomponenten, um einen kosteneffizienten und reaktionsschnellen Betrieb sicherzustellen. Wir digitalisieren Liefernetzwerke, um eine Endlosschleife der Beschaffung zu schaffen \u2013 einen kontinuierlichen Fluss von Daten, Informationen, Waren und Dienstleistungen zwischen der digitalen und der physischen Welt.<\/div><\/div>\n\n<\/div><\/div><\/div><div id=\"tm-column-inner-69e43c93ccd85\" class=\"wpb_column vc_column_container vc_col-sm-6\"><div class=\"vc_column-inner\"><div class=\"wpb_wrapper\"><div class=\"tm-spacer\" id=\"tm-spacer-69e43c93cd223\"><\/div>\n<\/div><\/div><\/div><\/div><\/div><\/div><\/div><\/div><div class=\"vc_row-full-width vc_clearfix\"><\/div><div id=\"tm-row-69e43c93cd333\" class=\"vc_row vc_row-outer vc_row-fluid\"><div id=\"tm-column-69e43c93cd52f\" class=\"wpb_column vc_column_container vc_col-sm-12\"><div class=\"vc_column-inner\"><div class=\"wpb_wrapper\"><div id=\"tm-row-inner-69e43c93cd773\" class=\"vc_row vc_inner vc_row-fluid\"><div id=\"tm-column-inner-69e43c93cdaf8\" class=\"wpb_column vc_column_container vc_col-sm-12\"><div class=\"vc_column-inner\"><div class=\"wpb_wrapper\">\n\t<div class=\"wpb_text_column wpb_content_element  vc_custom_1687600990642 p-txt\" >\n\t\t<div class=\"wpb_wrapper\">\n\t\t\t<p>Wir k\u00f6nnen Beschaffungssoftware und Online-Plattformen entwickeln, die Sie bei der Zusammenstellung und Visualisierung von Daten, der Analyse und der Erstellung von Berichten unterst\u00fctzen und wichtige Tools bereitstellen, mit denen Beschaffungsteams in Echtzeit sehen k\u00f6nnen, was vor sich geht, und Beschaffungsentscheidungen treffen k\u00f6nnen. Skalierbare L\u00f6sungen, die von qualifizierten Talenten unterst\u00fctzt werden, bedeuten, dass Ihr Unternehmen jetzt auf H\u00f6chstleistung arbeitet und f\u00fcr die Zukunft ger\u00fcstet ist.<\/p>\n<p>Durch die Optimierung Ihres Lieferkettennetzwerks k\u00f6nnen wir Sie dabei unterst\u00fctzen, die Erwartungen Ihrer Kunden zu \u00fcbertreffen, Kosten zu senken, Risiken zu minimieren und Ihre Gesch\u00e4ftsleistung zu maximieren<\/p>\n\n\t\t<\/div>\n\t<\/div>\n<div class=\"tm-spacer\" id=\"tm-spacer-69e43c93cde53\"><\/div>\n\n<div class=\"tm-heading  left tm-animation move-up\" id=\"tm-heading-69e43c93cdf4e\">\n\t<h3 class=\"heading\" >EINFACHER PROZESS<\/h3><\/div>\n\n<div class=\"tm-spacer\" id=\"tm-spacer-69e43c93ce457\"><\/div>\n\n<div class=\"tm-heading  left tm-animation move-up\" id=\"tm-heading-69e43c93ce54d\">\n\t<h3 class=\"heading\" >Menschen \u2013 Prozesse \u2013 Technologie \u2013 Lieferkette<\/h3><\/div>\n\n\n<div class=\"tm-heading vc_custom_1687601217274  left tm-animation move-up\" id=\"tm-heading-69e43c93ceadc\">\n\t<h3 class=\"heading\" >Entscheidung f\u00fcr eine Open-RAN-Architektur<\/h3><\/div>\n\n\n\t<div class=\"wpb_text_column wpb_content_element  vc_custom_1687601244401 p-txt\" >\n\t\t<div class=\"wpb_wrapper\">\n\t\t\t<p>Der Einsatz der Open-RAN-Architektur reduziert die Kosten f\u00fcr die Bereitstellung und Wartung mobiler Netzwerke, da keine teure propriet\u00e4re Hardware erforderlich ist und Sie Komponenten von mehreren Anbietern beziehen k\u00f6nnen. Unsere erfahrenen Teams k\u00f6nnen sicherstellen, dass Ihr System unter Verwendung der besten Anbieter f\u00fcr Ihre Netzwerkanforderungen aufgebaut wird.<\/p>\n\n\t\t<\/div>\n\t<\/div>\n<\/div><\/div><\/div><\/div><\/div><\/div><\/div><\/div><div id=\"tm-row-69e43c93cf21a\" data-vc-full-width=\"true\" data-vc-full-width-init=\"false\" class=\"vc_row vc_row-outer vc_row-fluid\"><div id=\"tm-column-69e43c93cf5c0\" class=\"wpb_column vc_column_container vc_col-sm-12\"><div class=\"vc_column-inner\"><div class=\"wpb_wrapper\">\n<div class=\"tm-heading  center tm-animation move-up\" id=\"tm-heading-69e43c93cf903\">\n\t<h2 class=\"heading\" ><mark>Funktionen zur Beschaffungsunterst\u00fctzung<\/mark><\/h2><\/div>\n\n<div class=\"tm-spacer\" id=\"tm-spacer-69e43c93cfdfe\"><\/div>\n<\/div><\/div><\/div><\/div><div class=\"vc_row-full-width vc_clearfix\"><\/div><div id=\"tm-row-69e43c93cff9a\" class=\"vc_row vc_row-outer vc_row-fluid learn_box\"><div id=\"tm-column-69e43c93d034d\" class=\"wpb_column vc_column_container vc_col-sm-12\"><div class=\"vc_column-inner\"><div class=\"wpb_wrapper\"><div id=\"tm-row-inner-69e43c93d06cb\" class=\"vc_row vc_inner vc_row-fluid\"><div id=\"tm-column-inner-69e43c93d0942\" class=\"wpb_column vc_column_container vc_col-sm-6\"><div class=\"vc_column-inner\"><div class=\"wpb_wrapper\"><div class=\"tm-box-icon  style-2 style-align-center tm-animation move-up\" id=\"tm-box-icon-69e43c93d0af2\">\n\t\t<div class=\"content-wrap\">\n\n\t\t\t<div class=\"image\">\n\t\t\t<img decoding=\"async\" src=\"https:\/\/willowtechgroup.com\/wp-content\/uploads\/2023\/05\/Icon-34.svg\" alt=\"Icon 34\" \/>\t\t<\/div>\n\t\n\t\n\t<div class=\"content\">\n\t\t<div class=\"box-header\">\n\t\t\t\t\t\t\t<h4 class=\"heading\">\n\t\t\t\t\t\n\t\t\t\t\t\tBeschaffungsunterst\u00fctzung\n\t\t\t\t\t\t\n\t\t\t\t<\/h4>\n\t\t\t\t\t<\/div>\n\n\t\t\t\t\t<div class=\"text\">Verk\u00fcrzen Sie die Zykluszeiten und maximieren Sie Einsparungen mit unseren ma\u00dfgeschneiderten Beschaffungsunterst\u00fctzungsdiensten, einschlie\u00dflich umsetzbarer Marktinformationen und erweiterter Analysen zur Optimierung der Entscheidungsfindung.<\/div>\t\t\n\t\t\t\t\t\t\t\n\t\t\t<\/div>\n<\/div>\n<\/div>\n<\/div><\/div><\/div><div id=\"tm-column-inner-69e43c93d1ba5\" class=\"wpb_column vc_column_container vc_col-sm-6\"><div class=\"vc_column-inner\"><div class=\"wpb_wrapper\"><div class=\"tm-box-icon  style-2 style-align-center tm-animation move-up\" id=\"tm-box-icon-69e43c93d1dbe\">\n\t\t<div class=\"content-wrap\">\n\n\t\t\t<div class=\"image\">\n\t\t\t<img decoding=\"async\" src=\"https:\/\/willowtechgroup.com\/wp-content\/uploads\/2023\/04\/Icon-1-2.svg\" alt=\"Icon 1 (2)\" \/>\t\t<\/div>\n\t\n\t\n\t<div class=\"content\">\n\t\t<div class=\"box-header\">\n\t\t\t\t\t\t\t<h4 class=\"heading\">\n\t\t\t\t\t\n\t\t\t\t\t\tEsourcing-L\u00f6sungen\n\t\t\t\t\t\t\n\t\t\t\t<\/h4>\n\t\t\t\t\t<\/div>\n\n\t\t\t\t\t<div class=\"text\">Wir k\u00f6nnen leistungsstarke, cloudbasierte RFx-Tools nutzen, um Kunden nahtlos bei taktischen und strategischen Beschaffungsbem\u00fchungen zu unterst\u00fctzen.<\/div>\t\t\n\t\t\t\t\t\t\t\n\t\t\t<\/div>\n<\/div>\n<\/div>\n<\/div><\/div><\/div><\/div><div id=\"tm-row-inner-69e43c93d32f4\" class=\"vc_row vc_inner vc_row-fluid\"><div id=\"tm-column-inner-69e43c93d34e2\" class=\"wpb_column vc_column_container vc_col-sm-6\"><div class=\"vc_column-inner\"><div class=\"wpb_wrapper\"><div class=\"tm-box-icon  style-2 style-align-center tm-animation move-up\" id=\"tm-box-icon-69e43c93d366d\">\n\t\t<div class=\"content-wrap\">\n\n\t\t\t<div class=\"image\">\n\t\t\t<img decoding=\"async\" src=\"https:\/\/willowtechgroup.com\/wp-content\/uploads\/2023\/04\/Icon-10-1.svg\" alt=\"Icon 10 (1)\" \/>\t\t<\/div>\n\t\n\t\n\t<div class=\"content\">\n\t\t<div class=\"box-header\">\n\t\t\t\t\t\t\t<h4 class=\"heading\">\n\t\t\t\t\t\n\t\t\t\t\t\tErstellung eines digitalen Dashboards\n\t\t\t\t\t\t\n\t\t\t\t<\/h4>\n\t\t\t\t\t<\/div>\n\n\t\t\t\t\t<div class=\"text\">Ein personalisiertes digitales Dashboard erm\u00f6glicht es Ihren Teams, alles in Echtzeit an einem Ort zu sehen und so eine reibungslose Bereitstellung von L\u00f6sungen mehrerer Anbieter sicherzustellen.<\/div>\t\t\n\t\t\t\t\t\t\t\n\t\t\t<\/div>\n<\/div>\n<\/div>\n<\/div><\/div><\/div><div id=\"tm-column-inner-69e43c93d4586\" class=\"wpb_column vc_column_container vc_col-sm-6\"><div class=\"vc_column-inner\"><div class=\"wpb_wrapper\"><div class=\"tm-box-icon  style-2 style-align-center tm-animation move-up\" id=\"tm-box-icon-69e43c93d4721\">\n\t\t<div class=\"content-wrap\">\n\n\t\t\t<div class=\"image\">\n\t\t\t<img decoding=\"async\" src=\"https:\/\/willowtechgroup.com\/wp-content\/uploads\/2023\/04\/Icon-22.svg\" alt=\"Icon 22\" \/>\t\t<\/div>\n\t\n\t\n\t<div class=\"content\">\n\t\t<div class=\"box-header\">\n\t\t\t\t\t\t\t<h4 class=\"heading\">\n\t\t\t\t\t\n\t\t\t\t\t\tCloudbasiertes Lieferantenmanagement\n\t\t\t\t\t\t\n\t\t\t\t<\/h4>\n\t\t\t\t\t<\/div>\n\n\t\t\t\t\t<div class=\"text\">Sie k\u00f6nnen sich darauf verlassen, dass Ihre gesch\u00e4ftskritische Infrastruktur sicher gespeichert und jederzeit und von jedem Ort aus zug\u00e4nglich ist.<\/div>\t\t\n\t\t\t\t\t\t\t\n\t\t\t<\/div>\n<\/div>\n<\/div>\n<\/div><\/div><\/div><\/div><div id=\"tm-row-inner-69e43c93d58aa\" class=\"vc_row vc_inner vc_row-fluid\"><div id=\"tm-column-inner-69e43c93d5c2d\" class=\"wpb_column vc_column_container vc_col-sm-6\"><div class=\"vc_column-inner\"><div class=\"wpb_wrapper\"><div class=\"tm-box-icon  style-2 style-align-center tm-animation move-up\" id=\"tm-box-icon-69e43c93d5f0f\">\n\t\t<div class=\"content-wrap\">\n\n\t\t\t<div class=\"image\">\n\t\t\t<img decoding=\"async\" src=\"https:\/\/willowtechgroup.com\/wp-content\/uploads\/2023\/04\/Icon-21.svg\" alt=\"Icon 21\" \/>\t\t<\/div>\n\t\n\t\n\t<div class=\"content\">\n\t\t<div class=\"box-header\">\n\t\t\t\t\t\t\t<h4 class=\"heading\">\n\t\t\t\t\t\n\t\t\t\t\t\t\u00dcbernehmen Sie die Automatisierung\n\t\t\t\t\t\t\n\t\t\t\t<\/h4>\n\t\t\t\t\t<\/div>\n\n\t\t\t\t\t<div class=\"text\">Wir k\u00f6nnen Ihnen helfen, arbeitsintensive, sich wiederholende Aufgaben zu automatisieren, um Ihre Teams f\u00fcr menschliche Ber\u00fchrungspunkte im Beschaffungsprozess zu entlasten.<\/div>\t\t\n\t\t\t\t\t\t\t\n\t\t\t<\/div>\n<\/div>\n<\/div>\n<\/div><\/div><\/div><div id=\"tm-column-inner-69e43c93d75e4\" class=\"wpb_column vc_column_container vc_col-sm-6\"><div class=\"vc_column-inner\"><div class=\"wpb_wrapper\"><\/div><\/div><\/div><\/div><\/div><\/div><\/div><\/div><div id=\"tm-row-69e43c93d7833\" data-vc-full-width=\"true\" data-vc-full-width-init=\"false\" class=\"vc_row vc_row-outer vc_row-fluid vc_row-o-content-middle vc_row-flex\"><div id=\"tm-column-69e43c93d7a67\" class=\"wpb_column vc_column_container vc_col-sm-12\"><div class=\"vc_column-inner\"><div class=\"wpb_wrapper\">\n<div class=\"tm-heading modern-icon center tm-animation move-up\" id=\"tm-heading-69e43c93d7cc5\">\n\t<h4 class=\"heading\" ><span class=\"icon flaticon-062-cardiogram-3\"><\/span>Sorgen Sie daf\u00fcr, dass Ihr Unternehmen belastbar, agil, produktiv und nachhaltig bleibt.<\/h4><\/div>\n\n<\/div><\/div><\/div><\/div><div class=\"vc_row-full-width vc_clearfix\"><\/div>\n<\/section>","protected":false},"excerpt":{"rendered":"Beschaffungs- und Netzwerkstrategie Die richtige Beschaffungs- und Netzwerkstrategie von Anfang an ist entscheidend f\u00fcr effektive und effiziente Lieferkettenabl\u00e4ufe, die Ihnen helfen, einen Wettbewerbsvorteil auf dem Markt zu bewahren. Digitale Versorgungsnetzwerke Die Beschaffungs- und Netzwerkstrategie bestimmt die optimalen Standorte, Kapazit\u00e4ten und Rollen von Netzwerkkomponenten, um einen kosteneffizienten und reaktionsschnellen Betrieb sicherzustellen. Wir digitalisieren Liefernetzwerke, um eine Endlosschleife der Beschaffung zu schaffen \u2013 einen kontinuierlichen Fluss von Daten, Informationen, Waren und Dienstleistungen zwischen der digitalen und der physischen Welt. Wir k\u00f6nnen Beschaffungssoftware und Online-Plattformen entwickeln, die Sie bei der Zusammenstellung und Visualisierung von Daten, der Analyse und der Erstellung von Berichten unterst\u00fctzen und wichtige Tools bereitstellen, mit denen Beschaffungsteams in Echtzeit sehen k\u00f6nnen, was vor sich geht, und Beschaffungsentscheidungen treffen k\u00f6nnen. Skalierbare L\u00f6sungen, die von qualifizierten Talenten unterst\u00fctzt werden, bedeuten, dass Ihr Unternehmen jetzt auf H\u00f6chstleistung arbeitet und f\u00fcr die Zukunft ger\u00fcstet ist. Durch die Optimierung Ihres Lieferkettennetzwerks k\u00f6nnen wir Sie dabei unterst\u00fctzen, die Erwartungen Ihrer Kunden zu \u00fcbertreffen, Kosten zu senken, Risiken zu minimieren und Ihre Gesch\u00e4ftsleistung zu maximieren. EINFACHER PROZESS Menschen \u2013 Prozess \u2013 Technologie \u2013 Lieferkette. Die Wahl einer Open-RAN-Architektur. Die Verwendung einer Open-RAN-Architektur reduziert die Kosten von Bereitstellung und Wartung mobiler Netzwerke, da keine teure propriet\u00e4re Hardware mehr erforderlich ist und Sie Komponenten von mehreren Anbietern beziehen k\u00f6nnen. Unsere erfahrenen Teams k\u00f6nnen sicherstellen, dass Ihr System unter Verwendung der besten Anbieter f\u00fcr Ihre Netzwerkanforderungen aufgebaut wird. Funktionen zur Beschaffungsunterst\u00fctzung. Beschaffungsunterst\u00fctzung. Verk\u00fcrzen Sie die Zykluszeiten und maximieren Sie Einsparungen mit unseren ma\u00dfgeschneiderten Beschaffungsunterst\u00fctzungsdiensten, einschlie\u00dflich umsetzbarer Marktinformationen und erweiterter Analysen zur Optimierung der Entscheidungsfindung. Esourcing-L\u00f6sungen Wir k\u00f6nnen leistungsstarke, cloudbasierte RFx-Tools nutzen, um Kunden nahtlos bei taktischen und strategischen Beschaffungsbem\u00fchungen zu unterst\u00fctzen. Erstellung eines digitalen Dashboards Mit einem personalisierten digitalen Dashboard k\u00f6nnen Ihre Teams alles an einem Ort und in Echtzeit sehen und so eine reibungslose Bereitstellung von L\u00f6sungen mehrerer Anbieter gew\u00e4hrleisten. Cloudbasiertes Lieferantenmanagement \u2013 die Gewissheit, dass Ihre gesch\u00e4ftskritische Infrastruktur sicher gespeichert und jederzeit und von jedem Ort aus zug\u00e4nglich ist. Nutzen Sie die Automatisierung. Wir k\u00f6nnen Ihnen dabei helfen, arbeitsintensive, sich wiederholende Aufgaben zu automatisieren, um Ihre Teams f\u00fcr menschliche Ber\u00fchrungspunkte im Beschaffungsprozess zu entlasten. Sorgen Sie daf\u00fcr, dass Ihr Unternehmen belastbar, agil, produktiv und nachhaltig bleibt.","protected":false},"author":1,"featured_media":0,"parent":0,"menu_order":0,"comment_status":"closed","ping_status":"closed","template":"","meta":{"content-type":"","footnotes":""},"class_list":["post-3625","page","type-page","status-publish","hentry"],"yoast_head":"<!-- This site is optimized with the Yoast SEO plugin v27.3 - https:\/\/yoast.com\/product\/yoast-seo-wordpress\/ -->\n<title>Procurement and Network Strategy - WillowTech Group<\/title>\n<meta name=\"robots\" content=\"index, follow, max-snippet:-1, max-image-preview:large, max-video-preview:-1\" \/>\n<link rel=\"canonical\" href=\"https:\/\/willowtechgroup.com\/de\/procurement-and-network-strategy\/\" \/>\n<meta property=\"og:locale\" content=\"de_DE\" \/>\n<meta property=\"og:type\" content=\"article\" \/>\n<meta property=\"og:title\" content=\"Procurement and Network Strategy - WillowTech Group\" \/>\n<meta property=\"og:url\" content=\"https:\/\/willowtechgroup.com\/de\/procurement-and-network-strategy\/\" \/>\n<meta property=\"og:site_name\" content=\"WillowTech Group\" \/>\n<meta property=\"article:modified_time\" content=\"2023-10-03T10:43:18+00:00\" \/>\n<meta name=\"twitter:card\" content=\"summary_large_image\" \/>\n<meta name=\"twitter:label1\" content=\"Gesch\u00e4tzte Lesezeit\" \/>\n\t<meta name=\"twitter:data1\" content=\"5\u00a0Minuten\" \/>\n<script type=\"application\/ld+json\" class=\"yoast-schema-graph\">{\"@context\":\"https:\\\/\\\/schema.org\",\"@graph\":[{\"@type\":\"WebPage\",\"@id\":\"https:\\\/\\\/willowtechgroup.com\\\/procurement-and-network-strategy\\\/\",\"url\":\"https:\\\/\\\/willowtechgroup.com\\\/procurement-and-network-strategy\\\/\",\"name\":\"Procurement and Network Strategy - WillowTech Group\",\"isPartOf\":{\"@id\":\"https:\\\/\\\/willowtechgroup.com\\\/#website\"},\"datePublished\":\"2023-06-24T09:57:37+00:00\",\"dateModified\":\"2023-10-03T10:43:18+00:00\",\"breadcrumb\":{\"@id\":\"https:\\\/\\\/willowtechgroup.com\\\/procurement-and-network-strategy\\\/#breadcrumb\"},\"inLanguage\":\"de\",\"potentialAction\":[{\"@type\":\"ReadAction\",\"target\":[\"https:\\\/\\\/willowtechgroup.com\\\/procurement-and-network-strategy\\\/\"]}]},{\"@type\":\"BreadcrumbList\",\"@id\":\"https:\\\/\\\/willowtechgroup.com\\\/procurement-and-network-strategy\\\/#breadcrumb\",\"itemListElement\":[{\"@type\":\"ListItem\",\"position\":1,\"name\":\"Home\",\"item\":\"https:\\\/\\\/willowtechgroup.com\\\/\"},{\"@type\":\"ListItem\",\"position\":2,\"name\":\"Procurement and Network Strategy\"}]},{\"@type\":\"WebSite\",\"@id\":\"https:\\\/\\\/willowtechgroup.com\\\/#website\",\"url\":\"https:\\\/\\\/willowtechgroup.com\\\/\",\"name\":\"WillowTech Group\",\"description\":\"IT Consultation &amp; Services\",\"publisher\":{\"@id\":\"https:\\\/\\\/willowtechgroup.com\\\/#organization\"},\"potentialAction\":[{\"@type\":\"SearchAction\",\"target\":{\"@type\":\"EntryPoint\",\"urlTemplate\":\"https:\\\/\\\/willowtechgroup.com\\\/?s={search_term_string}\"},\"query-input\":{\"@type\":\"PropertyValueSpecification\",\"valueRequired\":true,\"valueName\":\"search_term_string\"}}],\"inLanguage\":\"de\"},{\"@type\":\"Organization\",\"@id\":\"https:\\\/\\\/willowtechgroup.com\\\/#organization\",\"name\":\"WillowTech Group\",\"url\":\"https:\\\/\\\/willowtechgroup.com\\\/\",\"logo\":{\"@type\":\"ImageObject\",\"inLanguage\":\"de\",\"@id\":\"https:\\\/\\\/willowtechgroup.com\\\/#\\\/schema\\\/logo\\\/image\\\/\",\"url\":\"https:\\\/\\\/willowtechgroup.com\\\/wp-content\\\/uploads\\\/2018\\\/10\\\/Logo-290X70-3.svg\",\"contentUrl\":\"https:\\\/\\\/willowtechgroup.com\\\/wp-content\\\/uploads\\\/2018\\\/10\\\/Logo-290X70-3.svg\",\"width\":\"1024\",\"height\":\"1024\",\"caption\":\"WillowTech Group\"},\"image\":{\"@id\":\"https:\\\/\\\/willowtechgroup.com\\\/#\\\/schema\\\/logo\\\/image\\\/\"}}]}<\/script>\n<!-- \/ Yoast SEO plugin. -->","yoast_head_json":{"title":"Procurement and Network Strategy - WillowTech Group","robots":{"index":"index","follow":"follow","max-snippet":"max-snippet:-1","max-image-preview":"max-image-preview:large","max-video-preview":"max-video-preview:-1"},"canonical":"https:\/\/willowtechgroup.com\/de\/procurement-and-network-strategy\/","og_locale":"de_DE","og_type":"article","og_title":"Procurement and Network Strategy - WillowTech Group","og_url":"https:\/\/willowtechgroup.com\/de\/procurement-and-network-strategy\/","og_site_name":"WillowTech Group","article_modified_time":"2023-10-03T10:43:18+00:00","twitter_card":"summary_large_image","twitter_misc":{"Gesch\u00e4tzte Lesezeit":"5\u00a0Minuten"},"schema":{"@context":"https:\/\/schema.org","@graph":[{"@type":"WebPage","@id":"https:\/\/willowtechgroup.com\/procurement-and-network-strategy\/","url":"https:\/\/willowtechgroup.com\/procurement-and-network-strategy\/","name":"Procurement and Network Strategy - WillowTech Group","isPartOf":{"@id":"https:\/\/willowtechgroup.com\/#website"},"datePublished":"2023-06-24T09:57:37+00:00","dateModified":"2023-10-03T10:43:18+00:00","breadcrumb":{"@id":"https:\/\/willowtechgroup.com\/procurement-and-network-strategy\/#breadcrumb"},"inLanguage":"de","potentialAction":[{"@type":"ReadAction","target":["https:\/\/willowtechgroup.com\/procurement-and-network-strategy\/"]}]},{"@type":"BreadcrumbList","@id":"https:\/\/willowtechgroup.com\/procurement-and-network-strategy\/#breadcrumb","itemListElement":[{"@type":"ListItem","position":1,"name":"Home","item":"https:\/\/willowtechgroup.com\/"},{"@type":"ListItem","position":2,"name":"Procurement and Network Strategy"}]},{"@type":"WebSite","@id":"https:\/\/willowtechgroup.com\/#website","url":"https:\/\/willowtechgroup.com\/","name":"WillowTech-Gruppe","description":"IT-Beratung &amp; Services","publisher":{"@id":"https:\/\/willowtechgroup.com\/#organization"},"potentialAction":[{"@type":"SearchAction","target":{"@type":"EntryPoint","urlTemplate":"https:\/\/willowtechgroup.com\/?s={search_term_string}"},"query-input":{"@type":"PropertyValueSpecification","valueRequired":true,"valueName":"search_term_string"}}],"inLanguage":"de"},{"@type":"Organization","@id":"https:\/\/willowtechgroup.com\/#organization","name":"WillowTech-Gruppe","url":"https:\/\/willowtechgroup.com\/","logo":{"@type":"ImageObject","inLanguage":"de","@id":"https:\/\/willowtechgroup.com\/#\/schema\/logo\/image\/","url":"https:\/\/willowtechgroup.com\/wp-content\/uploads\/2018\/10\/Logo-290X70-3.svg","contentUrl":"https:\/\/willowtechgroup.com\/wp-content\/uploads\/2018\/10\/Logo-290X70-3.svg","width":"1024","height":"1024","caption":"WillowTech Group"},"image":{"@id":"https:\/\/willowtechgroup.com\/#\/schema\/logo\/image\/"}}]}},"_links":{"self":[{"href":"https:\/\/willowtechgroup.com\/de\/wp-json\/wp\/v2\/pages\/3625","targetHints":{"allow":["GET"]}}],"collection":[{"href":"https:\/\/willowtechgroup.com\/de\/wp-json\/wp\/v2\/pages"}],"about":[{"href":"https:\/\/willowtechgroup.com\/de\/wp-json\/wp\/v2\/types\/page"}],"author":[{"embeddable":true,"href":"https:\/\/willowtechgroup.com\/de\/wp-json\/wp\/v2\/users\/1"}],"replies":[{"embeddable":true,"href":"https:\/\/willowtechgroup.com\/de\/wp-json\/wp\/v2\/comments?post=3625"}],"version-history":[{"count":0,"href":"https:\/\/willowtechgroup.com\/de\/wp-json\/wp\/v2\/pages\/3625\/revisions"}],"wp:attachment":[{"href":"https:\/\/willowtechgroup.com\/de\/wp-json\/wp\/v2\/media?parent=3625"}],"curies":[{"name":"wp","href":"https:\/\/api.w.org\/{rel}","templated":true}]}}