{"id":3637,"date":"2023-06-24T11:54:38","date_gmt":"2023-06-24T10:54:38","guid":{"rendered":"https:\/\/willowtechgroup.com\/?page_id=3637"},"modified":"2023-10-04T11:39:04","modified_gmt":"2023-10-04T10:39:04","slug":"telco-cloud-orchestration","status":"publish","type":"page","link":"https:\/\/willowtechgroup.com\/de\/telco-cloud-orchestration\/","title":{"rendered":"Telekommunikations-Cloud und Orchestrierung"},"content":{"rendered":"<section class=\"wpb-content-wrapper\"><div id=\"tm-row-69d8fe92a3b6f\" data-vc-full-width=\"true\" data-vc-full-width-init=\"false\" class=\"vc_row vc_row-outer vc_row-fluid\"><div id=\"tm-column-69d8fe92a3ec9\" class=\"wpb_column vc_column_container vc_col-sm-12\"><div class=\"vc_column-inner\"><div class=\"wpb_wrapper\">\n<div class=\"tm-heading  center tm-animation move-up\" id=\"tm-heading-69d8fe92a4108\">\n\t<h2 class=\"heading\" ><mark>Telekommunikations-Cloud und Orchestrierung<\/mark><\/h2><\/div>\n\n<div class=\"tm-spacer\" id=\"tm-spacer-69d8fe92a43b4\"><\/div>\n\n<div class=\"tm-heading  center tm-animation move-up\" id=\"tm-heading-69d8fe92a4449\">\n\t<div class=\"heading\" >Der Aufbau einer zukunftssicheren Cloud-Architektur f\u00fcr Telekommunikationsnetzwerke ist kompliziert und herausfordernd, insbesondere wenn die Automatisierung von xNF und Service-Onboarding zu einer Verlangsamung der Markteinf\u00fchrungszeit f\u00fchrt.<\/div><\/div>\n\n<div class=\"tm-spacer\" id=\"tm-spacer-69d8fe92a46c1\"><\/div>\n<\/div><\/div><\/div><\/div><div class=\"vc_row-full-width vc_clearfix\"><\/div><div id=\"tm-row-69d8fe92a47ab\" data-vc-full-width=\"true\" data-vc-full-width-init=\"false\" class=\"vc_row vc_row-outer vc_row-fluid\"><div id=\"tm-column-69d8fe92a4c85\" class=\"wpb_column vc_column_container vc_col-sm-12\"><div class=\"vc_column-inner\"><div class=\"wpb_wrapper\"><div id=\"tm-row-inner-69d8fe92a4eba\" class=\"vc_row vc_inner vc_row-fluid vc_row-o-equal-height vc_row-flex\"><div id=\"tm-column-inner-69d8fe92a5101\" class=\"wpb_column vc_column_container vc_col-sm-6\"><div class=\"vc_column-inner\"><div class=\"wpb_wrapper\">\n<div class=\"tm-heading  left tm-animation move-up\" id=\"tm-heading-69d8fe92a52cd\">\n\t<h3 class=\"heading\" >Telekommunikations-Cloud und Orchestrierung<\/h3><\/div>\n\n\n<div class=\"tm-heading vc_custom_1687848285841  left tm-animation move-up\" id=\"tm-heading-69d8fe92a55b1\">\n\t<div class=\"heading\" >Unser Telco Cloud and Orchestration-Service vereint Cloud-Computing-Technologien, Virtualisierung und Automatisierung, um die F\u00e4higkeiten von Telekommunikationsnetzwerken vom Kern bis zum Rand neu zu definieren. Wir verwandeln herk\u00f6mmliche Telekommunikationsnetzwerke in agilere, skalierbarere und kosteng\u00fcnstigere Infrastrukturen, die ihren Kunden einen effizienteren und reaktionsschnelleren Service bieten k\u00f6nnen.<\/div><\/div>\n\n<\/div><\/div><\/div><div id=\"tm-column-inner-69d8fe92a58bb\" class=\"wpb_column vc_column_container vc_col-sm-6\"><div class=\"vc_column-inner\"><div class=\"wpb_wrapper\"><div class=\"tm-spacer\" id=\"tm-spacer-69d8fe92a5cb8\"><\/div>\n<\/div><\/div><\/div><\/div><\/div><\/div><\/div><\/div><div class=\"vc_row-full-width vc_clearfix\"><\/div><div id=\"tm-row-69d8fe92a5dec\" class=\"vc_row vc_row-outer vc_row-fluid\"><div id=\"tm-column-69d8fe92a6098\" class=\"wpb_column vc_column_container vc_col-sm-12\"><div class=\"vc_column-inner\"><div class=\"wpb_wrapper\"><div id=\"tm-row-inner-69d8fe92a62e5\" class=\"vc_row vc_inner vc_row-fluid\"><div id=\"tm-column-inner-69d8fe92a6529\" class=\"wpb_column vc_column_container vc_col-sm-12\"><div class=\"vc_column-inner\"><div class=\"wpb_wrapper\">\n<div class=\"tm-heading  left tm-animation move-up\" id=\"tm-heading-69d8fe92a673d\">\n\t<h3 class=\"heading\" >Vorteile der Telekommunikations-Cloud-Automatisierung<\/h3><\/div>\n\n\n<div class=\"tm-heading vc_custom_1687848375689  left tm-animation move-up\" id=\"tm-heading-69d8fe92a6a30\">\n\t<h3 class=\"heading\" >Profitieren Sie von einem konsistenten Multi-Cloud-Betrieb, der die Interoperabilit\u00e4t erleichtert und die Verwaltung vereinfacht<br \/>\n\u00dcbersetzung von Telekommunikationsanforderungen in einem sich schnell entwickelnden Multi-Cloud-\u00d6kosystem.<\/h3><\/div>\n\n\n\t<div class=\"wpb_text_column wpb_content_element  vc_custom_1687848407337 p-txt\" >\n\t\t<div class=\"wpb_wrapper\">\n\t\t\t<ul style=\"text-align: left;\">\n<li>\u00a0Beschleunigen Sie die Markteinf\u00fchrungszeit mit einem herstellerneutralen Ansatz f\u00fcr die Entwicklung und Einf\u00fchrung von Netzwerkfunktionen und\/oder -diensten.<\/li>\n<li>Nutzen Sie Netzwerkfunktionen mehrerer Anbieter, um die St\u00e4rken und F\u00e4higkeiten verschiedener Anbieter zu nutzen und diejenigen auszuw\u00e4hlen, die am besten zu Ihrem Unternehmen passen.<\/li>\n<li>Automatisieren Sie das Lebenszyklusmanagement, damit Sie sich auf Ihre Kunden und nicht auf betriebliche Probleme konzentrieren k\u00f6nnen.<\/li>\n<li>Erstellen, isolieren und verwalten Sie On-Demand-Netzwerke, die auf einer gemeinsamen Infrastruktur laufen, und programmieren Sie sie mit Network-Slicing-Automatisierung f\u00fcr gesch\u00e4ftsspezifische Zwecke.<\/li>\n<li>Reduzieren Sie Kosten, profitieren Sie von schlankeren Netzwerkprozessen, einem geringeren Risiko menschlicher Fehler und einer Ressourcenoptimierung dank effektivem NF-Management.<\/li>\n<\/ul>\n\n\t\t<\/div>\n\t<\/div>\n<\/div><\/div><\/div><\/div><\/div><\/div><\/div><\/div><div id=\"tm-row-69d8fe92a6e30\" data-vc-full-width=\"true\" data-vc-full-width-init=\"false\" class=\"vc_row vc_row-outer vc_row-fluid\"><div id=\"tm-column-69d8fe92a702c\" class=\"wpb_column vc_column_container vc_col-sm-12\"><div class=\"vc_column-inner\"><div class=\"wpb_wrapper\">\n<div class=\"tm-heading  center tm-animation move-up\" id=\"tm-heading-69d8fe92a71e5\">\n\t<h2 class=\"heading\" ><mark>Transformational \u2013 virtualisiert \u2013 rationalisiert<\/mark><\/h2><\/div>\n\n<div class=\"tm-spacer\" id=\"tm-spacer-69d8fe92a745d\"><\/div>\n\n<div class=\"tm-heading  center tm-animation move-up\" id=\"tm-heading-69d8fe92a74e8\">\n\t<h2 class=\"heading\" ><mark>Telekommunikations-Cloud- und Orchestrierungskomponenten<\/mark><\/h2><\/div>\n\n<\/div><\/div><\/div><\/div><div class=\"vc_row-full-width vc_clearfix\"><\/div><div id=\"tm-row-69d8fe92a780c\" class=\"vc_row vc_row-outer vc_row-fluid min-h-ic-box\"><div id=\"tm-column-69d8fe92a79f1\" class=\"wpb_column vc_column_container vc_col-sm-12\"><div class=\"vc_column-inner\"><div class=\"wpb_wrapper\"><div id=\"tm-row-inner-69d8fe92a7bc3\" class=\"vc_row vc_inner vc_row-fluid\"><div id=\"tm-column-inner-69d8fe92a7daa\" class=\"wpb_column vc_column_container vc_col-sm-6\"><div class=\"vc_column-inner\"><div class=\"wpb_wrapper\"><div class=\"tm-box-icon  style-2 style-align-center tm-animation move-up\" id=\"tm-box-icon-69d8fe92a7f4f\">\n\t\t<div class=\"content-wrap\">\n\n\t\t\t<div class=\"image\">\n\t\t\t<img decoding=\"async\" src=\"https:\/\/willowtechgroup.com\/wp-content\/uploads\/2023\/04\/Icon-20.svg\" alt=\"Icon 20\" \/>\t\t<\/div>\n\t\n\t\n\t<div class=\"content\">\n\t\t<div class=\"box-header\">\n\t\t\t\t\t\t\t<h4 class=\"heading\">\n\t\t\t\t\t\n\t\t\t\t\t\tVirtuelle Netzwerkfunktionen (VNFs)\n\t\t\t\t\t\t\n\t\t\t\t<\/h4>\n\t\t\t\t\t<\/div>\n\n\t\t\t\t\t<div class=\"text\">Telco Cloud nutzt Virtualisierungstechnologien zur Bereitstellung und Verwaltung von VNFs, um Flexibilit\u00e4t und Ressourceneffizienz zu maximieren.<\/div>\t\t\n\t\t\t\t\t\t\t\n\t\t\t<\/div>\n<\/div>\n<\/div>\n<\/div><\/div><\/div><div id=\"tm-column-inner-69d8fe92a8fcb\" class=\"wpb_column vc_column_container vc_col-sm-6\"><div class=\"vc_column-inner\"><div class=\"wpb_wrapper\"><div class=\"tm-box-icon  style-2 style-align-center tm-animation move-up\" id=\"tm-box-icon-69d8fe92a916f\">\n\t\t<div class=\"content-wrap\">\n\n\t\t\t<div class=\"image\">\n\t\t\t<img decoding=\"async\" src=\"https:\/\/willowtechgroup.com\/wp-content\/uploads\/2023\/04\/Icon-12-1.svg\" alt=\"Icon 12 (1)\" \/>\t\t<\/div>\n\t\n\t\n\t<div class=\"content\">\n\t\t<div class=\"box-header\">\n\t\t\t\t\t\t\t<h4 class=\"heading\">\n\t\t\t\t\t\n\t\t\t\t\t\tNetzwerkfunktionsvirtualisierungsinfrastruktur (NFVI)\n\t\t\t\t\t\t\n\t\t\t\t<\/h4>\n\t\t\t\t\t<\/div>\n\n\t\t\t\t\t<div class=\"text\">Hardware und Software zur Unterst\u00fctzung der Ausf\u00fchrung von VNFs, einschlie\u00dflich Servern, Speicher, Netzwerkressourcen und mehr, um VNFs in einer Cloud-\u00e4hnlichen Umgebung zu hosten.<\/div>\t\t\n\t\t\t\t\t\t\t\n\t\t\t<\/div>\n<\/div>\n<\/div>\n<\/div><\/div><\/div><\/div><div id=\"tm-row-inner-69d8fe92aa0fb\" class=\"vc_row vc_inner vc_row-fluid\"><div id=\"tm-column-inner-69d8fe92aa2e9\" class=\"wpb_column vc_column_container vc_col-sm-6\"><div class=\"vc_column-inner\"><div class=\"wpb_wrapper\"><div class=\"tm-box-icon  style-2 style-align-center tm-animation move-up\" id=\"tm-box-icon-69d8fe92aa477\">\n\t\t<div class=\"content-wrap\">\n\n\t\t\t<div class=\"image\">\n\t\t\t<img decoding=\"async\" src=\"https:\/\/willowtechgroup.com\/wp-content\/uploads\/2023\/05\/Icon-26.svg\" alt=\"Icon 26\" \/>\t\t<\/div>\n\t\n\t\n\t<div class=\"content\">\n\t\t<div class=\"box-header\">\n\t\t\t\t\t\t\t<h4 class=\"heading\">\n\t\t\t\t\t\n\t\t\t\t\t\tManagement und Orchestrierung (MANO)\n\t\t\t\t\t\t\n\t\t\t\t<\/h4>\n\t\t\t\t\t<\/div>\n\n\t\t\t\t\t<div class=\"text\">MANO-Prozesse und -Tools sorgen daf\u00fcr, dass VNFs und NFVI optimal funktionieren. MANO-Plattformen erm\u00f6glichen Automatisierung, Skalierbarkeit und effiziente Ressourcennutzung in Telekommunikationsnetzwerken.<\/div>\t\t\n\t\t\t\t\t\t\t\n\t\t\t<\/div>\n<\/div>\n<\/div>\n<\/div><\/div><\/div><div id=\"tm-column-inner-69d8fe92ab386\" class=\"wpb_column vc_column_container vc_col-sm-6\"><div class=\"vc_column-inner\"><div class=\"wpb_wrapper\"><div class=\"tm-box-icon  style-2 style-align-center tm-animation move-up\" id=\"tm-box-icon-69d8fe92ab522\">\n\t\t<div class=\"content-wrap\">\n\n\t\t\t<div class=\"image\">\n\t\t\t<img decoding=\"async\" src=\"https:\/\/willowtechgroup.com\/wp-content\/uploads\/2023\/04\/Icon-18.svg\" alt=\"Icon 18\" \/>\t\t<\/div>\n\t\n\t\n\t<div class=\"content\">\n\t\t<div class=\"box-header\">\n\t\t\t\t\t\t\t<h4 class=\"heading\">\n\t\t\t\t\t\n\t\t\t\t\t\tSoftwaredefiniertes Netzwerk (SDN)\n\t\t\t\t\t\t\n\t\t\t\t<\/h4>\n\t\t\t\t\t<\/div>\n\n\t\t\t\t\t<div class=\"text\">Die SDN-Technologie verbessert die Netzwerkflexibilit\u00e4t, senkt die Betriebskosten und bietet gleichzeitig allen Benutzern ein konsistentes, zuverl\u00e4ssiges und qualitativ hochwertiges Erlebnis.<\/div>\t\t\n\t\t\t\t\t\t\t\n\t\t\t<\/div>\n<\/div>\n<\/div>\n<\/div><\/div><\/div><\/div><\/div><\/div><\/div><\/div><div id=\"tm-row-69d8fe92ac3da\" data-vc-full-width=\"true\" data-vc-full-width-init=\"false\" class=\"vc_row vc_row-outer vc_row-fluid vc_row-o-content-middle vc_row-flex\"><div id=\"tm-column-69d8fe92ac64e\" class=\"wpb_column vc_column_container vc_col-sm-12\"><div class=\"vc_column-inner\"><div class=\"wpb_wrapper\">\n<div class=\"tm-heading modern-icon center tm-animation move-up\" id=\"tm-heading-69d8fe92ac81f\">\n\t<h3 class=\"heading\" >Dynamischer, effizienter und agiler Telekommunikationsbetrieb f\u00fcr heute und morgen<\/h3><\/div>\n\n<\/div><\/div><\/div><\/div><div class=\"vc_row-full-width vc_clearfix\"><\/div>\n<\/section>","protected":false},"excerpt":{"rendered":"Telekommunikations-Cloud und -Orchestrierung Der Aufbau einer zukunftssicheren Cloud-Architektur f\u00fcr Telekommunikationsnetzwerke ist kompliziert und herausfordernd, insbesondere wenn die Automatisierung von xNF und Service-Onboarding zu einer Verlangsamung der Markteinf\u00fchrungszeit f\u00fchrt. Telco Cloud &amp; Orchestration Unser Telco Cloud and Orchestration-Service vereint Cloud-Computing-Technologien, Virtualisierung und Automatisierung, um die F\u00e4higkeiten von Telekommunikationsnetzwerken vom Kern bis zum Rand neu zu definieren. Wir verwandeln herk\u00f6mmliche Telekommunikationsnetzwerke in agilere, skalierbarere und kosteng\u00fcnstigere Infrastrukturen, die ihren Kunden einen effizienteren und reaktionsschnelleren Service bieten k\u00f6nnen. Vorteile der Telekommunikations-Cloud-Automatisierung: Profitieren Sie von einem konsistenten Multi-Cloud-Betrieb, der die Interoperabilit\u00e4t erleichtert und die Umsetzung von Telekommunikationsanforderungen in einem sich schnell entwickelnden Multi-Cloud-\u00d6kosystem vereinfacht. Beschleunigen Sie die Markteinf\u00fchrungszeit mit einem herstellerneutralen Ansatz f\u00fcr die Entwicklung und Einf\u00fchrung von Netzwerkfunktionen und\/oder -diensten. Nutzen Sie Netzwerkfunktionen mehrerer Anbieter, um die St\u00e4rken und F\u00e4higkeiten verschiedener Anbieter zu nutzen und diejenigen auszuw\u00e4hlen, die am besten zu Ihrem Unternehmen passen. Automatisieren Sie das Lebenszyklusmanagement, damit Sie sich auf Ihre Kunden und nicht auf betriebliche Probleme konzentrieren k\u00f6nnen. Erstellen, isolieren und verwalten Sie On-Demand-Netzwerke, die auf einer gemeinsamen Infrastruktur laufen, und programmieren Sie sie mit Network-Slicing-Automatisierung f\u00fcr gesch\u00e4ftsspezifische Zwecke. Reduzieren Sie Kosten, profitieren Sie von schlankeren Netzwerkprozessen, einem geringeren Risiko menschlicher Fehler und einer Ressourcenoptimierung dank effektivem NF-Management. Transformational \u2013 Virtualisiert \u2013 Optimiert Telekommunikations-Cloud und Orchestrierungskomponenten Virtuelle Netzwerkfunktionen (VNFs) Telco Cloud nutzt Virtualisierungstechnologien, um VNFs bereitzustellen und zu verwalten und so Flexibilit\u00e4t und Ressourceneffizienz zu maximieren. Network Function Virtualization Infrastructure (NFVI) Hardware und Software zur Unterst\u00fctzung der Ausf\u00fchrung von VNFs, einschlie\u00dflich Servern, Speicher, Netzwerkressourcen und mehr, um VNFs in einer Cloud-\u00e4hnlichen Umgebung zu hosten. Management und Orchestrierung (MANO) MANO-Prozesse und -Tools sorgen daf\u00fcr, dass VNFs und NFVI optimal funktionieren. MANO-Plattformen erm\u00f6glichen Automatisierung, Skalierbarkeit und effiziente Ressourcennutzung in Telekommunikationsnetzwerken. Software-Defined Networking (SDN) Die SDN-Technologie verbessert die Netzwerkflexibilit\u00e4t, senkt die Betriebskosten und bietet gleichzeitig allen Benutzern ein konsistentes, zuverl\u00e4ssiges und qualitativ hochwertiges Erlebnis. Dynamischer, effizienter und agiler Telekommunikationsbetrieb f\u00fcr heute und morgen","protected":false},"author":1,"featured_media":0,"parent":0,"menu_order":0,"comment_status":"closed","ping_status":"closed","template":"","meta":{"content-type":"","footnotes":""},"class_list":["post-3637","page","type-page","status-publish","hentry"],"yoast_head":"<!-- This site is optimized with the Yoast SEO plugin v27.3 - https:\/\/yoast.com\/product\/yoast-seo-wordpress\/ -->\n<title>Telco Cloud &amp; Orchestration - WillowTech Group<\/title>\n<meta name=\"robots\" content=\"index, follow, max-snippet:-1, max-image-preview:large, max-video-preview:-1\" \/>\n<link rel=\"canonical\" href=\"https:\/\/willowtechgroup.com\/de\/telco-cloud-orchestration\/\" \/>\n<meta property=\"og:locale\" content=\"de_DE\" \/>\n<meta property=\"og:type\" content=\"article\" \/>\n<meta property=\"og:title\" content=\"Telco Cloud &amp; Orchestration - WillowTech Group\" \/>\n<meta property=\"og:url\" content=\"https:\/\/willowtechgroup.com\/de\/telco-cloud-orchestration\/\" \/>\n<meta property=\"og:site_name\" content=\"WillowTech Group\" \/>\n<meta property=\"article:modified_time\" content=\"2023-10-04T10:39:04+00:00\" \/>\n<meta name=\"twitter:card\" content=\"summary_large_image\" \/>\n<meta name=\"twitter:label1\" content=\"Gesch\u00e4tzte Lesezeit\" \/>\n\t<meta name=\"twitter:data1\" content=\"4\u00a0Minuten\" \/>\n<script type=\"application\/ld+json\" class=\"yoast-schema-graph\">{\"@context\":\"https:\\\/\\\/schema.org\",\"@graph\":[{\"@type\":\"WebPage\",\"@id\":\"https:\\\/\\\/willowtechgroup.com\\\/telco-cloud-orchestration\\\/\",\"url\":\"https:\\\/\\\/willowtechgroup.com\\\/telco-cloud-orchestration\\\/\",\"name\":\"Telco Cloud &amp; Orchestration - WillowTech Group\",\"isPartOf\":{\"@id\":\"https:\\\/\\\/willowtechgroup.com\\\/#website\"},\"datePublished\":\"2023-06-24T10:54:38+00:00\",\"dateModified\":\"2023-10-04T10:39:04+00:00\",\"breadcrumb\":{\"@id\":\"https:\\\/\\\/willowtechgroup.com\\\/telco-cloud-orchestration\\\/#breadcrumb\"},\"inLanguage\":\"de\",\"potentialAction\":[{\"@type\":\"ReadAction\",\"target\":[\"https:\\\/\\\/willowtechgroup.com\\\/telco-cloud-orchestration\\\/\"]}]},{\"@type\":\"BreadcrumbList\",\"@id\":\"https:\\\/\\\/willowtechgroup.com\\\/telco-cloud-orchestration\\\/#breadcrumb\",\"itemListElement\":[{\"@type\":\"ListItem\",\"position\":1,\"name\":\"Home\",\"item\":\"https:\\\/\\\/willowtechgroup.com\\\/\"},{\"@type\":\"ListItem\",\"position\":2,\"name\":\"Telco Cloud &amp; Orchestration\"}]},{\"@type\":\"WebSite\",\"@id\":\"https:\\\/\\\/willowtechgroup.com\\\/#website\",\"url\":\"https:\\\/\\\/willowtechgroup.com\\\/\",\"name\":\"WillowTech Group\",\"description\":\"IT Consultation &amp; Services\",\"publisher\":{\"@id\":\"https:\\\/\\\/willowtechgroup.com\\\/#organization\"},\"potentialAction\":[{\"@type\":\"SearchAction\",\"target\":{\"@type\":\"EntryPoint\",\"urlTemplate\":\"https:\\\/\\\/willowtechgroup.com\\\/?s={search_term_string}\"},\"query-input\":{\"@type\":\"PropertyValueSpecification\",\"valueRequired\":true,\"valueName\":\"search_term_string\"}}],\"inLanguage\":\"de\"},{\"@type\":\"Organization\",\"@id\":\"https:\\\/\\\/willowtechgroup.com\\\/#organization\",\"name\":\"WillowTech Group\",\"url\":\"https:\\\/\\\/willowtechgroup.com\\\/\",\"logo\":{\"@type\":\"ImageObject\",\"inLanguage\":\"de\",\"@id\":\"https:\\\/\\\/willowtechgroup.com\\\/#\\\/schema\\\/logo\\\/image\\\/\",\"url\":\"https:\\\/\\\/willowtechgroup.com\\\/wp-content\\\/uploads\\\/2018\\\/10\\\/Logo-290X70-3.svg\",\"contentUrl\":\"https:\\\/\\\/willowtechgroup.com\\\/wp-content\\\/uploads\\\/2018\\\/10\\\/Logo-290X70-3.svg\",\"width\":\"1024\",\"height\":\"1024\",\"caption\":\"WillowTech Group\"},\"image\":{\"@id\":\"https:\\\/\\\/willowtechgroup.com\\\/#\\\/schema\\\/logo\\\/image\\\/\"}}]}<\/script>\n<!-- \/ Yoast SEO plugin. -->","yoast_head_json":{"title":"Telco Cloud &amp; Orchestrierung \u2013 WillowTech Group","robots":{"index":"index","follow":"follow","max-snippet":"max-snippet:-1","max-image-preview":"max-image-preview:large","max-video-preview":"max-video-preview:-1"},"canonical":"https:\/\/willowtechgroup.com\/de\/telco-cloud-orchestration\/","og_locale":"de_DE","og_type":"article","og_title":"Telco Cloud &amp; Orchestration - WillowTech Group","og_url":"https:\/\/willowtechgroup.com\/de\/telco-cloud-orchestration\/","og_site_name":"WillowTech Group","article_modified_time":"2023-10-04T10:39:04+00:00","twitter_card":"summary_large_image","twitter_misc":{"Gesch\u00e4tzte Lesezeit":"4\u00a0Minuten"},"schema":{"@context":"https:\/\/schema.org","@graph":[{"@type":"WebPage","@id":"https:\/\/willowtechgroup.com\/telco-cloud-orchestration\/","url":"https:\/\/willowtechgroup.com\/telco-cloud-orchestration\/","name":"Telco Cloud &amp; Orchestrierung \u2013 WillowTech Group","isPartOf":{"@id":"https:\/\/willowtechgroup.com\/#website"},"datePublished":"2023-06-24T10:54:38+00:00","dateModified":"2023-10-04T10:39:04+00:00","breadcrumb":{"@id":"https:\/\/willowtechgroup.com\/telco-cloud-orchestration\/#breadcrumb"},"inLanguage":"de","potentialAction":[{"@type":"ReadAction","target":["https:\/\/willowtechgroup.com\/telco-cloud-orchestration\/"]}]},{"@type":"BreadcrumbList","@id":"https:\/\/willowtechgroup.com\/telco-cloud-orchestration\/#breadcrumb","itemListElement":[{"@type":"ListItem","position":1,"name":"Home","item":"https:\/\/willowtechgroup.com\/"},{"@type":"ListItem","position":2,"name":"Telco Cloud &amp; Orchestration"}]},{"@type":"WebSite","@id":"https:\/\/willowtechgroup.com\/#website","url":"https:\/\/willowtechgroup.com\/","name":"WillowTech-Gruppe","description":"IT-Beratung &amp; Services","publisher":{"@id":"https:\/\/willowtechgroup.com\/#organization"},"potentialAction":[{"@type":"SearchAction","target":{"@type":"EntryPoint","urlTemplate":"https:\/\/willowtechgroup.com\/?s={search_term_string}"},"query-input":{"@type":"PropertyValueSpecification","valueRequired":true,"valueName":"search_term_string"}}],"inLanguage":"de"},{"@type":"Organization","@id":"https:\/\/willowtechgroup.com\/#organization","name":"WillowTech-Gruppe","url":"https:\/\/willowtechgroup.com\/","logo":{"@type":"ImageObject","inLanguage":"de","@id":"https:\/\/willowtechgroup.com\/#\/schema\/logo\/image\/","url":"https:\/\/willowtechgroup.com\/wp-content\/uploads\/2018\/10\/Logo-290X70-3.svg","contentUrl":"https:\/\/willowtechgroup.com\/wp-content\/uploads\/2018\/10\/Logo-290X70-3.svg","width":"1024","height":"1024","caption":"WillowTech Group"},"image":{"@id":"https:\/\/willowtechgroup.com\/#\/schema\/logo\/image\/"}}]}},"_links":{"self":[{"href":"https:\/\/willowtechgroup.com\/de\/wp-json\/wp\/v2\/pages\/3637","targetHints":{"allow":["GET"]}}],"collection":[{"href":"https:\/\/willowtechgroup.com\/de\/wp-json\/wp\/v2\/pages"}],"about":[{"href":"https:\/\/willowtechgroup.com\/de\/wp-json\/wp\/v2\/types\/page"}],"author":[{"embeddable":true,"href":"https:\/\/willowtechgroup.com\/de\/wp-json\/wp\/v2\/users\/1"}],"replies":[{"embeddable":true,"href":"https:\/\/willowtechgroup.com\/de\/wp-json\/wp\/v2\/comments?post=3637"}],"version-history":[{"count":0,"href":"https:\/\/willowtechgroup.com\/de\/wp-json\/wp\/v2\/pages\/3637\/revisions"}],"wp:attachment":[{"href":"https:\/\/willowtechgroup.com\/de\/wp-json\/wp\/v2\/media?parent=3637"}],"curies":[{"name":"wp","href":"https:\/\/api.w.org\/{rel}","templated":true}]}}