{"id":3749,"date":"2023-07-03T05:59:12","date_gmt":"2023-07-03T04:59:12","guid":{"rendered":"https:\/\/willowtechgroup.com\/?page_id=3749"},"modified":"2024-12-10T12:43:50","modified_gmt":"2024-12-10T12:43:50","slug":"ran","status":"publish","type":"page","link":"https:\/\/willowtechgroup.com\/de\/ran\/","title":{"rendered":"RAN"},"content":{"rendered":"<section class=\"wpb-content-wrapper\"><div id=\"tm-row-69e43e05992aa\" data-vc-full-width=\"true\" data-vc-full-width-init=\"false\" class=\"vc_row vc_row-outer vc_row-fluid\"><div id=\"tm-column-69e43e059962f\" class=\"wpb_column vc_column_container vc_col-sm-12\"><div class=\"vc_column-inner\"><div class=\"wpb_wrapper\">\n<div class=\"tm-heading  center tm-animation move-up\" id=\"tm-heading-69e43e0599844\">\n\t<h2 class=\"heading\" ><mark>RAN-Netzwerk<\/mark><\/h2><\/div>\n\n<div class=\"tm-spacer\" id=\"tm-spacer-69e43e0599af8\"><\/div>\n\n<div class=\"tm-heading  center tm-animation move-up\" id=\"tm-heading-69e43e0599b8a\">\n\t<div class=\"heading\" >Das RAN-Netzwerk (auch Zugangsnetzwerk genannt) ist eine Schl\u00fcsselkomponente jedes drahtlosen Telekommunikationssystems und die letzte Verbindung zwischen dem Netzwerk und dem Telefon. Es befindet sich jetzt in der f\u00fcnften Generation und verf\u00fcgt \u00fcber Funktionen wie Sprachanrufe, Textnachrichten sowie Video- und Audio-Streaming. Die Benutzertypen haben sich ebenfalls weiterentwickelt und umfassen alle Arten von Fahrzeugen, Drohnen und Internet-of-Things-Ger\u00e4ten.<\/div><\/div>\n\n<div class=\"tm-spacer\" id=\"tm-spacer-69e43e0599e07\"><\/div>\n<\/div><\/div><\/div><\/div><div class=\"vc_row-full-width vc_clearfix\"><\/div><div id=\"tm-row-69e43e0599eee\" data-vc-full-width=\"true\" data-vc-full-width-init=\"false\" class=\"vc_row vc_row-outer vc_row-fluid\"><div id=\"tm-column-69e43e059a3ec\" class=\"wpb_column vc_column_container vc_col-sm-12\"><div class=\"vc_column-inner\"><div class=\"wpb_wrapper\"><div id=\"tm-row-inner-69e43e059a620\" class=\"vc_row vc_inner vc_row-fluid vc_row-o-equal-height vc_row-flex\"><div id=\"tm-column-inner-69e43e059a854\" class=\"wpb_column vc_column_container vc_col-sm-6\"><div class=\"vc_column-inner\"><div class=\"wpb_wrapper\">\n<div class=\"tm-heading  left tm-animation move-up\" id=\"tm-heading-69e43e059aa82\">\n\t<h3 class=\"heading\" >RAN-Netzwerk<\/h3><\/div>\n\n\n<div class=\"tm-heading vc_custom_1688473550744  left tm-animation move-up\" id=\"tm-heading-69e43e059ad7e\">\n\t<div class=\"heading\" >5G ist die neueste Generation von RAN. 5G setzt auf ein vollst\u00e4ndig koordiniertes, mehrschichtiges Netzwerk mit niedrigen bis hohen B\u00e4ndern, um eine optimale Netzwerkleistung zu gew\u00e4hrleisten<br \/>\nneue Einnahmequellen f\u00fcr Dienstanbieter und verbesserte Konnektivit\u00e4tsm\u00f6glichkeiten f\u00fcr Abonnenten, einschlie\u00dflich, aber nicht beschr\u00e4nkt auf:<\/div><\/div>\n\n\n\t<div class=\"wpb_text_column wpb_content_element\" >\n\t\t<div class=\"wpb_wrapper\">\n\t\t\t<table class=\"revnue-est\" style=\"color: #174c9b; font-style: normal; font-weight: 600;\">\n<tbody>\n<tr>\n<td>\u2022 AR\/VR<\/td>\n<td>\u2022 Cloud-Gaming<\/td>\n<\/tr>\n<tr>\n<td>\u2022 Autonomes Fahren<\/td>\n<td>\u2022 Fester WLAN-Zugang<\/td>\n<\/tr>\n<\/tbody>\n<\/table>\n\n\t\t<\/div>\n\t<\/div>\n<\/div><\/div><\/div><div id=\"tm-column-inner-69e43e059b14b\" class=\"wpb_column vc_column_container vc_col-sm-6\"><div class=\"vc_column-inner\"><div class=\"wpb_wrapper\"><div class=\"tm-spacer\" id=\"tm-spacer-69e43e059b58e\"><\/div>\n<\/div><\/div><\/div><\/div><\/div><\/div><\/div><\/div><div class=\"vc_row-full-width vc_clearfix\"><\/div><div id=\"tm-row-69e43e059b6b0\" class=\"vc_row vc_row-outer vc_row-fluid\"><div id=\"tm-column-69e43e059b8fa\" class=\"wpb_column vc_column_container vc_col-sm-12\"><div class=\"vc_column-inner\"><div class=\"wpb_wrapper\"><div class=\"tm-spacer\" id=\"tm-spacer-69e43e059ba4f\"><\/div>\n<\/div><\/div><\/div><\/div><div id=\"tm-row-69e43e059bb2a\" class=\"vc_row vc_row-outer vc_row-fluid\"><div id=\"tm-column-69e43e059bd6a\" class=\"wpb_column vc_column_container vc_col-sm-12\"><div class=\"vc_column-inner\"><div class=\"wpb_wrapper\"><div id=\"tm-row-inner-69e43e059bf4b\" class=\"vc_row vc_inner vc_row-fluid\"><div id=\"tm-column-inner-69e43e059c131\" class=\"wpb_column vc_column_container vc_col-sm-12\"><div class=\"vc_column-inner\"><div class=\"wpb_wrapper\">\n<div class=\"tm-heading  center tm-animation move-up\" id=\"tm-heading-69e43e059c338\">\n\t<h2 class=\"heading\" ><mark>5G RAN-Netzwerkleistung<\/mark><\/h2><\/div>\n\n<div class=\"tm-spacer\" id=\"tm-spacer-69e43e059c5ca\"><\/div>\n<\/div><\/div><\/div><\/div><\/div><\/div><\/div><\/div><div id=\"tm-row-69e43e059c6c1\" class=\"vc_row vc_row-outer vc_row-fluid learn_box\"><div id=\"tm-column-69e43e059c8ac\" class=\"wpb_column vc_column_container vc_col-sm-12\"><div class=\"vc_column-inner\"><div class=\"wpb_wrapper\"><div id=\"tm-row-inner-69e43e059ca83\" class=\"vc_row vc_inner vc_row-fluid learn_box\"><div id=\"tm-column-inner-69e43e059cc58\" class=\"wpb_column vc_column_container vc_col-sm-6\"><div class=\"vc_column-inner\"><div class=\"wpb_wrapper\"><div class=\"tm-box-icon  learn_box style-2 style-align-center tm-animation move-up\" id=\"tm-box-icon-69e43e059cdfb\">\n\t\t<div class=\"content-wrap\">\n\n\t\t\t<div class=\"image\">\n\t\t\t<img decoding=\"async\" src=\"https:\/\/willowtechgroup.com\/wp-content\/uploads\/2023\/07\/Icon-48.svg\" alt=\"Icon 48\" \/>\t\t<\/div>\n\t\n\t\n\t<div class=\"content\">\n\t\t<div class=\"box-header\">\n\t\t\t\t\t<\/div>\n\n\t\t\n\t\t\t\t\t\t\t\t\t<ul class=\"box-icon-list\">\n\t\t\t\t\t<li><i class=\"fas fa-check\"><\/i>Den M\u00f6glichkeiten von 5G RAN sind keine Grenzen gesetzt.<\/li>\n\t\t\t\t<\/ul>\n\t\t\t\t\t\t\t\t\t\t\t\t<ul class=\"box-icon-list\">\n\t\t\t\t\t<li><i class=\"fas fa-check\"><\/i>Indoor-5G-Kleinzellenl\u00f6sungen bieten leistungsstarke, robuste Netzwerke f\u00fcr Unternehmen jeder Gr\u00f6\u00dfe.<\/li>\n\t\t\t\t<\/ul>\n\t\t\t\t\t\n\t\t\t<\/div>\n<\/div>\n<\/div>\n<\/div><\/div><\/div><div id=\"tm-column-inner-69e43e059dd5c\" class=\"wpb_column vc_column_container vc_col-sm-6\"><div class=\"vc_column-inner\"><div class=\"wpb_wrapper\"><div class=\"tm-box-icon  learn_box style-2 style-align-center tm-animation move-up\" id=\"tm-box-icon-69e43e059defb\">\n\t\t<div class=\"content-wrap\">\n\n\t\t\t<div class=\"image\">\n\t\t\t<img decoding=\"async\" src=\"https:\/\/willowtechgroup.com\/wp-content\/uploads\/2023\/07\/Icon-49.svg\" alt=\"Icon 49\" \/>\t\t<\/div>\n\t\n\t\n\t<div class=\"content\">\n\t\t<div class=\"box-header\">\n\t\t\t\t\t<\/div>\n\n\t\t\n\t\t\t\t\t\t\t\t\t<ul class=\"box-icon-list\">\n\t\t\t\t\t<li><i class=\"fas fa-check\"><\/i>Macro 5G erm\u00f6glicht eine effektive Netzwerkzugangsbereitstellung und nutzt die Massive-MIMO-Technologie, um gro\u00dfe \u00dcbertragungen und den Empfang von Daten \u00fcber ein gro\u00dfes geografisches Gebiet zu erm\u00f6glichen.<\/li>\n\t\t\t\t<\/ul>\n\t\t\t\t\t\n\t\t\t<\/div>\n<\/div>\n<\/div>\n<\/div><\/div><\/div><\/div><div id=\"tm-row-inner-69e43e059edcf\" class=\"vc_row vc_inner vc_row-fluid\"><div id=\"tm-column-inner-69e43e059efe1\" class=\"wpb_column vc_column_container vc_col-sm-6\"><div class=\"vc_column-inner\"><div class=\"wpb_wrapper\"><div class=\"tm-box-icon  style-2 style-align-center tm-animation move-up\" id=\"tm-box-icon-69e43e059f17d\">\n\t\t<div class=\"content-wrap\">\n\n\t\t\t<div class=\"image\">\n\t\t\t<img decoding=\"async\" src=\"https:\/\/willowtechgroup.com\/wp-content\/uploads\/2023\/07\/Icon-52.svg\" alt=\"Icon 52\" \/>\t\t<\/div>\n\t\n\t\n\t<div class=\"content\">\n\t\t<div class=\"box-header\">\n\t\t\t\t\t<\/div>\n\n\t\t\n\t\t\t\t\t\t\t\t\t<ul class=\"box-icon-list\">\n\t\t\t\t\t<li><i class=\"fas fa-check\"><\/i>Cloud RAN oder C-RAN ist eine neue Art von RAN-Architektur, die den Kernnetzwerkverkehr und die Latenz reduziert und so die Gesamtqualit\u00e4t des Benutzererlebnisses verbessert.<\/li>\n\t\t\t\t<\/ul>\n\t\t\t\t\t\n\t\t\t<\/div>\n<\/div>\n<\/div>\n<\/div><\/div><\/div><div id=\"tm-column-inner-69e43e05a0012\" class=\"wpb_column vc_column_container vc_col-sm-6\"><div class=\"vc_column-inner\"><div class=\"wpb_wrapper\"><div class=\"tm-box-icon  style-2 style-align-center tm-animation move-up\" id=\"tm-box-icon-69e43e05a01ed\">\n\t\t<div class=\"content-wrap\">\n\n\t\t\t<div class=\"image\">\n\t\t\t<img decoding=\"async\" src=\"https:\/\/willowtechgroup.com\/wp-content\/uploads\/2023\/07\/Icon-51.svg\" alt=\"Icon 51\" \/>\t\t<\/div>\n\t\n\t\n\t<div class=\"content\">\n\t\t<div class=\"box-header\">\n\t\t\t\t\t<\/div>\n\n\t\t\n\t\t\t\t\t\t\t\t\t<ul class=\"box-icon-list\">\n\t\t\t\t\t<li><i class=\"fas fa-check\"><\/i>RAN-Slicing ist ein wesentlicher Bestandteil der 5G-Architekturlandschaft und erm\u00f6glicht die Erstellung mehrerer Netzwerke auf einer gemeinsamen physischen Infrastruktur.<\/li>\n\t\t\t\t<\/ul>\n\t\t\t\t\t\n\t\t\t<\/div>\n<\/div>\n<\/div>\n<\/div><\/div><\/div><\/div><\/div><\/div><\/div><\/div>\n<\/section>","protected":false},"excerpt":{"rendered":"RAN-Netzwerk Das RAN-Netzwerk (auch Zugangsnetzwerk genannt) ist eine Schl\u00fcsselkomponente jedes drahtlosen Telekommunikationssystems und die letzte Verbindung zwischen dem Netzwerk und dem Telefon. Es befindet sich jetzt in der f\u00fcnften Generation und verf\u00fcgt \u00fcber Funktionen wie Sprachanrufe, Textnachrichten sowie Video- und Audio-Streaming. Die Benutzertypen haben sich ebenfalls weiterentwickelt und umfassen alle Arten von Fahrzeugen, Drohnen und Internet-of-Things-Ger\u00e4ten. RAN Network 5G ist die neueste Generation von RAN. 5G st\u00fctzt sich auf ein vollst\u00e4ndig koordiniertes, mehrschichtiges Netzwerk mit niedrigen bis hohen B\u00e4ndern, um eine optimale Netzwerkleistung zu gew\u00e4hrleisten, und bietet neue Einnahmequellen f\u00fcr Dienstanbieter und verbesserte Konnektivit\u00e4tsm\u00f6glichkeiten f\u00fcr Abonnenten, einschlie\u00dflich, aber nicht beschr\u00e4nkt auf: \u2022 AR\/VR \u2022 Cloud-Gaming \u2022 Autonomes Fahren \u2022 Fester drahtloser Zugriff 5G RAN-Netzwerkleistung Den M\u00f6glichkeiten von 5G RAN sind keine Grenzen gesetzt. Indoor-5G-Kleinzellenl\u00f6sungen bieten leistungsstarke, robuste Netzwerke f\u00fcr Unternehmen jeder Gr\u00f6\u00dfe. Macro 5G erm\u00f6glicht eine effektive Netzwerkzugangsbereitstellung und nutzt die Massive-MIMO-Technologie, um gro\u00dfe \u00dcbertragungen und den Empfang von Daten \u00fcber ein gro\u00dfes geografisches Gebiet zu erm\u00f6glichen. Cloud RAN oder C-RAN ist eine neue Art von RAN-Architektur, die den Kernnetzwerkverkehr und die Latenz reduziert und so die Gesamtqualit\u00e4t des Benutzererlebnisses verbessert. RAN-Slicing ist ein wesentlicher Bestandteil der 5G-Architekturlandschaft und erm\u00f6glicht die Erstellung mehrerer Netzwerke auf einer gemeinsamen physischen Infrastruktur.","protected":false},"author":1,"featured_media":0,"parent":0,"menu_order":0,"comment_status":"closed","ping_status":"closed","template":"","meta":{"content-type":"","footnotes":""},"class_list":["post-3749","page","type-page","status-publish","hentry"],"yoast_head":"<!-- This site is optimized with the Yoast SEO plugin v27.3 - https:\/\/yoast.com\/product\/yoast-seo-wordpress\/ -->\n<title>RAN - WillowTech Group<\/title>\n<meta name=\"robots\" content=\"index, follow, max-snippet:-1, max-image-preview:large, max-video-preview:-1\" \/>\n<link rel=\"canonical\" href=\"https:\/\/willowtechgroup.com\/de\/ran\/\" \/>\n<meta property=\"og:locale\" content=\"de_DE\" \/>\n<meta property=\"og:type\" content=\"article\" \/>\n<meta property=\"og:title\" content=\"RAN - WillowTech Group\" \/>\n<meta property=\"og:url\" content=\"https:\/\/willowtechgroup.com\/de\/ran\/\" \/>\n<meta property=\"og:site_name\" content=\"WillowTech Group\" \/>\n<meta property=\"article:modified_time\" content=\"2024-12-10T12:43:50+00:00\" \/>\n<meta name=\"twitter:card\" content=\"summary_large_image\" \/>\n<meta name=\"twitter:label1\" content=\"Gesch\u00e4tzte Lesezeit\" \/>\n\t<meta name=\"twitter:data1\" content=\"1\u00a0Minute\" \/>\n<script type=\"application\/ld+json\" class=\"yoast-schema-graph\">{\"@context\":\"https:\\\/\\\/schema.org\",\"@graph\":[{\"@type\":\"WebPage\",\"@id\":\"https:\\\/\\\/willowtechgroup.com\\\/ran\\\/\",\"url\":\"https:\\\/\\\/willowtechgroup.com\\\/ran\\\/\",\"name\":\"RAN - WillowTech Group\",\"isPartOf\":{\"@id\":\"https:\\\/\\\/willowtechgroup.com\\\/#website\"},\"datePublished\":\"2023-07-03T04:59:12+00:00\",\"dateModified\":\"2024-12-10T12:43:50+00:00\",\"breadcrumb\":{\"@id\":\"https:\\\/\\\/willowtechgroup.com\\\/ran\\\/#breadcrumb\"},\"inLanguage\":\"de\",\"potentialAction\":[{\"@type\":\"ReadAction\",\"target\":[\"https:\\\/\\\/willowtechgroup.com\\\/ran\\\/\"]}]},{\"@type\":\"BreadcrumbList\",\"@id\":\"https:\\\/\\\/willowtechgroup.com\\\/ran\\\/#breadcrumb\",\"itemListElement\":[{\"@type\":\"ListItem\",\"position\":1,\"name\":\"Home\",\"item\":\"https:\\\/\\\/willowtechgroup.com\\\/\"},{\"@type\":\"ListItem\",\"position\":2,\"name\":\"RAN\"}]},{\"@type\":\"WebSite\",\"@id\":\"https:\\\/\\\/willowtechgroup.com\\\/#website\",\"url\":\"https:\\\/\\\/willowtechgroup.com\\\/\",\"name\":\"WillowTech Group\",\"description\":\"IT Consultation &amp; Services\",\"publisher\":{\"@id\":\"https:\\\/\\\/willowtechgroup.com\\\/#organization\"},\"potentialAction\":[{\"@type\":\"SearchAction\",\"target\":{\"@type\":\"EntryPoint\",\"urlTemplate\":\"https:\\\/\\\/willowtechgroup.com\\\/?s={search_term_string}\"},\"query-input\":{\"@type\":\"PropertyValueSpecification\",\"valueRequired\":true,\"valueName\":\"search_term_string\"}}],\"inLanguage\":\"de\"},{\"@type\":\"Organization\",\"@id\":\"https:\\\/\\\/willowtechgroup.com\\\/#organization\",\"name\":\"WillowTech Group\",\"url\":\"https:\\\/\\\/willowtechgroup.com\\\/\",\"logo\":{\"@type\":\"ImageObject\",\"inLanguage\":\"de\",\"@id\":\"https:\\\/\\\/willowtechgroup.com\\\/#\\\/schema\\\/logo\\\/image\\\/\",\"url\":\"https:\\\/\\\/willowtechgroup.com\\\/wp-content\\\/uploads\\\/2018\\\/10\\\/Logo-290X70-3.svg\",\"contentUrl\":\"https:\\\/\\\/willowtechgroup.com\\\/wp-content\\\/uploads\\\/2018\\\/10\\\/Logo-290X70-3.svg\",\"width\":\"1024\",\"height\":\"1024\",\"caption\":\"WillowTech Group\"},\"image\":{\"@id\":\"https:\\\/\\\/willowtechgroup.com\\\/#\\\/schema\\\/logo\\\/image\\\/\"}}]}<\/script>\n<!-- \/ Yoast SEO plugin. -->","yoast_head_json":{"title":"RAN \u2013 WillowTech-Gruppe","robots":{"index":"index","follow":"follow","max-snippet":"max-snippet:-1","max-image-preview":"max-image-preview:large","max-video-preview":"max-video-preview:-1"},"canonical":"https:\/\/willowtechgroup.com\/de\/ran\/","og_locale":"de_DE","og_type":"article","og_title":"RAN - WillowTech Group","og_url":"https:\/\/willowtechgroup.com\/de\/ran\/","og_site_name":"WillowTech Group","article_modified_time":"2024-12-10T12:43:50+00:00","twitter_card":"summary_large_image","twitter_misc":{"Gesch\u00e4tzte Lesezeit":"1\u00a0Minute"},"schema":{"@context":"https:\/\/schema.org","@graph":[{"@type":"WebPage","@id":"https:\/\/willowtechgroup.com\/ran\/","url":"https:\/\/willowtechgroup.com\/ran\/","name":"RAN \u2013 WillowTech-Gruppe","isPartOf":{"@id":"https:\/\/willowtechgroup.com\/#website"},"datePublished":"2023-07-03T04:59:12+00:00","dateModified":"2024-12-10T12:43:50+00:00","breadcrumb":{"@id":"https:\/\/willowtechgroup.com\/ran\/#breadcrumb"},"inLanguage":"de","potentialAction":[{"@type":"ReadAction","target":["https:\/\/willowtechgroup.com\/ran\/"]}]},{"@type":"BreadcrumbList","@id":"https:\/\/willowtechgroup.com\/ran\/#breadcrumb","itemListElement":[{"@type":"ListItem","position":1,"name":"Home","item":"https:\/\/willowtechgroup.com\/"},{"@type":"ListItem","position":2,"name":"RAN"}]},{"@type":"WebSite","@id":"https:\/\/willowtechgroup.com\/#website","url":"https:\/\/willowtechgroup.com\/","name":"WillowTech-Gruppe","description":"IT-Beratung &amp; Services","publisher":{"@id":"https:\/\/willowtechgroup.com\/#organization"},"potentialAction":[{"@type":"SearchAction","target":{"@type":"EntryPoint","urlTemplate":"https:\/\/willowtechgroup.com\/?s={search_term_string}"},"query-input":{"@type":"PropertyValueSpecification","valueRequired":true,"valueName":"search_term_string"}}],"inLanguage":"de"},{"@type":"Organization","@id":"https:\/\/willowtechgroup.com\/#organization","name":"WillowTech-Gruppe","url":"https:\/\/willowtechgroup.com\/","logo":{"@type":"ImageObject","inLanguage":"de","@id":"https:\/\/willowtechgroup.com\/#\/schema\/logo\/image\/","url":"https:\/\/willowtechgroup.com\/wp-content\/uploads\/2018\/10\/Logo-290X70-3.svg","contentUrl":"https:\/\/willowtechgroup.com\/wp-content\/uploads\/2018\/10\/Logo-290X70-3.svg","width":"1024","height":"1024","caption":"WillowTech Group"},"image":{"@id":"https:\/\/willowtechgroup.com\/#\/schema\/logo\/image\/"}}]}},"_links":{"self":[{"href":"https:\/\/willowtechgroup.com\/de\/wp-json\/wp\/v2\/pages\/3749","targetHints":{"allow":["GET"]}}],"collection":[{"href":"https:\/\/willowtechgroup.com\/de\/wp-json\/wp\/v2\/pages"}],"about":[{"href":"https:\/\/willowtechgroup.com\/de\/wp-json\/wp\/v2\/types\/page"}],"author":[{"embeddable":true,"href":"https:\/\/willowtechgroup.com\/de\/wp-json\/wp\/v2\/users\/1"}],"replies":[{"embeddable":true,"href":"https:\/\/willowtechgroup.com\/de\/wp-json\/wp\/v2\/comments?post=3749"}],"version-history":[{"count":0,"href":"https:\/\/willowtechgroup.com\/de\/wp-json\/wp\/v2\/pages\/3749\/revisions"}],"wp:attachment":[{"href":"https:\/\/willowtechgroup.com\/de\/wp-json\/wp\/v2\/media?parent=3749"}],"curies":[{"name":"wp","href":"https:\/\/api.w.org\/{rel}","templated":true}]}}