{"id":3773,"date":"2023-07-03T07:18:36","date_gmt":"2023-07-03T06:18:36","guid":{"rendered":"https:\/\/willowtechgroup.com\/?page_id=3773"},"modified":"2023-10-03T12:00:40","modified_gmt":"2023-10-03T11:00:40","slug":"core-network","status":"publish","type":"page","link":"https:\/\/willowtechgroup.com\/de\/core-network\/","title":{"rendered":"Kernnetzwerk"},"content":{"rendered":"<section class=\"wpb-content-wrapper\"><div id=\"tm-row-69d28fd04dccf\" data-vc-full-width=\"true\" data-vc-full-width-init=\"false\" class=\"vc_row vc_row-outer vc_row-fluid\"><div id=\"tm-column-69d28fd04e19b\" class=\"wpb_column vc_column_container vc_col-sm-12\"><div class=\"vc_column-inner\"><div class=\"wpb_wrapper\">\n<div class=\"tm-heading  center tm-animation move-up\" id=\"tm-heading-69d28fd04e52a\">\n\t<h2 class=\"heading\" ><mark>Kernnetzwerk<\/mark><\/h2><\/div>\n\n<div class=\"tm-spacer\" id=\"tm-spacer-69d28fd04e9ee\"><\/div>\n<\/div><\/div><\/div><\/div><div class=\"vc_row-full-width vc_clearfix\"><\/div><div id=\"tm-row-69d28fd04eb7c\" data-vc-full-width=\"true\" data-vc-full-width-init=\"false\" class=\"vc_row vc_row-outer vc_row-fluid\"><div id=\"tm-column-69d28fd04f1a2\" class=\"wpb_column vc_column_container vc_col-sm-12\"><div class=\"vc_column-inner\"><div class=\"wpb_wrapper\"><div id=\"tm-row-inner-69d28fd04f3ce\" class=\"vc_row vc_inner vc_row-fluid vc_row-o-equal-height vc_row-flex\"><div id=\"tm-column-inner-69d28fd04f5fa\" class=\"wpb_column vc_column_container vc_col-sm-6\"><div class=\"vc_column-inner\"><div class=\"wpb_wrapper\">\n<div class=\"tm-heading  left tm-animation move-up\" id=\"tm-heading-69d28fd04f7ca\">\n\t<h3 class=\"heading\" >Kernnetzwerk<\/h3><\/div>\n\n\n<div class=\"tm-heading vc_custom_1688453378396  left tm-animation move-up\" id=\"tm-heading-69d28fd04fb06\">\n\t<div class=\"heading\" >Der kritischste Teil eines jeden Kommunikationsnetzwerks. \u00dcbertragen Sie Netzwerkverkehr, einschlie\u00dflich Sprache, Daten und Video, mit hoher Geschwindigkeit und optimieren Sie die Leistung und Zuverl\u00e4ssigkeit von Fern- und Datenkommunikation im gro\u00dfen Ma\u00dfstab.<\/div><\/div>\n\n<\/div><\/div><\/div><div id=\"tm-column-inner-69d28fd04fe77\" class=\"wpb_column vc_column_container vc_col-sm-6\"><div class=\"vc_column-inner\"><div class=\"wpb_wrapper\"><div class=\"tm-spacer\" id=\"tm-spacer-69d28fd050291\"><\/div>\n<\/div><\/div><\/div><\/div><\/div><\/div><\/div><\/div><div class=\"vc_row-full-width vc_clearfix\"><\/div><div id=\"tm-row-69d28fd0503aa\" class=\"vc_row vc_row-outer vc_row-fluid\"><div id=\"tm-column-69d28fd050596\" class=\"wpb_column vc_column_container vc_col-sm-12\"><div class=\"vc_column-inner\"><div class=\"wpb_wrapper\"><div class=\"tm-spacer\" id=\"tm-spacer-69d28fd0506e2\"><\/div>\n<\/div><\/div><\/div><\/div><div id=\"tm-row-69d28fd0507ba\" data-vc-full-width=\"true\" data-vc-full-width-init=\"false\" class=\"vc_row vc_row-outer vc_row-fluid\"><div id=\"tm-column-69d28fd0509d1\" class=\"wpb_column vc_column_container vc_col-sm-12\"><div class=\"vc_column-inner\"><div class=\"wpb_wrapper\">\n<div class=\"tm-heading  center tm-animation move-up\" id=\"tm-heading-69d28fd050b9b\">\n\t<h2 class=\"heading\" ><mark>Profitieren Sie von Funktionalit\u00e4ten wie z.B<\/mark><\/h2><\/div>\n\n<div class=\"tm-spacer\" id=\"tm-spacer-69d28fd050e4c\"><\/div>\n<\/div><\/div><\/div><\/div><div class=\"vc_row-full-width vc_clearfix\"><\/div><div id=\"tm-row-69d28fd050f2b\" class=\"vc_row vc_row-outer vc_row-fluid learn_box\"><div id=\"tm-column-69d28fd051117\" class=\"wpb_column vc_column_container vc_col-sm-12\"><div class=\"vc_column-inner\"><div class=\"wpb_wrapper\"><div id=\"tm-row-inner-69d28fd0512f3\" class=\"vc_row vc_inner vc_row-fluid icon_box\"><div id=\"tm-column-inner-69d28fd0514cc\" class=\"wpb_column vc_column_container vc_col-sm-6\"><div class=\"vc_column-inner\"><div class=\"wpb_wrapper\"><div class=\"tm-box-icon  style-2 style-align-center tm-animation move-up\" id=\"tm-box-icon-69d28fd051670\">\n\t\t<div class=\"content-wrap\">\n\n\t\t\t<div class=\"image\">\n\t\t\t<img decoding=\"async\" src=\"https:\/\/willowtechgroup.com\/wp-content\/uploads\/2023\/07\/Icon-41.svg\" alt=\"Icon 41\" \/>\t\t<\/div>\n\t\n\t\n\t<div class=\"content\">\n\t\t<div class=\"box-header\">\n\t\t\t\t\t\t\t<h4 class=\"heading\">\n\t\t\t\t\t\n\t\t\t\t\t\tAnh\u00e4ufung\n\t\t\t\t\t\t\n\t\t\t\t<\/h4>\n\t\t\t\t\t<\/div>\n\n\t\t\t\t\t<div class=\"text\">Erm\u00f6glichen Sie die Erweiterung von Kubernetes um zus\u00e4tzliche APIs, um die Container-Orchestrierung zu verbessern.<\/div>\t\t\n\t\t\t\t\t\t\t\n\t\t\t<\/div>\n<\/div>\n<\/div>\n<\/div><\/div><\/div><div id=\"tm-column-inner-69d28fd052569\" class=\"wpb_column vc_column_container vc_col-sm-6\"><div class=\"vc_column-inner\"><div class=\"wpb_wrapper\"><div class=\"tm-box-icon  style-2 style-align-center tm-animation move-up\" id=\"tm-box-icon-69d28fd05270a\">\n\t\t<div class=\"content-wrap\">\n\n\t\t\t<div class=\"image\">\n\t\t\t<img decoding=\"async\" src=\"https:\/\/willowtechgroup.com\/wp-content\/uploads\/2023\/07\/Icon-40.svg\" alt=\"Icon 40\" \/>\t\t<\/div>\n\t\n\t\n\t<div class=\"content\">\n\t\t<div class=\"box-header\">\n\t\t\t\t\t\t\t<h4 class=\"heading\">\n\t\t\t\t\t\n\t\t\t\t\t\tAuthentifizierung\n\t\t\t\t\t\t\n\t\t\t\t<\/h4>\n\t\t\t\t\t<\/div>\n\n\t\t\t\t\t<div class=\"text\">Bestimmen und steuern Sie den Zugang ganz einfach. Sch\u00fctzen Sie Ihr Netzwerk vor unbefugtem Zugriff und Angriffen und stellen Sie so die Integrit\u00e4t und Vertraulichkeit Ihrer Daten sicher.<\/div>\t\t\n\t\t\t\t\t\t\t\n\t\t\t<\/div>\n<\/div>\n<\/div>\n<\/div><\/div><\/div><\/div><div id=\"tm-row-inner-69d28fd053598\" class=\"vc_row vc_inner vc_row-fluid learn_box\"><div id=\"tm-column-inner-69d28fd053785\" class=\"wpb_column vc_column_container vc_col-sm-6\"><div class=\"vc_column-inner\"><div class=\"wpb_wrapper\"><div class=\"tm-box-icon  style-2 style-align-center tm-animation move-up\" id=\"tm-box-icon-69d28fd053943\">\n\t\t<div class=\"content-wrap\">\n\n\t\t\t<div class=\"image\">\n\t\t\t<img decoding=\"async\" src=\"https:\/\/willowtechgroup.com\/wp-content\/uploads\/2023\/07\/Icon-42.svg\" alt=\"Icon 42\" \/>\t\t<\/div>\n\t\n\t\n\t<div class=\"content\">\n\t\t<div class=\"box-header\">\n\t\t\t\t\t\t\t<h4 class=\"heading\">\n\t\t\t\t\t\n\t\t\t\t\t\tAnrufsteuerung\/-vermittlung\n\t\t\t\t\t\t\n\t\t\t\t<\/h4>\n\t\t\t\t\t<\/div>\n\n\t\t\t\t\t<div class=\"text\">Adressinformationen entschl\u00fcsseln und Telefonanrufe von einem Punkt zum anderen weiterleiten. Passen Sie Standardschaltervorg\u00e4nge an die Bed\u00fcrfnisse der Benutzer an.<\/div>\t\t\n\t\t\t\t\t\t\t\n\t\t\t<\/div>\n<\/div>\n<\/div>\n<\/div><\/div><\/div><div id=\"tm-column-inner-69d28fd054769\" class=\"wpb_column vc_column_container vc_col-sm-6\"><div class=\"vc_column-inner\"><div class=\"wpb_wrapper\"><div class=\"tm-box-icon  icon_box style-2 style-align-center tm-animation move-up\" id=\"tm-box-icon-69d28fd054933\">\n\t\t<div class=\"content-wrap\">\n\n\t\t\t<div class=\"image\">\n\t\t\t<img decoding=\"async\" src=\"https:\/\/willowtechgroup.com\/wp-content\/uploads\/2023\/07\/Icon-43.svg\" alt=\"Icon 43\" \/>\t\t<\/div>\n\t\n\t\n\t<div class=\"content\">\n\t\t<div class=\"box-header\">\n\t\t\t\t\t\t\t<h4 class=\"heading\">\n\t\t\t\t\t\n\t\t\t\t\t\tAufladen\n\t\t\t\t\t\t\n\t\t\t\t<\/h4>\n\t\t\t\t\t<\/div>\n\n\t\t\t\t\t<div class=\"text\">Verwalten Sie die Verarbeitung und Zusammenstellung der Abrechnungsdaten, die von verschiedenen Netzwerkknoten erzeugt werden.<\/div>\t\t\n\t\t\t\t\t\t\t\n\t\t\t<\/div>\n<\/div>\n<\/div>\n<\/div><\/div><\/div><\/div><div id=\"tm-row-inner-69d28fd05579e\" class=\"vc_row vc_inner vc_row-fluid learn_box\"><div id=\"tm-column-inner-69d28fd055996\" class=\"wpb_column vc_column_container vc_col-sm-6\"><div class=\"vc_column-inner\"><div class=\"wpb_wrapper\"><div class=\"tm-box-icon  style-2 style-align-center tm-animation move-up\" id=\"tm-box-icon-69d28fd055b20\">\n\t\t<div class=\"content-wrap\">\n\n\t\t\t<div class=\"image\">\n\t\t\t<img decoding=\"async\" src=\"https:\/\/willowtechgroup.com\/wp-content\/uploads\/2023\/07\/Icon-44.svg\" alt=\"Icon 44\" \/>\t\t<\/div>\n\t\n\t\n\t<div class=\"content\">\n\t\t<div class=\"box-header\">\n\t\t\t\t\t\t\t<h4 class=\"heading\">\n\t\t\t\t\t\n\t\t\t\t\t\tDienstaufrufmechanismus\n\t\t\t\t\t\t\n\t\t\t\t<\/h4>\n\t\t\t\t\t<\/div>\n\n\t\t\t\t\t<div class=\"text\">Sowohl f\u00fcr bedingungsloses als auch f\u00fcr pr\u00e4zises Handeln, um Zuverl\u00e4ssigkeit zu gew\u00e4hrleisten.<\/div>\t\t\n\t\t\t\t\t\t\t\n\t\t\t<\/div>\n<\/div>\n<\/div>\n<\/div><\/div><\/div><div id=\"tm-column-inner-69d28fd05692f\" class=\"wpb_column vc_column_container vc_col-sm-6\"><div class=\"vc_column-inner\"><div class=\"wpb_wrapper\"><\/div><\/div><\/div><\/div><\/div><\/div><\/div><\/div><div id=\"tm-row-69d28fd056bb0\" data-vc-full-width=\"true\" data-vc-full-width-init=\"false\" class=\"vc_row vc_row-outer vc_row-fluid vc_row-o-content-middle vc_row-flex\"><div id=\"tm-column-69d28fd056dbc\" class=\"wpb_column vc_column_container vc_col-sm-12\"><div class=\"vc_column-inner\"><div class=\"wpb_wrapper\">\n<div class=\"tm-heading modern-icon center tm-animation move-up\" id=\"tm-heading-69d28fd056f89\">\n\t<h5 class=\"heading\" >Wichtige neue Technologien wie 5G, KI, IOT und ML werden dazu f\u00fchren, dass eine robuste Kernnetzwerkinfrastruktur f\u00fcr virtualisierte Netzwerkl\u00f6sungen von entscheidender Bedeutung sein wird, um Flexibilit\u00e4t, Skalierbarkeit und Kosteneffizienz aufrechtzuerhalten.<\/h5><\/div>\n\n<\/div><\/div><\/div><\/div><div class=\"vc_row-full-width vc_clearfix\"><\/div><div id=\"tm-row-69d28fd0572b2\" class=\"vc_row vc_row-outer vc_row-fluid\"><div id=\"tm-column-69d28fd057495\" class=\"wpb_column vc_column_container vc_col-sm-12\"><div class=\"vc_column-inner\"><div class=\"wpb_wrapper\">\n\t<div class=\"wpb_text_column wpb_content_element\" >\n\t\t<div class=\"wpb_wrapper\">\n\t\t\t\n\t\t<\/div>\n\t<\/div>\n<\/div><\/div><\/div><\/div>\n<\/section>","protected":false},"excerpt":{"rendered":"Kernnetzwerk Kernnetzwerk Der kritischste Teil eines jeden Kommunikationsnetzwerks. \u00dcbertragen Sie Netzwerkverkehr einschlie\u00dflich Sprache, Daten und Video mit hoher Geschwindigkeit und optimieren Sie die Leistung und Zuverl\u00e4ssigkeit von Fern- und Datenkommunikation im gro\u00dfen Ma\u00dfstab. Profitieren Sie von Funktionalit\u00e4ten wie Aggregation. Erm\u00f6glichen Sie die Erweiterung von Kubernetes mit zus\u00e4tzlichen APIs, um die Container-Orchestrierung zu verbessern. Authentifizierung: Bestimmen und kontrollieren Sie den Zugriff ganz einfach. Sch\u00fctzen Sie Ihr Netzwerk vor unbefugtem Zugriff und Angriffen und stellen Sie so die Integrit\u00e4t und Vertraulichkeit Ihrer Daten sicher. Anrufsteuerung\/-vermittlung Dekodieren Sie Adressinformationen und leiten Sie Telefonanrufe von einem Punkt zum anderen weiter. Passen Sie Standardschaltervorg\u00e4nge an die Bed\u00fcrfnisse der Benutzer an. Abrechnung Verwalten Sie die Verarbeitung und Zusammenstellung der Abrechnungsdaten, die von verschiedenen Netzwerkknoten erzeugt werden. Dienstaufrufmechanismus Sowohl f\u00fcr bedingungslose als auch f\u00fcr pr\u00e4zise Aktivit\u00e4ten zur Gew\u00e4hrleistung der Zuverl\u00e4ssigkeit. Wichtige neue Technologien wie 5G, KI, IOT und ML werden dazu f\u00fchren, dass eine robuste Kernnetzwerkinfrastruktur f\u00fcr virtualisierte Netzwerkl\u00f6sungen von entscheidender Bedeutung sein wird, um Flexibilit\u00e4t, Skalierbarkeit und Kosteneffizienz aufrechtzuerhalten.","protected":false},"author":1,"featured_media":0,"parent":0,"menu_order":0,"comment_status":"closed","ping_status":"closed","template":"","meta":{"content-type":"","footnotes":""},"class_list":["post-3773","page","type-page","status-publish","hentry"],"yoast_head":"<!-- This site is optimized with the Yoast SEO plugin v25.2 - https:\/\/yoast.com\/wordpress\/plugins\/seo\/ -->\n<title>Core Network - WillowTech Group<\/title>\n<meta name=\"robots\" content=\"index, follow, max-snippet:-1, max-image-preview:large, max-video-preview:-1\" \/>\n<link rel=\"canonical\" href=\"https:\/\/willowtechgroup.com\/de\/core-network\/\" \/>\n<meta property=\"og:locale\" content=\"de_DE\" \/>\n<meta property=\"og:type\" content=\"article\" \/>\n<meta property=\"og:title\" content=\"Core Network - WillowTech Group\" \/>\n<meta property=\"og:url\" content=\"https:\/\/willowtechgroup.com\/de\/core-network\/\" \/>\n<meta property=\"og:site_name\" content=\"WillowTech Group\" \/>\n<meta property=\"article:modified_time\" content=\"2023-10-03T11:00:40+00:00\" \/>\n<meta name=\"twitter:card\" content=\"summary_large_image\" \/>\n<meta name=\"twitter:label1\" content=\"Gesch\u00e4tzte Lesezeit\" \/>\n\t<meta name=\"twitter:data1\" content=\"3\u00a0Minuten\" \/>\n<script type=\"application\/ld+json\" class=\"yoast-schema-graph\">{\"@context\":\"https:\/\/schema.org\",\"@graph\":[{\"@type\":\"WebPage\",\"@id\":\"https:\/\/willowtechgroup.com\/ar\/core-network\/\",\"url\":\"https:\/\/willowtechgroup.com\/ar\/core-network\/\",\"name\":\"Core Network - WillowTech Group\",\"isPartOf\":{\"@id\":\"https:\/\/willowtechgroup.com\/#website\"},\"datePublished\":\"2023-07-03T06:18:36+00:00\",\"dateModified\":\"2023-10-03T11:00:40+00:00\",\"breadcrumb\":{\"@id\":\"https:\/\/willowtechgroup.com\/ar\/core-network\/#breadcrumb\"},\"inLanguage\":\"de\",\"potentialAction\":[{\"@type\":\"ReadAction\",\"target\":[\"https:\/\/willowtechgroup.com\/ar\/core-network\/\"]}]},{\"@type\":\"BreadcrumbList\",\"@id\":\"https:\/\/willowtechgroup.com\/ar\/core-network\/#breadcrumb\",\"itemListElement\":[{\"@type\":\"ListItem\",\"position\":1,\"name\":\"Home\",\"item\":\"https:\/\/willowtechgroup.com\/\"},{\"@type\":\"ListItem\",\"position\":2,\"name\":\"Core Network\"}]},{\"@type\":\"WebSite\",\"@id\":\"https:\/\/willowtechgroup.com\/#website\",\"url\":\"https:\/\/willowtechgroup.com\/\",\"name\":\"WillowTech Group\",\"description\":\"IT Consultation &amp; Services\",\"publisher\":{\"@id\":\"https:\/\/willowtechgroup.com\/#organization\"},\"potentialAction\":[{\"@type\":\"SearchAction\",\"target\":{\"@type\":\"EntryPoint\",\"urlTemplate\":\"https:\/\/willowtechgroup.com\/?s={search_term_string}\"},\"query-input\":{\"@type\":\"PropertyValueSpecification\",\"valueRequired\":true,\"valueName\":\"search_term_string\"}}],\"inLanguage\":\"de\"},{\"@type\":\"Organization\",\"@id\":\"https:\/\/willowtechgroup.com\/#organization\",\"name\":\"WillowTech Group\",\"url\":\"https:\/\/willowtechgroup.com\/\",\"logo\":{\"@type\":\"ImageObject\",\"inLanguage\":\"de\",\"@id\":\"https:\/\/willowtechgroup.com\/#\/schema\/logo\/image\/\",\"url\":\"https:\/\/willowtechgroup.com\/wp-content\/uploads\/2018\/10\/Logo-290X70-3.svg\",\"contentUrl\":\"https:\/\/willowtechgroup.com\/wp-content\/uploads\/2018\/10\/Logo-290X70-3.svg\",\"width\":\"1024\",\"height\":\"1024\",\"caption\":\"WillowTech Group\"},\"image\":{\"@id\":\"https:\/\/willowtechgroup.com\/#\/schema\/logo\/image\/\"}}]}<\/script>\n<!-- \/ Yoast SEO plugin. -->","yoast_head_json":{"title":"Kernnetzwerk - WillowTech Group","robots":{"index":"index","follow":"follow","max-snippet":"max-snippet:-1","max-image-preview":"max-image-preview:large","max-video-preview":"max-video-preview:-1"},"canonical":"https:\/\/willowtechgroup.com\/de\/core-network\/","og_locale":"de_DE","og_type":"article","og_title":"Core Network - WillowTech Group","og_url":"https:\/\/willowtechgroup.com\/de\/core-network\/","og_site_name":"WillowTech Group","article_modified_time":"2023-10-03T11:00:40+00:00","twitter_card":"summary_large_image","twitter_misc":{"Gesch\u00e4tzte Lesezeit":"3\u00a0Minuten"},"schema":{"@context":"https:\/\/schema.org","@graph":[{"@type":"WebPage","@id":"https:\/\/willowtechgroup.com\/ar\/core-network\/","url":"https:\/\/willowtechgroup.com\/ar\/core-network\/","name":"Kernnetzwerk - WillowTech Group","isPartOf":{"@id":"https:\/\/willowtechgroup.com\/#website"},"datePublished":"2023-07-03T06:18:36+00:00","dateModified":"2023-10-03T11:00:40+00:00","breadcrumb":{"@id":"https:\/\/willowtechgroup.com\/ar\/core-network\/#breadcrumb"},"inLanguage":"de","potentialAction":[{"@type":"ReadAction","target":["https:\/\/willowtechgroup.com\/ar\/core-network\/"]}]},{"@type":"BreadcrumbList","@id":"https:\/\/willowtechgroup.com\/ar\/core-network\/#breadcrumb","itemListElement":[{"@type":"ListItem","position":1,"name":"Home","item":"https:\/\/willowtechgroup.com\/"},{"@type":"ListItem","position":2,"name":"Core Network"}]},{"@type":"WebSite","@id":"https:\/\/willowtechgroup.com\/#website","url":"https:\/\/willowtechgroup.com\/","name":"WillowTech-Gruppe","description":"IT-Beratung &amp; Services","publisher":{"@id":"https:\/\/willowtechgroup.com\/#organization"},"potentialAction":[{"@type":"SearchAction","target":{"@type":"EntryPoint","urlTemplate":"https:\/\/willowtechgroup.com\/?s={search_term_string}"},"query-input":{"@type":"PropertyValueSpecification","valueRequired":true,"valueName":"search_term_string"}}],"inLanguage":"de"},{"@type":"Organization","@id":"https:\/\/willowtechgroup.com\/#organization","name":"WillowTech-Gruppe","url":"https:\/\/willowtechgroup.com\/","logo":{"@type":"ImageObject","inLanguage":"de","@id":"https:\/\/willowtechgroup.com\/#\/schema\/logo\/image\/","url":"https:\/\/willowtechgroup.com\/wp-content\/uploads\/2018\/10\/Logo-290X70-3.svg","contentUrl":"https:\/\/willowtechgroup.com\/wp-content\/uploads\/2018\/10\/Logo-290X70-3.svg","width":"1024","height":"1024","caption":"WillowTech Group"},"image":{"@id":"https:\/\/willowtechgroup.com\/#\/schema\/logo\/image\/"}}]}},"_links":{"self":[{"href":"https:\/\/willowtechgroup.com\/de\/wp-json\/wp\/v2\/pages\/3773","targetHints":{"allow":["GET"]}}],"collection":[{"href":"https:\/\/willowtechgroup.com\/de\/wp-json\/wp\/v2\/pages"}],"about":[{"href":"https:\/\/willowtechgroup.com\/de\/wp-json\/wp\/v2\/types\/page"}],"author":[{"embeddable":true,"href":"https:\/\/willowtechgroup.com\/de\/wp-json\/wp\/v2\/users\/1"}],"replies":[{"embeddable":true,"href":"https:\/\/willowtechgroup.com\/de\/wp-json\/wp\/v2\/comments?post=3773"}],"version-history":[{"count":0,"href":"https:\/\/willowtechgroup.com\/de\/wp-json\/wp\/v2\/pages\/3773\/revisions"}],"wp:attachment":[{"href":"https:\/\/willowtechgroup.com\/de\/wp-json\/wp\/v2\/media?parent=3773"}],"curies":[{"name":"wp","href":"https:\/\/api.w.org\/{rel}","templated":true}]}}