{"id":3817,"date":"2023-07-03T13:53:07","date_gmt":"2023-07-03T12:53:07","guid":{"rendered":"https:\/\/willowtechgroup.com\/?page_id=3817"},"modified":"2023-10-04T11:37:03","modified_gmt":"2023-10-04T10:37:03","slug":"open-networks-and-rd","status":"publish","type":"page","link":"https:\/\/willowtechgroup.com\/de\/open-networks-and-rd\/","title":{"rendered":"Offene Netzwerke und Forschung und Entwicklung"},"content":{"rendered":"<section class=\"wpb-content-wrapper\"><div id=\"tm-row-69dec268b1d97\" data-vc-full-width=\"true\" data-vc-full-width-init=\"false\" class=\"vc_row vc_row-outer vc_row-fluid\"><div id=\"tm-column-69dec268b20e6\" class=\"wpb_column vc_column_container vc_col-sm-12\"><div class=\"vc_column-inner\"><div class=\"wpb_wrapper\">\n<div class=\"tm-heading  center tm-animation move-up\" id=\"tm-heading-69dec268b2300\">\n\t<h2 class=\"heading\" ><mark>Offene Netzwerke und Forschung und Entwicklung<\/mark><\/h2><\/div>\n\n<div class=\"tm-spacer\" id=\"tm-spacer-69dec268b25ad\"><\/div>\n\n<div class=\"tm-heading  center tm-animation move-up\" id=\"tm-heading-69dec268b263e\">\n\t<div class=\"heading\" >Positionieren Sie Ihr Unternehmen mit offenen Netzwerkdiensten f\u00fcr langfristigen Erfolg in der sich schnell entwickelnden Telekommunikationslandschaft. Durch den Abbau von Barrieren, die F\u00f6rderung des Wettbewerbs und die St\u00e4rkung der Verbraucher haben offene Netzwerke neue M\u00f6glichkeiten f\u00fcr Zusammenarbeit und Innovation er\u00f6ffnet und eine st\u00e4rker vernetzte, wettbewerbsorientiertere und verbraucherorientiertere Zukunft geschaffen.<\/div><\/div>\n\n<div class=\"tm-spacer\" id=\"tm-spacer-69dec268b28d1\"><\/div>\n<\/div><\/div><\/div><\/div><div class=\"vc_row-full-width vc_clearfix\"><\/div><div id=\"tm-row-69dec268b29d9\" data-vc-full-width=\"true\" data-vc-full-width-init=\"false\" class=\"vc_row vc_row-outer vc_row-fluid learn_box\"><div id=\"tm-column-69dec268b2eb4\" class=\"wpb_column vc_column_container vc_col-sm-12\"><div class=\"vc_column-inner\"><div class=\"wpb_wrapper\"><div id=\"tm-row-inner-69dec268b30d8\" class=\"vc_row vc_inner vc_row-fluid vc_row-o-equal-height vc_row-flex\"><div id=\"tm-column-inner-69dec268b32fd\" class=\"wpb_column vc_column_container vc_col-sm-6\"><div class=\"vc_column-inner\"><div class=\"wpb_wrapper\">\n<div class=\"tm-heading  left tm-animation move-up\" id=\"tm-heading-69dec268b34c6\">\n\t<h3 class=\"heading\" >Offene Netzwerke und Forschung und Entwicklung<\/h3><\/div>\n\n\n<div class=\"tm-heading vc_custom_1688389068731  left tm-animation move-up\" id=\"tm-heading-69dec268b37bb\">\n\t<div class=\"heading\" >Forschung und Entwicklung sind ein wichtiger Bestandteil der Telekommunikationsbranche. Sie treiben Innovationen voran, f\u00f6rdern den technologischen Fortschritt und steigern die Rentabilit\u00e4t und das Wachstum. Forschung und Entwicklung konzentrieren sich stark auf die Verbesserung der Infrastruktur, die Entwicklung neuer Technologien und die Bereitstellung innovativer Dienstleistungen, um den sich ver\u00e4ndernden Verbraucheranforderungen gerecht zu werden.<\/div><\/div>\n\n<\/div><\/div><\/div><div id=\"tm-column-inner-69dec268b3af3\" class=\"wpb_column vc_column_container vc_col-sm-6\"><div class=\"vc_column-inner\"><div class=\"wpb_wrapper\"><div class=\"tm-spacer\" id=\"tm-spacer-69dec268b3f08\"><\/div>\n<\/div><\/div><\/div><\/div><\/div><\/div><\/div><\/div><div class=\"vc_row-full-width vc_clearfix\"><\/div><div id=\"tm-row-69dec268b4020\" data-vc-full-width=\"true\" data-vc-full-width-init=\"false\" class=\"vc_row vc_row-outer vc_row-fluid\"><div id=\"tm-column-69dec268b4213\" class=\"wpb_column vc_column_container vc_col-sm-12\"><div class=\"vc_column-inner\"><div class=\"wpb_wrapper\">\n<div class=\"tm-heading  center tm-animation move-up\" id=\"tm-heading-69dec268b43cd\">\n\t<h2 class=\"heading\" ><mark>Netzwerkdienste<\/mark><\/h2><\/div>\n\n\n<div class=\"tm-heading vc_custom_1688474292280  center tm-animation move-up\" id=\"tm-heading-69dec268b46a8\">\n\t<h3 class=\"heading\" >Vom ersten Netzwerkentwurf bis zur Implementierung und Fertigstellung k\u00f6nnen wir kompetente, erfahrene Netzwerkexperten einsetzen, die f\u00fcr jedes Projekt geeignet sind. Profitieren von:<\/h3><\/div>\n\n<div class=\"tm-spacer\" id=\"tm-spacer-69dec268b4973\"><\/div>\n<\/div><\/div><\/div><\/div><div class=\"vc_row-full-width vc_clearfix\"><\/div><div id=\"tm-row-69dec268b4a5f\" class=\"vc_row vc_row-outer vc_row-fluid learn_box\"><div id=\"tm-column-69dec268b4c4d\" class=\"wpb_column vc_column_container vc_col-sm-12\"><div class=\"vc_column-inner\"><div class=\"wpb_wrapper\"><div id=\"tm-row-inner-69dec268b4e25\" class=\"vc_row vc_inner vc_row-fluid learn_box\"><div id=\"tm-column-inner-69dec268b4ff9\" class=\"wpb_column vc_column_container vc_col-sm-4\"><div class=\"vc_column-inner\"><div class=\"wpb_wrapper\"><div class=\"tm-box-icon  style-2 style-align-center tm-animation move-up\" id=\"tm-box-icon-69dec268b5197\">\n\t\t<div class=\"content-wrap\">\n\n\t\t\t<div class=\"image\">\n\t\t\t<img decoding=\"async\" src=\"https:\/\/willowtechgroup.com\/wp-content\/uploads\/2023\/07\/Icon-45.svg\" alt=\"Icon 45\" \/>\t\t<\/div>\n\t\n\t\n\t<div class=\"content\">\n\t\t<div class=\"box-header\">\n\t\t\t\t\t\t\t<h4 class=\"heading\">\n\t\t\t\t\t\n\t\t\t\t\t\tBeruhigung\n\t\t\t\t\t\t\n\t\t\t\t<\/h4>\n\t\t\t\t\t<\/div>\n\n\t\t\t\t\t<div class=\"text\">\u00dcberlassen Sie die Konzeption, Leitung und \u00dcberwachung des Projekts einem Team aus geschulten Fachleuten.<\/div>\t\t\n\t\t\t\t\t\t\t\n\t\t\t<\/div>\n<\/div>\n<\/div>\n<\/div><\/div><\/div><div id=\"tm-column-inner-69dec268b61ad\" class=\"wpb_column vc_column_container vc_col-sm-4\"><div class=\"vc_column-inner\"><div class=\"wpb_wrapper\"><div class=\"tm-box-icon  style-2 style-align-center tm-animation move-up\" id=\"tm-box-icon-69dec268b634d\">\n\t\t<div class=\"content-wrap\">\n\n\t\t\t<div class=\"image\">\n\t\t\t<img decoding=\"async\" src=\"https:\/\/willowtechgroup.com\/wp-content\/uploads\/2023\/07\/Icon-47.svg\" alt=\"Icon 47\" \/>\t\t<\/div>\n\t\n\t\n\t<div class=\"content\">\n\t\t<div class=\"box-header\">\n\t\t\t\t\t\t\t<h4 class=\"heading\">\n\t\t\t\t\t\n\t\t\t\t\t\tBudgetkontrolle.\n\t\t\t\t\t\t\n\t\t\t\t<\/h4>\n\t\t\t\t\t<\/div>\n\n\t\t\t\t\t<div class=\"text\">Reduzierte Bereitstellungskosten und p\u00fcnktliche Projektabwicklung als Standard.<\/div>\t\t\n\t\t\t\t\t\t\t\n\t\t\t<\/div>\n<\/div>\n<\/div>\n<\/div><\/div><\/div><div id=\"tm-column-inner-69dec268b71cc\" class=\"wpb_column vc_column_container vc_col-sm-4\"><div class=\"vc_column-inner\"><div class=\"wpb_wrapper\"><div class=\"tm-box-icon  style-2 style-align-center tm-animation move-up\" id=\"tm-box-icon-69dec268b7366\">\n\t\t<div class=\"content-wrap\">\n\n\t\t\t<div class=\"image\">\n\t\t\t<img decoding=\"async\" src=\"https:\/\/willowtechgroup.com\/wp-content\/uploads\/2023\/07\/Icon-46.svg\" alt=\"Icon 46\" \/>\t\t<\/div>\n\t\n\t\n\t<div class=\"content\">\n\t\t<div class=\"box-header\">\n\t\t\t\t\t\t\t<h4 class=\"heading\">\n\t\t\t\t\t\n\t\t\t\t\t\tEinhaltung.\n\t\t\t\t\t\t\n\t\t\t\t<\/h4>\n\t\t\t\t\t<\/div>\n\n\t\t\t\t\t<div class=\"text\">Die Netzwerke entsprechen allen relevanten Standards und Gesetzen, was Ihnen zus\u00e4tzliche Sicherheit gibt.<\/div>\t\t\n\t\t\t\t\t\t\t\n\t\t\t<\/div>\n<\/div>\n<\/div>\n<\/div><\/div><\/div><\/div><\/div><\/div><\/div><\/div><div id=\"tm-row-69dec268b824a\" data-vc-full-width=\"true\" data-vc-full-width-init=\"false\" class=\"vc_row vc_row-outer vc_row-fluid\"><div id=\"tm-column-69dec268b84e0\" class=\"wpb_column vc_column_container vc_col-sm-12\"><div class=\"vc_column-inner\"><div class=\"wpb_wrapper\"><div class=\"tm-spacer\" id=\"tm-spacer-69dec268b8666\"><\/div>\n<\/div><\/div><\/div><\/div><div class=\"vc_row-full-width vc_clearfix\"><\/div><div id=\"tm-row-69dec268b8751\" data-vc-full-width=\"true\" data-vc-full-width-init=\"false\" class=\"vc_row vc_row-outer vc_row-fluid\"><div id=\"tm-column-69dec268b896f\" class=\"wpb_column vc_column_container vc_col-sm-12\"><div class=\"vc_column-inner\"><div class=\"wpb_wrapper\"><div id=\"tm-row-inner-69dec268b8b4f\" class=\"vc_row vc_inner vc_row-fluid vc_row-o-equal-height vc_row-flex\"><div id=\"tm-column-inner-69dec268b8d31\" class=\"wpb_column vc_column_container vc_col-sm-6\"><div class=\"vc_column-inner\"><div class=\"wpb_wrapper\">\n<div class=\"tm-heading  left tm-animation move-up\" id=\"tm-heading-69dec268b8ef2\">\n\t<h3 class=\"heading\" >Forschung und Entwicklung<\/h3><\/div>\n\n\n<div class=\"tm-heading vc_custom_1688464696404  left tm-animation move-up\" id=\"tm-heading-69dec268b91ce\">\n\t<div class=\"heading\" >Die sich schnell weiterentwickelnden Technologien bedeuten, dass es sich kein Unternehmen leisten kann, ins Hintertreffen zu geraten. Unser F&amp;E-Service erleichtert den End-to-End-Produktlebenszyklus der Produktentwicklung der n\u00e4chsten Generation \u2013 vom F&amp;E-Konzept und -Design der Willow Tech Group Open Networks bis hin zur Validierung und Zertifizierung von Produkten und L\u00f6sungen.<\/div><\/div>\n\n<\/div><\/div><\/div><div id=\"tm-column-inner-69dec268b94d2\" class=\"wpb_column vc_column_container vc_col-sm-6\"><div class=\"vc_column-inner\"><div class=\"wpb_wrapper\"><div class=\"tm-spacer\" id=\"tm-spacer-69dec268b98ea\"><\/div>\n<\/div><\/div><\/div><\/div><\/div><\/div><\/div><\/div><div class=\"vc_row-full-width vc_clearfix\"><\/div><div id=\"tm-row-69dec268b99f6\" data-vc-full-width=\"true\" data-vc-full-width-init=\"false\" class=\"vc_row vc_row-outer vc_row-fluid\"><div id=\"tm-column-69dec268b9be1\" class=\"wpb_column vc_column_container vc_col-sm-12\"><div class=\"vc_column-inner\"><div class=\"wpb_wrapper\">\n<div class=\"tm-heading  center tm-animation move-up\" id=\"tm-heading-69dec268b9d9d\">\n\t<h2 class=\"heading\" ><mark>Agile F&amp;E-Transformationen helfen bei:<\/mark><\/h2><\/div>\n\n<div class=\"tm-spacer\" id=\"tm-spacer-69dec268ba014\"><\/div>\n<\/div><\/div><\/div><\/div><div class=\"vc_row-full-width vc_clearfix\"><\/div><div id=\"tm-row-69dec268ba0e8\" class=\"vc_row vc_row-outer vc_row-fluid\"><div id=\"tm-column-69dec268ba2c8\" class=\"wpb_column vc_column_container vc_col-sm-12\"><div class=\"vc_column-inner\"><div class=\"wpb_wrapper\"><div id=\"tm-row-inner-69dec268ba49d\" class=\"vc_row vc_inner vc_row-fluid ct-h\"><div id=\"tm-column-inner-69dec268ba6a4\" class=\"wpb_column vc_column_container vc_col-sm-6\"><div class=\"vc_column-inner\"><div class=\"wpb_wrapper\"><div class=\"tm-box-icon  style-2 style-align-center tm-animation move-up\" id=\"tm-box-icon-69dec268ba861\">\n\t\t<div class=\"content-wrap\">\n\n\t\t\t<div class=\"image\">\n\t\t\t<img decoding=\"async\" src=\"https:\/\/willowtechgroup.com\/wp-content\/uploads\/2023\/07\/Icon-56.svg\" alt=\"Icon 56\" \/>\t\t<\/div>\n\t\n\t\n\t<div class=\"content\">\n\t\t<div class=\"box-header\">\n\t\t\t\t\t\t\t<h4 class=\"heading\">\n\t\t\t\t\t\n\t\t\t\t\t\tBetriebsleistung\n\t\t\t\t\t\t\n\t\t\t\t<\/h4>\n\t\t\t\t\t<\/div>\n\n\t\t\t\t\t<div class=\"text\">Beseitigen Sie Verschwendung in Ihren Aktivit\u00e4ten und Lieferketten, optimieren Sie die Kosten und werden Sie effizienter. \u00c4nderungsprogramme auf der Grundlage von Lean-Prinzipien, Ausgabenanalysen, Outsourcing und mehr tragen dazu bei, die Leistung Ihres Betriebs zu maximieren und Ihr Budget im Gleichgewicht zu halten.<\/div>\t\t\n\t\t\t\t\t\t\t\n\t\t\t<\/div>\n<\/div>\n<\/div>\n<\/div><\/div><\/div><div id=\"tm-column-inner-69dec268bb7ba\" class=\"wpb_column vc_column_container vc_col-sm-6\"><div class=\"vc_column-inner\"><div class=\"wpb_wrapper\"><div class=\"tm-box-icon  style-2 style-align-center tm-animation move-up\" id=\"tm-box-icon-69dec268bb955\">\n\t\t<div class=\"content-wrap\">\n\n\t\t\t<div class=\"image\">\n\t\t\t<img decoding=\"async\" src=\"https:\/\/willowtechgroup.com\/wp-content\/uploads\/2023\/04\/Icon-7-2.svg\" alt=\"Icon 7 (2)\" \/>\t\t<\/div>\n\t\n\t\n\t<div class=\"content\">\n\t\t<div class=\"box-header\">\n\t\t\t\t\t\t\t<h4 class=\"heading\">\n\t\t\t\t\t\n\t\t\t\t\t\tDigitalisierung\n\t\t\t\t\t\t\n\t\t\t\t<\/h4>\n\t\t\t\t\t<\/div>\n\n\t\t\t\t\t<div class=\"text\">Nutzen Sie die Digitalisierung, indem Sie mithilfe von Datenanalysen und Tools wie KI den gr\u00f6\u00dftm\u00f6glichen Nutzen aus Daten ziehen. Verbessern Sie Dienste und erschlie\u00dfen Sie neue Einnahmequellen, w\u00e4hrend Sie gleichzeitig die Sicherheit Ihrer Infrastruktur gew\u00e4hrleisten.<\/div>\t\t\n\t\t\t\t\t\t\t\n\t\t\t<\/div>\n<\/div>\n<\/div>\n<\/div><\/div><\/div><\/div><\/div><\/div><\/div><\/div><div id=\"tm-row-69dec268bc89d\" data-vc-full-width=\"true\" data-vc-full-width-init=\"false\" class=\"vc_row vc_row-outer vc_row-fluid\"><div id=\"tm-column-69dec268bca9a\" class=\"wpb_column vc_column_container vc_col-sm-12\"><div class=\"vc_column-inner\"><div class=\"wpb_wrapper\">\n<div class=\"tm-heading  center tm-animation move-up\" id=\"tm-heading-69dec268bcc60\">\n\t<h2 class=\"heading\" ><mark>Andere Vorteile:<\/mark><\/h2><\/div>\n\n<\/div><\/div><\/div><\/div><div class=\"vc_row-full-width vc_clearfix\"><\/div><div id=\"tm-row-69dec268bcf89\" class=\"vc_row vc_row-outer vc_row-fluid min-h-ic-box\"><div id=\"tm-column-69dec268bd169\" class=\"wpb_column vc_column_container vc_col-sm-12\"><div class=\"vc_column-inner\"><div class=\"wpb_wrapper\"><div id=\"tm-row-inner-69dec268bd33d\" class=\"vc_row vc_inner vc_row-fluid ct-h2\"><div id=\"tm-column-inner-69dec268bd542\" class=\"wpb_column vc_column_container vc_col-sm-6\"><div class=\"vc_column-inner\"><div class=\"wpb_wrapper\"><div class=\"tm-box-icon  style-2 style-align-center tm-animation move-up\" id=\"tm-box-icon-69dec268bd723\">\n\t\t<div class=\"content-wrap\">\n\n\t\t\t<div class=\"image\">\n\t\t\t<img decoding=\"async\" src=\"https:\/\/willowtechgroup.com\/wp-content\/uploads\/2023\/07\/Icon-54.svg\" alt=\"Icon 54\" \/>\t\t<\/div>\n\t\n\t\n\t<div class=\"content\">\n\t\t<div class=\"box-header\">\n\t\t\t\t\t<\/div>\n\n\t\t\n\t\t\t\t\t\t\t\t\t<ul class=\"box-icon-list\">\n\t\t\t\t\t<li><i class=\"fas fa-check\"><\/i>Kosteneffiziente Produktwartung <\/li>\n\t\t\t\t<\/ul>\n\t\t\t\t\t\t\t\t\t\t\t\t<ul class=\"box-icon-list\">\n\t\t\t\t\t<li><i class=\"fas fa-check\"><\/i>Funktionserweiterungen und Unterst\u00fctzung f\u00fcr \u00e4ltere Produkte<\/li>\n\t\t\t\t<\/ul>\n\t\t\t\t\t\t\t\t\t\t\t\t<ul class=\"box-icon-list\">\n\t\t\t\t\t<li><i class=\"fas fa-check\"><\/i>Bew\u00e4ltigen Sie Herausforderungen mit Integrationstools und -prozessen<\/li>\n\t\t\t\t<\/ul>\n\t\t\t\t\t\n\t\t\t<\/div>\n<\/div>\n<\/div>\n<\/div><\/div><\/div><div id=\"tm-column-inner-69dec268be60a\" class=\"wpb_column vc_column_container vc_col-sm-6\"><div class=\"vc_column-inner\"><div class=\"wpb_wrapper\"><div class=\"tm-box-icon  style-2 style-align-center tm-animation move-up\" id=\"tm-box-icon-69dec268be7a8\">\n\t\t<div class=\"content-wrap\">\n\n\t\t\t<div class=\"image\">\n\t\t\t<img decoding=\"async\" src=\"https:\/\/willowtechgroup.com\/wp-content\/uploads\/2023\/07\/Icon-55.svg\" alt=\"Icon 55\" \/>\t\t<\/div>\n\t\n\t\n\t<div class=\"content\">\n\t\t<div class=\"box-header\">\n\t\t\t\t\t<\/div>\n\n\t\t\n\t\t\t\t\t\t\t\t\t<ul class=\"box-icon-list\">\n\t\t\t\t\t<li><i class=\"fas fa-check\"><\/i>Verbessern Sie die Benutzererfahrung<\/li>\n\t\t\t\t<\/ul>\n\t\t\t\t\t\t\t\t\t\t\t\t<ul class=\"box-icon-list\">\n\t\t\t\t\t<li><i class=\"fas fa-check\"><\/i>Verbessern Sie die Kundenzufriedenheit<\/li>\n\t\t\t\t<\/ul>\n\t\t\t\t\t\t\t\t\t\t\t\t<ul class=\"box-icon-list\">\n\t\t\t\t\t<li><i class=\"fas fa-check\"><\/i>Beschleunigung der Markteinf\u00fchrung differenzierter Produkte und L\u00f6sungen<\/li>\n\t\t\t\t<\/ul>\n\t\t\t\t\t\n\t\t\t<\/div>\n<\/div>\n<\/div>\n<\/div><\/div><\/div><\/div><\/div><\/div><\/div><\/div>\n<\/section>","protected":false},"excerpt":{"rendered":"Offene Netzwerke und Forschung und Entwicklung Positionieren Sie Ihr Unternehmen mit offenen Netzwerkdiensten f\u00fcr langfristigen Erfolg in der sich schnell entwickelnden Telekommunikationslandschaft. Durch den Abbau von Barrieren, die F\u00f6rderung des Wettbewerbs und die St\u00e4rkung der Verbraucher haben offene Netzwerke neue M\u00f6glichkeiten f\u00fcr Zusammenarbeit und Innovation er\u00f6ffnet und eine st\u00e4rker vernetzte, wettbewerbsorientiertere und verbraucherorientiertere Zukunft geschaffen. Offene Netzwerke und F&amp;E-Forschung und -Entwicklung sind ein wichtiger Bestandteil der Telekommunikationsbranche, da sie Innovationen vorantreiben, den technologischen Fortschritt vorantreiben und die Rentabilit\u00e4t und das Wachstum steigern. Forschung und Entwicklung konzentrieren sich stark auf die Verbesserung der Infrastruktur, die Entwicklung neuer Technologien und die Bereitstellung innovativer Dienstleistungen, um den sich ver\u00e4ndernden Verbraucheranforderungen gerecht zu werden. Netzwerkdienste Vom ersten Netzwerkentwurf bis zur Implementierung und Fertigstellung k\u00f6nnen wir f\u00fcr jedes Projekt qualifizierte, erfahrene Netzwerkexperten einsetzen. Profitieren Sie von: Sicherheit Vertrauen Sie die Konzeption, Leitung und \u00dcberwachung des Projekts einem Team geschulter Fachleute an. Budgetkontrolle. Reduzierte Bereitstellungskosten und p\u00fcnktliche Projektabwicklung als Standard. Einhaltung. Die Netzwerke entsprechen allen relevanten Standards und Gesetzen, was Ihnen zus\u00e4tzliche Sicherheit gibt. Forschung und Entwicklung Die sich schnell weiterentwickelnden Technologien bedeuten, dass es sich kein Unternehmen leisten kann, ins Hintertreffen zu geraten. Unser F&amp;E-Service erleichtert den End-to-End-Produktlebenszyklus der Produktentwicklung der n\u00e4chsten Generation \u2013 vom F&amp;E-Konzept und -Design der Willow Tech Group Open Networks bis hin zur Validierung und Zertifizierung von Produkten und L\u00f6sungen. Agile F&amp;E-Transformationen helfen bei: Betriebsleistung Eliminieren Sie Verschwendung in Ihren Aktivit\u00e4ten und Lieferketten, optimieren Sie Kosten und werden Sie effizienter. \u00c4nderungsprogramme auf der Grundlage von Lean-Prinzipien, Ausgabenanalysen, Outsourcing und mehr tragen dazu bei, die Leistung Ihres Betriebs zu maximieren und Ihr Budget im Gleichgewicht zu halten. Digitalisierung Nutzen Sie die Digitalisierung, indem Sie mithilfe von Datenanalysen und Tools wie KI den gr\u00f6\u00dftm\u00f6glichen Nutzen aus Daten ziehen. Verbessern Sie Dienste und erschlie\u00dfen Sie neue Einnahmequellen, w\u00e4hrend Sie gleichzeitig die Sicherheit Ihrer Infrastruktur gew\u00e4hrleisten. Weitere Vorteile: Kosteneffiziente Produktwartung Funktionserweiterungen und Support f\u00fcr \u00e4ltere Produkte Bew\u00e4ltigung von Herausforderungen mit Integrationstools und -prozessen Verbesserung des Benutzererlebnisses Verbesserung der Kundenzufriedenheit Beschleunigung der Markteinf\u00fchrungszeit differenzierter Produkte und L\u00f6sungen","protected":false},"author":1,"featured_media":0,"parent":0,"menu_order":0,"comment_status":"closed","ping_status":"closed","template":"","meta":{"content-type":"","footnotes":""},"class_list":["post-3817","page","type-page","status-publish","hentry"],"yoast_head":"<!-- This site is optimized with the Yoast SEO plugin v27.3 - https:\/\/yoast.com\/product\/yoast-seo-wordpress\/ -->\n<title>Open Networks and R&amp;D - WillowTech Group<\/title>\n<meta name=\"robots\" content=\"index, follow, max-snippet:-1, max-image-preview:large, max-video-preview:-1\" \/>\n<link rel=\"canonical\" href=\"https:\/\/willowtechgroup.com\/de\/open-networks-and-rd\/\" \/>\n<meta property=\"og:locale\" content=\"de_DE\" \/>\n<meta property=\"og:type\" content=\"article\" \/>\n<meta property=\"og:title\" content=\"Open Networks and R&amp;D - WillowTech Group\" \/>\n<meta property=\"og:url\" content=\"https:\/\/willowtechgroup.com\/de\/open-networks-and-rd\/\" \/>\n<meta property=\"og:site_name\" content=\"WillowTech Group\" \/>\n<meta property=\"article:modified_time\" content=\"2023-10-04T10:37:03+00:00\" \/>\n<meta name=\"twitter:card\" content=\"summary_large_image\" \/>\n<meta name=\"twitter:label1\" content=\"Gesch\u00e4tzte Lesezeit\" \/>\n\t<meta name=\"twitter:data1\" content=\"5\u00a0Minuten\" \/>\n<script type=\"application\/ld+json\" class=\"yoast-schema-graph\">{\"@context\":\"https:\\\/\\\/schema.org\",\"@graph\":[{\"@type\":\"WebPage\",\"@id\":\"https:\\\/\\\/willowtechgroup.com\\\/open-networks-and-rd\\\/\",\"url\":\"https:\\\/\\\/willowtechgroup.com\\\/open-networks-and-rd\\\/\",\"name\":\"Open Networks and R&D - WillowTech Group\",\"isPartOf\":{\"@id\":\"https:\\\/\\\/willowtechgroup.com\\\/#website\"},\"datePublished\":\"2023-07-03T12:53:07+00:00\",\"dateModified\":\"2023-10-04T10:37:03+00:00\",\"breadcrumb\":{\"@id\":\"https:\\\/\\\/willowtechgroup.com\\\/open-networks-and-rd\\\/#breadcrumb\"},\"inLanguage\":\"de\",\"potentialAction\":[{\"@type\":\"ReadAction\",\"target\":[\"https:\\\/\\\/willowtechgroup.com\\\/open-networks-and-rd\\\/\"]}]},{\"@type\":\"BreadcrumbList\",\"@id\":\"https:\\\/\\\/willowtechgroup.com\\\/open-networks-and-rd\\\/#breadcrumb\",\"itemListElement\":[{\"@type\":\"ListItem\",\"position\":1,\"name\":\"Home\",\"item\":\"https:\\\/\\\/willowtechgroup.com\\\/\"},{\"@type\":\"ListItem\",\"position\":2,\"name\":\"Open Networks and R&#038;D\"}]},{\"@type\":\"WebSite\",\"@id\":\"https:\\\/\\\/willowtechgroup.com\\\/#website\",\"url\":\"https:\\\/\\\/willowtechgroup.com\\\/\",\"name\":\"WillowTech Group\",\"description\":\"IT Consultation &amp; Services\",\"publisher\":{\"@id\":\"https:\\\/\\\/willowtechgroup.com\\\/#organization\"},\"potentialAction\":[{\"@type\":\"SearchAction\",\"target\":{\"@type\":\"EntryPoint\",\"urlTemplate\":\"https:\\\/\\\/willowtechgroup.com\\\/?s={search_term_string}\"},\"query-input\":{\"@type\":\"PropertyValueSpecification\",\"valueRequired\":true,\"valueName\":\"search_term_string\"}}],\"inLanguage\":\"de\"},{\"@type\":\"Organization\",\"@id\":\"https:\\\/\\\/willowtechgroup.com\\\/#organization\",\"name\":\"WillowTech Group\",\"url\":\"https:\\\/\\\/willowtechgroup.com\\\/\",\"logo\":{\"@type\":\"ImageObject\",\"inLanguage\":\"de\",\"@id\":\"https:\\\/\\\/willowtechgroup.com\\\/#\\\/schema\\\/logo\\\/image\\\/\",\"url\":\"https:\\\/\\\/willowtechgroup.com\\\/wp-content\\\/uploads\\\/2018\\\/10\\\/Logo-290X70-3.svg\",\"contentUrl\":\"https:\\\/\\\/willowtechgroup.com\\\/wp-content\\\/uploads\\\/2018\\\/10\\\/Logo-290X70-3.svg\",\"width\":\"1024\",\"height\":\"1024\",\"caption\":\"WillowTech Group\"},\"image\":{\"@id\":\"https:\\\/\\\/willowtechgroup.com\\\/#\\\/schema\\\/logo\\\/image\\\/\"}}]}<\/script>\n<!-- \/ Yoast SEO plugin. -->","yoast_head_json":{"title":"Offene Netzwerke und Forschung &amp; Entwicklung \u2013 WillowTech-Gruppe","robots":{"index":"index","follow":"follow","max-snippet":"max-snippet:-1","max-image-preview":"max-image-preview:large","max-video-preview":"max-video-preview:-1"},"canonical":"https:\/\/willowtechgroup.com\/de\/open-networks-and-rd\/","og_locale":"de_DE","og_type":"article","og_title":"Open Networks and R&D - WillowTech Group","og_url":"https:\/\/willowtechgroup.com\/de\/open-networks-and-rd\/","og_site_name":"WillowTech Group","article_modified_time":"2023-10-04T10:37:03+00:00","twitter_card":"summary_large_image","twitter_misc":{"Gesch\u00e4tzte Lesezeit":"5\u00a0Minuten"},"schema":{"@context":"https:\/\/schema.org","@graph":[{"@type":"WebPage","@id":"https:\/\/willowtechgroup.com\/open-networks-and-rd\/","url":"https:\/\/willowtechgroup.com\/open-networks-and-rd\/","name":"Offene Netzwerke und Forschung &amp; Entwicklung \u2013 WillowTech-Gruppe","isPartOf":{"@id":"https:\/\/willowtechgroup.com\/#website"},"datePublished":"2023-07-03T12:53:07+00:00","dateModified":"2023-10-04T10:37:03+00:00","breadcrumb":{"@id":"https:\/\/willowtechgroup.com\/open-networks-and-rd\/#breadcrumb"},"inLanguage":"de","potentialAction":[{"@type":"ReadAction","target":["https:\/\/willowtechgroup.com\/open-networks-and-rd\/"]}]},{"@type":"BreadcrumbList","@id":"https:\/\/willowtechgroup.com\/open-networks-and-rd\/#breadcrumb","itemListElement":[{"@type":"ListItem","position":1,"name":"Home","item":"https:\/\/willowtechgroup.com\/"},{"@type":"ListItem","position":2,"name":"Open Networks and R&#038;D"}]},{"@type":"WebSite","@id":"https:\/\/willowtechgroup.com\/#website","url":"https:\/\/willowtechgroup.com\/","name":"WillowTech-Gruppe","description":"IT-Beratung &amp; Services","publisher":{"@id":"https:\/\/willowtechgroup.com\/#organization"},"potentialAction":[{"@type":"SearchAction","target":{"@type":"EntryPoint","urlTemplate":"https:\/\/willowtechgroup.com\/?s={search_term_string}"},"query-input":{"@type":"PropertyValueSpecification","valueRequired":true,"valueName":"search_term_string"}}],"inLanguage":"de"},{"@type":"Organization","@id":"https:\/\/willowtechgroup.com\/#organization","name":"WillowTech-Gruppe","url":"https:\/\/willowtechgroup.com\/","logo":{"@type":"ImageObject","inLanguage":"de","@id":"https:\/\/willowtechgroup.com\/#\/schema\/logo\/image\/","url":"https:\/\/willowtechgroup.com\/wp-content\/uploads\/2018\/10\/Logo-290X70-3.svg","contentUrl":"https:\/\/willowtechgroup.com\/wp-content\/uploads\/2018\/10\/Logo-290X70-3.svg","width":"1024","height":"1024","caption":"WillowTech Group"},"image":{"@id":"https:\/\/willowtechgroup.com\/#\/schema\/logo\/image\/"}}]}},"_links":{"self":[{"href":"https:\/\/willowtechgroup.com\/de\/wp-json\/wp\/v2\/pages\/3817","targetHints":{"allow":["GET"]}}],"collection":[{"href":"https:\/\/willowtechgroup.com\/de\/wp-json\/wp\/v2\/pages"}],"about":[{"href":"https:\/\/willowtechgroup.com\/de\/wp-json\/wp\/v2\/types\/page"}],"author":[{"embeddable":true,"href":"https:\/\/willowtechgroup.com\/de\/wp-json\/wp\/v2\/users\/1"}],"replies":[{"embeddable":true,"href":"https:\/\/willowtechgroup.com\/de\/wp-json\/wp\/v2\/comments?post=3817"}],"version-history":[{"count":0,"href":"https:\/\/willowtechgroup.com\/de\/wp-json\/wp\/v2\/pages\/3817\/revisions"}],"wp:attachment":[{"href":"https:\/\/willowtechgroup.com\/de\/wp-json\/wp\/v2\/media?parent=3817"}],"curies":[{"name":"wp","href":"https:\/\/api.w.org\/{rel}","templated":true}]}}