{"id":3870,"date":"2023-07-04T10:20:51","date_gmt":"2023-07-04T09:20:51","guid":{"rendered":"https:\/\/willowtechgroup.com\/?page_id=3870"},"modified":"2023-10-03T12:02:24","modified_gmt":"2023-10-03T11:02:24","slug":"fixed-network","status":"publish","type":"page","link":"https:\/\/willowtechgroup.com\/de\/fixed-network\/","title":{"rendered":"Festnetz"},"content":{"rendered":"<section class=\"wpb-content-wrapper\"><div id=\"tm-row-69d28b7338953\" data-vc-full-width=\"true\" data-vc-full-width-init=\"false\" class=\"vc_row vc_row-outer vc_row-fluid\"><div id=\"tm-column-69d28b7338c96\" class=\"wpb_column vc_column_container vc_col-sm-12\"><div class=\"vc_column-inner\"><div class=\"wpb_wrapper\">\n<div class=\"tm-heading  center tm-animation move-up\" id=\"tm-heading-69d28b7338ead\">\n\t<h2 class=\"heading\" ><mark>Festnetz<\/mark><\/h2><\/div>\n\n<div class=\"tm-spacer\" id=\"tm-spacer-69d28b7339156\"><\/div>\n\n<div class=\"tm-heading mg-top-heading  center tm-animation move-up\" id=\"tm-heading-69d28b73391ea\">\n\t<div class=\"heading\" >L\u00f6sungen f\u00fcr die Transformation fester Netzwerke, die es Betreibern erm\u00f6glichen, Kommunikationsnetzwerke von veralteten Umgebungen zu sicheren IP- und Cloud-basierten Architekturen weiterzuentwickeln und umzuwandeln, die selbst an den entlegensten Standorten schnelle und zuverl\u00e4ssige Netzwerkkonnektivit\u00e4t bereitstellen k\u00f6nnen.<\/div><\/div>\n\n<div class=\"tm-spacer\" id=\"tm-spacer-69d28b73394b6\"><\/div>\n<\/div><\/div><\/div><\/div><div class=\"vc_row-full-width vc_clearfix\"><\/div><div id=\"tm-row-69d28b733959e\" data-vc-full-width=\"true\" data-vc-full-width-init=\"false\" class=\"vc_row vc_row-outer vc_row-fluid\"><div id=\"tm-column-69d28b7339a72\" class=\"wpb_column vc_column_container vc_col-sm-12\"><div class=\"vc_column-inner\"><div class=\"wpb_wrapper\"><div id=\"tm-row-inner-69d28b7339c93\" class=\"vc_row vc_inner vc_row-fluid vc_row-o-equal-height vc_row-flex\"><div id=\"tm-column-inner-69d28b7339eb6\" class=\"wpb_column vc_column_container vc_col-sm-6\"><div class=\"vc_column-inner\"><div class=\"wpb_wrapper\">\n<div class=\"tm-heading  left tm-animation move-up\" id=\"tm-heading-69d28b733a07f\">\n\t<h3 class=\"heading\" >Festnetz<\/h3><\/div>\n\n\n<div class=\"tm-heading vc_custom_1688462546269  left tm-animation move-up\" id=\"tm-heading-69d28b733a388\">\n\t<div class=\"heading\" >Festnetzdienste k\u00f6nnen alle Phasen eines Telekommunikationsprojekts umfassen, von Machbarkeitsstudien bis hin zur Zertifizierung. Unsere Techniker verf\u00fcgen \u00fcber Fachwissen in allen Aspekten fester Netzwerke, von der Layout- und Felddatenerfassung \u00fcber Spezialisten f\u00fcr GIS-Kartierung zur Datengenerierung bis hin zu Projektmanagern.<\/div><\/div>\n\n<\/div><\/div><\/div><div id=\"tm-column-inner-69d28b733a6a9\" class=\"wpb_column vc_column_container vc_col-sm-6\"><div class=\"vc_column-inner\"><div class=\"wpb_wrapper\"><div class=\"tm-spacer\" id=\"tm-spacer-69d28b733aaa2\"><\/div>\n<\/div><\/div><\/div><\/div><\/div><\/div><\/div><\/div><div class=\"vc_row-full-width vc_clearfix\"><\/div><div id=\"tm-row-69d28b733abb8\" data-vc-full-width=\"true\" data-vc-full-width-init=\"false\" class=\"vc_row vc_row-outer vc_row-fluid\"><div id=\"tm-column-69d28b733ada8\" class=\"wpb_column vc_column_container vc_col-sm-12\"><div class=\"vc_column-inner\"><div class=\"wpb_wrapper\">\n<div class=\"tm-heading  center tm-animation move-up\" id=\"tm-heading-69d28b733af65\">\n\t<h2 class=\"heading\" ><mark>Profitieren Sie von umfassenden Festnetzdiensten, die Folgendes umfassen:<\/mark><\/h2><\/div>\n\n<div class=\"tm-spacer\" id=\"tm-spacer-69d28b733b206\"><\/div>\n<\/div><\/div><\/div><\/div><div class=\"vc_row-full-width vc_clearfix\"><\/div><div id=\"tm-row-69d28b733b2e0\" class=\"vc_row vc_row-outer vc_row-fluid\"><div id=\"tm-column-69d28b733b4c2\" class=\"wpb_column vc_column_container vc_col-sm-6\"><div class=\"vc_column-inner\"><div class=\"wpb_wrapper\"><div class=\"tm-box-icon  style-2 style-align-center tm-animation move-up\" id=\"tm-box-icon-69d28b733b679\">\n\t\t<div class=\"content-wrap\">\n\n\t\t\t<div class=\"image\">\n\t\t\t<img decoding=\"async\" src=\"https:\/\/willowtechgroup.com\/wp-content\/uploads\/2023\/07\/Icon-53.svg\" alt=\"Icon 53\" \/>\t\t<\/div>\n\t\n\t\n\t<div class=\"content\">\n\t\t<div class=\"box-header\">\n\t\t\t\t\t<\/div>\n\n\t\t\n\t\t\t\t\t\t\t\t\t<ul class=\"box-icon-list\">\n\t\t\t\t\t<li><i class=\"fas fa-check\"><\/i>Prim\u00e4re Machbarkeitsstudien von L\u00f6sungen und Bereitstellungspl\u00e4nen<\/li>\n\t\t\t\t<\/ul>\n\t\t\t\t\t\t\t\t\t\t\t\t<ul class=\"box-icon-list\">\n\t\t\t\t\t<li><i class=\"fas fa-check\"><\/i>Budgetvorschlag, Kontrolle und Zertifizierung<\/li>\n\t\t\t\t<\/ul>\n\t\t\t\t\t\t\t\t\t\t\t\t<ul class=\"box-icon-list\">\n\t\t\t\t\t<li><i class=\"fas fa-check\"><\/i>Zeitplan und Materialaufschl\u00fcsselung<\/li>\n\t\t\t\t<\/ul>\n\t\t\t\t\t\t\t\t\t\t\t\t<ul class=\"box-icon-list\">\n\t\t\t\t\t<li><i class=\"fas fa-check\"><\/i>Arbeitsprojektmanagement<\/li>\n\t\t\t\t<\/ul>\n\t\t\t\t\t\t\t\t\t\t\t\t<ul class=\"box-icon-list\">\n\t\t\t\t\t<li><i class=\"fas fa-check\"><\/i>Link-Netzwerke, Vertrieb und Innenr\u00e4ume<\/li>\n\t\t\t\t<\/ul>\n\t\t\t\t\t\t\t\t\t\t\t\t<ul class=\"box-icon-list\">\n\t\t\t\t\t<li><i class=\"fas fa-check\"><\/i>Technischer Support f\u00fcr die Bereitstellung von OF-, Peer-to-Peer- und Koaxialnetzwerken<\/li>\n\t\t\t\t<\/ul>\n\t\t\t\t\t\n\t\t\t<\/div>\n<\/div>\n<\/div>\n<\/div><\/div><\/div><div id=\"tm-column-69d28b733c638\" class=\"wpb_column vc_column_container vc_col-sm-6\"><div class=\"vc_column-inner\"><div class=\"wpb_wrapper\"><div class=\"tm-box-icon  style-2 style-align-center tm-animation move-up\" id=\"tm-box-icon-69d28b733c7d8\">\n\t\t<div class=\"content-wrap\">\n\n\t\t\t<div class=\"image\">\n\t\t\t<img decoding=\"async\" src=\"https:\/\/willowtechgroup.com\/wp-content\/uploads\/2023\/07\/Icon-52.svg\" alt=\"Icon 52\" \/>\t\t<\/div>\n\t\n\t\n\t<div class=\"content\">\n\t\t<div class=\"box-header\">\n\t\t\t\t\t<\/div>\n\n\t\t\n\t\t\t\t\t\t\t\t\t<ul class=\"box-icon-list\">\n\t\t\t\t\t<li><i class=\"fas fa-check\"><\/i>Technikr\u00e4ume<\/li>\n\t\t\t\t<\/ul>\n\t\t\t\t\t\t\t\t\t\t\t\t<ul class=\"box-icon-list\">\n\t\t\t\t\t<li><i class=\"fas fa-check\"><\/i>Qualit\u00e4tsmessungen<\/li>\n\t\t\t\t<\/ul>\n\t\t\t\t\t\t\t\t\t\t\t\t<ul class=\"box-icon-list\">\n\t\t\t\t\t<li><i class=\"fas fa-check\"><\/i>Verwaltung \u00f6ffentlicher\/privater Genehmigungen<\/li>\n\t\t\t\t<\/ul>\n\t\t\t\t\t\t\t\t\t\t\t\t<ul class=\"box-icon-list\">\n\t\t\t\t\t<li><i class=\"fas fa-check\"><\/i>SLA-Definition und Berichtserstellung<\/li>\n\t\t\t\t<\/ul>\n\t\t\t\t\t\t\t\t\t\t\t\t<ul class=\"box-icon-list\">\n\t\t\t\t\t<li><i class=\"fas fa-check\"><\/i>Abschlussbescheinigung<\/li>\n\t\t\t\t<\/ul>\n\t\t\t\t\t\n\t\t\t<\/div>\n<\/div>\n<\/div>\n<\/div><\/div><\/div><\/div><div id=\"tm-row-69d28b733d613\" data-vc-full-width=\"true\" data-vc-full-width-init=\"false\" data-vc-stretch-content=\"true\" class=\"vc_row vc_row-outer vc_row-fluid vc_row-o-content-middle vc_row-flex\"><div id=\"tm-column-69d28b733d806\" class=\"wpb_column vc_column_container vc_col-sm-12\"><div class=\"vc_column-inner\"><div class=\"wpb_wrapper\">\n<div class=\"tm-heading modern-icon center tm-animation move-up\" id=\"tm-heading-69d28b733d9c6\">\n\t<h4 class=\"heading\" >Genie\u00dfen Sie die Gewissheit, dass Sie jede Phase Ihrer Festnetzbereitstellung an kompetente und erfahrene Spezialisten delegieren k\u00f6nnen. Profitieren Sie von Kosteneffizienz durch reduzierte Bereitstellungskosten und die rechtzeitige Fertigstellung eines Projekts, das allen relevanten Standards und Gesetzen entspricht.<\/h4><\/div>\n\n<\/div><\/div><\/div><\/div><div class=\"vc_row-full-width vc_clearfix\"><\/div>\n<\/section>","protected":false},"excerpt":{"rendered":"Festnetz-Transformationsl\u00f6sungen f\u00fcr Festnetze, die es Betreibern erm\u00f6glichen, Kommunikationsnetzwerke von veralteten Umgebungen zu sicheren IP- und Cloud-basierten Architekturen weiterzuentwickeln und umzuwandeln, die selbst an den entlegensten Standorten eine schnelle und zuverl\u00e4ssige Netzwerkkonnektivit\u00e4t bereitstellen k\u00f6nnen. Festnetzdienste k\u00f6nnen alle Phasen eines Telekommunikationsprojekts umfassen, von Machbarkeitsstudien bis hin zur Zertifizierung. Unsere Techniker verf\u00fcgen \u00fcber Fachwissen in allen Aspekten fester Netzwerke, von der Layout- und Felddatenerfassung \u00fcber Spezialisten f\u00fcr GIS-Kartierung zur Datengenerierung bis hin zu Projektmanagern. Profitieren Sie von umfassenden Festnetzdiensten, die Folgendes umfassen: Prim\u00e4re Machbarkeitsstudien von L\u00f6sungen und Bereitstellungspl\u00e4nen, Budgetvorschl\u00e4ge, Kontrolle und Zertifizierung, Zeitplan und Materialaufschl\u00fcsselung, Arbeitsprojektmanagement, Verbindungsnetzwerke, Verteilung und Innenr\u00e4ume. Technische Unterst\u00fctzung f\u00fcr die Bereitstellung von OF-, Peer-to-Peer- und Koaxialnetzwerken Technische R\u00e4ume Qualit\u00e4tsmessungen Verwaltung \u00f6ffentlicher\/privater Genehmigungen SLA-Definition und Berichterstellung Zertifizierung nach Abschluss der Arbeiten Genie\u00dfen Sie die Gewissheit, dass Sie jede Phase Ihrer Festnetzbereitstellung an qualifizierte, erfahrene Spezialisten delegieren k\u00f6nnen. Profitieren Sie von Kosteneffizienz durch reduzierte Bereitstellungskosten und die rechtzeitige Fertigstellung eines Projekts, das allen relevanten Standards und Gesetzen entspricht.","protected":false},"author":1,"featured_media":0,"parent":0,"menu_order":0,"comment_status":"closed","ping_status":"closed","template":"","meta":{"content-type":"","footnotes":""},"class_list":["post-3870","page","type-page","status-publish","hentry"],"yoast_head":"<!-- This site is optimized with the Yoast SEO plugin v25.2 - https:\/\/yoast.com\/wordpress\/plugins\/seo\/ -->\n<title>Fixed Network - WillowTech Group<\/title>\n<meta name=\"robots\" content=\"index, follow, max-snippet:-1, max-image-preview:large, max-video-preview:-1\" \/>\n<link rel=\"canonical\" href=\"https:\/\/willowtechgroup.com\/de\/fixed-network\/\" \/>\n<meta property=\"og:locale\" content=\"de_DE\" \/>\n<meta property=\"og:type\" content=\"article\" \/>\n<meta property=\"og:title\" content=\"Fixed Network - WillowTech Group\" \/>\n<meta property=\"og:url\" content=\"https:\/\/willowtechgroup.com\/de\/fixed-network\/\" \/>\n<meta property=\"og:site_name\" content=\"WillowTech Group\" \/>\n<meta property=\"article:modified_time\" content=\"2023-10-03T11:02:24+00:00\" \/>\n<meta name=\"twitter:card\" content=\"summary_large_image\" \/>\n<meta name=\"twitter:label1\" content=\"Gesch\u00e4tzte Lesezeit\" \/>\n\t<meta name=\"twitter:data1\" content=\"3\u00a0Minuten\" \/>\n<script type=\"application\/ld+json\" class=\"yoast-schema-graph\">{\"@context\":\"https:\/\/schema.org\",\"@graph\":[{\"@type\":\"WebPage\",\"@id\":\"https:\/\/willowtechgroup.com\/fixed-network\/\",\"url\":\"https:\/\/willowtechgroup.com\/fixed-network\/\",\"name\":\"Fixed Network - WillowTech Group\",\"isPartOf\":{\"@id\":\"https:\/\/willowtechgroup.com\/#website\"},\"datePublished\":\"2023-07-04T09:20:51+00:00\",\"dateModified\":\"2023-10-03T11:02:24+00:00\",\"breadcrumb\":{\"@id\":\"https:\/\/willowtechgroup.com\/fixed-network\/#breadcrumb\"},\"inLanguage\":\"de\",\"potentialAction\":[{\"@type\":\"ReadAction\",\"target\":[\"https:\/\/willowtechgroup.com\/fixed-network\/\"]}]},{\"@type\":\"BreadcrumbList\",\"@id\":\"https:\/\/willowtechgroup.com\/fixed-network\/#breadcrumb\",\"itemListElement\":[{\"@type\":\"ListItem\",\"position\":1,\"name\":\"Home\",\"item\":\"https:\/\/willowtechgroup.com\/\"},{\"@type\":\"ListItem\",\"position\":2,\"name\":\"Fixed Network\"}]},{\"@type\":\"WebSite\",\"@id\":\"https:\/\/willowtechgroup.com\/#website\",\"url\":\"https:\/\/willowtechgroup.com\/\",\"name\":\"WillowTech Group\",\"description\":\"IT Consultation &amp; Services\",\"publisher\":{\"@id\":\"https:\/\/willowtechgroup.com\/#organization\"},\"potentialAction\":[{\"@type\":\"SearchAction\",\"target\":{\"@type\":\"EntryPoint\",\"urlTemplate\":\"https:\/\/willowtechgroup.com\/?s={search_term_string}\"},\"query-input\":{\"@type\":\"PropertyValueSpecification\",\"valueRequired\":true,\"valueName\":\"search_term_string\"}}],\"inLanguage\":\"de\"},{\"@type\":\"Organization\",\"@id\":\"https:\/\/willowtechgroup.com\/#organization\",\"name\":\"WillowTech Group\",\"url\":\"https:\/\/willowtechgroup.com\/\",\"logo\":{\"@type\":\"ImageObject\",\"inLanguage\":\"de\",\"@id\":\"https:\/\/willowtechgroup.com\/#\/schema\/logo\/image\/\",\"url\":\"https:\/\/willowtechgroup.com\/wp-content\/uploads\/2018\/10\/Logo-290X70-3.svg\",\"contentUrl\":\"https:\/\/willowtechgroup.com\/wp-content\/uploads\/2018\/10\/Logo-290X70-3.svg\",\"width\":\"1024\",\"height\":\"1024\",\"caption\":\"WillowTech Group\"},\"image\":{\"@id\":\"https:\/\/willowtechgroup.com\/#\/schema\/logo\/image\/\"}}]}<\/script>\n<!-- \/ Yoast SEO plugin. -->","yoast_head_json":{"title":"Fixed Network - WillowTech Group","robots":{"index":"index","follow":"follow","max-snippet":"max-snippet:-1","max-image-preview":"max-image-preview:large","max-video-preview":"max-video-preview:-1"},"canonical":"https:\/\/willowtechgroup.com\/de\/fixed-network\/","og_locale":"de_DE","og_type":"article","og_title":"Fixed Network - WillowTech Group","og_url":"https:\/\/willowtechgroup.com\/de\/fixed-network\/","og_site_name":"WillowTech Group","article_modified_time":"2023-10-03T11:02:24+00:00","twitter_card":"summary_large_image","twitter_misc":{"Gesch\u00e4tzte Lesezeit":"3\u00a0Minuten"},"schema":{"@context":"https:\/\/schema.org","@graph":[{"@type":"WebPage","@id":"https:\/\/willowtechgroup.com\/fixed-network\/","url":"https:\/\/willowtechgroup.com\/fixed-network\/","name":"Fixed Network - WillowTech Group","isPartOf":{"@id":"https:\/\/willowtechgroup.com\/#website"},"datePublished":"2023-07-04T09:20:51+00:00","dateModified":"2023-10-03T11:02:24+00:00","breadcrumb":{"@id":"https:\/\/willowtechgroup.com\/fixed-network\/#breadcrumb"},"inLanguage":"de","potentialAction":[{"@type":"ReadAction","target":["https:\/\/willowtechgroup.com\/fixed-network\/"]}]},{"@type":"BreadcrumbList","@id":"https:\/\/willowtechgroup.com\/fixed-network\/#breadcrumb","itemListElement":[{"@type":"ListItem","position":1,"name":"Home","item":"https:\/\/willowtechgroup.com\/"},{"@type":"ListItem","position":2,"name":"Fixed Network"}]},{"@type":"WebSite","@id":"https:\/\/willowtechgroup.com\/#website","url":"https:\/\/willowtechgroup.com\/","name":"WillowTech-Gruppe","description":"IT-Beratung &amp; Services","publisher":{"@id":"https:\/\/willowtechgroup.com\/#organization"},"potentialAction":[{"@type":"SearchAction","target":{"@type":"EntryPoint","urlTemplate":"https:\/\/willowtechgroup.com\/?s={search_term_string}"},"query-input":{"@type":"PropertyValueSpecification","valueRequired":true,"valueName":"search_term_string"}}],"inLanguage":"de"},{"@type":"Organization","@id":"https:\/\/willowtechgroup.com\/#organization","name":"WillowTech-Gruppe","url":"https:\/\/willowtechgroup.com\/","logo":{"@type":"ImageObject","inLanguage":"de","@id":"https:\/\/willowtechgroup.com\/#\/schema\/logo\/image\/","url":"https:\/\/willowtechgroup.com\/wp-content\/uploads\/2018\/10\/Logo-290X70-3.svg","contentUrl":"https:\/\/willowtechgroup.com\/wp-content\/uploads\/2018\/10\/Logo-290X70-3.svg","width":"1024","height":"1024","caption":"WillowTech Group"},"image":{"@id":"https:\/\/willowtechgroup.com\/#\/schema\/logo\/image\/"}}]}},"_links":{"self":[{"href":"https:\/\/willowtechgroup.com\/de\/wp-json\/wp\/v2\/pages\/3870","targetHints":{"allow":["GET"]}}],"collection":[{"href":"https:\/\/willowtechgroup.com\/de\/wp-json\/wp\/v2\/pages"}],"about":[{"href":"https:\/\/willowtechgroup.com\/de\/wp-json\/wp\/v2\/types\/page"}],"author":[{"embeddable":true,"href":"https:\/\/willowtechgroup.com\/de\/wp-json\/wp\/v2\/users\/1"}],"replies":[{"embeddable":true,"href":"https:\/\/willowtechgroup.com\/de\/wp-json\/wp\/v2\/comments?post=3870"}],"version-history":[{"count":0,"href":"https:\/\/willowtechgroup.com\/de\/wp-json\/wp\/v2\/pages\/3870\/revisions"}],"wp:attachment":[{"href":"https:\/\/willowtechgroup.com\/de\/wp-json\/wp\/v2\/media?parent=3870"}],"curies":[{"name":"wp","href":"https:\/\/api.w.org\/{rel}","templated":true}]}}