{"id":5010,"date":"2024-12-10T10:46:58","date_gmt":"2024-12-10T10:46:58","guid":{"rendered":"https:\/\/willowtechgroup.com\/?page_id=5010"},"modified":"2024-12-11T12:42:14","modified_gmt":"2024-12-11T12:42:14","slug":"compatible-optics-fibre-products-solutions","status":"publish","type":"page","link":"https:\/\/willowtechgroup.com\/de\/compatible-optics-fibre-products-solutions\/","title":{"rendered":"Kompatible Optik-\/Glasfaserproduktl\u00f6sungen"},"content":{"rendered":"<section class=\"wpb-content-wrapper\"><div id=\"tm-row-69ded6b285ca6\" data-vc-full-width=\"true\" data-vc-full-width-init=\"false\" class=\"vc_row vc_row-outer vc_row-fluid\"><div id=\"tm-column-69ded6b285ff5\" class=\"wpb_column vc_column_container vc_col-sm-12\"><div class=\"vc_column-inner\"><div class=\"wpb_wrapper\"><div class=\"tm-spacer\" id=\"tm-spacer-69ded6b286181\"><\/div>\n\n<div class=\"tm-heading  center tm-animation move-up\" id=\"tm-heading-69ded6b28624a\">\n\t<h3 class=\"heading\" >Kompatible Optik- und Glasfaserproduktl\u00f6sungen<\/h3><\/div>\n\n<div class=\"tm-spacer\" id=\"tm-spacer-69ded6b2864eb\"><\/div>\n\n<div class=\"tm-heading  center tm-animation move-up\" id=\"tm-heading-69ded6b28657d\">\n\t<div class=\"heading\" >Holen Sie das Beste aus Ihrer Netzwerkleistung heraus mit unseren zuverl\u00e4ssigen kompatiblen optischen und Glasfaserproduktl\u00f6sungen. Wir bieten hochwertige Transceiver, Glasfaserkabel und Netzwerkkomponenten, die den Anforderungen moderner Telekommunikationssysteme gerecht werden. Unsere Produkte bieten \u00fcberlegene Leistung, Kompatibilit\u00e4t mit den wichtigsten Marken und Kosteneinsparungen im Vergleich zu OEM-Alternativen.<\/div><\/div>\n\n<div class=\"tm-spacer\" id=\"tm-spacer-69ded6b2867f3\"><\/div>\n<\/div><\/div><\/div><\/div><div class=\"vc_row-full-width vc_clearfix\"><\/div><div id=\"tm-row-69ded6b2868fd\" data-vc-full-width=\"true\" data-vc-full-width-init=\"false\" class=\"vc_row vc_row-outer vc_row-fluid\"><div id=\"tm-column-69ded6b286e43\" class=\"wpb_column vc_column_container vc_col-sm-12\"><div class=\"vc_column-inner\"><div class=\"wpb_wrapper\"><div id=\"tm-row-inner-69ded6b28707b\" class=\"vc_row vc_inner vc_row-fluid vc_row-o-equal-height vc_row-flex\"><div id=\"tm-column-inner-69ded6b2872b1\" class=\"wpb_column vc_column_container vc_col-sm-6\"><div class=\"vc_column-inner\"><div class=\"wpb_wrapper\">\n<div class=\"tm-heading  left tm-animation move-up\" id=\"tm-heading-69ded6b28749c\">\n\t<h3 class=\"heading\" >Kompatible optische Transceiver<\/h3><\/div>\n\n\n<div class=\"tm-heading vc_custom_1733899556929  left tm-animation move-up\" id=\"tm-heading-69ded6b287794\">\n\t<div class=\"heading\" >Unsere kompatiblen Transceiver funktionieren reibungslos mit den wichtigsten Telekommunikationsmarken und bieten eine kosteng\u00fcnstige Alternative ohne Einbu\u00dfen bei Leistung oder Zuverl\u00e4ssigkeit. Jeder Transceiver wird gr\u00fcndlich getestet und zertifiziert, um eine schnelle Daten\u00fcbertragung und einen langlebigen Betrieb zu gew\u00e4hrleisten.<\/div><\/div>\n\n\n\t<div class=\"wpb_text_column wpb_content_element\" >\n\t\t<div class=\"wpb_wrapper\">\n\t\t\t<h4><b>Transceiver-Optionen umfassen<\/b><\/h4>\n<ul>\n<li>SFP-, SFP+-, QSFP- und QSFP+-Module<\/li>\n<li>DWDM-, CWDM- und BiDi-Transceiver<\/li>\n<li>\u00dcbertragungsoptionen f\u00fcr lange und kurze Distanzen<\/li>\n<\/ul>\n<hr \/>\n<h4><b>Hauptvorteile<\/b><\/h4>\n<ul>\n<li>Vollst\u00e4ndig kompatibel mit f\u00fchrenden OEM-Marken<\/li>\n<li>Kosteng\u00fcnstig im Vergleich zu Markenmodellen<\/li>\n<li>Garantierte Highspeed-Daten\u00fcbertragung<\/li>\n<\/ul>\n\n\t\t<\/div>\n\t<\/div>\n<\/div><\/div><\/div><div id=\"tm-column-inner-69ded6b287bbe\" class=\"wpb_column vc_column_container vc_col-sm-6\"><div class=\"vc_column-inner\"><div class=\"wpb_wrapper\"><\/div><\/div><\/div><\/div><\/div><\/div><\/div><\/div><div class=\"vc_row-full-width vc_clearfix\"><\/div><div id=\"tm-row-69ded6b2880d9\" data-vc-full-width=\"true\" data-vc-full-width-init=\"false\" class=\"vc_row vc_row-outer vc_row-fluid\"><div id=\"tm-column-69ded6b2882e6\" class=\"wpb_column vc_column_container vc_col-sm-12\"><div class=\"vc_column-inner\"><div class=\"wpb_wrapper\"><div id=\"tm-row-inner-69ded6b2884da\" class=\"vc_row vc_inner vc_row-fluid vc_row-o-equal-height vc_row-flex\"><div id=\"tm-column-inner-69ded6b2886d2\" class=\"wpb_column vc_column_container vc_col-sm-6\"><div class=\"vc_column-inner\"><div class=\"wpb_wrapper\"><\/div><\/div><\/div><div id=\"tm-column-inner-69ded6b288b6e\" class=\"wpb_column vc_column_container vc_col-sm-6\"><div class=\"vc_column-inner\"><div class=\"wpb_wrapper\">\n<div class=\"tm-heading  left tm-animation move-up\" id=\"tm-heading-69ded6b288d4d\">\n\t<h3 class=\"heading\" >Glasfaserkabel und Patchkabel<\/h3><\/div>\n\n\n<div class=\"tm-heading vc_custom_1733899713056  left tm-animation move-up\" id=\"tm-heading-69ded6b28903e\">\n\t<div class=\"heading\" >Wir bieten eine gro\u00dfe Auswahl an Glasfaserkabeln und Patchkabeln f\u00fcr verschiedene Netzwerkanwendungen. Ob Singlemode- oder Multimode-Kabel \u2013 wir haben die richtigen L\u00f6sungen f\u00fcr Rechenzentren, Unternehmensnetzwerke und Telekommunikationsanbieter.<\/div><\/div>\n\n\n\t<div class=\"wpb_text_column wpb_content_element\" >\n\t\t<div class=\"wpb_wrapper\">\n\t\t\t<h4><b>Zu unseren Faserprodukten z\u00e4hlen<\/b><\/h4>\n<ul>\n<li>Singlemode- und Multimode-Glasfaserkabel<\/li>\n<li>Glasfaser-Patchkabel und Pigtails<\/li>\n<li>Kundenspezifische Kabelbaugruppen f\u00fcr einzigartige Konfigurationen<\/li>\n<\/ul>\n<hr \/>\n<h4><b>Hauptvorteile<\/b><\/h4>\n<ul>\n<li>Hohe Haltbarkeit und pr\u00e4zisionsgefertigte Komponenten<\/li>\n<li>Geringe Einf\u00fcgungsd\u00e4mpfung f\u00fcr optimale Leistung<\/li>\n<li>Benutzerdefinierte L\u00e4ngen und Steckertypen verf\u00fcgbar<\/li>\n<\/ul>\n\n\t\t<\/div>\n\t<\/div>\n<\/div><\/div><\/div><\/div><\/div><\/div><\/div><\/div><div class=\"vc_row-full-width vc_clearfix\"><\/div><div id=\"tm-row-69ded6b28941f\" data-vc-full-width=\"true\" data-vc-full-width-init=\"false\" class=\"vc_row vc_row-outer vc_row-fluid\"><div id=\"tm-column-69ded6b28961c\" class=\"wpb_column vc_column_container vc_col-sm-12\"><div class=\"vc_column-inner\"><div class=\"wpb_wrapper\"><div id=\"tm-row-inner-69ded6b28981b\" class=\"vc_row vc_inner vc_row-fluid vc_row-o-equal-height vc_row-flex\"><div id=\"tm-column-inner-69ded6b289a21\" class=\"wpb_column vc_column_container vc_col-sm-6\"><div class=\"vc_column-inner\"><div class=\"wpb_wrapper\">\n<div class=\"tm-heading  left tm-animation move-up\" id=\"tm-heading-69ded6b289bf0\">\n\t<h3 class=\"heading\" >Netzwerkkonnektivit\u00e4tszubeh\u00f6r<\/h3><\/div>\n\n\n<div class=\"tm-heading vc_custom_1733899730154  left tm-animation move-up\" id=\"tm-heading-69ded6b289ecb\">\n\t<div class=\"heading\" >Vervollst\u00e4ndigen Sie Ihr Netzwerk mit unserer Auswahl an kompatiblem Konnektivit\u00e4tszubeh\u00f6r, darunter Medienkonverter, Patchpanels und Netzwerksplitter. Diese Produkte lassen sich nahtlos in Ihre vorhandene Netzwerkinfrastruktur integrieren und erm\u00f6glichen problemlose Upgrades und Erweiterungen.<\/div><\/div>\n\n\n\t<div class=\"wpb_text_column wpb_content_element\" >\n\t\t<div class=\"wpb_wrapper\">\n\t\t\t<h4><b>Zu unserem Zubeh\u00f6r geh\u00f6ren<\/b><\/h4>\n<ul>\n<li>Medienkonverter f\u00fcr die Glasfaser-zu-Ethernet-Integration<\/li>\n<li>Glasfasergeh\u00e4use, Adapter und Patchpanels<\/li>\n<li>Netzwerksplitter und -koppler<\/li>\n<\/ul>\n<hr \/>\n<h4><b>Hauptvorteile<\/b><\/h4>\n<ul>\n<li>Einfache Integration in aktuelle Netzwerkkonfigurationen<\/li>\n<li>Verbesserte Netzwerkskalierbarkeit und Zuverl\u00e4ssigkeit<\/li>\n<li>Kosteng\u00fcnstige L\u00f6sungen zur Kapazit\u00e4tserweiterung<\/li>\n<\/ul>\n\n\t\t<\/div>\n\t<\/div>\n<\/div><\/div><\/div><div id=\"tm-column-inner-69ded6b28a263\" class=\"wpb_column vc_column_container vc_col-sm-6\"><div class=\"vc_column-inner\"><div class=\"wpb_wrapper\"><\/div><\/div><\/div><\/div><\/div><\/div><\/div><\/div><div class=\"vc_row-full-width vc_clearfix\"><\/div><div id=\"tm-row-69ded6b28a78d\" data-vc-full-width=\"true\" data-vc-full-width-init=\"false\" class=\"vc_row vc_row-outer vc_row-fluid\"><div id=\"tm-column-69ded6b28aa57\" class=\"wpb_column vc_column_container vc_col-sm-12\"><div class=\"vc_column-inner\"><div class=\"wpb_wrapper\"><div id=\"tm-row-inner-69ded6b28acbf\" class=\"vc_row vc_inner vc_row-fluid vc_row-o-equal-height vc_row-flex\"><div id=\"tm-column-inner-69ded6b28aebe\" class=\"wpb_column vc_column_container vc_col-sm-6\"><div class=\"vc_column-inner\"><div class=\"wpb_wrapper\"><\/div><\/div><\/div><div id=\"tm-column-inner-69ded6b28b33f\" class=\"wpb_column vc_column_container vc_col-sm-6\"><div class=\"vc_column-inner\"><div class=\"wpb_wrapper\">\n<div class=\"tm-heading  left tm-animation move-up\" id=\"tm-heading-69ded6b28b51d\">\n\t<h3 class=\"heading\" >Kundenspezifische Optikl\u00f6sungen<\/h3><\/div>\n\n\n<div class=\"tm-heading vc_custom_1733899747424  left tm-animation move-up\" id=\"tm-heading-69ded6b28b828\">\n\t<div class=\"heading\" >Wir bieten ma\u00dfgeschneiderte optische und Glasfaserl\u00f6sungen basierend auf den spezifischen Anforderungen Ihres Netzwerks. Unsere Experten helfen Ihnen bei der Auswahl der richtigen Produkte und sorgen so f\u00fcr optimale Leistung und langfristige Kosteneinsparungen.<\/div><\/div>\n\n\n\t<div class=\"wpb_text_column wpb_content_element\" >\n\t\t<div class=\"wpb_wrapper\">\n\t\t\t<h4><b>Zu den benutzerdefinierten Diensten geh\u00f6ren<\/b><\/h4>\n<ul>\n<li>Netzwerkdesign und Beratung<\/li>\n<li>Produktanpassung und Montage<\/li>\n<li>Professioneller technischer Support und Fehlerbehebung<\/li>\n<\/ul>\n<hr \/>\n<h4><b>Hauptvorteile<\/b><\/h4>\n<ul>\n<li>Vollst\u00e4ndig kompatibel mit f\u00fchrenden OEM-Marken<\/li>\n<li>Kosteng\u00fcnstig im Vergleich zu Markenmodellen<\/li>\n<li>Garantierte Highspeed-Daten\u00fcbertragung<\/li>\n<\/ul>\n\n\t\t<\/div>\n\t<\/div>\n<\/div><\/div><\/div><\/div><div class=\"tm-spacer\" id=\"tm-spacer-69ded6b28bb72\"><\/div>\n<\/div><\/div><\/div><\/div><div class=\"vc_row-full-width vc_clearfix\"><\/div><div id=\"tm-row-69ded6b28bcb7\" class=\"vc_row vc_row-outer vc_row-fluid\"><div id=\"tm-column-69ded6b28beb8\" class=\"wpb_column vc_column_container vc_col-sm-12\"><div class=\"vc_column-inner\"><div class=\"wpb_wrapper\"><div id=\"tm-row-inner-69ded6b28c0a1\" class=\"vc_row vc_inner vc_row-fluid\"><div id=\"tm-column-inner-69ded6b28c312\" class=\"wpb_column vc_column_container vc_col-sm-12\"><div class=\"vc_column-inner\"><div class=\"wpb_wrapper\"><div class=\"tm-spacer\" id=\"tm-spacer-69ded6b28c4c3\"><\/div>\n\n<div class=\"tm-heading  left tm-animation move-up\" id=\"tm-heading-69ded6b28c561\">\n\t<h3 class=\"heading\" >Warum sollten Sie sich bei kompatiblen Optik- und Glasfaserl\u00f6sungen f\u00fcr uns entscheiden?<\/h3><\/div>\n\n\n\t<div class=\"wpb_text_column wpb_content_element  vc_custom_1733899775376 p-txt\" >\n\t\t<div class=\"wpb_wrapper\">\n\t\t\t<p><b>Leistung, auf die Sie vertrauen k\u00f6nnen:<\/b><span style=\"font-weight: 400;\"> Jedes Produkt wird getestet, um branchenf\u00fchrende Zuverl\u00e4ssigkeit und Leistung sicherzustellen.<\/span><\/p>\n<p><b>Kosteneinsparungen:<\/b><span style=\"font-weight: 400;\"> Sparen Sie bis zu 50% im Vergleich zur OEM-Hardware, ohne Kompromisse bei der Qualit\u00e4t einzugehen.<\/span><\/p>\n<p><b>Volle Kompatibilit\u00e4t:<\/b><span style=\"font-weight: 400;\"> Unsere Produkte sind mit gro\u00dfen Netzwerkmarken wie Cisco, Juniper, Huawei und mehr kompatibel.<\/span><\/p>\n<p><b>Schnelle Lieferung und weltweiter Support:<\/b><span style=\"font-weight: 400;\"> Wir bieten weltweiten Versand mit schnellen Bearbeitungszeiten und kompetenten technischen Support.<\/span><\/p>\n<p><b>Umweltfreundliche L\u00f6sungen:<span style=\"font-weight: 400;\"> Reduzieren Sie Elektroschrott durch unsere umweltbewussten Herstellungs- und Recyclingprozesse.<\/span><br \/>\n<\/b><\/p>\n\n\t\t<\/div>\n\t<\/div>\n\n<div class=\"tm-heading vc_custom_1733899795960  left tm-animation move-up\" id=\"tm-heading-69ded6b28c8fe\">\n\t<h2 class=\"heading\" >R\u00fcsten Sie Ihr Netzwerk noch heute mit kompatiblen Optik- und Glasfaserprodukten auf!<\/h2><\/div>\n\n<div class=\"tm-spacer\" id=\"tm-spacer-69ded6b28cb8a\"><\/div>\n\n\t<div class=\"wpb_text_column wpb_content_element\" >\n\t\t<div class=\"wpb_wrapper\">\n\t\t\t<p>Lassen Sie nicht zu, dass Netzwerkeinschr\u00e4nkungen Ihr Unternehmen behindern. Kontaktieren Sie uns noch heute, um zu erfahren, wie unsere kompatiblen Optik- und Glasfaserproduktl\u00f6sungen die Geschwindigkeit, Zuverl\u00e4ssigkeit und Kosteneffizienz Ihres Netzwerks verbessern k\u00f6nnen.<\/p>\n\n\t\t<\/div>\n\t<\/div>\n<div class=\"tm-spacer\" id=\"tm-spacer-69ded6b28cbfb\"><\/div>\n<div class=\"tm-spacer\" id=\"tm-spacer-69ded6b28cc1b\"><\/div>\n<\/div><\/div><\/div><\/div><\/div><\/div><\/div><\/div>\n<\/section>","protected":false},"excerpt":{"rendered":"Kompatible Optik- und Glasfaserproduktl\u00f6sungen Holen Sie mit unseren zuverl\u00e4ssigen kompatiblen Optik- und Glasfaserproduktl\u00f6sungen das Beste aus Ihrer Netzwerkleistung heraus. Wir bieten qualitativ hochwertige Transceiver, Glasfaserkabel und Netzwerkkomponenten, die den Anforderungen moderner Telekommunikationssysteme gerecht werden. Unsere Produkte bieten \u00fcberlegene Leistung, Kompatibilit\u00e4t mit den wichtigsten Marken und Kosteneinsparungen im Vergleich zu OEM-Alternativen. Kompatible optische Transceiver Unsere kompatiblen Transceiver funktionieren nahtlos mit den wichtigsten Telekommunikationsmarken und bieten eine kosteng\u00fcnstige Alternative ohne Einbu\u00dfen bei Leistung oder Zuverl\u00e4ssigkeit. Jeder Transceiver wird gr\u00fcndlich getestet und zertifiziert, um eine schnelle Daten\u00fcbertragung und einen langlebigen Betrieb zu gew\u00e4hrleisten. Transceiveroptionen umfassen SFP-, SFP+-, QSFP- und QSFP+-Module DWDM-, CWDM- und BiDi-Transceiver \u00dcbertragungsoptionen f\u00fcr lange und kurze Reichweiten Hauptvorteile Vollst\u00e4ndig kompatibel mit f\u00fchrenden OEM-Marken Kosteng\u00fcnstig im Vergleich zu Markenmodellen Garantierte Hochgeschwindigkeitsdaten\u00fcbertragung Glasfaserkabel und Patchkabel Wir bieten eine gro\u00dfe Palette an Glasfaserkabeln und Patchkabeln f\u00fcr verschiedene Netzwerkanwendungen. Ob Sie Singlemode- oder Multimode-Kabel ben\u00f6tigen, wir haben die richtigen L\u00f6sungen f\u00fcr Rechenzentren, Unternehmensnetzwerke und Telekommunikationsanbieter. Unsere Glasfaserprodukte umfassen Singlemode- und Multimode-Glasfaserkabel Glasfaser-Patchkabel und Pigtails Kundenspezifische Kabelbaugruppen f\u00fcr einzigartige Konfigurationen Hauptvorteile Hohe Haltbarkeit und pr\u00e4zisionsgefertigte Komponenten Geringe Einf\u00fcgungsd\u00e4mpfung f\u00fcr optimale Leistung Kundenspezifische L\u00e4ngen und Steckertypen verf\u00fcgbar Netzwerkkonnektivit\u00e4tszubeh\u00f6r Vervollst\u00e4ndigen Sie Ihr Netzwerk mit unserer Auswahl an kompatiblem Konnektivit\u00e4tszubeh\u00f6r, einschlie\u00dflich Medienkonvertern, Patchfeldern und Netzwerksplittern. Diese Produkte lassen sich nahtlos in Ihre vorhandene Netzwerkinfrastruktur integrieren und erm\u00f6glichen reibungslose Upgrades und Erweiterungen. Unser Zubeh\u00f6r umfasst Medienkonverter f\u00fcr die Glasfaser-zu-Ethernet-Integration Glasfasergeh\u00e4use, Adapter und Patchfelder Netzwerksplitter und -koppler Hauptvorteile Einfache Integration in bestehende Netzwerkkonfigurationen Verbesserte Skalierbarkeit und Zuverl\u00e4ssigkeit des Netzwerks Kosteng\u00fcnstige L\u00f6sungen zur Kapazit\u00e4tserweiterung Kundenspezifische optische L\u00f6sungen Wir bieten ma\u00dfgeschneiderte optische und Glasfaserl\u00f6sungen basierend auf den speziellen Anforderungen Ihres Netzwerks. Unsere Experten helfen Ihnen bei der Auswahl der richtigen Produkte Kundenspezifische Dienste umfassen Netzwerkdesign und -beratung Produktanpassung und -montage Professioneller technischer Support und Fehlerbehebung Hauptvorteile Vollst\u00e4ndig kompatibel mit f\u00fchrenden OEM-Marken Kosteng\u00fcnstig im Vergleich zu Markenmodellen Garantierte Hochgeschwindigkeitsdaten\u00fcbertragung Warum Sie sich f\u00fcr kompatible Optik- und Glasfaserl\u00f6sungen von uns entscheiden sollten? Leistung, der Sie vertrauen k\u00f6nnen: Jedes Produkt wird getestet, um branchenf\u00fchrende Zuverl\u00e4ssigkeit und Leistung sicherzustellen. Kosteneinsparungen: Sparen Sie bis zu 50% im Vergleich zu OEM-Hardware, ohne Kompromisse bei der Qualit\u00e4t einzugehen. Volle Kompatibilit\u00e4t: Unsere Produkte sind mit gro\u00dfen Netzwerkmarken wie Cisco, Juniper, Huawei und mehr kompatibel. Schnelle Lieferung und globaler Support: Wir bieten weltweiten Versand mit schnellen Bearbeitungszeiten und kompetenten technischen Support. Umweltfreundliche L\u00f6sungen: Reduzieren Sie Elektroschrott durch unsere umweltbewussten Herstellungs- und Recyclingprozesse. R\u00fcsten Sie Ihr Netzwerk jetzt mit kompatiblen Optik- und Glasfaserprodukten auf! Lassen Sie nicht zu, dass Netzwerkeinschr\u00e4nkungen Ihr Gesch\u00e4ft ausbremsen. Kontaktieren Sie uns noch heute, um zu erfahren, wie unsere kompatiblen Optik- und Glasfaserproduktl\u00f6sungen die Geschwindigkeit, Zuverl\u00e4ssigkeit und Kosteneffizienz Ihres Netzwerks verbessern k\u00f6nnen.","protected":false},"author":1,"featured_media":0,"parent":0,"menu_order":0,"comment_status":"closed","ping_status":"closed","template":"","meta":{"content-type":"","footnotes":""},"class_list":["post-5010","page","type-page","status-publish","hentry"],"yoast_head":"<!-- This site is optimized with the Yoast SEO plugin v27.3 - https:\/\/yoast.com\/product\/yoast-seo-wordpress\/ -->\n<title>Compatible Optics \/ Fibre Products Solutions - WillowTech Group<\/title>\n<meta name=\"robots\" content=\"index, follow, max-snippet:-1, max-image-preview:large, max-video-preview:-1\" \/>\n<link rel=\"canonical\" href=\"https:\/\/willowtechgroup.com\/de\/compatible-optics-fibre-products-solutions\/\" \/>\n<meta property=\"og:locale\" content=\"de_DE\" \/>\n<meta property=\"og:type\" content=\"article\" \/>\n<meta property=\"og:title\" content=\"Compatible Optics \/ Fibre Products Solutions - WillowTech Group\" \/>\n<meta property=\"og:url\" content=\"https:\/\/willowtechgroup.com\/de\/compatible-optics-fibre-products-solutions\/\" \/>\n<meta property=\"og:site_name\" content=\"WillowTech Group\" \/>\n<meta property=\"article:modified_time\" content=\"2024-12-11T12:42:14+00:00\" \/>\n<meta name=\"twitter:card\" content=\"summary_large_image\" \/>\n<meta name=\"twitter:label1\" content=\"Gesch\u00e4tzte Lesezeit\" \/>\n\t<meta name=\"twitter:data1\" content=\"4\u00a0Minuten\" \/>\n<script type=\"application\/ld+json\" class=\"yoast-schema-graph\">{\"@context\":\"https:\\\/\\\/schema.org\",\"@graph\":[{\"@type\":\"WebPage\",\"@id\":\"https:\\\/\\\/willowtechgroup.com\\\/compatible-optics-fibre-products-solutions\\\/\",\"url\":\"https:\\\/\\\/willowtechgroup.com\\\/compatible-optics-fibre-products-solutions\\\/\",\"name\":\"Compatible Optics \\\/ Fibre Products Solutions - WillowTech Group\",\"isPartOf\":{\"@id\":\"https:\\\/\\\/willowtechgroup.com\\\/#website\"},\"datePublished\":\"2024-12-10T10:46:58+00:00\",\"dateModified\":\"2024-12-11T12:42:14+00:00\",\"breadcrumb\":{\"@id\":\"https:\\\/\\\/willowtechgroup.com\\\/compatible-optics-fibre-products-solutions\\\/#breadcrumb\"},\"inLanguage\":\"de\",\"potentialAction\":[{\"@type\":\"ReadAction\",\"target\":[\"https:\\\/\\\/willowtechgroup.com\\\/compatible-optics-fibre-products-solutions\\\/\"]}]},{\"@type\":\"BreadcrumbList\",\"@id\":\"https:\\\/\\\/willowtechgroup.com\\\/compatible-optics-fibre-products-solutions\\\/#breadcrumb\",\"itemListElement\":[{\"@type\":\"ListItem\",\"position\":1,\"name\":\"Home\",\"item\":\"https:\\\/\\\/willowtechgroup.com\\\/\"},{\"@type\":\"ListItem\",\"position\":2,\"name\":\"Compatible Optics \\\/ Fibre Products Solutions\"}]},{\"@type\":\"WebSite\",\"@id\":\"https:\\\/\\\/willowtechgroup.com\\\/#website\",\"url\":\"https:\\\/\\\/willowtechgroup.com\\\/\",\"name\":\"WillowTech Group\",\"description\":\"IT Consultation &amp; Services\",\"publisher\":{\"@id\":\"https:\\\/\\\/willowtechgroup.com\\\/#organization\"},\"potentialAction\":[{\"@type\":\"SearchAction\",\"target\":{\"@type\":\"EntryPoint\",\"urlTemplate\":\"https:\\\/\\\/willowtechgroup.com\\\/?s={search_term_string}\"},\"query-input\":{\"@type\":\"PropertyValueSpecification\",\"valueRequired\":true,\"valueName\":\"search_term_string\"}}],\"inLanguage\":\"de\"},{\"@type\":\"Organization\",\"@id\":\"https:\\\/\\\/willowtechgroup.com\\\/#organization\",\"name\":\"WillowTech Group\",\"url\":\"https:\\\/\\\/willowtechgroup.com\\\/\",\"logo\":{\"@type\":\"ImageObject\",\"inLanguage\":\"de\",\"@id\":\"https:\\\/\\\/willowtechgroup.com\\\/#\\\/schema\\\/logo\\\/image\\\/\",\"url\":\"https:\\\/\\\/willowtechgroup.com\\\/wp-content\\\/uploads\\\/2018\\\/10\\\/Logo-290X70-3.svg\",\"contentUrl\":\"https:\\\/\\\/willowtechgroup.com\\\/wp-content\\\/uploads\\\/2018\\\/10\\\/Logo-290X70-3.svg\",\"width\":\"1024\",\"height\":\"1024\",\"caption\":\"WillowTech Group\"},\"image\":{\"@id\":\"https:\\\/\\\/willowtechgroup.com\\\/#\\\/schema\\\/logo\\\/image\\\/\"}}]}<\/script>\n<!-- \/ Yoast SEO plugin. -->","yoast_head_json":{"title":"Kompatible Optik-\/Glasfaserproduktl\u00f6sungen \u2013 WillowTech Group","robots":{"index":"index","follow":"follow","max-snippet":"max-snippet:-1","max-image-preview":"max-image-preview:large","max-video-preview":"max-video-preview:-1"},"canonical":"https:\/\/willowtechgroup.com\/de\/compatible-optics-fibre-products-solutions\/","og_locale":"de_DE","og_type":"article","og_title":"Compatible Optics \/ Fibre Products Solutions - WillowTech Group","og_url":"https:\/\/willowtechgroup.com\/de\/compatible-optics-fibre-products-solutions\/","og_site_name":"WillowTech Group","article_modified_time":"2024-12-11T12:42:14+00:00","twitter_card":"summary_large_image","twitter_misc":{"Gesch\u00e4tzte Lesezeit":"4\u00a0Minuten"},"schema":{"@context":"https:\/\/schema.org","@graph":[{"@type":"WebPage","@id":"https:\/\/willowtechgroup.com\/compatible-optics-fibre-products-solutions\/","url":"https:\/\/willowtechgroup.com\/compatible-optics-fibre-products-solutions\/","name":"Kompatible Optik-\/Glasfaserproduktl\u00f6sungen \u2013 WillowTech Group","isPartOf":{"@id":"https:\/\/willowtechgroup.com\/#website"},"datePublished":"2024-12-10T10:46:58+00:00","dateModified":"2024-12-11T12:42:14+00:00","breadcrumb":{"@id":"https:\/\/willowtechgroup.com\/compatible-optics-fibre-products-solutions\/#breadcrumb"},"inLanguage":"de","potentialAction":[{"@type":"ReadAction","target":["https:\/\/willowtechgroup.com\/compatible-optics-fibre-products-solutions\/"]}]},{"@type":"BreadcrumbList","@id":"https:\/\/willowtechgroup.com\/compatible-optics-fibre-products-solutions\/#breadcrumb","itemListElement":[{"@type":"ListItem","position":1,"name":"Home","item":"https:\/\/willowtechgroup.com\/"},{"@type":"ListItem","position":2,"name":"Compatible Optics \/ Fibre Products Solutions"}]},{"@type":"WebSite","@id":"https:\/\/willowtechgroup.com\/#website","url":"https:\/\/willowtechgroup.com\/","name":"WillowTech-Gruppe","description":"IT-Beratung &amp; Services","publisher":{"@id":"https:\/\/willowtechgroup.com\/#organization"},"potentialAction":[{"@type":"SearchAction","target":{"@type":"EntryPoint","urlTemplate":"https:\/\/willowtechgroup.com\/?s={search_term_string}"},"query-input":{"@type":"PropertyValueSpecification","valueRequired":true,"valueName":"search_term_string"}}],"inLanguage":"de"},{"@type":"Organization","@id":"https:\/\/willowtechgroup.com\/#organization","name":"WillowTech-Gruppe","url":"https:\/\/willowtechgroup.com\/","logo":{"@type":"ImageObject","inLanguage":"de","@id":"https:\/\/willowtechgroup.com\/#\/schema\/logo\/image\/","url":"https:\/\/willowtechgroup.com\/wp-content\/uploads\/2018\/10\/Logo-290X70-3.svg","contentUrl":"https:\/\/willowtechgroup.com\/wp-content\/uploads\/2018\/10\/Logo-290X70-3.svg","width":"1024","height":"1024","caption":"WillowTech Group"},"image":{"@id":"https:\/\/willowtechgroup.com\/#\/schema\/logo\/image\/"}}]}},"_links":{"self":[{"href":"https:\/\/willowtechgroup.com\/de\/wp-json\/wp\/v2\/pages\/5010","targetHints":{"allow":["GET"]}}],"collection":[{"href":"https:\/\/willowtechgroup.com\/de\/wp-json\/wp\/v2\/pages"}],"about":[{"href":"https:\/\/willowtechgroup.com\/de\/wp-json\/wp\/v2\/types\/page"}],"author":[{"embeddable":true,"href":"https:\/\/willowtechgroup.com\/de\/wp-json\/wp\/v2\/users\/1"}],"replies":[{"embeddable":true,"href":"https:\/\/willowtechgroup.com\/de\/wp-json\/wp\/v2\/comments?post=5010"}],"version-history":[{"count":1,"href":"https:\/\/willowtechgroup.com\/de\/wp-json\/wp\/v2\/pages\/5010\/revisions"}],"predecessor-version":[{"id":5509,"href":"https:\/\/willowtechgroup.com\/de\/wp-json\/wp\/v2\/pages\/5010\/revisions\/5509"}],"wp:attachment":[{"href":"https:\/\/willowtechgroup.com\/de\/wp-json\/wp\/v2\/media?parent=5010"}],"curies":[{"name":"wp","href":"https:\/\/api.w.org\/{rel}","templated":true}]}}