{"id":519,"date":"2018-10-17T06:23:05","date_gmt":"2018-10-17T06:23:05","guid":{"rendered":"https:\/\/willowtechgroup.com\/about-us\/"},"modified":"2023-10-03T12:10:29","modified_gmt":"2023-10-03T11:10:29","slug":"about-us","status":"publish","type":"page","link":"https:\/\/willowtechgroup.com\/de\/about-us\/","title":{"rendered":"\u00dcber uns"},"content":{"rendered":"<section class=\"wpb-content-wrapper\"><div id=\"tm-row-69e43c8d9f761\" data-vc-full-width=\"true\" data-vc-full-width-init=\"false\" class=\"vc_row vc_row-outer vc_row-fluid\"><div id=\"tm-column-69e43c8d9fad5\" class=\"wpb_column vc_column_container vc_col-sm-12\"><div class=\"vc_column-inner\"><div class=\"wpb_wrapper\"><div class=\"tm-spacer\" id=\"tm-spacer-69e43c8d9fc78\"><\/div>\n\n<div class=\"tm-heading  center tm-animation move-up\" id=\"tm-heading-69e43c8d9fd44\">\n\t<h3 class=\"heading\" >\u00dcber uns<\/h3><\/div>\n\n<div class=\"tm-spacer\" id=\"tm-spacer-69e43c8d9fffb\"><\/div>\n\n<div class=\"tm-heading  center tm-animation move-up\" id=\"tm-heading-69e43c8da0092\">\n\t<div class=\"heading\" >Die WillowTech Group bietet Full-Service-Technologieunterst\u00fctzung, von Managed-Service-L\u00f6sungen f\u00fcr Unternehmen jeder Gr\u00f6\u00dfe bis hin zur Beratung f\u00fcr spezifische Technologie- und Telekommunikationsprojekte.<br \/>\nMa\u00dfgeschneiderte L\u00f6sungen werden auf die individuellen Bed\u00fcrfnisse Ihrer Projekte zugeschnitten, um sicherzustellen, dass Sie genau die Unterst\u00fctzung erhalten, die Sie zur Optimierung Ihrer Organisation ben\u00f6tigen. Ohne Bindung an eine bestimmte Technologie oder einen bestimmten Anbieter k\u00f6nnen wir Ihnen die effektivsten L\u00f6sungen f\u00fcr Ihr Unternehmen empfehlen.<\/div><\/div>\n\n<div class=\"tm-spacer\" id=\"tm-spacer-69e43c8da0347\"><\/div>\n<\/div><\/div><\/div><\/div><div class=\"vc_row-full-width vc_clearfix\"><\/div><div id=\"tm-row-69e43c8da043c\" data-vc-full-width=\"true\" data-vc-full-width-init=\"false\" class=\"vc_row vc_row-outer vc_row-fluid\"><div id=\"tm-column-69e43c8da09df\" class=\"wpb_column vc_column_container vc_col-sm-12\"><div class=\"vc_column-inner\"><div class=\"wpb_wrapper\"><div id=\"tm-row-inner-69e43c8da0c6d\" class=\"vc_row vc_inner vc_row-fluid vc_row-o-equal-height vc_row-flex\"><div id=\"tm-column-inner-69e43c8da0e9e\" class=\"wpb_column vc_column_container vc_col-sm-6\"><div class=\"vc_column-inner\"><div class=\"wpb_wrapper\"><\/div><\/div><\/div><div id=\"tm-column-inner-69e43c8da137d\" class=\"wpb_column vc_column_container vc_col-sm-6\"><div class=\"vc_column-inner\"><div class=\"wpb_wrapper\">\n<div class=\"tm-heading  left tm-animation move-up\" id=\"tm-heading-69e43c8da1555\">\n\t<h3 class=\"heading\" >Profitieren Sie von den besten globalen L\u00f6sungen<\/h3><\/div>\n\n\n<div class=\"tm-heading vc_custom_1694495661194  left tm-animation move-up\" id=\"tm-heading-69e43c8da1839\">\n\t<div class=\"heading\" >Als globale Organisation mit Niederlassungen in Gro\u00dfbritannien, Dubai und Indien sind unsere Experten in einer Reihe globaler Lieferzentren stationiert. Die WillowTech Group kann wirklich globale L\u00f6sungen anbieten. Unsere Offshore-Teams sind nicht durch die geografische Lage eingeschr\u00e4nkt, w\u00e4hrend unser umfangreicher Talentpool es uns erm\u00f6glicht, die perfekten Teams zusammenzustellen, um Ihre Onshore-Anforderungen zu unterst\u00fctzen und effektive, kosteneffiziente L\u00f6sungen zu liefern, wo auch immer Sie sich befinden.<\/div><\/div>\n\n<\/div><\/div><\/div><\/div><\/div><\/div><\/div><\/div><div class=\"vc_row-full-width vc_clearfix\"><\/div><div id=\"tm-row-69e43c8da1b90\" data-vc-full-width=\"true\" data-vc-full-width-init=\"false\" class=\"vc_row vc_row-outer vc_row-fluid\"><div id=\"tm-column-69e43c8da1d7f\" class=\"wpb_column vc_column_container vc_col-sm-12\"><div class=\"vc_column-inner\"><div class=\"wpb_wrapper\">\n<div class=\"tm-heading  center tm-animation move-up\" id=\"tm-heading-69e43c8da1f58\">\n\t<h2 class=\"heading\" ><mark>Gro\u00dfbritannien \u2013 EMEA \u2013 APAC \u2013 Mittel- und S\u00fcdamerika \u2013 GUS<\/mark><\/h2><\/div>\n\n<\/div><\/div><\/div><\/div><div class=\"vc_row-full-width vc_clearfix\"><\/div><div id=\"tm-row-69e43c8da22ac\" class=\"vc_row vc_row-outer vc_row-fluid\"><div id=\"tm-column-69e43c8da24a9\" class=\"wpb_column vc_column_container vc_col-sm-12\"><div class=\"vc_column-inner\"><div class=\"wpb_wrapper\"><div id=\"tm-row-inner-69e43c8da2692\" class=\"vc_row vc_inner vc_row-fluid\"><div id=\"tm-column-inner-69e43c8da287f\" class=\"wpb_column vc_column_container vc_col-sm-12\"><div class=\"vc_column-inner\"><div class=\"wpb_wrapper\"><div class=\"tm-spacer\" id=\"tm-spacer-69e43c8da29d9\"><\/div>\n\n<div class=\"tm-heading  left tm-animation move-up\" id=\"tm-heading-69e43c8da2a6f\">\n\t<h3 class=\"heading\" >Managed Services f\u00fcr Technologie- und Telekommunikationsunternehmen<\/h3><\/div>\n\n\n<div class=\"tm-heading vc_custom_1694497907265  left tm-animation move-up\" id=\"tm-heading-69e43c8da2d54\">\n\t<div class=\"heading\" >Beseitigen Sie den Bedarf an teuren internen Technologieteams, die Kosten f\u00fcr laufende Schulung und Entwicklung, Probleme mit der Mitarbeiterbindung und Risiken f\u00fcr Ihre Technologieinfrastruktur, indem Sie WillowTech Group als Ihren Managed Service Provider w\u00e4hlen.<br \/>\nNetzwerke mehrerer Anbieter bieten die gr\u00f6\u00dfte Flexibilit\u00e4t und Funktionalit\u00e4t, es kann jedoch schwierig sein, sie genau nach Ihren Spezifikationen aufzubauen und reibungslos zu funktionieren. Unsere Experten k\u00f6nnen Ihre hybride Netzwerkinfrastruktur entwickeln und konfigurieren und f\u00fcr einen reibungslosen Betrieb sorgen.<br \/>\nUnsere spezialisierten Teams entlasten Sie bei Ihren Anforderungen an den technischen Support und bieten rund um die Uhr fachkundige Beratung und L\u00f6sungen an 365 Tagen im Jahr, damit Sie Ihre Gesch\u00e4ftsziele weiter erreichen k\u00f6nnen.<\/div><\/div>\n\n\n\t<div class=\"wpb_text_column wpb_content_element  vc_custom_1694498484840 p-txt\" >\n\t\t<div class=\"wpb_wrapper\">\n\t\t\t<table class=\"revnue-est\" style=\"color: #174c9b; font-style: normal; font-weight: 600; font-size: 300;\">\n<tbody>\n<tr>\n<td>\u2022 Implementierung im Telekommunikationsbereich<\/td>\n<td>\u2022 Sicherheit<\/td>\n<\/tr>\n<tr>\n<td>\u2022 TAC-Unterst\u00fctzung<\/td>\n<td>\u2022 NOC-Einrichtung und -Verwaltung<\/td>\n<\/tr>\n<\/tbody>\n<\/table>\n\n\t\t<\/div>\n\t<\/div>\n<\/div><\/div><\/div><\/div><\/div><\/div><\/div><\/div><div id=\"tm-row-69e43c8da3186\" class=\"vc_row vc_row-outer vc_row-fluid vc_row-o-equal-height vc_row-flex\"><div id=\"tm-column-69e43c8da341d\" class=\"wpb_column vc_column_container vc_col-sm-12\"><div class=\"vc_column-inner\"><div class=\"wpb_wrapper\"><div id=\"tm-row-inner-69e43c8da366a\" class=\"vc_row vc_inner vc_row-fluid\"><div id=\"tm-column-inner-69e43c8da38b0\" class=\"wpb_column vc_column_container vc_col-sm-12\"><div class=\"vc_column-inner\"><div class=\"wpb_wrapper\">\n<div class=\"tm-heading  left tm-animation move-up\" id=\"tm-heading-69e43c8da3ac0\">\n\t<h3 class=\"heading\" >Professionelle Dienstleistungen und Beratung<\/h3><\/div>\n\n\n<div class=\"tm-heading vc_custom_1694494204640  left tm-animation move-up\" id=\"tm-heading-69e43c8da3dcc\">\n\t<div class=\"heading\" >Haben Sie Fragen, auf die Sie einfach keine Antwort haben? Von der Entwicklung einer Datenstrategie bis hin zum Einsatz der neuesten Technologien, damit Ihr Unternehmen der Konkurrenz immer einen Schritt voraus ist \u2013 unsere Berater verf\u00fcgen \u00fcber umfassendes Verst\u00e4ndnis und Erfahrung sowie das Engagement, sie und Sie an der Spitze der Branchenentwicklungen zu halten.<br \/>\nMit effizienten L\u00f6sungen, die speziell auf die L\u00f6sung Ihrer gr\u00f6\u00dften Probleme zugeschnitten sind, bieten Ihnen unsere professionellen Dienstleistungen mehr Flexibilit\u00e4t und Kontrolle bei der Skalierung Ihres Betriebs und erm\u00f6glichen es Ihnen, sich auf die gesch\u00e4ftskritischen Entscheidungen zu konzentrieren, auf die es ankommt.<\/div><\/div>\n\n<div class=\"tm-spacer\" id=\"tm-spacer-69e43c8da4057\"><\/div>\n\n<div class=\"tm-heading  left tm-animation move-up\" id=\"tm-heading-69e43c8da40e5\">\n\t<h2 class=\"heading\" >Onshore \u2013 Offshore \u2013 Nearshore<\/h2><\/div>\n\n<div class=\"tm-spacer\" id=\"tm-spacer-69e43c8da4358\"><\/div>\n\n\n\t<div class=\"tm-list  style-circle-02 tm-animation move-up\" id=\"tm-list-69e43c8da43db\">\n\t\t\t\t\t<div class=\"list-item\">\n\n\t\t\t\t<div class=\"list-header\">\n\t\t\t\t\t<div class=\"marker\">\n\n\t\t\t\t\t\t\n\t\t\t\t\t<\/div>\n\n\t\t\t\t\t<div class=\"title-wrap\">\n\t\t\t\t\t\t\t\t\t\t\t\t\t<h6 class=\"title\">\n\t\t\t\t\t\t\t\t\t\t\t\t\t\t\t\t\tDigitale Transformation\n\t\t\t\t\t\t\t\t\t\n\t\t\t\t\t\t\t\t\t\t\t\t\t\t\t\t<\/h6>\n\t\t\t\t\t\t\n\t\t\t\t\t\t\t\t\t\t\t\t\t\t\t\t\t\t\t\t\t\t\t\t<\/div>\n\t\t\t\t<\/div>\n\n\t\t\t\t\n\t\t\t<\/div>\n\t\t\t\t\t<div class=\"list-item\">\n\n\t\t\t\t<div class=\"list-header\">\n\t\t\t\t\t<div class=\"marker\">\n\n\t\t\t\t\t\t\n\t\t\t\t\t<\/div>\n\n\t\t\t\t\t<div class=\"title-wrap\">\n\t\t\t\t\t\t\t\t\t\t\t\t\t<h6 class=\"title\">\n\t\t\t\t\t\t\t\t\t\t\t\t\t\t\t\t\tCloud und Entwickler\n\t\t\t\t\t\t\t\t\t\n\t\t\t\t\t\t\t\t\t\t\t\t\t\t\t\t<\/h6>\n\t\t\t\t\t\t\n\t\t\t\t\t\t\t\t\t\t\t\t\t\t\t\t\t\t\t\t\t\t\t\t<\/div>\n\t\t\t\t<\/div>\n\n\t\t\t\t\n\t\t\t<\/div>\n\t\t\t\t\t<div class=\"list-item\">\n\n\t\t\t\t<div class=\"list-header\">\n\t\t\t\t\t<div class=\"marker\">\n\n\t\t\t\t\t\t\n\t\t\t\t\t<\/div>\n\n\t\t\t\t\t<div class=\"title-wrap\">\n\t\t\t\t\t\t\t\t\t\t\t\t\t<h6 class=\"title\">\n\t\t\t\t\t\t\t\t\t\t\t\t\t\t\t\t\tProjektmanagement\n\t\t\t\t\t\t\t\t\t\n\t\t\t\t\t\t\t\t\t\t\t\t\t\t\t\t<\/h6>\n\t\t\t\t\t\t\n\t\t\t\t\t\t\t\t\t\t\t\t\t\t\t\t\t\t\t\t\t\t\t\t<\/div>\n\t\t\t\t<\/div>\n\n\t\t\t\t\n\t\t\t<\/div>\n\t\t\t\t\t<div class=\"list-item\">\n\n\t\t\t\t<div class=\"list-header\">\n\t\t\t\t\t<div class=\"marker\">\n\n\t\t\t\t\t\t\n\t\t\t\t\t<\/div>\n\n\t\t\t\t\t<div class=\"title-wrap\">\n\t\t\t\t\t\t\t\t\t\t\t\t\t<h6 class=\"title\">\n\t\t\t\t\t\t\t\t\t\t\t\t\t\t\t\t\tBeratung f\u00fcr Rechenzentren\n\t\t\t\t\t\t\t\t\t\n\t\t\t\t\t\t\t\t\t\t\t\t\t\t\t\t<\/h6>\n\t\t\t\t\t\t\n\t\t\t\t\t\t\t\t\t\t\t\t\t\t\t\t\t\t\t\t\t\t\t\t<\/div>\n\t\t\t\t<\/div>\n\n\t\t\t\t\n\t\t\t<\/div>\n\t\t\t\t\t<div class=\"list-item\">\n\n\t\t\t\t<div class=\"list-header\">\n\t\t\t\t\t<div class=\"marker\">\n\n\t\t\t\t\t\t\n\t\t\t\t\t<\/div>\n\n\t\t\t\t\t<div class=\"title-wrap\">\n\t\t\t\t\t\t\t\t\t\t\t\t\t<h6 class=\"title\">\n\t\t\t\t\t\t\t\t\t\t\t\t\t\t\t\t\tDaten, KI und Business Intelligence\n\t\t\t\t\t\t\t\t\t\n\t\t\t\t\t\t\t\t\t\t\t\t\t\t\t\t<\/h6>\n\t\t\t\t\t\t\n\t\t\t\t\t\t\t\t\t\t\t\t\t\t\t\t\t\t\t\t\t\t\t\t<\/div>\n\t\t\t\t<\/div>\n\n\t\t\t\t\n\t\t\t<\/div>\n\t\t\t\t\t<div class=\"list-item\">\n\n\t\t\t\t<div class=\"list-header\">\n\t\t\t\t\t<div class=\"marker\">\n\n\t\t\t\t\t\t\n\t\t\t\t\t<\/div>\n\n\t\t\t\t\t<div class=\"title-wrap\">\n\t\t\t\t\t\t\t\t\t\t\t\t\t<h6 class=\"title\">\n\t\t\t\t\t\t\t\t\t\t\t\t\t\t\t\t\tInternet-Sicherheit\n\t\t\t\t\t\t\t\t\t\n\t\t\t\t\t\t\t\t\t\t\t\t\t\t\t\t<\/h6>\n\t\t\t\t\t\t\n\t\t\t\t\t\t\t\t\t\t\t\t\t\t\t\t\t\t\t\t\t\t\t\t<\/div>\n\t\t\t\t<\/div>\n\n\t\t\t\t\n\t\t\t<\/div>\n\t\t\t\t\t<div class=\"list-item\">\n\n\t\t\t\t<div class=\"list-header\">\n\t\t\t\t\t<div class=\"marker\">\n\n\t\t\t\t\t\t\n\t\t\t\t\t<\/div>\n\n\t\t\t\t\t<div class=\"title-wrap\">\n\t\t\t\t\t\t\t\t\t\t\t\t\t<h6 class=\"title\">\n\t\t\t\t\t\t\t\t\t\t\t\t\t\t\t\t\tBusiness Intelligence\n\t\t\t\t\t\t\t\t\t\n\t\t\t\t\t\t\t\t\t\t\t\t\t\t\t\t<\/h6>\n\t\t\t\t\t\t\n\t\t\t\t\t\t\t\t\t\t\t\t\t\t\t\t\t\t\t\t\t\t\t\t<\/div>\n\t\t\t\t<\/div>\n\n\t\t\t\t\n\t\t\t<\/div>\n\t\t\t\t\t<div class=\"list-item\">\n\n\t\t\t\t<div class=\"list-header\">\n\t\t\t\t\t<div class=\"marker\">\n\n\t\t\t\t\t\t\n\t\t\t\t\t<\/div>\n\n\t\t\t\t\t<div class=\"title-wrap\">\n\t\t\t\t\t\t\t\t\t\t\t\t\t<h6 class=\"title\">\n\t\t\t\t\t\t\t\t\t\t\t\t\t\t\t\t\tSoftwareentwicklung und Automatisierung\n\t\t\t\t\t\t\t\t\t\n\t\t\t\t\t\t\t\t\t\t\t\t\t\t\t\t<\/h6>\n\t\t\t\t\t\t\n\t\t\t\t\t\t\t\t\t\t\t\t\t\t\t\t\t\t\t\t\t\t\t\t<\/div>\n\t\t\t\t<\/div>\n\n\t\t\t\t\n\t\t\t<\/div>\n\t\t\t<\/div>\n\n\t<div class=\"tm-spacer\" id=\"tm-spacer-69e43c8da481f\"><\/div>\n<\/div><\/div><\/div><\/div><\/div><\/div><\/div><\/div><div id=\"tm-row-69e43c8da4977\" data-vc-full-width=\"true\" data-vc-full-width-init=\"false\" class=\"vc_row vc_row-outer vc_row-fluid vc_row-o-content-middle vc_row-flex\"><div id=\"tm-column-69e43c8da4b72\" class=\"wpb_column vc_column_container vc_col-sm-12\"><div class=\"vc_column-inner\"><div class=\"wpb_wrapper\">\n<div class=\"tm-heading modern-icon center tm-animation move-up\" id=\"tm-heading-69e43c8da4d3f\">\n\t<h3 class=\"heading\" >WillowTech Group: Erfolgreiche Umsetzung technologiegest\u00fctzter Gesch\u00e4ftstransformationen<\/h3><\/div>\n\n<div class=\"tm-spacer\" id=\"tm-spacer-69e43c8da4fcd\"><\/div>\n\n<div class=\"tm-heading modern-icon center tm-animation move-up\" id=\"tm-heading-69e43c8da505d\">\n\t<h4 class=\"heading\" >Nutzen Sie noch heute die Leistungsf\u00e4higkeit der WillowTech-Teams und beginnen Sie Ihre Transformationsreise<\/h4><\/div>\n\n<\/div><\/div><\/div><\/div><div class=\"vc_row-full-width vc_clearfix\"><\/div>\n<\/section>","protected":false},"excerpt":{"rendered":"\u00dcber uns WillowTech Group bietet Full-Service-Technologieunterst\u00fctzung, von Managed-Service-L\u00f6sungen f\u00fcr Unternehmen jeder Gr\u00f6\u00dfe bis hin zur Beratung f\u00fcr spezifische Technologie- und Telekommunikationsprojekte. Ma\u00dfgeschneiderte L\u00f6sungen werden auf die individuellen Bed\u00fcrfnisse Ihrer Projekte zugeschnitten, um sicherzustellen, dass Sie genau die Unterst\u00fctzung erhalten, die Sie zur Optimierung Ihrer Organisation ben\u00f6tigen. Ohne Bindung an eine bestimmte Technologie oder einen bestimmten Anbieter k\u00f6nnen wir Ihnen die effektivsten L\u00f6sungen f\u00fcr Ihr Unternehmen empfehlen. Profitieren Sie von den besten globalen L\u00f6sungen. Als globales Unternehmen mit Niederlassungen in Gro\u00dfbritannien, Dubai und Indien sind unsere Experten in einer Reihe globaler Lieferzentren stationiert. Die WillowTech Group kann wirklich globale L\u00f6sungen anbieten. Unsere Offshore-Teams sind nicht durch die geografische Lage eingeschr\u00e4nkt, w\u00e4hrend unser umfangreicher Talentpool es uns erm\u00f6glicht, die perfekten Teams zusammenzustellen, um Ihre Onshore-Anforderungen zu unterst\u00fctzen und effektive, kosteneffiziente L\u00f6sungen zu liefern, wo auch immer Sie sich befinden. Gro\u00dfbritannien \u2013 EMEA \u2013 APAC \u2013 Mittel- und S\u00fcdamerika \u2013 CIS Managed Services f\u00fcr Technologie- und Telekommunikationsunternehmen. Eliminieren Sie den Bedarf an teuren internen Technologieteams, die Kosten f\u00fcr laufende Schulung und Entwicklung, Probleme bei der Personalbindung und Risiken f\u00fcr Ihre Technologieinfrastruktur, indem Sie W\u00e4hlen Sie WillowTech Group als Ihren Managed Service Provider. Netzwerke mehrerer Anbieter bieten die gr\u00f6\u00dfte Flexibilit\u00e4t und Funktionalit\u00e4t, es kann jedoch schwierig sein, sie genau nach Ihren Spezifikationen aufzubauen und reibungslos zu funktionieren. Unsere Experten k\u00f6nnen Ihre hybride Netzwerkinfrastruktur entwickeln und konfigurieren und f\u00fcr einen reibungslosen Betrieb sorgen. Unsere spezialisierten Teams entlasten Sie bei Ihren Anforderungen an den technischen Support und bieten rund um die Uhr fachkundige Beratung und L\u00f6sungen an 365 Tagen im Jahr, damit Sie Ihre Gesch\u00e4ftsziele weiter erreichen k\u00f6nnen. \u2022 Telekommunikationsimplementierung \u2022 Sicherheit \u2022 TAC-Unterst\u00fctzung \u2022 NOC-Einrichtung und -Management Professionelle Dienstleistungen und Beratung Haben Sie Fragen, auf die Sie einfach keine Antwort haben? Von der Entwicklung einer Datenstrategie bis hin zum Einsatz der neuesten Technologien, damit Ihr Unternehmen der Konkurrenz immer einen Schritt voraus ist \u2013 unsere Berater verf\u00fcgen \u00fcber umfassendes Verst\u00e4ndnis und Erfahrung sowie das Engagement, sie und Sie an der Spitze der Branchenentwicklungen zu halten. Mit effizienten L\u00f6sungen, die speziell auf die L\u00f6sung Ihrer gr\u00f6\u00dften Probleme zugeschnitten sind, bieten Ihnen unsere professionellen Dienstleistungen mehr Flexibilit\u00e4t und Kontrolle bei der Skalierung Ihres Betriebs und erm\u00f6glichen es Ihnen, sich auf die gesch\u00e4ftskritischen Entscheidungen zu konzentrieren, auf die es ankommt. Onshore \u2013 Offshore \u2013 Nearshore Digital Transformation Cloud und Devops Projektmanagement Rechenzentrumsberatung Daten, KI und Business Intelligence Cybersicherheit Business Intelligence Software-Engineering und -Automatisierung WillowTech Group: Erfolgreiche Umsetzung technologiegest\u00fctzter Gesch\u00e4ftstransformationen Nutzen Sie noch heute die Leistungsf\u00e4higkeit der WillowTech-Teams und beginnen Sie Ihre Transformationsreise","protected":false},"author":1,"featured_media":0,"parent":0,"menu_order":0,"comment_status":"closed","ping_status":"closed","template":"","meta":{"content-type":"","footnotes":""},"class_list":["post-519","page","type-page","status-publish","hentry"],"yoast_head":"<!-- This site is optimized with the Yoast SEO plugin v27.3 - https:\/\/yoast.com\/product\/yoast-seo-wordpress\/ -->\n<title>About us - WillowTech Group<\/title>\n<meta name=\"robots\" content=\"index, follow, max-snippet:-1, max-image-preview:large, max-video-preview:-1\" \/>\n<link rel=\"canonical\" href=\"https:\/\/willowtechgroup.com\/de\/about-us\/\" \/>\n<meta property=\"og:locale\" content=\"de_DE\" \/>\n<meta property=\"og:type\" content=\"article\" \/>\n<meta property=\"og:title\" content=\"About us - WillowTech Group\" \/>\n<meta property=\"og:url\" content=\"https:\/\/willowtechgroup.com\/de\/about-us\/\" \/>\n<meta property=\"og:site_name\" content=\"WillowTech Group\" \/>\n<meta property=\"article:modified_time\" content=\"2023-10-03T11:10:29+00:00\" \/>\n<meta name=\"twitter:card\" content=\"summary_large_image\" \/>\n<meta name=\"twitter:label1\" content=\"Gesch\u00e4tzte Lesezeit\" \/>\n\t<meta name=\"twitter:data1\" content=\"5\u00a0Minuten\" \/>\n<script type=\"application\/ld+json\" class=\"yoast-schema-graph\">{\"@context\":\"https:\\\/\\\/schema.org\",\"@graph\":[{\"@type\":\"WebPage\",\"@id\":\"https:\\\/\\\/willowtechgroup.com\\\/about-us\\\/\",\"url\":\"https:\\\/\\\/willowtechgroup.com\\\/about-us\\\/\",\"name\":\"About us - WillowTech Group\",\"isPartOf\":{\"@id\":\"https:\\\/\\\/willowtechgroup.com\\\/#website\"},\"datePublished\":\"2018-10-17T06:23:05+00:00\",\"dateModified\":\"2023-10-03T11:10:29+00:00\",\"breadcrumb\":{\"@id\":\"https:\\\/\\\/willowtechgroup.com\\\/about-us\\\/#breadcrumb\"},\"inLanguage\":\"de\",\"potentialAction\":[{\"@type\":\"ReadAction\",\"target\":[\"https:\\\/\\\/willowtechgroup.com\\\/about-us\\\/\"]}]},{\"@type\":\"BreadcrumbList\",\"@id\":\"https:\\\/\\\/willowtechgroup.com\\\/about-us\\\/#breadcrumb\",\"itemListElement\":[{\"@type\":\"ListItem\",\"position\":1,\"name\":\"Home\",\"item\":\"https:\\\/\\\/willowtechgroup.com\\\/\"},{\"@type\":\"ListItem\",\"position\":2,\"name\":\"About us\"}]},{\"@type\":\"WebSite\",\"@id\":\"https:\\\/\\\/willowtechgroup.com\\\/#website\",\"url\":\"https:\\\/\\\/willowtechgroup.com\\\/\",\"name\":\"WillowTech Group\",\"description\":\"IT Consultation &amp; Services\",\"publisher\":{\"@id\":\"https:\\\/\\\/willowtechgroup.com\\\/#organization\"},\"potentialAction\":[{\"@type\":\"SearchAction\",\"target\":{\"@type\":\"EntryPoint\",\"urlTemplate\":\"https:\\\/\\\/willowtechgroup.com\\\/?s={search_term_string}\"},\"query-input\":{\"@type\":\"PropertyValueSpecification\",\"valueRequired\":true,\"valueName\":\"search_term_string\"}}],\"inLanguage\":\"de\"},{\"@type\":\"Organization\",\"@id\":\"https:\\\/\\\/willowtechgroup.com\\\/#organization\",\"name\":\"WillowTech Group\",\"url\":\"https:\\\/\\\/willowtechgroup.com\\\/\",\"logo\":{\"@type\":\"ImageObject\",\"inLanguage\":\"de\",\"@id\":\"https:\\\/\\\/willowtechgroup.com\\\/#\\\/schema\\\/logo\\\/image\\\/\",\"url\":\"https:\\\/\\\/willowtechgroup.com\\\/wp-content\\\/uploads\\\/2018\\\/10\\\/Logo-290X70-3.svg\",\"contentUrl\":\"https:\\\/\\\/willowtechgroup.com\\\/wp-content\\\/uploads\\\/2018\\\/10\\\/Logo-290X70-3.svg\",\"width\":\"1024\",\"height\":\"1024\",\"caption\":\"WillowTech Group\"},\"image\":{\"@id\":\"https:\\\/\\\/willowtechgroup.com\\\/#\\\/schema\\\/logo\\\/image\\\/\"}}]}<\/script>\n<!-- \/ Yoast SEO plugin. -->","yoast_head_json":{"title":"About us - WillowTech Group","robots":{"index":"index","follow":"follow","max-snippet":"max-snippet:-1","max-image-preview":"max-image-preview:large","max-video-preview":"max-video-preview:-1"},"canonical":"https:\/\/willowtechgroup.com\/de\/about-us\/","og_locale":"de_DE","og_type":"article","og_title":"About us - WillowTech Group","og_url":"https:\/\/willowtechgroup.com\/de\/about-us\/","og_site_name":"WillowTech Group","article_modified_time":"2023-10-03T11:10:29+00:00","twitter_card":"summary_large_image","twitter_misc":{"Gesch\u00e4tzte Lesezeit":"5\u00a0Minuten"},"schema":{"@context":"https:\/\/schema.org","@graph":[{"@type":"WebPage","@id":"https:\/\/willowtechgroup.com\/about-us\/","url":"https:\/\/willowtechgroup.com\/about-us\/","name":"About us - WillowTech Group","isPartOf":{"@id":"https:\/\/willowtechgroup.com\/#website"},"datePublished":"2018-10-17T06:23:05+00:00","dateModified":"2023-10-03T11:10:29+00:00","breadcrumb":{"@id":"https:\/\/willowtechgroup.com\/about-us\/#breadcrumb"},"inLanguage":"de","potentialAction":[{"@type":"ReadAction","target":["https:\/\/willowtechgroup.com\/about-us\/"]}]},{"@type":"BreadcrumbList","@id":"https:\/\/willowtechgroup.com\/about-us\/#breadcrumb","itemListElement":[{"@type":"ListItem","position":1,"name":"Home","item":"https:\/\/willowtechgroup.com\/"},{"@type":"ListItem","position":2,"name":"About us"}]},{"@type":"WebSite","@id":"https:\/\/willowtechgroup.com\/#website","url":"https:\/\/willowtechgroup.com\/","name":"WillowTech-Gruppe","description":"IT-Beratung &amp; Services","publisher":{"@id":"https:\/\/willowtechgroup.com\/#organization"},"potentialAction":[{"@type":"SearchAction","target":{"@type":"EntryPoint","urlTemplate":"https:\/\/willowtechgroup.com\/?s={search_term_string}"},"query-input":{"@type":"PropertyValueSpecification","valueRequired":true,"valueName":"search_term_string"}}],"inLanguage":"de"},{"@type":"Organization","@id":"https:\/\/willowtechgroup.com\/#organization","name":"WillowTech-Gruppe","url":"https:\/\/willowtechgroup.com\/","logo":{"@type":"ImageObject","inLanguage":"de","@id":"https:\/\/willowtechgroup.com\/#\/schema\/logo\/image\/","url":"https:\/\/willowtechgroup.com\/wp-content\/uploads\/2018\/10\/Logo-290X70-3.svg","contentUrl":"https:\/\/willowtechgroup.com\/wp-content\/uploads\/2018\/10\/Logo-290X70-3.svg","width":"1024","height":"1024","caption":"WillowTech Group"},"image":{"@id":"https:\/\/willowtechgroup.com\/#\/schema\/logo\/image\/"}}]}},"_links":{"self":[{"href":"https:\/\/willowtechgroup.com\/de\/wp-json\/wp\/v2\/pages\/519","targetHints":{"allow":["GET"]}}],"collection":[{"href":"https:\/\/willowtechgroup.com\/de\/wp-json\/wp\/v2\/pages"}],"about":[{"href":"https:\/\/willowtechgroup.com\/de\/wp-json\/wp\/v2\/types\/page"}],"author":[{"embeddable":true,"href":"https:\/\/willowtechgroup.com\/de\/wp-json\/wp\/v2\/users\/1"}],"replies":[{"embeddable":true,"href":"https:\/\/willowtechgroup.com\/de\/wp-json\/wp\/v2\/comments?post=519"}],"version-history":[{"count":0,"href":"https:\/\/willowtechgroup.com\/de\/wp-json\/wp\/v2\/pages\/519\/revisions"}],"wp:attachment":[{"href":"https:\/\/willowtechgroup.com\/de\/wp-json\/wp\/v2\/media?parent=519"}],"curies":[{"name":"wp","href":"https:\/\/api.w.org\/{rel}","templated":true}]}}