{"id":5599,"date":"2026-04-10T10:00:30","date_gmt":"2026-04-10T09:00:30","guid":{"rendered":"https:\/\/willowtechgroup.com\/?page_id=5599"},"modified":"2026-04-14T14:00:06","modified_gmt":"2026-04-14T13:00:06","slug":"data-centre-services","status":"publish","type":"page","link":"https:\/\/willowtechgroup.com\/de\/data-centre-services\/","title":{"rendered":"Rechenzentrumsdienste"},"content":{"rendered":"<section class=\"wpb-content-wrapper\"><div id=\"tm-row-69dec6c024e46\" data-vc-full-width=\"true\" data-vc-full-width-init=\"false\" class=\"vc_row vc_row-outer vc_row-fluid\"><div id=\"tm-column-69dec6c02527d\" class=\"wpb_column vc_column_container vc_col-sm-12\"><div class=\"vc_column-inner\"><div class=\"wpb_wrapper\">\n<div class=\"tm-heading vc_custom_1775827422594  center tm-animation move-up\" id=\"tm-heading-69dec6c0254ef\">\n\t<div class=\"heading\" >Rechenzentrumsdienste<\/div><\/div>\n\n<div class=\"tm-spacer\" id=\"tm-spacer-69dec6c0257cc\"><\/div>\n\n<div class=\"tm-heading  center tm-animation move-up\" id=\"tm-heading-69dec6c02587c\">\n\t<h3 class=\"heading\" ><mark>Ausfallsichere, leistungsstarke Rechenzentrumsinfrastruktur<\/mark><\/h3><\/div>\n\n<div class=\"tm-spacer\" id=\"tm-spacer-69dec6c025b0c\"><\/div>\n\n<div class=\"tm-heading  center tm-animation move-up\" id=\"tm-heading-69dec6c025b9a\">\n\t<div class=\"heading\" >Unterst\u00fctzung kritischer Rechenzentrumsumgebungen von Hardware-Upgrades und strukturierter Verkabelung bis hin zu Stromversorgung, K\u00fchlung und strengen Tests vor der Inbetriebnahme.<\/div><\/div>\n\n<div class=\"tm-spacer\" id=\"tm-spacer-69dec6c025e25\"><\/div>\n<div class=\"tm-button-wrapper  tm-animation move-up\" id=\"tm-button-69dec6c025ea3\">\n\t\t<a class=\"tm-button style-flat tm-button-nm tm-button-primary tm-button-\" href=\"https:\/\/willowtechgroup.com\/de\/connect-with-us\/\"\n\t\t\t>\n\n\t\t\n\t\t\t\t\t\t<span class=\"button-text\" data-text=\"Talk to Our Team\">\n\t\t\t\tSprechen Sie mit unserem Team\t\t\t<\/span>\n\t\t\t\n\t\t\n\n\t<\/a>\n<\/div>\n<div class=\"tm-spacer\" id=\"tm-spacer-69dec6c025eee\"><\/div>\n<\/div><\/div><\/div><\/div><div class=\"vc_row-full-width vc_clearfix\"><\/div><div id=\"tm-row-69dec6c02600f\" data-vc-full-width=\"true\" data-vc-full-width-init=\"false\" class=\"vc_row vc_row-outer vc_row-fluid\"><div id=\"tm-column-69dec6c02626e\" class=\"wpb_column vc_column_container vc_col-sm-12\"><div class=\"vc_column-inner\"><div class=\"wpb_wrapper\"><div class=\"tm-spacer\" id=\"tm-spacer-69dec6c02641a\"><\/div>\n\n<div class=\"tm-heading  center tm-animation move-up\" id=\"tm-heading-69dec6c0264bb\">\n\t<h2 class=\"heading\" ><mark>Unsere Rechenzentrumsdienste<\/mark><\/h2><\/div>\n\n\n<div class=\"tm-heading vc_custom_1775810153716  center tm-animation move-up\" id=\"tm-heading-69dec6c0267ae\">\n\t<div class=\"heading\" >Umfassende Unterst\u00fctzung \u00fcber den gesamten Lebenszyklus des Rechenzentrums hinweg, vom Aufbau der Infrastruktur und Upgrades bis hin zu laufenden Stromversorgungs-, K\u00fchlungs- und Validierungsdiensten.<\/div><\/div>\n\n<div class=\"tm-spacer\" id=\"tm-spacer-69dec6c026a24\"><\/div>\n<\/div><\/div><\/div><\/div><div class=\"vc_row-full-width vc_clearfix\"><\/div><div id=\"tm-row-69dec6c026b0c\" class=\"vc_row vc_row-outer vc_row-fluid min-h-ic-box\"><div id=\"tm-column-69dec6c026d57\" class=\"wpb_column vc_column_container vc_col-sm-12\"><div class=\"vc_column-inner\"><div class=\"wpb_wrapper\"><div id=\"tm-row-inner-69dec6c027007\" class=\"vc_row vc_inner vc_row-fluid icon-s\"><div id=\"tm-column-inner-69dec6c027280\" class=\"wpb_column vc_column_container vc_col-sm-3\"><div class=\"vc_column-inner\"><div class=\"wpb_wrapper\"><div class=\"tm-box-icon  style-2 style-align-center tm-animation move-up\" id=\"tm-box-icon-69dec6c027477\">\n\t\t<div class=\"content-wrap\">\n\n\t\t\t<div class=\"image\">\n\t\t\t<img decoding=\"async\" src=\"https:\/\/willowtechgroup.com\/wp-content\/uploads\/2018\/10\/Upgrades-Migration.svg\" alt=\"Upgrades &amp; Migration\" \/>\t\t<\/div>\n\t\n\t\n\t<div class=\"content\">\n\t\t<div class=\"box-header\">\n\t\t\t\t\t\t\t<h4 class=\"heading\">\n\t\t\t\t\t\n\t\t\t\t\t\tUpgrades &amp; Migration\n\t\t\t\t\t\t\n\t\t\t\t<\/h4>\n\t\t\t\t\t<\/div>\n\n\t\t\t\t\t<div class=\"text\">Hardware- und Software-Upgrades f\u00fcr Server, Netzwerkger\u00e4te und Speichersysteme mit nahtloser Migration und Fernwartung.<\/div>\t\t\n\t\t\t\t\t\t\t\n\t\t\t<\/div>\n<\/div>\n<\/div>\n<\/div><\/div><\/div><div id=\"tm-column-inner-69dec6c0284a9\" class=\"wpb_column vc_column_container vc_col-sm-3\"><div class=\"vc_column-inner\"><div class=\"wpb_wrapper\"><div class=\"tm-box-icon  style-2 style-align-center tm-animation move-up\" id=\"tm-box-icon-69dec6c02864c\">\n\t\t<div class=\"content-wrap\">\n\n\t\t\t<div class=\"image\">\n\t\t\t<img decoding=\"async\" src=\"https:\/\/willowtechgroup.com\/wp-content\/uploads\/2018\/10\/Testing-Validation.svg\" alt=\"Testing &amp; Validation\" \/>\t\t<\/div>\n\t\n\t\n\t<div class=\"content\">\n\t\t<div class=\"box-header\">\n\t\t\t\t\t\t\t<h4 class=\"heading\">\n\t\t\t\t\t\n\t\t\t\t\t\tTesten &amp; Validieren\n\t\t\t\t\t\t\n\t\t\t\t<\/h4>\n\t\t\t\t\t<\/div>\n\n\t\t\t\t\t<div class=\"text\">Komplette Pr\u00fcfung von Servern und Netzwerkger\u00e4ten, einschlie\u00dflich OTDR-Glasfaserzertifizierung, Glasfasersplei\u00dfung und Kupferkabelpr\u00fcfung.<\/div>\t\t\n\t\t\t\t\t\t\t\n\t\t\t<\/div>\n<\/div>\n<\/div>\n<\/div><\/div><\/div><div id=\"tm-column-inner-69dec6c029536\" class=\"wpb_column vc_column_container vc_col-sm-3\"><div class=\"vc_column-inner\"><div class=\"wpb_wrapper\"><div class=\"tm-box-icon  style-2 style-align-center tm-animation move-up\" id=\"tm-box-icon-69dec6c0296d8\">\n\t\t<div class=\"content-wrap\">\n\n\t\t\t<div class=\"image\">\n\t\t\t<img decoding=\"async\" src=\"https:\/\/willowtechgroup.com\/wp-content\/uploads\/2018\/10\/Network-Infrastructure.svg\" alt=\"Network Infrastructure\" \/>\t\t<\/div>\n\t\n\t\n\t<div class=\"content\">\n\t\t<div class=\"box-header\">\n\t\t\t\t\t\t\t<h4 class=\"heading\">\n\t\t\t\t\t\n\t\t\t\t\t\tLow-Voltage &amp; Network Infrastructure\n\t\t\t\t\t\t\n\t\t\t\t<\/h4>\n\t\t\t\t\t<\/div>\n\n\t\t\t\t\t<div class=\"text\">Strukturierte Verkabelung von Cat4 bis Cat7. Rack- und Stack-Montage, Erdung und Potentialausgleich sowie Installation von Kabelwegen f\u00fcr Hochleistungsrechenzentren.<\/div>\t\t\n\t\t\t\t\t\t\t\n\t\t\t<\/div>\n<\/div>\n<\/div>\n<\/div><\/div><\/div><div id=\"tm-column-inner-69dec6c02a545\" class=\"wpb_column vc_column_container vc_col-sm-3\"><div class=\"vc_column-inner\"><div class=\"wpb_wrapper\"><div class=\"tm-box-icon  style-2 style-align-center tm-animation move-up\" id=\"tm-box-icon-69dec6c02a6e1\">\n\t\t<div class=\"content-wrap\">\n\n\t\t\t<div class=\"image\">\n\t\t\t<img decoding=\"async\" src=\"https:\/\/willowtechgroup.com\/wp-content\/uploads\/2018\/10\/Power-Mechanical.svg\" alt=\"Power &amp; Mechanical\" \/>\t\t<\/div>\n\t\n\t\n\t<div class=\"content\">\n\t\t<div class=\"box-header\">\n\t\t\t\t\t\t\t<h4 class=\"heading\">\n\t\t\t\t\t\n\t\t\t\t\t\tPower, Electrical &amp; Mechanical Maintenance\n\t\t\t\t\t\t\n\t\t\t\t<\/h4>\n\t\t\t\t\t<\/div>\n\n\t\t\t\t\t<div class=\"text\">Proaktive Unterst\u00fctzung f\u00fcr Stromverteilung, USV-Anlagen, Generatoren und K\u00fchlsysteme, um die Betriebszeit aufrechtzuerhalten und gesch\u00e4ftskritische Infrastrukturen zu sch\u00fctzen.<\/div>\t\t\n\t\t\t\t\t\t\t\n\t\t\t<\/div>\n<\/div>\n<\/div>\n<\/div><\/div><\/div><\/div><\/div><\/div><\/div><\/div><div id=\"tm-row-69dec6c02b5b3\" data-vc-full-width=\"true\" data-vc-full-width-init=\"false\" class=\"vc_row vc_row-outer vc_row-fluid\"><div id=\"tm-column-69dec6c02bace\" class=\"wpb_column vc_column_container vc_col-sm-12\"><div class=\"vc_column-inner\"><div class=\"wpb_wrapper\"><div id=\"tm-row-inner-69dec6c02bd58\" class=\"vc_row vc_inner vc_row-fluid vc_row-o-equal-height vc_row-flex\"><div id=\"tm-column-inner-69dec6c02bfe3\" class=\"wpb_column vc_column_container vc_col-sm-6\"><div class=\"vc_column-inner\"><div class=\"wpb_wrapper\"><\/div><\/div><\/div><div id=\"tm-column-inner-69dec6c02c42b\" class=\"wpb_column vc_column_container vc_col-sm-6\"><div class=\"vc_column-inner\"><div class=\"wpb_wrapper\">\n\t<div class=\"wpb_text_column wpb_content_element\" >\n\t\t<div class=\"wpb_wrapper\">\n\t\t\t<h3><b>End-to-End Data Centre Expertise<\/b><\/h3>\n<p>WillowTech&#8217;s data centre engineers are experienced across the full infrastructure lifecycle from initial cabling and rack installation through to ongoing power, cooling and mechanical maintenance. We keep critical environments running smoothly and ready for what comes next.<\/p>\n<ul>\n<li>Engineers experienced across all major data centre environments<\/li>\n<li>End-to-end accountability from initial survey through to sign-off<\/li>\n<li>Rigorous testing and certification before any system goes live<\/li>\n<li>Proactive maintenance to prevent downtime before it happens<\/li>\n<li>Flexible on-site and remote support available<\/li>\n<\/ul>\n\n\t\t<\/div>\n\t<\/div>\n<\/div><\/div><\/div><\/div><\/div><\/div><\/div><\/div><div class=\"vc_row-full-width vc_clearfix\"><\/div><div id=\"tm-row-69dec6c02c899\" data-vc-full-width=\"true\" data-vc-full-width-init=\"false\" class=\"vc_row vc_row-outer vc_row-fluid\"><div id=\"tm-column-69dec6c02ca92\" class=\"wpb_column vc_column_container vc_col-sm-12\"><div class=\"vc_column-inner\"><div class=\"wpb_wrapper\"><div class=\"tm-spacer\" id=\"tm-spacer-69dec6c02cc13\"><\/div>\n\n<div class=\"tm-heading  center tm-animation move-up\" id=\"tm-heading-69dec6c02ccbf\">\n\t<h2 class=\"heading\" ><mark>So funktionieren<\/mark><\/h2><\/div>\n\n<div class=\"tm-spacer\" id=\"tm-spacer-69dec6c02cf6e\"><\/div>\n<\/div><\/div><\/div><\/div><div class=\"vc_row-full-width vc_clearfix\"><\/div><div id=\"tm-row-69dec6c02d050\" class=\"vc_row vc_row-outer vc_row-fluid\"><div id=\"tm-column-69dec6c02d299\" class=\"wpb_column vc_column_container vc_col-sm-12\"><div class=\"vc_column-inner\"><div class=\"wpb_wrapper\">\n\t<div class=\"wpb_raw_code wpb_content_element wpb_raw_html\" >\n\t\t<div class=\"wpb_wrapper\">\n\t\t\t<div style=\"width:100%; padding:20px; box-sizing:border-box;\">\n  \n  <div style=\"display:flex; justify-content:space-between; align-items:flex-start; flex-wrap:wrap; position:relative;\">\n    \n    <!-- Line -->\n    <div style=\"position:absolute; top:30px; left:0; right:0; height:2px; background:#DFF3FF; z-index:0;\"><\/div>\n\n    <!-- Step 1 -->\n    <div style=\"flex:1; min-width:200px; text-align:center; position:relative; z-index:1; margin-bottom:20px;\">\n      <div style=\"width:60px; height:60px; margin:0 auto; border-radius:50%; background:#DFF3FF; display:flex; align-items:center; justify-content:center; font-weight:bold;\">\n        1\n      <\/div>\n      <h4 style=\"color:#0F1F59; margin-top:25px;\">Bewerten<\/h4>\n      <p style=\"font-size:14px; color:#555;\">\n        Standortbesichtigung und vollst\u00e4ndige Infrastrukturbewertung zur Ermittlung des Ist-Zustands und zur Definition des Projektumfangs.\n      <\/p>\n    <\/div>\n\n    <!-- Step 2 -->\n    <div style=\"flex:1; min-width:200px; text-align:center; position:relative; z-index:1; margin-bottom:20px;\">\n      <div style=\"width:60px; height:60px; margin:0 auto; border-radius:50%; background:#DFF3FF; display:flex; align-items:center; justify-content:center; font-weight:bold;\">\n        2\n      <\/div>\n      <h4 style=\"color:#0F1F59; margin-top:25px;\">Planen<\/h4>\n      <p style=\"font-size:14px; color:#555;\">\n        Detaillierter Projektplan mit Angaben zu Zeitplan, Ressourcen, Risikominderung und phasenweiser Umsetzung.\n      <\/p>\n    <\/div>\n\n    <!-- Step 3 -->\n    <div style=\"flex:1; min-width:200px; text-align:center; position:relative; z-index:1; margin-bottom:20px;\">\n      <div style=\"width:60px; height:60px; margin:0 auto; border-radius:50%; background:#DFF3FF; display:flex; align-items:center; justify-content:center; font-weight:bold;\">\n        3\n      <\/div>\n      <h4 style=\"color:#0F1F59; margin-top:25px;\">Einsetzen<\/h4>\n      <p style=\"font-size:14px; color:#555;\">\n        Fachkundige Vor-Ort-Bereitstellung mit minimalen Beeintr\u00e4chtigungen des laufenden Betriebs und Echtzeit-Updates.\n      <\/p>\n    <\/div>\n\n    <!-- Step 4 -->\n    <div style=\"flex:1; min-width:200px; text-align:center; position:relative; z-index:1; margin-bottom:20px;\">\n      <div style=\"width:60px; height:60px; margin:0 auto; border-radius:50%; background:#DFF3FF; display:flex; align-items:center; justify-content:center; font-weight:bold;\">\n        4\n      <\/div>\n      <h4 style=\"color:#0F1F59; margin-top:25px;\">Best\u00e4tigen<\/h4>\n      <p style=\"font-size:14px; color:#555;\">\n        Sorgf\u00e4ltige Tests, Abnahme, Dokumentation und \u00dcbergabe, damit Sie sicher sein k\u00f6nnen, dass alles funktioniert.\n      <\/p>\n    <\/div>\n\n  <\/div>\n\n<\/div>\n\t\t<\/div>\n\t<\/div>\n<\/div><\/div><\/div><\/div><div id=\"tm-row-69dec6c02d5c0\" data-vc-full-width=\"true\" data-vc-full-width-init=\"false\" class=\"vc_row vc_row-outer vc_row-fluid\"><div id=\"tm-column-69dec6c02d7b7\" class=\"wpb_column vc_column_container vc_col-sm-12\"><div class=\"vc_column-inner\"><div class=\"wpb_wrapper\"><div class=\"tm-spacer\" id=\"tm-spacer-69dec6c02d90b\"><\/div>\n\n<div class=\"tm-heading  center tm-animation move-up\" id=\"tm-heading-69dec6c02d9ab\">\n\t<h3 class=\"heading\" ><mark>Sind Sie bereit, Ihre Rechenzentrumsabl\u00e4ufe zu optimieren?<\/mark><\/h3><\/div>\n\n<div class=\"tm-spacer\" id=\"tm-spacer-69dec6c02dc6a\"><\/div>\n\n<div class=\"tm-heading  center tm-animation move-up\" id=\"tm-heading-69dec6c02dd14\">\n\t<div class=\"heading\" >Unser Expertenteam unterst\u00fctzt Sie gerne bei der Entwicklung der passenden L\u00f6sung f\u00fcr Ihre Rechenzentrumsanforderungen. Nehmen Sie noch heute Kontakt mit uns auf.<\/div><\/div>\n\n<div class=\"tm-spacer\" id=\"tm-spacer-69dec6c02dfa4\"><\/div>\n<div class=\"tm-button-wrapper  tm-animation move-up\" id=\"tm-button-69dec6c02e012\">\n\t\t<a class=\"tm-button style-flat tm-button-nm tm-button-primary tm-button-\" href=\"https:\/\/willowtechgroup.com\/de\/connect-with-us\/\"\n\t\t\t>\n\n\t\t\n\t\t\t\t\t\t<span class=\"button-text\" data-text=\"Contact Us\">\n\t\t\t\tKontaktieren Sie uns\t\t\t<\/span>\n\t\t\t\n\t\t\n\n\t<\/a>\n<\/div>\n<div class=\"tm-spacer\" id=\"tm-spacer-69dec6c02e05b\"><\/div>\n<\/div><\/div><\/div><\/div><div class=\"vc_row-full-width vc_clearfix\"><\/div><div id=\"tm-row-69dec6c02e148\" class=\"vc_row vc_row-outer vc_row-fluid\"><div id=\"tm-column-69dec6c02e33b\" class=\"wpb_column vc_column_container vc_col-sm-12\"><div class=\"vc_column-inner\"><div class=\"wpb_wrapper\">\n\t<div class=\"wpb_raw_code wpb_content_element wpb_raw_html\" >\n\t\t<div class=\"wpb_wrapper\">\n\t\t\t<style>\n.wt-vendor-table-wrap {\n  margin-top: 10px;\n  overflow-x: auto;\n  border-radius: 8px;\n}\n.wt-vendor-table {\n  width: 100%;\n  border-collapse: collapse;\n  border: 1px solid #c5d3df;\n  background: #dff0fb;\n  min-width: 720px;\n}\n.wt-vendor-table th,\n.wt-vendor-table td {\n  border: 1px solid #c5d3df;\n  padding: 12px 16px;\n  text-align: left;\n  vertical-align: top;\n}\n.wt-vendor-table th {\n  font-size: 13px;\n  text-transform: none;\n  letter-spacing: 0;\n  color: #0F1F59;\n  background: #f3f7fb;\n  font-weight: 700;\n}\n.wt-vendor-table td {\n  font-size: 14px;\n  color: #0F1F59;\n  line-height: 1.55;\n  font-weight: 600;\n}\n.wt-vendor-table tbody tr:nth-child(even) td {\n  background: rgba(255,255,255,0.22);\n}\n.wt-vendor-table td:first-child {\n  width: 220px;\n  font-weight: 700;\n  color: #0F1F59;\n}\n@media (max-width: 700px) {\n  .wt-vendor-table-wrap {\n    overflow-x: visible;\n  }\n  .wt-vendor-table {\n    min-width: 0;\n    border: 0;\n    background: transparent;\n  }\n  .wt-vendor-table thead {\n    display: none;\n  }\n  .wt-vendor-table tbody tr {\n    display: block;\n    border: 1px solid #c5d3df;\n    border-radius: 8px;\n    background: #dff0fb;\n    margin-bottom: 12px;\n    overflow: hidden;\n  }\n  .wt-vendor-table tbody tr:nth-child(even) td {\n    background: transparent;\n  }\n  .wt-vendor-table td {\n    display: block;\n    border: 0;\n    border-top: 1px solid #c5d3df;\n    padding: 10px 12px;\n    font-size: 13px;\n    width: 100%;\n  }\n  .wt-vendor-table td:first-child {\n    width: 100%;\n    border-top: 0;\n    font-size: 14px;\n    font-weight: 700;\n    background: #f3f7fb;\n  }\n}\n.icon-s img {\n    max-width: 75px;\n}\n<\/style>\n\t\t<\/div>\n\t<\/div>\n<\/div><\/div><\/div><\/div>\n<\/section>","protected":false},"excerpt":{"rendered":"Data Centre Services Resilient, High-Performance Data Centre Infrastructure Supporting critical data centre environments from hardware upgrades and structured cabling to power, cooling, and rigorous testing before go-live. Talk to Our Team Our Data Centre Services End-to-end support across the full data centre lifecycle from initial infrastructure build and upgrades through to ongoing power, cooling and validation services. Upgrades &amp; Migration Hardware and software upgrades for servers, networking equipment and storage, with seamless migration and remote support. Testing &amp; Validation End-to-end testing of servers and networking equipment, including OTDR fibre certification, fibre splicing, and copper cable testing. Low-Voltage &amp; Network Infrastructure Structured cabling across Cat4 to Cat7. Rack &amp; stack, grounding &amp; bonding, and pathway installation for high-performance data centres. Power, Electrical &amp; Mechanical Maintenance Proactive support for power distribution, UPS, generators, and cooling systems to maintain uptime and protect business-critical infrastructure. End-to-End Data Centre Expertise WillowTech's data centre engineers are experienced across the full infrastructure lifecycle from initial cabling and rack installation through to ongoing power, cooling and mechanical maintenance. We keep critical environments running smoothly and ready for what comes next. Engineers experienced across all major data centre environments End-to-end accountability from initial survey through to sign-off Rigorous testing and certification before any system goes live Proactive maintenance to prevent downtime before it happens Flexible on-site and remote support available How We Work 1 Assess Site survey and full infrastructure assessment to understand current state and define scope. 2 Plan Detailed project plan covering timelines, resources, risk mitigation and phased delivery. 3 Deploy Expert on-site delivery with minimal disruption to live operations and real-time updates. 4 Validate Rigorous testing, sign-off, documentation and handover so you know everything works. Ready to Elevate Your Data Centre Operations? Our team of experts is here to help you develop the right solution for your data centre needs. Get in touch today. Contact Us","protected":false},"author":1,"featured_media":0,"parent":0,"menu_order":0,"comment_status":"closed","ping_status":"closed","template":"","meta":{"content-type":"","footnotes":""},"class_list":["post-5599","page","type-page","status-publish","hentry"],"yoast_head":"<!-- This site is optimized with the Yoast SEO plugin v27.3 - https:\/\/yoast.com\/product\/yoast-seo-wordpress\/ -->\n<title>Data Centre Services - WillowTech Group<\/title>\n<meta name=\"robots\" content=\"index, follow, max-snippet:-1, max-image-preview:large, max-video-preview:-1\" \/>\n<link rel=\"canonical\" href=\"https:\/\/willowtechgroup.com\/de\/data-centre-services\/\" \/>\n<meta property=\"og:locale\" content=\"de_DE\" \/>\n<meta property=\"og:type\" content=\"article\" \/>\n<meta property=\"og:title\" content=\"Data Centre Services - WillowTech Group\" \/>\n<meta property=\"og:url\" content=\"https:\/\/willowtechgroup.com\/de\/data-centre-services\/\" \/>\n<meta property=\"og:site_name\" content=\"WillowTech Group\" \/>\n<meta property=\"article:modified_time\" content=\"2026-04-14T13:00:06+00:00\" \/>\n<meta name=\"twitter:card\" content=\"summary_large_image\" \/>\n<meta name=\"twitter:label1\" content=\"Gesch\u00e4tzte Lesezeit\" \/>\n\t<meta name=\"twitter:data1\" content=\"4\u00a0Minuten\" \/>\n<script type=\"application\/ld+json\" class=\"yoast-schema-graph\">{\"@context\":\"https:\\\/\\\/schema.org\",\"@graph\":[{\"@type\":\"WebPage\",\"@id\":\"https:\\\/\\\/willowtechgroup.com\\\/data-centre-services\\\/\",\"url\":\"https:\\\/\\\/willowtechgroup.com\\\/data-centre-services\\\/\",\"name\":\"Data Centre Services - WillowTech Group\",\"isPartOf\":{\"@id\":\"https:\\\/\\\/willowtechgroup.com\\\/#website\"},\"datePublished\":\"2026-04-10T09:00:30+00:00\",\"dateModified\":\"2026-04-14T13:00:06+00:00\",\"breadcrumb\":{\"@id\":\"https:\\\/\\\/willowtechgroup.com\\\/data-centre-services\\\/#breadcrumb\"},\"inLanguage\":\"de\",\"potentialAction\":[{\"@type\":\"ReadAction\",\"target\":[\"https:\\\/\\\/willowtechgroup.com\\\/data-centre-services\\\/\"]}]},{\"@type\":\"BreadcrumbList\",\"@id\":\"https:\\\/\\\/willowtechgroup.com\\\/data-centre-services\\\/#breadcrumb\",\"itemListElement\":[{\"@type\":\"ListItem\",\"position\":1,\"name\":\"Home\",\"item\":\"https:\\\/\\\/willowtechgroup.com\\\/\"},{\"@type\":\"ListItem\",\"position\":2,\"name\":\"Data Centre Services\"}]},{\"@type\":\"WebSite\",\"@id\":\"https:\\\/\\\/willowtechgroup.com\\\/#website\",\"url\":\"https:\\\/\\\/willowtechgroup.com\\\/\",\"name\":\"WillowTech Group\",\"description\":\"IT Consultation &amp; Services\",\"publisher\":{\"@id\":\"https:\\\/\\\/willowtechgroup.com\\\/#organization\"},\"potentialAction\":[{\"@type\":\"SearchAction\",\"target\":{\"@type\":\"EntryPoint\",\"urlTemplate\":\"https:\\\/\\\/willowtechgroup.com\\\/?s={search_term_string}\"},\"query-input\":{\"@type\":\"PropertyValueSpecification\",\"valueRequired\":true,\"valueName\":\"search_term_string\"}}],\"inLanguage\":\"de\"},{\"@type\":\"Organization\",\"@id\":\"https:\\\/\\\/willowtechgroup.com\\\/#organization\",\"name\":\"WillowTech Group\",\"url\":\"https:\\\/\\\/willowtechgroup.com\\\/\",\"logo\":{\"@type\":\"ImageObject\",\"inLanguage\":\"de\",\"@id\":\"https:\\\/\\\/willowtechgroup.com\\\/#\\\/schema\\\/logo\\\/image\\\/\",\"url\":\"https:\\\/\\\/willowtechgroup.com\\\/wp-content\\\/uploads\\\/2018\\\/10\\\/Logo-290X70-3.svg\",\"contentUrl\":\"https:\\\/\\\/willowtechgroup.com\\\/wp-content\\\/uploads\\\/2018\\\/10\\\/Logo-290X70-3.svg\",\"width\":\"1024\",\"height\":\"1024\",\"caption\":\"WillowTech Group\"},\"image\":{\"@id\":\"https:\\\/\\\/willowtechgroup.com\\\/#\\\/schema\\\/logo\\\/image\\\/\"}}]}<\/script>\n<!-- \/ Yoast SEO plugin. -->","yoast_head_json":{"title":"Data Centre Services - WillowTech Group","robots":{"index":"index","follow":"follow","max-snippet":"max-snippet:-1","max-image-preview":"max-image-preview:large","max-video-preview":"max-video-preview:-1"},"canonical":"https:\/\/willowtechgroup.com\/de\/data-centre-services\/","og_locale":"de_DE","og_type":"article","og_title":"Data Centre Services - WillowTech Group","og_url":"https:\/\/willowtechgroup.com\/de\/data-centre-services\/","og_site_name":"WillowTech Group","article_modified_time":"2026-04-14T13:00:06+00:00","twitter_card":"summary_large_image","twitter_misc":{"Gesch\u00e4tzte Lesezeit":"4\u00a0Minuten"},"schema":{"@context":"https:\/\/schema.org","@graph":[{"@type":"WebPage","@id":"https:\/\/willowtechgroup.com\/data-centre-services\/","url":"https:\/\/willowtechgroup.com\/data-centre-services\/","name":"Data Centre Services - WillowTech Group","isPartOf":{"@id":"https:\/\/willowtechgroup.com\/#website"},"datePublished":"2026-04-10T09:00:30+00:00","dateModified":"2026-04-14T13:00:06+00:00","breadcrumb":{"@id":"https:\/\/willowtechgroup.com\/data-centre-services\/#breadcrumb"},"inLanguage":"de","potentialAction":[{"@type":"ReadAction","target":["https:\/\/willowtechgroup.com\/data-centre-services\/"]}]},{"@type":"BreadcrumbList","@id":"https:\/\/willowtechgroup.com\/data-centre-services\/#breadcrumb","itemListElement":[{"@type":"ListItem","position":1,"name":"Home","item":"https:\/\/willowtechgroup.com\/"},{"@type":"ListItem","position":2,"name":"Data Centre Services"}]},{"@type":"WebSite","@id":"https:\/\/willowtechgroup.com\/#website","url":"https:\/\/willowtechgroup.com\/","name":"WillowTech-Gruppe","description":"IT-Beratung &amp; Services","publisher":{"@id":"https:\/\/willowtechgroup.com\/#organization"},"potentialAction":[{"@type":"SearchAction","target":{"@type":"EntryPoint","urlTemplate":"https:\/\/willowtechgroup.com\/?s={search_term_string}"},"query-input":{"@type":"PropertyValueSpecification","valueRequired":true,"valueName":"search_term_string"}}],"inLanguage":"de"},{"@type":"Organization","@id":"https:\/\/willowtechgroup.com\/#organization","name":"WillowTech-Gruppe","url":"https:\/\/willowtechgroup.com\/","logo":{"@type":"ImageObject","inLanguage":"de","@id":"https:\/\/willowtechgroup.com\/#\/schema\/logo\/image\/","url":"https:\/\/willowtechgroup.com\/wp-content\/uploads\/2018\/10\/Logo-290X70-3.svg","contentUrl":"https:\/\/willowtechgroup.com\/wp-content\/uploads\/2018\/10\/Logo-290X70-3.svg","width":"1024","height":"1024","caption":"WillowTech Group"},"image":{"@id":"https:\/\/willowtechgroup.com\/#\/schema\/logo\/image\/"}}]}},"_links":{"self":[{"href":"https:\/\/willowtechgroup.com\/de\/wp-json\/wp\/v2\/pages\/5599","targetHints":{"allow":["GET"]}}],"collection":[{"href":"https:\/\/willowtechgroup.com\/de\/wp-json\/wp\/v2\/pages"}],"about":[{"href":"https:\/\/willowtechgroup.com\/de\/wp-json\/wp\/v2\/types\/page"}],"author":[{"embeddable":true,"href":"https:\/\/willowtechgroup.com\/de\/wp-json\/wp\/v2\/users\/1"}],"replies":[{"embeddable":true,"href":"https:\/\/willowtechgroup.com\/de\/wp-json\/wp\/v2\/comments?post=5599"}],"version-history":[{"count":33,"href":"https:\/\/willowtechgroup.com\/de\/wp-json\/wp\/v2\/pages\/5599\/revisions"}],"predecessor-version":[{"id":5604,"href":"https:\/\/willowtechgroup.com\/de\/wp-json\/wp\/v2\/pages\/5599\/revisions\/5604"}],"wp:attachment":[{"href":"https:\/\/willowtechgroup.com\/de\/wp-json\/wp\/v2\/media?parent=5599"}],"curies":[{"name":"wp","href":"https:\/\/api.w.org\/{rel}","templated":true}]}}