{"id":5655,"date":"2026-04-10T14:43:16","date_gmt":"2026-04-10T13:43:16","guid":{"rendered":"https:\/\/willowtechgroup.com\/?page_id=5655"},"modified":"2026-04-14T07:56:15","modified_gmt":"2026-04-14T06:56:15","slug":"network-professional-services","status":"publish","type":"page","link":"https:\/\/willowtechgroup.com\/de\/network-professional-services\/","title":{"rendered":"Netzwerk-Profidienstleistungen"},"content":{"rendered":"<section class=\"wpb-content-wrapper\"><div id=\"tm-row-69debe8b83435\" data-vc-full-width=\"true\" data-vc-full-width-init=\"false\" class=\"vc_row vc_row-outer vc_row-fluid\"><div id=\"tm-column-69debe8b83774\" class=\"wpb_column vc_column_container vc_col-sm-12\"><div class=\"vc_column-inner\"><div class=\"wpb_wrapper\"><div class=\"tm-spacer\" id=\"tm-spacer-69debe8b8396a\"><\/div>\n\n<div class=\"tm-heading vc_custom_1775827171254  center tm-animation move-up\" id=\"tm-heading-69debe8b83ac3\">\n\t<div class=\"heading\" >Professionelle Dienstleistungen<\/div><\/div>\n\n\n<div class=\"tm-heading  center tm-animation move-up\" id=\"tm-heading-69debe8b84b79\">\n\t<h3 class=\"heading\" >Expertennetzwerk \u2013 Professionelle Dienstleistungen<\/h3><\/div>\n\n<div class=\"tm-spacer\" id=\"tm-spacer-69debe8b84fce\"><\/div>\n\n<div class=\"tm-heading  center tm-animation move-up\" id=\"tm-heading-69debe8b850d4\">\n\t<div class=\"heading\" >Von der ersten Architekturplanung bis hin zur Live-Implementierung bringen unsere professionellen Serviceteams umfassende Expertise verschiedener Hersteller in jedes Projekt ein und gew\u00e4hrleisten so, dass Ihr Netzwerk nach h\u00f6chsten Standards konzipiert, geplant, implementiert und gesichert wird.<\/div><\/div>\n\n<div class=\"tm-spacer\" id=\"tm-spacer-69debe8b85529\"><\/div>\n<div class=\"tm-button-wrapper  tm-animation move-up\" id=\"tm-button-69debe8b855e4\">\n\t\t<a class=\"tm-button style-flat tm-button-nm tm-button-primary tm-button-\" href=\"https:\/\/willowtechgroup.com\/de\/connect-with-us\/\"\n\t\t\t>\n\n\t\t\n\t\t\t\t\t\t<span class=\"button-text\" data-text=\"Talk to Our Team\">\n\t\t\t\tSprechen Sie mit unserem Team\t\t\t<\/span>\n\t\t\t\n\t\t\n\n\t<\/a>\n<\/div>\n<div class=\"tm-spacer\" id=\"tm-spacer-69debe8b85658\"><\/div>\n<\/div><\/div><\/div><\/div><div class=\"vc_row-full-width vc_clearfix\"><\/div><div id=\"tm-row-69debe8b85813\" data-vc-full-width=\"true\" data-vc-full-width-init=\"false\" class=\"vc_row vc_row-outer vc_row-fluid\"><div id=\"tm-column-69debe8b85bf1\" class=\"wpb_column vc_column_container vc_col-sm-12\"><div class=\"vc_column-inner\"><div class=\"wpb_wrapper\"><div id=\"tm-row-inner-69debe8b8607c\" class=\"vc_row vc_inner vc_row-fluid\"><div id=\"tm-column-inner-69debe8b863b0\" class=\"wpb_column vc_column_container vc_col-sm-12\"><div class=\"vc_column-inner\"><div class=\"wpb_wrapper\">\n<div class=\"tm-heading  center tm-animation move-up\" id=\"tm-heading-69debe8b86581\">\n\t<h2 class=\"heading\" ><mark>Unser Angebot<\/mark><\/h2><\/div>\n\n\n<div class=\"tm-heading vc_custom_1775827114089  center tm-animation move-up\" id=\"tm-heading-69debe8b8686a\">\n\t<div class=\"heading\" >Vier spezialisierte Servicebereiche mit jeweils einem eigenen Team, das den gesamten Netzwerklebenszyklus von der Konzeption \u00fcber die Qualit\u00e4tssicherung bis hin zur Sicherheit abdeckt.<\/div><\/div>\n\n<div class=\"tm-spacer\" id=\"tm-spacer-69debe8b86b31\"><\/div>\n<\/div><\/div><\/div><\/div><div id=\"tm-row-inner-69debe8b86c0f\" class=\"vc_row vc_inner vc_row-fluid col-sp-2\"><div id=\"tm-column-inner-69debe8b86df3\" class=\"wpb_column vc_column_container vc_col-sm-4\"><div class=\"vc_column-inner\"><div class=\"wpb_wrapper\"><div class=\"tm-box-icon  style-2 style-align-left tm-animation move-up\" id=\"tm-box-icon-69debe8b86f8e\">\n\t\t<div class=\"content-wrap\">\n\n\t\n\t\n\t<div class=\"content\">\n\t\t<div class=\"box-header\">\n\t\t\t\t\t\t\t<h4 class=\"heading\">\n\t\t\t\t\t\n\t\t\t\t\t\tNetzwerkdesign\n\t\t\t\t\t\t\n\t\t\t\t<\/h4>\n\t\t\t\t\t<\/div>\n\n\t\t\t\t\t<div class=\"text\">Unsere Ingenieure bieten umfassende Netzwerkdesign-Services \u2013 von der Architekturplanung bis hin zu ma\u00dfgeschneiderten L\u00f6sungen. Wir gew\u00e4hrleisten eine nahtlose Integration in Ihre bestehende IT-Umgebung und optimieren Leistung und Skalierbarkeit.<\/div>\t\t\n\t\t\t\t\t\t\t\t\t<ul class=\"box-icon-list\">\n\t\t\t\t\t<li><i class=\"fas fa-check\"><\/i>umfassende Architekturplanung<\/li>\n\t\t\t\t<\/ul>\n\t\t\t\t\t\t\t\t\t\t\t\t<ul class=\"box-icon-list\">\n\t\t\t\t\t<li><i class=\"fas fa-check\"><\/i>Herstellerunabh\u00e4ngiges L\u00f6sungsdesign<\/li>\n\t\t\t\t<\/ul>\n\t\t\t\t\t\t\t\t\t\t\t\t<ul class=\"box-icon-list\">\n\t\t\t\t\t<li><i class=\"fas fa-check\"><\/i>Leistungs- und Skalierbarkeitsoptimierung<\/li>\n\t\t\t\t<\/ul>\n\t\t\t\t\t\n\t\t\t<\/div>\n<\/div>\n<\/div>\n<\/div><\/div><\/div><div id=\"tm-column-inner-69debe8b8763f\" class=\"wpb_column vc_column_container vc_col-sm-4\"><div class=\"vc_column-inner\"><div class=\"wpb_wrapper\"><div class=\"tm-box-icon  style-2 style-align-left tm-animation move-up\" id=\"tm-box-icon-69debe8b877c6\">\n\t\t<div class=\"content-wrap\">\n\n\t\n\t\n\t<div class=\"content\">\n\t\t<div class=\"box-header\">\n\t\t\t\t\t\t\t<h4 class=\"heading\">\n\t\t\t\t\t\n\t\t\t\t\t\tNetzwerkplanung\n\t\t\t\t\t\t\n\t\t\t\t<\/h4>\n\t\t\t\t\t<\/div>\n\n\t\t\t\t\t<div class=\"text\">Strategische Netzwerkplanung ist entscheidend f\u00fcr die Zukunftssicherheit Ihrer Infrastruktur. Wir unterst\u00fctzen Sie bei der Kapazit\u00e4tsplanung, der Technologie-Roadmap und der Entwicklung einer klaren Strategie zur Weiterentwicklung Ihres Netzwerks, um zuk\u00fcnftigen Anforderungen gerecht zu werden.<\/div>\t\t\n\t\t\t\t\t\t\t\t\t<ul class=\"box-icon-list\">\n\t\t\t\t\t<li><i class=\"fas fa-check\"><\/i>Strategische Kapazit\u00e4tsplanung<\/li>\n\t\t\t\t<\/ul>\n\t\t\t\t\t\t\t\t\t\t\t\t<ul class=\"box-icon-list\">\n\t\t\t\t\t<li><i class=\"fas fa-check\"><\/i>Zukunftssichere Infrastruktur<\/li>\n\t\t\t\t<\/ul>\n\t\t\t\t\t\t\t\t\t\t\t\t<ul class=\"box-icon-list\">\n\t\t\t\t\t<li><i class=\"fas fa-check\"><\/i>Detaillierte Roadmap-Entwicklung<\/li>\n\t\t\t\t<\/ul>\n\t\t\t\t\t\n\t\t\t<\/div>\n<\/div>\n<\/div>\n<\/div><\/div><\/div><div id=\"tm-column-inner-69debe8b884bc\" class=\"wpb_column vc_column_container vc_col-sm-4\"><div class=\"vc_column-inner\"><div class=\"wpb_wrapper\"><div class=\"tm-box-icon  style-2 style-align-left tm-animation move-up\" id=\"tm-box-icon-69debe8b887b7\">\n\t\t<div class=\"content-wrap\">\n\n\t\n\t\n\t<div class=\"content\">\n\t\t<div class=\"box-header\">\n\t\t\t\t\t\t\t<h4 class=\"heading\">\n\t\t\t\t\t\n\t\t\t\t\t\tNetzwerkbereitstellung &amp; -optimierung\n\t\t\t\t\t\t\n\t\t\t\t<\/h4>\n\t\t\t\t\t<\/div>\n\n\t\t\t\t\t<div class=\"text\">Effiziente, ma\u00dfgeschneiderte Implementierungen sind unerl\u00e4sslich, damit Ihr Netzwerk vom ersten Tag an optimale Leistung erbringt. Wir managen jede Phase des Rollouts in komplexen Multi-Vendor-Umgebungen, minimieren Ausfallzeiten und maximieren die Verf\u00fcgbarkeit.<\/div>\t\t\n\t\t\t\t\t\t\t\t\t<ul class=\"box-icon-list\">\n\t\t\t\t\t<li><i class=\"fas fa-check\"><\/i>Minimaler Zeit-, Arbeits- und Kostenaufwand<\/li>\n\t\t\t\t<\/ul>\n\t\t\t\t\t\t\t\t\t\t\t\t<ul class=\"box-icon-list\">\n\t\t\t\t\t<li><i class=\"fas fa-check\"><\/i>Kundenspezifische Bereitstellungsl\u00f6sungen<\/li>\n\t\t\t\t<\/ul>\n\t\t\t\t\t\t\t\t\t\t\t\t<ul class=\"box-icon-list\">\n\t\t\t\t\t<li><i class=\"fas fa-check\"><\/i>Leistungsoptimierung nach der Bereitstellung<\/li>\n\t\t\t\t<\/ul>\n\t\t\t\t\t\n\t\t\t<\/div>\n<\/div>\n<\/div>\n<\/div><\/div><\/div><\/div><div id=\"tm-row-inner-69debe8b89600\" class=\"vc_row vc_inner vc_row-fluid col-sp-2\"><div id=\"tm-column-inner-69debe8b899ae\" class=\"wpb_column vc_column_container vc_col-sm-6\"><div class=\"vc_column-inner\"><div class=\"wpb_wrapper\"><div class=\"tm-box-icon  style-2 style-align-left tm-animation move-up\" id=\"tm-box-icon-69debe8b89c84\">\n\t\t<div class=\"content-wrap\">\n\n\t\n\t\n\t<div class=\"content\">\n\t\t<div class=\"box-header\">\n\t\t\t\t\t\t\t<h4 class=\"heading\">\n\t\t\t\t\t\n\t\t\t\t\t\tNetzstilllegung\n\t\t\t\t\t\t\n\t\t\t\t<\/h4>\n\t\t\t\t\t<\/div>\n\n\t\t\t\t\t<div class=\"text\">Sichere und strukturierte Stilllegung von Altanlagen und Infrastrukturen unter vollst\u00e4ndiger Einhaltung aller Vorschriften und mit l\u00fcckenloser Dokumentation.<\/div>\t\t\n\t\t\t\t\t\t\t\t\t<ul class=\"box-icon-list\">\n\t\t\t\t\t<li><i class=\"fas fa-check\"><\/i>Strukturierte Entfernung und Entsorgung<\/li>\n\t\t\t\t<\/ul>\n\t\t\t\t\t\t\t\t\t\t\t\t<ul class=\"box-icon-list\">\n\t\t\t\t\t<li><i class=\"fas fa-check\"><\/i>Datensicherheit und Compliance<\/li>\n\t\t\t\t<\/ul>\n\t\t\t\t\t\t\t\t\t\t\t\t<ul class=\"box-icon-list\">\n\t\t\t\t\t<li><i class=\"fas fa-check\"><\/i>Anlagenr\u00fcckgewinnung und Recycling<\/li>\n\t\t\t\t<\/ul>\n\t\t\t\t\t\n\t\t\t<\/div>\n<\/div>\n<\/div>\n<\/div><\/div><\/div><div id=\"tm-column-inner-69debe8b8a91c\" class=\"wpb_column vc_column_container vc_col-sm-6\"><div class=\"vc_column-inner\"><div class=\"wpb_wrapper\"><div class=\"tm-box-icon  style-2 style-align-left tm-animation move-up\" id=\"tm-box-icon-69debe8b8abf3\">\n\t\t<div class=\"content-wrap\">\n\n\t\n\t\n\t<div class=\"content\">\n\t\t<div class=\"box-header\">\n\t\t\t\t\t\t\t<h4 class=\"heading\">\n\t\t\t\t\t\n\t\t\t\t\t\tNetzwerktransformation\n\t\t\t\t\t\t\n\t\t\t\t<\/h4>\n\t\t\t\t\t<\/div>\n\n\t\t\t\t\t<div class=\"text\">Umfassende Transformationsdienstleistungen zur Modernisierung Ihres Netzwerks, Migration auf neue Plattformen und Zukunftsf\u00e4higkeit Ihrer Infrastruktur.<\/div>\t\t\n\t\t\t\t\t\t\t\t\t<ul class=\"box-icon-list\">\n\t\t\t\t\t<li><i class=\"fas fa-check\"><\/i>Migration von Legacy- zu modernen Plattformen<\/li>\n\t\t\t\t<\/ul>\n\t\t\t\t\t\t\t\t\t\t\t\t<ul class=\"box-icon-list\">\n\t\t\t\t\t<li><i class=\"fas fa-check\"><\/i>Technologische Erneuerung und Modernisierung<\/li>\n\t\t\t\t<\/ul>\n\t\t\t\t\t\t\t\t\t\t\t\t<ul class=\"box-icon-list\">\n\t\t\t\t\t<li><i class=\"fas fa-check\"><\/i>Einf\u00fchrung von Cloud und Virtualisierung<\/li>\n\t\t\t\t<\/ul>\n\t\t\t\t\t\n\t\t\t<\/div>\n<\/div>\n<\/div>\n<\/div><\/div><\/div><\/div><\/div><\/div><\/div><\/div><div class=\"vc_row-full-width vc_clearfix\"><\/div><div id=\"tm-row-69debe8b8b9a4\" class=\"vc_row vc_row-outer vc_row-fluid\"><div id=\"tm-column-69debe8b8bd19\" class=\"wpb_column vc_column_container vc_col-sm-12\"><div class=\"vc_column-inner\"><div class=\"wpb_wrapper\">\n\t<div class=\"wpb_text_column wpb_content_element\" >\n\t\t<div class=\"wpb_wrapper\">\n\t\t\t\n\t\t<\/div>\n\t<\/div>\n<\/div><\/div><\/div><\/div><div id=\"tm-row-69debe8b8c11c\" data-vc-full-width=\"true\" data-vc-full-width-init=\"false\" class=\"vc_row vc_row-outer vc_row-fluid\"><div id=\"tm-column-69debe8b8c86e\" class=\"wpb_column vc_column_container vc_col-sm-12\"><div class=\"vc_column-inner\"><div class=\"wpb_wrapper\"><div id=\"tm-row-inner-69debe8b8cc06\" class=\"vc_row vc_inner vc_row-fluid vc_row-o-equal-height vc_row-flex\"><div id=\"tm-column-inner-69debe8b8cfa0\" class=\"wpb_column vc_column_container vc_col-sm-6\"><div class=\"vc_column-inner\"><div class=\"wpb_wrapper\"><\/div><\/div><\/div><div id=\"tm-column-inner-69debe8b8d65c\" class=\"wpb_column vc_column_container vc_col-sm-6\"><div class=\"vc_column-inner\"><div class=\"wpb_wrapper\">\n\t<div class=\"wpb_text_column wpb_content_element\" >\n\t\t<div class=\"wpb_wrapper\">\n\t\t\t<h3><b>Multi-Vendor-Expertise in jedem Projekt<\/b><\/h3>\n<p>Unsere professionellen Serviceingenieure verf\u00fcgen \u00fcber umfassende praktische Erfahrung mit den f\u00fchrenden Anbietern und Plattformen der Branche. Ob Sie ein neues Netzwerk von Grund auf konzipieren, eine Technologiemigration planen oder in einer komplexen Live-Umgebung implementieren m\u00f6chten \u2013 wir haben das n\u00f6tige Know-how f\u00fcr Sie.<\/p>\n<ul>\n<li>Herstellerunabh\u00e4ngiger Ansatz \u2013 wir empfehlen Ihnen das Richtige.<\/li>\n<li>Ingenieure mit fundierten Plattformkenntnissen aller wichtigen OEMs<\/li>\n<li>Bew\u00e4hrte Leistung in Telekommunikations-, Unternehmens- und Rechenzentrumsumgebungen<\/li>\n<li>Durchg\u00e4ngige Verantwortlichkeit vom Entwurf bis zur Abnahme<\/li>\n<li>Flexible Engagementmodelle \u2013 projektbezogene oder fortlaufende Unterst\u00fctzung<\/li>\n<\/ul>\n\n\t\t<\/div>\n\t<\/div>\n<\/div><\/div><\/div><\/div><\/div><\/div><\/div><\/div><div class=\"vc_row-full-width vc_clearfix\"><\/div><div id=\"tm-row-69debe8b8db50\" class=\"vc_row vc_row-outer vc_row-fluid\"><div id=\"tm-column-69debe8b8dede\" class=\"wpb_column vc_column_container vc_col-sm-12\"><div class=\"vc_column-inner\"><div class=\"wpb_wrapper\">\n\t<div class=\"wpb_text_column wpb_content_element\" >\n\t\t<div class=\"wpb_wrapper\">\n\t\t\t\n\t\t<\/div>\n\t<\/div>\n<\/div><\/div><\/div><\/div><div id=\"tm-row-69debe8b8e2f9\" data-vc-full-width=\"true\" data-vc-full-width-init=\"false\" class=\"vc_row vc_row-outer vc_row-fluid\"><div id=\"tm-column-69debe8b8e6cb\" class=\"wpb_column vc_column_container vc_col-sm-12\"><div class=\"vc_column-inner\"><div class=\"wpb_wrapper\"><div class=\"tm-spacer\" id=\"tm-spacer-69debe8b8e94d\"><\/div>\n\n<div class=\"tm-heading  center tm-animation move-up\" id=\"tm-heading-69debe8b8ea66\">\n\t<h3 class=\"heading\" ><mark>Bereit f\u00fcr Ihr n\u00e4chstes Netzwerkprojekt?<\/mark><\/h3><\/div>\n\n<div class=\"tm-spacer\" id=\"tm-spacer-69debe8b8ef22\"><\/div>\n\n<div class=\"tm-heading  center tm-animation move-up\" id=\"tm-heading-69debe8b8f008\">\n\t<div class=\"heading\" >Unser professionelles Serviceteam unterst\u00fctzt Sie gerne bei der Konzeption, Planung, Implementierung und Absicherung Ihrer Netzwerkinfrastruktur. Nehmen Sie noch heute Kontakt mit uns auf.<\/div><\/div>\n\n<div class=\"tm-spacer\" id=\"tm-spacer-69debe8b8f4bf\"><\/div>\n<div class=\"tm-button-wrapper  tm-animation move-up\" id=\"tm-button-69debe8b8f58a\">\n\t\t<a class=\"tm-button style-flat tm-button-nm tm-button-primary tm-button-\" href=\"https:\/\/willowtechgroup.com\/de\/connect-with-us\/\"\n\t\t\t>\n\n\t\t\n\t\t\t\t\t\t<span class=\"button-text\" data-text=\"Contact Us\">\n\t\t\t\tKontaktieren Sie uns\t\t\t<\/span>\n\t\t\t\n\t\t\n\n\t<\/a>\n<\/div>\n<div class=\"tm-spacer\" id=\"tm-spacer-69debe8b8f5fc\"><\/div>\n<\/div><\/div><\/div><\/div><div class=\"vc_row-full-width vc_clearfix\"><\/div><div id=\"tm-row-69debe8b8f7c2\" class=\"vc_row vc_row-outer vc_row-fluid\"><div id=\"tm-column-69debe8b8fb5c\" class=\"wpb_column vc_column_container vc_col-sm-12\"><div class=\"vc_column-inner\"><div class=\"wpb_wrapper\">\n\t<div class=\"wpb_raw_code wpb_content_element wpb_raw_html\" >\n\t\t<div class=\"wpb_wrapper\">\n\t\t\t<style>\n.wt-vendor-table-wrap {\n  margin-top: 10px;\n  overflow-x: auto;\n  border-radius: 8px;\n}\n.wt-vendor-table {\n  width: 100%;\n  border-collapse: collapse;\n  border: 1px solid #c5d3df;\n  background: #dff0fb;\n  min-width: 720px;\n}\n.wt-vendor-table th,\n.wt-vendor-table td {\n  border: 1px solid #c5d3df;\n  padding: 12px 16px;\n  text-align: left;\n  vertical-align: top;\n}\n.wt-vendor-table th {\n  font-size: 13px;\n  text-transform: none;\n  letter-spacing: 0;\n  color: #0F1F59;\n  background: #f3f7fb;\n  font-weight: 700;\n}\n.wt-vendor-table td {\n  font-size: 14px;\n  color: #0F1F59;\n  line-height: 1.55;\n  font-weight: 600;\n}\n.wt-vendor-table tbody tr:nth-child(even) td {\n  background: rgba(255,255,255,0.22);\n}\n.wt-vendor-table td:first-child {\n  width: 220px;\n  font-weight: 700;\n  color: #0F1F59;\n}\n@media (max-width: 700px) {\n  .wt-vendor-table-wrap {\n    overflow-x: visible;\n  }\n  .wt-vendor-table {\n    min-width: 0;\n    border: 0;\n    background: transparent;\n  }\n  .wt-vendor-table thead {\n    display: none;\n  }\n  .wt-vendor-table tbody tr {\n    display: block;\n    border: 1px solid #c5d3df;\n    border-radius: 8px;\n    background: #dff0fb;\n    margin-bottom: 12px;\n    overflow: hidden;\n  }\n  .wt-vendor-table tbody tr:nth-child(even) td {\n    background: transparent;\n  }\n  .wt-vendor-table td {\n    display: block;\n    border: 0;\n    border-top: 1px solid #c5d3df;\n    padding: 10px 12px;\n    font-size: 13px;\n    width: 100%;\n  }\n  .wt-vendor-table td:first-child {\n    width: 100%;\n    border-top: 0;\n    font-size: 14px;\n    font-weight: 700;\n    background: #f3f7fb;\n  }\n}\n.icon-s img {\n    max-width: 125px;\n}\n#tm-heading-69d9054967282 .heading {\n    max-width: 770px;\n    color: #0F1F59 !important;\n}\n<\/style>\n\t\t<\/div>\n\t<\/div>\n<\/div><\/div><\/div><\/div>\n<\/section>","protected":false},"excerpt":{"rendered":"Professional Services Expert Network Professional Services From initial architecture planning through to live deployment, our professional services teams bring deep multi-vendor expertise to every engagement ensuring your network is designed, planned, deployed and secured to the highest standards. Talk to Our Team What We Offer Four specialist service areas each with its own dedicated team covering the complete network lifecycle from design through to quality assurance and security. Network Design Our engineers provide end-to-end network design services, from architecture planning to tailored solutions. We ensure seamless integration within your existing environment, optimizing performance and scalability. Comprehensive architecture planning Vendor-agnostic solution design Performance and scalability optimisation Network Planning Strategic network planning is crucial for future-proofing your infrastructure. We assist with capacity planning, technology roadmapping, and developing a clear strategy for evolving your network to meet future demands. Strategic capacity planning Future-proofing infrastructure Detailed roadmap development Network Deployment &amp; Optimisation Efficient, tailored deployments are essential to ensuring your network performs at its peak from day one. We manage every phase of rollout across complex multi-vendor environments, minimising disruption and maximising uptime. Minimal time, effort and cost Customised deployment solutions Post-deployment performance tuning Network Decommissioning Safe, structured decommissioning of legacy equipment and infrastructure with full compliance and documentation. Structured removal and disposal Data security and compliance Asset recovery and recycling Network Transformation End-to-end transformation services to modernise your network, migrate to new platforms and future-ready your infrastructure. Legacy to modern platform migration Technology refresh and modernisation Cloud and virtualisation adoption Multi-Vendor Expertise Across Every Engagement Our professional services engineers bring deep, hands-on experience across the industry's leading vendors and platforms. Whether you're designing a new network from scratch, planning a technology migration or deploying in a complex live environment we have the expertise to deliver. Vendor-agnostic approach we recommend what's right for you Engineers with deep platform knowledge across all major OEMs Proven delivery across telecom, enterprise and data centre environments End-to-end accountability from design through to sign-off Flexible engagement models project-based or ongoing support Ready to Start Your Next Network Project? Our professional services team is ready to help you design, plan, deploy and secure your network infrastructure. Get in touch today. Contact Us","protected":false},"author":1,"featured_media":0,"parent":0,"menu_order":0,"comment_status":"closed","ping_status":"closed","template":"","meta":{"content-type":"","footnotes":""},"class_list":["post-5655","page","type-page","status-publish","hentry"],"yoast_head":"<!-- This site is optimized with the Yoast SEO plugin v27.3 - https:\/\/yoast.com\/product\/yoast-seo-wordpress\/ -->\n<title>Network Professional Services - WillowTech Group<\/title>\n<meta name=\"robots\" content=\"index, follow, max-snippet:-1, max-image-preview:large, max-video-preview:-1\" \/>\n<link rel=\"canonical\" href=\"https:\/\/willowtechgroup.com\/de\/network-professional-services\/\" \/>\n<meta property=\"og:locale\" content=\"de_DE\" \/>\n<meta property=\"og:type\" content=\"article\" \/>\n<meta property=\"og:title\" content=\"Network Professional Services - WillowTech Group\" \/>\n<meta property=\"og:url\" content=\"https:\/\/willowtechgroup.com\/de\/network-professional-services\/\" \/>\n<meta property=\"og:site_name\" content=\"WillowTech Group\" \/>\n<meta property=\"article:modified_time\" content=\"2026-04-14T06:56:15+00:00\" \/>\n<meta name=\"twitter:card\" content=\"summary_large_image\" \/>\n<meta name=\"twitter:label1\" content=\"Gesch\u00e4tzte Lesezeit\" \/>\n\t<meta name=\"twitter:data1\" content=\"2\u00a0Minuten\" \/>\n<script type=\"application\/ld+json\" class=\"yoast-schema-graph\">{\"@context\":\"https:\\\/\\\/schema.org\",\"@graph\":[{\"@type\":\"WebPage\",\"@id\":\"https:\\\/\\\/willowtechgroup.com\\\/network-professional-services\\\/\",\"url\":\"https:\\\/\\\/willowtechgroup.com\\\/network-professional-services\\\/\",\"name\":\"Network Professional Services - WillowTech Group\",\"isPartOf\":{\"@id\":\"https:\\\/\\\/willowtechgroup.com\\\/#website\"},\"datePublished\":\"2026-04-10T13:43:16+00:00\",\"dateModified\":\"2026-04-14T06:56:15+00:00\",\"breadcrumb\":{\"@id\":\"https:\\\/\\\/willowtechgroup.com\\\/network-professional-services\\\/#breadcrumb\"},\"inLanguage\":\"de\",\"potentialAction\":[{\"@type\":\"ReadAction\",\"target\":[\"https:\\\/\\\/willowtechgroup.com\\\/network-professional-services\\\/\"]}]},{\"@type\":\"BreadcrumbList\",\"@id\":\"https:\\\/\\\/willowtechgroup.com\\\/network-professional-services\\\/#breadcrumb\",\"itemListElement\":[{\"@type\":\"ListItem\",\"position\":1,\"name\":\"Home\",\"item\":\"https:\\\/\\\/willowtechgroup.com\\\/\"},{\"@type\":\"ListItem\",\"position\":2,\"name\":\"Network Professional Services\"}]},{\"@type\":\"WebSite\",\"@id\":\"https:\\\/\\\/willowtechgroup.com\\\/#website\",\"url\":\"https:\\\/\\\/willowtechgroup.com\\\/\",\"name\":\"WillowTech Group\",\"description\":\"IT Consultation &amp; Services\",\"publisher\":{\"@id\":\"https:\\\/\\\/willowtechgroup.com\\\/#organization\"},\"potentialAction\":[{\"@type\":\"SearchAction\",\"target\":{\"@type\":\"EntryPoint\",\"urlTemplate\":\"https:\\\/\\\/willowtechgroup.com\\\/?s={search_term_string}\"},\"query-input\":{\"@type\":\"PropertyValueSpecification\",\"valueRequired\":true,\"valueName\":\"search_term_string\"}}],\"inLanguage\":\"de\"},{\"@type\":\"Organization\",\"@id\":\"https:\\\/\\\/willowtechgroup.com\\\/#organization\",\"name\":\"WillowTech Group\",\"url\":\"https:\\\/\\\/willowtechgroup.com\\\/\",\"logo\":{\"@type\":\"ImageObject\",\"inLanguage\":\"de\",\"@id\":\"https:\\\/\\\/willowtechgroup.com\\\/#\\\/schema\\\/logo\\\/image\\\/\",\"url\":\"https:\\\/\\\/willowtechgroup.com\\\/wp-content\\\/uploads\\\/2018\\\/10\\\/Logo-290X70-3.svg\",\"contentUrl\":\"https:\\\/\\\/willowtechgroup.com\\\/wp-content\\\/uploads\\\/2018\\\/10\\\/Logo-290X70-3.svg\",\"width\":\"1024\",\"height\":\"1024\",\"caption\":\"WillowTech Group\"},\"image\":{\"@id\":\"https:\\\/\\\/willowtechgroup.com\\\/#\\\/schema\\\/logo\\\/image\\\/\"}}]}<\/script>\n<!-- \/ Yoast SEO plugin. -->","yoast_head_json":{"title":"Network Professional Services - WillowTech Group","robots":{"index":"index","follow":"follow","max-snippet":"max-snippet:-1","max-image-preview":"max-image-preview:large","max-video-preview":"max-video-preview:-1"},"canonical":"https:\/\/willowtechgroup.com\/de\/network-professional-services\/","og_locale":"de_DE","og_type":"article","og_title":"Network Professional Services - WillowTech Group","og_url":"https:\/\/willowtechgroup.com\/de\/network-professional-services\/","og_site_name":"WillowTech Group","article_modified_time":"2026-04-14T06:56:15+00:00","twitter_card":"summary_large_image","twitter_misc":{"Gesch\u00e4tzte Lesezeit":"2\u00a0Minuten"},"schema":{"@context":"https:\/\/schema.org","@graph":[{"@type":"WebPage","@id":"https:\/\/willowtechgroup.com\/network-professional-services\/","url":"https:\/\/willowtechgroup.com\/network-professional-services\/","name":"Network Professional Services - WillowTech Group","isPartOf":{"@id":"https:\/\/willowtechgroup.com\/#website"},"datePublished":"2026-04-10T13:43:16+00:00","dateModified":"2026-04-14T06:56:15+00:00","breadcrumb":{"@id":"https:\/\/willowtechgroup.com\/network-professional-services\/#breadcrumb"},"inLanguage":"de","potentialAction":[{"@type":"ReadAction","target":["https:\/\/willowtechgroup.com\/network-professional-services\/"]}]},{"@type":"BreadcrumbList","@id":"https:\/\/willowtechgroup.com\/network-professional-services\/#breadcrumb","itemListElement":[{"@type":"ListItem","position":1,"name":"Home","item":"https:\/\/willowtechgroup.com\/"},{"@type":"ListItem","position":2,"name":"Network Professional Services"}]},{"@type":"WebSite","@id":"https:\/\/willowtechgroup.com\/#website","url":"https:\/\/willowtechgroup.com\/","name":"WillowTech-Gruppe","description":"IT-Beratung &amp; Services","publisher":{"@id":"https:\/\/willowtechgroup.com\/#organization"},"potentialAction":[{"@type":"SearchAction","target":{"@type":"EntryPoint","urlTemplate":"https:\/\/willowtechgroup.com\/?s={search_term_string}"},"query-input":{"@type":"PropertyValueSpecification","valueRequired":true,"valueName":"search_term_string"}}],"inLanguage":"de"},{"@type":"Organization","@id":"https:\/\/willowtechgroup.com\/#organization","name":"WillowTech-Gruppe","url":"https:\/\/willowtechgroup.com\/","logo":{"@type":"ImageObject","inLanguage":"de","@id":"https:\/\/willowtechgroup.com\/#\/schema\/logo\/image\/","url":"https:\/\/willowtechgroup.com\/wp-content\/uploads\/2018\/10\/Logo-290X70-3.svg","contentUrl":"https:\/\/willowtechgroup.com\/wp-content\/uploads\/2018\/10\/Logo-290X70-3.svg","width":"1024","height":"1024","caption":"WillowTech Group"},"image":{"@id":"https:\/\/willowtechgroup.com\/#\/schema\/logo\/image\/"}}]}},"_links":{"self":[{"href":"https:\/\/willowtechgroup.com\/de\/wp-json\/wp\/v2\/pages\/5655","targetHints":{"allow":["GET"]}}],"collection":[{"href":"https:\/\/willowtechgroup.com\/de\/wp-json\/wp\/v2\/pages"}],"about":[{"href":"https:\/\/willowtechgroup.com\/de\/wp-json\/wp\/v2\/types\/page"}],"author":[{"embeddable":true,"href":"https:\/\/willowtechgroup.com\/de\/wp-json\/wp\/v2\/users\/1"}],"replies":[{"embeddable":true,"href":"https:\/\/willowtechgroup.com\/de\/wp-json\/wp\/v2\/comments?post=5655"}],"version-history":[{"count":13,"href":"https:\/\/willowtechgroup.com\/de\/wp-json\/wp\/v2\/pages\/5655\/revisions"}],"predecessor-version":[{"id":5684,"href":"https:\/\/willowtechgroup.com\/de\/wp-json\/wp\/v2\/pages\/5655\/revisions\/5684"}],"wp:attachment":[{"href":"https:\/\/willowtechgroup.com\/de\/wp-json\/wp\/v2\/media?parent=5655"}],"curies":[{"name":"wp","href":"https:\/\/api.w.org\/{rel}","templated":true}]}}