{"id":5709,"date":"2026-04-14T10:58:51","date_gmt":"2026-04-14T09:58:51","guid":{"rendered":"https:\/\/willowtechgroup.com\/?page_id=5709"},"modified":"2026-04-20T09:53:46","modified_gmt":"2026-04-20T08:53:46","slug":"network-planning","status":"publish","type":"page","link":"https:\/\/willowtechgroup.com\/de\/network-professional-services\/network-planning\/","title":{"rendered":"Netzwerkplanung"},"content":{"rendered":"<section class=\"wpb-content-wrapper\"><div id=\"tm-row-69f9f231837c1\" data-vc-full-width=\"true\" data-vc-full-width-init=\"false\" class=\"vc_row vc_row-outer vc_row-fluid\"><div id=\"tm-column-69f9f23183b7a\" class=\"wpb_column vc_column_container vc_col-sm-12\"><div class=\"vc_column-inner\"><div class=\"wpb_wrapper\"><div class=\"tm-spacer\" id=\"tm-spacer-69f9f23183d5c\"><\/div>\n\n<div class=\"tm-heading vc_custom_1776150274304  center tm-animation move-up\" id=\"tm-heading-69f9f23183e2b\">\n\t<div class=\"heading\" >Netzwerk-Profidienstleistungen<\/div><\/div>\n\n\n<div class=\"tm-heading  center tm-animation move-up\" id=\"tm-heading-69f9f23184136\">\n\t<h3 class=\"heading\" >Netzwerkplanung<\/h3><\/div>\n\n<div class=\"tm-spacer\" id=\"tm-spacer-69f9f231843ae\"><\/div>\n\n<div class=\"tm-heading  center tm-animation move-up\" id=\"tm-heading-69f9f2318443a\">\n\t<div class=\"heading\" >Strategische Netzwerkplanung ist entscheidend f\u00fcr die Zukunftssicherheit Ihrer Infrastruktur. Wir unterst\u00fctzen Sie bei der Kapazit\u00e4tsplanung, der Technologie-Roadmap und der Entwicklung einer klaren Strategie zur Weiterentwicklung Ihres Netzwerks, um zuk\u00fcnftigen Anforderungen gerecht zu werden.<\/div><\/div>\n\n<div class=\"tm-spacer\" id=\"tm-spacer-69f9f231846d6\"><\/div>\n<div class=\"tm-button-wrapper  tm-animation move-up\" id=\"tm-button-69f9f2318474f\">\n\t\t<a class=\"tm-button style-flat tm-button-nm tm-button-primary tm-button-\" href=\"https:\/\/willowtechgroup.com\/de\/connect-with-us\/\"\n\t\t\t>\n\n\t\t\n\t\t\t\t\t\t<span class=\"button-text\" data-text=\"Talk to Our Team\">\n\t\t\t\tSprechen Sie mit unserem Team\t\t\t<\/span>\n\t\t\t\n\t\t\n\n\t<\/a>\n<\/div>\n<div class=\"tm-spacer\" id=\"tm-spacer-69f9f23184799\"><\/div>\n<\/div><\/div><\/div><\/div><div class=\"vc_row-full-width vc_clearfix\"><\/div><div id=\"tm-row-69f9f231848b3\" data-vc-full-width=\"true\" data-vc-full-width-init=\"false\" class=\"vc_row vc_row-outer vc_row-fluid\"><div id=\"tm-column-69f9f23184b60\" class=\"wpb_column vc_column_container vc_col-sm-12\"><div class=\"vc_column-inner\"><div class=\"wpb_wrapper\"><div id=\"tm-row-inner-69f9f23184def\" class=\"vc_row vc_inner vc_row-fluid\"><div id=\"tm-column-inner-69f9f23185012\" class=\"wpb_column vc_column_container vc_col-sm-12\"><div class=\"vc_column-inner\"><div class=\"wpb_wrapper\">\n<div class=\"tm-heading  center tm-animation move-up\" id=\"tm-heading-69f9f231851db\">\n\t<h2 class=\"heading\" ><mark>Was wir liefern<\/mark><\/h2><\/div>\n\n<div class=\"tm-spacer\" id=\"tm-spacer-69f9f2318547a\"><\/div>\n<\/div><\/div><\/div><\/div><\/div><\/div><\/div><\/div><div class=\"vc_row-full-width vc_clearfix\"><\/div><div id=\"tm-row-69f9f2318561c\" data-vc-full-width=\"true\" data-vc-full-width-init=\"false\" class=\"vc_row vc_row-outer vc_row-fluid\"><div id=\"tm-column-69f9f23185bc2\" class=\"wpb_column vc_column_container vc_col-sm-12\"><div class=\"vc_column-inner\"><div class=\"wpb_wrapper\"><div id=\"tm-row-inner-69f9f23185e1e\" class=\"vc_row vc_inner vc_row-fluid vc_row-o-equal-height vc_row-flex\"><div id=\"tm-column-inner-69f9f23186085\" class=\"wpb_column vc_column_container vc_col-sm-6\"><div class=\"vc_column-inner\"><div class=\"wpb_wrapper\"><div class=\"tm-spacer\" id=\"tm-spacer-69f9f2318649d\"><\/div>\n<\/div><\/div><\/div><div id=\"tm-column-inner-69f9f23186583\" class=\"wpb_column vc_column_container vc_col-sm-6\"><div class=\"vc_column-inner\"><div class=\"wpb_wrapper\">\n\t<div class=\"wpb_text_column wpb_content_element\" >\n\t\t<div class=\"wpb_wrapper\">\n\t\t\t<h3><b>Strategische Kapazit\u00e4tsplanung und Roadmap-Erstellung<\/b><\/h3>\n<p>Ohne einen klaren Plan werden Netzwerke reaktiv und notd\u00fcrftig zusammengeflickt, anstatt gezielt aufgebaut zu werden. Der Netzwerkplanungsservice von WillowTech bietet Ihnen eine strukturierte, strategische Sichtweise darauf, wohin Ihr Netzwerk entwickelt werden muss und wie Sie dieses Ziel erreichen.<\/p>\n<ul>\n<li>Strategische Kapazit\u00e4tsplanung im Einklang mit dem Unternehmenswachstum<\/li>\n<li>Technologie-Roadmap-Entwicklung f\u00fcr kurz-, mittel- und langfristige Zeitr\u00e4ume<\/li>\n<li>Infrastruktur zukunftssicher gestalten, um den sich wandelnden Anforderungen gerecht zu werden<\/li>\n<li>Bewertung und Rationalisierung der Multi-Vendor-Umgebung<\/li>\n<li>Lebenszyklusplanung und \u00dcbergangsstrategien f\u00fcr das Ende der Lebensdauer\/das Ende des Betriebs (EOL\/EOS)<\/li>\n<li>Investitionspriorisierung und Planung der stufenweisen Umsetzung<\/li>\n<\/ul>\n\n\t\t<\/div>\n\t<\/div>\n<\/div><\/div><\/div><\/div><\/div><\/div><\/div><\/div><div class=\"vc_row-full-width vc_clearfix\"><\/div><div id=\"tm-row-69f9f2318687b\" data-vc-full-width=\"true\" data-vc-full-width-init=\"false\" class=\"vc_row vc_row-outer vc_row-fluid\"><div id=\"tm-column-69f9f23186a8e\" class=\"wpb_column vc_column_container vc_col-sm-12\"><div class=\"vc_column-inner\"><div class=\"wpb_wrapper\"><div id=\"tm-row-inner-69f9f23186c6f\" class=\"vc_row vc_inner vc_row-fluid\"><div id=\"tm-column-inner-69f9f23186e4e\" class=\"wpb_column vc_column_container vc_col-sm-12\"><div class=\"vc_column-inner\"><div class=\"wpb_wrapper\">\n<div class=\"tm-heading  center tm-animation move-up\" id=\"tm-heading-69f9f23187011\">\n\t<h2 class=\"heading\" ><mark>Was Sie erhalten<\/mark><\/h2><\/div>\n\n\n<div class=\"tm-heading  center tm-animation move-up\" id=\"tm-heading-69f9f23187309\">\n\t<div class=\"heading\" >Ein klarer, umsetzbarer Netzwerkplan, auf dessen Grundlage Ihre Teams mit Zuversicht in die Zukunft arbeiten k\u00f6nnen.<\/div><\/div>\n\n<div class=\"tm-spacer\" id=\"tm-spacer-69f9f23187593\"><\/div>\n<\/div><\/div><\/div><\/div><div id=\"tm-row-inner-69f9f23187661\" class=\"vc_row vc_inner vc_row-fluid col-sp-2\"><div id=\"tm-column-inner-69f9f2318783e\" class=\"wpb_column vc_column_container vc_col-sm-4\"><div class=\"vc_column-inner\"><div class=\"wpb_wrapper\"><div class=\"tm-box-icon  style-2 style-align-center tm-animation move-up\" id=\"tm-box-icon-69f9f231879ef\">\n\t\t<div class=\"content-wrap\">\n\n\t\t\t<div class=\"image\">\n\t\t\t<img decoding=\"async\" src=\"https:\/\/willowtechgroup.com\/wp-content\/uploads\/2018\/10\/Technology-Roadmap.svg\" alt=\"Technology Roadmap\" \/>\t\t<\/div>\n\t\n\t\n\t<div class=\"content\">\n\t\t<div class=\"box-header\">\n\t\t\t\t\t\t\t<h4 class=\"heading\">\n\t\t\t\t\t\n\t\t\t\t\t\tTechnologie-Roadmap\n\t\t\t\t\t\t\n\t\t\t\t<\/h4>\n\t\t\t\t\t<\/div>\n\n\t\t\t\t\t<div class=\"text\">Ein gestaffelter Fahrplan, der die Netzwerkentwicklung mit Ihren Gesch\u00e4ftszielen und Budgetzyklen in Einklang bringt.<\/div>\t\t\n\t\t\t\t\t\t\t\n\t\t\t<\/div>\n<\/div>\n<\/div>\n<\/div><\/div><\/div><div id=\"tm-column-inner-69f9f23188936\" class=\"wpb_column vc_column_container vc_col-sm-4\"><div class=\"vc_column-inner\"><div class=\"wpb_wrapper\"><div class=\"tm-box-icon  style-2 style-align-center tm-animation move-up\" id=\"tm-box-icon-69f9f23188adb\">\n\t\t<div class=\"content-wrap\">\n\n\t\t\t<div class=\"image\">\n\t\t\t<img decoding=\"async\" src=\"https:\/\/willowtechgroup.com\/wp-content\/uploads\/2018\/10\/Capacity-Analysis.svg\" alt=\"Capacity Analysis\" \/>\t\t<\/div>\n\t\n\t\n\t<div class=\"content\">\n\t\t<div class=\"box-header\">\n\t\t\t\t\t\t\t<h4 class=\"heading\">\n\t\t\t\t\t\n\t\t\t\t\t\tKapazit\u00e4tsanalyse\n\t\t\t\t\t\t\n\t\t\t\t<\/h4>\n\t\t\t\t\t<\/div>\n\n\t\t\t\t\t<div class=\"text\">Detaillierte Analyse von Kapazit\u00e4t, Nachfrage und L\u00fccken mit klaren Handlungsempfehlungen.<\/div>\t\t\n\t\t\t\t\t\t\t\n\t\t\t<\/div>\n<\/div>\n<\/div>\n<\/div><\/div><\/div><div id=\"tm-column-inner-69f9f23189999\" class=\"wpb_column vc_column_container vc_col-sm-4\"><div class=\"vc_column-inner\"><div class=\"wpb_wrapper\"><div class=\"tm-box-icon  style-2 style-align-center tm-animation move-up\" id=\"tm-box-icon-69f9f23189b37\">\n\t\t<div class=\"content-wrap\">\n\n\t\t\t<div class=\"image\">\n\t\t\t<img decoding=\"async\" src=\"https:\/\/willowtechgroup.com\/wp-content\/uploads\/2018\/10\/Lifecycle-Strategy.svg\" alt=\"Lifecycle Strategy\" \/>\t\t<\/div>\n\t\n\t\n\t<div class=\"content\">\n\t\t<div class=\"box-header\">\n\t\t\t\t\t\t\t<h4 class=\"heading\">\n\t\t\t\t\t\n\t\t\t\t\t\tLebenszyklusstrategie\n\t\t\t\t\t\t\n\t\t\t\t<\/h4>\n\t\t\t\t\t<\/div>\n\n\t\t\t\t\t<div class=\"text\">Ein proaktiver Plan zur Bew\u00e4ltigung des Lebenszyklusendes (EOL\/EOS) und zum \u00dcbergang zu modernen Plattformen.<\/div>\t\t\n\t\t\t\t\t\t\t\n\t\t\t<\/div>\n<\/div>\n<\/div>\n<\/div><\/div><\/div><\/div><\/div><\/div><\/div><\/div><div class=\"vc_row-full-width vc_clearfix\"><\/div><div id=\"tm-row-69f9f2318aaa0\" data-vc-full-width=\"true\" data-vc-full-width-init=\"false\" class=\"vc_row vc_row-outer vc_row-fluid\"><div id=\"tm-column-69f9f2318acb0\" class=\"wpb_column vc_column_container vc_col-sm-12\"><div class=\"vc_column-inner\"><div class=\"wpb_wrapper\"><div class=\"tm-spacer\" id=\"tm-spacer-69f9f2318ae0a\"><\/div>\n\n<div class=\"tm-heading  center tm-animation move-up\" id=\"tm-heading-69f9f2318aeb1\">\n\t<h3 class=\"heading\" ><mark>Sind Sie bereit, die Zukunft Ihres Netzwerks zu planen?<\/mark><\/h3><\/div>\n\n<div class=\"tm-spacer\" id=\"tm-spacer-69f9f2318b136\"><\/div>\n\n<div class=\"tm-heading  center tm-animation move-up\" id=\"tm-heading-69f9f2318b1c5\">\n\t<div class=\"heading\" >Sprechen Sie mit unseren Planungsspezialisten \u00fcber Ihren Kapazit\u00e4tsbedarf und Ihre Technologiestrategie.<\/div><\/div>\n\n<div class=\"tm-spacer\" id=\"tm-spacer-69f9f2318b464\"><\/div>\n<div class=\"tm-button-wrapper  tm-animation move-up\" id=\"tm-button-69f9f2318b4d0\">\n\t\t<a class=\"tm-button style-flat tm-button-nm tm-button-primary tm-button-\" href=\"https:\/\/willowtechgroup.com\/de\/connect-with-us\/\"\n\t\t\t>\n\n\t\t\n\t\t\t\t\t\t<span class=\"button-text\" data-text=\"Contact Us\">\n\t\t\t\tKontaktieren Sie uns\t\t\t<\/span>\n\t\t\t\n\t\t\n\n\t<\/a>\n<\/div>\n<div class=\"tm-spacer\" id=\"tm-spacer-69f9f2318b516\"><\/div>\n<\/div><\/div><\/div><\/div><div class=\"vc_row-full-width vc_clearfix\"><\/div><div id=\"tm-row-69f9f2318b612\" class=\"vc_row vc_row-outer vc_row-fluid\"><div id=\"tm-column-69f9f2318b89f\" class=\"wpb_column vc_column_container vc_col-sm-12\"><div class=\"vc_column-inner\"><div class=\"wpb_wrapper\">\n\t<div class=\"wpb_raw_code wpb_content_element wpb_raw_html\" >\n\t\t<div class=\"wpb_wrapper\">\n\t\t\t<style>\n.wt-vendor-table-wrap {\n  margin-top: 10px;\n  overflow-x: auto;\n  border-radius: 8px;\n}\n.wt-vendor-table {\n  width: 100%;\n  border-collapse: collapse;\n  border: 1px solid #c5d3df;\n  background: #dff0fb;\n  min-width: 720px;\n}\n.wt-vendor-table th,\n.wt-vendor-table td {\n  border: 1px solid #c5d3df;\n  padding: 12px 16px;\n  text-align: left;\n  vertical-align: top;\n}\n.wt-vendor-table th {\n  font-size: 13px;\n  text-transform: none;\n  letter-spacing: 0;\n  color: #0F1F59;\n  background: #f3f7fb;\n  font-weight: 700;\n}\n.wt-vendor-table td {\n  font-size: 14px;\n  color: #0F1F59;\n  line-height: 1.55;\n  font-weight: 600;\n}\n.wt-vendor-table tbody tr:nth-child(even) td {\n  background: rgba(255,255,255,0.22);\n}\n.wt-vendor-table td:first-child {\n  width: 220px;\n  font-weight: 700;\n  color: #0F1F59;\n}\n@media (max-width: 700px) {\n  .wt-vendor-table-wrap {\n    overflow-x: visible;\n  }\n  .wt-vendor-table {\n    min-width: 0;\n    border: 0;\n    background: transparent;\n  }\n  .wt-vendor-table thead {\n    display: none;\n  }\n  .wt-vendor-table tbody tr {\n    display: block;\n    border: 1px solid #c5d3df;\n    border-radius: 8px;\n    background: #dff0fb;\n    margin-bottom: 12px;\n    overflow: hidden;\n  }\n  .wt-vendor-table tbody tr:nth-child(even) td {\n    background: transparent;\n  }\n  .wt-vendor-table td {\n    display: block;\n    border: 0;\n    border-top: 1px solid #c5d3df;\n    padding: 10px 12px;\n    font-size: 13px;\n    width: 100%;\n  }\n  .wt-vendor-table td:first-child {\n    width: 100%;\n    border-top: 0;\n    font-size: 14px;\n    font-weight: 700;\n    background: #f3f7fb;\n  }\n}\n.icon-s img {\n    max-width: 125px;\n}\n#tm-heading-69d9054967282 .heading {\n    max-width: 770px;\n    color: #0F1F59 !important;\n}\n.col-sp-2 img {\n    width: 75px;\n}\n<\/style>\n\t\t<\/div>\n\t<\/div>\n<\/div><\/div><\/div><\/div>\n<\/section>","protected":false},"excerpt":{"rendered":"Network Professional Services Network Planning Strategic network planning is crucial for future-proofing your infrastructure. We assist with capacity planning, technology roadmapping, and developing a clear strategy for evolving your network to meet future demands. Talk to Our Team What we deliver Strategic Capacity Planning &amp; Roadmapping Without a clear plan, networks become reactive patched together rather than purposefully built. WillowTech's network planning service gives you a structured, strategic view of where your network needs to go and exactly how to get there. Strategic capacity planning aligned to business growth Technology roadmap development across short, medium and long term Future-proofing infrastructure against evolving demands Multi-vendor environment assessment and rationalisation EOL\/EOS lifecycle planning and transition strategies Investment prioritisation and phased delivery planning What You Get A clear, actionable network plan your teams can work from with confidence in what comes next. Technology Roadmap A phased roadmap that aligns network evolution with your business objectives and budget cycles. Capacity Analysis Detailed analysis of capacity, demand and gaps with clear recommendations. Lifecycle Strategy A proactive plan to manage EOL\/EOS and transition to modern platforms. Ready to Plan Your Network's Future? Talk to our planning specialists about your capacity requirements and technology roadmap. Contact Us","protected":false},"author":1,"featured_media":0,"parent":5655,"menu_order":0,"comment_status":"closed","ping_status":"closed","template":"","meta":{"content-type":"","footnotes":""},"class_list":["post-5709","page","type-page","status-publish","hentry"],"yoast_head":"<!-- This site is optimized with the Yoast SEO plugin v27.4 - https:\/\/yoast.com\/product\/yoast-seo-wordpress\/ -->\n<title>Network Planning - WillowTech Group<\/title>\n<meta name=\"robots\" content=\"index, follow, max-snippet:-1, max-image-preview:large, max-video-preview:-1\" \/>\n<link rel=\"canonical\" href=\"https:\/\/willowtechgroup.com\/de\/network-professional-services\/network-planning\/\" \/>\n<meta property=\"og:locale\" content=\"de_DE\" \/>\n<meta property=\"og:type\" content=\"article\" \/>\n<meta property=\"og:title\" content=\"Network Planning - WillowTech Group\" \/>\n<meta property=\"og:url\" content=\"https:\/\/willowtechgroup.com\/de\/network-professional-services\/network-planning\/\" \/>\n<meta property=\"og:site_name\" content=\"WillowTech Group\" \/>\n<meta property=\"article:modified_time\" content=\"2026-04-20T08:53:46+00:00\" \/>\n<meta name=\"twitter:card\" content=\"summary_large_image\" \/>\n<meta name=\"twitter:label1\" content=\"Gesch\u00e4tzte Lesezeit\" \/>\n\t<meta name=\"twitter:data1\" content=\"4\u00a0Minuten\" \/>\n<script type=\"application\/ld+json\" class=\"yoast-schema-graph\">{\"@context\":\"https:\\\/\\\/schema.org\",\"@graph\":[{\"@type\":\"WebPage\",\"@id\":\"https:\\\/\\\/willowtechgroup.com\\\/network-professional-services\\\/network-planning\\\/\",\"url\":\"https:\\\/\\\/willowtechgroup.com\\\/network-professional-services\\\/network-planning\\\/\",\"name\":\"Network Planning - WillowTech Group\",\"isPartOf\":{\"@id\":\"https:\\\/\\\/willowtechgroup.com\\\/#website\"},\"datePublished\":\"2026-04-14T09:58:51+00:00\",\"dateModified\":\"2026-04-20T08:53:46+00:00\",\"breadcrumb\":{\"@id\":\"https:\\\/\\\/willowtechgroup.com\\\/network-professional-services\\\/network-planning\\\/#breadcrumb\"},\"inLanguage\":\"de\",\"potentialAction\":[{\"@type\":\"ReadAction\",\"target\":[\"https:\\\/\\\/willowtechgroup.com\\\/network-professional-services\\\/network-planning\\\/\"]}]},{\"@type\":\"BreadcrumbList\",\"@id\":\"https:\\\/\\\/willowtechgroup.com\\\/network-professional-services\\\/network-planning\\\/#breadcrumb\",\"itemListElement\":[{\"@type\":\"ListItem\",\"position\":1,\"name\":\"Home\",\"item\":\"https:\\\/\\\/willowtechgroup.com\\\/\"},{\"@type\":\"ListItem\",\"position\":2,\"name\":\"Network Professional Services\",\"item\":\"https:\\\/\\\/willowtechgroup.com\\\/network-professional-services\\\/\"},{\"@type\":\"ListItem\",\"position\":3,\"name\":\"Network Planning\"}]},{\"@type\":\"WebSite\",\"@id\":\"https:\\\/\\\/willowtechgroup.com\\\/#website\",\"url\":\"https:\\\/\\\/willowtechgroup.com\\\/\",\"name\":\"WillowTech Group\",\"description\":\"IT Consultation &amp; Services\",\"publisher\":{\"@id\":\"https:\\\/\\\/willowtechgroup.com\\\/#organization\"},\"potentialAction\":[{\"@type\":\"SearchAction\",\"target\":{\"@type\":\"EntryPoint\",\"urlTemplate\":\"https:\\\/\\\/willowtechgroup.com\\\/?s={search_term_string}\"},\"query-input\":{\"@type\":\"PropertyValueSpecification\",\"valueRequired\":true,\"valueName\":\"search_term_string\"}}],\"inLanguage\":\"de\"},{\"@type\":\"Organization\",\"@id\":\"https:\\\/\\\/willowtechgroup.com\\\/#organization\",\"name\":\"WillowTech Group\",\"url\":\"https:\\\/\\\/willowtechgroup.com\\\/\",\"logo\":{\"@type\":\"ImageObject\",\"inLanguage\":\"de\",\"@id\":\"https:\\\/\\\/willowtechgroup.com\\\/#\\\/schema\\\/logo\\\/image\\\/\",\"url\":\"https:\\\/\\\/willowtechgroup.com\\\/wp-content\\\/uploads\\\/2018\\\/10\\\/Logo-290X70-3.svg\",\"contentUrl\":\"https:\\\/\\\/willowtechgroup.com\\\/wp-content\\\/uploads\\\/2018\\\/10\\\/Logo-290X70-3.svg\",\"width\":\"1024\",\"height\":\"1024\",\"caption\":\"WillowTech Group\"},\"image\":{\"@id\":\"https:\\\/\\\/willowtechgroup.com\\\/#\\\/schema\\\/logo\\\/image\\\/\"}}]}<\/script>\n<!-- \/ Yoast SEO plugin. -->","yoast_head_json":{"title":"Network Planning - WillowTech Group","robots":{"index":"index","follow":"follow","max-snippet":"max-snippet:-1","max-image-preview":"max-image-preview:large","max-video-preview":"max-video-preview:-1"},"canonical":"https:\/\/willowtechgroup.com\/de\/network-professional-services\/network-planning\/","og_locale":"de_DE","og_type":"article","og_title":"Network Planning - WillowTech Group","og_url":"https:\/\/willowtechgroup.com\/de\/network-professional-services\/network-planning\/","og_site_name":"WillowTech Group","article_modified_time":"2026-04-20T08:53:46+00:00","twitter_card":"summary_large_image","twitter_misc":{"Gesch\u00e4tzte Lesezeit":"4\u00a0Minuten"},"schema":{"@context":"https:\/\/schema.org","@graph":[{"@type":"WebPage","@id":"https:\/\/willowtechgroup.com\/network-professional-services\/network-planning\/","url":"https:\/\/willowtechgroup.com\/network-professional-services\/network-planning\/","name":"Network Planning - WillowTech Group","isPartOf":{"@id":"https:\/\/willowtechgroup.com\/#website"},"datePublished":"2026-04-14T09:58:51+00:00","dateModified":"2026-04-20T08:53:46+00:00","breadcrumb":{"@id":"https:\/\/willowtechgroup.com\/network-professional-services\/network-planning\/#breadcrumb"},"inLanguage":"de","potentialAction":[{"@type":"ReadAction","target":["https:\/\/willowtechgroup.com\/network-professional-services\/network-planning\/"]}]},{"@type":"BreadcrumbList","@id":"https:\/\/willowtechgroup.com\/network-professional-services\/network-planning\/#breadcrumb","itemListElement":[{"@type":"ListItem","position":1,"name":"Home","item":"https:\/\/willowtechgroup.com\/"},{"@type":"ListItem","position":2,"name":"Network Professional Services","item":"https:\/\/willowtechgroup.com\/network-professional-services\/"},{"@type":"ListItem","position":3,"name":"Network Planning"}]},{"@type":"WebSite","@id":"https:\/\/willowtechgroup.com\/#website","url":"https:\/\/willowtechgroup.com\/","name":"WillowTech-Gruppe","description":"IT-Beratung &amp; Services","publisher":{"@id":"https:\/\/willowtechgroup.com\/#organization"},"potentialAction":[{"@type":"SearchAction","target":{"@type":"EntryPoint","urlTemplate":"https:\/\/willowtechgroup.com\/?s={search_term_string}"},"query-input":{"@type":"PropertyValueSpecification","valueRequired":true,"valueName":"search_term_string"}}],"inLanguage":"de"},{"@type":"Organization","@id":"https:\/\/willowtechgroup.com\/#organization","name":"WillowTech-Gruppe","url":"https:\/\/willowtechgroup.com\/","logo":{"@type":"ImageObject","inLanguage":"de","@id":"https:\/\/willowtechgroup.com\/#\/schema\/logo\/image\/","url":"https:\/\/willowtechgroup.com\/wp-content\/uploads\/2018\/10\/Logo-290X70-3.svg","contentUrl":"https:\/\/willowtechgroup.com\/wp-content\/uploads\/2018\/10\/Logo-290X70-3.svg","width":"1024","height":"1024","caption":"WillowTech Group"},"image":{"@id":"https:\/\/willowtechgroup.com\/#\/schema\/logo\/image\/"}}]}},"_links":{"self":[{"href":"https:\/\/willowtechgroup.com\/de\/wp-json\/wp\/v2\/pages\/5709","targetHints":{"allow":["GET"]}}],"collection":[{"href":"https:\/\/willowtechgroup.com\/de\/wp-json\/wp\/v2\/pages"}],"about":[{"href":"https:\/\/willowtechgroup.com\/de\/wp-json\/wp\/v2\/types\/page"}],"author":[{"embeddable":true,"href":"https:\/\/willowtechgroup.com\/de\/wp-json\/wp\/v2\/users\/1"}],"replies":[{"embeddable":true,"href":"https:\/\/willowtechgroup.com\/de\/wp-json\/wp\/v2\/comments?post=5709"}],"version-history":[{"count":10,"href":"https:\/\/willowtechgroup.com\/de\/wp-json\/wp\/v2\/pages\/5709\/revisions"}],"predecessor-version":[{"id":5836,"href":"https:\/\/willowtechgroup.com\/de\/wp-json\/wp\/v2\/pages\/5709\/revisions\/5836"}],"up":[{"embeddable":true,"href":"https:\/\/willowtechgroup.com\/de\/wp-json\/wp\/v2\/pages\/5655"}],"wp:attachment":[{"href":"https:\/\/willowtechgroup.com\/de\/wp-json\/wp\/v2\/media?parent=5709"}],"curies":[{"name":"wp","href":"https:\/\/api.w.org\/{rel}","templated":true}]}}