{"id":5718,"date":"2026-04-14T11:22:08","date_gmt":"2026-04-14T10:22:08","guid":{"rendered":"https:\/\/willowtechgroup.com\/?page_id=5718"},"modified":"2026-04-20T09:53:18","modified_gmt":"2026-04-20T08:53:18","slug":"network-deployment-optimisation","status":"publish","type":"page","link":"https:\/\/willowtechgroup.com\/de\/network-professional-services\/network-deployment-optimisation\/","title":{"rendered":"Netzwerkbereitstellung &amp; -optimierung"},"content":{"rendered":"<section class=\"wpb-content-wrapper\"><div id=\"tm-row-69f9f240a04ec\" data-vc-full-width=\"true\" data-vc-full-width-init=\"false\" class=\"vc_row vc_row-outer vc_row-fluid\"><div id=\"tm-column-69f9f240a0896\" class=\"wpb_column vc_column_container vc_col-sm-12\"><div class=\"vc_column-inner\"><div class=\"wpb_wrapper\"><div class=\"tm-spacer\" id=\"tm-spacer-69f9f240a0ab4\"><\/div>\n\n<div class=\"tm-heading vc_custom_1776175206156  center tm-animation move-up\" id=\"tm-heading-69f9f240a0b84\">\n\t<div class=\"heading\" ><mark>Netzwerk-Profidienstleistungen<\/mark><\/div><\/div>\n\n\n<div class=\"tm-heading  center tm-animation move-up\" id=\"tm-heading-69f9f240a0ea2\">\n\t<h3 class=\"heading\" >Netzwerkbereitstellung &amp; -optimierung<\/h3><\/div>\n\n<div class=\"tm-spacer\" id=\"tm-spacer-69f9f240a1152\"><\/div>\n\n<div class=\"tm-heading  center tm-animation move-up\" id=\"tm-heading-69f9f240a11e0\">\n\t<div class=\"heading\" >Unsere erfahrenen Ingenieure realisieren effiziente, ma\u00dfgeschneiderte Netzwerkimplementierungen mit minimalen Beeintr\u00e4chtigungen und optimieren anschlie\u00dfend die Leistung, um sicherzustellen, dass Ihr Netzwerk sein volles Potenzial aussch\u00f6pft.<\/div><\/div>\n\n<div class=\"tm-spacer\" id=\"tm-spacer-69f9f240a145b\"><\/div>\n<div class=\"tm-button-wrapper  tm-animation move-up\" id=\"tm-button-69f9f240a14d0\">\n\t\t<a class=\"tm-button style-flat tm-button-nm tm-button-primary tm-button-\" href=\"https:\/\/willowtechgroup.com\/de\/connect-with-us\/\"\n\t\t\t>\n\n\t\t\n\t\t\t\t\t\t<span class=\"button-text\" data-text=\"Talk to Our Team\">\n\t\t\t\tSprechen Sie mit unserem Team\t\t\t<\/span>\n\t\t\t\n\t\t\n\n\t<\/a>\n<\/div>\n<div class=\"tm-spacer\" id=\"tm-spacer-69f9f240a151a\"><\/div>\n<\/div><\/div><\/div><\/div><div class=\"vc_row-full-width vc_clearfix\"><\/div><div id=\"tm-row-69f9f240a1621\" data-vc-full-width=\"true\" data-vc-full-width-init=\"false\" class=\"vc_row vc_row-outer vc_row-fluid\"><div id=\"tm-column-69f9f240a1893\" class=\"wpb_column vc_column_container vc_col-sm-12\"><div class=\"vc_column-inner\"><div class=\"wpb_wrapper\"><div id=\"tm-row-inner-69f9f240a1b35\" class=\"vc_row vc_inner vc_row-fluid\"><div id=\"tm-column-inner-69f9f240a1d4f\" class=\"wpb_column vc_column_container vc_col-sm-12\"><div class=\"vc_column-inner\"><div class=\"wpb_wrapper\">\n<div class=\"tm-heading  center tm-animation move-up\" id=\"tm-heading-69f9f240a1f2b\">\n\t<h3 class=\"heading\" ><mark>Was wir liefern<\/mark><\/h3><\/div>\n\n<div class=\"tm-spacer\" id=\"tm-spacer-69f9f240a21b1\"><\/div>\n<\/div><\/div><\/div><\/div><\/div><\/div><\/div><\/div><div class=\"vc_row-full-width vc_clearfix\"><\/div><div id=\"tm-row-69f9f240a233e\" data-vc-full-width=\"true\" data-vc-full-width-init=\"false\" class=\"vc_row vc_row-outer vc_row-fluid\"><div id=\"tm-column-69f9f240a28be\" class=\"wpb_column vc_column_container vc_col-sm-12\"><div class=\"vc_column-inner\"><div class=\"wpb_wrapper\"><div id=\"tm-row-inner-69f9f240a2b4f\" class=\"vc_row vc_inner vc_row-fluid vc_row-o-equal-height vc_row-flex\"><div id=\"tm-column-inner-69f9f240a2dbc\" class=\"wpb_column vc_column_container vc_col-sm-6\"><div class=\"vc_column-inner\"><div class=\"wpb_wrapper\"><div class=\"tm-spacer\" id=\"tm-spacer-69f9f240a31c4\"><\/div>\n<\/div><\/div><\/div><div id=\"tm-column-inner-69f9f240a329e\" class=\"wpb_column vc_column_container vc_col-sm-6\"><div class=\"vc_column-inner\"><div class=\"wpb_wrapper\">\n\t<div class=\"wpb_text_column wpb_content_element\" >\n\t\t<div class=\"wpb_wrapper\">\n\t\t\t<h3><b>Effiziente, ma\u00dfgeschneiderte Netzwerkimplementierungen<\/b><\/h3>\n<p>Die Einsatzteams von WillowTech verf\u00fcgen \u00fcber Erfahrung in der Abwicklung komplexer, hersteller\u00fcbergreifender Rollouts und gew\u00e4hrleisten die termingerechte und budgetkonforme Umsetzung bei minimalen Beeintr\u00e4chtigungen Ihrer laufenden Gesch\u00e4ftsumgebung.<\/p>\n<ul>\n<li>Vollst\u00e4ndiges Projektmanagement von der Planung bis zum Go-Live<\/li>\n<li>Minimale Beeintr\u00e4chtigung des laufenden Betriebs.<\/li>\n<li>Ma\u00dfgeschneiderte Bereitstellungsl\u00f6sungen f\u00fcr Ihre Umgebung<\/li>\n<li>Vor-Ort- und Remote-Einsatztechniker verf\u00fcgbar<\/li>\n<li>Bereitstellungsf\u00e4higkeit f\u00fcr mehrere Hersteller und mehrere Standorte<\/li>\n<li>Validierung und Freigabe nach der Bereitstellung<\/li>\n<\/ul>\n\n\t\t<\/div>\n\t<\/div>\n<\/div><\/div><\/div><\/div><\/div><\/div><\/div><\/div><div class=\"vc_row-full-width vc_clearfix\"><\/div><div id=\"tm-row-69f9f240a3582\" data-vc-full-width=\"true\" data-vc-full-width-init=\"false\" class=\"vc_row vc_row-outer vc_row-fluid\"><div id=\"tm-column-69f9f240a3815\" class=\"wpb_column vc_column_container vc_col-sm-12\"><div class=\"vc_column-inner\"><div class=\"wpb_wrapper\"><div id=\"tm-row-inner-69f9f240a3a3f\" class=\"vc_row vc_inner vc_row-fluid vc_row-o-equal-height vc_row-flex\"><div id=\"tm-column-inner-69f9f240a3c33\" class=\"wpb_column vc_column_container vc_col-sm-6\"><div class=\"vc_column-inner\"><div class=\"wpb_wrapper\">\n\t<div class=\"wpb_text_column wpb_content_element\" >\n\t\t<div class=\"wpb_wrapper\">\n\t\t\t<h3><b>Leistungsoptimierung nach der Bereitstellung<\/b><\/h3>\n<p>Die Bereitstellung ist erst der Anfang. Unser Optimierungsservice sorgt daf\u00fcr, dass Ihr Netzwerk nicht nur l\u00e4uft, sondern H\u00f6chstleistungen erbringt. Wir analysieren, optimieren und validieren, um das Maximum aus Ihrer Infrastrukturinvestition herauszuholen.<\/p>\n<ul>\n<li>Netzwerkleistungsanalyse nach der Bereitstellung<\/li>\n<li>Verkehrsprofilierung und Stauerkennung<\/li>\n<li>Konfigurationsoptimierung \u00fcber alle Netzwerkschichten hinweg<\/li>\n<li>Optimierung der Dienstg\u00fcterichtlinie (QoS)<\/li>\n<li>Leistungsvergleich anhand vereinbarter SLAs<\/li>\n<li>Laufende Optimierungsempfehlungen und Berichterstattung<\/li>\n<\/ul>\n\n\t\t<\/div>\n\t<\/div>\n<\/div><\/div><\/div><div id=\"tm-column-inner-69f9f240a3eea\" class=\"wpb_column vc_column_container vc_col-sm-6\"><div class=\"vc_column-inner\"><div class=\"wpb_wrapper\"><div class=\"tm-spacer\" id=\"tm-spacer-69f9f240a42e6\"><\/div>\n<\/div><\/div><\/div><\/div><\/div><\/div><\/div><\/div><div class=\"vc_row-full-width vc_clearfix\"><\/div><div id=\"tm-row-69f9f240a43ff\" data-vc-full-width=\"true\" data-vc-full-width-init=\"false\" class=\"vc_row vc_row-outer vc_row-fluid\"><div id=\"tm-column-69f9f240a45f9\" class=\"wpb_column vc_column_container vc_col-sm-12\"><div class=\"vc_column-inner\"><div class=\"wpb_wrapper\"><div id=\"tm-row-inner-69f9f240a47d6\" class=\"vc_row vc_inner vc_row-fluid\"><div id=\"tm-column-inner-69f9f240a49f4\" class=\"wpb_column vc_column_container vc_col-sm-12\"><div class=\"vc_column-inner\"><div class=\"wpb_wrapper\">\n<div class=\"tm-heading  center tm-animation move-up\" id=\"tm-heading-69f9f240a4bbe\">\n\t<h2 class=\"heading\" ><mark>Was Sie erhalten<\/mark><\/h2><\/div>\n\n<div class=\"tm-spacer\" id=\"tm-spacer-69f9f240a4e85\"><\/div>\n<\/div><\/div><\/div><\/div><div id=\"tm-row-inner-69f9f240a4f57\" class=\"vc_row vc_inner vc_row-fluid col-sp-2\"><div id=\"tm-column-inner-69f9f240a5134\" class=\"wpb_column vc_column_container vc_col-sm-4\"><div class=\"vc_column-inner\"><div class=\"wpb_wrapper\"><div class=\"tm-box-icon  style-2 style-align-center tm-animation move-up\" id=\"tm-box-icon-69f9f240a52d5\">\n\t\t<div class=\"content-wrap\">\n\n\t\t\t<div class=\"image\">\n\t\t\t<img decoding=\"async\" src=\"https:\/\/willowtechgroup.com\/wp-content\/uploads\/2018\/10\/On-Time-Delivery.svg\" alt=\"On-Time Delivery\" \/>\t\t<\/div>\n\t\n\t\n\t<div class=\"content\">\n\t\t<div class=\"box-header\">\n\t\t\t\t\t\t\t<h4 class=\"heading\">\n\t\t\t\t\t\n\t\t\t\t\t\tP\u00fcnktliche Lieferung\n\t\t\t\t\t\t\n\t\t\t\t<\/h4>\n\t\t\t\t\t<\/div>\n\n\t\t\t\t\t<div class=\"text\">Durch erfahrenes Projektmanagement werden die Implementierungen termingerecht und im Rahmen des Budgets durchgef\u00fchrt.<\/div>\t\t\n\t\t\t\t\t\t\t\n\t\t\t<\/div>\n<\/div>\n<\/div>\n<\/div><\/div><\/div><div id=\"tm-column-inner-69f9f240a623e\" class=\"wpb_column vc_column_container vc_col-sm-4\"><div class=\"vc_column-inner\"><div class=\"wpb_wrapper\"><div class=\"tm-box-icon  style-2 style-align-center tm-animation move-up\" id=\"tm-box-icon-69f9f240a63da\">\n\t\t<div class=\"content-wrap\">\n\n\t\t\t<div class=\"image\">\n\t\t\t<img decoding=\"async\" src=\"https:\/\/willowtechgroup.com\/wp-content\/uploads\/2018\/10\/energy_10517489-1.svg\" alt=\"energy_10517489 1\" \/>\t\t<\/div>\n\t\n\t\n\t<div class=\"content\">\n\t\t<div class=\"box-header\">\n\t\t\t\t\t\t\t<h4 class=\"heading\">\n\t\t\t\t\t\n\t\t\t\t\t\tMinimale Beeintr\u00e4chtigung\n\t\t\t\t\t\t\n\t\t\t\t<\/h4>\n\t\t\t\t\t<\/div>\n\n\t\t\t\t\t<div class=\"text\">Stufenweise Einf\u00fchrung und R\u00fcckrufaktionen sind Standard \u2013 Ihre Live-Umgebung ist jederzeit gesch\u00fctzt.<\/div>\t\t\n\t\t\t\t\t\t\t\n\t\t\t<\/div>\n<\/div>\n<\/div>\n<\/div><\/div><\/div><div id=\"tm-column-inner-69f9f240a72ab\" class=\"wpb_column vc_column_container vc_col-sm-4\"><div class=\"vc_column-inner\"><div class=\"wpb_wrapper\"><div class=\"tm-box-icon  style-2 style-align-center tm-animation move-up\" id=\"tm-box-icon-69f9f240a7447\">\n\t\t<div class=\"content-wrap\">\n\n\t\t\t<div class=\"image\">\n\t\t\t<img decoding=\"async\" src=\"https:\/\/willowtechgroup.com\/wp-content\/uploads\/2018\/10\/Peak-Performance.svg\" alt=\"Peak Performance\" \/>\t\t<\/div>\n\t\n\t\n\t<div class=\"content\">\n\t\t<div class=\"box-header\">\n\t\t\t\t\t\t\t<h4 class=\"heading\">\n\t\t\t\t\t\n\t\t\t\t\t\tSpitzenleistung\n\t\t\t\t\t\t\n\t\t\t\t<\/h4>\n\t\t\t\t\t<\/div>\n\n\t\t\t\t\t<div class=\"text\">Die Optimierung nach der Bereitstellung stellt sicher, dass Ihr Netzwerk vom ersten Tag an sein volles Potenzial aussch\u00f6pft.<\/div>\t\t\n\t\t\t\t\t\t\t\n\t\t\t<\/div>\n<\/div>\n<\/div>\n<\/div><\/div><\/div><\/div><\/div><\/div><\/div><\/div><div class=\"vc_row-full-width vc_clearfix\"><\/div><div id=\"tm-row-69f9f240a83b7\" data-vc-full-width=\"true\" data-vc-full-width-init=\"false\" class=\"vc_row vc_row-outer vc_row-fluid\"><div id=\"tm-column-69f9f240a85c0\" class=\"wpb_column vc_column_container vc_col-sm-12\"><div class=\"vc_column-inner\"><div class=\"wpb_wrapper\"><div class=\"tm-spacer\" id=\"tm-spacer-69f9f240a8748\"><\/div>\n\n<div class=\"tm-heading  center tm-animation move-up\" id=\"tm-heading-69f9f240a87f5\">\n\t<h3 class=\"heading\" ><mark>Sind Sie bereit, Ihr Netzwerk bereitzustellen und zu optimieren?<\/mark><\/h3><\/div>\n\n<div class=\"tm-spacer\" id=\"tm-spacer-69f9f240a8a84\"><\/div>\n\n<div class=\"tm-heading  center tm-animation move-up\" id=\"tm-heading-69f9f240a8b11\">\n\t<div class=\"heading\" >Sprechen Sie mit unserem Implementierungsteam \u00fcber Ihr Projekt. Wir planen jede Phase, gew\u00e4hrleisten eine reibungslose Umsetzung und optimieren die Leistung.<\/div><\/div>\n\n<div class=\"tm-spacer\" id=\"tm-spacer-69f9f240a8dc4\"><\/div>\n<div class=\"tm-button-wrapper  tm-animation move-up\" id=\"tm-button-69f9f240a8e2f\">\n\t\t<a class=\"tm-button style-flat tm-button-nm tm-button-primary tm-button-\" href=\"https:\/\/willowtechgroup.com\/de\/connect-with-us\/\"\n\t\t\t>\n\n\t\t\n\t\t\t\t\t\t<span class=\"button-text\" data-text=\"Contact Us\">\n\t\t\t\tKontaktieren Sie uns\t\t\t<\/span>\n\t\t\t\n\t\t\n\n\t<\/a>\n<\/div>\n<div class=\"tm-spacer\" id=\"tm-spacer-69f9f240a8e76\"><\/div>\n<\/div><\/div><\/div><\/div><div class=\"vc_row-full-width vc_clearfix\"><\/div><div id=\"tm-row-69f9f240a8f6d\" class=\"vc_row vc_row-outer vc_row-fluid\"><div id=\"tm-column-69f9f240a91da\" class=\"wpb_column vc_column_container vc_col-sm-12\"><div class=\"vc_column-inner\"><div class=\"wpb_wrapper\">\n\t<div class=\"wpb_raw_code wpb_content_element wpb_raw_html\" >\n\t\t<div class=\"wpb_wrapper\">\n\t\t\t<style>\n.wt-vendor-table-wrap {\n  margin-top: 10px;\n  overflow-x: auto;\n  border-radius: 8px;\n}\n.wt-vendor-table {\n  width: 100%;\n  border-collapse: collapse;\n  border: 1px solid #c5d3df;\n  background: #dff0fb;\n  min-width: 720px;\n}\n.wt-vendor-table th,\n.wt-vendor-table td {\n  border: 1px solid #c5d3df;\n  padding: 12px 16px;\n  text-align: left;\n  vertical-align: top;\n}\n.wt-vendor-table th {\n  font-size: 13px;\n  text-transform: none;\n  letter-spacing: 0;\n  color: #0F1F59;\n  background: #f3f7fb;\n  font-weight: 700;\n}\n.wt-vendor-table td {\n  font-size: 14px;\n  color: #0F1F59;\n  line-height: 1.55;\n  font-weight: 600;\n}\n.wt-vendor-table tbody tr:nth-child(even) td {\n  background: rgba(255,255,255,0.22);\n}\n.wt-vendor-table td:first-child {\n  width: 220px;\n  font-weight: 700;\n  color: #0F1F59;\n}\n@media (max-width: 700px) {\n  .wt-vendor-table-wrap {\n    overflow-x: visible;\n  }\n  .wt-vendor-table {\n    min-width: 0;\n    border: 0;\n    background: transparent;\n  }\n  .wt-vendor-table thead {\n    display: none;\n  }\n  .wt-vendor-table tbody tr {\n    display: block;\n    border: 1px solid #c5d3df;\n    border-radius: 8px;\n    background: #dff0fb;\n    margin-bottom: 12px;\n    overflow: hidden;\n  }\n  .wt-vendor-table tbody tr:nth-child(even) td {\n    background: transparent;\n  }\n  .wt-vendor-table td {\n    display: block;\n    border: 0;\n    border-top: 1px solid #c5d3df;\n    padding: 10px 12px;\n    font-size: 13px;\n    width: 100%;\n  }\n  .wt-vendor-table td:first-child {\n    width: 100%;\n    border-top: 0;\n    font-size: 14px;\n    font-weight: 700;\n    background: #f3f7fb;\n  }\n}\n.icon-s img {\n    max-width: 125px;\n}\n#tm-heading-69d9054967282 .heading {\n    max-width: 770px;\n    color: #0F1F59 !important;\n}\n.col-sp-2 img {\n    width: 75px;\n}\n#tm-heading-69de486d62a6f .heading {\n    color: #0A1642;\n}\n<\/style>\n\t\t<\/div>\n\t<\/div>\n<\/div><\/div><\/div><\/div>\n<\/section>","protected":false},"excerpt":{"rendered":"Network Professional Services Network Deployment &amp; Optimisation Our expert engineers deliver efficient, tailored network deployments with minimal disruption then optimise performance post-deployment to ensure your network operates at its full potential. Talk to Our Team What we deliver Efficient, Tailored Network Deployments WillowTech's deployment teams are experienced in managing complex, multi-vendor rollouts delivering on time, on budget, with minimal disruption to your live environment. Full project management from planning to go-live Minimal disruption to live operations throughout Customised deployment solutions for your environment On-site and remote deployment engineers available Multi-vendor and multi-site deployment capability Post-deployment validation and sign-off Post-Deployment Performance Optimisation Deployment is just the beginning. Our optimisation service ensures your network is not just running but running at peak performance. We analyse, tune and validate to get the most from your infrastructure investment. Post-deployment network performance analysis Traffic profiling and congestion identification Configuration tuning across all network layers Quality of Service (QoS) policy optimisation Performance benchmarking against agreed SLAs Ongoing optimisation recommendations and reporting What You Get On-Time Delivery Experienced project management keeps deployments on schedule and within budget. Minimal Disruption Staged rollouts and rollback plans as standard your live environment is always protected. Peak Performance Post-deployment optimisation ensures your network operates at full potential from day one. Ready to Deploy and Optimise Your Network? Talk to our deployment team about your project. We'll plan every stage, deliver with minimal disruption, and optimise for peak performance. Contact Us","protected":false},"author":1,"featured_media":0,"parent":5655,"menu_order":0,"comment_status":"closed","ping_status":"closed","template":"","meta":{"content-type":"","footnotes":""},"class_list":["post-5718","page","type-page","status-publish","hentry"],"yoast_head":"<!-- This site is optimized with the Yoast SEO plugin v27.4 - https:\/\/yoast.com\/product\/yoast-seo-wordpress\/ -->\n<title>Network Deployment &amp; Optimisation - WillowTech Group<\/title>\n<meta name=\"robots\" content=\"index, follow, max-snippet:-1, max-image-preview:large, max-video-preview:-1\" \/>\n<link rel=\"canonical\" href=\"https:\/\/willowtechgroup.com\/de\/network-professional-services\/network-deployment-optimisation\/\" \/>\n<meta property=\"og:locale\" content=\"de_DE\" \/>\n<meta property=\"og:type\" content=\"article\" \/>\n<meta property=\"og:title\" content=\"Network Deployment &amp; Optimisation - WillowTech Group\" \/>\n<meta property=\"og:url\" content=\"https:\/\/willowtechgroup.com\/de\/network-professional-services\/network-deployment-optimisation\/\" \/>\n<meta property=\"og:site_name\" content=\"WillowTech Group\" \/>\n<meta property=\"article:modified_time\" content=\"2026-04-20T08:53:18+00:00\" \/>\n<meta name=\"twitter:card\" content=\"summary_large_image\" \/>\n<meta name=\"twitter:label1\" content=\"Gesch\u00e4tzte Lesezeit\" \/>\n\t<meta name=\"twitter:data1\" content=\"4\u00a0Minuten\" \/>\n<script type=\"application\/ld+json\" class=\"yoast-schema-graph\">{\"@context\":\"https:\\\/\\\/schema.org\",\"@graph\":[{\"@type\":\"WebPage\",\"@id\":\"https:\\\/\\\/willowtechgroup.com\\\/network-professional-services\\\/network-deployment-optimisation\\\/\",\"url\":\"https:\\\/\\\/willowtechgroup.com\\\/network-professional-services\\\/network-deployment-optimisation\\\/\",\"name\":\"Network Deployment & Optimisation - WillowTech Group\",\"isPartOf\":{\"@id\":\"https:\\\/\\\/willowtechgroup.com\\\/#website\"},\"datePublished\":\"2026-04-14T10:22:08+00:00\",\"dateModified\":\"2026-04-20T08:53:18+00:00\",\"breadcrumb\":{\"@id\":\"https:\\\/\\\/willowtechgroup.com\\\/network-professional-services\\\/network-deployment-optimisation\\\/#breadcrumb\"},\"inLanguage\":\"de\",\"potentialAction\":[{\"@type\":\"ReadAction\",\"target\":[\"https:\\\/\\\/willowtechgroup.com\\\/network-professional-services\\\/network-deployment-optimisation\\\/\"]}]},{\"@type\":\"BreadcrumbList\",\"@id\":\"https:\\\/\\\/willowtechgroup.com\\\/network-professional-services\\\/network-deployment-optimisation\\\/#breadcrumb\",\"itemListElement\":[{\"@type\":\"ListItem\",\"position\":1,\"name\":\"Home\",\"item\":\"https:\\\/\\\/willowtechgroup.com\\\/\"},{\"@type\":\"ListItem\",\"position\":2,\"name\":\"Network Professional Services\",\"item\":\"https:\\\/\\\/willowtechgroup.com\\\/network-professional-services\\\/\"},{\"@type\":\"ListItem\",\"position\":3,\"name\":\"Network Deployment &#038; Optimisation\"}]},{\"@type\":\"WebSite\",\"@id\":\"https:\\\/\\\/willowtechgroup.com\\\/#website\",\"url\":\"https:\\\/\\\/willowtechgroup.com\\\/\",\"name\":\"WillowTech Group\",\"description\":\"IT Consultation &amp; Services\",\"publisher\":{\"@id\":\"https:\\\/\\\/willowtechgroup.com\\\/#organization\"},\"potentialAction\":[{\"@type\":\"SearchAction\",\"target\":{\"@type\":\"EntryPoint\",\"urlTemplate\":\"https:\\\/\\\/willowtechgroup.com\\\/?s={search_term_string}\"},\"query-input\":{\"@type\":\"PropertyValueSpecification\",\"valueRequired\":true,\"valueName\":\"search_term_string\"}}],\"inLanguage\":\"de\"},{\"@type\":\"Organization\",\"@id\":\"https:\\\/\\\/willowtechgroup.com\\\/#organization\",\"name\":\"WillowTech Group\",\"url\":\"https:\\\/\\\/willowtechgroup.com\\\/\",\"logo\":{\"@type\":\"ImageObject\",\"inLanguage\":\"de\",\"@id\":\"https:\\\/\\\/willowtechgroup.com\\\/#\\\/schema\\\/logo\\\/image\\\/\",\"url\":\"https:\\\/\\\/willowtechgroup.com\\\/wp-content\\\/uploads\\\/2018\\\/10\\\/Logo-290X70-3.svg\",\"contentUrl\":\"https:\\\/\\\/willowtechgroup.com\\\/wp-content\\\/uploads\\\/2018\\\/10\\\/Logo-290X70-3.svg\",\"width\":\"1024\",\"height\":\"1024\",\"caption\":\"WillowTech Group\"},\"image\":{\"@id\":\"https:\\\/\\\/willowtechgroup.com\\\/#\\\/schema\\\/logo\\\/image\\\/\"}}]}<\/script>\n<!-- \/ Yoast SEO plugin. -->","yoast_head_json":{"title":"Network Deployment & Optimisation - WillowTech Group","robots":{"index":"index","follow":"follow","max-snippet":"max-snippet:-1","max-image-preview":"max-image-preview:large","max-video-preview":"max-video-preview:-1"},"canonical":"https:\/\/willowtechgroup.com\/de\/network-professional-services\/network-deployment-optimisation\/","og_locale":"de_DE","og_type":"article","og_title":"Network Deployment & Optimisation - WillowTech Group","og_url":"https:\/\/willowtechgroup.com\/de\/network-professional-services\/network-deployment-optimisation\/","og_site_name":"WillowTech Group","article_modified_time":"2026-04-20T08:53:18+00:00","twitter_card":"summary_large_image","twitter_misc":{"Gesch\u00e4tzte Lesezeit":"4\u00a0Minuten"},"schema":{"@context":"https:\/\/schema.org","@graph":[{"@type":"WebPage","@id":"https:\/\/willowtechgroup.com\/network-professional-services\/network-deployment-optimisation\/","url":"https:\/\/willowtechgroup.com\/network-professional-services\/network-deployment-optimisation\/","name":"Network Deployment & Optimisation - WillowTech Group","isPartOf":{"@id":"https:\/\/willowtechgroup.com\/#website"},"datePublished":"2026-04-14T10:22:08+00:00","dateModified":"2026-04-20T08:53:18+00:00","breadcrumb":{"@id":"https:\/\/willowtechgroup.com\/network-professional-services\/network-deployment-optimisation\/#breadcrumb"},"inLanguage":"de","potentialAction":[{"@type":"ReadAction","target":["https:\/\/willowtechgroup.com\/network-professional-services\/network-deployment-optimisation\/"]}]},{"@type":"BreadcrumbList","@id":"https:\/\/willowtechgroup.com\/network-professional-services\/network-deployment-optimisation\/#breadcrumb","itemListElement":[{"@type":"ListItem","position":1,"name":"Home","item":"https:\/\/willowtechgroup.com\/"},{"@type":"ListItem","position":2,"name":"Network Professional Services","item":"https:\/\/willowtechgroup.com\/network-professional-services\/"},{"@type":"ListItem","position":3,"name":"Network Deployment &#038; Optimisation"}]},{"@type":"WebSite","@id":"https:\/\/willowtechgroup.com\/#website","url":"https:\/\/willowtechgroup.com\/","name":"WillowTech-Gruppe","description":"IT-Beratung &amp; Services","publisher":{"@id":"https:\/\/willowtechgroup.com\/#organization"},"potentialAction":[{"@type":"SearchAction","target":{"@type":"EntryPoint","urlTemplate":"https:\/\/willowtechgroup.com\/?s={search_term_string}"},"query-input":{"@type":"PropertyValueSpecification","valueRequired":true,"valueName":"search_term_string"}}],"inLanguage":"de"},{"@type":"Organization","@id":"https:\/\/willowtechgroup.com\/#organization","name":"WillowTech-Gruppe","url":"https:\/\/willowtechgroup.com\/","logo":{"@type":"ImageObject","inLanguage":"de","@id":"https:\/\/willowtechgroup.com\/#\/schema\/logo\/image\/","url":"https:\/\/willowtechgroup.com\/wp-content\/uploads\/2018\/10\/Logo-290X70-3.svg","contentUrl":"https:\/\/willowtechgroup.com\/wp-content\/uploads\/2018\/10\/Logo-290X70-3.svg","width":"1024","height":"1024","caption":"WillowTech Group"},"image":{"@id":"https:\/\/willowtechgroup.com\/#\/schema\/logo\/image\/"}}]}},"_links":{"self":[{"href":"https:\/\/willowtechgroup.com\/de\/wp-json\/wp\/v2\/pages\/5718","targetHints":{"allow":["GET"]}}],"collection":[{"href":"https:\/\/willowtechgroup.com\/de\/wp-json\/wp\/v2\/pages"}],"about":[{"href":"https:\/\/willowtechgroup.com\/de\/wp-json\/wp\/v2\/types\/page"}],"author":[{"embeddable":true,"href":"https:\/\/willowtechgroup.com\/de\/wp-json\/wp\/v2\/users\/1"}],"replies":[{"embeddable":true,"href":"https:\/\/willowtechgroup.com\/de\/wp-json\/wp\/v2\/comments?post=5718"}],"version-history":[{"count":16,"href":"https:\/\/willowtechgroup.com\/de\/wp-json\/wp\/v2\/pages\/5718\/revisions"}],"predecessor-version":[{"id":5835,"href":"https:\/\/willowtechgroup.com\/de\/wp-json\/wp\/v2\/pages\/5718\/revisions\/5835"}],"up":[{"embeddable":true,"href":"https:\/\/willowtechgroup.com\/de\/wp-json\/wp\/v2\/pages\/5655"}],"wp:attachment":[{"href":"https:\/\/willowtechgroup.com\/de\/wp-json\/wp\/v2\/media?parent=5718"}],"curies":[{"name":"wp","href":"https:\/\/api.w.org\/{rel}","templated":true}]}}