{"id":5782,"date":"2026-04-14T14:32:38","date_gmt":"2026-04-14T13:32:38","guid":{"rendered":"https:\/\/willowtechgroup.com\/?page_id=5782"},"modified":"2026-04-20T09:51:31","modified_gmt":"2026-04-20T08:51:31","slug":"upgrades-migrations","status":"publish","type":"page","link":"https:\/\/willowtechgroup.com\/de\/data-centre-services\/upgrades-migrations\/","title":{"rendered":"Upgrades &amp; Migrationen"},"content":{"rendered":"<section class=\"wpb-content-wrapper\"><div id=\"tm-row-6a01ef358cd9e\" data-vc-full-width=\"true\" data-vc-full-width-init=\"false\" class=\"vc_row vc_row-outer vc_row-fluid\"><div id=\"tm-column-6a01ef358d1a8\" class=\"wpb_column vc_column_container vc_col-sm-12\"><div class=\"vc_column-inner\"><div class=\"wpb_wrapper\"><div class=\"tm-spacer\" id=\"tm-spacer-6a01ef358d3b2\"><\/div>\n\n<div class=\"tm-heading vc_custom_1776173227515  center tm-animation move-up\" id=\"tm-heading-6a01ef358d49b\">\n\t<div class=\"heading\" >Rechenzentrumsdienste<\/div><\/div>\n\n\n<div class=\"tm-heading  center tm-animation move-up\" id=\"tm-heading-6a01ef358d7c9\">\n\t<h3 class=\"heading\" >Upgrades &amp; Migrationen<\/h3><\/div>\n\n<div class=\"tm-spacer\" id=\"tm-spacer-6a01ef358da4b\"><\/div>\n\n<div class=\"tm-heading  center tm-animation move-up\" id=\"tm-heading-6a01ef358dad7\">\n\t<div class=\"heading\" >Hardware- und Software-Upgrades f\u00fcr Server, Netzwerkger\u00e4te und Speichersysteme mit nahtloser Migrationsplanung, Fernwartung und Validierung nach der Migration \u2013 alles von Anfang an integriert.<\/div><\/div>\n\n<div class=\"tm-spacer\" id=\"tm-spacer-6a01ef358dd51\"><\/div>\n<div class=\"tm-button-wrapper  tm-animation move-up\" id=\"tm-button-6a01ef358ddd5\">\n\t\t<a class=\"tm-button style-flat tm-button-nm tm-button-primary tm-button-\" href=\"https:\/\/willowtechgroup.com\/de\/connect-with-us\/\"\n\t\t\t>\n\n\t\t\n\t\t\t\t\t\t<span class=\"button-text\" data-text=\"Talk to Our Team\">\n\t\t\t\tSprechen Sie mit unserem Team\t\t\t<\/span>\n\t\t\t\n\t\t\n\n\t<\/a>\n<\/div>\n<div class=\"tm-spacer\" id=\"tm-spacer-6a01ef358de1f\"><\/div>\n<\/div><\/div><\/div><\/div><div class=\"vc_row-full-width vc_clearfix\"><\/div><div id=\"tm-row-6a01ef358df35\" data-vc-full-width=\"true\" data-vc-full-width-init=\"false\" class=\"vc_row vc_row-outer vc_row-fluid\"><div id=\"tm-column-6a01ef358e1b2\" class=\"wpb_column vc_column_container vc_col-sm-12\"><div class=\"vc_column-inner\"><div class=\"wpb_wrapper\"><div id=\"tm-row-inner-6a01ef358e43c\" class=\"vc_row vc_inner vc_row-fluid\"><div id=\"tm-column-inner-6a01ef358e6e3\" class=\"wpb_column vc_column_container vc_col-sm-12\"><div class=\"vc_column-inner\"><div class=\"wpb_wrapper\"><div class=\"tm-spacer\" id=\"tm-spacer-6a01ef358e886\"><\/div>\n<\/div><\/div><\/div><\/div><\/div><\/div><\/div><\/div><div class=\"vc_row-full-width vc_clearfix\"><\/div><div id=\"tm-row-6a01ef358ea28\" data-vc-full-width=\"true\" data-vc-full-width-init=\"false\" class=\"vc_row vc_row-outer vc_row-fluid\"><div id=\"tm-column-6a01ef358efbc\" class=\"wpb_column vc_column_container vc_col-sm-12\"><div class=\"vc_column-inner\"><div class=\"wpb_wrapper\"><div id=\"tm-row-inner-6a01ef358f23f\" class=\"vc_row vc_inner vc_row-fluid vc_row-o-equal-height vc_row-flex\"><div id=\"tm-column-inner-6a01ef358f4a8\" class=\"wpb_column vc_column_container vc_col-sm-6\"><div class=\"vc_column-inner\"><div class=\"wpb_wrapper\"><div class=\"tm-spacer\" id=\"tm-spacer-6a01ef358f8c7\"><\/div>\n<\/div><\/div><\/div><div id=\"tm-column-inner-6a01ef358f9b4\" class=\"wpb_column vc_column_container vc_col-sm-6\"><div class=\"vc_column-inner\"><div class=\"wpb_wrapper\">\n\t<div class=\"wpb_text_column wpb_content_element\" >\n\t\t<div class=\"wpb_wrapper\">\n\t\t\t<h3><b>Vollst\u00e4ndiges Upgrade- und Migrationsmanagement \u00fcber den gesamten Lebenszyklus<\/b><\/h3>\n<p>Die Aktualisierung Ihrer Rechenzentrumsinfrastruktur ist entscheidend f\u00fcr Leistung, Sicherheit und Betriebskontinuit\u00e4t. WillowTech \u00fcbernimmt den gesamten Upgrade- und Migrationsprozess von der Planung bis zur Validierung nach der Migration mit minimalen Beeintr\u00e4chtigungen des laufenden Betriebs.<\/p>\n<ul>\n<li>Hardware-Upgrades f\u00fcr Server, Switches, Router und Speichersysteme<\/li>\n<li>Software- und Firmware-Upgrades in Umgebungen mit mehreren Anbietern<\/li>\n<li>Nahtlose Daten- und Workload-Migration mit Rollback-Planung<\/li>\n<li>Fernwartung und Vor-Ort-Support w\u00e4hrend der gesamten Migration<\/li>\n<li>Tests und Abnahme nach der Migration vor der \u00dcbergabe<\/li>\n<li>Vollst\u00e4ndige Dokumentation und Aktualisierungen des Anlagenverzeichnisses<\/li>\n<\/ul>\n\n\t\t<\/div>\n\t<\/div>\n<\/div><\/div><\/div><\/div><\/div><\/div><\/div><\/div><div class=\"vc_row-full-width vc_clearfix\"><\/div><div id=\"tm-row-6a01ef358fd11\" data-vc-full-width=\"true\" data-vc-full-width-init=\"false\" class=\"vc_row vc_row-outer vc_row-fluid\"><div id=\"tm-column-6a01ef358ff7c\" class=\"wpb_column vc_column_container vc_col-sm-12\"><div class=\"vc_column-inner\"><div class=\"wpb_wrapper\"><div id=\"tm-row-inner-6a01ef3590200\" class=\"vc_row vc_inner vc_row-fluid\"><div id=\"tm-column-inner-6a01ef359044a\" class=\"wpb_column vc_column_container vc_col-sm-12\"><div class=\"vc_column-inner\"><div class=\"wpb_wrapper\">\n<div class=\"tm-heading  center tm-animation move-up\" id=\"tm-heading-6a01ef3590692\">\n\t<h2 class=\"heading\" ><mark>Was Sie erhalten<\/mark><\/h2><\/div>\n\n<div class=\"tm-spacer\" id=\"tm-spacer-6a01ef359093c\"><\/div>\n<\/div><\/div><\/div><\/div><div id=\"tm-row-inner-6a01ef3590a12\" class=\"vc_row vc_inner vc_row-fluid col-sp-2\"><div id=\"tm-column-inner-6a01ef3590c4b\" class=\"wpb_column vc_column_container vc_col-sm-4\"><div class=\"vc_column-inner\"><div class=\"wpb_wrapper\"><div class=\"tm-box-icon  style-2 style-align-center tm-animation move-up\" id=\"tm-box-icon-6a01ef3590e46\">\n\t\t<div class=\"content-wrap\">\n\n\t\t\t<div class=\"image\">\n\t\t\t<img decoding=\"async\" src=\"https:\/\/willowtechgroup.com\/wp-content\/uploads\/2026\/04\/Current-Infrastructure.svg\" alt=\"Current Infrastructure\" \/>\t\t<\/div>\n\t\n\t\n\t<div class=\"content\">\n\t\t<div class=\"box-header\">\n\t\t\t\t\t\t\t<h4 class=\"heading\">\n\t\t\t\t\t\n\t\t\t\t\t\tAktuelle Infrastruktur\n\t\t\t\t\t\t\n\t\t\t\t<\/h4>\n\t\t\t\t\t<\/div>\n\n\t\t\t\t\t<div class=\"text\">Aktuelle Hardware und Software in Ihrer gesamten Rechenzentrumsumgebung.<\/div>\t\t\n\t\t\t\t\t\t\t\n\t\t\t<\/div>\n<\/div>\n<\/div>\n<\/div><\/div><\/div><div id=\"tm-column-inner-6a01ef3591dfa\" class=\"wpb_column vc_column_container vc_col-sm-4\"><div class=\"vc_column-inner\"><div class=\"wpb_wrapper\"><div class=\"tm-box-icon  style-2 style-align-center tm-animation move-up\" id=\"tm-box-icon-6a01ef3591f99\">\n\t\t<div class=\"content-wrap\">\n\n\t\t\t<div class=\"image\">\n\t\t\t<img decoding=\"async\" src=\"https:\/\/willowtechgroup.com\/wp-content\/uploads\/2026\/04\/Zero-Disruption-Migration.svg\" alt=\"Zero-Disruption Migration\" \/>\t\t<\/div>\n\t\n\t\n\t<div class=\"content\">\n\t\t<div class=\"box-header\">\n\t\t\t\t\t\t\t<h4 class=\"heading\">\n\t\t\t\t\t\n\t\t\t\t\t\tMigration ohne Unterbrechung\n\t\t\t\t\t\t\n\t\t\t\t<\/h4>\n\t\t\t\t\t<\/div>\n\n\t\t\t\t\t<div class=\"text\">Sorgf\u00e4ltige Planung und die M\u00f6glichkeit zum Zur\u00fccksetzen des Systems gew\u00e4hrleisten, dass der laufende Betrieb niemals gef\u00e4hrdet wird.<\/div>\t\t\n\t\t\t\t\t\t\t\n\t\t\t<\/div>\n<\/div>\n<\/div>\n<\/div><\/div><\/div><div id=\"tm-column-inner-6a01ef3592e7f\" class=\"wpb_column vc_column_container vc_col-sm-4\"><div class=\"vc_column-inner\"><div class=\"wpb_wrapper\"><div class=\"tm-box-icon  style-2 style-align-center tm-animation move-up\" id=\"tm-box-icon-6a01ef3593049\">\n\t\t<div class=\"content-wrap\">\n\n\t\t\t<div class=\"image\">\n\t\t\t<img decoding=\"async\" src=\"https:\/\/willowtechgroup.com\/wp-content\/uploads\/2018\/10\/Full-Documentation.svg\" alt=\"Full Documentation\" \/>\t\t<\/div>\n\t\n\t\n\t<div class=\"content\">\n\t\t<div class=\"box-header\">\n\t\t\t\t\t\t\t<h4 class=\"heading\">\n\t\t\t\t\t\n\t\t\t\t\t\tVollst\u00e4ndige Dokumentation\n\t\t\t\t\t\t\n\t\t\t\t<\/h4>\n\t\t\t\t\t<\/div>\n\n\t\t\t\t\t<div class=\"text\">Nach Abschluss der Arbeiten wurden die Anlagenverzeichnisse, Konfigurationsaufzeichnungen und die Abnahmedokumentation aktualisiert.<\/div>\t\t\n\t\t\t\t\t\t\t\n\t\t\t<\/div>\n<\/div>\n<\/div>\n<\/div><\/div><\/div><\/div><\/div><\/div><\/div><\/div><div class=\"vc_row-full-width vc_clearfix\"><\/div><div id=\"tm-row-6a01ef3593f9c\" data-vc-full-width=\"true\" data-vc-full-width-init=\"false\" class=\"vc_row vc_row-outer vc_row-fluid\"><div id=\"tm-column-6a01ef35941b4\" class=\"wpb_column vc_column_container vc_col-sm-12\"><div class=\"vc_column-inner\"><div class=\"wpb_wrapper\"><div class=\"tm-spacer\" id=\"tm-spacer-6a01ef3594312\"><\/div>\n\n<div class=\"tm-heading  center tm-animation move-up\" id=\"tm-heading-6a01ef35943da\">\n\t<h3 class=\"heading\" ><mark>Bereit f\u00fcr ein Upgrade Ihres Rechenzentrums?<\/mark><\/h3><\/div>\n\n<div class=\"tm-spacer\" id=\"tm-spacer-6a01ef359467f\"><\/div>\n\n<div class=\"tm-heading  center tm-animation move-up\" id=\"tm-heading-6a01ef359470f\">\n\t<div class=\"heading\" >Sprechen Sie mit unserem Team \u00fcber Ihre Upgrade- oder Migrationsanforderungen. Wir planen und realisieren die Umsetzung mit minimalen Beeintr\u00e4chtigungen.<\/div><\/div>\n\n<div class=\"tm-spacer\" id=\"tm-spacer-6a01ef359498f\"><\/div>\n<div class=\"tm-button-wrapper  tm-animation move-up\" id=\"tm-button-6a01ef35949fa\">\n\t\t<a class=\"tm-button style-flat tm-button-nm tm-button-primary tm-button-\" href=\"https:\/\/willowtechgroup.com\/de\/connect-with-us\/\"\n\t\t\t>\n\n\t\t\n\t\t\t\t\t\t<span class=\"button-text\" data-text=\"Contact Us\">\n\t\t\t\tKontaktieren Sie uns\t\t\t<\/span>\n\t\t\t\n\t\t\n\n\t<\/a>\n<\/div>\n<div class=\"tm-spacer\" id=\"tm-spacer-6a01ef3594a40\"><\/div>\n<\/div><\/div><\/div><\/div><div class=\"vc_row-full-width vc_clearfix\"><\/div><div id=\"tm-row-6a01ef3594b3d\" class=\"vc_row vc_row-outer vc_row-fluid\"><div id=\"tm-column-6a01ef3594da2\" class=\"wpb_column vc_column_container vc_col-sm-12\"><div class=\"vc_column-inner\"><div class=\"wpb_wrapper\">\n\t<div class=\"wpb_raw_code wpb_content_element wpb_raw_html\" >\n\t\t<div class=\"wpb_wrapper\">\n\t\t\t<style>\n.wt-vendor-table-wrap {\n  margin-top: 10px;\n  overflow-x: auto;\n  border-radius: 8px;\n}\n.wt-vendor-table {\n  width: 100%;\n  border-collapse: collapse;\n  border: 1px solid #c5d3df;\n  background: #dff0fb;\n  min-width: 720px;\n}\n.wt-vendor-table th,\n.wt-vendor-table td {\n  border: 1px solid #c5d3df;\n  padding: 12px 16px;\n  text-align: left;\n  vertical-align: top;\n}\n.wt-vendor-table th {\n  font-size: 13px;\n  text-transform: none;\n  letter-spacing: 0;\n  color: #0F1F59;\n  background: #f3f7fb;\n  font-weight: 700;\n}\n.wt-vendor-table td {\n  font-size: 14px;\n  color: #0F1F59;\n  line-height: 1.55;\n  font-weight: 600;\n}\n.wt-vendor-table tbody tr:nth-child(even) td {\n  background: rgba(255,255,255,0.22);\n}\n.wt-vendor-table td:first-child {\n  width: 220px;\n  font-weight: 700;\n  color: #0F1F59;\n}\n@media (max-width: 700px) {\n  .wt-vendor-table-wrap {\n    overflow-x: visible;\n  }\n  .wt-vendor-table {\n    min-width: 0;\n    border: 0;\n    background: transparent;\n  }\n  .wt-vendor-table thead {\n    display: none;\n  }\n  .wt-vendor-table tbody tr {\n    display: block;\n    border: 1px solid #c5d3df;\n    border-radius: 8px;\n    background: #dff0fb;\n    margin-bottom: 12px;\n    overflow: hidden;\n  }\n  .wt-vendor-table tbody tr:nth-child(even) td {\n    background: transparent;\n  }\n  .wt-vendor-table td {\n    display: block;\n    border: 0;\n    border-top: 1px solid #c5d3df;\n    padding: 10px 12px;\n    font-size: 13px;\n    width: 100%;\n  }\n  .wt-vendor-table td:first-child {\n    width: 100%;\n    border-top: 0;\n    font-size: 14px;\n    font-weight: 700;\n    background: #f3f7fb;\n  }\n}\n.icon-s img {\n    max-width: 125px;\n}\n#tm-heading-69d9054967282 .heading {\n    max-width: 770px;\n    color: #0F1F59 !important;\n}\n.col-sp-2 img {\n    width: 75px;\n}\n<\/style>\n\t\t<\/div>\n\t<\/div>\n<\/div><\/div><\/div><\/div>\n<\/section>","protected":false},"excerpt":{"rendered":"Data Centre Services Upgrades &amp; Migrations Hardware and software upgrades for servers, networking equipment and storage with seamless migration planning, remote support, and post-migration validation built in from the start. Talk to Our Team Full Lifecycle Upgrade &amp; Migration Management Keeping your data centre infrastructure current is critical to performance, security, and operational continuity. WillowTech manages the full upgrade and migration lifecycle from planning through to post-migration validation with minimal disruption to live environments. Hardware upgrades for servers, switches, routers and storage arrays Software and firmware upgrades across multi-vendor environments Seamless data and workload migration with rollback planning Remote hands and on-site support throughout the migration Post-migration testing and sign-off before handover Full documentation and asset register updates What You Get Current Infrastructure Up-to-date hardware and software across your entire data centre environment. Zero-Disruption Migration Careful planning and rollback capability ensure live operations are never put at risk. Full Documentation Updated asset registers, configuration records and sign-off documentation on completion. Ready to Upgrade Your Data Centre? Talk to our team about your upgrade or migration requirements. We'll plan and deliver with minimal disruption. Contact Us","protected":false},"author":1,"featured_media":0,"parent":5599,"menu_order":0,"comment_status":"closed","ping_status":"closed","template":"","meta":{"content-type":"","footnotes":""},"class_list":["post-5782","page","type-page","status-publish","hentry"],"yoast_head":"<!-- This site is optimized with the Yoast SEO plugin v27.4 - https:\/\/yoast.com\/product\/yoast-seo-wordpress\/ -->\n<title>Upgrades &amp; Migrations - WillowTech Group<\/title>\n<meta name=\"robots\" content=\"index, follow, max-snippet:-1, max-image-preview:large, max-video-preview:-1\" \/>\n<link rel=\"canonical\" href=\"https:\/\/willowtechgroup.com\/de\/data-centre-services\/upgrades-migrations\/\" \/>\n<meta property=\"og:locale\" content=\"de_DE\" \/>\n<meta property=\"og:type\" content=\"article\" \/>\n<meta property=\"og:title\" content=\"Upgrades &amp; Migrations - WillowTech Group\" \/>\n<meta property=\"og:url\" content=\"https:\/\/willowtechgroup.com\/de\/data-centre-services\/upgrades-migrations\/\" \/>\n<meta property=\"og:site_name\" content=\"WillowTech Group\" \/>\n<meta property=\"article:modified_time\" content=\"2026-04-20T08:51:31+00:00\" \/>\n<meta name=\"twitter:card\" content=\"summary_large_image\" \/>\n<meta name=\"twitter:label1\" content=\"Gesch\u00e4tzte Lesezeit\" \/>\n\t<meta name=\"twitter:data1\" content=\"4\u00a0Minuten\" \/>\n<script type=\"application\/ld+json\" class=\"yoast-schema-graph\">{\"@context\":\"https:\\\/\\\/schema.org\",\"@graph\":[{\"@type\":\"WebPage\",\"@id\":\"https:\\\/\\\/willowtechgroup.com\\\/data-centre-services\\\/upgrades-migrations\\\/\",\"url\":\"https:\\\/\\\/willowtechgroup.com\\\/data-centre-services\\\/upgrades-migrations\\\/\",\"name\":\"Upgrades & Migrations - WillowTech Group\",\"isPartOf\":{\"@id\":\"https:\\\/\\\/willowtechgroup.com\\\/#website\"},\"datePublished\":\"2026-04-14T13:32:38+00:00\",\"dateModified\":\"2026-04-20T08:51:31+00:00\",\"breadcrumb\":{\"@id\":\"https:\\\/\\\/willowtechgroup.com\\\/data-centre-services\\\/upgrades-migrations\\\/#breadcrumb\"},\"inLanguage\":\"de\",\"potentialAction\":[{\"@type\":\"ReadAction\",\"target\":[\"https:\\\/\\\/willowtechgroup.com\\\/data-centre-services\\\/upgrades-migrations\\\/\"]}]},{\"@type\":\"BreadcrumbList\",\"@id\":\"https:\\\/\\\/willowtechgroup.com\\\/data-centre-services\\\/upgrades-migrations\\\/#breadcrumb\",\"itemListElement\":[{\"@type\":\"ListItem\",\"position\":1,\"name\":\"Home\",\"item\":\"https:\\\/\\\/willowtechgroup.com\\\/\"},{\"@type\":\"ListItem\",\"position\":2,\"name\":\"Data Centre Services\",\"item\":\"https:\\\/\\\/willowtechgroup.com\\\/data-centre-services\\\/\"},{\"@type\":\"ListItem\",\"position\":3,\"name\":\"Upgrades &#038; Migrations\"}]},{\"@type\":\"WebSite\",\"@id\":\"https:\\\/\\\/willowtechgroup.com\\\/#website\",\"url\":\"https:\\\/\\\/willowtechgroup.com\\\/\",\"name\":\"WillowTech Group\",\"description\":\"IT Consultation &amp; Services\",\"publisher\":{\"@id\":\"https:\\\/\\\/willowtechgroup.com\\\/#organization\"},\"potentialAction\":[{\"@type\":\"SearchAction\",\"target\":{\"@type\":\"EntryPoint\",\"urlTemplate\":\"https:\\\/\\\/willowtechgroup.com\\\/?s={search_term_string}\"},\"query-input\":{\"@type\":\"PropertyValueSpecification\",\"valueRequired\":true,\"valueName\":\"search_term_string\"}}],\"inLanguage\":\"de\"},{\"@type\":\"Organization\",\"@id\":\"https:\\\/\\\/willowtechgroup.com\\\/#organization\",\"name\":\"WillowTech Group\",\"url\":\"https:\\\/\\\/willowtechgroup.com\\\/\",\"logo\":{\"@type\":\"ImageObject\",\"inLanguage\":\"de\",\"@id\":\"https:\\\/\\\/willowtechgroup.com\\\/#\\\/schema\\\/logo\\\/image\\\/\",\"url\":\"https:\\\/\\\/willowtechgroup.com\\\/wp-content\\\/uploads\\\/2018\\\/10\\\/Logo-290X70-3.svg\",\"contentUrl\":\"https:\\\/\\\/willowtechgroup.com\\\/wp-content\\\/uploads\\\/2018\\\/10\\\/Logo-290X70-3.svg\",\"width\":\"1024\",\"height\":\"1024\",\"caption\":\"WillowTech Group\"},\"image\":{\"@id\":\"https:\\\/\\\/willowtechgroup.com\\\/#\\\/schema\\\/logo\\\/image\\\/\"}}]}<\/script>\n<!-- \/ Yoast SEO plugin. -->","yoast_head_json":{"title":"Upgrades & Migrations - WillowTech Group","robots":{"index":"index","follow":"follow","max-snippet":"max-snippet:-1","max-image-preview":"max-image-preview:large","max-video-preview":"max-video-preview:-1"},"canonical":"https:\/\/willowtechgroup.com\/de\/data-centre-services\/upgrades-migrations\/","og_locale":"de_DE","og_type":"article","og_title":"Upgrades & Migrations - WillowTech Group","og_url":"https:\/\/willowtechgroup.com\/de\/data-centre-services\/upgrades-migrations\/","og_site_name":"WillowTech Group","article_modified_time":"2026-04-20T08:51:31+00:00","twitter_card":"summary_large_image","twitter_misc":{"Gesch\u00e4tzte Lesezeit":"4\u00a0Minuten"},"schema":{"@context":"https:\/\/schema.org","@graph":[{"@type":"WebPage","@id":"https:\/\/willowtechgroup.com\/data-centre-services\/upgrades-migrations\/","url":"https:\/\/willowtechgroup.com\/data-centre-services\/upgrades-migrations\/","name":"Upgrades & Migrations - WillowTech Group","isPartOf":{"@id":"https:\/\/willowtechgroup.com\/#website"},"datePublished":"2026-04-14T13:32:38+00:00","dateModified":"2026-04-20T08:51:31+00:00","breadcrumb":{"@id":"https:\/\/willowtechgroup.com\/data-centre-services\/upgrades-migrations\/#breadcrumb"},"inLanguage":"de","potentialAction":[{"@type":"ReadAction","target":["https:\/\/willowtechgroup.com\/data-centre-services\/upgrades-migrations\/"]}]},{"@type":"BreadcrumbList","@id":"https:\/\/willowtechgroup.com\/data-centre-services\/upgrades-migrations\/#breadcrumb","itemListElement":[{"@type":"ListItem","position":1,"name":"Home","item":"https:\/\/willowtechgroup.com\/"},{"@type":"ListItem","position":2,"name":"Data Centre Services","item":"https:\/\/willowtechgroup.com\/data-centre-services\/"},{"@type":"ListItem","position":3,"name":"Upgrades &#038; Migrations"}]},{"@type":"WebSite","@id":"https:\/\/willowtechgroup.com\/#website","url":"https:\/\/willowtechgroup.com\/","name":"WillowTech-Gruppe","description":"IT-Beratung &amp; Services","publisher":{"@id":"https:\/\/willowtechgroup.com\/#organization"},"potentialAction":[{"@type":"SearchAction","target":{"@type":"EntryPoint","urlTemplate":"https:\/\/willowtechgroup.com\/?s={search_term_string}"},"query-input":{"@type":"PropertyValueSpecification","valueRequired":true,"valueName":"search_term_string"}}],"inLanguage":"de"},{"@type":"Organization","@id":"https:\/\/willowtechgroup.com\/#organization","name":"WillowTech-Gruppe","url":"https:\/\/willowtechgroup.com\/","logo":{"@type":"ImageObject","inLanguage":"de","@id":"https:\/\/willowtechgroup.com\/#\/schema\/logo\/image\/","url":"https:\/\/willowtechgroup.com\/wp-content\/uploads\/2018\/10\/Logo-290X70-3.svg","contentUrl":"https:\/\/willowtechgroup.com\/wp-content\/uploads\/2018\/10\/Logo-290X70-3.svg","width":"1024","height":"1024","caption":"WillowTech Group"},"image":{"@id":"https:\/\/willowtechgroup.com\/#\/schema\/logo\/image\/"}}]}},"_links":{"self":[{"href":"https:\/\/willowtechgroup.com\/de\/wp-json\/wp\/v2\/pages\/5782","targetHints":{"allow":["GET"]}}],"collection":[{"href":"https:\/\/willowtechgroup.com\/de\/wp-json\/wp\/v2\/pages"}],"about":[{"href":"https:\/\/willowtechgroup.com\/de\/wp-json\/wp\/v2\/types\/page"}],"author":[{"embeddable":true,"href":"https:\/\/willowtechgroup.com\/de\/wp-json\/wp\/v2\/users\/1"}],"replies":[{"embeddable":true,"href":"https:\/\/willowtechgroup.com\/de\/wp-json\/wp\/v2\/comments?post=5782"}],"version-history":[{"count":7,"href":"https:\/\/willowtechgroup.com\/de\/wp-json\/wp\/v2\/pages\/5782\/revisions"}],"predecessor-version":[{"id":5832,"href":"https:\/\/willowtechgroup.com\/de\/wp-json\/wp\/v2\/pages\/5782\/revisions\/5832"}],"up":[{"embeddable":true,"href":"https:\/\/willowtechgroup.com\/de\/wp-json\/wp\/v2\/pages\/5599"}],"wp:attachment":[{"href":"https:\/\/willowtechgroup.com\/de\/wp-json\/wp\/v2\/media?parent=5782"}],"curies":[{"name":"wp","href":"https:\/\/api.w.org\/{rel}","templated":true}]}}