{"id":5843,"date":"2026-04-22T08:08:27","date_gmt":"2026-04-22T07:08:27","guid":{"rendered":"https:\/\/willowtechgroup.com\/?page_id=5843"},"modified":"2026-04-22T15:01:09","modified_gmt":"2026-04-22T14:01:09","slug":"about-us","status":"publish","type":"page","link":"https:\/\/willowtechgroup.com\/de\/about-us\/","title":{"rendered":"\u00dcber uns"},"content":{"rendered":"<section class=\"wpb-content-wrapper\"><div id=\"tm-row-6a0089978ff50\" data-vc-full-width=\"true\" data-vc-full-width-init=\"false\" class=\"vc_row vc_row-outer vc_row-fluid\"><div id=\"tm-column-6a008997902e2\" class=\"wpb_column vc_column_container vc_col-sm-12\"><div class=\"vc_column-inner\"><div class=\"wpb_wrapper\"><div class=\"tm-spacer\" id=\"tm-spacer-6a00899790477\"><\/div>\n\n<div class=\"tm-heading  center tm-animation move-up\" id=\"tm-heading-6a00899790559\">\n\t<h3 class=\"heading\" >Wer wir sind<\/h3><\/div>\n\n<div class=\"tm-spacer\" id=\"tm-spacer-6a00899790810\"><\/div>\n\n<div class=\"tm-heading  center tm-animation move-up\" id=\"tm-heading-6a008997908a4\">\n\t<div class=\"heading\" >Die WillowTech Group ist ein spezialisiertes Netzwerkdienstleistungsunternehmen, das sich ausschlie\u00dflich auf den Telekommunikationssektor konzentriert. Wir arbeiten direkt mit Telekommunikationsbetreibern und Serviceprovidern zusammen und bieten ihnen einen vertrauensw\u00fcrdigen, zentralen Ansprechpartner f\u00fcr alle ihre Netzwerk-Support-Anforderungen.<br \/>\nUnser in Gro\u00dfbritannien gegr\u00fcndetes Team ist ein spezialisiertes Netzwerk von Ingenieuren und Beratern mit jahrzehntelanger Erfahrung im Bereich Telekommunikationsinfrastruktur. Wir haben bereits erfolgreich Projekte in EMEA, APAC, CALA und der GUS-Region realisiert.<\/div><\/div>\n\n<div class=\"tm-spacer\" id=\"tm-spacer-6a00899790b1c\"><\/div>\n<\/div><\/div><\/div><\/div><div class=\"vc_row-full-width vc_clearfix\"><\/div><div id=\"tm-row-6a00899790c0f\" data-vc-full-width=\"true\" data-vc-full-width-init=\"false\" class=\"vc_row vc_row-outer vc_row-fluid\"><div id=\"tm-column-6a0089979113c\" class=\"wpb_column vc_column_container vc_col-sm-12\"><div class=\"vc_column-inner\"><div class=\"wpb_wrapper\"><div id=\"tm-row-inner-6a00899791371\" class=\"vc_row vc_inner vc_row-fluid vc_row-o-equal-height vc_row-flex\"><div id=\"tm-column-inner-6a008997915b6\" class=\"wpb_column vc_column_container vc_col-sm-6\"><div class=\"vc_column-inner\"><div class=\"wpb_wrapper\"><div class=\"tm-spacer\" id=\"tm-spacer-6a008997919cb\"><\/div>\n<\/div><\/div><\/div><div id=\"tm-column-inner-6a00899791ad6\" class=\"wpb_column vc_column_container vc_col-sm-6\"><div class=\"vc_column-inner\"><div class=\"wpb_wrapper\">\n<div class=\"tm-heading  left tm-animation move-up\" id=\"tm-heading-6a00899791cd0\">\n\t<h3 class=\"heading\" >Was wir tun<\/h3><\/div>\n\n\n<div class=\"tm-heading vc_custom_1776693076589  left tm-animation move-up\" id=\"tm-heading-6a00899791fbc\">\n\t<div class=\"heading\" >Wir bieten ein umfassendes Angebot an Netzwerkdiensten, die den gesamten Lebenszyklus des Betriebs von Telekommunikationsnetzen unterst\u00fctzen:<\/p>\n<ul>\n<li><b>Unterst\u00fctzung f\u00fcr Multi-Vendor-Netzwerke<\/b><br \/>\nUmfassende Unterst\u00fctzung f\u00fcr alle wichtigen Anbieter und Technologiebereiche, von RAN \u00fcber Kernnetz bis hin zu Transportnetzen.<\/li>\n<li><b>Beschaffungs- und Netzwerkstrategie<\/b><br \/>\nStrategische Beratung und Beschaffungsdienstleistungen zur Unterst\u00fctzung von Netzbetreibern bei der Planung und Weiterentwicklung ihrer Netzwerkinvestitionen.<\/li>\n<li><b>Telco Cloud &amp; Orchestration<\/b><br \/>\nExpertise in virtualisierten Netzwerkfunktionen, Cloud-nativen Architekturen und Service-Orchestrierung.<\/li>\n<li><b>Offene Netzwerke &amp; Forschung &amp; Entwicklung<\/b><br \/>\nForschungs- und Entwicklungsf\u00f6rderung f\u00fcr offene Netzwerkinitiativen und Architekturen der n\u00e4chsten Generation.<\/li>\n<li><b>Netzwerk-Profidienstleistungen<\/b><br \/>\nDienstleistungen in den Bereichen Design, Planung, Implementierung, Optimierung, Transformation und Stilllegung.<\/li>\n<\/ul>\n<p><\/div><\/div>\n\n<\/div><\/div><\/div><\/div><\/div><\/div><\/div><\/div><div class=\"vc_row-full-width vc_clearfix\"><\/div><div id=\"tm-row-6a008997923a9\" class=\"vc_row vc_row-outer vc_row-fluid\"><div id=\"tm-column-6a008997925c7\" class=\"wpb_column vc_column_container vc_col-sm-12\"><div class=\"vc_column-inner\"><div class=\"wpb_wrapper\"><\/div><\/div><\/div><\/div><div id=\"tm-row-6a00899792826\" class=\"vc_row vc_row-outer vc_row-fluid vc_row-o-equal-height vc_row-flex\"><div id=\"tm-column-6a00899792a9c\" class=\"wpb_column vc_column_container vc_col-sm-12\"><div class=\"vc_column-inner\"><div class=\"wpb_wrapper\"><div id=\"tm-row-inner-6a00899792ce2\" class=\"vc_row vc_inner vc_row-fluid\"><div id=\"tm-column-inner-6a00899792f2a\" class=\"wpb_column vc_column_container vc_col-sm-12\"><div class=\"vc_column-inner\"><div class=\"wpb_wrapper\">\n<div class=\"tm-heading  left tm-animation move-up\" id=\"tm-heading-6a0089979314f\">\n\t<h3 class=\"heading\" >Wem wir dienen<\/h3><\/div>\n\n\n<div class=\"tm-heading vc_custom_1776751650387  left tm-animation move-up\" id=\"tm-heading-6a00899793453\">\n\t<div class=\"heading\" >WillowTech arbeitet ausschlie\u00dflich mit Organisationen im Telekommunikationssektor zusammen:<\/div><\/div>\n\n<div class=\"tm-spacer\" id=\"tm-spacer-6a008997936db\"><\/div>\n<div class=\"tm-spacer\" id=\"tm-spacer-6a00899793700\"><\/div>\n\n\n\t<div class=\"tm-list  style-circle-02 tm-animation move-up\" id=\"tm-list-6a0089979378e\">\n\t\t\t\t\t<div class=\"list-item\">\n\n\t\t\t\t<div class=\"list-header\">\n\t\t\t\t\t<div class=\"marker\">\n\n\t\t\t\t\t\t\n\t\t\t\t\t<\/div>\n\n\t\t\t\t\t<div class=\"title-wrap\">\n\t\t\t\t\t\t\t\t\t\t\t\t\t<h6 class=\"title\">\n\t\t\t\t\t\t\t\t\t\t\t\t\t\t\t\t\tMobilfunknetzbetreiber (MNOs)\n\t\t\t\t\t\t\t\t\t\n\t\t\t\t\t\t\t\t\t\t\t\t\t\t\t\t<\/h6>\n\t\t\t\t\t\t\n\t\t\t\t\t\t\t\t\t\t\t\t\t\t\t\t\t\t\t\t\t\t\t\t<\/div>\n\t\t\t\t<\/div>\n\n\t\t\t\t\n\t\t\t<\/div>\n\t\t\t\t\t<div class=\"list-item\">\n\n\t\t\t\t<div class=\"list-header\">\n\t\t\t\t\t<div class=\"marker\">\n\n\t\t\t\t\t\t\n\t\t\t\t\t<\/div>\n\n\t\t\t\t\t<div class=\"title-wrap\">\n\t\t\t\t\t\t\t\t\t\t\t\t\t<h6 class=\"title\">\n\t\t\t\t\t\t\t\t\t\t\t\t\t\t\t\t\tFestnetz- und Breitbandanbieter\n\t\t\t\t\t\t\t\t\t\n\t\t\t\t\t\t\t\t\t\t\t\t\t\t\t\t<\/h6>\n\t\t\t\t\t\t\n\t\t\t\t\t\t\t\t\t\t\t\t\t\t\t\t\t\t\t\t\t\t\t\t<\/div>\n\t\t\t\t<\/div>\n\n\t\t\t\t\n\t\t\t<\/div>\n\t\t\t\t\t<div class=\"list-item\">\n\n\t\t\t\t<div class=\"list-header\">\n\t\t\t\t\t<div class=\"marker\">\n\n\t\t\t\t\t\t\n\t\t\t\t\t<\/div>\n\n\t\t\t\t\t<div class=\"title-wrap\">\n\t\t\t\t\t\t\t\t\t\t\t\t\t<h6 class=\"title\">\n\t\t\t\t\t\t\t\t\t\t\t\t\t\t\t\t\tManaged Service Provider (MSPs) mit Telekommunikationsinfrastruktur\n\t\t\t\t\t\t\t\t\t\n\t\t\t\t\t\t\t\t\t\t\t\t\t\t\t\t<\/h6>\n\t\t\t\t\t\t\n\t\t\t\t\t\t\t\t\t\t\t\t\t\t\t\t\t\t\t\t\t\t\t\t<\/div>\n\t\t\t\t<\/div>\n\n\t\t\t\t\n\t\t\t<\/div>\n\t\t\t\t\t<div class=\"list-item\">\n\n\t\t\t\t<div class=\"list-header\">\n\t\t\t\t\t<div class=\"marker\">\n\n\t\t\t\t\t\t\n\t\t\t\t\t<\/div>\n\n\t\t\t\t\t<div class=\"title-wrap\">\n\t\t\t\t\t\t\t\t\t\t\t\t\t<h6 class=\"title\">\n\t\t\t\t\t\t\t\t\t\t\t\t\t\t\t\t\tGro\u00dfh\u00e4ndler und Spediteure\n\t\t\t\t\t\t\t\t\t\n\t\t\t\t\t\t\t\t\t\t\t\t\t\t\t\t<\/h6>\n\t\t\t\t\t\t\n\t\t\t\t\t\t\t\t\t\t\t\t\t\t\t\t\t\t\t\t\t\t\t\t<\/div>\n\t\t\t\t<\/div>\n\n\t\t\t\t\n\t\t\t<\/div>\n\t\t\t\t\t<div class=\"list-item\">\n\n\t\t\t\t<div class=\"list-header\">\n\t\t\t\t\t<div class=\"marker\">\n\n\t\t\t\t\t\t\n\t\t\t\t\t<\/div>\n\n\t\t\t\t\t<div class=\"title-wrap\">\n\t\t\t\t\t\t\t\t\t\t\t\t\t<h6 class=\"title\">\n\t\t\t\t\t\t\t\t\t\t\t\t\t\t\t\t\tEigent\u00fcmer der Netzwerkinfrastruktur und neutrale Hosts\n\t\t\t\t\t\t\t\t\t\n\t\t\t\t\t\t\t\t\t\t\t\t\t\t\t\t<\/h6>\n\t\t\t\t\t\t\n\t\t\t\t\t\t\t\t\t\t\t\t\t\t\t\t\t\t\t\t\t\t\t\t<\/div>\n\t\t\t\t<\/div>\n\n\t\t\t\t\n\t\t\t<\/div>\n\t\t\t<\/div>\n\n\t<div class=\"tm-spacer\" id=\"tm-spacer-6a00899793bbc\"><\/div>\n<\/div><\/div><\/div><\/div><\/div><\/div><\/div><\/div><div id=\"tm-row-6a00899793ced\" class=\"vc_row vc_row-outer vc_row-fluid vc_row-o-equal-height vc_row-flex\"><div id=\"tm-column-6a00899793f80\" class=\"wpb_column vc_column_container vc_col-sm-12\"><div class=\"vc_column-inner\"><div class=\"wpb_wrapper\"><div id=\"tm-row-inner-6a008997941c7\" class=\"vc_row vc_inner vc_row-fluid\"><div id=\"tm-column-inner-6a008997944f2\" class=\"wpb_column vc_column_container vc_col-sm-12\"><div class=\"vc_column-inner\"><div class=\"wpb_wrapper\">\n<div class=\"tm-heading  center tm-animation move-up\" id=\"tm-heading-6a008997946d3\">\n\t<h3 class=\"heading\" >Abgedeckte Technologien<\/h3><\/div>\n\n\n<div class=\"tm-heading vc_custom_1776840873644  center tm-animation move-up\" id=\"tm-heading-6a008997949b7\">\n\t<div class=\"heading\" >Unsere Spezialisten decken die gesamte Bandbreite moderner Telekommunikationsnetzwerktechnologie ab:<\/div><\/div>\n\n<div class=\"tm-spacer\" id=\"tm-spacer-6a00899794c32\"><\/div>\n<\/div><\/div><\/div><\/div><div id=\"tm-row-inner-6a00899794d04\" class=\"vc_row vc_inner vc_row-fluid col-sp-2\"><div id=\"tm-column-inner-6a00899794ee8\" class=\"wpb_column vc_column_container vc_col-sm-3\"><div class=\"vc_column-inner\"><div class=\"wpb_wrapper\"><div class=\"tm-box-icon  style-2 style-align-center tm-animation move-up\" id=\"tm-box-icon-6a00899795097\">\n\t\t<div class=\"content-wrap\">\n\n\t\n\t\n\t<div class=\"content\">\n\t\t<div class=\"box-header\">\n\t\t\t\t\t\t\t<h4 class=\"heading\">\n\t\t\t\t\t\n\t\t\t\t\t\tRAN\n\t\t\t\t\t\t\n\t\t\t\t<\/h4>\n\t\t\t\t\t<\/div>\n\n\t\t\t\t\t<div class=\"text\">2G\u20135G-Funkzugangsnetze<\/div>\t\t\n\t\t\t\t\t\t\t\n\t\t\t<\/div>\n<\/div>\n<\/div>\n<\/div><\/div><\/div><div id=\"tm-column-inner-6a0089979576c\" class=\"wpb_column vc_column_container vc_col-sm-3\"><div class=\"vc_column-inner\"><div class=\"wpb_wrapper\"><div class=\"tm-box-icon  style-2 style-align-center tm-animation move-up\" id=\"tm-box-icon-6a008997958f7\">\n\t\t<div class=\"content-wrap\">\n\n\t\n\t\n\t<div class=\"content\">\n\t\t<div class=\"box-header\">\n\t\t\t\t\t\t\t<h4 class=\"heading\">\n\t\t\t\t\t\n\t\t\t\t\t\tKern\n\t\t\t\t\t\t\n\t\t\t\t<\/h4>\n\t\t\t\t\t<\/div>\n\n\t\t\t\t\t<div class=\"text\">Lade- und Abrechnungssysteme<\/div>\t\t\n\t\t\t\t\t\t\t\n\t\t\t<\/div>\n<\/div>\n<\/div>\n<\/div><\/div><\/div><div id=\"tm-column-inner-6a00899795fb3\" class=\"wpb_column vc_column_container vc_col-sm-3\"><div class=\"vc_column-inner\"><div class=\"wpb_wrapper\"><div class=\"tm-box-icon  style-2 style-align-center tm-animation move-up\" id=\"tm-box-icon-6a0089979613b\">\n\t\t<div class=\"content-wrap\">\n\n\t\n\t\n\t<div class=\"content\">\n\t\t<div class=\"box-header\">\n\t\t\t\t\t\t\t<h4 class=\"heading\">\n\t\t\t\t\t\n\t\t\t\t\t\tFestnetz \/ IP\n\t\t\t\t\t\t\n\t\t\t\t<\/h4>\n\t\t\t\t\t<\/div>\n\n\t\t\t\t\t<div class=\"text\">\u00dcbertragung und Mikrowelle<\/div>\t\t\n\t\t\t\t\t\t\t\n\t\t\t<\/div>\n<\/div>\n<\/div>\n<\/div><\/div><\/div><div id=\"tm-column-inner-6a008997967e5\" class=\"wpb_column vc_column_container vc_col-sm-3\"><div class=\"vc_column-inner\"><div class=\"wpb_wrapper\"><div class=\"tm-box-icon  style-2 style-align-center tm-animation move-up\" id=\"tm-box-icon-6a0089979696a\">\n\t\t<div class=\"content-wrap\">\n\n\t\n\t\n\t<div class=\"content\">\n\t\t<div class=\"box-header\">\n\t\t\t\t\t\t\t<h4 class=\"heading\">\n\t\t\t\t\t\n\t\t\t\t\t\tNMS \/ OSS\n\t\t\t\t\t\t\n\t\t\t\t<\/h4>\n\t\t\t\t\t<\/div>\n\n\t\t\t\t\t<div class=\"text\">Netzwerksteuerung und -orchestrierung<\/div>\t\t\n\t\t\t\t\t\t\t\n\t\t\t<\/div>\n<\/div>\n<\/div>\n<\/div><\/div><\/div><\/div><\/div><\/div><\/div><\/div><div id=\"tm-row-6a00899797108\" class=\"vc_row vc_row-outer vc_row-fluid\"><div id=\"tm-column-6a00899797315\" class=\"wpb_column vc_column_container vc_col-sm-12\"><div class=\"vc_column-inner\"><div class=\"wpb_wrapper\">\n\t<div class=\"wpb_text_column wpb_content_element\" >\n\t\t<div class=\"wpb_wrapper\">\n\t\t\t\n\t\t<\/div>\n\t<\/div>\n<\/div><\/div><\/div><\/div><div id=\"tm-row-6a00899797578\" data-vc-full-width=\"true\" data-vc-full-width-init=\"false\" class=\"vc_row vc_row-outer vc_row-fluid\"><div id=\"tm-column-6a008997977d3\" class=\"wpb_column vc_column_container vc_col-sm-12\"><div class=\"vc_column-inner\"><div class=\"wpb_wrapper\">\n\t<div class=\"wpb_raw_code wpb_content_element wpb_raw_html\" >\n\t\t<div class=\"wpb_wrapper\">\n\t\t\t<style>\n#tm-row-inner-69e870d0e1525 > .wpb_column:last-child .tm-box-icon.style-2 .content-wrap {\n    padding-bottom: 0px !important;\n}\n<\/style>\n\t\t<\/div>\n\t<\/div>\n<\/div><\/div><\/div><\/div><div class=\"vc_row-full-width vc_clearfix\"><\/div>\n<\/section>","protected":false},"excerpt":{"rendered":"Who we are WillowTech Group is a specialist network services company focused exclusively on the telecommunications sector. We work directly with Telecom Operators and Service Providers, giving them access to a trusted, single point of contact for all their network support needs. Founded in the UK, our team is a niche network of engineers and consultants with decades of combined experience in telecom infrastructure. We have successfully delivered projects across EMEA, APAC, CALA and the CIS region. What we do We provide a comprehensive range of Network Services designed to support the full lifecycle of telecom network operations: Multi-Vendor Network Support End-to-end support across all major vendors and technology domains, from RAN to core and transport. Procurement & Network Strategy Strategic guidance and procurement services to help operators plan and evolve their network investments. Telco Cloud & Orchestration Expertise in virtualised network functions, cloud-native architectures and service orchestration. Open Networks & R&D Research and development support for open network initiatives and next-generation architectures. Network Professional Services Design, planning, deployment, optimisation, transformation and decommissioning services. Who we serve WillowTech works exclusively with organisations in the telecommunications sector: Mobile Network Operators (MNOs) Fixed-Line and Broadband Service Providers Managed Service Providers (MSPs) with telecom infrastructure Wholesale and Carrier operators Network infrastructure owners and neutral hosts Technologies covered Our specialists cover the full breadth of modern telecom network technology: RAN 2G\u20135G radio access networks Core Charging & billing systems Fixed \/ IP Transmission & microwave NMS \/ OSS Network control & orchestration","protected":false},"author":1,"featured_media":0,"parent":0,"menu_order":0,"comment_status":"closed","ping_status":"closed","template":"","meta":{"content-type":"","footnotes":""},"class_list":["post-5843","page","type-page","status-publish","hentry"],"yoast_head":"<!-- This site is optimized with the Yoast SEO plugin v27.4 - https:\/\/yoast.com\/product\/yoast-seo-wordpress\/ -->\n<title>About us - WillowTech Group<\/title>\n<meta name=\"robots\" content=\"index, follow, max-snippet:-1, max-image-preview:large, max-video-preview:-1\" \/>\n<link rel=\"canonical\" href=\"https:\/\/willowtechgroup.com\/de\/about-us\/\" \/>\n<meta property=\"og:locale\" content=\"de_DE\" \/>\n<meta property=\"og:type\" content=\"article\" \/>\n<meta property=\"og:title\" content=\"About us - WillowTech Group\" \/>\n<meta property=\"og:url\" content=\"https:\/\/willowtechgroup.com\/de\/about-us\/\" \/>\n<meta property=\"og:site_name\" content=\"WillowTech Group\" \/>\n<meta property=\"article:modified_time\" content=\"2026-04-22T14:01:09+00:00\" \/>\n<meta name=\"twitter:card\" content=\"summary_large_image\" \/>\n<meta name=\"twitter:label1\" content=\"Gesch\u00e4tzte Lesezeit\" \/>\n\t<meta name=\"twitter:data1\" content=\"3\u00a0Minuten\" \/>\n<script type=\"application\/ld+json\" class=\"yoast-schema-graph\">{\"@context\":\"https:\\\/\\\/schema.org\",\"@graph\":[{\"@type\":\"WebPage\",\"@id\":\"https:\\\/\\\/willowtechgroup.com\\\/about-us\\\/\",\"url\":\"https:\\\/\\\/willowtechgroup.com\\\/about-us\\\/\",\"name\":\"About us - WillowTech Group\",\"isPartOf\":{\"@id\":\"https:\\\/\\\/willowtechgroup.com\\\/#website\"},\"datePublished\":\"2026-04-22T07:08:27+00:00\",\"dateModified\":\"2026-04-22T14:01:09+00:00\",\"breadcrumb\":{\"@id\":\"https:\\\/\\\/willowtechgroup.com\\\/about-us\\\/#breadcrumb\"},\"inLanguage\":\"de\",\"potentialAction\":[{\"@type\":\"ReadAction\",\"target\":[\"https:\\\/\\\/willowtechgroup.com\\\/about-us\\\/\"]}]},{\"@type\":\"BreadcrumbList\",\"@id\":\"https:\\\/\\\/willowtechgroup.com\\\/about-us\\\/#breadcrumb\",\"itemListElement\":[{\"@type\":\"ListItem\",\"position\":1,\"name\":\"Home\",\"item\":\"https:\\\/\\\/willowtechgroup.com\\\/\"},{\"@type\":\"ListItem\",\"position\":2,\"name\":\"About us\"}]},{\"@type\":\"WebSite\",\"@id\":\"https:\\\/\\\/willowtechgroup.com\\\/#website\",\"url\":\"https:\\\/\\\/willowtechgroup.com\\\/\",\"name\":\"WillowTech Group\",\"description\":\"IT Consultation &amp; Services\",\"publisher\":{\"@id\":\"https:\\\/\\\/willowtechgroup.com\\\/#organization\"},\"potentialAction\":[{\"@type\":\"SearchAction\",\"target\":{\"@type\":\"EntryPoint\",\"urlTemplate\":\"https:\\\/\\\/willowtechgroup.com\\\/?s={search_term_string}\"},\"query-input\":{\"@type\":\"PropertyValueSpecification\",\"valueRequired\":true,\"valueName\":\"search_term_string\"}}],\"inLanguage\":\"de\"},{\"@type\":\"Organization\",\"@id\":\"https:\\\/\\\/willowtechgroup.com\\\/#organization\",\"name\":\"WillowTech Group\",\"url\":\"https:\\\/\\\/willowtechgroup.com\\\/\",\"logo\":{\"@type\":\"ImageObject\",\"inLanguage\":\"de\",\"@id\":\"https:\\\/\\\/willowtechgroup.com\\\/#\\\/schema\\\/logo\\\/image\\\/\",\"url\":\"https:\\\/\\\/willowtechgroup.com\\\/wp-content\\\/uploads\\\/2018\\\/10\\\/Logo-290X70-3.svg\",\"contentUrl\":\"https:\\\/\\\/willowtechgroup.com\\\/wp-content\\\/uploads\\\/2018\\\/10\\\/Logo-290X70-3.svg\",\"width\":\"1024\",\"height\":\"1024\",\"caption\":\"WillowTech Group\"},\"image\":{\"@id\":\"https:\\\/\\\/willowtechgroup.com\\\/#\\\/schema\\\/logo\\\/image\\\/\"}}]}<\/script>\n<!-- \/ Yoast SEO plugin. -->","yoast_head_json":{"title":"About us - WillowTech Group","robots":{"index":"index","follow":"follow","max-snippet":"max-snippet:-1","max-image-preview":"max-image-preview:large","max-video-preview":"max-video-preview:-1"},"canonical":"https:\/\/willowtechgroup.com\/de\/about-us\/","og_locale":"de_DE","og_type":"article","og_title":"About us - WillowTech Group","og_url":"https:\/\/willowtechgroup.com\/de\/about-us\/","og_site_name":"WillowTech Group","article_modified_time":"2026-04-22T14:01:09+00:00","twitter_card":"summary_large_image","twitter_misc":{"Gesch\u00e4tzte Lesezeit":"3\u00a0Minuten"},"schema":{"@context":"https:\/\/schema.org","@graph":[{"@type":"WebPage","@id":"https:\/\/willowtechgroup.com\/about-us\/","url":"https:\/\/willowtechgroup.com\/about-us\/","name":"About us - WillowTech Group","isPartOf":{"@id":"https:\/\/willowtechgroup.com\/#website"},"datePublished":"2026-04-22T07:08:27+00:00","dateModified":"2026-04-22T14:01:09+00:00","breadcrumb":{"@id":"https:\/\/willowtechgroup.com\/about-us\/#breadcrumb"},"inLanguage":"de","potentialAction":[{"@type":"ReadAction","target":["https:\/\/willowtechgroup.com\/about-us\/"]}]},{"@type":"BreadcrumbList","@id":"https:\/\/willowtechgroup.com\/about-us\/#breadcrumb","itemListElement":[{"@type":"ListItem","position":1,"name":"Home","item":"https:\/\/willowtechgroup.com\/"},{"@type":"ListItem","position":2,"name":"About us"}]},{"@type":"WebSite","@id":"https:\/\/willowtechgroup.com\/#website","url":"https:\/\/willowtechgroup.com\/","name":"WillowTech-Gruppe","description":"IT-Beratung &amp; Services","publisher":{"@id":"https:\/\/willowtechgroup.com\/#organization"},"potentialAction":[{"@type":"SearchAction","target":{"@type":"EntryPoint","urlTemplate":"https:\/\/willowtechgroup.com\/?s={search_term_string}"},"query-input":{"@type":"PropertyValueSpecification","valueRequired":true,"valueName":"search_term_string"}}],"inLanguage":"de"},{"@type":"Organization","@id":"https:\/\/willowtechgroup.com\/#organization","name":"WillowTech-Gruppe","url":"https:\/\/willowtechgroup.com\/","logo":{"@type":"ImageObject","inLanguage":"de","@id":"https:\/\/willowtechgroup.com\/#\/schema\/logo\/image\/","url":"https:\/\/willowtechgroup.com\/wp-content\/uploads\/2018\/10\/Logo-290X70-3.svg","contentUrl":"https:\/\/willowtechgroup.com\/wp-content\/uploads\/2018\/10\/Logo-290X70-3.svg","width":"1024","height":"1024","caption":"WillowTech Group"},"image":{"@id":"https:\/\/willowtechgroup.com\/#\/schema\/logo\/image\/"}}]}},"_links":{"self":[{"href":"https:\/\/willowtechgroup.com\/de\/wp-json\/wp\/v2\/pages\/5843","targetHints":{"allow":["GET"]}}],"collection":[{"href":"https:\/\/willowtechgroup.com\/de\/wp-json\/wp\/v2\/pages"}],"about":[{"href":"https:\/\/willowtechgroup.com\/de\/wp-json\/wp\/v2\/types\/page"}],"author":[{"embeddable":true,"href":"https:\/\/willowtechgroup.com\/de\/wp-json\/wp\/v2\/users\/1"}],"replies":[{"embeddable":true,"href":"https:\/\/willowtechgroup.com\/de\/wp-json\/wp\/v2\/comments?post=5843"}],"version-history":[{"count":33,"href":"https:\/\/willowtechgroup.com\/de\/wp-json\/wp\/v2\/pages\/5843\/revisions"}],"predecessor-version":[{"id":5941,"href":"https:\/\/willowtechgroup.com\/de\/wp-json\/wp\/v2\/pages\/5843\/revisions\/5941"}],"wp:attachment":[{"href":"https:\/\/willowtechgroup.com\/de\/wp-json\/wp\/v2\/media?parent=5843"}],"curies":[{"name":"wp","href":"https:\/\/api.w.org\/{rel}","templated":true}]}}