{"id":5875,"date":"2026-04-22T08:15:59","date_gmt":"2026-04-22T07:15:59","guid":{"rendered":"https:\/\/willowtechgroup.com\/?page_id=5875"},"modified":"2026-04-22T10:09:49","modified_gmt":"2026-04-22T09:09:49","slug":"nms-oss-network","status":"publish","type":"page","link":"https:\/\/willowtechgroup.com\/de\/nms-oss-network\/","title":{"rendered":"NMS \/ OSS-Netzwerk"},"content":{"rendered":"<section class=\"wpb-content-wrapper\"><div id=\"tm-row-6a0462ee3d73f\" data-vc-full-width=\"true\" data-vc-full-width-init=\"false\" class=\"vc_row vc_row-outer vc_row-fluid\"><div id=\"tm-column-6a0462ee3da8c\" class=\"wpb_column vc_column_container vc_col-sm-12\"><div class=\"vc_column-inner\"><div class=\"wpb_wrapper\"><div class=\"tm-spacer\" id=\"tm-spacer-6a0462ee3dc24\"><\/div>\n\n<div class=\"tm-heading  center tm-animation move-up\" id=\"tm-heading-6a0462ee3dceb\">\n\t<h3 class=\"heading\" >NMS \/ OSS-Netzwerk<\/h3><\/div>\n\n<div class=\"tm-spacer\" id=\"tm-spacer-6a0462ee3df81\"><\/div>\n\n<div class=\"tm-heading  center tm-animation move-up\" id=\"tm-heading-6a0462ee3e00f\">\n\t<div class=\"heading\" >Netzwerkmanagementsysteme (NMS) und Betriebssysteme (OSS) bilden das operative R\u00fcckgrat jedes Telekommunikationsnetzes. Sie bieten Betreibern einheitliche Transparenz, Kontrolle und Automatisierung \u00fcber den gesamten Netzwerklebenszyklus hinweg \u2013 von der Fehlererkennung und Leistungs\u00fcberwachung bis hin zum Konfigurationsmanagement und der Servicebereitstellung.<\/div><\/div>\n\n\n<div class=\"tm-heading vc_custom_1776848503327  center tm-animation move-up\" id=\"tm-heading-6a0462ee3e320\">\n\t<div class=\"heading\" >Mit zunehmender Komplexit\u00e4t der Netze durch 5G RAN, virtualisierte Kernnetze, disaggregierte Transportnetze und Cloud-native Funktionen steigen die Anforderungen an NMS\/OSS-Plattformen stetig. Das Expertenteam von WillowTech unterst\u00fctzt Netzbetreiber bei der Implementierung, Integration und Optimierung dieser Systeme, um einen kontinuierlichen und zuverl\u00e4ssigen Netzwerkbetrieb zu gew\u00e4hrleisten.<\/div><\/div>\n\n<div class=\"tm-spacer\" id=\"tm-spacer-6a0462ee3e5ae\"><\/div>\n<\/div><\/div><\/div><\/div><div class=\"vc_row-full-width vc_clearfix\"><\/div><div id=\"tm-row-6a0462ee3e6a3\" class=\"vc_row vc_row-outer vc_row-fluid vc_row-o-equal-height vc_row-flex\"><div id=\"tm-column-6a0462ee3e916\" class=\"wpb_column vc_column_container vc_col-sm-12\"><div class=\"vc_column-inner\"><div class=\"wpb_wrapper\"><div id=\"tm-row-inner-6a0462ee3eb96\" class=\"vc_row vc_inner vc_row-fluid\"><div id=\"tm-column-inner-6a0462ee3ee13\" class=\"wpb_column vc_column_container vc_col-sm-12\"><div class=\"vc_column-inner\"><div class=\"wpb_wrapper\">\n<div class=\"tm-heading  left tm-animation move-up\" id=\"tm-heading-6a0462ee3f03b\">\n\t<h3 class=\"heading\" >NMS-\/OSS-Funktionen<\/h3><\/div>\n\n\n<div class=\"tm-heading vc_custom_1776842581562  left tm-animation move-up\" id=\"tm-heading-6a0462ee3f332\">\n\t<div class=\"heading\" >Unsere NMS\/OSS-Praxis deckt das gesamte FCAPS-Modell ab und erstreckt sich bis zur modernen Service-Orchestrierung, wodurch Betreiber die heutigen komplexen, heterogenen Netzwerke effektiv verwalten k\u00f6nnen:<\/div><\/div>\n\n<div class=\"tm-spacer\" id=\"tm-spacer-6a0462ee3f5c4\"><\/div>\n<div class=\"tm-spacer\" id=\"tm-spacer-6a0462ee3f5ea\"><\/div>\n\n\n\t<div class=\"tm-list  style-circle tm-animation move-up\" id=\"tm-list-6a0462ee3f65e\">\n\t\t\t\t\t<div class=\"list-item\">\n\n\t\t\t\t<div class=\"list-header\">\n\t\t\t\t\t<div class=\"marker\">\n\n\t\t\t\t\t\t\n\t\t\t\t\t<\/div>\n\n\t\t\t\t\t<div class=\"title-wrap\">\n\t\t\t\t\t\t\t\t\t\t\t\t\t<h6 class=\"title\">\n\t\t\t\t\t\t\t\t\t\t\t\t\t\t\t\t\tFehlermanagement und Alarmkorrelation\n\t\t\t\t\t\t\t\t\t\n\t\t\t\t\t\t\t\t\t\t\t\t\t\t\t\t<\/h6>\n\t\t\t\t\t\t\n\t\t\t\t\t\t\t\t\t\t\t\t\t\t\t\t\t\t\t\t\t\t\t\t<\/div>\n\t\t\t\t<\/div>\n\n\t\t\t\t\n\t\t\t<\/div>\n\t\t\t\t\t<div class=\"list-item\">\n\n\t\t\t\t<div class=\"list-header\">\n\t\t\t\t\t<div class=\"marker\">\n\n\t\t\t\t\t\t\n\t\t\t\t\t<\/div>\n\n\t\t\t\t\t<div class=\"title-wrap\">\n\t\t\t\t\t\t\t\t\t\t\t\t\t<h6 class=\"title\">\n\t\t\t\t\t\t\t\t\t\t\t\t\t\t\t\t\tKonfigurations- und \u00c4nderungsmanagement\n\t\t\t\t\t\t\t\t\t\n\t\t\t\t\t\t\t\t\t\t\t\t\t\t\t\t<\/h6>\n\t\t\t\t\t\t\n\t\t\t\t\t\t\t\t\t\t\t\t\t\t\t\t\t\t\t\t\t\t\t\t<\/div>\n\t\t\t\t<\/div>\n\n\t\t\t\t\n\t\t\t<\/div>\n\t\t\t\t\t<div class=\"list-item\">\n\n\t\t\t\t<div class=\"list-header\">\n\t\t\t\t\t<div class=\"marker\">\n\n\t\t\t\t\t\t\n\t\t\t\t\t<\/div>\n\n\t\t\t\t\t<div class=\"title-wrap\">\n\t\t\t\t\t\t\t\t\t\t\t\t\t<h6 class=\"title\">\n\t\t\t\t\t\t\t\t\t\t\t\t\t\t\t\t\tNetzwerkinventar und Topologie\n\t\t\t\t\t\t\t\t\t\n\t\t\t\t\t\t\t\t\t\t\t\t\t\t\t\t<\/h6>\n\t\t\t\t\t\t\n\t\t\t\t\t\t\t\t\t\t\t\t\t\t\t\t\t\t\t\t\t\t\t\t<\/div>\n\t\t\t\t<\/div>\n\n\t\t\t\t\n\t\t\t<\/div>\n\t\t\t\t\t<div class=\"list-item\">\n\n\t\t\t\t<div class=\"list-header\">\n\t\t\t\t\t<div class=\"marker\">\n\n\t\t\t\t\t\t\n\t\t\t\t\t<\/div>\n\n\t\t\t\t\t<div class=\"title-wrap\">\n\t\t\t\t\t\t\t\t\t\t\t\t\t<h6 class=\"title\">\n\t\t\t\t\t\t\t\t\t\t\t\t\t\t\t\t\tMulti-Vendor-Elementmanagement\n\t\t\t\t\t\t\t\t\t\n\t\t\t\t\t\t\t\t\t\t\t\t\t\t\t\t<\/h6>\n\t\t\t\t\t\t\n\t\t\t\t\t\t\t\t\t\t\t\t\t\t\t\t\t\t\t\t\t\t\t\t<\/div>\n\t\t\t\t<\/div>\n\n\t\t\t\t\n\t\t\t<\/div>\n\t\t\t\t\t<div class=\"list-item\">\n\n\t\t\t\t<div class=\"list-header\">\n\t\t\t\t\t<div class=\"marker\">\n\n\t\t\t\t\t\t\n\t\t\t\t\t<\/div>\n\n\t\t\t\t\t<div class=\"title-wrap\">\n\t\t\t\t\t\t\t\t\t\t\t\t\t<h6 class=\"title\">\n\t\t\t\t\t\t\t\t\t\t\t\t\t\t\t\t\tLeistungsmanagement &amp; KPI-Analyse\n\t\t\t\t\t\t\t\t\t\n\t\t\t\t\t\t\t\t\t\t\t\t\t\t\t\t<\/h6>\n\t\t\t\t\t\t\n\t\t\t\t\t\t\t\t\t\t\t\t\t\t\t\t\t\t\t\t\t\t\t\t<\/div>\n\t\t\t\t<\/div>\n\n\t\t\t\t\n\t\t\t<\/div>\n\t\t\t\t\t<div class=\"list-item\">\n\n\t\t\t\t<div class=\"list-header\">\n\t\t\t\t\t<div class=\"marker\">\n\n\t\t\t\t\t\t\n\t\t\t\t\t<\/div>\n\n\t\t\t\t\t<div class=\"title-wrap\">\n\t\t\t\t\t\t\t\t\t\t\t\t\t<h6 class=\"title\">\n\t\t\t\t\t\t\t\t\t\t\t\t\t\t\t\t\tServiceauftrag &amp; -abwicklung\n\t\t\t\t\t\t\t\t\t\n\t\t\t\t\t\t\t\t\t\t\t\t\t\t\t\t<\/h6>\n\t\t\t\t\t\t\n\t\t\t\t\t\t\t\t\t\t\t\t\t\t\t\t\t\t\t\t\t\t\t\t<\/div>\n\t\t\t\t<\/div>\n\n\t\t\t\t\n\t\t\t<\/div>\n\t\t\t\t\t<div class=\"list-item\">\n\n\t\t\t\t<div class=\"list-header\">\n\t\t\t\t\t<div class=\"marker\">\n\n\t\t\t\t\t\t\n\t\t\t\t\t<\/div>\n\n\t\t\t\t\t<div class=\"title-wrap\">\n\t\t\t\t\t\t\t\t\t\t\t\t\t<h6 class=\"title\">\n\t\t\t\t\t\t\t\t\t\t\t\t\t\t\t\t\tSLA-\u00dcberwachung und -Sicherstellung\n\t\t\t\t\t\t\t\t\t\n\t\t\t\t\t\t\t\t\t\t\t\t\t\t\t\t<\/h6>\n\t\t\t\t\t\t\n\t\t\t\t\t\t\t\t\t\t\t\t\t\t\t\t\t\t\t\t\t\t\t\t<\/div>\n\t\t\t\t<\/div>\n\n\t\t\t\t\n\t\t\t<\/div>\n\t\t\t\t\t<div class=\"list-item\">\n\n\t\t\t\t<div class=\"list-header\">\n\t\t\t\t\t<div class=\"marker\">\n\n\t\t\t\t\t\t\n\t\t\t\t\t<\/div>\n\n\t\t\t\t\t<div class=\"title-wrap\">\n\t\t\t\t\t\t\t\t\t\t\t\t\t<h6 class=\"title\">\n\t\t\t\t\t\t\t\t\t\t\t\t\t\t\t\t\tOSS\/BSS-Integration\n\t\t\t\t\t\t\t\t\t\n\t\t\t\t\t\t\t\t\t\t\t\t\t\t\t\t<\/h6>\n\t\t\t\t\t\t\n\t\t\t\t\t\t\t\t\t\t\t\t\t\t\t\t\t\t\t\t\t\t\t\t<\/div>\n\t\t\t\t<\/div>\n\n\t\t\t\t\n\t\t\t<\/div>\n\t\t\t<\/div>\n\n\t<div class=\"tm-spacer\" id=\"tm-spacer-6a0462ee3fac5\"><\/div>\n<\/div><\/div><\/div><\/div><\/div><\/div><\/div><\/div><div id=\"tm-row-6a0462ee3fc15\" data-vc-full-width=\"true\" data-vc-full-width-init=\"false\" class=\"vc_row vc_row-outer vc_row-fluid\"><div id=\"tm-column-6a0462ee401e4\" class=\"wpb_column vc_column_container vc_col-sm-12\"><div class=\"vc_column-inner\"><div class=\"wpb_wrapper\"><div id=\"tm-row-inner-6a0462ee403fd\" class=\"vc_row vc_inner vc_row-fluid vc_row-o-equal-height vc_row-flex\"><div id=\"tm-column-inner-6a0462ee40600\" class=\"wpb_column vc_column_container vc_col-sm-6\"><div class=\"vc_column-inner\"><div class=\"wpb_wrapper\"><div class=\"tm-spacer\" id=\"tm-spacer-6a0462ee40a16\"><\/div>\n<\/div><\/div><\/div><div id=\"tm-column-inner-6a0462ee40af3\" class=\"wpb_column vc_column_container vc_col-sm-6\"><div class=\"vc_column-inner\"><div class=\"wpb_wrapper\">\n<div class=\"tm-heading  left tm-animation move-up\" id=\"tm-heading-6a0462ee40ccb\">\n\t<h3 class=\"heading\" >NMS-\/OSS-Plattformabdeckung<\/h3><\/div>\n\n\n<div class=\"tm-heading vc_custom_1776845730646  left tm-animation move-up\" id=\"tm-heading-6a0462ee40fd1\">\n\t<div class=\"heading\" >Unsere Spezialisten verf\u00fcgen \u00fcber praktische Erfahrung mit den f\u00fchrenden NMS\/OSS-Plattformen und Implementierungen von Drittanbietern.<\/p>\n<ul>\n<li><b>Fehler- und Alarmmanagement<\/b>\n<ul>\n<li>Echtzeit-Alarmerfassung und -normalisierung \u00fcber Netzwerkkomponenten verschiedener Hersteller hinweg<\/li>\n<li>Ursachenanalyse und automatisierte Korrelations-Engines<\/li>\n<li>Integration mit ITSM-Plattformen zur automatisierten Ticket-Erstellung<\/li>\n<li>Workflows zur Alarmunterdr\u00fcckung, -filterung und -eskalation<\/li>\n<\/ul>\n<\/li>\n<li><b>Leistungsmanagement<\/b>\n<ul>\n<li>KPI\/KQI-Erfassung aus RAN-, Kern-, Transport- und Festnetzzugangsschichten<\/li>\n<li>Schwellenwertbasierte Alarmierung und Trend-Dashboards<\/li>\n<li>Kapazit\u00e4tsplanungsanalysen und Engpassidentifizierung<\/li>\n<li>End-to-End-Servicequalit\u00e4ts\u00fcberwachung<\/li>\n<\/ul>\n<\/li>\n<\/ul>\n<p><\/div><\/div>\n\n<\/div><\/div><\/div><\/div><div id=\"tm-row-inner-6a0462ee41309\" class=\"vc_row vc_inner vc_row-fluid vc_row-o-equal-height vc_row-flex\"><div id=\"tm-column-inner-6a0462ee4151a\" class=\"wpb_column vc_column_container vc_col-sm-6\"><div class=\"vc_column-inner\"><div class=\"wpb_wrapper\">\n<div class=\"tm-heading vc_custom_1776845809195  left tm-animation move-up\" id=\"tm-heading-6a0462ee416e5\">\n\t<div class=\"heading\" ><\/p>\n<ul>\n<li><b>Konfigurationsverwaltung<\/b>\n<ul>\n<li>NETCONF\/YANG- und RESTCONF-basierte Bereitstellung<\/li>\n<li>Massenkonfigurationsbereitstellung und -rollback<\/li>\n<li>Konfigurationspr\u00fcfung, Konformit\u00e4tspr\u00fcfung und Versionskontrolle<\/li>\n<li>OpenConfig- und herstellerspezifische Modellunterst\u00fctzung<\/li>\n<\/ul>\n<\/li>\n<li><b>Service-Orchestrierung &amp; OSS<\/b>\n<ul>\n<li>End-to-End-Servicelebenszyklusmanagement und -abwicklung<\/li>\n<li>Intentbasierte, nach Norden gerichtete APIs, die auf TMF Open APIs ausgerichtet sind<\/li>\n<li>Integration mit BSS-, Abrechnungs- und CRM-Systemen<\/li>\n<li>ETSI MANO- und ONAP-konforme Orchestrierungsframeworks<\/li>\n<\/ul>\n<\/li>\n<\/ul>\n<p><\/div><\/div>\n\n<\/div><\/div><\/div><div id=\"tm-column-inner-6a0462ee41a01\" class=\"wpb_column vc_column_container vc_col-sm-6\"><div class=\"vc_column-inner\"><div class=\"wpb_wrapper\"><div class=\"tm-spacer\" id=\"tm-spacer-6a0462ee41e46\"><\/div>\n<\/div><\/div><\/div><\/div><\/div><\/div><\/div><\/div><div class=\"vc_row-full-width vc_clearfix\"><\/div><div id=\"tm-row-6a0462ee41fe9\" class=\"vc_row vc_row-outer vc_row-fluid\"><div id=\"tm-column-6a0462ee421f0\" class=\"wpb_column vc_column_container vc_col-sm-12\"><div class=\"vc_column-inner\"><div class=\"wpb_wrapper\"><\/div><\/div><\/div><\/div><div id=\"tm-row-6a0462ee4246d\" class=\"vc_row vc_row-outer vc_row-fluid vc_row-o-equal-height vc_row-flex\"><div id=\"tm-column-6a0462ee426ec\" class=\"wpb_column vc_column_container vc_col-sm-12\"><div class=\"vc_column-inner\"><div class=\"wpb_wrapper\"><div id=\"tm-row-inner-6a0462ee42951\" class=\"vc_row vc_inner vc_row-fluid\"><div id=\"tm-column-inner-6a0462ee42b38\" class=\"wpb_column vc_column_container vc_col-sm-12\"><div class=\"vc_column-inner\"><div class=\"wpb_wrapper\">\n<div class=\"tm-heading  center tm-animation move-up\" id=\"tm-heading-6a0462ee42cf6\">\n\t<h3 class=\"heading\" >Anbieter- und Plattformabdeckung<\/h3><\/div>\n\n<div class=\"tm-spacer\" id=\"tm-spacer-6a0462ee42f84\"><\/div>\n<\/div><\/div><\/div><\/div>\n\t<div class=\"wpb_raw_code wpb_content_element wpb_raw_html\" >\n\t\t<div class=\"wpb_wrapper\">\n\t\t\t<style>\n  .vendor-table {\n    border-collapse: collapse;\n    width: 100%;\n    text-align: center; \/* center all content *\/\n  }\n\n  .vendor-table td {\n    border: 1px solid #0A1642;\n    padding: 8px;\n    font-size: 16px;\nfont-weight: 500;\n  }\n\n\n  \/* Responsive *\/\n  @media (max-width: 600px) {\n    .vendor-table tr {\n      display: block;\n      margin-bottom: 10px;\n    }\n\n    .vendor-table td {\n      display: block;\n      width: 100%;\n    }\n  }\n<\/style>\n\n<table class=\"vendor-table\">\n  <tbody>\n    <tr>\n      <td>Ericsson ENM<\/td>\n      <td>Nokia NetAct<\/td>\n      <td>Huawei iMaster NCE<\/td>\n      <td>ZTE ZXNM<\/td>\n    <\/tr>\n    <tr>\n      <td>IBM Netcool<\/td>\n      <td>HPE NA<\/td>\n      <td>Amdocs OSS<\/td>\n      <td>Comarch OSS<\/td>\n    <\/tr>\n    <tr>\n      <td>ONAP<\/td>\n      <td>OpenDaylight<\/td>\n      <td>Netcracker<\/td>\n      <td>Infosys<\/td>\n    <\/tr>\n  <\/tbody>\n<\/table>\n\t\t<\/div>\n\t<\/div>\n<\/div><\/div><\/div><\/div><div id=\"tm-row-6a0462ee43196\" class=\"vc_row vc_row-outer vc_row-fluid\"><div id=\"tm-column-6a0462ee43399\" class=\"wpb_column vc_column_container vc_col-sm-12\"><div class=\"vc_column-inner\"><div class=\"wpb_wrapper\">\n\t<div class=\"wpb_text_column wpb_content_element\" >\n\t\t<div class=\"wpb_wrapper\">\n\t\t\t\n\t\t<\/div>\n\t<\/div>\n<\/div><\/div><\/div><\/div><div id=\"tm-row-6a0462ee435ed\" data-vc-full-width=\"true\" data-vc-full-width-init=\"false\" class=\"vc_row vc_row-outer vc_row-fluid\"><div id=\"tm-column-6a0462ee437cb\" class=\"wpb_column vc_column_container vc_col-sm-12\"><div class=\"vc_column-inner\"><div class=\"wpb_wrapper\">\n\t<div class=\"wpb_raw_code wpb_content_element wpb_raw_html\" >\n\t\t<div class=\"wpb_wrapper\">\n\t\t\t<style>\n#tm-row-inner-69e870d0e1525 > .wpb_column:last-child .tm-box-icon.style-2 .content-wrap {\n    padding-bottom: 0px !important;\n}\n<\/style>\n\t\t<\/div>\n\t<\/div>\n<\/div><\/div><\/div><\/div><div class=\"vc_row-full-width vc_clearfix\"><\/div>\n<\/section>","protected":false},"excerpt":{"rendered":"NMS \/ OSS Network Network Management Systems (NMS) and Operational Support Systems (OSS) form the operational backbone of any telecommunications network. They provide operators with unified visibility, control and automation across the full network lifecycle from fault detection and performance monitoring to configuration management and service fulfilment. As networks grow in complexity incorporating 5G RAN, virtualised core, disaggregated transport and cloud-native functions the demands placed on NMS\/OSS platforms have never been greater. WillowTech's team of specialists supports operators in deploying, integrating and optimising these systems to ensure continuous, reliable network operations. NMS \/ OSS capabilities Our NMS\/OSS practice covers the full FCAPS model and extends into modern service orchestration, enabling operators to manage today&#39;s complex, heterogeneous networks effectively: Fault management &amp; alarm correlation Configuration &amp; change management Network inventory &amp; topology Multi-vendor element management Performance management &amp; KPI analytics Service order &amp; fulfilment SLA monitoring &amp; assurance OSS\/BSS integration NMS \/ OSS Platform Coverage Our specialists have hands-on experience across the leading NMS\/OSS platforms and vendor implementations. Fault &amp; Alarm Management Real-time alarm collection and normalisation across multi-vendor network elements Root cause analysis and automated correlation engines Integration with ITSM platforms for automated ticket creation Alarm suppression, filtering and escalation workflows Performance Management KPI\/KQI collection from RAN, core, transport and fixed access layers Threshold-based alerting and trending dashboards Capacity planning analytics and congestion identification End-to-end service quality monitoring Configuration Management NETCONF\/YANG and RESTCONF-based provisioning Bulk configuration deployment and rollback Configuration audit, compliance checking and version control OpenConfig and vendor-native model support Service Orchestration &amp; OSS End-to-end service lifecycle management and fulfilment Intent-based northbound APIs aligned to TMF Open APIs Integration with BSS, billing and CRM systems ETSI MANO and ONAP-aligned orchestration frameworks Vendor &amp; Platform Coverage Ericsson ENM Nokia NetAct Huawei iMaster NCE ZTE ZXNM IBM Netcool HPE NA Amdocs OSS Comarch OSS ONAP OpenDaylight Netcracker Infosys","protected":false},"author":1,"featured_media":0,"parent":0,"menu_order":0,"comment_status":"closed","ping_status":"closed","template":"","meta":{"content-type":"","footnotes":""},"class_list":["post-5875","page","type-page","status-publish","hentry"],"yoast_head":"<!-- This site is optimized with the Yoast SEO plugin v27.4 - https:\/\/yoast.com\/product\/yoast-seo-wordpress\/ -->\n<title>NMS \/ OSS Network - WillowTech Group<\/title>\n<meta name=\"robots\" content=\"index, follow, max-snippet:-1, max-image-preview:large, max-video-preview:-1\" \/>\n<link rel=\"canonical\" href=\"https:\/\/willowtechgroup.com\/de\/nms-oss-network\/\" \/>\n<meta property=\"og:locale\" content=\"de_DE\" \/>\n<meta property=\"og:type\" content=\"article\" \/>\n<meta property=\"og:title\" content=\"NMS \/ OSS Network - WillowTech Group\" \/>\n<meta property=\"og:url\" content=\"https:\/\/willowtechgroup.com\/de\/nms-oss-network\/\" \/>\n<meta property=\"og:site_name\" content=\"WillowTech Group\" \/>\n<meta property=\"article:modified_time\" content=\"2026-04-22T09:09:49+00:00\" \/>\n<meta name=\"twitter:card\" content=\"summary_large_image\" \/>\n<meta name=\"twitter:label1\" content=\"Gesch\u00e4tzte Lesezeit\" \/>\n\t<meta name=\"twitter:data1\" content=\"3\u00a0Minuten\" \/>\n<script type=\"application\/ld+json\" class=\"yoast-schema-graph\">{\"@context\":\"https:\\\/\\\/schema.org\",\"@graph\":[{\"@type\":\"WebPage\",\"@id\":\"https:\\\/\\\/willowtechgroup.com\\\/nms-oss-network\\\/\",\"url\":\"https:\\\/\\\/willowtechgroup.com\\\/nms-oss-network\\\/\",\"name\":\"NMS \\\/ OSS Network - WillowTech Group\",\"isPartOf\":{\"@id\":\"https:\\\/\\\/willowtechgroup.com\\\/#website\"},\"datePublished\":\"2026-04-22T07:15:59+00:00\",\"dateModified\":\"2026-04-22T09:09:49+00:00\",\"breadcrumb\":{\"@id\":\"https:\\\/\\\/willowtechgroup.com\\\/nms-oss-network\\\/#breadcrumb\"},\"inLanguage\":\"de\",\"potentialAction\":[{\"@type\":\"ReadAction\",\"target\":[\"https:\\\/\\\/willowtechgroup.com\\\/nms-oss-network\\\/\"]}]},{\"@type\":\"BreadcrumbList\",\"@id\":\"https:\\\/\\\/willowtechgroup.com\\\/nms-oss-network\\\/#breadcrumb\",\"itemListElement\":[{\"@type\":\"ListItem\",\"position\":1,\"name\":\"Home\",\"item\":\"https:\\\/\\\/willowtechgroup.com\\\/\"},{\"@type\":\"ListItem\",\"position\":2,\"name\":\"NMS \\\/ OSS Network\"}]},{\"@type\":\"WebSite\",\"@id\":\"https:\\\/\\\/willowtechgroup.com\\\/#website\",\"url\":\"https:\\\/\\\/willowtechgroup.com\\\/\",\"name\":\"WillowTech Group\",\"description\":\"IT Consultation &amp; Services\",\"publisher\":{\"@id\":\"https:\\\/\\\/willowtechgroup.com\\\/#organization\"},\"potentialAction\":[{\"@type\":\"SearchAction\",\"target\":{\"@type\":\"EntryPoint\",\"urlTemplate\":\"https:\\\/\\\/willowtechgroup.com\\\/?s={search_term_string}\"},\"query-input\":{\"@type\":\"PropertyValueSpecification\",\"valueRequired\":true,\"valueName\":\"search_term_string\"}}],\"inLanguage\":\"de\"},{\"@type\":\"Organization\",\"@id\":\"https:\\\/\\\/willowtechgroup.com\\\/#organization\",\"name\":\"WillowTech Group\",\"url\":\"https:\\\/\\\/willowtechgroup.com\\\/\",\"logo\":{\"@type\":\"ImageObject\",\"inLanguage\":\"de\",\"@id\":\"https:\\\/\\\/willowtechgroup.com\\\/#\\\/schema\\\/logo\\\/image\\\/\",\"url\":\"https:\\\/\\\/willowtechgroup.com\\\/wp-content\\\/uploads\\\/2018\\\/10\\\/Logo-290X70-3.svg\",\"contentUrl\":\"https:\\\/\\\/willowtechgroup.com\\\/wp-content\\\/uploads\\\/2018\\\/10\\\/Logo-290X70-3.svg\",\"width\":\"1024\",\"height\":\"1024\",\"caption\":\"WillowTech Group\"},\"image\":{\"@id\":\"https:\\\/\\\/willowtechgroup.com\\\/#\\\/schema\\\/logo\\\/image\\\/\"}}]}<\/script>\n<!-- \/ Yoast SEO plugin. -->","yoast_head_json":{"title":"NMS \/ OSS Network - WillowTech Group","robots":{"index":"index","follow":"follow","max-snippet":"max-snippet:-1","max-image-preview":"max-image-preview:large","max-video-preview":"max-video-preview:-1"},"canonical":"https:\/\/willowtechgroup.com\/de\/nms-oss-network\/","og_locale":"de_DE","og_type":"article","og_title":"NMS \/ OSS Network - WillowTech Group","og_url":"https:\/\/willowtechgroup.com\/de\/nms-oss-network\/","og_site_name":"WillowTech Group","article_modified_time":"2026-04-22T09:09:49+00:00","twitter_card":"summary_large_image","twitter_misc":{"Gesch\u00e4tzte Lesezeit":"3\u00a0Minuten"},"schema":{"@context":"https:\/\/schema.org","@graph":[{"@type":"WebPage","@id":"https:\/\/willowtechgroup.com\/nms-oss-network\/","url":"https:\/\/willowtechgroup.com\/nms-oss-network\/","name":"NMS \/ OSS Network - WillowTech Group","isPartOf":{"@id":"https:\/\/willowtechgroup.com\/#website"},"datePublished":"2026-04-22T07:15:59+00:00","dateModified":"2026-04-22T09:09:49+00:00","breadcrumb":{"@id":"https:\/\/willowtechgroup.com\/nms-oss-network\/#breadcrumb"},"inLanguage":"de","potentialAction":[{"@type":"ReadAction","target":["https:\/\/willowtechgroup.com\/nms-oss-network\/"]}]},{"@type":"BreadcrumbList","@id":"https:\/\/willowtechgroup.com\/nms-oss-network\/#breadcrumb","itemListElement":[{"@type":"ListItem","position":1,"name":"Home","item":"https:\/\/willowtechgroup.com\/"},{"@type":"ListItem","position":2,"name":"NMS \/ OSS Network"}]},{"@type":"WebSite","@id":"https:\/\/willowtechgroup.com\/#website","url":"https:\/\/willowtechgroup.com\/","name":"WillowTech-Gruppe","description":"IT-Beratung &amp; Services","publisher":{"@id":"https:\/\/willowtechgroup.com\/#organization"},"potentialAction":[{"@type":"SearchAction","target":{"@type":"EntryPoint","urlTemplate":"https:\/\/willowtechgroup.com\/?s={search_term_string}"},"query-input":{"@type":"PropertyValueSpecification","valueRequired":true,"valueName":"search_term_string"}}],"inLanguage":"de"},{"@type":"Organization","@id":"https:\/\/willowtechgroup.com\/#organization","name":"WillowTech-Gruppe","url":"https:\/\/willowtechgroup.com\/","logo":{"@type":"ImageObject","inLanguage":"de","@id":"https:\/\/willowtechgroup.com\/#\/schema\/logo\/image\/","url":"https:\/\/willowtechgroup.com\/wp-content\/uploads\/2018\/10\/Logo-290X70-3.svg","contentUrl":"https:\/\/willowtechgroup.com\/wp-content\/uploads\/2018\/10\/Logo-290X70-3.svg","width":"1024","height":"1024","caption":"WillowTech Group"},"image":{"@id":"https:\/\/willowtechgroup.com\/#\/schema\/logo\/image\/"}}]}},"_links":{"self":[{"href":"https:\/\/willowtechgroup.com\/de\/wp-json\/wp\/v2\/pages\/5875","targetHints":{"allow":["GET"]}}],"collection":[{"href":"https:\/\/willowtechgroup.com\/de\/wp-json\/wp\/v2\/pages"}],"about":[{"href":"https:\/\/willowtechgroup.com\/de\/wp-json\/wp\/v2\/types\/page"}],"author":[{"embeddable":true,"href":"https:\/\/willowtechgroup.com\/de\/wp-json\/wp\/v2\/users\/1"}],"replies":[{"embeddable":true,"href":"https:\/\/willowtechgroup.com\/de\/wp-json\/wp\/v2\/comments?post=5875"}],"version-history":[{"count":25,"href":"https:\/\/willowtechgroup.com\/de\/wp-json\/wp\/v2\/pages\/5875\/revisions"}],"predecessor-version":[{"id":5906,"href":"https:\/\/willowtechgroup.com\/de\/wp-json\/wp\/v2\/pages\/5875\/revisions\/5906"}],"wp:attachment":[{"href":"https:\/\/willowtechgroup.com\/de\/wp-json\/wp\/v2\/media?parent=5875"}],"curies":[{"name":"wp","href":"https:\/\/api.w.org\/{rel}","templated":true}]}}