{"id":2912,"date":"2023-02-23T03:58:20","date_gmt":"2023-02-23T03:58:20","guid":{"rendered":"https:\/\/willowtechgroup.com\/?page_id=2912"},"modified":"2023-02-23T04:25:50","modified_gmt":"2023-02-23T04:25:50","slug":"consulting-services-overview","status":"publish","type":"page","link":"https:\/\/willowtechgroup.com\/es\/consulting-services-overview\/","title":{"rendered":"Servicios de Consultor\u00eda"},"content":{"rendered":"<section class=\"wpb-content-wrapper\"><div id=\"tm-row-69d59d3a3cbc3\" data-vc-full-width=\"true\" data-vc-full-width-init=\"false\" class=\"vc_row vc_row-outer vc_row-fluid\"><div id=\"tm-column-69d59d3a3d06f\" class=\"wpb_column vc_column_container vc_col-sm-12\"><div class=\"vc_column-inner\"><div class=\"wpb_wrapper\">\n<div class=\"tm-heading  center tm-animation move-up\" id=\"tm-heading-69d59d3a3d281\">\n\t<h3 class=\"heading\" >Servicios de Consultor\u00eda<\/h3><\/div>\n\n<div class=\"tm-spacer\" id=\"tm-spacer-69d59d3a3d54f\"><\/div>\n\n<div class=\"tm-heading  center tm-animation move-up\" id=\"tm-heading-69d59d3a3d5ec\">\n\t<h3 class=\"heading\" >Brindamos servicios de conservaci\u00f3n para sus necesidades ambientales.<\/h3><\/div>\n\n<div class=\"tm-spacer\" id=\"tm-spacer-69d59d3a3d88e\"><\/div>\n\n<div class=\"tm-heading  center tm-animation move-up\" id=\"tm-heading-69d59d3a3d91d\">\n\t<div class=\"heading\" >Nuestros servicios de consultor\u00eda de gesti\u00f3n se centran en los problemas y oportunidades m\u00e1s cr\u00edticos de nuestros clientes: estrategia, marketing, organizaci\u00f3n, operaciones, tecnolog\u00eda, transformaci\u00f3n, digital, an\u00e1lisis avanzado, finanzas corporativas, fusiones y adquisiciones y sostenibilidad en todas las industrias y geograf\u00edas. Aportamos una profunda experiencia funcional, pero somos conocidos por nuestra perspectiva hol\u00edstica: capturamos valor a trav\u00e9s de las fronteras y entre los silos de cualquier organizaci\u00f3n. Hemos demostrado un efecto multiplicador al optimizar la suma de las partes, no solo las piezas individuales.<\/div><\/div>\n\n<div class=\"tm-spacer\" id=\"tm-spacer-69d59d3a3db90\"><\/div>\n<\/div><\/div><\/div><\/div><div class=\"vc_row-full-width vc_clearfix\"><\/div><div id=\"tm-row-69d59d3a3dc7e\" data-vc-full-width=\"true\" data-vc-full-width-init=\"false\" class=\"vc_row vc_row-outer vc_row-fluid\"><div id=\"tm-column-69d59d3a3e0f7\" class=\"wpb_column vc_column_container vc_col-sm-12\"><div class=\"vc_column-inner\"><div class=\"wpb_wrapper\"><div id=\"tm-row-inner-69d59d3a3e311\" class=\"vc_row vc_inner vc_row-fluid vc_row-o-equal-height vc_row-flex\"><div id=\"tm-column-inner-69d59d3a3e562\" class=\"wpb_column vc_column_container vc_col-sm-6\"><div class=\"vc_column-inner\"><div class=\"wpb_wrapper\">\n<div class=\"tm-heading  left tm-animation move-up\" id=\"tm-heading-69d59d3a3e759\">\n\t<h3 class=\"heading\" >Offshore\/Cerca de la costa\/Remoto<\/h3><\/div>\n\n\n<div class=\"tm-heading vc_custom_1677072441501  left tm-animation move-up\" id=\"tm-heading-69d59d3a3ea3d\">\n\t<div class=\"heading\" >Somos una red especializada de especialistas con d\u00e9cadas de experiencia entre nosotros y hemos ido creciendo cada vez m\u00e1s. Nuestra sede se encuentra en el Reino Unido y nuestra red se extiende por todo el mundo con proyectos ejecutados con \u00e9xito en EMEA, APAC, CALA y la regi\u00f3n CIS. Estamos en una posici\u00f3n \u00fanica para poder brindarle todas sus soluciones de soporte tecnol\u00f3gico como un \u00fanico punto de contacto sin tener que utilizar diferentes empresas en su cadena de suministro.<\/div><\/div>\n\n<\/div><\/div><\/div><div id=\"tm-column-inner-69d59d3a3ed49\" class=\"wpb_column vc_column_container vc_col-sm-6\"><div class=\"vc_column-inner\"><div class=\"wpb_wrapper\"><\/div><\/div><\/div><\/div><\/div><\/div><\/div><\/div><div class=\"vc_row-full-width vc_clearfix\"><\/div><div id=\"tm-row-69d59d3a3f1cd\" data-vc-full-width=\"true\" data-vc-full-width-init=\"false\" class=\"vc_row vc_row-outer vc_row-fluid\"><div id=\"tm-column-69d59d3a3f3c1\" class=\"wpb_column vc_column_container vc_col-sm-12\"><div class=\"vc_column-inner\"><div class=\"wpb_wrapper\"><div id=\"tm-row-inner-69d59d3a3f5c6\" class=\"vc_row vc_inner vc_row-fluid vc_row-o-equal-height vc_row-flex\"><div id=\"tm-column-inner-69d59d3a3f7d8\" class=\"wpb_column vc_column_container vc_col-sm-6\"><div class=\"vc_column-inner\"><div class=\"wpb_wrapper\"><\/div><\/div><\/div><div id=\"tm-column-inner-69d59d3a3fa37\" class=\"wpb_column vc_column_container vc_col-sm-6\"><div class=\"vc_column-inner\"><div class=\"wpb_wrapper\">\n<div class=\"tm-heading  left tm-animation move-up\" id=\"tm-heading-69d59d3a3fbf1\">\n\t<h3 class=\"heading\" >En tierra<\/h3><\/div>\n\n\n<div class=\"tm-heading vc_custom_1677072441501  left tm-animation move-up\" id=\"tm-heading-69d59d3a3feca\">\n\t<div class=\"heading\" >Somos una red especializada de especialistas con d\u00e9cadas de experiencia entre nosotros y hemos ido creciendo cada vez m\u00e1s. Nuestra sede se encuentra en el Reino Unido y nuestra red se extiende por todo el mundo con proyectos ejecutados con \u00e9xito en EMEA, APAC, CALA y la regi\u00f3n CIS. Estamos en una posici\u00f3n \u00fanica para poder brindarle todas sus soluciones de soporte tecnol\u00f3gico como un \u00fanico punto de contacto sin tener que utilizar diferentes empresas en su cadena de suministro.<\/div><\/div>\n\n<\/div><\/div><\/div><\/div><\/div><\/div><\/div><\/div><div class=\"vc_row-full-width vc_clearfix\"><\/div><div id=\"tm-row-69d59d3a40206\" data-vc-full-width=\"true\" data-vc-full-width-init=\"false\" class=\"vc_row vc_row-outer vc_row-fluid\"><div id=\"tm-column-69d59d3a4040d\" class=\"wpb_column vc_column_container vc_col-sm-12\"><div class=\"vc_column-inner\"><div class=\"wpb_wrapper\"><div id=\"tm-row-inner-69d59d3a405fc\" class=\"vc_row vc_inner vc_row-fluid vc_row-o-equal-height vc_row-flex\"><div id=\"tm-column-inner-69d59d3a407e0\" class=\"wpb_column vc_column_container vc_col-sm-6\"><div class=\"vc_column-inner\"><div class=\"wpb_wrapper\">\n<div class=\"tm-heading  left tm-animation move-up\" id=\"tm-heading-69d59d3a40999\">\n\t<h3 class=\"heading\" >Equipo como servicio\/Contrataci\u00f3n de servicios<\/h3><\/div>\n\n\n<div class=\"tm-heading vc_custom_1677072441501  left tm-animation move-up\" id=\"tm-heading-69d59d3a40c6e\">\n\t<div class=\"heading\" >Somos una red especializada de especialistas con d\u00e9cadas de experiencia entre nosotros y hemos ido creciendo cada vez m\u00e1s. Nuestra sede se encuentra en el Reino Unido y nuestra red se extiende por todo el mundo con proyectos ejecutados con \u00e9xito en EMEA, APAC, CALA y la regi\u00f3n CIS. Estamos en una posici\u00f3n \u00fanica para poder brindarle todas sus soluciones de soporte tecnol\u00f3gico como un \u00fanico punto de contacto sin tener que utilizar diferentes empresas en su cadena de suministro.<\/div><\/div>\n\n<\/div><\/div><\/div><div id=\"tm-column-inner-69d59d3a40f6e\" class=\"wpb_column vc_column_container vc_col-sm-6\"><div class=\"vc_column-inner\"><div class=\"wpb_wrapper\"><\/div><\/div><\/div><\/div><\/div><\/div><\/div><\/div><div class=\"vc_row-full-width vc_clearfix\"><\/div><div id=\"tm-row-69d59d3a41201\" data-vc-full-width=\"true\" data-vc-full-width-init=\"false\" class=\"vc_row vc_row-outer vc_row-fluid\"><div id=\"tm-column-69d59d3a4140a\" class=\"wpb_column vc_column_container vc_col-sm-12\"><div class=\"vc_column-inner\"><div class=\"wpb_wrapper\"><div id=\"tm-row-inner-69d59d3a41608\" class=\"vc_row vc_inner vc_row-fluid vc_row-o-equal-height vc_row-flex\"><div id=\"tm-column-inner-69d59d3a417e4\" class=\"wpb_column vc_column_container vc_col-sm-6\"><div class=\"vc_column-inner\"><div class=\"wpb_wrapper\"><\/div><\/div><\/div><div id=\"tm-column-inner-69d59d3a41a37\" class=\"wpb_column vc_column_container vc_col-sm-6\"><div class=\"vc_column-inner\"><div class=\"wpb_wrapper\">\n<div class=\"tm-heading  left tm-animation move-up\" id=\"tm-heading-69d59d3a41bec\">\n\t<h3 class=\"heading\" >Servicios de Arquitectura y Dise\u00f1o<\/h3><\/div>\n\n\n<div class=\"tm-heading vc_custom_1677072441501  left tm-animation move-up\" id=\"tm-heading-69d59d3a41ebe\">\n\t<div class=\"heading\" >Somos una red especializada de especialistas con d\u00e9cadas de experiencia entre nosotros y hemos ido creciendo cada vez m\u00e1s. Nuestra sede se encuentra en el Reino Unido y nuestra red se extiende por todo el mundo con proyectos ejecutados con \u00e9xito en EMEA, APAC, CALA y la regi\u00f3n CIS. Estamos en una posici\u00f3n \u00fanica para poder brindarle todas sus soluciones de soporte tecnol\u00f3gico como un \u00fanico punto de contacto sin tener que utilizar diferentes empresas en su cadena de suministro.<\/div><\/div>\n\n<\/div><\/div><\/div><\/div><div class=\"tm-spacer\" id=\"tm-spacer-69d59d3a42147\"><\/div>\n<\/div><\/div><\/div><\/div><div class=\"vc_row-full-width vc_clearfix\"><\/div>\n<\/section>","protected":false},"excerpt":{"rendered":"Consulting Services Providing conservation services for your environmental needs. Our management consulting services focus on our clients' most critical issues and opportunities: strategy, marketing, organization, operations, technology, transformation, digital, advanced analytics, corporate finance, mergers & acquisitions and sustainability across all industries and geographies. We bring deep, functional expertise, but are known for our holistic perspective: we capture value across boundaries and between the silos of any organization. We have proven a multiplier effect from optimizing the sum of the parts, not just the individual pieces. Offshore\/Near Shore\/Remote We are a niche network of specialists with decades of experience between us and have grown from strength to strength. Our headquarters are in based in the UK and our network spans across the globe with projects successfully delivered in EMEA, APAC, CALA and the CIS region. We are uniquely positioned to be able to provide all of your technology support solutions as a single point of contact without having to use different companies in your supply chain. Onshore We are a niche network of specialists with decades of experience between us and have grown from strength to strength. Our headquarters are in based in the UK and our network spans across the globe with projects successfully delivered in EMEA, APAC, CALA and the CIS region. We are uniquely positioned to be able to provide all of your technology support solutions as a single point of contact without having to use different companies in your supply chain. Team as a Service \/Contracting Services We are a niche network of specialists with decades of experience between us and have grown from strength to strength. Our headquarters are in based in the UK and our network spans across the globe with projects successfully delivered in EMEA, APAC, CALA and the CIS region. We are uniquely positioned to be able to provide all of your technology support solutions as a single point of contact without having to use different companies in your supply chain. Architecture & Design Services We are a niche network of specialists with decades of experience between us and have grown from strength to strength. Our headquarters are in based in the UK and our network spans across the globe with projects successfully delivered in EMEA, APAC, CALA and the CIS region. We are uniquely positioned to be able to provide all of your technology support solutions as a single point of contact without having to use different companies in your supply chain.","protected":false},"author":1,"featured_media":0,"parent":0,"menu_order":0,"comment_status":"closed","ping_status":"closed","template":"","meta":{"content-type":"","footnotes":""},"class_list":["post-2912","page","type-page","status-publish","hentry"],"yoast_head":"<!-- This site is optimized with the Yoast SEO plugin v25.2 - https:\/\/yoast.com\/wordpress\/plugins\/seo\/ -->\n<title>Consulting Services - WillowTech Group<\/title>\n<meta name=\"robots\" content=\"index, follow, max-snippet:-1, max-image-preview:large, max-video-preview:-1\" \/>\n<link rel=\"canonical\" href=\"https:\/\/willowtechgroup.com\/es\/consulting-services-overview\/\" \/>\n<meta property=\"og:locale\" content=\"es_ES\" \/>\n<meta property=\"og:type\" content=\"article\" \/>\n<meta property=\"og:title\" content=\"Consulting Services - WillowTech Group\" \/>\n<meta property=\"og:url\" content=\"https:\/\/willowtechgroup.com\/es\/consulting-services-overview\/\" \/>\n<meta property=\"og:site_name\" content=\"WillowTech Group\" \/>\n<meta property=\"article:modified_time\" content=\"2023-02-23T04:25:50+00:00\" \/>\n<meta name=\"twitter:card\" content=\"summary_large_image\" \/>\n<meta name=\"twitter:label1\" content=\"Tiempo de lectura\" \/>\n\t<meta name=\"twitter:data1\" content=\"5 minutos\" \/>\n<script type=\"application\/ld+json\" class=\"yoast-schema-graph\">{\"@context\":\"https:\/\/schema.org\",\"@graph\":[{\"@type\":\"WebPage\",\"@id\":\"https:\/\/willowtechgroup.com\/consulting-services-overview\/\",\"url\":\"https:\/\/willowtechgroup.com\/consulting-services-overview\/\",\"name\":\"Consulting Services - WillowTech Group\",\"isPartOf\":{\"@id\":\"https:\/\/willowtechgroup.com\/#website\"},\"datePublished\":\"2023-02-23T03:58:20+00:00\",\"dateModified\":\"2023-02-23T04:25:50+00:00\",\"breadcrumb\":{\"@id\":\"https:\/\/willowtechgroup.com\/consulting-services-overview\/#breadcrumb\"},\"inLanguage\":\"es\",\"potentialAction\":[{\"@type\":\"ReadAction\",\"target\":[\"https:\/\/willowtechgroup.com\/consulting-services-overview\/\"]}]},{\"@type\":\"BreadcrumbList\",\"@id\":\"https:\/\/willowtechgroup.com\/consulting-services-overview\/#breadcrumb\",\"itemListElement\":[{\"@type\":\"ListItem\",\"position\":1,\"name\":\"Home\",\"item\":\"https:\/\/willowtechgroup.com\/\"},{\"@type\":\"ListItem\",\"position\":2,\"name\":\"Consulting Services\"}]},{\"@type\":\"WebSite\",\"@id\":\"https:\/\/willowtechgroup.com\/#website\",\"url\":\"https:\/\/willowtechgroup.com\/\",\"name\":\"WillowTech Group\",\"description\":\"IT Consultation &amp; Services\",\"publisher\":{\"@id\":\"https:\/\/willowtechgroup.com\/#organization\"},\"potentialAction\":[{\"@type\":\"SearchAction\",\"target\":{\"@type\":\"EntryPoint\",\"urlTemplate\":\"https:\/\/willowtechgroup.com\/?s={search_term_string}\"},\"query-input\":{\"@type\":\"PropertyValueSpecification\",\"valueRequired\":true,\"valueName\":\"search_term_string\"}}],\"inLanguage\":\"es\"},{\"@type\":\"Organization\",\"@id\":\"https:\/\/willowtechgroup.com\/#organization\",\"name\":\"WillowTech Group\",\"url\":\"https:\/\/willowtechgroup.com\/\",\"logo\":{\"@type\":\"ImageObject\",\"inLanguage\":\"es\",\"@id\":\"https:\/\/willowtechgroup.com\/#\/schema\/logo\/image\/\",\"url\":\"https:\/\/willowtechgroup.com\/wp-content\/uploads\/2018\/10\/Logo-290X70-3.svg\",\"contentUrl\":\"https:\/\/willowtechgroup.com\/wp-content\/uploads\/2018\/10\/Logo-290X70-3.svg\",\"width\":\"1024\",\"height\":\"1024\",\"caption\":\"WillowTech Group\"},\"image\":{\"@id\":\"https:\/\/willowtechgroup.com\/#\/schema\/logo\/image\/\"}}]}<\/script>\n<!-- \/ Yoast SEO plugin. -->","yoast_head_json":{"title":"Consulting Services - WillowTech Group","robots":{"index":"index","follow":"follow","max-snippet":"max-snippet:-1","max-image-preview":"max-image-preview:large","max-video-preview":"max-video-preview:-1"},"canonical":"https:\/\/willowtechgroup.com\/es\/consulting-services-overview\/","og_locale":"es_ES","og_type":"article","og_title":"Consulting Services - WillowTech Group","og_url":"https:\/\/willowtechgroup.com\/es\/consulting-services-overview\/","og_site_name":"WillowTech Group","article_modified_time":"2023-02-23T04:25:50+00:00","twitter_card":"summary_large_image","twitter_misc":{"Tiempo de lectura":"5 minutos"},"schema":{"@context":"https:\/\/schema.org","@graph":[{"@type":"WebPage","@id":"https:\/\/willowtechgroup.com\/consulting-services-overview\/","url":"https:\/\/willowtechgroup.com\/consulting-services-overview\/","name":"Consulting Services - WillowTech Group","isPartOf":{"@id":"https:\/\/willowtechgroup.com\/#website"},"datePublished":"2023-02-23T03:58:20+00:00","dateModified":"2023-02-23T04:25:50+00:00","breadcrumb":{"@id":"https:\/\/willowtechgroup.com\/consulting-services-overview\/#breadcrumb"},"inLanguage":"es","potentialAction":[{"@type":"ReadAction","target":["https:\/\/willowtechgroup.com\/consulting-services-overview\/"]}]},{"@type":"BreadcrumbList","@id":"https:\/\/willowtechgroup.com\/consulting-services-overview\/#breadcrumb","itemListElement":[{"@type":"ListItem","position":1,"name":"Home","item":"https:\/\/willowtechgroup.com\/"},{"@type":"ListItem","position":2,"name":"Consulting Services"}]},{"@type":"WebSite","@id":"https:\/\/willowtechgroup.com\/#website","url":"https:\/\/willowtechgroup.com\/","name":"Grupo Willow Tech","description":"Consultor\u00eda y servicios de TI","publisher":{"@id":"https:\/\/willowtechgroup.com\/#organization"},"potentialAction":[{"@type":"SearchAction","target":{"@type":"EntryPoint","urlTemplate":"https:\/\/willowtechgroup.com\/?s={search_term_string}"},"query-input":{"@type":"PropertyValueSpecification","valueRequired":true,"valueName":"search_term_string"}}],"inLanguage":"es"},{"@type":"Organization","@id":"https:\/\/willowtechgroup.com\/#organization","name":"Grupo Willow Tech","url":"https:\/\/willowtechgroup.com\/","logo":{"@type":"ImageObject","inLanguage":"es","@id":"https:\/\/willowtechgroup.com\/#\/schema\/logo\/image\/","url":"https:\/\/willowtechgroup.com\/wp-content\/uploads\/2018\/10\/Logo-290X70-3.svg","contentUrl":"https:\/\/willowtechgroup.com\/wp-content\/uploads\/2018\/10\/Logo-290X70-3.svg","width":"1024","height":"1024","caption":"WillowTech Group"},"image":{"@id":"https:\/\/willowtechgroup.com\/#\/schema\/logo\/image\/"}}]}},"_links":{"self":[{"href":"https:\/\/willowtechgroup.com\/es\/wp-json\/wp\/v2\/pages\/2912","targetHints":{"allow":["GET"]}}],"collection":[{"href":"https:\/\/willowtechgroup.com\/es\/wp-json\/wp\/v2\/pages"}],"about":[{"href":"https:\/\/willowtechgroup.com\/es\/wp-json\/wp\/v2\/types\/page"}],"author":[{"embeddable":true,"href":"https:\/\/willowtechgroup.com\/es\/wp-json\/wp\/v2\/users\/1"}],"replies":[{"embeddable":true,"href":"https:\/\/willowtechgroup.com\/es\/wp-json\/wp\/v2\/comments?post=2912"}],"version-history":[{"count":0,"href":"https:\/\/willowtechgroup.com\/es\/wp-json\/wp\/v2\/pages\/2912\/revisions"}],"wp:attachment":[{"href":"https:\/\/willowtechgroup.com\/es\/wp-json\/wp\/v2\/media?parent=2912"}],"curies":[{"name":"gracias","href":"https:\/\/api.w.org\/{rel}","templated":true}]}}