{"id":2998,"date":"2023-02-23T09:40:41","date_gmt":"2023-02-23T09:40:41","guid":{"rendered":"https:\/\/willowtechgroup.com\/?page_id=2998"},"modified":"2023-02-23T09:48:57","modified_gmt":"2023-02-23T09:48:57","slug":"support-services-technologies","status":"publish","type":"page","link":"https:\/\/willowtechgroup.com\/es\/support-services-technologies\/","title":{"rendered":"Tecnolog\u00edas de servicios de soporte"},"content":{"rendered":"<section class=\"wpb-content-wrapper\"><div id=\"tm-row-69e04d525848f\" data-vc-full-width=\"true\" data-vc-full-width-init=\"false\" class=\"vc_row vc_row-outer vc_row-fluid\"><div id=\"tm-column-69e04d52587e3\" class=\"wpb_column vc_column_container vc_col-sm-12\"><div class=\"vc_column-inner\"><div class=\"wpb_wrapper\">\n<div class=\"tm-heading  center tm-animation move-up\" id=\"tm-heading-69e04d52589f6\">\n\t<h3 class=\"heading\" >Tecnolog\u00edas cubiertas<\/h3><\/div>\n\n<div class=\"tm-spacer\" id=\"tm-spacer-69e04d5258d15\"><\/div>\n\n<div class=\"tm-heading  center tm-animation move-up\" id=\"tm-heading-69e04d5258dab\">\n\t<h3 class=\"heading\" >Productos de telecomunicaciones y redes<\/h3><\/div>\n\n<div class=\"tm-spacer\" id=\"tm-spacer-69e04d5259030\"><\/div>\n\n<div class=\"tm-heading  center tm-animation move-up\" id=\"tm-heading-69e04d52590ba\">\n\t<div class=\"heading\" >Productos de telecomunicaciones y redes<\/div><\/div>\n\n<div class=\"tm-spacer\" id=\"tm-spacer-69e04d525932d\"><\/div>\n<\/div><\/div><\/div><\/div><div class=\"vc_row-full-width vc_clearfix\"><\/div><div id=\"tm-row-69e04d5259420\" data-vc-full-width=\"true\" data-vc-full-width-init=\"false\" class=\"vc_row vc_row-outer vc_row-fluid\"><div id=\"tm-column-69e04d5259936\" class=\"wpb_column vc_column_container vc_col-sm-12\"><div class=\"vc_column-inner\"><div class=\"wpb_wrapper\"><div id=\"tm-row-inner-69e04d5259c11\" class=\"vc_row vc_inner vc_row-fluid vc_row-o-equal-height vc_row-flex\"><div id=\"tm-column-inner-69e04d5259eed\" class=\"wpb_column vc_column_container vc_col-sm-6\"><div class=\"vc_column-inner\"><div class=\"wpb_wrapper\">\n<div class=\"tm-heading  left tm-animation move-up\" id=\"tm-heading-69e04d525a0c0\">\n\t<h3 class=\"heading\" >Radio<\/h3><\/div>\n\n\n<div class=\"tm-heading vc_custom_1677072441501  left tm-animation move-up\" id=\"tm-heading-69e04d525a3cb\">\n\t<div class=\"heading\" >Somos una red especializada de especialistas con d\u00e9cadas de experiencia entre nosotros y hemos ido creciendo cada vez m\u00e1s. Nuestra sede se encuentra en el Reino Unido y nuestra red se extiende por todo el mundo con proyectos ejecutados con \u00e9xito en EMEA, APAC, CALA y la regi\u00f3n CIS. Estamos en una posici\u00f3n \u00fanica para poder brindarle todas sus soluciones de soporte tecnol\u00f3gico como un \u00fanico punto de contacto sin tener que utilizar diferentes empresas en su cadena de suministro.<\/div><\/div>\n\n<\/div><\/div><\/div><div id=\"tm-column-inner-69e04d525a6dd\" class=\"wpb_column vc_column_container vc_col-sm-6\"><div class=\"vc_column-inner\"><div class=\"wpb_wrapper\"><\/div><\/div><\/div><\/div><\/div><\/div><\/div><\/div><div class=\"vc_row-full-width vc_clearfix\"><\/div><div id=\"tm-row-69e04d525abf6\" data-vc-full-width=\"true\" data-vc-full-width-init=\"false\" class=\"vc_row vc_row-outer vc_row-fluid\"><div id=\"tm-column-69e04d525adfc\" class=\"wpb_column vc_column_container vc_col-sm-12\"><div class=\"vc_column-inner\"><div class=\"wpb_wrapper\"><div id=\"tm-row-inner-69e04d525afdb\" class=\"vc_row vc_inner vc_row-fluid vc_row-o-equal-height vc_row-flex\"><div id=\"tm-column-inner-69e04d525b1ba\" class=\"wpb_column vc_column_container vc_col-sm-6\"><div class=\"vc_column-inner\"><div class=\"wpb_wrapper\"><\/div><\/div><\/div><div id=\"tm-column-inner-69e04d525b420\" class=\"wpb_column vc_column_container vc_col-sm-6\"><div class=\"vc_column-inner\"><div class=\"wpb_wrapper\">\n<div class=\"tm-heading  left tm-animation move-up\" id=\"tm-heading-69e04d525b5df\">\n\t<h3 class=\"heading\" >Fijo\/Transmisi\u00f3n\/Microondas<\/h3><\/div>\n\n\n<div class=\"tm-heading vc_custom_1677072441501  left tm-animation move-up\" id=\"tm-heading-69e04d525b8c6\">\n\t<div class=\"heading\" >Somos una red especializada de especialistas con d\u00e9cadas de experiencia entre nosotros y hemos ido creciendo cada vez m\u00e1s. Nuestra sede se encuentra en el Reino Unido y nuestra red se extiende por todo el mundo con proyectos ejecutados con \u00e9xito en EMEA, APAC, CALA y la regi\u00f3n CIS. Estamos en una posici\u00f3n \u00fanica para poder brindarle todas sus soluciones de soporte tecnol\u00f3gico como un \u00fanico punto de contacto sin tener que utilizar diferentes empresas en su cadena de suministro.<\/div><\/div>\n\n<\/div><\/div><\/div><\/div><\/div><\/div><\/div><\/div><div class=\"vc_row-full-width vc_clearfix\"><\/div><div id=\"tm-row-69e04d525bc31\" data-vc-full-width=\"true\" data-vc-full-width-init=\"false\" class=\"vc_row vc_row-outer vc_row-fluid\"><div id=\"tm-column-69e04d525be18\" class=\"wpb_column vc_column_container vc_col-sm-12\"><div class=\"vc_column-inner\"><div class=\"wpb_wrapper\"><div id=\"tm-row-inner-69e04d525bfee\" class=\"vc_row vc_inner vc_row-fluid vc_row-o-equal-height vc_row-flex\"><div id=\"tm-column-inner-69e04d525c1ca\" class=\"wpb_column vc_column_container vc_col-sm-6\"><div class=\"vc_column-inner\"><div class=\"wpb_wrapper\">\n<div class=\"tm-heading  left tm-animation move-up\" id=\"tm-heading-69e04d525c37e\">\n\t<h3 class=\"heading\" >IP\/Transmisi\u00f3n<\/h3><\/div>\n\n\n<div class=\"tm-heading vc_custom_1677072441501  left tm-animation move-up\" id=\"tm-heading-69e04d525c654\">\n\t<div class=\"heading\" >Somos una red especializada de especialistas con d\u00e9cadas de experiencia entre nosotros y hemos ido creciendo cada vez m\u00e1s. Nuestra sede se encuentra en el Reino Unido y nuestra red se extiende por todo el mundo con proyectos ejecutados con \u00e9xito en EMEA, APAC, CALA y la regi\u00f3n CIS. Estamos en una posici\u00f3n \u00fanica para poder brindarle todas sus soluciones de soporte tecnol\u00f3gico como un \u00fanico punto de contacto sin tener que utilizar diferentes empresas en su cadena de suministro.<\/div><\/div>\n\n<\/div><\/div><\/div><div id=\"tm-column-inner-69e04d525c96e\" class=\"wpb_column vc_column_container vc_col-sm-6\"><div class=\"vc_column-inner\"><div class=\"wpb_wrapper\"><\/div><\/div><\/div><\/div><\/div><\/div><\/div><\/div><div class=\"vc_row-full-width vc_clearfix\"><\/div><div id=\"tm-row-69e04d525cc30\" data-vc-full-width=\"true\" data-vc-full-width-init=\"false\" class=\"vc_row vc_row-outer vc_row-fluid\"><div id=\"tm-column-69e04d525ce17\" class=\"wpb_column vc_column_container vc_col-sm-12\"><div class=\"vc_column-inner\"><div class=\"wpb_wrapper\"><div id=\"tm-row-inner-69e04d525cfef\" class=\"vc_row vc_inner vc_row-fluid vc_row-o-equal-height vc_row-flex\"><div id=\"tm-column-inner-69e04d525d1cd\" class=\"wpb_column vc_column_container vc_col-sm-6\"><div class=\"vc_column-inner\"><div class=\"wpb_wrapper\"><\/div><\/div><\/div><div id=\"tm-column-inner-69e04d525d425\" class=\"wpb_column vc_column_container vc_col-sm-6\"><div class=\"vc_column-inner\"><div class=\"wpb_wrapper\">\n<div class=\"tm-heading  left tm-animation move-up\" id=\"tm-heading-69e04d525d5e1\">\n\t<h3 class=\"heading\" >Centro<\/h3><\/div>\n\n\n<div class=\"tm-heading vc_custom_1677072441501  left tm-animation move-up\" id=\"tm-heading-69e04d525d8d2\">\n\t<div class=\"heading\" >Somos una red especializada de especialistas con d\u00e9cadas de experiencia entre nosotros y hemos ido creciendo cada vez m\u00e1s. Nuestra sede se encuentra en el Reino Unido y nuestra red se extiende por todo el mundo con proyectos ejecutados con \u00e9xito en EMEA, APAC, CALA y la regi\u00f3n CIS. Estamos en una posici\u00f3n \u00fanica para poder brindarle todas sus soluciones de soporte tecnol\u00f3gico como un \u00fanico punto de contacto sin tener que utilizar diferentes empresas en su cadena de suministro.<\/div><\/div>\n\n<\/div><\/div><\/div><\/div><div class=\"tm-spacer\" id=\"tm-spacer-69e04d525db7f\"><\/div>\n<\/div><\/div><\/div><\/div><div class=\"vc_row-full-width vc_clearfix\"><\/div>\n<\/section>","protected":false},"excerpt":{"rendered":"Tecnolog\u00edas cubiertas Productos de telecomunicaciones y redes Productos de telecomunicaciones y redes Radio Somos una red de nicho de especialistas con d\u00e9cadas de experiencia entre nosotros y hemos ido creciendo cada vez m\u00e1s. Nuestra sede se encuentra en el Reino Unido y nuestra red se extiende por todo el mundo con proyectos ejecutados con \u00e9xito en EMEA, APAC, CALA y la regi\u00f3n CIS. Estamos en una posici\u00f3n \u00fanica para poder brindarle todas sus soluciones de soporte tecnol\u00f3gico como un \u00fanico punto de contacto sin tener que utilizar diferentes empresas en su cadena de suministro. Fijo\/Transmisi\u00f3n\/Microondas Somos una red especializada de especialistas con d\u00e9cadas de experiencia entre nosotros y hemos ido creciendo cada vez m\u00e1s. Nuestra sede se encuentra en el Reino Unido y nuestra red se extiende por todo el mundo con proyectos ejecutados con \u00e9xito en EMEA, APAC, CALA y la regi\u00f3n CIS. Estamos en una posici\u00f3n \u00fanica para poder brindarle todas sus soluciones de soporte tecnol\u00f3gico como un \u00fanico punto de contacto sin tener que utilizar diferentes empresas en su cadena de suministro. IP\/Transmisi\u00f3n Somos una red especializada de especialistas con d\u00e9cadas de experiencia entre nosotros y hemos ido creciendo cada vez m\u00e1s. Nuestra sede se encuentra en el Reino Unido y nuestra red se extiende por todo el mundo con proyectos ejecutados con \u00e9xito en EMEA, APAC, CALA y la regi\u00f3n CIS. Estamos en una posici\u00f3n \u00fanica para poder brindarle todas sus soluciones de soporte tecnol\u00f3gico como un \u00fanico punto de contacto sin tener que utilizar diferentes empresas en su cadena de suministro. N\u00facleo Somos una red especializada de especialistas con d\u00e9cadas de experiencia entre nosotros y hemos ido creciendo cada vez m\u00e1s. Nuestra sede se encuentra en el Reino Unido y nuestra red se extiende por todo el mundo con proyectos ejecutados con \u00e9xito en EMEA, APAC, CALA y la regi\u00f3n CIS. Estamos en una posici\u00f3n \u00fanica para poder brindarle todas sus soluciones de soporte tecnol\u00f3gico como un \u00fanico punto de contacto sin tener que utilizar diferentes empresas en su cadena de suministro.","protected":false},"author":1,"featured_media":0,"parent":0,"menu_order":0,"comment_status":"closed","ping_status":"closed","template":"","meta":{"content-type":"","footnotes":""},"class_list":["post-2998","page","type-page","status-publish","hentry"],"yoast_head":"<!-- This site is optimized with the Yoast SEO plugin v27.3 - https:\/\/yoast.com\/product\/yoast-seo-wordpress\/ -->\n<title>Support Services Technologies - WillowTech Group<\/title>\n<meta name=\"robots\" content=\"index, follow, max-snippet:-1, max-image-preview:large, max-video-preview:-1\" \/>\n<link rel=\"canonical\" href=\"https:\/\/willowtechgroup.com\/es\/support-services-technologies\/\" \/>\n<meta property=\"og:locale\" content=\"es_ES\" \/>\n<meta property=\"og:type\" content=\"article\" \/>\n<meta property=\"og:title\" content=\"Support Services Technologies - WillowTech Group\" \/>\n<meta property=\"og:url\" content=\"https:\/\/willowtechgroup.com\/es\/support-services-technologies\/\" \/>\n<meta property=\"og:site_name\" content=\"WillowTech Group\" \/>\n<meta property=\"article:modified_time\" content=\"2023-02-23T09:48:57+00:00\" \/>\n<meta name=\"twitter:card\" content=\"summary_large_image\" \/>\n<meta name=\"twitter:label1\" content=\"Tiempo de lectura\" \/>\n\t<meta name=\"twitter:data1\" content=\"5 minutos\" \/>\n<script type=\"application\/ld+json\" class=\"yoast-schema-graph\">{\"@context\":\"https:\\\/\\\/schema.org\",\"@graph\":[{\"@type\":\"WebPage\",\"@id\":\"https:\\\/\\\/willowtechgroup.com\\\/support-services-technologies\\\/\",\"url\":\"https:\\\/\\\/willowtechgroup.com\\\/support-services-technologies\\\/\",\"name\":\"Support Services Technologies - WillowTech Group\",\"isPartOf\":{\"@id\":\"https:\\\/\\\/willowtechgroup.com\\\/#website\"},\"datePublished\":\"2023-02-23T09:40:41+00:00\",\"dateModified\":\"2023-02-23T09:48:57+00:00\",\"breadcrumb\":{\"@id\":\"https:\\\/\\\/willowtechgroup.com\\\/support-services-technologies\\\/#breadcrumb\"},\"inLanguage\":\"es\",\"potentialAction\":[{\"@type\":\"ReadAction\",\"target\":[\"https:\\\/\\\/willowtechgroup.com\\\/support-services-technologies\\\/\"]}]},{\"@type\":\"BreadcrumbList\",\"@id\":\"https:\\\/\\\/willowtechgroup.com\\\/support-services-technologies\\\/#breadcrumb\",\"itemListElement\":[{\"@type\":\"ListItem\",\"position\":1,\"name\":\"Home\",\"item\":\"https:\\\/\\\/willowtechgroup.com\\\/\"},{\"@type\":\"ListItem\",\"position\":2,\"name\":\"Support Services Technologies\"}]},{\"@type\":\"WebSite\",\"@id\":\"https:\\\/\\\/willowtechgroup.com\\\/#website\",\"url\":\"https:\\\/\\\/willowtechgroup.com\\\/\",\"name\":\"WillowTech Group\",\"description\":\"IT Consultation &amp; Services\",\"publisher\":{\"@id\":\"https:\\\/\\\/willowtechgroup.com\\\/#organization\"},\"potentialAction\":[{\"@type\":\"SearchAction\",\"target\":{\"@type\":\"EntryPoint\",\"urlTemplate\":\"https:\\\/\\\/willowtechgroup.com\\\/?s={search_term_string}\"},\"query-input\":{\"@type\":\"PropertyValueSpecification\",\"valueRequired\":true,\"valueName\":\"search_term_string\"}}],\"inLanguage\":\"es\"},{\"@type\":\"Organization\",\"@id\":\"https:\\\/\\\/willowtechgroup.com\\\/#organization\",\"name\":\"WillowTech Group\",\"url\":\"https:\\\/\\\/willowtechgroup.com\\\/\",\"logo\":{\"@type\":\"ImageObject\",\"inLanguage\":\"es\",\"@id\":\"https:\\\/\\\/willowtechgroup.com\\\/#\\\/schema\\\/logo\\\/image\\\/\",\"url\":\"https:\\\/\\\/willowtechgroup.com\\\/wp-content\\\/uploads\\\/2018\\\/10\\\/Logo-290X70-3.svg\",\"contentUrl\":\"https:\\\/\\\/willowtechgroup.com\\\/wp-content\\\/uploads\\\/2018\\\/10\\\/Logo-290X70-3.svg\",\"width\":\"1024\",\"height\":\"1024\",\"caption\":\"WillowTech Group\"},\"image\":{\"@id\":\"https:\\\/\\\/willowtechgroup.com\\\/#\\\/schema\\\/logo\\\/image\\\/\"}}]}<\/script>\n<!-- \/ Yoast SEO plugin. -->","yoast_head_json":{"title":"Tecnolog\u00edas de servicios de soporte - WillowTech Group","robots":{"index":"index","follow":"follow","max-snippet":"max-snippet:-1","max-image-preview":"max-image-preview:large","max-video-preview":"max-video-preview:-1"},"canonical":"https:\/\/willowtechgroup.com\/es\/support-services-technologies\/","og_locale":"es_ES","og_type":"article","og_title":"Support Services Technologies - WillowTech Group","og_url":"https:\/\/willowtechgroup.com\/es\/support-services-technologies\/","og_site_name":"WillowTech Group","article_modified_time":"2023-02-23T09:48:57+00:00","twitter_card":"summary_large_image","twitter_misc":{"Tiempo de lectura":"5 minutos"},"schema":{"@context":"https:\/\/schema.org","@graph":[{"@type":"WebPage","@id":"https:\/\/willowtechgroup.com\/support-services-technologies\/","url":"https:\/\/willowtechgroup.com\/support-services-technologies\/","name":"Tecnolog\u00edas de servicios de soporte - WillowTech Group","isPartOf":{"@id":"https:\/\/willowtechgroup.com\/#website"},"datePublished":"2023-02-23T09:40:41+00:00","dateModified":"2023-02-23T09:48:57+00:00","breadcrumb":{"@id":"https:\/\/willowtechgroup.com\/support-services-technologies\/#breadcrumb"},"inLanguage":"es","potentialAction":[{"@type":"ReadAction","target":["https:\/\/willowtechgroup.com\/support-services-technologies\/"]}]},{"@type":"BreadcrumbList","@id":"https:\/\/willowtechgroup.com\/support-services-technologies\/#breadcrumb","itemListElement":[{"@type":"ListItem","position":1,"name":"Home","item":"https:\/\/willowtechgroup.com\/"},{"@type":"ListItem","position":2,"name":"Support Services Technologies"}]},{"@type":"WebSite","@id":"https:\/\/willowtechgroup.com\/#website","url":"https:\/\/willowtechgroup.com\/","name":"Grupo Willow Tech","description":"Consultor\u00eda y servicios de TI","publisher":{"@id":"https:\/\/willowtechgroup.com\/#organization"},"potentialAction":[{"@type":"SearchAction","target":{"@type":"EntryPoint","urlTemplate":"https:\/\/willowtechgroup.com\/?s={search_term_string}"},"query-input":{"@type":"PropertyValueSpecification","valueRequired":true,"valueName":"search_term_string"}}],"inLanguage":"es"},{"@type":"Organization","@id":"https:\/\/willowtechgroup.com\/#organization","name":"Grupo Willow Tech","url":"https:\/\/willowtechgroup.com\/","logo":{"@type":"ImageObject","inLanguage":"es","@id":"https:\/\/willowtechgroup.com\/#\/schema\/logo\/image\/","url":"https:\/\/willowtechgroup.com\/wp-content\/uploads\/2018\/10\/Logo-290X70-3.svg","contentUrl":"https:\/\/willowtechgroup.com\/wp-content\/uploads\/2018\/10\/Logo-290X70-3.svg","width":"1024","height":"1024","caption":"WillowTech Group"},"image":{"@id":"https:\/\/willowtechgroup.com\/#\/schema\/logo\/image\/"}}]}},"_links":{"self":[{"href":"https:\/\/willowtechgroup.com\/es\/wp-json\/wp\/v2\/pages\/2998","targetHints":{"allow":["GET"]}}],"collection":[{"href":"https:\/\/willowtechgroup.com\/es\/wp-json\/wp\/v2\/pages"}],"about":[{"href":"https:\/\/willowtechgroup.com\/es\/wp-json\/wp\/v2\/types\/page"}],"author":[{"embeddable":true,"href":"https:\/\/willowtechgroup.com\/es\/wp-json\/wp\/v2\/users\/1"}],"replies":[{"embeddable":true,"href":"https:\/\/willowtechgroup.com\/es\/wp-json\/wp\/v2\/comments?post=2998"}],"version-history":[{"count":0,"href":"https:\/\/willowtechgroup.com\/es\/wp-json\/wp\/v2\/pages\/2998\/revisions"}],"wp:attachment":[{"href":"https:\/\/willowtechgroup.com\/es\/wp-json\/wp\/v2\/media?parent=2998"}],"curies":[{"name":"gracias","href":"https:\/\/api.w.org\/{rel}","templated":true}]}}