{"id":3407,"date":"2023-05-01T14:50:00","date_gmt":"2023-05-01T13:50:00","guid":{"rendered":"https:\/\/willowtechgroup.com\/?page_id=3407"},"modified":"2023-10-09T14:21:30","modified_gmt":"2023-10-09T13:21:30","slug":"multi-vendor-network-support","status":"publish","type":"page","link":"https:\/\/willowtechgroup.com\/es\/multi-vendor-network-support\/","title":{"rendered":"Soporte de red de m\u00faltiples proveedores"},"content":{"rendered":"<section class=\"wpb-content-wrapper\"><div id=\"tm-row-69d28a4f00903\" data-vc-full-width=\"true\" data-vc-full-width-init=\"false\" class=\"vc_row vc_row-outer vc_row-fluid\"><div id=\"tm-column-69d28a4f00c81\" class=\"wpb_column vc_column_container vc_col-sm-12\"><div class=\"vc_column-inner\"><div class=\"wpb_wrapper\">\n<div class=\"tm-heading  center tm-animation move-up\" id=\"tm-heading-69d28a4f00ea5\">\n\t<h2 class=\"heading\" ><mark>Soporte de red de m\u00faltiples proveedores<\/mark><\/h2><\/div>\n\n<div class=\"tm-spacer\" id=\"tm-spacer-69d28a4f0115c\"><\/div>\n\n<div class=\"tm-heading mg-top-heading  center tm-animation move-up\" id=\"tm-heading-69d28a4f011f2\">\n\t<div class=\"heading\" >Si bien una red de m\u00faltiples proveedores puede brindarle mayor flexibilidad, funcionalidad y una ventaja sobre sus competidores, necesita soporte especializado para que todo funcione sin problemas. Puede resultar complicado y llevar mucho tiempo configurar dispositivos de diferentes proveedores,<\/p>\n<p>Maximice las operaciones de su red con la experiencia y el soporte de los mejores ingenieros del mundo. Nuestros equipos lo ayudar\u00e1n a desarrollar una infraestructura de red h\u00edbrida, agregando aplicaciones y plataformas seg\u00fan sea necesario para satisfacer las necesidades de su negocio.<\/div><\/div>\n\n<div class=\"tm-spacer\" id=\"tm-spacer-69d28a4f01472\"><\/div>\n<\/div><\/div><\/div><\/div><div class=\"vc_row-full-width vc_clearfix\"><\/div><div id=\"tm-row-69d28a4f01564\" data-vc-full-width=\"true\" data-vc-full-width-init=\"false\" class=\"vc_row vc_row-outer vc_row-fluid\"><div id=\"tm-column-69d28a4f01ac0\" class=\"wpb_column vc_column_container vc_col-sm-12\"><div class=\"vc_column-inner\"><div class=\"wpb_wrapper\"><div id=\"tm-row-inner-69d28a4f01d08\" class=\"vc_row vc_inner vc_row-fluid vc_row-o-equal-height vc_row-flex\"><div id=\"tm-column-inner-69d28a4f01f35\" class=\"wpb_column vc_column_container vc_col-sm-6\"><div class=\"vc_column-inner\"><div class=\"wpb_wrapper\">\n<div class=\"tm-heading  left tm-animation move-up\" id=\"tm-heading-69d28a4f02101\">\n\t<h3 class=\"heading\" >Servicios de m\u00faltiples proveedores<\/h3><\/div>\n\n\n<div class=\"tm-heading vc_custom_1683007825690  left tm-animation move-up\" id=\"tm-heading-69d28a4f023e7\">\n\t<div class=\"heading\" >Nuestros servicios de soporte de red de m\u00faltiples proveedores reducen la complejidad de la administraci\u00f3n de su servidor, entorno de red y almacenamiento, aumentan la eficiencia y se concentran en hacer crecer su negocio.<\/div><\/div>\n\n<\/div><\/div><\/div><div id=\"tm-column-inner-69d28a4f0270f\" class=\"wpb_column vc_column_container vc_col-sm-6\"><div class=\"vc_column-inner\"><div class=\"wpb_wrapper\"><div class=\"tm-spacer\" id=\"tm-spacer-69d28a4f02b54\"><\/div>\n<\/div><\/div><\/div><\/div><\/div><\/div><\/div><\/div><div class=\"vc_row-full-width vc_clearfix\"><\/div><div id=\"tm-row-69d28a4f02c92\" data-vc-full-width=\"true\" data-vc-full-width-init=\"false\" class=\"vc_row vc_row-outer vc_row-fluid\"><div id=\"tm-column-69d28a4f02e89\" class=\"wpb_column vc_column_container vc_col-sm-12\"><div class=\"vc_column-inner\"><div class=\"wpb_wrapper\">\n<div class=\"tm-heading  center tm-animation move-up\" id=\"tm-heading-69d28a4f0304b\">\n\t<h2 class=\"heading\" ><mark>Un socio de soporte de red de m\u00faltiples proveedores en el que puede confiar<\/mark><\/h2><\/div>\n\n<div class=\"tm-spacer\" id=\"tm-spacer-69d28a4f032ca\"><\/div>\n<\/div><\/div><\/div><\/div><div class=\"vc_row-full-width vc_clearfix\"><\/div><div id=\"tm-row-69d28a4f033ae\" data-vc-full-width=\"true\" data-vc-full-width-init=\"false\" data-vc-stretch-content=\"true\" class=\"vc_row vc_row-outer vc_row-fluid min-h-ic-box\"><div id=\"tm-column-69d28a4f035a1\" class=\"custom-col-10 wpb_column vc_column_container vc_col-sm-2\"><div class=\"vc_column-inner\"><div class=\"wpb_wrapper\"><\/div><\/div><\/div><div id=\"tm-column-69d28a4f0378e\" class=\"custom-col-80 wpb_column vc_column_container vc_col-sm-8\"><div class=\"vc_column-inner\"><div class=\"wpb_wrapper\"><div id=\"tm-row-inner-69d28a4f0396c\" class=\"vc_row vc_inner vc_row-fluid col-sp-3\"><div id=\"tm-column-inner-69d28a4f03b58\" class=\"wpb_column vc_column_container vc_col-sm-4\"><div class=\"vc_column-inner\"><div class=\"wpb_wrapper\"><div class=\"tm-box-icon  style-2 style-align-center tm-animation move-up\" id=\"tm-box-icon-69d28a4f03d09\">\n\t\t<div class=\"content-wrap\">\n\n\t\t\t<div class=\"image\">\n\t\t\t<img decoding=\"async\" src=\"https:\/\/willowtechgroup.com\/wp-content\/uploads\/2023\/05\/Icon-34.svg\" alt=\"Icon 34\" \/>\t\t<\/div>\n\t\n\t\n\t<div class=\"content\">\n\t\t<div class=\"box-header\">\n\t\t\t\t\t\t\t<h4 class=\"heading\">\n\t\t\t\t\t\n\t\t\t\t\t\tSoporte t\u00e9cnico remoto 24 horas al d\u00eda, 7 d\u00edas a la semana\n\t\t\t\t\t\t\n\t\t\t\t<\/h4>\n\t\t\t\t\t<\/div>\n\n\t\t\n\t\t\t\t\t\t\t\t\t<ul class=\"box-icon-list\">\n\t\t\t\t\t<li><i class=\"fas fa-check\"><\/i>Benef\u00edciese de soporte de TI administrado ilimitado las 24 horas, los 7 d\u00edas de la semana, alineado con sus objetivos<\/li>\n\t\t\t\t<\/ul>\n\t\t\t\t\t\t\t\t\t\t\t\t<ul class=\"box-icon-list\">\n\t\t\t\t\t<li><i class=\"fas fa-check\"><\/i>Monitoreo en tiempo real<\/li>\n\t\t\t\t<\/ul>\n\t\t\t\t\t\t\t\t\t\t\t\t<ul class=\"box-icon-list\">\n\t\t\t\t\t<li><i class=\"fas fa-check\"><\/i>Respuestas r\u00e1pidas y remediaci\u00f3n para mantener operativa su organizaci\u00f3n<\/li>\n\t\t\t\t<\/ul>\n\t\t\t\t\t\n\t\t\t<\/div>\n<\/div>\n<\/div>\n<\/div><\/div><\/div><div id=\"tm-column-inner-69d28a4f04cd5\" class=\"wpb_column vc_column_container vc_col-sm-4\"><div class=\"vc_column-inner\"><div class=\"wpb_wrapper\"><div class=\"tm-box-icon  style-2 style-align-center tm-animation move-up\" id=\"tm-box-icon-69d28a4f04e78\">\n\t\t<div class=\"content-wrap\">\n\n\t\t\t<div class=\"image\">\n\t\t\t<img decoding=\"async\" src=\"https:\/\/willowtechgroup.com\/wp-content\/uploads\/2023\/05\/Icon-35.svg\" alt=\"Icon 35\" \/>\t\t<\/div>\n\t\n\t\n\t<div class=\"content\">\n\t\t<div class=\"box-header\">\n\t\t\t\t\t\t\t<h4 class=\"heading\">\n\t\t\t\t\t\n\t\t\t\t\t\tCapacitaci\u00f3n de m\u00faltiples proveedores\n\t\t\t\t\t\t\n\t\t\t\t<\/h4>\n\t\t\t\t\t<\/div>\n\n\t\t\n\t\t\t\t\t\t\t\t\t<ul class=\"box-icon-list\">\n\t\t\t\t\t<li><i class=\"fas fa-check\"><\/i>Nuestros expertos capacitar\u00e1n a sus equipos para utilizar equipos de diferentes proveedores, optimizar las operaciones y resolver problemas de manera proactiva.<\/li>\n\t\t\t\t<\/ul>\n\t\t\t\t\t\t\t\t\t\t\t\t<ul class=\"box-icon-list\">\n\t\t\t\t\t<li><i class=\"fas fa-check\"><\/i>Mejore las habilidades de sus propios equipos para lograr una flexibilidad \u00f3ptima <\/li>\n\t\t\t\t<\/ul>\n\t\t\t\t\t\n\t\t\t<\/div>\n<\/div>\n<\/div>\n<\/div><\/div><\/div><div id=\"tm-column-inner-69d28a4f05d7c\" class=\"wpb_column vc_column_container vc_col-sm-4\"><div class=\"vc_column-inner\"><div class=\"wpb_wrapper\"><div class=\"tm-box-icon  style-2 style-align-center tm-animation move-up\" id=\"tm-box-icon-69d28a4f05f23\">\n\t\t<div class=\"content-wrap\">\n\n\t\t\t<div class=\"image\">\n\t\t\t<img decoding=\"async\" src=\"https:\/\/willowtechgroup.com\/wp-content\/uploads\/2023\/05\/Icon-38.svg\" alt=\"Icon 38\" \/>\t\t<\/div>\n\t\n\t\n\t<div class=\"content\">\n\t\t<div class=\"box-header\">\n\t\t\t\t\t\t\t<h4 class=\"heading\">\n\t\t\t\t\t\n\t\t\t\t\t\tActualizaciones de red\/proyectos de expansi\u00f3n\n\t\t\t\t\t\t\n\t\t\t\t<\/h4>\n\t\t\t\t\t<\/div>\n\n\t\t\n\t\t\t\t\t\t\t\t\t<ul class=\"box-icon-list\">\n\t\t\t\t\t<li><i class=\"fas fa-check\"><\/i>An\u00e1lisis de desaf\u00edos comerciales y recomendaciones de productos adecuados de una variedad de fabricantes de equipos originales. <\/li>\n\t\t\t\t<\/ul>\n\t\t\t\t\t\t\t\t\t\t\t\t<ul class=\"box-icon-list\">\n\t\t\t\t\t<li><i class=\"fas fa-check\"><\/i>Creaci\u00f3n de una hoja de ruta profesional y personalizada para la expansi\u00f3n que le ayude a planificar el ma\u00f1ana<\/li>\n\t\t\t\t<\/ul>\n\t\t\t\t\t\t\t\t\t\t\t\t<ul class=\"box-icon-list\">\n\t\t\t\t\t<li><i class=\"fas fa-check\"><\/i>Implementaci\u00f3n paso a paso respaldada por una red global de expertos  <\/li>\n\t\t\t\t<\/ul>\n\t\t\t\t\t\n\t\t\t<\/div>\n<\/div>\n<\/div>\n<\/div><\/div><\/div><\/div><div id=\"tm-row-inner-69d28a4f06de0\" class=\"vc_row vc_inner vc_row-fluid col-sp-2\"><div id=\"tm-column-inner-69d28a4f06fd7\" class=\"wpb_column vc_column_container vc_col-sm-6\"><div class=\"vc_column-inner\"><div class=\"wpb_wrapper\"><div class=\"tm-box-icon  style-2 style-align-center tm-animation move-up\" id=\"tm-box-icon-69d28a4f0716d\">\n\t\t<div class=\"content-wrap\">\n\n\t\t\t<div class=\"image\">\n\t\t\t<img decoding=\"async\" src=\"https:\/\/willowtechgroup.com\/wp-content\/uploads\/2023\/05\/Icon-36.svg\" alt=\"Icon 36\" \/>\t\t<\/div>\n\t\n\t\n\t<div class=\"content\">\n\t\t<div class=\"box-header\">\n\t\t\t\t\t\t\t<h4 class=\"heading\">\n\t\t\t\t\t\n\t\t\t\t\t\tImplementaci\u00f3n y optimizaci\u00f3n de la red.\n\t\t\t\t\t\t\n\t\t\t\t<\/h4>\n\t\t\t\t\t<\/div>\n\n\t\t\n\t\t\t\t\t\t\t\t\t<ul class=\"box-icon-list\">\n\t\t\t\t\t<li><i class=\"fas fa-check\"><\/i>Dedique el m\u00ednimo de tiempo, esfuerzo y costo a nuestros expertos que tienen experiencia en m\u00faltiples fabricantes de equipos originales y proveedores.<\/li>\n\t\t\t\t<\/ul>\n\t\t\t\t\t\t\t\t\t\t\t\t<ul class=\"box-icon-list\">\n\t\t\t\t\t<li><i class=\"fas fa-check\"><\/i>Soluciones personalizadas para satisfacer sus necesidades log\u00edsticas de red \u00fanicas<\/li>\n\t\t\t\t<\/ul>\n\t\t\t\t\t\t\t\t\t\t\t\t<ul class=\"box-icon-list\">\n\t\t\t\t\t<li><i class=\"fas fa-check\"><\/i>La arquitectura de dise\u00f1o de red integral significa que sus implementaciones estar\u00e1n a la altura de sus requisitos de rendimiento.<\/li>\n\t\t\t\t<\/ul>\n\t\t\t\t\t\t\t\t\t\t\t\t<ul class=\"box-icon-list\">\n\t\t\t\t\t<li><i class=\"fas fa-check\"><\/i>Probaremos los escenarios de casos de trabajo para determinar c\u00f3mo se comportar\u00e1 su red bajo estr\u00e9s.  <\/li>\n\t\t\t\t<\/ul>\n\t\t\t\t\t\t\t\t\t\t\t\t<ul class=\"box-icon-list\">\n\t\t\t\t\t<li><i class=\"fas fa-check\"><\/i>S\u00f3lidas medidas de ciberseguridad incluidas por dise\u00f1o<\/li>\n\t\t\t\t<\/ul>\n\t\t\t\t\t\n\t\t\t<\/div>\n<\/div>\n<\/div>\n<\/div><\/div><\/div><div id=\"tm-column-inner-69d28a4f0801e\" class=\"wpb_column vc_column_container vc_col-sm-6\"><div class=\"vc_column-inner\"><div class=\"wpb_wrapper\"><div class=\"tm-box-icon  style-2 style-align-center tm-animation move-up\" id=\"tm-box-icon-69d28a4f081c2\">\n\t\t<div class=\"content-wrap\">\n\n\t\t\t<div class=\"image\">\n\t\t\t<img decoding=\"async\" src=\"https:\/\/willowtechgroup.com\/wp-content\/uploads\/2023\/05\/Icon-37.svg\" alt=\"Icon 37\" \/>\t\t<\/div>\n\t\n\t\n\t<div class=\"content\">\n\t\t<div class=\"box-header\">\n\t\t\t\t\t\t\t<h4 class=\"heading\">\n\t\t\t\t\t\n\t\t\t\t\t\tOperaciones y mantenimiento de redes.\n\t\t\t\t\t\t\n\t\t\t\t<\/h4>\n\t\t\t\t\t<\/div>\n\n\t\t\n\t\t\t\t\t\t\t\t\t<ul class=\"box-icon-list\">\n\t\t\t\t\t<li><i class=\"fas fa-check\"><\/i>Seguimiento del fin de vida \u00fatil (EOSL) de los equipos de cada proveedor<\/li>\n\t\t\t\t<\/ul>\n\t\t\t\t\t\t\t\t\t\t\t\t<ul class=\"box-icon-list\">\n\t\t\t\t\t<li><i class=\"fas fa-check\"><\/i>Nuestros ingenieros expertos tienen la formaci\u00f3n y la experiencia necesarias para adoptar un enfoque h\u00edbrido para el mantenimiento de redes de m\u00faltiples proveedores.<\/li>\n\t\t\t\t<\/ul>\n\t\t\t\t\t\t\t\t\t\t\t\t<ul class=\"box-icon-list\">\n\t\t\t\t\t<li><i class=\"fas fa-check\"><\/i>Evite problemas t\u00e9cnicos antes de que ocurran con un mantenimiento regular y rutinario realizado por especialistas.<\/li>\n\t\t\t\t<\/ul>\n\t\t\t\t\t\t\t\t\t\t\t\t<ul class=\"box-icon-list\">\n\t\t\t\t\t<li><i class=\"fas fa-check\"><\/i>Mejore la seguridad de su red con monitoreo constante y vigilancia cuidadosa<\/li>\n\t\t\t\t<\/ul>\n\t\t\t\t\t\t\t\t\t\t\t\t<ul class=\"box-icon-list\">\n\t\t\t\t\t<li><i class=\"fas fa-check\"><\/i>Informes sobre el desempe\u00f1o frente a m\u00e9tricas y objetivos estandarizados<\/li>\n\t\t\t\t<\/ul>\n\t\t\t\t\t\t\t\t\t\t\t\t<ul class=\"box-icon-list\">\n\t\t\t\t\t<li><i class=\"fas fa-check\"><\/i>Cumplimiento subcontratado<\/li>\n\t\t\t\t<\/ul>\n\t\t\t\t\t\n\t\t\t<\/div>\n<\/div>\n<\/div>\n<\/div><\/div><\/div><\/div><\/div><\/div><\/div><div id=\"tm-column-69d28a4f090bf\" class=\"custom-col-10 wpb_column vc_column_container vc_col-sm-2\"><div class=\"vc_column-inner\"><div class=\"wpb_wrapper\"><\/div><\/div><\/div><\/div><div class=\"vc_row-full-width vc_clearfix\"><\/div><div id=\"tm-row-69d28a4f092e8\" class=\"vc_row vc_row-outer vc_row-fluid\"><div id=\"tm-column-69d28a4f09525\" class=\"wpb_column vc_column_container vc_col-sm-12\"><div class=\"vc_column-inner\"><div class=\"wpb_wrapper\"><div id=\"tm-row-inner-69d28a4f09725\" class=\"vc_row vc_inner vc_row-fluid\"><div id=\"tm-column-inner-69d28a4f0994b\" class=\"wpb_column vc_column_container vc_col-sm-12\"><div class=\"vc_column-inner\"><div class=\"wpb_wrapper\">\n<div class=\"tm-heading  left tm-animation move-up\" id=\"tm-heading-69d28a4f09b37\">\n\t<h3 class=\"heading\" >INCLUYENDO PERO NO LIMITADO A<\/h3><\/div>\n\n<div class=\"tm-spacer\" id=\"tm-spacer-69d28a4f09dc1\"><\/div>\n\n<div class=\"tm-heading  left tm-animation move-up\" id=\"tm-heading-69d28a4f09e4e\">\n\t<h3 class=\"heading\" >Productos OEM que apoyamos<\/h3><\/div>\n\n\n\t<div class=\"wpb_text_column wpb_content_element  vc_custom_1696857688128 p-txt\" >\n\t\t<div class=\"wpb_wrapper\">\n\t\t\t<table class=\"revnue-est\" style=\"color: #174c9b; font-style: normal; font-weight: 600;\">\n<tbody>\n<tr>\n<td>\u2022 ERICSON<\/td>\n<td>\u2022 SAMSUNG<\/td>\n<td>\u2022NOKIA<\/td>\n<td>\u2022 HUAWEI<\/td>\n<\/tr>\n<tr>\n<td>\u2022 INFINERA\/CORIANTE<\/td>\n<td>\u2022ZTE<\/td>\n<td>\u2022 AVIAT<\/td>\n<td>\u2022 CISCO<\/td>\n<\/tr>\n<tr>\n<td>\u2022 SIEMENS<\/td>\n<td>\u2022 CERAG\u00d3N<\/td>\n<td>\u2022 MARCONI<\/td>\n<td>\u2022 MAVENIR\/COMVERSO<\/td>\n<\/tr>\n<tr>\n<td>\u2022 MAHINDRA COMVIVA<\/td>\n<td>\u2022MOTOROLA<\/td>\n<td>\u2022 CINTA\/GENBANDA<\/td>\n<td>\u2022 ENEBRO<\/td>\n<\/tr>\n<tr>\n<td>\u2022 CNE<\/td>\n<td>\u2022 DELL\/EMC<\/td>\n<td>\u2022 caballos de fuerza<\/td>\n<td>\u2022 OR\u00c1CULO<\/td>\n<\/tr>\n<\/tbody>\n<\/table>\n\n\t\t<\/div>\n\t<\/div>\n<\/div><\/div><\/div><\/div><\/div><\/div><\/div><\/div>\n<\/section>","protected":false},"excerpt":{"rendered":"Soporte de red de m\u00faltiples proveedores Si bien una red de m\u00faltiples proveedores puede brindarle mayor flexibilidad, funcionalidad y una ventaja sobre sus competidores, necesita soporte especializado para que todo funcione sin problemas. Puede resultar desafiante y llevar mucho tiempo configurar dispositivos de diferentes proveedores. Maximice sus operaciones de red con la experiencia y el soporte de los mejores ingenieros del mundo. Nuestros equipos lo ayudar\u00e1n a desarrollar una infraestructura de red h\u00edbrida, agregando aplicaciones y plataformas seg\u00fan sea necesario para satisfacer las necesidades de su negocio. Servicios de m\u00faltiples proveedores Nuestros servicios de soporte de red de m\u00faltiples proveedores reducen la complejidad de la administraci\u00f3n de su servidor, entorno de redes y almacenamiento, aumentan la eficiencia y se concentran en hacer crecer su negocio. Un socio de soporte de red de m\u00faltiples proveedores en el que puede confiar Soporte t\u00e9cnico remoto las 24 horas, los 7 d\u00edas de la semana Benef\u00edciese de un soporte de TI administrado ilimitado las 24 horas, los 7 d\u00edas de la semana que est\u00e1 alineado con sus objetivos Monitoreo en tiempo real Respuestas y soluciones r\u00e1pidas para mantener operativa su organizaci\u00f3n Capacitaci\u00f3n de m\u00faltiples proveedores Nuestros expertos capacite a sus equipos para utilizar equipos de diferentes proveedores, optimice las operaciones y resuelva problemas de manera proactiva. Mejore las habilidades de sus propios equipos para lograr una flexibilidad \u00f3ptima. Actualizaciones de red\/proyectos de expansi\u00f3n. An\u00e1lisis de desaf\u00edos comerciales y recomendaciones de productos adecuados de una variedad de OEM. Creaci\u00f3n de una hoja de ruta profesional y personalizada para la expansi\u00f3n. que le ayuda a planificar el ma\u00f1ana Implementaci\u00f3n paso a paso respaldada por una red global de expertos Implementaci\u00f3n y optimizaci\u00f3n de la red Dedique un tiempo, esfuerzo y costo m\u00ednimos a nuestros expertos que tienen experiencia en m\u00faltiples OEM y proveedores Soluciones personalizadas que se adaptan a sus necesidades log\u00edsticas de red \u00fanicas Red integral La arquitectura de dise\u00f1o significa que sus implementaciones estar\u00e1n a la altura de sus requisitos de rendimiento. Probaremos los escenarios de casos de trabajo para determinar c\u00f3mo se comportar\u00e1 su red bajo estr\u00e9s. Medidas s\u00f3lidas de ciberseguridad incluidas en el dise\u00f1o. Operaciones y mantenimiento de la red. Seguimiento del final de la vida \u00fatil (EOSL). ) para equipos de cada proveedor Nuestros ingenieros expertos tienen la capacitaci\u00f3n y la experiencia necesarias para adoptar un enfoque h\u00edbrido para el mantenimiento de redes de m\u00faltiples proveedores Evite problemas t\u00e9cnicos antes de que ocurran con un mantenimiento regular y rutinario realizado por especialistas Mejore la seguridad de su red con monitoreo y vigilancia cuidadosa Informes sobre el desempe\u00f1o frente a m\u00e9tricas y objetivos estandarizados Cumplimiento subcontratado INCLUYENDO, PERO NO LIMITADO A, los productos OEM que admitimos \u2022 ERICSSON \u2022 SAMSUNG \u2022 NOKIA \u2022 HUAWEI \u2022 INFINERA\/CORIANT \u2022 ZTE \u2022 AVIAT \u2022 CISCO \u2022 SIEMENS \u2022 CERAGON \u2022 MARCONI \u2022 MAVENIR\/COMVERSE \u2022 MAHINDRA COMVIVA \u2022 MOTOROLA \u2022 RIBBON\/GENBAND \u2022 JUNIPER \u2022 NEC \u2022 DELL\/EMC \u2022 HP \u2022 ORACLE","protected":false},"author":1,"featured_media":0,"parent":0,"menu_order":0,"comment_status":"closed","ping_status":"closed","template":"","meta":{"content-type":"","footnotes":""},"class_list":["post-3407","page","type-page","status-publish","hentry"],"yoast_head":"<!-- This site is optimized with the Yoast SEO plugin v25.2 - https:\/\/yoast.com\/wordpress\/plugins\/seo\/ -->\n<title>Multi-Vendor Network Support - WillowTech Group<\/title>\n<meta name=\"robots\" content=\"index, follow, max-snippet:-1, max-image-preview:large, max-video-preview:-1\" \/>\n<link rel=\"canonical\" href=\"https:\/\/willowtechgroup.com\/es\/multi-vendor-network-support\/\" \/>\n<meta property=\"og:locale\" content=\"es_ES\" \/>\n<meta property=\"og:type\" content=\"article\" \/>\n<meta property=\"og:title\" content=\"Multi-Vendor Network Support - WillowTech Group\" \/>\n<meta property=\"og:url\" content=\"https:\/\/willowtechgroup.com\/es\/multi-vendor-network-support\/\" \/>\n<meta property=\"og:site_name\" content=\"WillowTech Group\" \/>\n<meta property=\"article:modified_time\" content=\"2023-10-09T13:21:30+00:00\" \/>\n<meta name=\"twitter:card\" content=\"summary_large_image\" \/>\n<meta name=\"twitter:label1\" content=\"Tiempo de lectura\" \/>\n\t<meta name=\"twitter:data1\" content=\"8 minutos\" \/>\n<script type=\"application\/ld+json\" class=\"yoast-schema-graph\">{\"@context\":\"https:\/\/schema.org\",\"@graph\":[{\"@type\":\"WebPage\",\"@id\":\"https:\/\/willowtechgroup.com\/multi-vendor-network-support\/\",\"url\":\"https:\/\/willowtechgroup.com\/multi-vendor-network-support\/\",\"name\":\"Multi-Vendor Network Support - WillowTech Group\",\"isPartOf\":{\"@id\":\"https:\/\/willowtechgroup.com\/#website\"},\"datePublished\":\"2023-05-01T13:50:00+00:00\",\"dateModified\":\"2023-10-09T13:21:30+00:00\",\"breadcrumb\":{\"@id\":\"https:\/\/willowtechgroup.com\/multi-vendor-network-support\/#breadcrumb\"},\"inLanguage\":\"es\",\"potentialAction\":[{\"@type\":\"ReadAction\",\"target\":[\"https:\/\/willowtechgroup.com\/multi-vendor-network-support\/\"]}]},{\"@type\":\"BreadcrumbList\",\"@id\":\"https:\/\/willowtechgroup.com\/multi-vendor-network-support\/#breadcrumb\",\"itemListElement\":[{\"@type\":\"ListItem\",\"position\":1,\"name\":\"Home\",\"item\":\"https:\/\/willowtechgroup.com\/\"},{\"@type\":\"ListItem\",\"position\":2,\"name\":\"Multi-Vendor Network Support\"}]},{\"@type\":\"WebSite\",\"@id\":\"https:\/\/willowtechgroup.com\/#website\",\"url\":\"https:\/\/willowtechgroup.com\/\",\"name\":\"WillowTech Group\",\"description\":\"IT Consultation &amp; Services\",\"publisher\":{\"@id\":\"https:\/\/willowtechgroup.com\/#organization\"},\"potentialAction\":[{\"@type\":\"SearchAction\",\"target\":{\"@type\":\"EntryPoint\",\"urlTemplate\":\"https:\/\/willowtechgroup.com\/?s={search_term_string}\"},\"query-input\":{\"@type\":\"PropertyValueSpecification\",\"valueRequired\":true,\"valueName\":\"search_term_string\"}}],\"inLanguage\":\"es\"},{\"@type\":\"Organization\",\"@id\":\"https:\/\/willowtechgroup.com\/#organization\",\"name\":\"WillowTech Group\",\"url\":\"https:\/\/willowtechgroup.com\/\",\"logo\":{\"@type\":\"ImageObject\",\"inLanguage\":\"es\",\"@id\":\"https:\/\/willowtechgroup.com\/#\/schema\/logo\/image\/\",\"url\":\"https:\/\/willowtechgroup.com\/wp-content\/uploads\/2018\/10\/Logo-290X70-3.svg\",\"contentUrl\":\"https:\/\/willowtechgroup.com\/wp-content\/uploads\/2018\/10\/Logo-290X70-3.svg\",\"width\":\"1024\",\"height\":\"1024\",\"caption\":\"WillowTech Group\"},\"image\":{\"@id\":\"https:\/\/willowtechgroup.com\/#\/schema\/logo\/image\/\"}}]}<\/script>\n<!-- \/ Yoast SEO plugin. -->","yoast_head_json":{"title":"Soporte de red multiproveedor - WillowTech Group","robots":{"index":"index","follow":"follow","max-snippet":"max-snippet:-1","max-image-preview":"max-image-preview:large","max-video-preview":"max-video-preview:-1"},"canonical":"https:\/\/willowtechgroup.com\/es\/multi-vendor-network-support\/","og_locale":"es_ES","og_type":"article","og_title":"Multi-Vendor Network Support - WillowTech Group","og_url":"https:\/\/willowtechgroup.com\/es\/multi-vendor-network-support\/","og_site_name":"WillowTech Group","article_modified_time":"2023-10-09T13:21:30+00:00","twitter_card":"summary_large_image","twitter_misc":{"Tiempo de lectura":"8 minutos"},"schema":{"@context":"https:\/\/schema.org","@graph":[{"@type":"WebPage","@id":"https:\/\/willowtechgroup.com\/multi-vendor-network-support\/","url":"https:\/\/willowtechgroup.com\/multi-vendor-network-support\/","name":"Soporte de red multiproveedor - WillowTech Group","isPartOf":{"@id":"https:\/\/willowtechgroup.com\/#website"},"datePublished":"2023-05-01T13:50:00+00:00","dateModified":"2023-10-09T13:21:30+00:00","breadcrumb":{"@id":"https:\/\/willowtechgroup.com\/multi-vendor-network-support\/#breadcrumb"},"inLanguage":"es","potentialAction":[{"@type":"ReadAction","target":["https:\/\/willowtechgroup.com\/multi-vendor-network-support\/"]}]},{"@type":"BreadcrumbList","@id":"https:\/\/willowtechgroup.com\/multi-vendor-network-support\/#breadcrumb","itemListElement":[{"@type":"ListItem","position":1,"name":"Home","item":"https:\/\/willowtechgroup.com\/"},{"@type":"ListItem","position":2,"name":"Multi-Vendor Network Support"}]},{"@type":"WebSite","@id":"https:\/\/willowtechgroup.com\/#website","url":"https:\/\/willowtechgroup.com\/","name":"Grupo Willow Tech","description":"Consultor\u00eda y servicios de TI","publisher":{"@id":"https:\/\/willowtechgroup.com\/#organization"},"potentialAction":[{"@type":"SearchAction","target":{"@type":"EntryPoint","urlTemplate":"https:\/\/willowtechgroup.com\/?s={search_term_string}"},"query-input":{"@type":"PropertyValueSpecification","valueRequired":true,"valueName":"search_term_string"}}],"inLanguage":"es"},{"@type":"Organization","@id":"https:\/\/willowtechgroup.com\/#organization","name":"Grupo Willow Tech","url":"https:\/\/willowtechgroup.com\/","logo":{"@type":"ImageObject","inLanguage":"es","@id":"https:\/\/willowtechgroup.com\/#\/schema\/logo\/image\/","url":"https:\/\/willowtechgroup.com\/wp-content\/uploads\/2018\/10\/Logo-290X70-3.svg","contentUrl":"https:\/\/willowtechgroup.com\/wp-content\/uploads\/2018\/10\/Logo-290X70-3.svg","width":"1024","height":"1024","caption":"WillowTech Group"},"image":{"@id":"https:\/\/willowtechgroup.com\/#\/schema\/logo\/image\/"}}]}},"_links":{"self":[{"href":"https:\/\/willowtechgroup.com\/es\/wp-json\/wp\/v2\/pages\/3407","targetHints":{"allow":["GET"]}}],"collection":[{"href":"https:\/\/willowtechgroup.com\/es\/wp-json\/wp\/v2\/pages"}],"about":[{"href":"https:\/\/willowtechgroup.com\/es\/wp-json\/wp\/v2\/types\/page"}],"author":[{"embeddable":true,"href":"https:\/\/willowtechgroup.com\/es\/wp-json\/wp\/v2\/users\/1"}],"replies":[{"embeddable":true,"href":"https:\/\/willowtechgroup.com\/es\/wp-json\/wp\/v2\/comments?post=3407"}],"version-history":[{"count":0,"href":"https:\/\/willowtechgroup.com\/es\/wp-json\/wp\/v2\/pages\/3407\/revisions"}],"wp:attachment":[{"href":"https:\/\/willowtechgroup.com\/es\/wp-json\/wp\/v2\/media?parent=3407"}],"curies":[{"name":"gracias","href":"https:\/\/api.w.org\/{rel}","templated":true}]}}