{"id":3602,"date":"2023-06-24T06:59:48","date_gmt":"2023-06-24T05:59:48","guid":{"rendered":"https:\/\/willowtechgroup.com\/?page_id=3602"},"modified":"2023-10-03T12:14:54","modified_gmt":"2023-10-03T11:14:54","slug":"onshore-professional-services","status":"publish","type":"page","link":"https:\/\/willowtechgroup.com\/es\/onshore-professional-services\/","title":{"rendered":"Consultor\u00eda Onshore"},"content":{"rendered":"<section class=\"wpb-content-wrapper\"><div id=\"tm-row-69f2f9111ee05\" data-vc-full-width=\"true\" data-vc-full-width-init=\"false\" class=\"vc_row vc_row-outer vc_row-fluid\"><div id=\"tm-column-69f2f9111f17f\" class=\"wpb_column vc_column_container vc_col-sm-12\"><div class=\"vc_column-inner\"><div class=\"wpb_wrapper\">\n<div class=\"tm-heading  center tm-animation move-up\" id=\"tm-heading-69f2f9111f3da\">\n\t<h2 class=\"heading\" ><mark>Costa adentro - Centro de excelencia<\/mark><\/h2><\/div>\n\n<div class=\"tm-spacer\" id=\"tm-spacer-69f2f9111f6b2\"><\/div>\n\n<div class=\"tm-heading mg-top-heading  center tm-animation move-up\" id=\"tm-heading-69f2f9111f749\">\n\t<div class=\"heading\" >En tierra no significa empleado. A\u00fan se puede subcontratar un equipo local, lo que le brinda muchas<br \/>\nde los mismos beneficios de la subcontrataci\u00f3n, pero tambi\u00e9n de las ventajas de contar con expertos locales.<\/div><\/div>\n\n<div class=\"tm-spacer\" id=\"tm-spacer-69f2f9111fa10\"><\/div>\n<\/div><\/div><\/div><\/div><div class=\"vc_row-full-width vc_clearfix\"><\/div><div id=\"tm-row-69f2f9111fb09\" data-vc-full-width=\"true\" data-vc-full-width-init=\"false\" class=\"vc_row vc_row-outer vc_row-fluid\"><div id=\"tm-column-69f2f9111ffd5\" class=\"wpb_column vc_column_container vc_col-sm-12\"><div class=\"vc_column-inner\"><div class=\"wpb_wrapper\"><div id=\"tm-row-inner-69f2f9112021d\" class=\"vc_row vc_inner vc_row-fluid vc_row-o-equal-height vc_row-flex\"><div id=\"tm-column-inner-69f2f9112049a\" class=\"wpb_column vc_column_container vc_col-sm-6\"><div class=\"vc_column-inner\"><div class=\"wpb_wrapper\">\n<div class=\"tm-heading  left tm-animation move-up\" id=\"tm-heading-69f2f9112066d\">\n\t<h3 class=\"heading\" >\u00bfQu\u00e9 significa &quot;en tierra&quot;?<\/h3><\/div>\n\n\n<div class=\"tm-heading vc_custom_1689154828817  left tm-animation move-up\" id=\"tm-heading-69f2f91120969\">\n\t<div class=\"heading\" >Los equipos onshore no necesariamente tienen que estar trabajando en las instalaciones de su negocio, pero definitivamente estar\u00e1n m\u00e1s cerca que los expertos nearshore o offshore. Con sede en el mismo pa\u00eds y la misma zona horaria que su empresa, pueden brindar soporte tecnol\u00f3gico de manera r\u00e1pida y eficiente sin preocuparse por diferentes horarios.<\/div><\/div>\n\n<\/div><\/div><\/div><div id=\"tm-column-inner-69f2f91120c8f\" class=\"wpb_column vc_column_container vc_col-sm-6\"><div class=\"vc_column-inner\"><div class=\"wpb_wrapper\"><div class=\"tm-spacer\" id=\"tm-spacer-69f2f91121100\"><\/div>\n<\/div><\/div><\/div><\/div><\/div><\/div><\/div><\/div><div class=\"vc_row-full-width vc_clearfix\"><\/div><div id=\"tm-row-69f2f9112124f\" data-vc-full-width=\"true\" data-vc-full-width-init=\"false\" class=\"vc_row vc_row-outer vc_row-fluid\"><div id=\"tm-column-69f2f91121458\" class=\"wpb_column vc_column_container vc_col-sm-12\"><div class=\"vc_column-inner\"><div class=\"wpb_wrapper\">\n<div class=\"tm-heading  center tm-animation move-up\" id=\"tm-heading-69f2f9112161d\">\n\t<h2 class=\"heading\" ><mark>Beneficios de los equipos de desarrollo onshore<\/mark><\/h2><\/div>\n\n<div class=\"tm-spacer\" id=\"tm-spacer-69f2f911218ac\"><\/div>\n<\/div><\/div><\/div><\/div><div class=\"vc_row-full-width vc_clearfix\"><\/div><div id=\"tm-row-69f2f9112198e\" class=\"vc_row vc_row-outer vc_row-fluid\"><div id=\"tm-column-69f2f91121b7f\" class=\"wpb_column vc_column_container vc_col-sm-6\"><div class=\"vc_column-inner\"><div class=\"wpb_wrapper\"><div class=\"tm-box-icon  style-2 style-align-center tm-animation move-up\" id=\"tm-box-icon-69f2f91121d2f\">\n\t\t<div class=\"content-wrap\">\n\n\t\t\t<div class=\"image\">\n\t\t\t<img decoding=\"async\" src=\"https:\/\/willowtechgroup.com\/wp-content\/uploads\/2023\/04\/Icon-1-2.svg\" alt=\"Icon 1 (2)\" \/>\t\t<\/div>\n\t\n\t\n\t<div class=\"content\">\n\t\t<div class=\"box-header\">\n\t\t\t\t\t<\/div>\n\n\t\t\n\t\t\t\t\t\t\t\t\t<ul class=\"box-icon-list\">\n\t\t\t\t\t<li><i class=\"fas fa-check\"><\/i>Acceda a un grupo de talentos m\u00e1s amplio, lo que le permitir\u00e1 superar la escasez de habilidades t\u00e9cnicas espec\u00edficas que puedan existir en su fuerza laboral empleada. Estar ubicado en una ubicaci\u00f3n cercana permite viajar y reuniones cara a cara\/virtuales m\u00e1s f\u00e1cilmente sin estr\u00e9s ni confusi\u00f3n sobre las zonas horarias.<\/li>\n\t\t\t\t<\/ul>\n\t\t\t\t\t\t\t\t\t\t\t\t\t\t\t\t\t<ul class=\"box-icon-list\">\n\t\t\t\t\t<li><i class=\"fas fa-check\"><\/i>Mejor comprensi\u00f3n del trabajo y la cultura personal de sus equipos subcontratados<\/li>\n\t\t\t\t<\/ul>\n\t\t\t\t\t\t\t\t\t\t\t\t\t\t\t\t\t<ul class=\"box-icon-list\">\n\t\t\t\t\t<li><i class=\"fas fa-check\"><\/i>Contrate expertos capacitados y experimentados para operaciones diarias o para proyectos espec\u00edficos \u00fanicos.<\/li>\n\t\t\t\t<\/ul>\n\t\t\t\t\t\t\t\t\t\t\t\t\t\t\t\t\t<ul class=\"box-icon-list\">\n\t\t\t\t\t<li><i class=\"fas fa-check\"><\/i>Acceso bajo demanda a su propio equipo de TI especializado<\/li>\n\t\t\t\t<\/ul>\n\t\t\t\t\t\n\t\t\t<\/div>\n<\/div>\n<\/div>\n<\/div><\/div><\/div><div id=\"tm-column-69f2f91122dcf\" class=\"wpb_column vc_column_container vc_col-sm-6\"><div class=\"vc_column-inner\"><div class=\"wpb_wrapper\"><div class=\"tm-box-icon  style-2 style-align-center tm-animation move-up\" id=\"tm-box-icon-69f2f91122fa7\">\n\t\t<div class=\"content-wrap\">\n\n\t\t\t<div class=\"image\">\n\t\t\t<img decoding=\"async\" src=\"https:\/\/willowtechgroup.com\/wp-content\/uploads\/2023\/04\/Icon-6-.svg\" alt=\"Icon 6\" \/>\t\t<\/div>\n\t\n\t\n\t<div class=\"content\">\n\t\t<div class=\"box-header\">\n\t\t\t\t\t<\/div>\n\n\t\t\n\t\t\t\t\t\t\t\t\t<ul class=\"box-icon-list\">\n\t\t\t\t\t<li><i class=\"fas fa-check\"><\/i>Mayor flexibilidad a la hora de escalar tu negocio<\/li>\n\t\t\t\t<\/ul>\n\t\t\t\t\t\t\t\t\t\t\t\t<ul class=\"box-icon-list\">\n\t\t\t\t\t<li><i class=\"fas fa-check\"><\/i>Desarrollo acelerado y velocidad de entrada al mercado<\/li>\n\t\t\t\t<\/ul>\n\t\t\t\t\t\t\t\t\t\t\t\t<ul class=\"box-icon-list\">\n\t\t\t\t\t<li><i class=\"fas fa-check\"><\/i>Ahorre dinero en comparaci\u00f3n con contratar su propio equipo<\/li>\n\t\t\t\t<\/ul>\n\t\t\t\t\t\t\t\t\t\t\t\t<ul class=\"box-icon-list\">\n\t\t\t\t\t<li><i class=\"fas fa-check\"><\/i>Mant\u00e9ngase enfocado en decisiones cr\u00edticas para el negocio y tenga menos participaci\u00f3n en sus operaciones de TI.<\/li>\n\t\t\t\t<\/ul>\n\t\t\t\t\t\t\t\t\t\t\t\t<ul class=\"box-icon-list\">\n\t\t\t\t\t<li><i class=\"fas fa-check\"><\/i>Mant\u00e9ngase competitivo en su industria Subcontrate completamente o contrate un equipo local para respaldar sus capacidades diarias.<\/li>\n\t\t\t\t<\/ul>\n\t\t\t\t\t\n\t\t\t<\/div>\n<\/div>\n<\/div>\n<div class=\"tm-spacer\" id=\"tm-spacer-69f2f91123de5\"><\/div>\n<\/div><\/div><\/div><\/div><div id=\"tm-row-69f2f91123f1f\" data-vc-full-width=\"true\" data-vc-full-width-init=\"false\" data-vc-stretch-content=\"true\" class=\"vc_row vc_row-outer vc_row-fluid vc_row-o-content-middle vc_row-flex\"><div id=\"tm-column-69f2f91124167\" class=\"wpb_column vc_column_container vc_col-sm-12\"><div class=\"vc_column-inner\"><div class=\"wpb_wrapper\">\n<div class=\"tm-heading modern-icon center tm-animation move-up\" id=\"tm-heading-69f2f91124342\">\n\t<h4 class=\"heading\" >Aproveche el potencial de los expertos en tecnolog\u00eda onshore, aborde sus desaf\u00edos de desarrollo de manera eficiente y obtenga resultados sobresalientes. Hable con nosotros sobre nuestra oferta actual de servicios profesionales en tierra.<\/h4><\/div>\n\n<\/div><\/div><\/div><\/div><div class=\"vc_row-full-width vc_clearfix\"><\/div>\n<\/section>","protected":false},"excerpt":{"rendered":"Onshore - Centro de Excelencia Onshore no significa empleado. A\u00fan as\u00ed, se puede subcontratar un equipo local, lo que le brinda muchos de los mismos beneficios de la subcontrataci\u00f3n, pero tambi\u00e9n las ventajas de tener expertos locales. \u00bfQu\u00e9 significa &quot;en tierra&quot;? Los equipos onshore no necesariamente tienen que estar trabajando en las instalaciones de su negocio, pero definitivamente estar\u00e1n m\u00e1s cerca que los expertos nearshore o offshore. Con sede en el mismo pa\u00eds y la misma zona horaria que su empresa, pueden brindar soporte tecnol\u00f3gico de manera r\u00e1pida y eficiente sin preocuparse por diferentes horarios. Beneficios de los equipos de desarrollo locales Acceda a un grupo de talentos m\u00e1s amplio, lo que le permitir\u00e1 superar la escasez de habilidades t\u00e9cnicas espec\u00edficas que pueden existir en su fuerza laboral empleada. Estar ubicado cerca de una ubicaci\u00f3n permite viajar m\u00e1s f\u00e1cilmente y realizar reuniones presenciales\/virtuales sin estr\u00e9s ni confusi\u00f3n. sobre zonas horarias Mejor comprensi\u00f3n de la cultura laboral y personal de sus equipos subcontratados Contrate expertos capacitados y experimentados para las operaciones diarias o para proyectos espec\u00edficos \u00fanicos Acceso bajo demanda a su propio equipo de TI especializado Mayor flexibilidad a la hora de escalar su negocio Desarrollo acelerado y velocidad de entrada al mercado Ahorre dinero en comparaci\u00f3n con contratar su propio equipo Permanezca enfocado en decisiones cr\u00edticas para el negocio y tenga menos participaci\u00f3n en sus operaciones de TI Mant\u00e9ngase competitivo en su industria Subcontrate completamente o contrate un equipo local para respaldar su d\u00eda a d\u00eda -capacidades del d\u00eda. Aproveche el potencial de los expertos en tecnolog\u00eda onshore, aborde sus desaf\u00edos de desarrollo de manera eficiente y obtenga resultados sobresalientes. Hable con nosotros sobre nuestra oferta actual de servicios profesionales en tierra.","protected":false},"author":1,"featured_media":0,"parent":0,"menu_order":0,"comment_status":"closed","ping_status":"closed","template":"","meta":{"content-type":"","footnotes":""},"class_list":["post-3602","page","type-page","status-publish","hentry"],"yoast_head":"<!-- This site is optimized with the Yoast SEO plugin v27.4 - https:\/\/yoast.com\/product\/yoast-seo-wordpress\/ -->\n<title>Onshore Consulting - WillowTech Group<\/title>\n<meta name=\"robots\" content=\"index, follow, max-snippet:-1, max-image-preview:large, max-video-preview:-1\" \/>\n<link rel=\"canonical\" href=\"https:\/\/willowtechgroup.com\/es\/onshore-professional-services\/\" \/>\n<meta property=\"og:locale\" content=\"es_ES\" \/>\n<meta property=\"og:type\" content=\"article\" \/>\n<meta property=\"og:title\" content=\"Onshore Consulting - WillowTech Group\" \/>\n<meta property=\"og:url\" content=\"https:\/\/willowtechgroup.com\/es\/onshore-professional-services\/\" \/>\n<meta property=\"og:site_name\" content=\"WillowTech Group\" \/>\n<meta property=\"article:modified_time\" content=\"2023-10-03T11:14:54+00:00\" \/>\n<meta name=\"twitter:card\" content=\"summary_large_image\" \/>\n<meta name=\"twitter:label1\" content=\"Tiempo de lectura\" \/>\n\t<meta name=\"twitter:data1\" content=\"3 minutos\" \/>\n<script type=\"application\/ld+json\" class=\"yoast-schema-graph\">{\"@context\":\"https:\\\/\\\/schema.org\",\"@graph\":[{\"@type\":\"WebPage\",\"@id\":\"https:\\\/\\\/willowtechgroup.com\\\/onshore-professional-services\\\/\",\"url\":\"https:\\\/\\\/willowtechgroup.com\\\/onshore-professional-services\\\/\",\"name\":\"Onshore Consulting - WillowTech Group\",\"isPartOf\":{\"@id\":\"https:\\\/\\\/willowtechgroup.com\\\/#website\"},\"datePublished\":\"2023-06-24T05:59:48+00:00\",\"dateModified\":\"2023-10-03T11:14:54+00:00\",\"breadcrumb\":{\"@id\":\"https:\\\/\\\/willowtechgroup.com\\\/onshore-professional-services\\\/#breadcrumb\"},\"inLanguage\":\"es\",\"potentialAction\":[{\"@type\":\"ReadAction\",\"target\":[\"https:\\\/\\\/willowtechgroup.com\\\/onshore-professional-services\\\/\"]}]},{\"@type\":\"BreadcrumbList\",\"@id\":\"https:\\\/\\\/willowtechgroup.com\\\/onshore-professional-services\\\/#breadcrumb\",\"itemListElement\":[{\"@type\":\"ListItem\",\"position\":1,\"name\":\"Home\",\"item\":\"https:\\\/\\\/willowtechgroup.com\\\/\"},{\"@type\":\"ListItem\",\"position\":2,\"name\":\"Onshore Consulting\"}]},{\"@type\":\"WebSite\",\"@id\":\"https:\\\/\\\/willowtechgroup.com\\\/#website\",\"url\":\"https:\\\/\\\/willowtechgroup.com\\\/\",\"name\":\"WillowTech Group\",\"description\":\"IT Consultation &amp; Services\",\"publisher\":{\"@id\":\"https:\\\/\\\/willowtechgroup.com\\\/#organization\"},\"potentialAction\":[{\"@type\":\"SearchAction\",\"target\":{\"@type\":\"EntryPoint\",\"urlTemplate\":\"https:\\\/\\\/willowtechgroup.com\\\/?s={search_term_string}\"},\"query-input\":{\"@type\":\"PropertyValueSpecification\",\"valueRequired\":true,\"valueName\":\"search_term_string\"}}],\"inLanguage\":\"es\"},{\"@type\":\"Organization\",\"@id\":\"https:\\\/\\\/willowtechgroup.com\\\/#organization\",\"name\":\"WillowTech Group\",\"url\":\"https:\\\/\\\/willowtechgroup.com\\\/\",\"logo\":{\"@type\":\"ImageObject\",\"inLanguage\":\"es\",\"@id\":\"https:\\\/\\\/willowtechgroup.com\\\/#\\\/schema\\\/logo\\\/image\\\/\",\"url\":\"https:\\\/\\\/willowtechgroup.com\\\/wp-content\\\/uploads\\\/2018\\\/10\\\/Logo-290X70-3.svg\",\"contentUrl\":\"https:\\\/\\\/willowtechgroup.com\\\/wp-content\\\/uploads\\\/2018\\\/10\\\/Logo-290X70-3.svg\",\"width\":\"1024\",\"height\":\"1024\",\"caption\":\"WillowTech Group\"},\"image\":{\"@id\":\"https:\\\/\\\/willowtechgroup.com\\\/#\\\/schema\\\/logo\\\/image\\\/\"}}]}<\/script>\n<!-- \/ Yoast SEO plugin. -->","yoast_head_json":{"title":"Onshore Consulting - WillowTech Group","robots":{"index":"index","follow":"follow","max-snippet":"max-snippet:-1","max-image-preview":"max-image-preview:large","max-video-preview":"max-video-preview:-1"},"canonical":"https:\/\/willowtechgroup.com\/es\/onshore-professional-services\/","og_locale":"es_ES","og_type":"article","og_title":"Onshore Consulting - WillowTech Group","og_url":"https:\/\/willowtechgroup.com\/es\/onshore-professional-services\/","og_site_name":"WillowTech Group","article_modified_time":"2023-10-03T11:14:54+00:00","twitter_card":"summary_large_image","twitter_misc":{"Tiempo de lectura":"3 minutos"},"schema":{"@context":"https:\/\/schema.org","@graph":[{"@type":"WebPage","@id":"https:\/\/willowtechgroup.com\/onshore-professional-services\/","url":"https:\/\/willowtechgroup.com\/onshore-professional-services\/","name":"Onshore Consulting - WillowTech Group","isPartOf":{"@id":"https:\/\/willowtechgroup.com\/#website"},"datePublished":"2023-06-24T05:59:48+00:00","dateModified":"2023-10-03T11:14:54+00:00","breadcrumb":{"@id":"https:\/\/willowtechgroup.com\/onshore-professional-services\/#breadcrumb"},"inLanguage":"es","potentialAction":[{"@type":"ReadAction","target":["https:\/\/willowtechgroup.com\/onshore-professional-services\/"]}]},{"@type":"BreadcrumbList","@id":"https:\/\/willowtechgroup.com\/onshore-professional-services\/#breadcrumb","itemListElement":[{"@type":"ListItem","position":1,"name":"Home","item":"https:\/\/willowtechgroup.com\/"},{"@type":"ListItem","position":2,"name":"Onshore Consulting"}]},{"@type":"WebSite","@id":"https:\/\/willowtechgroup.com\/#website","url":"https:\/\/willowtechgroup.com\/","name":"Grupo Willow Tech","description":"Consultor\u00eda y servicios de TI","publisher":{"@id":"https:\/\/willowtechgroup.com\/#organization"},"potentialAction":[{"@type":"SearchAction","target":{"@type":"EntryPoint","urlTemplate":"https:\/\/willowtechgroup.com\/?s={search_term_string}"},"query-input":{"@type":"PropertyValueSpecification","valueRequired":true,"valueName":"search_term_string"}}],"inLanguage":"es"},{"@type":"Organization","@id":"https:\/\/willowtechgroup.com\/#organization","name":"Grupo Willow Tech","url":"https:\/\/willowtechgroup.com\/","logo":{"@type":"ImageObject","inLanguage":"es","@id":"https:\/\/willowtechgroup.com\/#\/schema\/logo\/image\/","url":"https:\/\/willowtechgroup.com\/wp-content\/uploads\/2018\/10\/Logo-290X70-3.svg","contentUrl":"https:\/\/willowtechgroup.com\/wp-content\/uploads\/2018\/10\/Logo-290X70-3.svg","width":"1024","height":"1024","caption":"WillowTech Group"},"image":{"@id":"https:\/\/willowtechgroup.com\/#\/schema\/logo\/image\/"}}]}},"_links":{"self":[{"href":"https:\/\/willowtechgroup.com\/es\/wp-json\/wp\/v2\/pages\/3602","targetHints":{"allow":["GET"]}}],"collection":[{"href":"https:\/\/willowtechgroup.com\/es\/wp-json\/wp\/v2\/pages"}],"about":[{"href":"https:\/\/willowtechgroup.com\/es\/wp-json\/wp\/v2\/types\/page"}],"author":[{"embeddable":true,"href":"https:\/\/willowtechgroup.com\/es\/wp-json\/wp\/v2\/users\/1"}],"replies":[{"embeddable":true,"href":"https:\/\/willowtechgroup.com\/es\/wp-json\/wp\/v2\/comments?post=3602"}],"version-history":[{"count":0,"href":"https:\/\/willowtechgroup.com\/es\/wp-json\/wp\/v2\/pages\/3602\/revisions"}],"wp:attachment":[{"href":"https:\/\/willowtechgroup.com\/es\/wp-json\/wp\/v2\/media?parent=3602"}],"curies":[{"name":"gracias","href":"https:\/\/api.w.org\/{rel}","templated":true}]}}