{"id":3616,"date":"2023-06-24T08:00:27","date_gmt":"2023-06-24T07:00:27","guid":{"rendered":"https:\/\/willowtechgroup.com\/?page_id=3616"},"modified":"2023-10-03T12:13:53","modified_gmt":"2023-10-03T11:13:53","slug":"nearshore-professional-services","status":"publish","type":"page","link":"https:\/\/willowtechgroup.com\/es\/nearshore-professional-services\/","title":{"rendered":"Consultor\u00eda Nearshore"},"content":{"rendered":"<section class=\"wpb-content-wrapper\"><div id=\"tm-row-69f4e40722086\" data-vc-full-width=\"true\" data-vc-full-width-init=\"false\" class=\"vc_row vc_row-outer vc_row-fluid\"><div id=\"tm-column-69f4e40722468\" class=\"wpb_column vc_column_container vc_col-sm-12\"><div class=\"vc_column-inner\"><div class=\"wpb_wrapper\">\n<div class=\"tm-heading  center tm-animation move-up\" id=\"tm-heading-69f4e4072268c\">\n\t<h2 class=\"heading\" ><mark>Nearshore - Centro de excelencia<\/mark><\/h2><\/div>\n\n<div class=\"tm-spacer\" id=\"tm-spacer-69f4e40722947\"><\/div>\n\n<div class=\"tm-heading mg-top-heading  center tm-animation move-up\" id=\"tm-heading-69f4e407229db\">\n\t<div class=\"heading\" >Los equipos nearshore cierran la brecha entre los equipos offshore y onshore, brindando a las empresas de tecnolog\u00eda moderna la oportunidad de ampliar su grupo de talentos, pero no a expensas de zonas horarias muy diferentes y posibles diferencias culturales.<\/div><\/div>\n\n<div class=\"tm-spacer\" id=\"tm-spacer-69f4e40722c5d\"><\/div>\n<\/div><\/div><\/div><\/div><div class=\"vc_row-full-width vc_clearfix\"><\/div><div id=\"tm-row-69f4e40722d55\" data-vc-full-width=\"true\" data-vc-full-width-init=\"false\" class=\"vc_row vc_row-outer vc_row-fluid\"><div id=\"tm-column-69f4e407232d5\" class=\"wpb_column vc_column_container vc_col-sm-12\"><div class=\"vc_column-inner\"><div class=\"wpb_wrapper\"><div id=\"tm-row-inner-69f4e40723511\" class=\"vc_row vc_inner vc_row-fluid vc_row-o-equal-height vc_row-flex\"><div id=\"tm-column-inner-69f4e40723744\" class=\"wpb_column vc_column_container vc_col-sm-6\"><div class=\"vc_column-inner\"><div class=\"wpb_wrapper\">\n<div class=\"tm-heading  left tm-animation move-up\" id=\"tm-heading-69f4e40723965\">\n\t<h3 class=\"heading\" >\u00bfQu\u00e9 significa &quot;cerca de la costa&quot;?<\/h3><\/div>\n\n\n<div class=\"tm-heading vc_custom_1687590120680  left tm-animation move-up\" id=\"tm-heading-69f4e40723c69\">\n\t<div class=\"heading\" >Para operar al m\u00e1s alto nivel, necesita las mejores personas en sus equipos. Desafortunadamente, las personas m\u00e1s capacitadas y experimentadas no siempre se encuentran a poca distancia de su empresa. Al igual que un equipo offshore, un equipo de desarrollo nearshore tiene su sede en otro pa\u00eds, pero normalmente con la misma zona horaria o una mucho m\u00e1s cercana.<\/div><\/div>\n\n<\/div><\/div><\/div><div id=\"tm-column-inner-69f4e40723fc9\" class=\"wpb_column vc_column_container vc_col-sm-6\"><div class=\"vc_column-inner\"><div class=\"wpb_wrapper\"><div class=\"tm-spacer\" id=\"tm-spacer-69f4e40724444\"><\/div>\n<\/div><\/div><\/div><\/div><\/div><\/div><\/div><\/div><div class=\"vc_row-full-width vc_clearfix\"><\/div><div id=\"tm-row-69f4e4072456a\" data-vc-full-width=\"true\" data-vc-full-width-init=\"false\" class=\"vc_row vc_row-outer vc_row-fluid\"><div id=\"tm-column-69f4e4072476d\" class=\"wpb_column vc_column_container vc_col-sm-12\"><div class=\"vc_column-inner\"><div class=\"wpb_wrapper\">\n<div class=\"tm-heading  center tm-animation move-up\" id=\"tm-heading-69f4e40724935\">\n\t<h2 class=\"heading\" ><mark>Beneficios de los equipos de desarrollo nearshore<\/mark><\/h2><\/div>\n\n<div class=\"tm-spacer\" id=\"tm-spacer-69f4e40724bbf\"><\/div>\n<\/div><\/div><\/div><\/div><div class=\"vc_row-full-width vc_clearfix\"><\/div><div id=\"tm-row-69f4e40724ca2\" class=\"vc_row vc_row-outer vc_row-fluid\"><div id=\"tm-column-69f4e40724f46\" class=\"wpb_column vc_column_container vc_col-sm-6\"><div class=\"vc_column-inner\"><div class=\"wpb_wrapper\"><div class=\"tm-box-icon  style-2 style-align-center tm-animation move-up\" id=\"tm-box-icon-69f4e40725127\">\n\t\t<div class=\"content-wrap\">\n\n\t\t\t<div class=\"image\">\n\t\t\t<img decoding=\"async\" src=\"https:\/\/willowtechgroup.com\/wp-content\/uploads\/2023\/05\/Icon-39.svg\" alt=\"Icon 39\" \/>\t\t<\/div>\n\t\n\t\n\t<div class=\"content\">\n\t\t<div class=\"box-header\">\n\t\t\t\t\t<\/div>\n\n\t\t\n\t\t\t\t\t\t\t\t\t<ul class=\"box-icon-list\">\n\t\t\t\t\t<li><i class=\"fas fa-check\"><\/i>Acceda a un grupo de talentos m\u00e1s amplio, lo que le permitir\u00e1 superar la escasez de habilidades t\u00e9cnicas espec\u00edficas que puedan existir en su \u00e1rea inmediata.<\/li>\n\t\t\t\t<\/ul>\n\t\t\t\t\t\t\t\t\t\t\t\t<ul class=\"box-icon-list\">\n\t\t\t\t\t<li><i class=\"fas fa-check\"><\/i>Estar ubicado en un lugar cercano permite viajar m\u00e1s f\u00e1cilmente, reuniones cara a cara y una mejor comprensi\u00f3n de los matices culturales que pueden afectar las relaciones laborales.<\/li>\n\t\t\t\t<\/ul>\n\t\t\t\t\t\t\t\t\t\t\t\t<ul class=\"box-icon-list\">\n\t\t\t\t\t<li><i class=\"fas fa-check\"><\/i>No te preocupes por gestionar diferentes zonas horarias para tu proyecto<\/li>\n\t\t\t\t<\/ul>\n\t\t\t\t\t\t\t\t\t\t\t\t<ul class=\"box-icon-list\">\n\t\t\t\t\t<li><i class=\"fas fa-check\"><\/i>Contrate expertos capacitados y experimentados para operaciones diarias o para proyectos espec\u00edficos \u00fanicos.<\/li>\n\t\t\t\t<\/ul>\n\t\t\t\t\t\n\t\t\t<\/div>\n<\/div>\n<\/div>\n<\/div><\/div><\/div><div id=\"tm-column-69f4e407261fe\" class=\"wpb_column vc_column_container vc_col-sm-6\"><div class=\"vc_column-inner\"><div class=\"wpb_wrapper\"><div class=\"tm-box-icon  style-2 style-align-center tm-animation move-up\" id=\"tm-box-icon-69f4e407263a8\">\n\t\t<div class=\"content-wrap\">\n\n\t\t\t<div class=\"image\">\n\t\t\t<img decoding=\"async\" src=\"https:\/\/willowtechgroup.com\/wp-content\/uploads\/2023\/05\/Icon-34.svg\" alt=\"Icon 34\" \/>\t\t<\/div>\n\t\n\t\n\t<div class=\"content\">\n\t\t<div class=\"box-header\">\n\t\t\t\t\t<\/div>\n\n\t\t\n\t\t\t\t\t\t\t\t\t<ul class=\"box-icon-list\">\n\t\t\t\t\t<li><i class=\"fas fa-check\"><\/i>Acceso bajo demanda a su propio equipo de TI especializado<\/li>\n\t\t\t\t<\/ul>\n\t\t\t\t\t\t\t\t\t\t\t\t<ul class=\"box-icon-list\">\n\t\t\t\t\t<li><i class=\"fas fa-check\"><\/i>Mayor flexibilidad a la hora de escalar tu negocio<\/li>\n\t\t\t\t<\/ul>\n\t\t\t\t\t\t\t\t\t\t\t\t<ul class=\"box-icon-list\">\n\t\t\t\t\t<li><i class=\"fas fa-check\"><\/i>Desarrollo acelerado y velocidad de entrada al mercado<\/li>\n\t\t\t\t<\/ul>\n\t\t\t\t\t\t\t\t\t\t\t\t<ul class=\"box-icon-list\">\n\t\t\t\t\t<li><i class=\"fas fa-check\"><\/i>Ahorre dinero en comparaci\u00f3n con la subcontrataci\u00f3n local<\/li>\n\t\t\t\t<\/ul>\n\t\t\t\t\t\t\t\t\t\t\t\t<ul class=\"box-icon-list\">\n\t\t\t\t\t<li><i class=\"fas fa-check\"><\/i>Mant\u00e9ngase enfocado en decisiones cr\u00edticas para el negocio y participe menos en sus operaciones de TI<\/li>\n\t\t\t\t<\/ul>\n\t\t\t\t\t\t\t\t\t\t\t\t<ul class=\"box-icon-list\">\n\t\t\t\t\t<li><i class=\"fas fa-check\"><\/i>Mant\u00e9ngase competitivo en su industria Subcontrate completamente o contrate un equipo nearshore para respaldar sus capacidades diarias.<\/li>\n\t\t\t\t<\/ul>\n\t\t\t\t\t\n\t\t\t<\/div>\n<\/div>\n<\/div>\n<\/div><\/div><\/div><\/div><div id=\"tm-row-69f4e407273a0\" data-vc-full-width=\"true\" data-vc-full-width-init=\"false\" data-vc-stretch-content=\"true\" class=\"vc_row vc_row-outer vc_row-fluid vc_row-o-content-middle vc_row-flex\"><div id=\"tm-column-69f4e40727613\" class=\"wpb_column vc_column_container vc_col-sm-12\"><div class=\"vc_column-inner\"><div class=\"wpb_wrapper\">\n<div class=\"tm-heading modern-icon center tm-animation move-up\" id=\"tm-heading-69f4e407277ed\">\n\t<h4 class=\"heading\" >Aproveche el potencial de los expertos en tecnolog\u00eda nearshore, aborde sus desaf\u00edos de desarrollo de manera eficiente y obtenga resultados sobresalientes. Hable con nosotros sobre nuestra oferta actual de servicios profesionales nearshore.<\/h4><\/div>\n\n<\/div><\/div><\/div><\/div><div class=\"vc_row-full-width vc_clearfix\"><\/div>\n<\/section>","protected":false},"excerpt":{"rendered":"Nearshore - Centro de Excelencia Los equipos Nearshore cierran la brecha entre los equipos offshore y onshore, brindando a las empresas de tecnolog\u00eda modernas la oportunidad de ampliar su grupo de talentos, pero no a expensas de zonas horarias muy diferentes y posibles diferencias culturales. \u00bfQu\u00e9 significa &quot;cerca de la costa&quot;? Para operar al m\u00e1s alto nivel, necesita las mejores personas en sus equipos. Desafortunadamente, las personas m\u00e1s capacitadas y experimentadas no siempre se encuentran a poca distancia de su empresa. Al igual que un equipo offshore, un equipo de desarrollo nearshore tiene su sede en otro pa\u00eds, pero normalmente con la misma zona horaria o una mucho m\u00e1s cercana. Beneficios de los equipos de desarrollo nearshore Acceda a un grupo de talentos m\u00e1s amplio, lo que le permitir\u00e1 superar la escasez de habilidades t\u00e9cnicas espec\u00edficas que pueden existir en su \u00e1rea inmediata. Estar ubicado en una ubicaci\u00f3n cercana permite viajar m\u00e1s f\u00e1cilmente, reuniones cara a cara y una mejor comprensi\u00f3n de la cultura. matices que pueden afectar las relaciones laborales No se preocupe por administrar diferentes zonas horarias para su proyecto Contrate expertos capacitados y experimentados para las operaciones diarias o para proyectos espec\u00edficos \u00fanicos Acceso bajo demanda a su propio equipo de TI especializado Mayor flexibilidad a la hora de Se trata de escalar su negocio. Desarrollo acelerado y velocidad de entrada al mercado. Ahorre dinero en comparaci\u00f3n con la subcontrataci\u00f3n local. Mant\u00e9ngase enfocado en las decisiones cr\u00edticas para el negocio y tenga menos participaci\u00f3n en sus operaciones de TI. Mant\u00e9ngase competitivo en su industria. Subcontrate completamente o contrate un equipo cercano para respaldar su d\u00eda. capacidades actuales. Aproveche el potencial de los expertos en tecnolog\u00eda nearshore, aborde sus desaf\u00edos de desarrollo de manera eficiente y obtenga resultados sobresalientes. Hable con nosotros sobre nuestra oferta actual de servicios profesionales nearshore.","protected":false},"author":1,"featured_media":0,"parent":0,"menu_order":0,"comment_status":"closed","ping_status":"closed","template":"","meta":{"content-type":"","footnotes":""},"class_list":["post-3616","page","type-page","status-publish","hentry"],"yoast_head":"<!-- This site is optimized with the Yoast SEO plugin v27.4 - https:\/\/yoast.com\/product\/yoast-seo-wordpress\/ -->\n<title>Nearshore Consulting - WillowTech Group<\/title>\n<meta name=\"robots\" content=\"index, follow, max-snippet:-1, max-image-preview:large, max-video-preview:-1\" \/>\n<link rel=\"canonical\" href=\"https:\/\/willowtechgroup.com\/es\/nearshore-professional-services\/\" \/>\n<meta property=\"og:locale\" content=\"es_ES\" \/>\n<meta property=\"og:type\" content=\"article\" \/>\n<meta property=\"og:title\" content=\"Nearshore Consulting - WillowTech Group\" \/>\n<meta property=\"og:url\" content=\"https:\/\/willowtechgroup.com\/es\/nearshore-professional-services\/\" \/>\n<meta property=\"og:site_name\" content=\"WillowTech Group\" \/>\n<meta property=\"article:modified_time\" content=\"2023-10-03T11:13:53+00:00\" \/>\n<meta name=\"twitter:card\" content=\"summary_large_image\" \/>\n<meta name=\"twitter:label1\" content=\"Tiempo de lectura\" \/>\n\t<meta name=\"twitter:data1\" content=\"3 minutos\" \/>\n<script type=\"application\/ld+json\" class=\"yoast-schema-graph\">{\"@context\":\"https:\\\/\\\/schema.org\",\"@graph\":[{\"@type\":\"WebPage\",\"@id\":\"https:\\\/\\\/willowtechgroup.com\\\/nearshore-professional-services\\\/\",\"url\":\"https:\\\/\\\/willowtechgroup.com\\\/nearshore-professional-services\\\/\",\"name\":\"Nearshore Consulting - WillowTech Group\",\"isPartOf\":{\"@id\":\"https:\\\/\\\/willowtechgroup.com\\\/#website\"},\"datePublished\":\"2023-06-24T07:00:27+00:00\",\"dateModified\":\"2023-10-03T11:13:53+00:00\",\"breadcrumb\":{\"@id\":\"https:\\\/\\\/willowtechgroup.com\\\/nearshore-professional-services\\\/#breadcrumb\"},\"inLanguage\":\"es\",\"potentialAction\":[{\"@type\":\"ReadAction\",\"target\":[\"https:\\\/\\\/willowtechgroup.com\\\/nearshore-professional-services\\\/\"]}]},{\"@type\":\"BreadcrumbList\",\"@id\":\"https:\\\/\\\/willowtechgroup.com\\\/nearshore-professional-services\\\/#breadcrumb\",\"itemListElement\":[{\"@type\":\"ListItem\",\"position\":1,\"name\":\"Home\",\"item\":\"https:\\\/\\\/willowtechgroup.com\\\/\"},{\"@type\":\"ListItem\",\"position\":2,\"name\":\"Nearshore Consulting\"}]},{\"@type\":\"WebSite\",\"@id\":\"https:\\\/\\\/willowtechgroup.com\\\/#website\",\"url\":\"https:\\\/\\\/willowtechgroup.com\\\/\",\"name\":\"WillowTech Group\",\"description\":\"IT Consultation &amp; Services\",\"publisher\":{\"@id\":\"https:\\\/\\\/willowtechgroup.com\\\/#organization\"},\"potentialAction\":[{\"@type\":\"SearchAction\",\"target\":{\"@type\":\"EntryPoint\",\"urlTemplate\":\"https:\\\/\\\/willowtechgroup.com\\\/?s={search_term_string}\"},\"query-input\":{\"@type\":\"PropertyValueSpecification\",\"valueRequired\":true,\"valueName\":\"search_term_string\"}}],\"inLanguage\":\"es\"},{\"@type\":\"Organization\",\"@id\":\"https:\\\/\\\/willowtechgroup.com\\\/#organization\",\"name\":\"WillowTech Group\",\"url\":\"https:\\\/\\\/willowtechgroup.com\\\/\",\"logo\":{\"@type\":\"ImageObject\",\"inLanguage\":\"es\",\"@id\":\"https:\\\/\\\/willowtechgroup.com\\\/#\\\/schema\\\/logo\\\/image\\\/\",\"url\":\"https:\\\/\\\/willowtechgroup.com\\\/wp-content\\\/uploads\\\/2018\\\/10\\\/Logo-290X70-3.svg\",\"contentUrl\":\"https:\\\/\\\/willowtechgroup.com\\\/wp-content\\\/uploads\\\/2018\\\/10\\\/Logo-290X70-3.svg\",\"width\":\"1024\",\"height\":\"1024\",\"caption\":\"WillowTech Group\"},\"image\":{\"@id\":\"https:\\\/\\\/willowtechgroup.com\\\/#\\\/schema\\\/logo\\\/image\\\/\"}}]}<\/script>\n<!-- \/ Yoast SEO plugin. -->","yoast_head_json":{"title":"Nearshore Consulting - WillowTech Group","robots":{"index":"index","follow":"follow","max-snippet":"max-snippet:-1","max-image-preview":"max-image-preview:large","max-video-preview":"max-video-preview:-1"},"canonical":"https:\/\/willowtechgroup.com\/es\/nearshore-professional-services\/","og_locale":"es_ES","og_type":"article","og_title":"Nearshore Consulting - WillowTech Group","og_url":"https:\/\/willowtechgroup.com\/es\/nearshore-professional-services\/","og_site_name":"WillowTech Group","article_modified_time":"2023-10-03T11:13:53+00:00","twitter_card":"summary_large_image","twitter_misc":{"Tiempo de lectura":"3 minutos"},"schema":{"@context":"https:\/\/schema.org","@graph":[{"@type":"WebPage","@id":"https:\/\/willowtechgroup.com\/nearshore-professional-services\/","url":"https:\/\/willowtechgroup.com\/nearshore-professional-services\/","name":"Nearshore Consulting - WillowTech Group","isPartOf":{"@id":"https:\/\/willowtechgroup.com\/#website"},"datePublished":"2023-06-24T07:00:27+00:00","dateModified":"2023-10-03T11:13:53+00:00","breadcrumb":{"@id":"https:\/\/willowtechgroup.com\/nearshore-professional-services\/#breadcrumb"},"inLanguage":"es","potentialAction":[{"@type":"ReadAction","target":["https:\/\/willowtechgroup.com\/nearshore-professional-services\/"]}]},{"@type":"BreadcrumbList","@id":"https:\/\/willowtechgroup.com\/nearshore-professional-services\/#breadcrumb","itemListElement":[{"@type":"ListItem","position":1,"name":"Home","item":"https:\/\/willowtechgroup.com\/"},{"@type":"ListItem","position":2,"name":"Nearshore Consulting"}]},{"@type":"WebSite","@id":"https:\/\/willowtechgroup.com\/#website","url":"https:\/\/willowtechgroup.com\/","name":"Grupo Willow Tech","description":"Consultor\u00eda y servicios de TI","publisher":{"@id":"https:\/\/willowtechgroup.com\/#organization"},"potentialAction":[{"@type":"SearchAction","target":{"@type":"EntryPoint","urlTemplate":"https:\/\/willowtechgroup.com\/?s={search_term_string}"},"query-input":{"@type":"PropertyValueSpecification","valueRequired":true,"valueName":"search_term_string"}}],"inLanguage":"es"},{"@type":"Organization","@id":"https:\/\/willowtechgroup.com\/#organization","name":"Grupo Willow Tech","url":"https:\/\/willowtechgroup.com\/","logo":{"@type":"ImageObject","inLanguage":"es","@id":"https:\/\/willowtechgroup.com\/#\/schema\/logo\/image\/","url":"https:\/\/willowtechgroup.com\/wp-content\/uploads\/2018\/10\/Logo-290X70-3.svg","contentUrl":"https:\/\/willowtechgroup.com\/wp-content\/uploads\/2018\/10\/Logo-290X70-3.svg","width":"1024","height":"1024","caption":"WillowTech Group"},"image":{"@id":"https:\/\/willowtechgroup.com\/#\/schema\/logo\/image\/"}}]}},"_links":{"self":[{"href":"https:\/\/willowtechgroup.com\/es\/wp-json\/wp\/v2\/pages\/3616","targetHints":{"allow":["GET"]}}],"collection":[{"href":"https:\/\/willowtechgroup.com\/es\/wp-json\/wp\/v2\/pages"}],"about":[{"href":"https:\/\/willowtechgroup.com\/es\/wp-json\/wp\/v2\/types\/page"}],"author":[{"embeddable":true,"href":"https:\/\/willowtechgroup.com\/es\/wp-json\/wp\/v2\/users\/1"}],"replies":[{"embeddable":true,"href":"https:\/\/willowtechgroup.com\/es\/wp-json\/wp\/v2\/comments?post=3616"}],"version-history":[{"count":0,"href":"https:\/\/willowtechgroup.com\/es\/wp-json\/wp\/v2\/pages\/3616\/revisions"}],"wp:attachment":[{"href":"https:\/\/willowtechgroup.com\/es\/wp-json\/wp\/v2\/media?parent=3616"}],"curies":[{"name":"gracias","href":"https:\/\/api.w.org\/{rel}","templated":true}]}}