{"id":3620,"date":"2023-06-24T08:17:49","date_gmt":"2023-06-24T07:17:49","guid":{"rendered":"https:\/\/willowtechgroup.com\/?page_id=3620"},"modified":"2023-10-03T12:15:56","modified_gmt":"2023-10-03T11:15:56","slug":"offshore-professional-services","status":"publish","type":"page","link":"https:\/\/willowtechgroup.com\/es\/offshore-professional-services\/","title":{"rendered":"Consultor\u00eda offshore"},"content":{"rendered":"<section class=\"wpb-content-wrapper\"><div id=\"tm-row-69f37548f04cd\" data-vc-full-width=\"true\" data-vc-full-width-init=\"false\" class=\"vc_row vc_row-outer vc_row-fluid\"><div id=\"tm-column-69f37548f0832\" class=\"wpb_column vc_column_container vc_col-sm-12\"><div class=\"vc_column-inner\"><div class=\"wpb_wrapper\">\n<div class=\"tm-heading  center tm-animation move-up\" id=\"tm-heading-69f37548f0a4f\">\n\t<h2 class=\"heading\" ><mark>Offshore - Centro de Excelencia<\/mark><\/h2><\/div>\n\n<div class=\"tm-spacer\" id=\"tm-spacer-69f37548f0cfa\"><\/div>\n\n<div class=\"tm-heading mg-top-heading  center tm-animation move-up\" id=\"tm-heading-69f37548f0d8e\">\n\t<div class=\"heading\" >Los equipos offshore son un activo valioso para las empresas de tecnolog\u00eda modernas que desean aprovechar el talento, las herramientas tecnol\u00f3gicas y las plataformas globales, pero que no quieren ni necesitan un equipo permanente en sus instalaciones comerciales o cerca de ellas.<\/div><\/div>\n\n<div class=\"tm-spacer\" id=\"tm-spacer-69f37548f101e\"><\/div>\n<\/div><\/div><\/div><\/div><div class=\"vc_row-full-width vc_clearfix\"><\/div><div id=\"tm-row-69f37548f1116\" data-vc-full-width=\"true\" data-vc-full-width-init=\"false\" class=\"vc_row vc_row-outer vc_row-fluid\"><div id=\"tm-column-69f37548f1638\" class=\"wpb_column vc_column_container vc_col-sm-12\"><div class=\"vc_column-inner\"><div class=\"wpb_wrapper\"><div id=\"tm-row-inner-69f37548f185e\" class=\"vc_row vc_inner vc_row-fluid vc_row-o-equal-height vc_row-flex\"><div id=\"tm-column-inner-69f37548f1a7e\" class=\"wpb_column vc_column_container vc_col-sm-6\"><div class=\"vc_column-inner\"><div class=\"wpb_wrapper\">\n<div class=\"tm-heading  left tm-animation move-up\" id=\"tm-heading-69f37548f1c49\">\n\t<h3 class=\"heading\" >\u00bfQu\u00e9 significa &quot;extraterritorial&quot;?<\/h3><\/div>\n\n\n<div class=\"tm-heading vc_custom_1687599561383  left tm-animation move-up\" id=\"tm-heading-69f37548f1f2c\">\n\t<div class=\"heading\" >Cuando se trata de negocios, usted quiere lo mejor en su equipo, pero a veces los mejores talentos no est\u00e1n a su alcance. Un equipo de desarrollo offshore tiene su sede en otro pa\u00eds con una zona horaria diferente. Un equipo offshore trabaja de forma remota y virtual, lo que significa que su empresa puede beneficiarse de los ingenieros m\u00e1s capacitados, experimentados y talentosos del mundo sin el dolor de cabeza y la molestia de contratarlos y retenerlos.<\/div><\/div>\n\n<\/div><\/div><\/div><div id=\"tm-column-inner-69f37548f2288\" class=\"wpb_column vc_column_container vc_col-sm-6\"><div class=\"vc_column-inner\"><div class=\"wpb_wrapper\"><div class=\"tm-spacer\" id=\"tm-spacer-69f37548f26af\"><\/div>\n<\/div><\/div><\/div><\/div><\/div><\/div><\/div><\/div><div class=\"vc_row-full-width vc_clearfix\"><\/div><div id=\"tm-row-69f37548f27cd\" data-vc-full-width=\"true\" data-vc-full-width-init=\"false\" class=\"vc_row vc_row-outer vc_row-fluid\"><div id=\"tm-column-69f37548f29c6\" class=\"wpb_column vc_column_container vc_col-sm-12\"><div class=\"vc_column-inner\"><div class=\"wpb_wrapper\">\n<div class=\"tm-heading  center tm-animation move-up\" id=\"tm-heading-69f37548f2b82\">\n\t<h2 class=\"heading\" ><mark>Beneficios de los equipos de desarrollo offshore<\/mark><\/h2><\/div>\n\n<div class=\"tm-spacer\" id=\"tm-spacer-69f37548f2e00\"><\/div>\n<\/div><\/div><\/div><\/div><div class=\"vc_row-full-width vc_clearfix\"><\/div><div id=\"tm-row-69f37548f2ed9\" class=\"vc_row vc_row-outer vc_row-fluid\"><div id=\"tm-column-69f37548f30f4\" class=\"wpb_column vc_column_container vc_col-sm-6\"><div class=\"vc_column-inner\"><div class=\"wpb_wrapper\"><div class=\"tm-box-icon  style-2 style-align-center tm-animation move-up\" id=\"tm-box-icon-69f37548f32dc\">\n\t\t<div class=\"content-wrap\">\n\n\t\t\t<div class=\"image\">\n\t\t\t<img decoding=\"async\" src=\"https:\/\/willowtechgroup.com\/wp-content\/uploads\/2023\/05\/Icon-35.svg\" alt=\"Icon 35\" \/>\t\t<\/div>\n\t\n\t\n\t<div class=\"content\">\n\t\t<div class=\"box-header\">\n\t\t\t\t\t<\/div>\n\n\t\t\n\t\t\t\t\t\t\t\t\t<ul class=\"box-icon-list\">\n\t\t\t\t\t<li><i class=\"fas fa-check\"><\/i>Acceda a un grupo de talentos global, que le permitir\u00e1 superar la escasez de habilidades t\u00e9cnicas espec\u00edficas que puedan existir en su \u00e1rea.<\/li>\n\t\t\t\t<\/ul>\n\t\t\t\t\t\t\t\t\t\t\t\t<ul class=\"box-icon-list\">\n\t\t\t\t\t<li><i class=\"fas fa-check\"><\/i>Contrate expertos capacitados y experimentados para proyectos generales o espec\u00edficos.<\/li>\n\t\t\t\t<\/ul>\n\t\t\t\t\t\t\t\t\t\t\t\t<ul class=\"box-icon-list\">\n\t\t\t\t\t<li><i class=\"fas fa-check\"><\/i>Acceso bajo demanda a un equipo de TI dedicado para manejar su tecnolog\u00eda<\/li>\n\t\t\t\t<\/ul>\n\t\t\t\t\t\t\t\t\t\t\t\t<ul class=\"box-icon-list\">\n\t\t\t\t\t<li><i class=\"fas fa-check\"><\/i>Flexibilidad para ampliar o reducir seg\u00fan las necesidades de su negocio.<\/li>\n\t\t\t\t<\/ul>\n\t\t\t\t\t\n\t\t\t<\/div>\n<\/div>\n<\/div>\n<\/div><\/div><\/div><div id=\"tm-column-69f3754900128\" class=\"wpb_column vc_column_container vc_col-sm-6\"><div class=\"vc_column-inner\"><div class=\"wpb_wrapper\"><div class=\"tm-box-icon  style-2 style-align-center tm-animation move-up\" id=\"tm-box-icon-69f37549002ce\">\n\t\t<div class=\"content-wrap\">\n\n\t\t\t<div class=\"image\">\n\t\t\t<img decoding=\"async\" src=\"https:\/\/willowtechgroup.com\/wp-content\/uploads\/2023\/04\/Icon-25.svg\" alt=\"Icon 25\" \/>\t\t<\/div>\n\t\n\t\n\t<div class=\"content\">\n\t\t<div class=\"box-header\">\n\t\t\t\t\t<\/div>\n\n\t\t\n\t\t\t\t\t\t\t\t\t<ul class=\"box-icon-list\">\n\t\t\t\t\t<li><i class=\"fas fa-check\"><\/i>Ahorros sustanciales de costos, hasta 50% o m\u00e1s en costos de desarrollo y reducci\u00f3n de recursos humanos y administrativos. <\/li>\n\t\t\t\t<\/ul>\n\t\t\t\t\t\t\t\t\t\t\t\t<ul class=\"box-icon-list\">\n\t\t\t\t\t<li><i class=\"fas fa-check\"><\/i>Mant\u00e9ngase enfocado en su negocio principal <\/li>\n\t\t\t\t<\/ul>\n\t\t\t\t\t\t\t\t\t\t\t\t<ul class=\"box-icon-list\">\n\t\t\t\t\t<li><i class=\"fas fa-check\"><\/i>Obtenga una ventaja competitiva en su mercado<\/li>\n\t\t\t\t<\/ul>\n\t\t\t\t\t\t\t\t\t\t\t\t<ul class=\"box-icon-list\">\n\t\t\t\t\t<li><i class=\"fas fa-check\"><\/i>Subcontrate completamente o contrate un equipo offshore para respaldar sus capacidades onshore diarias.<\/li>\n\t\t\t\t<\/ul>\n\t\t\t\t\t\t\t\t\t\t\t\t<ul class=\"box-icon-list\">\n\t\t\t\t\t<li><i class=\"fas fa-check\"><\/i>Desarrollo acelerado y velocidad de entrada al mercado<\/li>\n\t\t\t\t<\/ul>\n\t\t\t\t\t\n\t\t\t<\/div>\n<\/div>\n<\/div>\n<\/div><\/div><\/div><\/div><div id=\"tm-row-69f3754901343\" data-vc-full-width=\"true\" data-vc-full-width-init=\"false\" data-vc-stretch-content=\"true\" class=\"vc_row vc_row-outer vc_row-fluid vc_row-o-content-middle vc_row-flex\"><div id=\"tm-column-69f3754901549\" class=\"wpb_column vc_column_container vc_col-sm-12\"><div class=\"vc_column-inner\"><div class=\"wpb_wrapper\">\n<div class=\"tm-heading modern-icon center tm-animation move-up\" id=\"tm-heading-69f3754901714\">\n\t<h4 class=\"heading\" ><span class=\"icon flaticon-062-cardiogram-3\"><\/span>Aproveche el potencial de los expertos en tecnolog\u00eda offshore, aborde sus desaf\u00edos de desarrollo de manera eficiente y obtenga resultados sobresalientes. Hable con nosotros sobre nuestra oferta actual de servicios profesionales offshore.<\/h4><\/div>\n\n<\/div><\/div><\/div><\/div><div class=\"vc_row-full-width vc_clearfix\"><\/div>\n<\/section>","protected":false},"excerpt":{"rendered":"Offshore: centro de excelencia Los equipos offshore son un activo valioso para las empresas de tecnolog\u00eda modernas que desean aprovechar el talento, las herramientas tecnol\u00f3gicas y las plataformas globales, pero que no quieren ni necesitan un equipo permanente en sus instalaciones comerciales o cerca de ellas. \u00bfQu\u00e9 significa &quot;extraterritorial&quot;? Cuando se trata de negocios, usted quiere lo mejor en su equipo, pero a veces los mejores talentos no est\u00e1n a su alcance. Un equipo de desarrollo offshore tiene su sede en otro pa\u00eds con una zona horaria diferente. Un equipo offshore trabaja de forma remota y virtual, lo que significa que su empresa puede beneficiarse de los ingenieros m\u00e1s capacitados, experimentados y talentosos del mundo sin el dolor de cabeza y la molestia de contratarlos y retenerlos. Beneficios de los equipos de desarrollo offshore Acceda a un grupo de talentos global, lo que le permitir\u00e1 superar la escasez de habilidades t\u00e9cnicas espec\u00edficas que puedan existir en su \u00e1rea Contrate expertos capacitados y experimentados para proyectos generales o espec\u00edficos Acceso bajo demanda a un equipo de TI dedicado para manejar su tecnolog\u00eda Flexibilidad para ampliar o reducir seg\u00fan las necesidades de su negocio Ahorros sustanciales de costos, hasta 50% o m\u00e1s en costos de desarrollo y recursos de administraci\u00f3n y recursos humanos reducidos Mant\u00e9ngase enfocado en su negocio principal Obtenga una ventaja competitiva en su mercado Subcontrate por completo o contrate a un equipo offshore para respaldar sus capacidades diarias en tierra. Desarrollo acelerado y velocidad de entrada al mercado Aproveche el potencial de los expertos en tecnolog\u00eda offshore, aborde sus desaf\u00edos de desarrollo de manera eficiente y obtenga resultados sobresalientes. Hable con nosotros sobre nuestra oferta actual de servicios profesionales offshore.","protected":false},"author":1,"featured_media":0,"parent":0,"menu_order":0,"comment_status":"closed","ping_status":"closed","template":"","meta":{"content-type":"","footnotes":""},"class_list":["post-3620","page","type-page","status-publish","hentry"],"yoast_head":"<!-- This site is optimized with the Yoast SEO plugin v27.4 - https:\/\/yoast.com\/product\/yoast-seo-wordpress\/ -->\n<title>Offshore Consulting - WillowTech Group<\/title>\n<meta name=\"robots\" content=\"index, follow, max-snippet:-1, max-image-preview:large, max-video-preview:-1\" \/>\n<link rel=\"canonical\" href=\"https:\/\/willowtechgroup.com\/es\/offshore-professional-services\/\" \/>\n<meta property=\"og:locale\" content=\"es_ES\" \/>\n<meta property=\"og:type\" content=\"article\" \/>\n<meta property=\"og:title\" content=\"Offshore Consulting - WillowTech Group\" \/>\n<meta property=\"og:url\" content=\"https:\/\/willowtechgroup.com\/es\/offshore-professional-services\/\" \/>\n<meta property=\"og:site_name\" content=\"WillowTech Group\" \/>\n<meta property=\"article:modified_time\" content=\"2023-10-03T11:15:56+00:00\" \/>\n<meta name=\"twitter:card\" content=\"summary_large_image\" \/>\n<meta name=\"twitter:label1\" content=\"Tiempo de lectura\" \/>\n\t<meta name=\"twitter:data1\" content=\"3 minutos\" \/>\n<script type=\"application\/ld+json\" class=\"yoast-schema-graph\">{\"@context\":\"https:\\\/\\\/schema.org\",\"@graph\":[{\"@type\":\"WebPage\",\"@id\":\"https:\\\/\\\/willowtechgroup.com\\\/offshore-professional-services\\\/\",\"url\":\"https:\\\/\\\/willowtechgroup.com\\\/offshore-professional-services\\\/\",\"name\":\"Offshore Consulting - WillowTech Group\",\"isPartOf\":{\"@id\":\"https:\\\/\\\/willowtechgroup.com\\\/#website\"},\"datePublished\":\"2023-06-24T07:17:49+00:00\",\"dateModified\":\"2023-10-03T11:15:56+00:00\",\"breadcrumb\":{\"@id\":\"https:\\\/\\\/willowtechgroup.com\\\/offshore-professional-services\\\/#breadcrumb\"},\"inLanguage\":\"es\",\"potentialAction\":[{\"@type\":\"ReadAction\",\"target\":[\"https:\\\/\\\/willowtechgroup.com\\\/offshore-professional-services\\\/\"]}]},{\"@type\":\"BreadcrumbList\",\"@id\":\"https:\\\/\\\/willowtechgroup.com\\\/offshore-professional-services\\\/#breadcrumb\",\"itemListElement\":[{\"@type\":\"ListItem\",\"position\":1,\"name\":\"Home\",\"item\":\"https:\\\/\\\/willowtechgroup.com\\\/\"},{\"@type\":\"ListItem\",\"position\":2,\"name\":\"Offshore Consulting\"}]},{\"@type\":\"WebSite\",\"@id\":\"https:\\\/\\\/willowtechgroup.com\\\/#website\",\"url\":\"https:\\\/\\\/willowtechgroup.com\\\/\",\"name\":\"WillowTech Group\",\"description\":\"IT Consultation &amp; Services\",\"publisher\":{\"@id\":\"https:\\\/\\\/willowtechgroup.com\\\/#organization\"},\"potentialAction\":[{\"@type\":\"SearchAction\",\"target\":{\"@type\":\"EntryPoint\",\"urlTemplate\":\"https:\\\/\\\/willowtechgroup.com\\\/?s={search_term_string}\"},\"query-input\":{\"@type\":\"PropertyValueSpecification\",\"valueRequired\":true,\"valueName\":\"search_term_string\"}}],\"inLanguage\":\"es\"},{\"@type\":\"Organization\",\"@id\":\"https:\\\/\\\/willowtechgroup.com\\\/#organization\",\"name\":\"WillowTech Group\",\"url\":\"https:\\\/\\\/willowtechgroup.com\\\/\",\"logo\":{\"@type\":\"ImageObject\",\"inLanguage\":\"es\",\"@id\":\"https:\\\/\\\/willowtechgroup.com\\\/#\\\/schema\\\/logo\\\/image\\\/\",\"url\":\"https:\\\/\\\/willowtechgroup.com\\\/wp-content\\\/uploads\\\/2018\\\/10\\\/Logo-290X70-3.svg\",\"contentUrl\":\"https:\\\/\\\/willowtechgroup.com\\\/wp-content\\\/uploads\\\/2018\\\/10\\\/Logo-290X70-3.svg\",\"width\":\"1024\",\"height\":\"1024\",\"caption\":\"WillowTech Group\"},\"image\":{\"@id\":\"https:\\\/\\\/willowtechgroup.com\\\/#\\\/schema\\\/logo\\\/image\\\/\"}}]}<\/script>\n<!-- \/ Yoast SEO plugin. -->","yoast_head_json":{"title":"Offshore Consulting - WillowTech Group","robots":{"index":"index","follow":"follow","max-snippet":"max-snippet:-1","max-image-preview":"max-image-preview:large","max-video-preview":"max-video-preview:-1"},"canonical":"https:\/\/willowtechgroup.com\/es\/offshore-professional-services\/","og_locale":"es_ES","og_type":"article","og_title":"Offshore Consulting - WillowTech Group","og_url":"https:\/\/willowtechgroup.com\/es\/offshore-professional-services\/","og_site_name":"WillowTech Group","article_modified_time":"2023-10-03T11:15:56+00:00","twitter_card":"summary_large_image","twitter_misc":{"Tiempo de lectura":"3 minutos"},"schema":{"@context":"https:\/\/schema.org","@graph":[{"@type":"WebPage","@id":"https:\/\/willowtechgroup.com\/offshore-professional-services\/","url":"https:\/\/willowtechgroup.com\/offshore-professional-services\/","name":"Offshore Consulting - WillowTech Group","isPartOf":{"@id":"https:\/\/willowtechgroup.com\/#website"},"datePublished":"2023-06-24T07:17:49+00:00","dateModified":"2023-10-03T11:15:56+00:00","breadcrumb":{"@id":"https:\/\/willowtechgroup.com\/offshore-professional-services\/#breadcrumb"},"inLanguage":"es","potentialAction":[{"@type":"ReadAction","target":["https:\/\/willowtechgroup.com\/offshore-professional-services\/"]}]},{"@type":"BreadcrumbList","@id":"https:\/\/willowtechgroup.com\/offshore-professional-services\/#breadcrumb","itemListElement":[{"@type":"ListItem","position":1,"name":"Home","item":"https:\/\/willowtechgroup.com\/"},{"@type":"ListItem","position":2,"name":"Offshore Consulting"}]},{"@type":"WebSite","@id":"https:\/\/willowtechgroup.com\/#website","url":"https:\/\/willowtechgroup.com\/","name":"Grupo Willow Tech","description":"Consultor\u00eda y servicios de TI","publisher":{"@id":"https:\/\/willowtechgroup.com\/#organization"},"potentialAction":[{"@type":"SearchAction","target":{"@type":"EntryPoint","urlTemplate":"https:\/\/willowtechgroup.com\/?s={search_term_string}"},"query-input":{"@type":"PropertyValueSpecification","valueRequired":true,"valueName":"search_term_string"}}],"inLanguage":"es"},{"@type":"Organization","@id":"https:\/\/willowtechgroup.com\/#organization","name":"Grupo Willow Tech","url":"https:\/\/willowtechgroup.com\/","logo":{"@type":"ImageObject","inLanguage":"es","@id":"https:\/\/willowtechgroup.com\/#\/schema\/logo\/image\/","url":"https:\/\/willowtechgroup.com\/wp-content\/uploads\/2018\/10\/Logo-290X70-3.svg","contentUrl":"https:\/\/willowtechgroup.com\/wp-content\/uploads\/2018\/10\/Logo-290X70-3.svg","width":"1024","height":"1024","caption":"WillowTech Group"},"image":{"@id":"https:\/\/willowtechgroup.com\/#\/schema\/logo\/image\/"}}]}},"_links":{"self":[{"href":"https:\/\/willowtechgroup.com\/es\/wp-json\/wp\/v2\/pages\/3620","targetHints":{"allow":["GET"]}}],"collection":[{"href":"https:\/\/willowtechgroup.com\/es\/wp-json\/wp\/v2\/pages"}],"about":[{"href":"https:\/\/willowtechgroup.com\/es\/wp-json\/wp\/v2\/types\/page"}],"author":[{"embeddable":true,"href":"https:\/\/willowtechgroup.com\/es\/wp-json\/wp\/v2\/users\/1"}],"replies":[{"embeddable":true,"href":"https:\/\/willowtechgroup.com\/es\/wp-json\/wp\/v2\/comments?post=3620"}],"version-history":[{"count":0,"href":"https:\/\/willowtechgroup.com\/es\/wp-json\/wp\/v2\/pages\/3620\/revisions"}],"wp:attachment":[{"href":"https:\/\/willowtechgroup.com\/es\/wp-json\/wp\/v2\/media?parent=3620"}],"curies":[{"name":"gracias","href":"https:\/\/api.w.org\/{rel}","templated":true}]}}