{"id":3625,"date":"2023-06-24T10:57:37","date_gmt":"2023-06-24T09:57:37","guid":{"rendered":"https:\/\/willowtechgroup.com\/?page_id=3625"},"modified":"2023-10-03T11:43:18","modified_gmt":"2023-10-03T10:43:18","slug":"procurement-and-network-strategy","status":"publish","type":"page","link":"https:\/\/willowtechgroup.com\/es\/procurement-and-network-strategy\/","title":{"rendered":"Estrategia de adquisiciones y redes"},"content":{"rendered":"<section class=\"wpb-content-wrapper\"><div id=\"tm-row-69d28fd4765aa\" data-vc-full-width=\"true\" data-vc-full-width-init=\"false\" class=\"vc_row vc_row-outer vc_row-fluid\"><div id=\"tm-column-69d28fd476a46\" class=\"wpb_column vc_column_container vc_col-sm-12\"><div class=\"vc_column-inner\"><div class=\"wpb_wrapper\">\n<div class=\"tm-heading  center tm-animation move-up\" id=\"tm-heading-69d28fd476db5\">\n\t<h2 class=\"heading\" ><mark>Estrategia de adquisiciones y redes<\/mark><\/h2><\/div>\n\n<div class=\"tm-spacer\" id=\"tm-spacer-69d28fd4772a6\"><\/div>\n\n<div class=\"tm-heading  center tm-animation move-up\" id=\"tm-heading-69d28fd4773a5\">\n\t<div class=\"heading\" >Lograr que su estrategia de redes y adquisiciones sea correcta desde el principio es crucial para operaciones efectivas y eficientes de la cadena de suministro que lo ayuden a mantener una ventaja competitiva en el mercado.<\/div><\/div>\n\n<div class=\"tm-spacer\" id=\"tm-spacer-69d28fd477845\"><\/div>\n<\/div><\/div><\/div><\/div><div class=\"vc_row-full-width vc_clearfix\"><\/div><div id=\"tm-row-69d28fd4779c7\" data-vc-full-width=\"true\" data-vc-full-width-init=\"false\" class=\"vc_row vc_row-outer vc_row-fluid\"><div id=\"tm-column-69d28fd4780a6\" class=\"wpb_column vc_column_container vc_col-sm-12\"><div class=\"vc_column-inner\"><div class=\"wpb_wrapper\"><div id=\"tm-row-inner-69d28fd478464\" class=\"vc_row vc_inner vc_row-fluid vc_row-o-equal-height vc_row-flex\"><div id=\"tm-column-inner-69d28fd47881a\" class=\"wpb_column vc_column_container vc_col-sm-6\"><div class=\"vc_column-inner\"><div class=\"wpb_wrapper\">\n<div class=\"tm-heading  left tm-animation move-up\" id=\"tm-heading-69d28fd478b3b\">\n\t<h3 class=\"heading\" >Redes de suministro digitales<\/h3><\/div>\n\n\n<div class=\"tm-heading vc_custom_1687600960384  left tm-animation move-up\" id=\"tm-heading-69d28fd478fcb\">\n\t<div class=\"heading\" >La estrategia de adquisiciones y redes determina las ubicaciones, capacidades y funciones \u00f3ptimas de los componentes de la red para garantizar operaciones rentables y receptivas. Digitalizamos las redes de suministro para crear un bucle infinito de adquisiciones: un flujo continuo de datos, informaci\u00f3n, bienes y servicios entre los mundos digital y f\u00edsico.<\/div><\/div>\n\n<\/div><\/div><\/div><div id=\"tm-column-inner-69d28fd4792f3\" class=\"wpb_column vc_column_container vc_col-sm-6\"><div class=\"vc_column-inner\"><div class=\"wpb_wrapper\"><div class=\"tm-spacer\" id=\"tm-spacer-69d28fd4796f6\"><\/div>\n<\/div><\/div><\/div><\/div><\/div><\/div><\/div><\/div><div class=\"vc_row-full-width vc_clearfix\"><\/div><div id=\"tm-row-69d28fd479813\" class=\"vc_row vc_row-outer vc_row-fluid\"><div id=\"tm-column-69d28fd479a4f\" class=\"wpb_column vc_column_container vc_col-sm-12\"><div class=\"vc_column-inner\"><div class=\"wpb_wrapper\"><div id=\"tm-row-inner-69d28fd479c37\" class=\"vc_row vc_inner vc_row-fluid\"><div id=\"tm-column-inner-69d28fd479e3c\" class=\"wpb_column vc_column_container vc_col-sm-12\"><div class=\"vc_column-inner\"><div class=\"wpb_wrapper\">\n\t<div class=\"wpb_text_column wpb_content_element  vc_custom_1687600990642 p-txt\" >\n\t\t<div class=\"wpb_wrapper\">\n\t\t\t<p>Podemos crear software de adquisiciones y plataformas en l\u00ednea que puedan ayudar a recopilar y visualizar datos, analizar y crear informes, proporcionando herramientas vitales que permitan a los equipos de adquisiciones ver lo que est\u00e1 sucediendo y tomar decisiones de abastecimiento en tiempo real. Las soluciones escalables respaldadas por talento calificado significan que su empresa est\u00e1 operando a su m\u00e1xima capacidad ahora y est\u00e1 preparada para el futuro.<\/p>\n<p>Al optimizar su red de cadena de suministro, podemos ayudarlo a superar las expectativas de los clientes, reducir costos, minimizar riesgos y maximizar el desempe\u00f1o de su negocio.<\/p>\n\n\t\t<\/div>\n\t<\/div>\n<div class=\"tm-spacer\" id=\"tm-spacer-69d28fd47a01c\"><\/div>\n\n<div class=\"tm-heading  left tm-animation move-up\" id=\"tm-heading-69d28fd47a0b4\">\n\t<h3 class=\"heading\" >PROCESO SENCILLO<\/h3><\/div>\n\n<div class=\"tm-spacer\" id=\"tm-spacer-69d28fd47a33a\"><\/div>\n\n<div class=\"tm-heading  left tm-animation move-up\" id=\"tm-heading-69d28fd47a3c3\">\n\t<h3 class=\"heading\" >Personas \u2013 Proceso \u2013 Tecnolog\u00eda - Cadena de Suministro<\/h3><\/div>\n\n\n<div class=\"tm-heading vc_custom_1687601217274  left tm-animation move-up\" id=\"tm-heading-69d28fd47a692\">\n\t<h3 class=\"heading\" >Elegir una arquitectura RAN abierta<\/h3><\/div>\n\n\n\t<div class=\"wpb_text_column wpb_content_element  vc_custom_1687601244401 p-txt\" >\n\t\t<div class=\"wpb_wrapper\">\n\t\t\t<p>El uso de la arquitectura Open-RAN reduce el costo de implementaci\u00f3n y mantenimiento de las redes m\u00f3viles al eliminar la necesidad de costoso hardware propietario, lo que le permite obtener componentes de m\u00faltiples proveedores. Nuestros equipos experimentados pueden garantizar que su sistema est\u00e9 construido utilizando los mejores proveedores para sus necesidades de red.<\/p>\n\n\t\t<\/div>\n\t<\/div>\n<\/div><\/div><\/div><\/div><\/div><\/div><\/div><\/div><div id=\"tm-row-69d28fd47aa60\" data-vc-full-width=\"true\" data-vc-full-width-init=\"false\" class=\"vc_row vc_row-outer vc_row-fluid\"><div id=\"tm-column-69d28fd47ac51\" class=\"wpb_column vc_column_container vc_col-sm-12\"><div class=\"vc_column-inner\"><div class=\"wpb_wrapper\">\n<div class=\"tm-heading  center tm-animation move-up\" id=\"tm-heading-69d28fd47ae36\">\n\t<h2 class=\"heading\" ><mark>Capacidades de apoyo a las adquisiciones<\/mark><\/h2><\/div>\n\n<div class=\"tm-spacer\" id=\"tm-spacer-69d28fd47b0bb\"><\/div>\n<\/div><\/div><\/div><\/div><div class=\"vc_row-full-width vc_clearfix\"><\/div><div id=\"tm-row-69d28fd47b19a\" class=\"vc_row vc_row-outer vc_row-fluid learn_box\"><div id=\"tm-column-69d28fd47b387\" class=\"wpb_column vc_column_container vc_col-sm-12\"><div class=\"vc_column-inner\"><div class=\"wpb_wrapper\"><div id=\"tm-row-inner-69d28fd47b55c\" class=\"vc_row vc_inner vc_row-fluid\"><div id=\"tm-column-inner-69d28fd47b731\" class=\"wpb_column vc_column_container vc_col-sm-6\"><div class=\"vc_column-inner\"><div class=\"wpb_wrapper\"><div class=\"tm-box-icon  style-2 style-align-center tm-animation move-up\" id=\"tm-box-icon-69d28fd47b8df\">\n\t\t<div class=\"content-wrap\">\n\n\t\t\t<div class=\"image\">\n\t\t\t<img decoding=\"async\" src=\"https:\/\/willowtechgroup.com\/wp-content\/uploads\/2023\/05\/Icon-34.svg\" alt=\"Icon 34\" \/>\t\t<\/div>\n\t\n\t\n\t<div class=\"content\">\n\t\t<div class=\"box-header\">\n\t\t\t\t\t\t\t<h4 class=\"heading\">\n\t\t\t\t\t\n\t\t\t\t\t\tSoporte de abastecimiento\n\t\t\t\t\t\t\n\t\t\t\t<\/h4>\n\t\t\t\t\t<\/div>\n\n\t\t\t\t\t<div class=\"text\">Reduzca los tiempos de ciclo y maximice los ahorros con nuestros servicios de soporte de abastecimiento personalizados, que incluyen inteligencia de mercado procesable y an\u00e1lisis avanzados para optimizar la toma de decisiones.<\/div>\t\t\n\t\t\t\t\t\t\t\n\t\t\t<\/div>\n<\/div>\n<\/div>\n<\/div><\/div><\/div><div id=\"tm-column-inner-69d28fd47c975\" class=\"wpb_column vc_column_container vc_col-sm-6\"><div class=\"vc_column-inner\"><div class=\"wpb_wrapper\"><div class=\"tm-box-icon  style-2 style-align-center tm-animation move-up\" id=\"tm-box-icon-69d28fd47cb18\">\n\t\t<div class=\"content-wrap\">\n\n\t\t\t<div class=\"image\">\n\t\t\t<img decoding=\"async\" src=\"https:\/\/willowtechgroup.com\/wp-content\/uploads\/2023\/04\/Icon-1-2.svg\" alt=\"Icon 1 (2)\" \/>\t\t<\/div>\n\t\n\t\n\t<div class=\"content\">\n\t\t<div class=\"box-header\">\n\t\t\t\t\t\t\t<h4 class=\"heading\">\n\t\t\t\t\t\n\t\t\t\t\t\tSoluciones de abastecimiento electr\u00f3nico\n\t\t\t\t\t\t\n\t\t\t\t<\/h4>\n\t\t\t\t\t<\/div>\n\n\t\t\t\t\t<div class=\"text\">Podemos aprovechar potentes herramientas RFx basadas en la nube para apoyar sin problemas a los clientes con esfuerzos de abastecimiento t\u00e1cticos y estrat\u00e9gicos.<\/div>\t\t\n\t\t\t\t\t\t\t\n\t\t\t<\/div>\n<\/div>\n<\/div>\n<\/div><\/div><\/div><\/div><div id=\"tm-row-inner-69d28fd47da8a\" class=\"vc_row vc_inner vc_row-fluid\"><div id=\"tm-column-inner-69d28fd47dc9d\" class=\"wpb_column vc_column_container vc_col-sm-6\"><div class=\"vc_column-inner\"><div class=\"wpb_wrapper\"><div class=\"tm-box-icon  style-2 style-align-center tm-animation move-up\" id=\"tm-box-icon-69d28fd47de3a\">\n\t\t<div class=\"content-wrap\">\n\n\t\t\t<div class=\"image\">\n\t\t\t<img decoding=\"async\" src=\"https:\/\/willowtechgroup.com\/wp-content\/uploads\/2023\/04\/Icon-10-1.svg\" alt=\"Icon 10 (1)\" \/>\t\t<\/div>\n\t\n\t\n\t<div class=\"content\">\n\t\t<div class=\"box-header\">\n\t\t\t\t\t\t\t<h4 class=\"heading\">\n\t\t\t\t\t\n\t\t\t\t\t\tCreaci\u00f3n de tableros digitales\n\t\t\t\t\t\t\n\t\t\t\t<\/h4>\n\t\t\t\t\t<\/div>\n\n\t\t\t\t\t<div class=\"text\">Un panel digital personalizado permite a sus equipos ver todo en un solo lugar, en tiempo real, lo que garantiza una entrega fluida de soluciones de m\u00faltiples proveedores.<\/div>\t\t\n\t\t\t\t\t\t\t\n\t\t\t<\/div>\n<\/div>\n<\/div>\n<\/div><\/div><\/div><div id=\"tm-column-inner-69d28fd47ed4d\" class=\"wpb_column vc_column_container vc_col-sm-6\"><div class=\"vc_column-inner\"><div class=\"wpb_wrapper\"><div class=\"tm-box-icon  style-2 style-align-center tm-animation move-up\" id=\"tm-box-icon-69d28fd47eeec\">\n\t\t<div class=\"content-wrap\">\n\n\t\t\t<div class=\"image\">\n\t\t\t<img decoding=\"async\" src=\"https:\/\/willowtechgroup.com\/wp-content\/uploads\/2023\/04\/Icon-22.svg\" alt=\"Icon 22\" \/>\t\t<\/div>\n\t\n\t\n\t<div class=\"content\">\n\t\t<div class=\"box-header\">\n\t\t\t\t\t\t\t<h4 class=\"heading\">\n\t\t\t\t\t\n\t\t\t\t\t\tGesti\u00f3n de proveedores basada en la nube\n\t\t\t\t\t\t\n\t\t\t\t<\/h4>\n\t\t\t\t\t<\/div>\n\n\t\t\t\t\t<div class=\"text\">La tranquilidad de saber que su infraestructura cr\u00edtica para el negocio est\u00e1 almacenada de forma segura y accesible en cualquier momento y desde cualquier lugar.<\/div>\t\t\n\t\t\t\t\t\t\t\n\t\t\t<\/div>\n<\/div>\n<\/div>\n<\/div><\/div><\/div><\/div><div id=\"tm-row-inner-69d28fd47fdde\" class=\"vc_row vc_inner vc_row-fluid\"><div id=\"tm-column-inner-69d28fd47ffcb\" class=\"wpb_column vc_column_container vc_col-sm-6\"><div class=\"vc_column-inner\"><div class=\"wpb_wrapper\"><div class=\"tm-box-icon  style-2 style-align-center tm-animation move-up\" id=\"tm-box-icon-69d28fd480157\">\n\t\t<div class=\"content-wrap\">\n\n\t\t\t<div class=\"image\">\n\t\t\t<img decoding=\"async\" src=\"https:\/\/willowtechgroup.com\/wp-content\/uploads\/2023\/04\/Icon-21.svg\" alt=\"Icon 21\" \/>\t\t<\/div>\n\t\n\t\n\t<div class=\"content\">\n\t\t<div class=\"box-header\">\n\t\t\t\t\t\t\t<h4 class=\"heading\">\n\t\t\t\t\t\n\t\t\t\t\t\tAdoptar la automatizaci\u00f3n\n\t\t\t\t\t\t\n\t\t\t\t<\/h4>\n\t\t\t\t\t<\/div>\n\n\t\t\t\t\t<div class=\"text\">Podemos ayudarle a automatizar tareas repetitivas y que requieren mucha mano de obra para liberar a sus equipos para los puntos de contacto humanos en el proceso de adquisici\u00f3n.<\/div>\t\t\n\t\t\t\t\t\t\t\n\t\t\t<\/div>\n<\/div>\n<\/div>\n<\/div><\/div><\/div><div id=\"tm-column-inner-69d28fd480f69\" class=\"wpb_column vc_column_container vc_col-sm-6\"><div class=\"vc_column-inner\"><div class=\"wpb_wrapper\"><\/div><\/div><\/div><\/div><\/div><\/div><\/div><\/div><div id=\"tm-row-69d28fd4811b6\" data-vc-full-width=\"true\" data-vc-full-width-init=\"false\" class=\"vc_row vc_row-outer vc_row-fluid vc_row-o-content-middle vc_row-flex\"><div id=\"tm-column-69d28fd481417\" class=\"wpb_column vc_column_container vc_col-sm-12\"><div class=\"vc_column-inner\"><div class=\"wpb_wrapper\">\n<div class=\"tm-heading modern-icon center tm-animation move-up\" id=\"tm-heading-69d28fd4815e7\">\n\t<h4 class=\"heading\" ><span class=\"icon flaticon-062-cardiogram-3\"><\/span>Manteniendo su negocio resiliente, \u00e1gil, productivo y sostenible.<\/h4><\/div>\n\n<\/div><\/div><\/div><\/div><div class=\"vc_row-full-width vc_clearfix\"><\/div>\n<\/section>","protected":false},"excerpt":{"rendered":"Estrategia de redes y adquisiciones Lograr que su estrategia de redes y adquisiciones sea correcta desde el principio es crucial para operaciones efectivas y eficientes de la cadena de suministro que lo ayuden a mantener una ventaja competitiva en el mercado. Redes de suministro digitales La estrategia de redes y adquisiciones determina las ubicaciones, capacidades y roles \u00f3ptimos de los componentes de la red para garantizar operaciones rentables y receptivas. Digitalizamos las redes de suministro para crear un bucle infinito de adquisiciones: un flujo continuo de datos, informaci\u00f3n, bienes y servicios entre los mundos digital y f\u00edsico. Podemos crear software de adquisiciones y plataformas en l\u00ednea que puedan ayudar a recopilar y visualizar datos, analizar y crear informes, proporcionando herramientas vitales que permitan a los equipos de adquisiciones ver lo que est\u00e1 sucediendo y tomar decisiones de abastecimiento en tiempo real. Las soluciones escalables respaldadas por talento calificado significan que su empresa est\u00e1 operando a su m\u00e1xima capacidad ahora y est\u00e1 preparada para el futuro. Al optimizar la red de su cadena de suministro, podemos ayudarlo a superar las expectativas de los clientes, reducir costos, minimizar riesgos y maximizar el desempe\u00f1o de su negocio PROCESO SIMPLE Personas \u2013 Proceso \u2013 Tecnolog\u00eda - Cadena de suministro Elegir una arquitectura Open-RAN El uso de la arquitectura Open-RAN reduce el costo de implementaci\u00f3n y mantenimiento de redes m\u00f3viles al eliminar la necesidad de costoso hardware propietario, lo que le permite obtener componentes de m\u00faltiples proveedores. Nuestros equipos experimentados pueden garantizar que su sistema est\u00e9 construido utilizando los mejores proveedores para sus necesidades de red. Capacidades de soporte de adquisiciones Soporte de abastecimiento Reduzca los tiempos de ciclo y maximice los ahorros con nuestros servicios de soporte de abastecimiento personalizados, que incluyen inteligencia de mercado procesable y an\u00e1lisis avanzados para optimizar la toma de decisiones. Soluciones de abastecimiento electr\u00f3nico Podemos aprovechar potentes herramientas RFx basadas en la nube para respaldar sin problemas a los clientes con esfuerzos de abastecimiento t\u00e1cticos y estrat\u00e9gicos. Creaci\u00f3n de paneles digitales Un panel digital personalizado permite a sus equipos ver todo en un solo lugar, en tiempo real, lo que garantiza una entrega fluida de soluciones de m\u00faltiples proveedores. Gesti\u00f3n de proveedores basada en la nube. La tranquilidad de saber que su infraestructura cr\u00edtica para el negocio est\u00e1 almacenada de forma segura y accesible en cualquier momento y desde cualquier lugar. Adopte la automatizaci\u00f3n Podemos ayudarle a automatizar tareas repetitivas y que requieren mucha mano de obra para liberar a sus equipos para los puntos de contacto humanos en el proceso de adquisici\u00f3n. Manteniendo su negocio resiliente, \u00e1gil, productivo y sostenible.","protected":false},"author":1,"featured_media":0,"parent":0,"menu_order":0,"comment_status":"closed","ping_status":"closed","template":"","meta":{"content-type":"","footnotes":""},"class_list":["post-3625","page","type-page","status-publish","hentry"],"yoast_head":"<!-- This site is optimized with the Yoast SEO plugin v25.2 - https:\/\/yoast.com\/wordpress\/plugins\/seo\/ -->\n<title>Procurement and Network Strategy - WillowTech Group<\/title>\n<meta name=\"robots\" content=\"index, follow, max-snippet:-1, max-image-preview:large, max-video-preview:-1\" \/>\n<link rel=\"canonical\" href=\"https:\/\/willowtechgroup.com\/es\/procurement-and-network-strategy\/\" \/>\n<meta property=\"og:locale\" content=\"es_ES\" \/>\n<meta property=\"og:type\" content=\"article\" \/>\n<meta property=\"og:title\" content=\"Procurement and Network Strategy - WillowTech Group\" \/>\n<meta property=\"og:url\" content=\"https:\/\/willowtechgroup.com\/es\/procurement-and-network-strategy\/\" \/>\n<meta property=\"og:site_name\" content=\"WillowTech Group\" \/>\n<meta property=\"article:modified_time\" content=\"2023-10-03T10:43:18+00:00\" \/>\n<meta name=\"twitter:card\" content=\"summary_large_image\" \/>\n<meta name=\"twitter:label1\" content=\"Tiempo de lectura\" \/>\n\t<meta name=\"twitter:data1\" content=\"5 minutos\" \/>\n<script type=\"application\/ld+json\" class=\"yoast-schema-graph\">{\"@context\":\"https:\/\/schema.org\",\"@graph\":[{\"@type\":\"WebPage\",\"@id\":\"https:\/\/willowtechgroup.com\/procurement-and-network-strategy\/\",\"url\":\"https:\/\/willowtechgroup.com\/procurement-and-network-strategy\/\",\"name\":\"Procurement and Network Strategy - WillowTech Group\",\"isPartOf\":{\"@id\":\"https:\/\/willowtechgroup.com\/#website\"},\"datePublished\":\"2023-06-24T09:57:37+00:00\",\"dateModified\":\"2023-10-03T10:43:18+00:00\",\"breadcrumb\":{\"@id\":\"https:\/\/willowtechgroup.com\/procurement-and-network-strategy\/#breadcrumb\"},\"inLanguage\":\"es\",\"potentialAction\":[{\"@type\":\"ReadAction\",\"target\":[\"https:\/\/willowtechgroup.com\/procurement-and-network-strategy\/\"]}]},{\"@type\":\"BreadcrumbList\",\"@id\":\"https:\/\/willowtechgroup.com\/procurement-and-network-strategy\/#breadcrumb\",\"itemListElement\":[{\"@type\":\"ListItem\",\"position\":1,\"name\":\"Home\",\"item\":\"https:\/\/willowtechgroup.com\/\"},{\"@type\":\"ListItem\",\"position\":2,\"name\":\"Procurement and Network Strategy\"}]},{\"@type\":\"WebSite\",\"@id\":\"https:\/\/willowtechgroup.com\/#website\",\"url\":\"https:\/\/willowtechgroup.com\/\",\"name\":\"WillowTech Group\",\"description\":\"IT Consultation &amp; Services\",\"publisher\":{\"@id\":\"https:\/\/willowtechgroup.com\/#organization\"},\"potentialAction\":[{\"@type\":\"SearchAction\",\"target\":{\"@type\":\"EntryPoint\",\"urlTemplate\":\"https:\/\/willowtechgroup.com\/?s={search_term_string}\"},\"query-input\":{\"@type\":\"PropertyValueSpecification\",\"valueRequired\":true,\"valueName\":\"search_term_string\"}}],\"inLanguage\":\"es\"},{\"@type\":\"Organization\",\"@id\":\"https:\/\/willowtechgroup.com\/#organization\",\"name\":\"WillowTech Group\",\"url\":\"https:\/\/willowtechgroup.com\/\",\"logo\":{\"@type\":\"ImageObject\",\"inLanguage\":\"es\",\"@id\":\"https:\/\/willowtechgroup.com\/#\/schema\/logo\/image\/\",\"url\":\"https:\/\/willowtechgroup.com\/wp-content\/uploads\/2018\/10\/Logo-290X70-3.svg\",\"contentUrl\":\"https:\/\/willowtechgroup.com\/wp-content\/uploads\/2018\/10\/Logo-290X70-3.svg\",\"width\":\"1024\",\"height\":\"1024\",\"caption\":\"WillowTech Group\"},\"image\":{\"@id\":\"https:\/\/willowtechgroup.com\/#\/schema\/logo\/image\/\"}}]}<\/script>\n<!-- \/ Yoast SEO plugin. -->","yoast_head_json":{"title":"Procurement and Network Strategy - WillowTech Group","robots":{"index":"index","follow":"follow","max-snippet":"max-snippet:-1","max-image-preview":"max-image-preview:large","max-video-preview":"max-video-preview:-1"},"canonical":"https:\/\/willowtechgroup.com\/es\/procurement-and-network-strategy\/","og_locale":"es_ES","og_type":"article","og_title":"Procurement and Network Strategy - WillowTech Group","og_url":"https:\/\/willowtechgroup.com\/es\/procurement-and-network-strategy\/","og_site_name":"WillowTech Group","article_modified_time":"2023-10-03T10:43:18+00:00","twitter_card":"summary_large_image","twitter_misc":{"Tiempo de lectura":"5 minutos"},"schema":{"@context":"https:\/\/schema.org","@graph":[{"@type":"WebPage","@id":"https:\/\/willowtechgroup.com\/procurement-and-network-strategy\/","url":"https:\/\/willowtechgroup.com\/procurement-and-network-strategy\/","name":"Procurement and Network Strategy - WillowTech Group","isPartOf":{"@id":"https:\/\/willowtechgroup.com\/#website"},"datePublished":"2023-06-24T09:57:37+00:00","dateModified":"2023-10-03T10:43:18+00:00","breadcrumb":{"@id":"https:\/\/willowtechgroup.com\/procurement-and-network-strategy\/#breadcrumb"},"inLanguage":"es","potentialAction":[{"@type":"ReadAction","target":["https:\/\/willowtechgroup.com\/procurement-and-network-strategy\/"]}]},{"@type":"BreadcrumbList","@id":"https:\/\/willowtechgroup.com\/procurement-and-network-strategy\/#breadcrumb","itemListElement":[{"@type":"ListItem","position":1,"name":"Home","item":"https:\/\/willowtechgroup.com\/"},{"@type":"ListItem","position":2,"name":"Procurement and Network Strategy"}]},{"@type":"WebSite","@id":"https:\/\/willowtechgroup.com\/#website","url":"https:\/\/willowtechgroup.com\/","name":"Grupo Willow Tech","description":"Consultor\u00eda y servicios de TI","publisher":{"@id":"https:\/\/willowtechgroup.com\/#organization"},"potentialAction":[{"@type":"SearchAction","target":{"@type":"EntryPoint","urlTemplate":"https:\/\/willowtechgroup.com\/?s={search_term_string}"},"query-input":{"@type":"PropertyValueSpecification","valueRequired":true,"valueName":"search_term_string"}}],"inLanguage":"es"},{"@type":"Organization","@id":"https:\/\/willowtechgroup.com\/#organization","name":"Grupo Willow Tech","url":"https:\/\/willowtechgroup.com\/","logo":{"@type":"ImageObject","inLanguage":"es","@id":"https:\/\/willowtechgroup.com\/#\/schema\/logo\/image\/","url":"https:\/\/willowtechgroup.com\/wp-content\/uploads\/2018\/10\/Logo-290X70-3.svg","contentUrl":"https:\/\/willowtechgroup.com\/wp-content\/uploads\/2018\/10\/Logo-290X70-3.svg","width":"1024","height":"1024","caption":"WillowTech Group"},"image":{"@id":"https:\/\/willowtechgroup.com\/#\/schema\/logo\/image\/"}}]}},"_links":{"self":[{"href":"https:\/\/willowtechgroup.com\/es\/wp-json\/wp\/v2\/pages\/3625","targetHints":{"allow":["GET"]}}],"collection":[{"href":"https:\/\/willowtechgroup.com\/es\/wp-json\/wp\/v2\/pages"}],"about":[{"href":"https:\/\/willowtechgroup.com\/es\/wp-json\/wp\/v2\/types\/page"}],"author":[{"embeddable":true,"href":"https:\/\/willowtechgroup.com\/es\/wp-json\/wp\/v2\/users\/1"}],"replies":[{"embeddable":true,"href":"https:\/\/willowtechgroup.com\/es\/wp-json\/wp\/v2\/comments?post=3625"}],"version-history":[{"count":0,"href":"https:\/\/willowtechgroup.com\/es\/wp-json\/wp\/v2\/pages\/3625\/revisions"}],"wp:attachment":[{"href":"https:\/\/willowtechgroup.com\/es\/wp-json\/wp\/v2\/media?parent=3625"}],"curies":[{"name":"gracias","href":"https:\/\/api.w.org\/{rel}","templated":true}]}}