{"id":3637,"date":"2023-06-24T11:54:38","date_gmt":"2023-06-24T10:54:38","guid":{"rendered":"https:\/\/willowtechgroup.com\/?page_id=3637"},"modified":"2023-10-04T11:39:04","modified_gmt":"2023-10-04T10:39:04","slug":"telco-cloud-orchestration","status":"publish","type":"page","link":"https:\/\/willowtechgroup.com\/es\/telco-cloud-orchestration\/","title":{"rendered":"Nube de telecomunicaciones y orquestaci\u00f3n"},"content":{"rendered":"<section class=\"wpb-content-wrapper\"><div id=\"tm-row-69d50a6b938d0\" data-vc-full-width=\"true\" data-vc-full-width-init=\"false\" class=\"vc_row vc_row-outer vc_row-fluid\"><div id=\"tm-column-69d50a6b93c23\" class=\"wpb_column vc_column_container vc_col-sm-12\"><div class=\"vc_column-inner\"><div class=\"wpb_wrapper\">\n<div class=\"tm-heading  center tm-animation move-up\" id=\"tm-heading-69d50a6b93e36\">\n\t<h2 class=\"heading\" ><mark>Nube de telecomunicaciones y orquestaci\u00f3n<\/mark><\/h2><\/div>\n\n<div class=\"tm-spacer\" id=\"tm-spacer-69d50a6b9410e\"><\/div>\n\n<div class=\"tm-heading  center tm-animation move-up\" id=\"tm-heading-69d50a6b941a2\">\n\t<div class=\"heading\" >Construir una arquitectura de nube preparada para el futuro para redes de telecomunicaciones es complicado y desafiante, particularmente donde la automatizaci\u00f3n de xNF y la incorporaci\u00f3n de servicios est\u00e1n provocando una desaceleraci\u00f3n en el tiempo de comercializaci\u00f3n.<\/div><\/div>\n\n<div class=\"tm-spacer\" id=\"tm-spacer-69d50a6b94433\"><\/div>\n<\/div><\/div><\/div><\/div><div class=\"vc_row-full-width vc_clearfix\"><\/div><div id=\"tm-row-69d50a6b94522\" data-vc-full-width=\"true\" data-vc-full-width-init=\"false\" class=\"vc_row vc_row-outer vc_row-fluid\"><div id=\"tm-column-69d50a6b94a04\" class=\"wpb_column vc_column_container vc_col-sm-12\"><div class=\"vc_column-inner\"><div class=\"wpb_wrapper\"><div id=\"tm-row-inner-69d50a6b94c23\" class=\"vc_row vc_inner vc_row-fluid vc_row-o-equal-height vc_row-flex\"><div id=\"tm-column-inner-69d50a6b94e3f\" class=\"wpb_column vc_column_container vc_col-sm-6\"><div class=\"vc_column-inner\"><div class=\"wpb_wrapper\">\n<div class=\"tm-heading  left tm-animation move-up\" id=\"tm-heading-69d50a6b9503a\">\n\t<h3 class=\"heading\" >Nube de telecomunicaciones y orquestaci\u00f3n<\/h3><\/div>\n\n\n<div class=\"tm-heading vc_custom_1687848285841  left tm-animation move-up\" id=\"tm-heading-69d50a6b95324\">\n\t<div class=\"heading\" >Nuestro servicio Telco Cloud and Orchestration re\u00fane tecnolog\u00edas de computaci\u00f3n en la nube, virtualizaci\u00f3n y automatizaci\u00f3n para redefinir las capacidades de las redes de telecomunicaciones desde el n\u00facleo hasta el borde. Transformamos las redes Telco convencionales en infraestructuras m\u00e1s \u00e1giles, escalables y rentables que puedan ofrecer un servicio m\u00e1s eficiente y receptivo a sus clientes.<\/div><\/div>\n\n<\/div><\/div><\/div><div id=\"tm-column-inner-69d50a6b95656\" class=\"wpb_column vc_column_container vc_col-sm-6\"><div class=\"vc_column-inner\"><div class=\"wpb_wrapper\"><div class=\"tm-spacer\" id=\"tm-spacer-69d50a6b95ac6\"><\/div>\n<\/div><\/div><\/div><\/div><\/div><\/div><\/div><\/div><div class=\"vc_row-full-width vc_clearfix\"><\/div><div id=\"tm-row-69d50a6b95bee\" class=\"vc_row vc_row-outer vc_row-fluid\"><div id=\"tm-column-69d50a6b95ec0\" class=\"wpb_column vc_column_container vc_col-sm-12\"><div class=\"vc_column-inner\"><div class=\"wpb_wrapper\"><div id=\"tm-row-inner-69d50a6b96122\" class=\"vc_row vc_inner vc_row-fluid\"><div id=\"tm-column-inner-69d50a6b96386\" class=\"wpb_column vc_column_container vc_col-sm-12\"><div class=\"vc_column-inner\"><div class=\"wpb_wrapper\">\n<div class=\"tm-heading  left tm-animation move-up\" id=\"tm-heading-69d50a6b965a7\">\n\t<h3 class=\"heading\" >Beneficios de la automatizaci\u00f3n de la nube de telecomunicaciones<\/h3><\/div>\n\n\n<div class=\"tm-heading vc_custom_1687848375689  left tm-animation move-up\" id=\"tm-heading-69d50a6b9689d\">\n\t<h3 class=\"heading\" >Benef\u00edciese de operaciones multinube consistentes que facilitan la interoperabilidad y simplifican la<br \/>\ntraducci\u00f3n de los requisitos de las empresas de telecomunicaciones en un ecosistema de m\u00faltiples nubes en r\u00e1pida evoluci\u00f3n.<\/h3><\/div>\n\n\n\t<div class=\"wpb_text_column wpb_content_element  vc_custom_1687848407337 p-txt\" >\n\t\t<div class=\"wpb_wrapper\">\n\t\t\t<ul style=\"text-align: left;\">\n<li>\u00a0Acelere el tiempo de comercializaci\u00f3n con un enfoque neutral respecto del proveedor para dise\u00f1ar e incorporar funciones y\/o servicios de red.<\/li>\n<li>Aproveche las funciones de red de m\u00faltiples proveedores para aprovechar las fortalezas y capacidades de diferentes proveedores y elija aquellos que mejor se adapten a su negocio.<\/li>\n<li>Automatice la gesti\u00f3n del ciclo de vida para que pueda centrarse en sus clientes y no en los problemas operativos.<\/li>\n<li>Cree, a\u00edsle y administre redes bajo demanda que se ejecuten en una infraestructura com\u00fan y progr\u00e1melas para fines comerciales espec\u00edficos con la automatizaci\u00f3n de la divisi\u00f3n de redes.<\/li>\n<li>Reduzca costos, disfrute de procesos de red m\u00e1s \u00e1giles, menor riesgo de error humano y optimizaci\u00f3n de recursos gracias a una gesti\u00f3n eficaz de NF.<\/li>\n<\/ul>\n\n\t\t<\/div>\n\t<\/div>\n<\/div><\/div><\/div><\/div><\/div><\/div><\/div><\/div><div id=\"tm-row-69d50a6b96c95\" data-vc-full-width=\"true\" data-vc-full-width-init=\"false\" class=\"vc_row vc_row-outer vc_row-fluid\"><div id=\"tm-column-69d50a6b96e93\" class=\"wpb_column vc_column_container vc_col-sm-12\"><div class=\"vc_column-inner\"><div class=\"wpb_wrapper\">\n<div class=\"tm-heading  center tm-animation move-up\" id=\"tm-heading-69d50a6b97050\">\n\t<h2 class=\"heading\" ><mark>Transformacional \u2013 Virtualizado \u2013 Optimizado<\/mark><\/h2><\/div>\n\n<div class=\"tm-spacer\" id=\"tm-spacer-69d50a6b972e3\"><\/div>\n\n<div class=\"tm-heading  center tm-animation move-up\" id=\"tm-heading-69d50a6b9736f\">\n\t<h2 class=\"heading\" ><mark>Componentes de orquestaci\u00f3n y nube de telecomunicaciones<\/mark><\/h2><\/div>\n\n<\/div><\/div><\/div><\/div><div class=\"vc_row-full-width vc_clearfix\"><\/div><div id=\"tm-row-69d50a6b9769e\" class=\"vc_row vc_row-outer vc_row-fluid min-h-ic-box\"><div id=\"tm-column-69d50a6b97888\" class=\"wpb_column vc_column_container vc_col-sm-12\"><div class=\"vc_column-inner\"><div class=\"wpb_wrapper\"><div id=\"tm-row-inner-69d50a6b97a5b\" class=\"vc_row vc_inner vc_row-fluid\"><div id=\"tm-column-inner-69d50a6b97c30\" class=\"wpb_column vc_column_container vc_col-sm-6\"><div class=\"vc_column-inner\"><div class=\"wpb_wrapper\"><div class=\"tm-box-icon  style-2 style-align-center tm-animation move-up\" id=\"tm-box-icon-69d50a6b97dd8\">\n\t\t<div class=\"content-wrap\">\n\n\t\t\t<div class=\"image\">\n\t\t\t<img decoding=\"async\" src=\"https:\/\/willowtechgroup.com\/wp-content\/uploads\/2023\/04\/Icon-20.svg\" alt=\"Icon 20\" \/>\t\t<\/div>\n\t\n\t\n\t<div class=\"content\">\n\t\t<div class=\"box-header\">\n\t\t\t\t\t\t\t<h4 class=\"heading\">\n\t\t\t\t\t\n\t\t\t\t\t\tFunciones de red virtual (VNF)\n\t\t\t\t\t\t\n\t\t\t\t<\/h4>\n\t\t\t\t\t<\/div>\n\n\t\t\t\t\t<div class=\"text\">Telco Cloud aprovecha las tecnolog\u00edas de virtualizaci\u00f3n para implementar y administrar VNF para maximizar la flexibilidad y la eficiencia de los recursos.<\/div>\t\t\n\t\t\t\t\t\t\t\n\t\t\t<\/div>\n<\/div>\n<\/div>\n<\/div><\/div><\/div><div id=\"tm-column-inner-69d50a6b98e92\" class=\"wpb_column vc_column_container vc_col-sm-6\"><div class=\"vc_column-inner\"><div class=\"wpb_wrapper\"><div class=\"tm-box-icon  style-2 style-align-center tm-animation move-up\" id=\"tm-box-icon-69d50a6b9903b\">\n\t\t<div class=\"content-wrap\">\n\n\t\t\t<div class=\"image\">\n\t\t\t<img decoding=\"async\" src=\"https:\/\/willowtechgroup.com\/wp-content\/uploads\/2023\/04\/Icon-12-1.svg\" alt=\"Icon 12 (1)\" \/>\t\t<\/div>\n\t\n\t\n\t<div class=\"content\">\n\t\t<div class=\"box-header\">\n\t\t\t\t\t\t\t<h4 class=\"heading\">\n\t\t\t\t\t\n\t\t\t\t\t\tInfraestructura de virtualizaci\u00f3n de funciones de red (NFVI)\n\t\t\t\t\t\t\n\t\t\t\t<\/h4>\n\t\t\t\t\t<\/div>\n\n\t\t\t\t\t<div class=\"text\">Hardware y software para respaldar la ejecuci\u00f3n de VNF, incluidos servidores, almacenamiento, recursos de red y m\u00e1s para alojar VNF en un entorno similar a la nube.<\/div>\t\t\n\t\t\t\t\t\t\t\n\t\t\t<\/div>\n<\/div>\n<\/div>\n<\/div><\/div><\/div><\/div><div id=\"tm-row-inner-69d50a6b9a07d\" class=\"vc_row vc_inner vc_row-fluid\"><div id=\"tm-column-inner-69d50a6b9a2aa\" class=\"wpb_column vc_column_container vc_col-sm-6\"><div class=\"vc_column-inner\"><div class=\"wpb_wrapper\"><div class=\"tm-box-icon  style-2 style-align-center tm-animation move-up\" id=\"tm-box-icon-69d50a6b9a441\">\n\t\t<div class=\"content-wrap\">\n\n\t\t\t<div class=\"image\">\n\t\t\t<img decoding=\"async\" src=\"https:\/\/willowtechgroup.com\/wp-content\/uploads\/2023\/05\/Icon-26.svg\" alt=\"Icon 26\" \/>\t\t<\/div>\n\t\n\t\n\t<div class=\"content\">\n\t\t<div class=\"box-header\">\n\t\t\t\t\t\t\t<h4 class=\"heading\">\n\t\t\t\t\t\n\t\t\t\t\t\tGesti\u00f3n y Orquestaci\u00f3n (MANO)\n\t\t\t\t\t\t\n\t\t\t\t<\/h4>\n\t\t\t\t\t<\/div>\n\n\t\t\t\t\t<div class=\"text\">Los procesos y herramientas de MANO mantienen los VNF y NFVI funcionando de manera \u00f3ptima. Las plataformas MANO permiten la automatizaci\u00f3n, la escalabilidad y la utilizaci\u00f3n eficiente de recursos en las redes de telecomunicaciones.<\/div>\t\t\n\t\t\t\t\t\t\t\n\t\t\t<\/div>\n<\/div>\n<\/div>\n<\/div><\/div><\/div><div id=\"tm-column-inner-69d50a6b9b391\" class=\"wpb_column vc_column_container vc_col-sm-6\"><div class=\"vc_column-inner\"><div class=\"wpb_wrapper\"><div class=\"tm-box-icon  style-2 style-align-center tm-animation move-up\" id=\"tm-box-icon-69d50a6b9b532\">\n\t\t<div class=\"content-wrap\">\n\n\t\t\t<div class=\"image\">\n\t\t\t<img decoding=\"async\" src=\"https:\/\/willowtechgroup.com\/wp-content\/uploads\/2023\/04\/Icon-18.svg\" alt=\"Icon 18\" \/>\t\t<\/div>\n\t\n\t\n\t<div class=\"content\">\n\t\t<div class=\"box-header\">\n\t\t\t\t\t\t\t<h4 class=\"heading\">\n\t\t\t\t\t\n\t\t\t\t\t\tRedes definidas por software (SDN)\n\t\t\t\t\t\t\n\t\t\t\t<\/h4>\n\t\t\t\t\t<\/div>\n\n\t\t\t\t\t<div class=\"text\">La tecnolog\u00eda SDN mejora la flexibilidad de la red y reduce los costos operativos, al tiempo que brinda una experiencia consistente, confiable y de alta calidad a todos los usuarios.<\/div>\t\t\n\t\t\t\t\t\t\t\n\t\t\t<\/div>\n<\/div>\n<\/div>\n<\/div><\/div><\/div><\/div><\/div><\/div><\/div><\/div><div id=\"tm-row-69d50a6b9c3ff\" data-vc-full-width=\"true\" data-vc-full-width-init=\"false\" class=\"vc_row vc_row-outer vc_row-fluid vc_row-o-content-middle vc_row-flex\"><div id=\"tm-column-69d50a6b9c608\" class=\"wpb_column vc_column_container vc_col-sm-12\"><div class=\"vc_column-inner\"><div class=\"wpb_wrapper\">\n<div class=\"tm-heading modern-icon center tm-animation move-up\" id=\"tm-heading-69d50a6b9c7d1\">\n\t<h3 class=\"heading\" >Operaciones Telco din\u00e1micas, eficientes y \u00e1giles para hoy y ma\u00f1ana<\/h3><\/div>\n\n<\/div><\/div><\/div><\/div><div class=\"vc_row-full-width vc_clearfix\"><\/div>\n<\/section>","protected":false},"excerpt":{"rendered":"Nube y orquestaci\u00f3n de telecomunicaciones Construir una arquitectura de nube preparada para el futuro para redes de telecomunicaciones es complicado y desafiante, particularmente donde la automatizaci\u00f3n de xNF y la incorporaci\u00f3n de servicios est\u00e1n provocando una desaceleraci\u00f3n en el tiempo de comercializaci\u00f3n. Telco Cloud &amp; Orchestration Nuestro servicio Telco Cloud and Orchestration re\u00fane tecnolog\u00edas de computaci\u00f3n en la nube, virtualizaci\u00f3n y automatizaci\u00f3n para redefinir las capacidades de las redes de telecomunicaciones desde el n\u00facleo hasta el borde. Transformamos las redes Telco convencionales en infraestructuras m\u00e1s \u00e1giles, escalables y rentables que puedan ofrecer un servicio m\u00e1s eficiente y receptivo a sus clientes. Beneficios de la automatizaci\u00f3n de la nube de telecomunicaciones Benef\u00edciese de operaciones multinube consistentes que facilitan la interoperabilidad y simplifican la traducci\u00f3n de los requisitos de las telecomunicaciones en un ecosistema multinube en r\u00e1pida evoluci\u00f3n. Acelere el tiempo de comercializaci\u00f3n con un enfoque neutral respecto del proveedor para dise\u00f1ar e incorporar funciones y\/o servicios de red. Aproveche las funciones de red de m\u00faltiples proveedores para aprovechar las fortalezas y capacidades de diferentes proveedores y elija aquellos que mejor se adapten a su negocio. Automatice la gesti\u00f3n del ciclo de vida para que pueda centrarse en sus clientes y no en los problemas operativos. Cree, a\u00edsle y administre redes bajo demanda que se ejecuten en una infraestructura com\u00fan y progr\u00e1melas para fines comerciales espec\u00edficos con la automatizaci\u00f3n de la divisi\u00f3n de redes. Reduzca costos, disfrute de procesos de red m\u00e1s \u00e1giles, menor riesgo de error humano y optimizaci\u00f3n de recursos gracias a una gesti\u00f3n eficaz de NF. Componentes de orquestaci\u00f3n y nube de Telco transformacional, virtualizada y optimizada Funciones de red virtual (VNF) Telco Cloud aprovecha las tecnolog\u00edas de virtualizaci\u00f3n para implementar y administrar VNF para maximizar la flexibilidad y la eficiencia de los recursos. Infraestructura de virtualizaci\u00f3n de funciones de red (NFVI) Hardware y software para respaldar la ejecuci\u00f3n de VNF, incluidos servidores, almacenamiento, recursos de red y m\u00e1s para alojar VNF en un entorno similar a la nube. Gesti\u00f3n y orquestaci\u00f3n (MANO) Los procesos y herramientas de MANO mantienen los VNF y NFVI funcionando de manera \u00f3ptima. Las plataformas MANO permiten la automatizaci\u00f3n, la escalabilidad y la utilizaci\u00f3n eficiente de recursos en las redes de telecomunicaciones. Redes definidas por software (SDN) La tecnolog\u00eda SDN mejora la flexibilidad de la red y reduce los costos operativos, al tiempo que brinda una experiencia consistente, confiable y de alta calidad a todos los usuarios. Operaciones Telco din\u00e1micas, eficientes y \u00e1giles para hoy y ma\u00f1ana","protected":false},"author":1,"featured_media":0,"parent":0,"menu_order":0,"comment_status":"closed","ping_status":"closed","template":"","meta":{"content-type":"","footnotes":""},"class_list":["post-3637","page","type-page","status-publish","hentry"],"yoast_head":"<!-- This site is optimized with the Yoast SEO plugin v25.2 - https:\/\/yoast.com\/wordpress\/plugins\/seo\/ -->\n<title>Telco Cloud &amp; Orchestration - WillowTech Group<\/title>\n<meta name=\"robots\" content=\"index, follow, max-snippet:-1, max-image-preview:large, max-video-preview:-1\" \/>\n<link rel=\"canonical\" href=\"https:\/\/willowtechgroup.com\/es\/telco-cloud-orchestration\/\" \/>\n<meta property=\"og:locale\" content=\"es_ES\" \/>\n<meta property=\"og:type\" content=\"article\" \/>\n<meta property=\"og:title\" content=\"Telco Cloud &amp; Orchestration - WillowTech Group\" \/>\n<meta property=\"og:url\" content=\"https:\/\/willowtechgroup.com\/es\/telco-cloud-orchestration\/\" \/>\n<meta property=\"og:site_name\" content=\"WillowTech Group\" \/>\n<meta property=\"article:modified_time\" content=\"2023-10-04T10:39:04+00:00\" \/>\n<meta name=\"twitter:card\" content=\"summary_large_image\" \/>\n<meta name=\"twitter:label1\" content=\"Tiempo de lectura\" \/>\n\t<meta name=\"twitter:data1\" content=\"4 minutos\" \/>\n<script type=\"application\/ld+json\" class=\"yoast-schema-graph\">{\"@context\":\"https:\/\/schema.org\",\"@graph\":[{\"@type\":\"WebPage\",\"@id\":\"https:\/\/willowtechgroup.com\/telco-cloud-orchestration\/\",\"url\":\"https:\/\/willowtechgroup.com\/telco-cloud-orchestration\/\",\"name\":\"Telco Cloud &amp; Orchestration - WillowTech Group\",\"isPartOf\":{\"@id\":\"https:\/\/willowtechgroup.com\/#website\"},\"datePublished\":\"2023-06-24T10:54:38+00:00\",\"dateModified\":\"2023-10-04T10:39:04+00:00\",\"breadcrumb\":{\"@id\":\"https:\/\/willowtechgroup.com\/telco-cloud-orchestration\/#breadcrumb\"},\"inLanguage\":\"es\",\"potentialAction\":[{\"@type\":\"ReadAction\",\"target\":[\"https:\/\/willowtechgroup.com\/telco-cloud-orchestration\/\"]}]},{\"@type\":\"BreadcrumbList\",\"@id\":\"https:\/\/willowtechgroup.com\/telco-cloud-orchestration\/#breadcrumb\",\"itemListElement\":[{\"@type\":\"ListItem\",\"position\":1,\"name\":\"Home\",\"item\":\"https:\/\/willowtechgroup.com\/\"},{\"@type\":\"ListItem\",\"position\":2,\"name\":\"Telco Cloud &amp; Orchestration\"}]},{\"@type\":\"WebSite\",\"@id\":\"https:\/\/willowtechgroup.com\/#website\",\"url\":\"https:\/\/willowtechgroup.com\/\",\"name\":\"WillowTech Group\",\"description\":\"IT Consultation &amp; Services\",\"publisher\":{\"@id\":\"https:\/\/willowtechgroup.com\/#organization\"},\"potentialAction\":[{\"@type\":\"SearchAction\",\"target\":{\"@type\":\"EntryPoint\",\"urlTemplate\":\"https:\/\/willowtechgroup.com\/?s={search_term_string}\"},\"query-input\":{\"@type\":\"PropertyValueSpecification\",\"valueRequired\":true,\"valueName\":\"search_term_string\"}}],\"inLanguage\":\"es\"},{\"@type\":\"Organization\",\"@id\":\"https:\/\/willowtechgroup.com\/#organization\",\"name\":\"WillowTech Group\",\"url\":\"https:\/\/willowtechgroup.com\/\",\"logo\":{\"@type\":\"ImageObject\",\"inLanguage\":\"es\",\"@id\":\"https:\/\/willowtechgroup.com\/#\/schema\/logo\/image\/\",\"url\":\"https:\/\/willowtechgroup.com\/wp-content\/uploads\/2018\/10\/Logo-290X70-3.svg\",\"contentUrl\":\"https:\/\/willowtechgroup.com\/wp-content\/uploads\/2018\/10\/Logo-290X70-3.svg\",\"width\":\"1024\",\"height\":\"1024\",\"caption\":\"WillowTech Group\"},\"image\":{\"@id\":\"https:\/\/willowtechgroup.com\/#\/schema\/logo\/image\/\"}}]}<\/script>\n<!-- \/ Yoast SEO plugin. -->","yoast_head_json":{"title":"Nube y orquestaci\u00f3n de telecomunicaciones - WillowTech Group","robots":{"index":"index","follow":"follow","max-snippet":"max-snippet:-1","max-image-preview":"max-image-preview:large","max-video-preview":"max-video-preview:-1"},"canonical":"https:\/\/willowtechgroup.com\/es\/telco-cloud-orchestration\/","og_locale":"es_ES","og_type":"article","og_title":"Telco Cloud &amp; Orchestration - WillowTech Group","og_url":"https:\/\/willowtechgroup.com\/es\/telco-cloud-orchestration\/","og_site_name":"WillowTech Group","article_modified_time":"2023-10-04T10:39:04+00:00","twitter_card":"summary_large_image","twitter_misc":{"Tiempo de lectura":"4 minutos"},"schema":{"@context":"https:\/\/schema.org","@graph":[{"@type":"WebPage","@id":"https:\/\/willowtechgroup.com\/telco-cloud-orchestration\/","url":"https:\/\/willowtechgroup.com\/telco-cloud-orchestration\/","name":"Nube y orquestaci\u00f3n de telecomunicaciones - WillowTech Group","isPartOf":{"@id":"https:\/\/willowtechgroup.com\/#website"},"datePublished":"2023-06-24T10:54:38+00:00","dateModified":"2023-10-04T10:39:04+00:00","breadcrumb":{"@id":"https:\/\/willowtechgroup.com\/telco-cloud-orchestration\/#breadcrumb"},"inLanguage":"es","potentialAction":[{"@type":"ReadAction","target":["https:\/\/willowtechgroup.com\/telco-cloud-orchestration\/"]}]},{"@type":"BreadcrumbList","@id":"https:\/\/willowtechgroup.com\/telco-cloud-orchestration\/#breadcrumb","itemListElement":[{"@type":"ListItem","position":1,"name":"Home","item":"https:\/\/willowtechgroup.com\/"},{"@type":"ListItem","position":2,"name":"Telco Cloud &amp; Orchestration"}]},{"@type":"WebSite","@id":"https:\/\/willowtechgroup.com\/#website","url":"https:\/\/willowtechgroup.com\/","name":"Grupo Willow Tech","description":"Consultor\u00eda y servicios de TI","publisher":{"@id":"https:\/\/willowtechgroup.com\/#organization"},"potentialAction":[{"@type":"SearchAction","target":{"@type":"EntryPoint","urlTemplate":"https:\/\/willowtechgroup.com\/?s={search_term_string}"},"query-input":{"@type":"PropertyValueSpecification","valueRequired":true,"valueName":"search_term_string"}}],"inLanguage":"es"},{"@type":"Organization","@id":"https:\/\/willowtechgroup.com\/#organization","name":"Grupo Willow Tech","url":"https:\/\/willowtechgroup.com\/","logo":{"@type":"ImageObject","inLanguage":"es","@id":"https:\/\/willowtechgroup.com\/#\/schema\/logo\/image\/","url":"https:\/\/willowtechgroup.com\/wp-content\/uploads\/2018\/10\/Logo-290X70-3.svg","contentUrl":"https:\/\/willowtechgroup.com\/wp-content\/uploads\/2018\/10\/Logo-290X70-3.svg","width":"1024","height":"1024","caption":"WillowTech Group"},"image":{"@id":"https:\/\/willowtechgroup.com\/#\/schema\/logo\/image\/"}}]}},"_links":{"self":[{"href":"https:\/\/willowtechgroup.com\/es\/wp-json\/wp\/v2\/pages\/3637","targetHints":{"allow":["GET"]}}],"collection":[{"href":"https:\/\/willowtechgroup.com\/es\/wp-json\/wp\/v2\/pages"}],"about":[{"href":"https:\/\/willowtechgroup.com\/es\/wp-json\/wp\/v2\/types\/page"}],"author":[{"embeddable":true,"href":"https:\/\/willowtechgroup.com\/es\/wp-json\/wp\/v2\/users\/1"}],"replies":[{"embeddable":true,"href":"https:\/\/willowtechgroup.com\/es\/wp-json\/wp\/v2\/comments?post=3637"}],"version-history":[{"count":0,"href":"https:\/\/willowtechgroup.com\/es\/wp-json\/wp\/v2\/pages\/3637\/revisions"}],"wp:attachment":[{"href":"https:\/\/willowtechgroup.com\/es\/wp-json\/wp\/v2\/media?parent=3637"}],"curies":[{"name":"gracias","href":"https:\/\/api.w.org\/{rel}","templated":true}]}}