{"id":3749,"date":"2023-07-03T05:59:12","date_gmt":"2023-07-03T04:59:12","guid":{"rendered":"https:\/\/willowtechgroup.com\/?page_id=3749"},"modified":"2024-12-10T12:43:50","modified_gmt":"2024-12-10T12:43:50","slug":"ran","status":"publish","type":"page","link":"https:\/\/willowtechgroup.com\/es\/ran\/","title":{"rendered":"CORRI\u00d3"},"content":{"rendered":"<section class=\"wpb-content-wrapper\"><div id=\"tm-row-69d25ccba481b\" data-vc-full-width=\"true\" data-vc-full-width-init=\"false\" class=\"vc_row vc_row-outer vc_row-fluid\"><div id=\"tm-column-69d25ccba4d22\" class=\"wpb_column vc_column_container vc_col-sm-12\"><div class=\"vc_column-inner\"><div class=\"wpb_wrapper\">\n<div class=\"tm-heading  center tm-animation move-up\" id=\"tm-heading-69d25ccba50c4\">\n\t<h2 class=\"heading\" ><mark>Red RAN<\/mark><\/h2><\/div>\n\n<div class=\"tm-spacer\" id=\"tm-spacer-69d25ccba55f5\"><\/div>\n\n<div class=\"tm-heading  center tm-animation move-up\" id=\"tm-heading-69d25ccba56fb\">\n\t<div class=\"heading\" >Un componente clave de cualquier sistema de telecomunicaciones inal\u00e1mbrico y el v\u00ednculo final entre la red y el tel\u00e9fono, la red RAN (tambi\u00e9n llamada red de acceso) se encuentra ahora en su quinta generaci\u00f3n, con capacidades que incluyen llamadas de voz, mensajes de texto, transmisi\u00f3n de video y audio. Los tipos de usuarios tambi\u00e9n han evolucionado para incluir todo tipo de veh\u00edculos, drones y dispositivos de Internet de las cosas.<\/div><\/div>\n\n<div class=\"tm-spacer\" id=\"tm-spacer-69d25ccba5bfe\"><\/div>\n<\/div><\/div><\/div><\/div><div class=\"vc_row-full-width vc_clearfix\"><\/div><div id=\"tm-row-69d25ccba5db8\" data-vc-full-width=\"true\" data-vc-full-width-init=\"false\" class=\"vc_row vc_row-outer vc_row-fluid\"><div id=\"tm-column-69d25ccba6591\" class=\"wpb_column vc_column_container vc_col-sm-12\"><div class=\"vc_column-inner\"><div class=\"wpb_wrapper\"><div id=\"tm-row-inner-69d25ccba699d\" class=\"vc_row vc_inner vc_row-fluid vc_row-o-equal-height vc_row-flex\"><div id=\"tm-column-inner-69d25ccba6dbc\" class=\"wpb_column vc_column_container vc_col-sm-6\"><div class=\"vc_column-inner\"><div class=\"wpb_wrapper\">\n<div class=\"tm-heading  left tm-animation move-up\" id=\"tm-heading-69d25ccba71bf\">\n\t<h3 class=\"heading\" >Red RAN<\/h3><\/div>\n\n\n<div class=\"tm-heading vc_custom_1688473550744  left tm-animation move-up\" id=\"tm-heading-69d25ccba777c\">\n\t<div class=\"heading\" >5G es la \u00faltima generaci\u00f3n de RAN. Al basarse en una red multicapa totalmente coordinada con bandas bajas a altas para garantizar un rendimiento \u00f3ptimo de la red, 5G ofrece<br \/>\nnuevas fuentes de ingresos para los proveedores de servicios y mejores oportunidades de conectividad para los suscriptores, que incluyen, entre otros:<\/div><\/div>\n\n\n\t<div class=\"wpb_text_column wpb_content_element\" >\n\t\t<div class=\"wpb_wrapper\">\n\t\t\t<table class=\"revnue-est\" style=\"color: #174c9b; font-style: normal; font-weight: 600;\">\n<tbody>\n<tr>\n<td>\u2022 Realidad aumentada y realidad virtual<\/td>\n<td>\u2022 Juegos en la nube<\/td>\n<\/tr>\n<tr>\n<td>\u2022 Conducci\u00f3n aut\u00f3noma<\/td>\n<td>\u2022 Acceso inal\u00e1mbrico fijo<\/td>\n<\/tr>\n<\/tbody>\n<\/table>\n\n\t\t<\/div>\n\t<\/div>\n<\/div><\/div><\/div><div id=\"tm-column-inner-69d25ccba7e82\" class=\"wpb_column vc_column_container vc_col-sm-6\"><div class=\"vc_column-inner\"><div class=\"wpb_wrapper\"><div class=\"tm-spacer\" id=\"tm-spacer-69d25ccba845f\"><\/div>\n<\/div><\/div><\/div><\/div><\/div><\/div><\/div><\/div><div class=\"vc_row-full-width vc_clearfix\"><\/div><div id=\"tm-row-69d25ccba8646\" class=\"vc_row vc_row-outer vc_row-fluid\"><div id=\"tm-column-69d25ccba8c2f\" class=\"wpb_column vc_column_container vc_col-sm-12\"><div class=\"vc_column-inner\"><div class=\"wpb_wrapper\"><div class=\"tm-spacer\" id=\"tm-spacer-69d25ccba8e9d\"><\/div>\n<\/div><\/div><\/div><\/div><div id=\"tm-row-69d25ccba9041\" class=\"vc_row vc_row-outer vc_row-fluid\"><div id=\"tm-column-69d25ccba93d1\" class=\"wpb_column vc_column_container vc_col-sm-12\"><div class=\"vc_column-inner\"><div class=\"wpb_wrapper\"><div id=\"tm-row-inner-69d25ccba976f\" class=\"vc_row vc_inner vc_row-fluid\"><div id=\"tm-column-inner-69d25ccba9aef\" class=\"wpb_column vc_column_container vc_col-sm-12\"><div class=\"vc_column-inner\"><div class=\"wpb_wrapper\">\n<div class=\"tm-heading  center tm-animation move-up\" id=\"tm-heading-69d25ccba9e3b\">\n\t<h2 class=\"heading\" ><mark>Rendimiento de la red RAN 5G<\/mark><\/h2><\/div>\n\n<div class=\"tm-spacer\" id=\"tm-spacer-69d25ccbaa2f4\"><\/div>\n<\/div><\/div><\/div><\/div><\/div><\/div><\/div><\/div><div id=\"tm-row-69d25ccbaa49f\" class=\"vc_row vc_row-outer vc_row-fluid learn_box\"><div id=\"tm-column-69d25ccbaa834\" class=\"wpb_column vc_column_container vc_col-sm-12\"><div class=\"vc_column-inner\"><div class=\"wpb_wrapper\"><div id=\"tm-row-inner-69d25ccbaabae\" class=\"vc_row vc_inner vc_row-fluid learn_box\"><div id=\"tm-column-inner-69d25ccbaaf19\" class=\"wpb_column vc_column_container vc_col-sm-6\"><div class=\"vc_column-inner\"><div class=\"wpb_wrapper\"><div class=\"tm-box-icon  learn_box style-2 style-align-center tm-animation move-up\" id=\"tm-box-icon-69d25ccbab206\">\n\t\t<div class=\"content-wrap\">\n\n\t\t\t<div class=\"image\">\n\t\t\t<img decoding=\"async\" src=\"https:\/\/willowtechgroup.com\/wp-content\/uploads\/2023\/07\/Icon-48.svg\" alt=\"Icon 48\" \/>\t\t<\/div>\n\t\n\t\n\t<div class=\"content\">\n\t\t<div class=\"box-header\">\n\t\t\t\t\t<\/div>\n\n\t\t\n\t\t\t\t\t\t\t\t\t<ul class=\"box-icon-list\">\n\t\t\t\t\t<li><i class=\"fas fa-check\"><\/i>No hay l\u00edmite para las posibilidades que ofrece 5G RAN.<\/li>\n\t\t\t\t<\/ul>\n\t\t\t\t\t\t\t\t\t\t\t\t<ul class=\"box-icon-list\">\n\t\t\t\t\t<li><i class=\"fas fa-check\"><\/i>Las soluciones de celdas peque\u00f1as 5G para interiores ofrecen redes robustas y de alto rendimiento para empresas de todos los tama\u00f1os.<\/li>\n\t\t\t\t<\/ul>\n\t\t\t\t\t\n\t\t\t<\/div>\n<\/div>\n<\/div>\n<\/div><\/div><\/div><div id=\"tm-column-inner-69d25ccbac826\" class=\"wpb_column vc_column_container vc_col-sm-6\"><div class=\"vc_column-inner\"><div class=\"wpb_wrapper\"><div class=\"tm-box-icon  learn_box style-2 style-align-center tm-animation move-up\" id=\"tm-box-icon-69d25ccbacb3d\">\n\t\t<div class=\"content-wrap\">\n\n\t\t\t<div class=\"image\">\n\t\t\t<img decoding=\"async\" src=\"https:\/\/willowtechgroup.com\/wp-content\/uploads\/2023\/07\/Icon-49.svg\" alt=\"Icon 49\" \/>\t\t<\/div>\n\t\n\t\n\t<div class=\"content\">\n\t\t<div class=\"box-header\">\n\t\t\t\t\t<\/div>\n\n\t\t\n\t\t\t\t\t\t\t\t\t<ul class=\"box-icon-list\">\n\t\t\t\t\t<li><i class=\"fas fa-check\"><\/i>Macro 5G ofrece un despliegue eficaz de acceso a la red, utilizando la tecnolog\u00eda Massive MIMO para permitir una gran transmisi\u00f3n y recepci\u00f3n de datos en una amplia \u00e1rea geogr\u00e1fica.<\/li>\n\t\t\t\t<\/ul>\n\t\t\t\t\t\n\t\t\t<\/div>\n<\/div>\n<\/div>\n<\/div><\/div><\/div><\/div><div id=\"tm-row-inner-69d25ccbae421\" class=\"vc_row vc_inner vc_row-fluid\"><div id=\"tm-column-inner-69d25ccbae7ca\" class=\"wpb_column vc_column_container vc_col-sm-6\"><div class=\"vc_column-inner\"><div class=\"wpb_wrapper\"><div class=\"tm-box-icon  style-2 style-align-center tm-animation move-up\" id=\"tm-box-icon-69d25ccbaeacd\">\n\t\t<div class=\"content-wrap\">\n\n\t\t\t<div class=\"image\">\n\t\t\t<img decoding=\"async\" src=\"https:\/\/willowtechgroup.com\/wp-content\/uploads\/2023\/07\/Icon-52.svg\" alt=\"Icon 52\" \/>\t\t<\/div>\n\t\n\t\n\t<div class=\"content\">\n\t\t<div class=\"box-header\">\n\t\t\t\t\t<\/div>\n\n\t\t\n\t\t\t\t\t\t\t\t\t<ul class=\"box-icon-list\">\n\t\t\t\t\t<li><i class=\"fas fa-check\"><\/i>Cloud RAN, o C-RAN, es un nuevo tipo de arquitectura RAN que reduce el tr\u00e1fico y la latencia de la red central, mejorando la calidad general de la experiencia del usuario.<\/li>\n\t\t\t\t<\/ul>\n\t\t\t\t\t\n\t\t\t<\/div>\n<\/div>\n<\/div>\n<\/div><\/div><\/div><div id=\"tm-column-inner-69d25ccbb0335\" class=\"wpb_column vc_column_container vc_col-sm-6\"><div class=\"vc_column-inner\"><div class=\"wpb_wrapper\"><div class=\"tm-box-icon  style-2 style-align-center tm-animation move-up\" id=\"tm-box-icon-69d25ccbb0634\">\n\t\t<div class=\"content-wrap\">\n\n\t\t\t<div class=\"image\">\n\t\t\t<img decoding=\"async\" src=\"https:\/\/willowtechgroup.com\/wp-content\/uploads\/2023\/07\/Icon-51.svg\" alt=\"Icon 51\" \/>\t\t<\/div>\n\t\n\t\n\t<div class=\"content\">\n\t\t<div class=\"box-header\">\n\t\t\t\t\t<\/div>\n\n\t\t\n\t\t\t\t\t\t\t\t\t<ul class=\"box-icon-list\">\n\t\t\t\t\t<li><i class=\"fas fa-check\"><\/i>La divisi\u00f3n de RAN es una parte esencial del panorama de la arquitectura 5G y permite crear m\u00faltiples redes sobre una infraestructura f\u00edsica com\u00fan.<\/li>\n\t\t\t\t<\/ul>\n\t\t\t\t\t\n\t\t\t<\/div>\n<\/div>\n<\/div>\n<\/div><\/div><\/div><\/div><\/div><\/div><\/div><\/div>\n<\/section>","protected":false},"excerpt":{"rendered":"Red RAN Un componente clave de cualquier sistema de telecomunicaciones inal\u00e1mbrico y el enlace final entre la red y el tel\u00e9fono, la red RAN (tambi\u00e9n llamada red de acceso) se encuentra ahora en su quinta generaci\u00f3n, con capacidades que incluyen llamadas de voz, mensajes de texto, transmisi\u00f3n de video y audio. Los tipos de usuarios tambi\u00e9n han evolucionado para incluir todo tipo de veh\u00edculos, drones y dispositivos de Internet de las cosas. RAN Network 5G es la \u00faltima generaci\u00f3n de RAN. Al basarse en una red multicapa totalmente coordinada con bandas bajas a altas para garantizar un rendimiento \u00f3ptimo de la red, 5G ofrece nuevas fuentes de ingresos para los proveedores de servicios y mejores oportunidades de conectividad para los suscriptores, que incluyen, entre otros: \u2022 AR\/VR \u2022 Juegos en la nube \u2022 Conducci\u00f3n aut\u00f3noma \u2022 Acceso inal\u00e1mbrico fijo Rendimiento de la red 5G RAN No hay l\u00edmite para las posibilidades que ofrece 5G RAN. Las soluciones de celdas peque\u00f1as 5G para interiores ofrecen redes robustas y de alto rendimiento para empresas de todos los tama\u00f1os. Macro 5G ofrece un despliegue eficaz de acceso a la red, utilizando la tecnolog\u00eda Massive MIMO para permitir una gran transmisi\u00f3n y recepci\u00f3n de datos en una amplia \u00e1rea geogr\u00e1fica. Cloud RAN, o C-RAN, es un nuevo tipo de arquitectura RAN que reduce el tr\u00e1fico y la latencia de la red central, mejorando la calidad general de la experiencia del usuario. La divisi\u00f3n de RAN es una parte esencial del panorama de la arquitectura 5G y permite crear m\u00faltiples redes sobre una infraestructura f\u00edsica com\u00fan.","protected":false},"author":1,"featured_media":0,"parent":0,"menu_order":0,"comment_status":"closed","ping_status":"closed","template":"","meta":{"content-type":"","footnotes":""},"class_list":["post-3749","page","type-page","status-publish","hentry"],"yoast_head":"<!-- This site is optimized with the Yoast SEO plugin v25.2 - https:\/\/yoast.com\/wordpress\/plugins\/seo\/ -->\n<title>RAN - WillowTech Group<\/title>\n<meta name=\"robots\" content=\"index, follow, max-snippet:-1, max-image-preview:large, max-video-preview:-1\" \/>\n<link rel=\"canonical\" href=\"https:\/\/willowtechgroup.com\/es\/ran\/\" \/>\n<meta property=\"og:locale\" content=\"es_ES\" \/>\n<meta property=\"og:type\" content=\"article\" \/>\n<meta property=\"og:title\" content=\"RAN - WillowTech Group\" \/>\n<meta property=\"og:url\" content=\"https:\/\/willowtechgroup.com\/es\/ran\/\" \/>\n<meta property=\"og:site_name\" content=\"WillowTech Group\" \/>\n<meta property=\"article:modified_time\" content=\"2024-12-10T12:43:50+00:00\" \/>\n<meta name=\"twitter:card\" content=\"summary_large_image\" \/>\n<meta name=\"twitter:label1\" content=\"Tiempo de lectura\" \/>\n\t<meta name=\"twitter:data1\" content=\"1 minuto\" \/>\n<script type=\"application\/ld+json\" class=\"yoast-schema-graph\">{\"@context\":\"https:\/\/schema.org\",\"@graph\":[{\"@type\":\"WebPage\",\"@id\":\"https:\/\/willowtechgroup.com\/ran\/\",\"url\":\"https:\/\/willowtechgroup.com\/ran\/\",\"name\":\"RAN - WillowTech Group\",\"isPartOf\":{\"@id\":\"https:\/\/willowtechgroup.com\/#website\"},\"datePublished\":\"2023-07-03T04:59:12+00:00\",\"dateModified\":\"2024-12-10T12:43:50+00:00\",\"breadcrumb\":{\"@id\":\"https:\/\/willowtechgroup.com\/ran\/#breadcrumb\"},\"inLanguage\":\"es\",\"potentialAction\":[{\"@type\":\"ReadAction\",\"target\":[\"https:\/\/willowtechgroup.com\/ran\/\"]}]},{\"@type\":\"BreadcrumbList\",\"@id\":\"https:\/\/willowtechgroup.com\/ran\/#breadcrumb\",\"itemListElement\":[{\"@type\":\"ListItem\",\"position\":1,\"name\":\"Home\",\"item\":\"https:\/\/willowtechgroup.com\/\"},{\"@type\":\"ListItem\",\"position\":2,\"name\":\"RAN\"}]},{\"@type\":\"WebSite\",\"@id\":\"https:\/\/willowtechgroup.com\/#website\",\"url\":\"https:\/\/willowtechgroup.com\/\",\"name\":\"WillowTech Group\",\"description\":\"IT Consultation &amp; Services\",\"publisher\":{\"@id\":\"https:\/\/willowtechgroup.com\/#organization\"},\"potentialAction\":[{\"@type\":\"SearchAction\",\"target\":{\"@type\":\"EntryPoint\",\"urlTemplate\":\"https:\/\/willowtechgroup.com\/?s={search_term_string}\"},\"query-input\":{\"@type\":\"PropertyValueSpecification\",\"valueRequired\":true,\"valueName\":\"search_term_string\"}}],\"inLanguage\":\"es\"},{\"@type\":\"Organization\",\"@id\":\"https:\/\/willowtechgroup.com\/#organization\",\"name\":\"WillowTech Group\",\"url\":\"https:\/\/willowtechgroup.com\/\",\"logo\":{\"@type\":\"ImageObject\",\"inLanguage\":\"es\",\"@id\":\"https:\/\/willowtechgroup.com\/#\/schema\/logo\/image\/\",\"url\":\"https:\/\/willowtechgroup.com\/wp-content\/uploads\/2018\/10\/Logo-290X70-3.svg\",\"contentUrl\":\"https:\/\/willowtechgroup.com\/wp-content\/uploads\/2018\/10\/Logo-290X70-3.svg\",\"width\":\"1024\",\"height\":\"1024\",\"caption\":\"WillowTech Group\"},\"image\":{\"@id\":\"https:\/\/willowtechgroup.com\/#\/schema\/logo\/image\/\"}}]}<\/script>\n<!-- \/ Yoast SEO plugin. -->","yoast_head_json":{"title":"RAN - WillowTech Group","robots":{"index":"index","follow":"follow","max-snippet":"max-snippet:-1","max-image-preview":"max-image-preview:large","max-video-preview":"max-video-preview:-1"},"canonical":"https:\/\/willowtechgroup.com\/es\/ran\/","og_locale":"es_ES","og_type":"article","og_title":"RAN - WillowTech Group","og_url":"https:\/\/willowtechgroup.com\/es\/ran\/","og_site_name":"WillowTech Group","article_modified_time":"2024-12-10T12:43:50+00:00","twitter_card":"summary_large_image","twitter_misc":{"Tiempo de lectura":"1 minuto"},"schema":{"@context":"https:\/\/schema.org","@graph":[{"@type":"WebPage","@id":"https:\/\/willowtechgroup.com\/ran\/","url":"https:\/\/willowtechgroup.com\/ran\/","name":"RAN - WillowTech Group","isPartOf":{"@id":"https:\/\/willowtechgroup.com\/#website"},"datePublished":"2023-07-03T04:59:12+00:00","dateModified":"2024-12-10T12:43:50+00:00","breadcrumb":{"@id":"https:\/\/willowtechgroup.com\/ran\/#breadcrumb"},"inLanguage":"es","potentialAction":[{"@type":"ReadAction","target":["https:\/\/willowtechgroup.com\/ran\/"]}]},{"@type":"BreadcrumbList","@id":"https:\/\/willowtechgroup.com\/ran\/#breadcrumb","itemListElement":[{"@type":"ListItem","position":1,"name":"Home","item":"https:\/\/willowtechgroup.com\/"},{"@type":"ListItem","position":2,"name":"RAN"}]},{"@type":"WebSite","@id":"https:\/\/willowtechgroup.com\/#website","url":"https:\/\/willowtechgroup.com\/","name":"Grupo Willow Tech","description":"Consultor\u00eda y servicios de TI","publisher":{"@id":"https:\/\/willowtechgroup.com\/#organization"},"potentialAction":[{"@type":"SearchAction","target":{"@type":"EntryPoint","urlTemplate":"https:\/\/willowtechgroup.com\/?s={search_term_string}"},"query-input":{"@type":"PropertyValueSpecification","valueRequired":true,"valueName":"search_term_string"}}],"inLanguage":"es"},{"@type":"Organization","@id":"https:\/\/willowtechgroup.com\/#organization","name":"Grupo Willow Tech","url":"https:\/\/willowtechgroup.com\/","logo":{"@type":"ImageObject","inLanguage":"es","@id":"https:\/\/willowtechgroup.com\/#\/schema\/logo\/image\/","url":"https:\/\/willowtechgroup.com\/wp-content\/uploads\/2018\/10\/Logo-290X70-3.svg","contentUrl":"https:\/\/willowtechgroup.com\/wp-content\/uploads\/2018\/10\/Logo-290X70-3.svg","width":"1024","height":"1024","caption":"WillowTech Group"},"image":{"@id":"https:\/\/willowtechgroup.com\/#\/schema\/logo\/image\/"}}]}},"_links":{"self":[{"href":"https:\/\/willowtechgroup.com\/es\/wp-json\/wp\/v2\/pages\/3749","targetHints":{"allow":["GET"]}}],"collection":[{"href":"https:\/\/willowtechgroup.com\/es\/wp-json\/wp\/v2\/pages"}],"about":[{"href":"https:\/\/willowtechgroup.com\/es\/wp-json\/wp\/v2\/types\/page"}],"author":[{"embeddable":true,"href":"https:\/\/willowtechgroup.com\/es\/wp-json\/wp\/v2\/users\/1"}],"replies":[{"embeddable":true,"href":"https:\/\/willowtechgroup.com\/es\/wp-json\/wp\/v2\/comments?post=3749"}],"version-history":[{"count":0,"href":"https:\/\/willowtechgroup.com\/es\/wp-json\/wp\/v2\/pages\/3749\/revisions"}],"wp:attachment":[{"href":"https:\/\/willowtechgroup.com\/es\/wp-json\/wp\/v2\/media?parent=3749"}],"curies":[{"name":"gracias","href":"https:\/\/api.w.org\/{rel}","templated":true}]}}