{"id":3817,"date":"2023-07-03T13:53:07","date_gmt":"2023-07-03T12:53:07","guid":{"rendered":"https:\/\/willowtechgroup.com\/?page_id=3817"},"modified":"2023-10-04T11:37:03","modified_gmt":"2023-10-04T10:37:03","slug":"open-networks-and-rd","status":"publish","type":"page","link":"https:\/\/willowtechgroup.com\/es\/open-networks-and-rd\/","title":{"rendered":"Redes Abiertas e I+D"},"content":{"rendered":"<section class=\"wpb-content-wrapper\"><div id=\"tm-row-69f2d23d7b923\" data-vc-full-width=\"true\" data-vc-full-width-init=\"false\" class=\"vc_row vc_row-outer vc_row-fluid\"><div id=\"tm-column-69f2d23d7bc76\" class=\"wpb_column vc_column_container vc_col-sm-12\"><div class=\"vc_column-inner\"><div class=\"wpb_wrapper\">\n<div class=\"tm-heading  center tm-animation move-up\" id=\"tm-heading-69f2d23d7bea5\">\n\t<h2 class=\"heading\" ><mark>Redes Abiertas e I+D<\/mark><\/h2><\/div>\n\n<div class=\"tm-spacer\" id=\"tm-spacer-69f2d23d7c18e\"><\/div>\n\n<div class=\"tm-heading  center tm-animation move-up\" id=\"tm-heading-69f2d23d7c226\">\n\t<div class=\"heading\" >Posicione su empresa para lograr el \u00e9xito a largo plazo en el panorama de las telecomunicaciones en r\u00e1pida evoluci\u00f3n con servicios de red abiertos. Al derribar barreras, fomentar la competencia y empoderar a los consumidores, las redes abiertas han abierto nuevas posibilidades de colaboraci\u00f3n e innovaci\u00f3n y han dado forma a un futuro m\u00e1s conectado, competitivo y centrado en el consumidor.<\/div><\/div>\n\n<div class=\"tm-spacer\" id=\"tm-spacer-69f2d23d7c4a4\"><\/div>\n<\/div><\/div><\/div><\/div><div class=\"vc_row-full-width vc_clearfix\"><\/div><div id=\"tm-row-69f2d23d7c597\" data-vc-full-width=\"true\" data-vc-full-width-init=\"false\" class=\"vc_row vc_row-outer vc_row-fluid learn_box\"><div id=\"tm-column-69f2d23d7ca6c\" class=\"wpb_column vc_column_container vc_col-sm-12\"><div class=\"vc_column-inner\"><div class=\"wpb_wrapper\"><div id=\"tm-row-inner-69f2d23d7cca6\" class=\"vc_row vc_inner vc_row-fluid vc_row-o-equal-height vc_row-flex\"><div id=\"tm-column-inner-69f2d23d7cf1b\" class=\"wpb_column vc_column_container vc_col-sm-6\"><div class=\"vc_column-inner\"><div class=\"wpb_wrapper\">\n<div class=\"tm-heading  left tm-animation move-up\" id=\"tm-heading-69f2d23d7d0f3\">\n\t<h3 class=\"heading\" >Redes Abiertas e I+D<\/h3><\/div>\n\n\n<div class=\"tm-heading vc_custom_1688389068731  left tm-animation move-up\" id=\"tm-heading-69f2d23d7d3da\">\n\t<div class=\"heading\" >La investigaci\u00f3n y el desarrollo son un componente vital de la industria de las telecomunicaciones, ya que impulsan la innovaci\u00f3n, impulsan el avance tecnol\u00f3gico y una mayor rentabilidad y crecimiento. La I+D se centra en gran medida en mejorar la infraestructura, ser pionera en nuevas tecnolog\u00edas y ofrecer servicios innovadores para satisfacer las demandas cambiantes de los consumidores.<\/div><\/div>\n\n<\/div><\/div><\/div><div id=\"tm-column-inner-69f2d23d7d6ea\" class=\"wpb_column vc_column_container vc_col-sm-6\"><div class=\"vc_column-inner\"><div class=\"wpb_wrapper\"><div class=\"tm-spacer\" id=\"tm-spacer-69f2d23d7daf8\"><\/div>\n<\/div><\/div><\/div><\/div><\/div><\/div><\/div><\/div><div class=\"vc_row-full-width vc_clearfix\"><\/div><div id=\"tm-row-69f2d23d7dc13\" data-vc-full-width=\"true\" data-vc-full-width-init=\"false\" class=\"vc_row vc_row-outer vc_row-fluid\"><div id=\"tm-column-69f2d23d7de3c\" class=\"wpb_column vc_column_container vc_col-sm-12\"><div class=\"vc_column-inner\"><div class=\"wpb_wrapper\">\n<div class=\"tm-heading  center tm-animation move-up\" id=\"tm-heading-69f2d23d7e001\">\n\t<h2 class=\"heading\" ><mark>Servicios de red<\/mark><\/h2><\/div>\n\n\n<div class=\"tm-heading vc_custom_1688474292280  center tm-animation move-up\" id=\"tm-heading-69f2d23d7e2e3\">\n\t<h3 class=\"heading\" >Desde el dise\u00f1o inicial de la red hasta la implementaci\u00f3n y finalizaci\u00f3n, podemos desplegar expertos en redes capacitados y experimentados adecuados para cualquier proyecto. Beneficio de:<\/h3><\/div>\n\n<div class=\"tm-spacer\" id=\"tm-spacer-69f2d23d7e55d\"><\/div>\n<\/div><\/div><\/div><\/div><div class=\"vc_row-full-width vc_clearfix\"><\/div><div id=\"tm-row-69f2d23d7e641\" class=\"vc_row vc_row-outer vc_row-fluid learn_box\"><div id=\"tm-column-69f2d23d7e82d\" class=\"wpb_column vc_column_container vc_col-sm-12\"><div class=\"vc_column-inner\"><div class=\"wpb_wrapper\"><div id=\"tm-row-inner-69f2d23d7ea04\" class=\"vc_row vc_inner vc_row-fluid learn_box\"><div id=\"tm-column-inner-69f2d23d7ebfc\" class=\"wpb_column vc_column_container vc_col-sm-4\"><div class=\"vc_column-inner\"><div class=\"wpb_wrapper\"><div class=\"tm-box-icon  style-2 style-align-center tm-animation move-up\" id=\"tm-box-icon-69f2d23d7edb2\">\n\t\t<div class=\"content-wrap\">\n\n\t\t\t<div class=\"image\">\n\t\t\t<img decoding=\"async\" src=\"https:\/\/willowtechgroup.com\/wp-content\/uploads\/2023\/07\/Icon-45.svg\" alt=\"Icon 45\" \/>\t\t<\/div>\n\t\n\t\n\t<div class=\"content\">\n\t\t<div class=\"box-header\">\n\t\t\t\t\t\t\t<h4 class=\"heading\">\n\t\t\t\t\t\n\t\t\t\t\t\tSeguridades\n\t\t\t\t\t\t\n\t\t\t\t<\/h4>\n\t\t\t\t\t<\/div>\n\n\t\t\t\t\t<div class=\"text\">Conf\u00ede el dise\u00f1o, gesti\u00f3n y seguimiento del proyecto a un equipo de profesionales capacitados.<\/div>\t\t\n\t\t\t\t\t\t\t\n\t\t\t<\/div>\n<\/div>\n<\/div>\n<\/div><\/div><\/div><div id=\"tm-column-inner-69f2d23d7fe20\" class=\"wpb_column vc_column_container vc_col-sm-4\"><div class=\"vc_column-inner\"><div class=\"wpb_wrapper\"><div class=\"tm-box-icon  style-2 style-align-center tm-animation move-up\" id=\"tm-box-icon-69f2d23d7ffcd\">\n\t\t<div class=\"content-wrap\">\n\n\t\t\t<div class=\"image\">\n\t\t\t<img decoding=\"async\" src=\"https:\/\/willowtechgroup.com\/wp-content\/uploads\/2023\/07\/Icon-47.svg\" alt=\"Icon 47\" \/>\t\t<\/div>\n\t\n\t\n\t<div class=\"content\">\n\t\t<div class=\"box-header\">\n\t\t\t\t\t\t\t<h4 class=\"heading\">\n\t\t\t\t\t\n\t\t\t\t\t\tControl de presupuesto.\n\t\t\t\t\t\t\n\t\t\t\t<\/h4>\n\t\t\t\t\t<\/div>\n\n\t\t\t\t\t<div class=\"text\">Costos de implementaci\u00f3n reducidos y finalizaci\u00f3n oportuna del proyecto como est\u00e1ndar.<\/div>\t\t\n\t\t\t\t\t\t\t\n\t\t\t<\/div>\n<\/div>\n<\/div>\n<\/div><\/div><\/div><div id=\"tm-column-inner-69f2d23d80ed7\" class=\"wpb_column vc_column_container vc_col-sm-4\"><div class=\"vc_column-inner\"><div class=\"wpb_wrapper\"><div class=\"tm-box-icon  style-2 style-align-center tm-animation move-up\" id=\"tm-box-icon-69f2d23d81077\">\n\t\t<div class=\"content-wrap\">\n\n\t\t\t<div class=\"image\">\n\t\t\t<img decoding=\"async\" src=\"https:\/\/willowtechgroup.com\/wp-content\/uploads\/2023\/07\/Icon-46.svg\" alt=\"Icon 46\" \/>\t\t<\/div>\n\t\n\t\n\t<div class=\"content\">\n\t\t<div class=\"box-header\">\n\t\t\t\t\t\t\t<h4 class=\"heading\">\n\t\t\t\t\t\n\t\t\t\t\t\tCumplimiento.\n\t\t\t\t\t\t\n\t\t\t\t<\/h4>\n\t\t\t\t\t<\/div>\n\n\t\t\t\t\t<div class=\"text\">Las redes cumplen con todas las normas y legislaciones pertinentes, lo que le brinda mayor tranquilidad.<\/div>\t\t\n\t\t\t\t\t\t\t\n\t\t\t<\/div>\n<\/div>\n<\/div>\n<\/div><\/div><\/div><\/div><\/div><\/div><\/div><\/div><div id=\"tm-row-69f2d23d81fae\" data-vc-full-width=\"true\" data-vc-full-width-init=\"false\" class=\"vc_row vc_row-outer vc_row-fluid\"><div id=\"tm-column-69f2d23d8224e\" class=\"wpb_column vc_column_container vc_col-sm-12\"><div class=\"vc_column-inner\"><div class=\"wpb_wrapper\"><div class=\"tm-spacer\" id=\"tm-spacer-69f2d23d823a6\"><\/div>\n<\/div><\/div><\/div><\/div><div class=\"vc_row-full-width vc_clearfix\"><\/div><div id=\"tm-row-69f2d23d82487\" data-vc-full-width=\"true\" data-vc-full-width-init=\"false\" class=\"vc_row vc_row-outer vc_row-fluid\"><div id=\"tm-column-69f2d23d8266d\" class=\"wpb_column vc_column_container vc_col-sm-12\"><div class=\"vc_column-inner\"><div class=\"wpb_wrapper\"><div id=\"tm-row-inner-69f2d23d8284e\" class=\"vc_row vc_inner vc_row-fluid vc_row-o-equal-height vc_row-flex\"><div id=\"tm-column-inner-69f2d23d82a39\" class=\"wpb_column vc_column_container vc_col-sm-6\"><div class=\"vc_column-inner\"><div class=\"wpb_wrapper\">\n<div class=\"tm-heading  left tm-animation move-up\" id=\"tm-heading-69f2d23d82c6f\">\n\t<h3 class=\"heading\" >Investigaci\u00f3n y desarrollo<\/h3><\/div>\n\n\n<div class=\"tm-heading vc_custom_1688464696404  left tm-animation move-up\" id=\"tm-heading-69f2d23d82f65\">\n\t<div class=\"heading\" >Las tecnolog\u00edas en r\u00e1pida evoluci\u00f3n significan que ninguna empresa puede darse el lujo de quedarse atr\u00e1s. Nuestro servicio de I+D facilita el ciclo de vida del producto de extremo a extremo para el desarrollo de productos de pr\u00f3xima generaci\u00f3n, desde el concepto y dise\u00f1o de I+D de Willow Tech Group Open Networks hasta la validaci\u00f3n y certificaci\u00f3n de productos y soluciones.<\/div><\/div>\n\n<\/div><\/div><\/div><div id=\"tm-column-inner-69f2d23d8327a\" class=\"wpb_column vc_column_container vc_col-sm-6\"><div class=\"vc_column-inner\"><div class=\"wpb_wrapper\"><div class=\"tm-spacer\" id=\"tm-spacer-69f2d23d8368d\"><\/div>\n<\/div><\/div><\/div><\/div><\/div><\/div><\/div><\/div><div class=\"vc_row-full-width vc_clearfix\"><\/div><div id=\"tm-row-69f2d23d837a2\" data-vc-full-width=\"true\" data-vc-full-width-init=\"false\" class=\"vc_row vc_row-outer vc_row-fluid\"><div id=\"tm-column-69f2d23d83996\" class=\"wpb_column vc_column_container vc_col-sm-12\"><div class=\"vc_column-inner\"><div class=\"wpb_wrapper\">\n<div class=\"tm-heading  center tm-animation move-up\" id=\"tm-heading-69f2d23d83ba0\">\n\t<h2 class=\"heading\" ><mark>Las transformaciones \u00e1giles de I+D ayudan con:<\/mark><\/h2><\/div>\n\n<div class=\"tm-spacer\" id=\"tm-spacer-69f2d23d83e63\"><\/div>\n<\/div><\/div><\/div><\/div><div class=\"vc_row-full-width vc_clearfix\"><\/div><div id=\"tm-row-69f2d23d83f43\" class=\"vc_row vc_row-outer vc_row-fluid\"><div id=\"tm-column-69f2d23d8412e\" class=\"wpb_column vc_column_container vc_col-sm-12\"><div class=\"vc_column-inner\"><div class=\"wpb_wrapper\"><div id=\"tm-row-inner-69f2d23d84309\" class=\"vc_row vc_inner vc_row-fluid ct-h\"><div id=\"tm-column-inner-69f2d23d844e3\" class=\"wpb_column vc_column_container vc_col-sm-6\"><div class=\"vc_column-inner\"><div class=\"wpb_wrapper\"><div class=\"tm-box-icon  style-2 style-align-center tm-animation move-up\" id=\"tm-box-icon-69f2d23d84686\">\n\t\t<div class=\"content-wrap\">\n\n\t\t\t<div class=\"image\">\n\t\t\t<img decoding=\"async\" src=\"https:\/\/willowtechgroup.com\/wp-content\/uploads\/2023\/07\/Icon-56.svg\" alt=\"Icon 56\" \/>\t\t<\/div>\n\t\n\t\n\t<div class=\"content\">\n\t\t<div class=\"box-header\">\n\t\t\t\t\t\t\t<h4 class=\"heading\">\n\t\t\t\t\t\n\t\t\t\t\t\tDesempe\u00f1o de operaciones\n\t\t\t\t\t\t\n\t\t\t\t<\/h4>\n\t\t\t\t\t<\/div>\n\n\t\t\t\t\t<div class=\"text\">Elimine el desperdicio en sus actividades y cadenas de suministro, optimice los costos y sea m\u00e1s eficiente. Los programas de cambio basados en principios lean, an\u00e1lisis de gastos, subcontrataci\u00f3n y m\u00e1s ayudan a maximizar el rendimiento de sus operaciones y mantener su presupuesto equilibrado.<\/div>\t\t\n\t\t\t\t\t\t\t\n\t\t\t<\/div>\n<\/div>\n<\/div>\n<\/div><\/div><\/div><div id=\"tm-column-inner-69f2d23d85691\" class=\"wpb_column vc_column_container vc_col-sm-6\"><div class=\"vc_column-inner\"><div class=\"wpb_wrapper\"><div class=\"tm-box-icon  style-2 style-align-center tm-animation move-up\" id=\"tm-box-icon-69f2d23d8583b\">\n\t\t<div class=\"content-wrap\">\n\n\t\t\t<div class=\"image\">\n\t\t\t<img decoding=\"async\" src=\"https:\/\/willowtechgroup.com\/wp-content\/uploads\/2023\/04\/Icon-7-2.svg\" alt=\"Icon 7 (2)\" \/>\t\t<\/div>\n\t\n\t\n\t<div class=\"content\">\n\t\t<div class=\"box-header\">\n\t\t\t\t\t\t\t<h4 class=\"heading\">\n\t\t\t\t\t\n\t\t\t\t\t\tDigitalizaci\u00f3n\n\t\t\t\t\t\t\n\t\t\t\t<\/h4>\n\t\t\t\t\t<\/div>\n\n\t\t\t\t\t<div class=\"text\">Explote la digitalizaci\u00f3n extrayendo el m\u00e1ximo valor de los datos utilizando an\u00e1lisis de datos y herramientas como la IA. Mejore los servicios y desarrolle nuevas fuentes de ingresos mientras mantiene segura su infraestructura.<\/div>\t\t\n\t\t\t\t\t\t\t\n\t\t\t<\/div>\n<\/div>\n<\/div>\n<\/div><\/div><\/div><\/div><\/div><\/div><\/div><\/div><div id=\"tm-row-69f2d23d8687f\" data-vc-full-width=\"true\" data-vc-full-width-init=\"false\" class=\"vc_row vc_row-outer vc_row-fluid\"><div id=\"tm-column-69f2d23d86ae2\" class=\"wpb_column vc_column_container vc_col-sm-12\"><div class=\"vc_column-inner\"><div class=\"wpb_wrapper\">\n<div class=\"tm-heading  center tm-animation move-up\" id=\"tm-heading-69f2d23d86cc2\">\n\t<h2 class=\"heading\" ><mark>Otros beneficios:<\/mark><\/h2><\/div>\n\n<\/div><\/div><\/div><\/div><div class=\"vc_row-full-width vc_clearfix\"><\/div><div id=\"tm-row-69f2d23d87001\" class=\"vc_row vc_row-outer vc_row-fluid min-h-ic-box\"><div id=\"tm-column-69f2d23d871ee\" class=\"wpb_column vc_column_container vc_col-sm-12\"><div class=\"vc_column-inner\"><div class=\"wpb_wrapper\"><div id=\"tm-row-inner-69f2d23d873c5\" class=\"vc_row vc_inner vc_row-fluid ct-h2\"><div id=\"tm-column-inner-69f2d23d8759d\" class=\"wpb_column vc_column_container vc_col-sm-6\"><div class=\"vc_column-inner\"><div class=\"wpb_wrapper\"><div class=\"tm-box-icon  style-2 style-align-center tm-animation move-up\" id=\"tm-box-icon-69f2d23d87724\">\n\t\t<div class=\"content-wrap\">\n\n\t\t\t<div class=\"image\">\n\t\t\t<img decoding=\"async\" src=\"https:\/\/willowtechgroup.com\/wp-content\/uploads\/2023\/07\/Icon-54.svg\" alt=\"Icon 54\" \/>\t\t<\/div>\n\t\n\t\n\t<div class=\"content\">\n\t\t<div class=\"box-header\">\n\t\t\t\t\t<\/div>\n\n\t\t\n\t\t\t\t\t\t\t\t\t<ul class=\"box-icon-list\">\n\t\t\t\t\t<li><i class=\"fas fa-check\"><\/i>Mantenimiento rentable del producto <\/li>\n\t\t\t\t<\/ul>\n\t\t\t\t\t\t\t\t\t\t\t\t<ul class=\"box-icon-list\">\n\t\t\t\t\t<li><i class=\"fas fa-check\"><\/i>Mejoras de funciones y soporte para productos heredados<\/li>\n\t\t\t\t<\/ul>\n\t\t\t\t\t\t\t\t\t\t\t\t<ul class=\"box-icon-list\">\n\t\t\t\t\t<li><i class=\"fas fa-check\"><\/i>Supere los desaf\u00edos con herramientas y procesos de integraci\u00f3n<\/li>\n\t\t\t\t<\/ul>\n\t\t\t\t\t\n\t\t\t<\/div>\n<\/div>\n<\/div>\n<\/div><\/div><\/div><div id=\"tm-column-inner-69f2d23d88652\" class=\"wpb_column vc_column_container vc_col-sm-6\"><div class=\"vc_column-inner\"><div class=\"wpb_wrapper\"><div class=\"tm-box-icon  style-2 style-align-center tm-animation move-up\" id=\"tm-box-icon-69f2d23d887f1\">\n\t\t<div class=\"content-wrap\">\n\n\t\t\t<div class=\"image\">\n\t\t\t<img decoding=\"async\" src=\"https:\/\/willowtechgroup.com\/wp-content\/uploads\/2023\/07\/Icon-55.svg\" alt=\"Icon 55\" \/>\t\t<\/div>\n\t\n\t\n\t<div class=\"content\">\n\t\t<div class=\"box-header\">\n\t\t\t\t\t<\/div>\n\n\t\t\n\t\t\t\t\t\t\t\t\t<ul class=\"box-icon-list\">\n\t\t\t\t\t<li><i class=\"fas fa-check\"><\/i>Mejorar las experiencias de los usuarios<\/li>\n\t\t\t\t<\/ul>\n\t\t\t\t\t\t\t\t\t\t\t\t<ul class=\"box-icon-list\">\n\t\t\t\t\t<li><i class=\"fas fa-check\"><\/i>Mejorar la satisfacci\u00f3n del cliente<\/li>\n\t\t\t\t<\/ul>\n\t\t\t\t\t\t\t\t\t\t\t\t<ul class=\"box-icon-list\">\n\t\t\t\t\t<li><i class=\"fas fa-check\"><\/i>Aceleraci\u00f3n del time to market de productos y soluciones diferenciadas<\/li>\n\t\t\t\t<\/ul>\n\t\t\t\t\t\n\t\t\t<\/div>\n<\/div>\n<\/div>\n<\/div><\/div><\/div><\/div><\/div><\/div><\/div><\/div>\n<\/section>","protected":false},"excerpt":{"rendered":"Redes abiertas e I+D Posicione su negocio para lograr el \u00e9xito a largo plazo en el panorama de las telecomunicaciones en r\u00e1pida evoluci\u00f3n con servicios de redes abiertas. Al derribar barreras, fomentar la competencia y empoderar a los consumidores, las redes abiertas han abierto nuevas posibilidades de colaboraci\u00f3n e innovaci\u00f3n y han dado forma a un futuro m\u00e1s conectado, competitivo y centrado en el consumidor. Redes abiertas e I+D La investigaci\u00f3n y el desarrollo son un componente vital de la industria de las telecomunicaciones, ya que impulsan la innovaci\u00f3n, impulsan el avance tecnol\u00f3gico y una mayor rentabilidad y crecimiento. La I+D se centra en gran medida en mejorar la infraestructura, ser pionera en nuevas tecnolog\u00edas y ofrecer servicios innovadores para satisfacer las demandas cambiantes de los consumidores. Servicios de red Desde el dise\u00f1o inicial de la red hasta la implementaci\u00f3n y finalizaci\u00f3n, podemos desplegar expertos en redes capacitados y experimentados adecuados para cualquier proyecto. Benef\u00edciese de: Tranquilidad Conf\u00ede el dise\u00f1o, la gesti\u00f3n y el seguimiento del proyecto a un equipo de profesionales capacitados. Control de presupuesto. Costos de implementaci\u00f3n reducidos y finalizaci\u00f3n oportuna del proyecto como est\u00e1ndar. Cumplimiento. Las redes cumplen con todas las normas y legislaciones pertinentes, lo que le brinda mayor tranquilidad. Investigaci\u00f3n y desarrollo Las tecnolog\u00edas en r\u00e1pida evoluci\u00f3n significan que ninguna empresa puede darse el lujo de quedarse atr\u00e1s. Nuestro servicio de I+D facilita el ciclo de vida del producto de extremo a extremo para el desarrollo de productos de pr\u00f3xima generaci\u00f3n, desde el concepto y dise\u00f1o de I+D de Willow Tech Group Open Networks hasta la validaci\u00f3n y certificaci\u00f3n de productos y soluciones. Las transformaciones \u00e1giles de I+D ayudan con: El rendimiento de las operaciones Elimine el desperdicio en sus actividades y cadenas de suministro, optimice los costos y sea m\u00e1s eficiente. Los programas de cambio basados en principios lean, an\u00e1lisis de gastos, subcontrataci\u00f3n y m\u00e1s ayudan a maximizar el rendimiento de sus operaciones y mantener su presupuesto equilibrado. Digitalizaci\u00f3n Explotar la digitalizaci\u00f3n extrayendo el m\u00e1ximo valor de los datos utilizando an\u00e1lisis de datos y herramientas como la IA. Mejore los servicios y desarrolle nuevas fuentes de ingresos mientras mantiene segura su infraestructura. Otros beneficios: Mantenimiento rentable del producto Mejoras de funciones y soporte para productos heredados Supere los desaf\u00edos con herramientas y procesos de integraci\u00f3n Mejore las experiencias del usuario Mejore la satisfacci\u00f3n del cliente Aceleraci\u00f3n del tiempo de comercializaci\u00f3n de productos y soluciones diferenciados","protected":false},"author":1,"featured_media":0,"parent":0,"menu_order":0,"comment_status":"closed","ping_status":"closed","template":"","meta":{"content-type":"","footnotes":""},"class_list":["post-3817","page","type-page","status-publish","hentry"],"yoast_head":"<!-- This site is optimized with the Yoast SEO plugin v27.4 - https:\/\/yoast.com\/product\/yoast-seo-wordpress\/ -->\n<title>Open Networks and R&amp;D - WillowTech Group<\/title>\n<meta name=\"robots\" content=\"index, follow, max-snippet:-1, max-image-preview:large, max-video-preview:-1\" \/>\n<link rel=\"canonical\" href=\"https:\/\/willowtechgroup.com\/es\/open-networks-and-rd\/\" \/>\n<meta property=\"og:locale\" content=\"es_ES\" \/>\n<meta property=\"og:type\" content=\"article\" \/>\n<meta property=\"og:title\" content=\"Open Networks and R&amp;D - WillowTech Group\" \/>\n<meta property=\"og:url\" content=\"https:\/\/willowtechgroup.com\/es\/open-networks-and-rd\/\" \/>\n<meta property=\"og:site_name\" content=\"WillowTech Group\" \/>\n<meta property=\"article:modified_time\" content=\"2023-10-04T10:37:03+00:00\" \/>\n<meta name=\"twitter:card\" content=\"summary_large_image\" \/>\n<meta name=\"twitter:label1\" content=\"Tiempo de lectura\" \/>\n\t<meta name=\"twitter:data1\" content=\"5 minutos\" \/>\n<script type=\"application\/ld+json\" class=\"yoast-schema-graph\">{\"@context\":\"https:\\\/\\\/schema.org\",\"@graph\":[{\"@type\":\"WebPage\",\"@id\":\"https:\\\/\\\/willowtechgroup.com\\\/open-networks-and-rd\\\/\",\"url\":\"https:\\\/\\\/willowtechgroup.com\\\/open-networks-and-rd\\\/\",\"name\":\"Open Networks and R&D - WillowTech Group\",\"isPartOf\":{\"@id\":\"https:\\\/\\\/willowtechgroup.com\\\/#website\"},\"datePublished\":\"2023-07-03T12:53:07+00:00\",\"dateModified\":\"2023-10-04T10:37:03+00:00\",\"breadcrumb\":{\"@id\":\"https:\\\/\\\/willowtechgroup.com\\\/open-networks-and-rd\\\/#breadcrumb\"},\"inLanguage\":\"es\",\"potentialAction\":[{\"@type\":\"ReadAction\",\"target\":[\"https:\\\/\\\/willowtechgroup.com\\\/open-networks-and-rd\\\/\"]}]},{\"@type\":\"BreadcrumbList\",\"@id\":\"https:\\\/\\\/willowtechgroup.com\\\/open-networks-and-rd\\\/#breadcrumb\",\"itemListElement\":[{\"@type\":\"ListItem\",\"position\":1,\"name\":\"Home\",\"item\":\"https:\\\/\\\/willowtechgroup.com\\\/\"},{\"@type\":\"ListItem\",\"position\":2,\"name\":\"Open Networks and R&#038;D\"}]},{\"@type\":\"WebSite\",\"@id\":\"https:\\\/\\\/willowtechgroup.com\\\/#website\",\"url\":\"https:\\\/\\\/willowtechgroup.com\\\/\",\"name\":\"WillowTech Group\",\"description\":\"IT Consultation &amp; Services\",\"publisher\":{\"@id\":\"https:\\\/\\\/willowtechgroup.com\\\/#organization\"},\"potentialAction\":[{\"@type\":\"SearchAction\",\"target\":{\"@type\":\"EntryPoint\",\"urlTemplate\":\"https:\\\/\\\/willowtechgroup.com\\\/?s={search_term_string}\"},\"query-input\":{\"@type\":\"PropertyValueSpecification\",\"valueRequired\":true,\"valueName\":\"search_term_string\"}}],\"inLanguage\":\"es\"},{\"@type\":\"Organization\",\"@id\":\"https:\\\/\\\/willowtechgroup.com\\\/#organization\",\"name\":\"WillowTech Group\",\"url\":\"https:\\\/\\\/willowtechgroup.com\\\/\",\"logo\":{\"@type\":\"ImageObject\",\"inLanguage\":\"es\",\"@id\":\"https:\\\/\\\/willowtechgroup.com\\\/#\\\/schema\\\/logo\\\/image\\\/\",\"url\":\"https:\\\/\\\/willowtechgroup.com\\\/wp-content\\\/uploads\\\/2018\\\/10\\\/Logo-290X70-3.svg\",\"contentUrl\":\"https:\\\/\\\/willowtechgroup.com\\\/wp-content\\\/uploads\\\/2018\\\/10\\\/Logo-290X70-3.svg\",\"width\":\"1024\",\"height\":\"1024\",\"caption\":\"WillowTech Group\"},\"image\":{\"@id\":\"https:\\\/\\\/willowtechgroup.com\\\/#\\\/schema\\\/logo\\\/image\\\/\"}}]}<\/script>\n<!-- \/ Yoast SEO plugin. -->","yoast_head_json":{"title":"Open Networks and R&D - WillowTech Group","robots":{"index":"index","follow":"follow","max-snippet":"max-snippet:-1","max-image-preview":"max-image-preview:large","max-video-preview":"max-video-preview:-1"},"canonical":"https:\/\/willowtechgroup.com\/es\/open-networks-and-rd\/","og_locale":"es_ES","og_type":"article","og_title":"Open Networks and R&D - WillowTech Group","og_url":"https:\/\/willowtechgroup.com\/es\/open-networks-and-rd\/","og_site_name":"WillowTech Group","article_modified_time":"2023-10-04T10:37:03+00:00","twitter_card":"summary_large_image","twitter_misc":{"Tiempo de lectura":"5 minutos"},"schema":{"@context":"https:\/\/schema.org","@graph":[{"@type":"WebPage","@id":"https:\/\/willowtechgroup.com\/open-networks-and-rd\/","url":"https:\/\/willowtechgroup.com\/open-networks-and-rd\/","name":"Open Networks and R&D - WillowTech Group","isPartOf":{"@id":"https:\/\/willowtechgroup.com\/#website"},"datePublished":"2023-07-03T12:53:07+00:00","dateModified":"2023-10-04T10:37:03+00:00","breadcrumb":{"@id":"https:\/\/willowtechgroup.com\/open-networks-and-rd\/#breadcrumb"},"inLanguage":"es","potentialAction":[{"@type":"ReadAction","target":["https:\/\/willowtechgroup.com\/open-networks-and-rd\/"]}]},{"@type":"BreadcrumbList","@id":"https:\/\/willowtechgroup.com\/open-networks-and-rd\/#breadcrumb","itemListElement":[{"@type":"ListItem","position":1,"name":"Home","item":"https:\/\/willowtechgroup.com\/"},{"@type":"ListItem","position":2,"name":"Open Networks and R&#038;D"}]},{"@type":"WebSite","@id":"https:\/\/willowtechgroup.com\/#website","url":"https:\/\/willowtechgroup.com\/","name":"Grupo Willow Tech","description":"Consultor\u00eda y servicios de TI","publisher":{"@id":"https:\/\/willowtechgroup.com\/#organization"},"potentialAction":[{"@type":"SearchAction","target":{"@type":"EntryPoint","urlTemplate":"https:\/\/willowtechgroup.com\/?s={search_term_string}"},"query-input":{"@type":"PropertyValueSpecification","valueRequired":true,"valueName":"search_term_string"}}],"inLanguage":"es"},{"@type":"Organization","@id":"https:\/\/willowtechgroup.com\/#organization","name":"Grupo Willow Tech","url":"https:\/\/willowtechgroup.com\/","logo":{"@type":"ImageObject","inLanguage":"es","@id":"https:\/\/willowtechgroup.com\/#\/schema\/logo\/image\/","url":"https:\/\/willowtechgroup.com\/wp-content\/uploads\/2018\/10\/Logo-290X70-3.svg","contentUrl":"https:\/\/willowtechgroup.com\/wp-content\/uploads\/2018\/10\/Logo-290X70-3.svg","width":"1024","height":"1024","caption":"WillowTech Group"},"image":{"@id":"https:\/\/willowtechgroup.com\/#\/schema\/logo\/image\/"}}]}},"_links":{"self":[{"href":"https:\/\/willowtechgroup.com\/es\/wp-json\/wp\/v2\/pages\/3817","targetHints":{"allow":["GET"]}}],"collection":[{"href":"https:\/\/willowtechgroup.com\/es\/wp-json\/wp\/v2\/pages"}],"about":[{"href":"https:\/\/willowtechgroup.com\/es\/wp-json\/wp\/v2\/types\/page"}],"author":[{"embeddable":true,"href":"https:\/\/willowtechgroup.com\/es\/wp-json\/wp\/v2\/users\/1"}],"replies":[{"embeddable":true,"href":"https:\/\/willowtechgroup.com\/es\/wp-json\/wp\/v2\/comments?post=3817"}],"version-history":[{"count":0,"href":"https:\/\/willowtechgroup.com\/es\/wp-json\/wp\/v2\/pages\/3817\/revisions"}],"wp:attachment":[{"href":"https:\/\/willowtechgroup.com\/es\/wp-json\/wp\/v2\/media?parent=3817"}],"curies":[{"name":"gracias","href":"https:\/\/api.w.org\/{rel}","templated":true}]}}