{"id":3870,"date":"2023-07-04T10:20:51","date_gmt":"2023-07-04T09:20:51","guid":{"rendered":"https:\/\/willowtechgroup.com\/?page_id=3870"},"modified":"2023-10-03T12:02:24","modified_gmt":"2023-10-03T11:02:24","slug":"fixed-network","status":"publish","type":"page","link":"https:\/\/willowtechgroup.com\/es\/fixed-network\/","title":{"rendered":"Red Fija"},"content":{"rendered":"<section class=\"wpb-content-wrapper\"><div id=\"tm-row-69d28f0adede3\" data-vc-full-width=\"true\" data-vc-full-width-init=\"false\" class=\"vc_row vc_row-outer vc_row-fluid\"><div id=\"tm-column-69d28f0adf2dd\" class=\"wpb_column vc_column_container vc_col-sm-12\"><div class=\"vc_column-inner\"><div class=\"wpb_wrapper\">\n<div class=\"tm-heading  center tm-animation move-up\" id=\"tm-heading-69d28f0adf67a\">\n\t<h2 class=\"heading\" ><mark>Red Fija<\/mark><\/h2><\/div>\n\n<div class=\"tm-spacer\" id=\"tm-spacer-69d28f0adfbf1\"><\/div>\n\n<div class=\"tm-heading mg-top-heading  center tm-animation move-up\" id=\"tm-heading-69d28f0adfcf8\">\n\t<div class=\"heading\" >Soluciones de transformaci\u00f3n de redes fijas que permiten a los operadores evolucionar y transformar redes de comunicaciones desde entornos heredados a arquitecturas IP seguras basadas en la nube que pueden ofrecer conectividad de red r\u00e1pida y confiable incluso en las ubicaciones m\u00e1s remotas.<\/div><\/div>\n\n<div class=\"tm-spacer\" id=\"tm-spacer-69d28f0ae01dd\"><\/div>\n<\/div><\/div><\/div><\/div><div class=\"vc_row-full-width vc_clearfix\"><\/div><div id=\"tm-row-69d28f0ae0390\" data-vc-full-width=\"true\" data-vc-full-width-init=\"false\" class=\"vc_row vc_row-outer vc_row-fluid\"><div id=\"tm-column-69d28f0ae0a38\" class=\"wpb_column vc_column_container vc_col-sm-12\"><div class=\"vc_column-inner\"><div class=\"wpb_wrapper\"><div id=\"tm-row-inner-69d28f0ae0e03\" class=\"vc_row vc_inner vc_row-fluid vc_row-o-equal-height vc_row-flex\"><div id=\"tm-column-inner-69d28f0ae11df\" class=\"wpb_column vc_column_container vc_col-sm-6\"><div class=\"vc_column-inner\"><div class=\"wpb_wrapper\">\n<div class=\"tm-heading  left tm-animation move-up\" id=\"tm-heading-69d28f0ae1430\">\n\t<h3 class=\"heading\" >Red Fija<\/h3><\/div>\n\n\n<div class=\"tm-heading vc_custom_1688462546269  left tm-animation move-up\" id=\"tm-heading-69d28f0ae17f9\">\n\t<div class=\"heading\" >Los servicios de redes fijas pueden abarcar todas las etapas de un proyecto de telecomunicaciones, desde los estudios de viabilidad hasta la certificaci\u00f3n. Nuestros t\u00e9cnicos tienen experiencia en todos los aspectos de las redes fijas, desde el dise\u00f1o y la recopilaci\u00f3n de datos de campo y son especialistas en mapeo SIG para la generaci\u00f3n de datos, as\u00ed como gerentes de proyectos.<\/div><\/div>\n\n<\/div><\/div><\/div><div id=\"tm-column-inner-69d28f0ae1cc3\" class=\"wpb_column vc_column_container vc_col-sm-6\"><div class=\"vc_column-inner\"><div class=\"wpb_wrapper\"><div class=\"tm-spacer\" id=\"tm-spacer-69d28f0ae2099\"><\/div>\n<\/div><\/div><\/div><\/div><\/div><\/div><\/div><\/div><div class=\"vc_row-full-width vc_clearfix\"><\/div><div id=\"tm-row-69d28f0ae2224\" data-vc-full-width=\"true\" data-vc-full-width-init=\"false\" class=\"vc_row vc_row-outer vc_row-fluid\"><div id=\"tm-column-69d28f0ae25c8\" class=\"wpb_column vc_column_container vc_col-sm-12\"><div class=\"vc_column-inner\"><div class=\"wpb_wrapper\">\n<div class=\"tm-heading  center tm-animation move-up\" id=\"tm-heading-69d28f0ae2911\">\n\t<h2 class=\"heading\" ><mark>Benef\u00edciese de servicios integrales de red fija que cubren:<\/mark><\/h2><\/div>\n\n<div class=\"tm-spacer\" id=\"tm-spacer-69d28f0ae2df0\"><\/div>\n<\/div><\/div><\/div><\/div><div class=\"vc_row-full-width vc_clearfix\"><\/div><div id=\"tm-row-69d28f0ae2f77\" class=\"vc_row vc_row-outer vc_row-fluid\"><div id=\"tm-column-69d28f0ae33b5\" class=\"wpb_column vc_column_container vc_col-sm-6\"><div class=\"vc_column-inner\"><div class=\"wpb_wrapper\"><div class=\"tm-box-icon  style-2 style-align-center tm-animation move-up\" id=\"tm-box-icon-69d28f0ae36e2\">\n\t\t<div class=\"content-wrap\">\n\n\t\t\t<div class=\"image\">\n\t\t\t<img decoding=\"async\" src=\"https:\/\/willowtechgroup.com\/wp-content\/uploads\/2023\/07\/Icon-53.svg\" alt=\"Icon 53\" \/>\t\t<\/div>\n\t\n\t\n\t<div class=\"content\">\n\t\t<div class=\"box-header\">\n\t\t\t\t\t<\/div>\n\n\t\t\n\t\t\t\t\t\t\t\t\t<ul class=\"box-icon-list\">\n\t\t\t\t\t<li><i class=\"fas fa-check\"><\/i>Estudios primarios de viabilidad de soluciones y planes de despliegue.<\/li>\n\t\t\t\t<\/ul>\n\t\t\t\t\t\t\t\t\t\t\t\t<ul class=\"box-icon-list\">\n\t\t\t\t\t<li><i class=\"fas fa-check\"><\/i>Propuesta, control y certificaci\u00f3n de presupuesto.<\/li>\n\t\t\t\t<\/ul>\n\t\t\t\t\t\t\t\t\t\t\t\t<ul class=\"box-icon-list\">\n\t\t\t\t\t<li><i class=\"fas fa-check\"><\/i>Desglose de cronograma y materiales.<\/li>\n\t\t\t\t<\/ul>\n\t\t\t\t\t\t\t\t\t\t\t\t<ul class=\"box-icon-list\">\n\t\t\t\t\t<li><i class=\"fas fa-check\"><\/i>gestion de proyectos de trabajo<\/li>\n\t\t\t\t<\/ul>\n\t\t\t\t\t\t\t\t\t\t\t\t<ul class=\"box-icon-list\">\n\t\t\t\t\t<li><i class=\"fas fa-check\"><\/i>Redes de enlace, distribuci\u00f3n e interiores.<\/li>\n\t\t\t\t<\/ul>\n\t\t\t\t\t\t\t\t\t\t\t\t<ul class=\"box-icon-list\">\n\t\t\t\t\t<li><i class=\"fas fa-check\"><\/i>Soporte t\u00e9cnico para despliegue de redes OF, peer-to-peer y coaxiales<\/li>\n\t\t\t\t<\/ul>\n\t\t\t\t\t\n\t\t\t<\/div>\n<\/div>\n<\/div>\n<\/div><\/div><\/div><div id=\"tm-column-69d28f0ae55bf\" class=\"wpb_column vc_column_container vc_col-sm-6\"><div class=\"vc_column-inner\"><div class=\"wpb_wrapper\"><div class=\"tm-box-icon  style-2 style-align-center tm-animation move-up\" id=\"tm-box-icon-69d28f0ae5765\">\n\t\t<div class=\"content-wrap\">\n\n\t\t\t<div class=\"image\">\n\t\t\t<img decoding=\"async\" src=\"https:\/\/willowtechgroup.com\/wp-content\/uploads\/2023\/07\/Icon-52.svg\" alt=\"Icon 52\" \/>\t\t<\/div>\n\t\n\t\n\t<div class=\"content\">\n\t\t<div class=\"box-header\">\n\t\t\t\t\t<\/div>\n\n\t\t\n\t\t\t\t\t\t\t\t\t<ul class=\"box-icon-list\">\n\t\t\t\t\t<li><i class=\"fas fa-check\"><\/i>Salas t\u00e9cnicas<\/li>\n\t\t\t\t<\/ul>\n\t\t\t\t\t\t\t\t\t\t\t\t<ul class=\"box-icon-list\">\n\t\t\t\t\t<li><i class=\"fas fa-check\"><\/i>Medidas de calidad<\/li>\n\t\t\t\t<\/ul>\n\t\t\t\t\t\t\t\t\t\t\t\t<ul class=\"box-icon-list\">\n\t\t\t\t\t<li><i class=\"fas fa-check\"><\/i>Gesti\u00f3n de permisos p\u00fablicos\/privados.<\/li>\n\t\t\t\t<\/ul>\n\t\t\t\t\t\t\t\t\t\t\t\t<ul class=\"box-icon-list\">\n\t\t\t\t\t<li><i class=\"fas fa-check\"><\/i>Definici\u00f3n de SLA y redacci\u00f3n de informes.<\/li>\n\t\t\t\t<\/ul>\n\t\t\t\t\t\t\t\t\t\t\t\t<ul class=\"box-icon-list\">\n\t\t\t\t\t<li><i class=\"fas fa-check\"><\/i>Certificaci\u00f3n de finalizaci\u00f3n del trabajo<\/li>\n\t\t\t\t<\/ul>\n\t\t\t\t\t\n\t\t\t<\/div>\n<\/div>\n<\/div>\n<\/div><\/div><\/div><\/div><div id=\"tm-row-69d28f0ae66cd\" data-vc-full-width=\"true\" data-vc-full-width-init=\"false\" data-vc-stretch-content=\"true\" class=\"vc_row vc_row-outer vc_row-fluid vc_row-o-content-middle vc_row-flex\"><div id=\"tm-column-69d28f0ae6a64\" class=\"wpb_column vc_column_container vc_col-sm-12\"><div class=\"vc_column-inner\"><div class=\"wpb_wrapper\">\n<div class=\"tm-heading modern-icon center tm-animation move-up\" id=\"tm-heading-69d28f0ae6d93\">\n\t<h4 class=\"heading\" >Disfrute de la tranquilidad de delegar cada etapa de la implementaci\u00f3n de su red fija a especialistas capacitados y con experiencia. Benef\u00edciese de la rentabilidad como resultado de la reducci\u00f3n de los costos de implementaci\u00f3n y la finalizaci\u00f3n oportuna de un proyecto que cumple con todos los est\u00e1ndares y la legislaci\u00f3n pertinentes.<\/h4><\/div>\n\n<\/div><\/div><\/div><\/div><div class=\"vc_row-full-width vc_clearfix\"><\/div>\n<\/section>","protected":false},"excerpt":{"rendered":"Red fija Soluciones de transformaci\u00f3n de redes fijas que permiten a los operadores evolucionar y transformar redes de comunicaciones desde entornos heredados a arquitecturas IP seguras y basadas en la nube que pueden ofrecer conectividad de red r\u00e1pida y confiable incluso en las ubicaciones m\u00e1s remotas. Red fija Los servicios de red fija pueden abarcar todas las etapas de un proyecto de telecomunicaciones, desde estudios de viabilidad hasta la certificaci\u00f3n. Nuestros t\u00e9cnicos tienen experiencia en todos los aspectos de las redes fijas, desde el dise\u00f1o y la recopilaci\u00f3n de datos de campo y son especialistas en mapeo SIG para la generaci\u00f3n de datos, as\u00ed como gerentes de proyectos. Benef\u00edciese de servicios integrales de redes fijas que cubren: Estudios primarios de viabilidad de soluciones y planes de despliegue Propuesta de presupuesto, control y certificaci\u00f3n Desglose de cronogramas y materiales Gesti\u00f3n de proyectos de obra Redes de enlaces, distribuci\u00f3n e interiores Soporte t\u00e9cnico para despliegue de redes OF, peer-to-peer y coaxiales Salas t\u00e9cnicas Mediciones de calidad Gesti\u00f3n de permisos p\u00fablicos\/privados Definici\u00f3n de SLA y redacci\u00f3n de informes Certificaci\u00f3n de finalizaci\u00f3n del trabajo Disfrute de la tranquilidad de delegar cada etapa de la implementaci\u00f3n de su red fija a especialistas capacitados y experimentados. Benef\u00edciese de la rentabilidad como resultado de la reducci\u00f3n de los costos de implementaci\u00f3n y la finalizaci\u00f3n oportuna de un proyecto que cumple con todos los est\u00e1ndares y la legislaci\u00f3n pertinentes.","protected":false},"author":1,"featured_media":0,"parent":0,"menu_order":0,"comment_status":"closed","ping_status":"closed","template":"","meta":{"content-type":"","footnotes":""},"class_list":["post-3870","page","type-page","status-publish","hentry"],"yoast_head":"<!-- This site is optimized with the Yoast SEO plugin v25.2 - https:\/\/yoast.com\/wordpress\/plugins\/seo\/ -->\n<title>Fixed Network - WillowTech Group<\/title>\n<meta name=\"robots\" content=\"index, follow, max-snippet:-1, max-image-preview:large, max-video-preview:-1\" \/>\n<link rel=\"canonical\" href=\"https:\/\/willowtechgroup.com\/es\/fixed-network\/\" \/>\n<meta property=\"og:locale\" content=\"es_ES\" \/>\n<meta property=\"og:type\" content=\"article\" \/>\n<meta property=\"og:title\" content=\"Fixed Network - WillowTech Group\" \/>\n<meta property=\"og:url\" content=\"https:\/\/willowtechgroup.com\/es\/fixed-network\/\" \/>\n<meta property=\"og:site_name\" content=\"WillowTech Group\" \/>\n<meta property=\"article:modified_time\" content=\"2023-10-03T11:02:24+00:00\" \/>\n<meta name=\"twitter:card\" content=\"summary_large_image\" \/>\n<meta name=\"twitter:label1\" content=\"Tiempo de lectura\" \/>\n\t<meta name=\"twitter:data1\" content=\"3 minutos\" \/>\n<script type=\"application\/ld+json\" class=\"yoast-schema-graph\">{\"@context\":\"https:\/\/schema.org\",\"@graph\":[{\"@type\":\"WebPage\",\"@id\":\"https:\/\/willowtechgroup.com\/fixed-network\/\",\"url\":\"https:\/\/willowtechgroup.com\/fixed-network\/\",\"name\":\"Fixed Network - WillowTech Group\",\"isPartOf\":{\"@id\":\"https:\/\/willowtechgroup.com\/#website\"},\"datePublished\":\"2023-07-04T09:20:51+00:00\",\"dateModified\":\"2023-10-03T11:02:24+00:00\",\"breadcrumb\":{\"@id\":\"https:\/\/willowtechgroup.com\/fixed-network\/#breadcrumb\"},\"inLanguage\":\"es\",\"potentialAction\":[{\"@type\":\"ReadAction\",\"target\":[\"https:\/\/willowtechgroup.com\/fixed-network\/\"]}]},{\"@type\":\"BreadcrumbList\",\"@id\":\"https:\/\/willowtechgroup.com\/fixed-network\/#breadcrumb\",\"itemListElement\":[{\"@type\":\"ListItem\",\"position\":1,\"name\":\"Home\",\"item\":\"https:\/\/willowtechgroup.com\/\"},{\"@type\":\"ListItem\",\"position\":2,\"name\":\"Fixed Network\"}]},{\"@type\":\"WebSite\",\"@id\":\"https:\/\/willowtechgroup.com\/#website\",\"url\":\"https:\/\/willowtechgroup.com\/\",\"name\":\"WillowTech Group\",\"description\":\"IT Consultation &amp; Services\",\"publisher\":{\"@id\":\"https:\/\/willowtechgroup.com\/#organization\"},\"potentialAction\":[{\"@type\":\"SearchAction\",\"target\":{\"@type\":\"EntryPoint\",\"urlTemplate\":\"https:\/\/willowtechgroup.com\/?s={search_term_string}\"},\"query-input\":{\"@type\":\"PropertyValueSpecification\",\"valueRequired\":true,\"valueName\":\"search_term_string\"}}],\"inLanguage\":\"es\"},{\"@type\":\"Organization\",\"@id\":\"https:\/\/willowtechgroup.com\/#organization\",\"name\":\"WillowTech Group\",\"url\":\"https:\/\/willowtechgroup.com\/\",\"logo\":{\"@type\":\"ImageObject\",\"inLanguage\":\"es\",\"@id\":\"https:\/\/willowtechgroup.com\/#\/schema\/logo\/image\/\",\"url\":\"https:\/\/willowtechgroup.com\/wp-content\/uploads\/2018\/10\/Logo-290X70-3.svg\",\"contentUrl\":\"https:\/\/willowtechgroup.com\/wp-content\/uploads\/2018\/10\/Logo-290X70-3.svg\",\"width\":\"1024\",\"height\":\"1024\",\"caption\":\"WillowTech Group\"},\"image\":{\"@id\":\"https:\/\/willowtechgroup.com\/#\/schema\/logo\/image\/\"}}]}<\/script>\n<!-- \/ Yoast SEO plugin. -->","yoast_head_json":{"title":"Red fija - Grupo WillowTech","robots":{"index":"index","follow":"follow","max-snippet":"max-snippet:-1","max-image-preview":"max-image-preview:large","max-video-preview":"max-video-preview:-1"},"canonical":"https:\/\/willowtechgroup.com\/es\/fixed-network\/","og_locale":"es_ES","og_type":"article","og_title":"Fixed Network - WillowTech Group","og_url":"https:\/\/willowtechgroup.com\/es\/fixed-network\/","og_site_name":"WillowTech Group","article_modified_time":"2023-10-03T11:02:24+00:00","twitter_card":"summary_large_image","twitter_misc":{"Tiempo de lectura":"3 minutos"},"schema":{"@context":"https:\/\/schema.org","@graph":[{"@type":"WebPage","@id":"https:\/\/willowtechgroup.com\/fixed-network\/","url":"https:\/\/willowtechgroup.com\/fixed-network\/","name":"Red fija - Grupo WillowTech","isPartOf":{"@id":"https:\/\/willowtechgroup.com\/#website"},"datePublished":"2023-07-04T09:20:51+00:00","dateModified":"2023-10-03T11:02:24+00:00","breadcrumb":{"@id":"https:\/\/willowtechgroup.com\/fixed-network\/#breadcrumb"},"inLanguage":"es","potentialAction":[{"@type":"ReadAction","target":["https:\/\/willowtechgroup.com\/fixed-network\/"]}]},{"@type":"BreadcrumbList","@id":"https:\/\/willowtechgroup.com\/fixed-network\/#breadcrumb","itemListElement":[{"@type":"ListItem","position":1,"name":"Home","item":"https:\/\/willowtechgroup.com\/"},{"@type":"ListItem","position":2,"name":"Fixed Network"}]},{"@type":"WebSite","@id":"https:\/\/willowtechgroup.com\/#website","url":"https:\/\/willowtechgroup.com\/","name":"Grupo Willow Tech","description":"Consultor\u00eda y servicios de TI","publisher":{"@id":"https:\/\/willowtechgroup.com\/#organization"},"potentialAction":[{"@type":"SearchAction","target":{"@type":"EntryPoint","urlTemplate":"https:\/\/willowtechgroup.com\/?s={search_term_string}"},"query-input":{"@type":"PropertyValueSpecification","valueRequired":true,"valueName":"search_term_string"}}],"inLanguage":"es"},{"@type":"Organization","@id":"https:\/\/willowtechgroup.com\/#organization","name":"Grupo Willow Tech","url":"https:\/\/willowtechgroup.com\/","logo":{"@type":"ImageObject","inLanguage":"es","@id":"https:\/\/willowtechgroup.com\/#\/schema\/logo\/image\/","url":"https:\/\/willowtechgroup.com\/wp-content\/uploads\/2018\/10\/Logo-290X70-3.svg","contentUrl":"https:\/\/willowtechgroup.com\/wp-content\/uploads\/2018\/10\/Logo-290X70-3.svg","width":"1024","height":"1024","caption":"WillowTech Group"},"image":{"@id":"https:\/\/willowtechgroup.com\/#\/schema\/logo\/image\/"}}]}},"_links":{"self":[{"href":"https:\/\/willowtechgroup.com\/es\/wp-json\/wp\/v2\/pages\/3870","targetHints":{"allow":["GET"]}}],"collection":[{"href":"https:\/\/willowtechgroup.com\/es\/wp-json\/wp\/v2\/pages"}],"about":[{"href":"https:\/\/willowtechgroup.com\/es\/wp-json\/wp\/v2\/types\/page"}],"author":[{"embeddable":true,"href":"https:\/\/willowtechgroup.com\/es\/wp-json\/wp\/v2\/users\/1"}],"replies":[{"embeddable":true,"href":"https:\/\/willowtechgroup.com\/es\/wp-json\/wp\/v2\/comments?post=3870"}],"version-history":[{"count":0,"href":"https:\/\/willowtechgroup.com\/es\/wp-json\/wp\/v2\/pages\/3870\/revisions"}],"wp:attachment":[{"href":"https:\/\/willowtechgroup.com\/es\/wp-json\/wp\/v2\/media?parent=3870"}],"curies":[{"name":"gracias","href":"https:\/\/api.w.org\/{rel}","templated":true}]}}