{"id":5010,"date":"2024-12-10T10:46:58","date_gmt":"2024-12-10T10:46:58","guid":{"rendered":"https:\/\/willowtechgroup.com\/?page_id=5010"},"modified":"2024-12-11T12:42:14","modified_gmt":"2024-12-11T12:42:14","slug":"compatible-optics-fibre-products-solutions","status":"publish","type":"page","link":"https:\/\/willowtechgroup.com\/es\/compatible-optics-fibre-products-solutions\/","title":{"rendered":"Soluciones de productos de fibra \u00f3ptica compatibles"},"content":{"rendered":"<section class=\"wpb-content-wrapper\"><div id=\"tm-row-69d290d1302a0\" data-vc-full-width=\"true\" data-vc-full-width-init=\"false\" class=\"vc_row vc_row-outer vc_row-fluid\"><div id=\"tm-column-69d290d13065b\" class=\"wpb_column vc_column_container vc_col-sm-12\"><div class=\"vc_column-inner\"><div class=\"wpb_wrapper\"><div class=\"tm-spacer\" id=\"tm-spacer-69d290d1307ee\"><\/div>\n\n<div class=\"tm-heading  center tm-animation move-up\" id=\"tm-heading-69d290d1308b2\">\n\t<h3 class=\"heading\" >Soluciones de productos de fibra y \u00f3ptica compatibles<\/h3><\/div>\n\n<div class=\"tm-spacer\" id=\"tm-spacer-69d290d130b62\"><\/div>\n\n<div class=\"tm-heading  center tm-animation move-up\" id=\"tm-heading-69d290d130bf3\">\n\t<div class=\"heading\" >Aproveche al m\u00e1ximo el rendimiento de su red con nuestras soluciones de productos de fibra \u00f3ptica y compatibles y confiables. Ofrecemos transceptores, cables de fibra y componentes de red de alta calidad dise\u00f1ados para satisfacer las demandas de los sistemas de telecomunicaciones modernos. Nuestros productos ofrecen un rendimiento superior, compatibilidad con las principales marcas y ahorro de costos en comparaci\u00f3n con las alternativas OEM.<\/div><\/div>\n\n<div class=\"tm-spacer\" id=\"tm-spacer-69d290d130e66\"><\/div>\n<\/div><\/div><\/div><\/div><div class=\"vc_row-full-width vc_clearfix\"><\/div><div id=\"tm-row-69d290d130f51\" data-vc-full-width=\"true\" data-vc-full-width-init=\"false\" class=\"vc_row vc_row-outer vc_row-fluid\"><div id=\"tm-column-69d290d13148e\" class=\"wpb_column vc_column_container vc_col-sm-12\"><div class=\"vc_column-inner\"><div class=\"wpb_wrapper\"><div id=\"tm-row-inner-69d290d131758\" class=\"vc_row vc_inner vc_row-fluid vc_row-o-equal-height vc_row-flex\"><div id=\"tm-column-inner-69d290d131a00\" class=\"wpb_column vc_column_container vc_col-sm-6\"><div class=\"vc_column-inner\"><div class=\"wpb_wrapper\">\n<div class=\"tm-heading  left tm-animation move-up\" id=\"tm-heading-69d290d131c32\">\n\t<h3 class=\"heading\" >Transceptores \u00f3pticos compatibles<\/h3><\/div>\n\n\n<div class=\"tm-heading vc_custom_1733899556929  left tm-animation move-up\" id=\"tm-heading-69d290d131f28\">\n\t<div class=\"heading\" >Nuestros transceptores compatibles funcionan a la perfecci\u00f3n con las principales marcas de telecomunicaciones y ofrecen una alternativa rentable sin sacrificar el rendimiento ni la confiabilidad. Cada transceptor se prueba y certifica exhaustivamente para garantizar una transferencia de datos de alta velocidad y un funcionamiento duradero.<\/div><\/div>\n\n\n\t<div class=\"wpb_text_column wpb_content_element\" >\n\t\t<div class=\"wpb_wrapper\">\n\t\t\t<h4><b>Las opciones del transceptor incluyen<\/b><\/h4>\n<ul>\n<li>M\u00f3dulos SFP, SFP+, QSFP y QSFP+<\/li>\n<li>Transceptores DWDM, CWDM y BiDi<\/li>\n<li>Opciones de transmisi\u00f3n de largo y corto alcance<\/li>\n<\/ul>\n<hr \/>\n<h4><b>Beneficios clave<\/b><\/h4>\n<ul>\n<li>Totalmente compatible con las principales marcas OEM<\/li>\n<li>Rentable en comparaci\u00f3n con los modelos de marca.<\/li>\n<li>Transmisi\u00f3n de datos de alta velocidad garantizada<\/li>\n<\/ul>\n\n\t\t<\/div>\n\t<\/div>\n<\/div><\/div><\/div><div id=\"tm-column-inner-69d290d1322da\" class=\"wpb_column vc_column_container vc_col-sm-6\"><div class=\"vc_column-inner\"><div class=\"wpb_wrapper\"><\/div><\/div><\/div><\/div><\/div><\/div><\/div><\/div><div class=\"vc_row-full-width vc_clearfix\"><\/div><div id=\"tm-row-69d290d132859\" data-vc-full-width=\"true\" data-vc-full-width-init=\"false\" class=\"vc_row vc_row-outer vc_row-fluid\"><div id=\"tm-column-69d290d132a75\" class=\"wpb_column vc_column_container vc_col-sm-12\"><div class=\"vc_column-inner\"><div class=\"wpb_wrapper\"><div id=\"tm-row-inner-69d290d132c5f\" class=\"vc_row vc_inner vc_row-fluid vc_row-o-equal-height vc_row-flex\"><div id=\"tm-column-inner-69d290d132e4a\" class=\"wpb_column vc_column_container vc_col-sm-6\"><div class=\"vc_column-inner\"><div class=\"wpb_wrapper\"><\/div><\/div><\/div><div id=\"tm-column-inner-69d290d1332bd\" class=\"wpb_column vc_column_container vc_col-sm-6\"><div class=\"vc_column-inner\"><div class=\"wpb_wrapper\">\n<div class=\"tm-heading  left tm-animation move-up\" id=\"tm-heading-69d290d1334bc\">\n\t<h3 class=\"heading\" >Cables de fibra \u00f3ptica y cables de conexi\u00f3n<\/h3><\/div>\n\n\n<div class=\"tm-heading vc_custom_1733899713056  left tm-animation move-up\" id=\"tm-heading-69d290d1337a7\">\n\t<div class=\"heading\" >Ofrecemos una amplia gama de cables de fibra \u00f3ptica y cables de conexi\u00f3n dise\u00f1ados para diversas aplicaciones de red. Ya sea que necesite cables monomodo o multimodo, tenemos las soluciones adecuadas para centros de datos, redes empresariales y proveedores de telecomunicaciones.<\/div><\/div>\n\n\n\t<div class=\"wpb_text_column wpb_content_element\" >\n\t\t<div class=\"wpb_wrapper\">\n\t\t\t<h4><b>Nuestros productos de fibra incluyen<\/b><\/h4>\n<ul>\n<li>Cables de fibra monomodo y multimodo<\/li>\n<li>Cables de conexi\u00f3n y pigtails de fibra<\/li>\n<li>Conjuntos de cables personalizados para configuraciones \u00fanicas<\/li>\n<\/ul>\n<hr \/>\n<h4><b>Beneficios clave<\/b><\/h4>\n<ul>\n<li>Componentes de alta durabilidad y dise\u00f1o de precisi\u00f3n.<\/li>\n<li>Baja p\u00e9rdida de inserci\u00f3n para un rendimiento \u00f3ptimo<\/li>\n<li>Longitudes y tipos de conectores personalizados disponibles<\/li>\n<\/ul>\n\n\t\t<\/div>\n\t<\/div>\n<\/div><\/div><\/div><\/div><\/div><\/div><\/div><\/div><div class=\"vc_row-full-width vc_clearfix\"><\/div><div id=\"tm-row-69d290d133b9f\" data-vc-full-width=\"true\" data-vc-full-width-init=\"false\" class=\"vc_row vc_row-outer vc_row-fluid\"><div id=\"tm-column-69d290d133d9b\" class=\"wpb_column vc_column_container vc_col-sm-12\"><div class=\"vc_column-inner\"><div class=\"wpb_wrapper\"><div id=\"tm-row-inner-69d290d133f7e\" class=\"vc_row vc_inner vc_row-fluid vc_row-o-equal-height vc_row-flex\"><div id=\"tm-column-inner-69d290d13416a\" class=\"wpb_column vc_column_container vc_col-sm-6\"><div class=\"vc_column-inner\"><div class=\"wpb_wrapper\">\n<div class=\"tm-heading  left tm-animation move-up\" id=\"tm-heading-69d290d13432d\">\n\t<h3 class=\"heading\" >Accesorios de conectividad de red<\/h3><\/div>\n\n\n<div class=\"tm-heading vc_custom_1733899730154  left tm-animation move-up\" id=\"tm-heading-69d290d134612\">\n\t<div class=\"heading\" >Complete su red con nuestra selecci\u00f3n de accesorios de conectividad compatibles, incluidos conversores de medios, paneles de conexi\u00f3n y divisores de red. Estos productos se integran perfectamente con su infraestructura de red existente, lo que permite actualizaciones y ampliaciones sin inconvenientes.<\/div><\/div>\n\n\n\t<div class=\"wpb_text_column wpb_content_element\" >\n\t\t<div class=\"wpb_wrapper\">\n\t\t\t<h4><b>Nuestros accesorios incluyen<\/b><\/h4>\n<ul>\n<li>Convertidores de medios para integraci\u00f3n de fibra a Ethernet<\/li>\n<li>Cajas de fibra, adaptadores y paneles de conexi\u00f3n<\/li>\n<li>Divisores y acopladores de red<\/li>\n<\/ul>\n<hr \/>\n<h4><b>Beneficios clave<\/b><\/h4>\n<ul>\n<li>F\u00e1cil integraci\u00f3n con configuraciones de red actuales<\/li>\n<li>Mayor escalabilidad y confiabilidad de la red<\/li>\n<li>Soluciones rentables para ampliar la capacidad<\/li>\n<\/ul>\n\n\t\t<\/div>\n\t<\/div>\n<\/div><\/div><\/div><div id=\"tm-column-inner-69d290d1349ae\" class=\"wpb_column vc_column_container vc_col-sm-6\"><div class=\"vc_column-inner\"><div class=\"wpb_wrapper\"><\/div><\/div><\/div><\/div><\/div><\/div><\/div><\/div><div class=\"vc_row-full-width vc_clearfix\"><\/div><div id=\"tm-row-69d290d134e74\" data-vc-full-width=\"true\" data-vc-full-width-init=\"false\" class=\"vc_row vc_row-outer vc_row-fluid\"><div id=\"tm-column-69d290d1350e6\" class=\"wpb_column vc_column_container vc_col-sm-12\"><div class=\"vc_column-inner\"><div class=\"wpb_wrapper\"><div id=\"tm-row-inner-69d290d135330\" class=\"vc_row vc_inner vc_row-fluid vc_row-o-equal-height vc_row-flex\"><div id=\"tm-column-inner-69d290d135547\" class=\"wpb_column vc_column_container vc_col-sm-6\"><div class=\"vc_column-inner\"><div class=\"wpb_wrapper\"><\/div><\/div><\/div><div id=\"tm-column-inner-69d290d1359a9\" class=\"wpb_column vc_column_container vc_col-sm-6\"><div class=\"vc_column-inner\"><div class=\"wpb_wrapper\">\n<div class=\"tm-heading  left tm-animation move-up\" id=\"tm-heading-69d290d135b7e\">\n\t<h3 class=\"heading\" >Soluciones \u00f3pticas personalizadas<\/h3><\/div>\n\n\n<div class=\"tm-heading vc_custom_1733899747424  left tm-animation move-up\" id=\"tm-heading-69d290d135e58\">\n\t<div class=\"heading\" >Ofrecemos soluciones de fibra \u00f3ptica y personalizadas en funci\u00f3n de los requisitos espec\u00edficos de su red. Nuestros expertos le ayudan a elegir los productos adecuados, garantizando un rendimiento \u00f3ptimo y ahorros de costes a largo plazo.<\/div><\/div>\n\n\n\t<div class=\"wpb_text_column wpb_content_element\" >\n\t\t<div class=\"wpb_wrapper\">\n\t\t\t<h4><b>Los servicios personalizados incluyen<\/b><\/h4>\n<ul>\n<li>Dise\u00f1o y consultor\u00eda de redes<\/li>\n<li>Personalizaci\u00f3n y montaje de productos<\/li>\n<li>Soporte t\u00e9cnico profesional y resoluci\u00f3n de problemas<\/li>\n<\/ul>\n<hr \/>\n<h4><b>Beneficios clave<\/b><\/h4>\n<ul>\n<li>Totalmente compatible con las principales marcas OEM<\/li>\n<li>Rentable en comparaci\u00f3n con los modelos de marca.<\/li>\n<li>Transmisi\u00f3n de datos de alta velocidad garantizada<\/li>\n<\/ul>\n\n\t\t<\/div>\n\t<\/div>\n<\/div><\/div><\/div><\/div><div class=\"tm-spacer\" id=\"tm-spacer-69d290d136166\"><\/div>\n<\/div><\/div><\/div><\/div><div class=\"vc_row-full-width vc_clearfix\"><\/div><div id=\"tm-row-69d290d1362a6\" class=\"vc_row vc_row-outer vc_row-fluid\"><div id=\"tm-column-69d290d1364e0\" class=\"wpb_column vc_column_container vc_col-sm-12\"><div class=\"vc_column-inner\"><div class=\"wpb_wrapper\"><div id=\"tm-row-inner-69d290d1366c7\" class=\"vc_row vc_inner vc_row-fluid\"><div id=\"tm-column-inner-69d290d13694e\" class=\"wpb_column vc_column_container vc_col-sm-12\"><div class=\"vc_column-inner\"><div class=\"wpb_wrapper\"><div class=\"tm-spacer\" id=\"tm-spacer-69d290d136b01\"><\/div>\n\n<div class=\"tm-heading  left tm-animation move-up\" id=\"tm-heading-69d290d136b9d\">\n\t<h3 class=\"heading\" >\u00bfPor qu\u00e9 elegirnos para soluciones \u00f3pticas y de fibra compatibles?<\/h3><\/div>\n\n\n\t<div class=\"wpb_text_column wpb_content_element  vc_custom_1733899775376 p-txt\" >\n\t\t<div class=\"wpb_wrapper\">\n\t\t\t<p><b>Rendimiento en el que puede confiar:<\/b><span style=\"font-weight: 400;\"> Cada producto se prueba para garantizar una confiabilidad y un rendimiento l\u00edderes en la industria.<\/span><\/p>\n<p><b>Ahorro de costes:<\/b><span style=\"font-weight: 400;\"> Ahorre hasta 50% en comparaci\u00f3n con el hardware OEM sin comprometer la calidad.<\/span><\/p>\n<p><b>Compatibilidad total:<\/b><span style=\"font-weight: 400;\"> Nuestros productos son compatibles con las principales marcas de red como Cisco, Juniper, Huawei y m\u00e1s.<\/span><\/p>\n<p><b>Entrega r\u00e1pida y soporte global:<\/b><span style=\"font-weight: 400;\"> Ofrecemos env\u00edos a todo el mundo con tiempos de respuesta r\u00e1pidos y soporte t\u00e9cnico experto.<\/span><\/p>\n<p><b>Soluciones ecol\u00f3gicas:<span style=\"font-weight: 400;\"> Reducir los residuos electr\u00f3nicos mediante nuestros procesos de fabricaci\u00f3n y reciclaje respetuosos con el medio ambiente.<\/span><br \/>\n<\/b><\/p>\n\n\t\t<\/div>\n\t<\/div>\n\n<div class=\"tm-heading vc_custom_1733899795960  left tm-animation move-up\" id=\"tm-heading-69d290d136f07\">\n\t<h2 class=\"heading\" >\u00a1Actualice su red con productos \u00f3pticos y de fibra compatibles hoy mismo!<\/h2><\/div>\n\n<div class=\"tm-spacer\" id=\"tm-spacer-69d290d137188\"><\/div>\n\n\t<div class=\"wpb_text_column wpb_content_element\" >\n\t\t<div class=\"wpb_wrapper\">\n\t\t\t<p>No permita que las limitaciones de la red frenen su negocio. Cont\u00e1ctenos hoy para conocer c\u00f3mo nuestras soluciones de productos de fibra \u00f3ptica y compatibles pueden mejorar la velocidad, la confiabilidad y la rentabilidad de su red.<\/p>\n\n\t\t<\/div>\n\t<\/div>\n<div class=\"tm-spacer\" id=\"tm-spacer-69d290d1371f7\"><\/div>\n<div class=\"tm-spacer\" id=\"tm-spacer-69d290d137218\"><\/div>\n<\/div><\/div><\/div><\/div><\/div><\/div><\/div><\/div>\n<\/section>","protected":false},"excerpt":{"rendered":"Soluciones compatibles de productos de fibra y \u00f3ptica Aproveche al m\u00e1ximo el rendimiento de su red con nuestras confiables soluciones compatibles de productos de fibra y \u00f3ptica. Proporcionamos transceptores, cables de fibra y componentes de red de alta calidad dise\u00f1ados para satisfacer las demandas de los sistemas de telecomunicaciones modernos. Nuestros productos ofrecen un rendimiento superior, compatibilidad con las principales marcas y ahorro de costos en comparaci\u00f3n con las alternativas OEM. Transceptores \u00f3pticos compatibles Nuestros transceptores compatibles funcionan a la perfecci\u00f3n con las principales marcas de telecomunicaciones, ofreciendo una alternativa rentable sin sacrificar el rendimiento ni la confiabilidad. Cada transceptor se prueba y certifica exhaustivamente para garantizar la transferencia de datos de alta velocidad y un funcionamiento duradero. Opciones de transceptor Incluyen m\u00f3dulos SFP, SFP+, QSFP y QSFP+ Transceptores DWDM, CWDM y BiDi Opciones de transmisi\u00f3n de largo y corto alcance Beneficios clave Totalmente compatible con las principales marcas OEM Rentable en comparaci\u00f3n con los modelos de marca Transmisi\u00f3n de datos de alta velocidad garantizada Cables de fibra \u00f3ptica y latiguillos Ofrecemos una amplia gama de cables de fibra \u00f3ptica y latiguillos dise\u00f1ados para diversas aplicaciones de red. Ya sea que necesite cables monomodo o multimodo, tenemos las soluciones adecuadas para centros de datos, redes empresariales y proveedores de telecomunicaciones. Nuestros productos de fibra incluyen Cables de fibra monomodo y multimodo Cables de conexi\u00f3n de fibra y pigtails Conjuntos de cables personalizados para configuraciones \u00fanicas Beneficios clave Alta durabilidad y componentes de ingenier\u00eda de precisi\u00f3n Baja p\u00e9rdida de inserci\u00f3n para un rendimiento \u00f3ptimo Longitudes y tipos de conectores personalizados disponibles Accesorios de conectividad de red Complete su red con nuestra selecci\u00f3n de accesorios de conectividad compatibles, que incluyen convertidores de medios, paneles de conexi\u00f3n y divisores de red. Estos productos se integran a la perfecci\u00f3n con su infraestructura de red existente, lo que permite actualizaciones y expansiones sin problemas. Nuestros accesorios incluyen Convertidores de medios para integraci\u00f3n de fibra a Ethernet Cajas de fibra, adaptadores y paneles de conexi\u00f3n Divisores y acopladores de red Beneficios clave F\u00e1cil integraci\u00f3n con configuraciones de red actuales Escalabilidad y confiabilidad de red mejoradas Soluciones rentables para expandir la capacidad Soluciones \u00f3pticas personalizadas Brindamos soluciones \u00f3pticas y de fibra a medida basadas en los requisitos espec\u00edficos de su red. Nuestros expertos lo ayudan a elegir los productos adecuados, asegurando un rendimiento \u00f3ptimo y ahorros de costos a largo plazo. Los servicios personalizados incluyen Dise\u00f1o y consulta de red Personalizaci\u00f3n y montaje de productos Soporte t\u00e9cnico profesional y resoluci\u00f3n de problemas Beneficios clave Totalmente compatible con las principales marcas OEM Rentable en comparaci\u00f3n con los modelos de marca Transmisi\u00f3n de datos de alta velocidad garantizada \u00bfPor qu\u00e9 elegirnos para soluciones de fibra y \u00f3ptica compatibles? Rendimiento en el que puede confiar: cada producto se prueba para garantizar una confiabilidad y un rendimiento l\u00edderes en la industria. Ahorro de costos: ahorre hasta 50% en comparaci\u00f3n con el hardware OEM sin comprometer la calidad. Compatibilidad total: nuestros productos son compatibles con las principales marcas de red como Cisco, Juniper, Huawei y m\u00e1s. Entrega r\u00e1pida y soporte global: ofrecemos env\u00edos a todo el mundo con tiempos de respuesta r\u00e1pidos y soporte t\u00e9cnico experto. Soluciones ecol\u00f3gicas: reduzca los desechos electr\u00f3nicos mediante nuestros procesos de fabricaci\u00f3n y reciclaje respetuosos con el medio ambiente. \u00a1Actualice su red con productos de fibra y \u00f3ptica compatibles hoy mismo! No permita que las limitaciones de la red frenen su negocio. Cont\u00e1ctenos hoy para conocer c\u00f3mo nuestras soluciones de productos de fibra y \u00f3ptica compatibles pueden mejorar la velocidad, la confiabilidad y la rentabilidad de su red.","protected":false},"author":1,"featured_media":0,"parent":0,"menu_order":0,"comment_status":"closed","ping_status":"closed","template":"","meta":{"content-type":"","footnotes":""},"class_list":["post-5010","page","type-page","status-publish","hentry"],"yoast_head":"<!-- This site is optimized with the Yoast SEO plugin v25.2 - https:\/\/yoast.com\/wordpress\/plugins\/seo\/ -->\n<title>Compatible Optics \/ Fibre Products Solutions - WillowTech Group<\/title>\n<meta name=\"robots\" content=\"index, follow, max-snippet:-1, max-image-preview:large, max-video-preview:-1\" \/>\n<link rel=\"canonical\" href=\"https:\/\/willowtechgroup.com\/es\/compatible-optics-fibre-products-solutions\/\" \/>\n<meta property=\"og:locale\" content=\"es_ES\" \/>\n<meta property=\"og:type\" content=\"article\" \/>\n<meta property=\"og:title\" content=\"Compatible Optics \/ Fibre Products Solutions - WillowTech Group\" \/>\n<meta property=\"og:url\" content=\"https:\/\/willowtechgroup.com\/es\/compatible-optics-fibre-products-solutions\/\" \/>\n<meta property=\"og:site_name\" content=\"WillowTech Group\" \/>\n<meta property=\"article:modified_time\" content=\"2024-12-11T12:42:14+00:00\" \/>\n<meta name=\"twitter:card\" content=\"summary_large_image\" \/>\n<meta name=\"twitter:label1\" content=\"Tiempo de lectura\" \/>\n\t<meta name=\"twitter:data1\" content=\"4 minutos\" \/>\n<script type=\"application\/ld+json\" class=\"yoast-schema-graph\">{\"@context\":\"https:\/\/schema.org\",\"@graph\":[{\"@type\":\"WebPage\",\"@id\":\"https:\/\/willowtechgroup.com\/compatible-optics-fibre-products-solutions\/\",\"url\":\"https:\/\/willowtechgroup.com\/compatible-optics-fibre-products-solutions\/\",\"name\":\"Compatible Optics \/ Fibre Products Solutions - WillowTech Group\",\"isPartOf\":{\"@id\":\"https:\/\/willowtechgroup.com\/#website\"},\"datePublished\":\"2024-12-10T10:46:58+00:00\",\"dateModified\":\"2024-12-11T12:42:14+00:00\",\"breadcrumb\":{\"@id\":\"https:\/\/willowtechgroup.com\/compatible-optics-fibre-products-solutions\/#breadcrumb\"},\"inLanguage\":\"es\",\"potentialAction\":[{\"@type\":\"ReadAction\",\"target\":[\"https:\/\/willowtechgroup.com\/compatible-optics-fibre-products-solutions\/\"]}]},{\"@type\":\"BreadcrumbList\",\"@id\":\"https:\/\/willowtechgroup.com\/compatible-optics-fibre-products-solutions\/#breadcrumb\",\"itemListElement\":[{\"@type\":\"ListItem\",\"position\":1,\"name\":\"Home\",\"item\":\"https:\/\/willowtechgroup.com\/\"},{\"@type\":\"ListItem\",\"position\":2,\"name\":\"Compatible Optics \/ Fibre Products Solutions\"}]},{\"@type\":\"WebSite\",\"@id\":\"https:\/\/willowtechgroup.com\/#website\",\"url\":\"https:\/\/willowtechgroup.com\/\",\"name\":\"WillowTech Group\",\"description\":\"IT Consultation &amp; Services\",\"publisher\":{\"@id\":\"https:\/\/willowtechgroup.com\/#organization\"},\"potentialAction\":[{\"@type\":\"SearchAction\",\"target\":{\"@type\":\"EntryPoint\",\"urlTemplate\":\"https:\/\/willowtechgroup.com\/?s={search_term_string}\"},\"query-input\":{\"@type\":\"PropertyValueSpecification\",\"valueRequired\":true,\"valueName\":\"search_term_string\"}}],\"inLanguage\":\"es\"},{\"@type\":\"Organization\",\"@id\":\"https:\/\/willowtechgroup.com\/#organization\",\"name\":\"WillowTech Group\",\"url\":\"https:\/\/willowtechgroup.com\/\",\"logo\":{\"@type\":\"ImageObject\",\"inLanguage\":\"es\",\"@id\":\"https:\/\/willowtechgroup.com\/#\/schema\/logo\/image\/\",\"url\":\"https:\/\/willowtechgroup.com\/wp-content\/uploads\/2018\/10\/Logo-290X70-3.svg\",\"contentUrl\":\"https:\/\/willowtechgroup.com\/wp-content\/uploads\/2018\/10\/Logo-290X70-3.svg\",\"width\":\"1024\",\"height\":\"1024\",\"caption\":\"WillowTech Group\"},\"image\":{\"@id\":\"https:\/\/willowtechgroup.com\/#\/schema\/logo\/image\/\"}}]}<\/script>\n<!-- \/ Yoast SEO plugin. -->","yoast_head_json":{"title":"Soluciones de productos de fibra \u00f3ptica compatibles - WillowTech Group","robots":{"index":"index","follow":"follow","max-snippet":"max-snippet:-1","max-image-preview":"max-image-preview:large","max-video-preview":"max-video-preview:-1"},"canonical":"https:\/\/willowtechgroup.com\/es\/compatible-optics-fibre-products-solutions\/","og_locale":"es_ES","og_type":"article","og_title":"Compatible Optics \/ Fibre Products Solutions - WillowTech Group","og_url":"https:\/\/willowtechgroup.com\/es\/compatible-optics-fibre-products-solutions\/","og_site_name":"WillowTech Group","article_modified_time":"2024-12-11T12:42:14+00:00","twitter_card":"summary_large_image","twitter_misc":{"Tiempo de lectura":"4 minutos"},"schema":{"@context":"https:\/\/schema.org","@graph":[{"@type":"WebPage","@id":"https:\/\/willowtechgroup.com\/compatible-optics-fibre-products-solutions\/","url":"https:\/\/willowtechgroup.com\/compatible-optics-fibre-products-solutions\/","name":"Soluciones de productos de fibra \u00f3ptica compatibles - WillowTech Group","isPartOf":{"@id":"https:\/\/willowtechgroup.com\/#website"},"datePublished":"2024-12-10T10:46:58+00:00","dateModified":"2024-12-11T12:42:14+00:00","breadcrumb":{"@id":"https:\/\/willowtechgroup.com\/compatible-optics-fibre-products-solutions\/#breadcrumb"},"inLanguage":"es","potentialAction":[{"@type":"ReadAction","target":["https:\/\/willowtechgroup.com\/compatible-optics-fibre-products-solutions\/"]}]},{"@type":"BreadcrumbList","@id":"https:\/\/willowtechgroup.com\/compatible-optics-fibre-products-solutions\/#breadcrumb","itemListElement":[{"@type":"ListItem","position":1,"name":"Home","item":"https:\/\/willowtechgroup.com\/"},{"@type":"ListItem","position":2,"name":"Compatible Optics \/ Fibre Products Solutions"}]},{"@type":"WebSite","@id":"https:\/\/willowtechgroup.com\/#website","url":"https:\/\/willowtechgroup.com\/","name":"Grupo Willow Tech","description":"Consultor\u00eda y servicios de TI","publisher":{"@id":"https:\/\/willowtechgroup.com\/#organization"},"potentialAction":[{"@type":"SearchAction","target":{"@type":"EntryPoint","urlTemplate":"https:\/\/willowtechgroup.com\/?s={search_term_string}"},"query-input":{"@type":"PropertyValueSpecification","valueRequired":true,"valueName":"search_term_string"}}],"inLanguage":"es"},{"@type":"Organization","@id":"https:\/\/willowtechgroup.com\/#organization","name":"Grupo Willow Tech","url":"https:\/\/willowtechgroup.com\/","logo":{"@type":"ImageObject","inLanguage":"es","@id":"https:\/\/willowtechgroup.com\/#\/schema\/logo\/image\/","url":"https:\/\/willowtechgroup.com\/wp-content\/uploads\/2018\/10\/Logo-290X70-3.svg","contentUrl":"https:\/\/willowtechgroup.com\/wp-content\/uploads\/2018\/10\/Logo-290X70-3.svg","width":"1024","height":"1024","caption":"WillowTech Group"},"image":{"@id":"https:\/\/willowtechgroup.com\/#\/schema\/logo\/image\/"}}]}},"_links":{"self":[{"href":"https:\/\/willowtechgroup.com\/es\/wp-json\/wp\/v2\/pages\/5010","targetHints":{"allow":["GET"]}}],"collection":[{"href":"https:\/\/willowtechgroup.com\/es\/wp-json\/wp\/v2\/pages"}],"about":[{"href":"https:\/\/willowtechgroup.com\/es\/wp-json\/wp\/v2\/types\/page"}],"author":[{"embeddable":true,"href":"https:\/\/willowtechgroup.com\/es\/wp-json\/wp\/v2\/users\/1"}],"replies":[{"embeddable":true,"href":"https:\/\/willowtechgroup.com\/es\/wp-json\/wp\/v2\/comments?post=5010"}],"version-history":[{"count":0,"href":"https:\/\/willowtechgroup.com\/es\/wp-json\/wp\/v2\/pages\/5010\/revisions"}],"wp:attachment":[{"href":"https:\/\/willowtechgroup.com\/es\/wp-json\/wp\/v2\/media?parent=5010"}],"curies":[{"name":"gracias","href":"https:\/\/api.w.org\/{rel}","templated":true}]}}