{"id":519,"date":"2018-10-17T06:23:05","date_gmt":"2018-10-17T06:23:05","guid":{"rendered":"https:\/\/willowtechgroup.com\/about-us\/"},"modified":"2023-10-03T12:10:29","modified_gmt":"2023-10-03T11:10:29","slug":"about-us","status":"publish","type":"page","link":"https:\/\/willowtechgroup.com\/es\/about-us\/","title":{"rendered":"Sobre nosotros"},"content":{"rendered":"<section class=\"wpb-content-wrapper\"><div id=\"tm-row-69dee6d1aed16\" data-vc-full-width=\"true\" data-vc-full-width-init=\"false\" class=\"vc_row vc_row-outer vc_row-fluid\"><div id=\"tm-column-69dee6d1af054\" class=\"wpb_column vc_column_container vc_col-sm-12\"><div class=\"vc_column-inner\"><div class=\"wpb_wrapper\"><div class=\"tm-spacer\" id=\"tm-spacer-69dee6d1af1e5\"><\/div>\n\n<div class=\"tm-heading  center tm-animation move-up\" id=\"tm-heading-69dee6d1af2b0\">\n\t<h3 class=\"heading\" >Sobre nosotros<\/h3><\/div>\n\n<div class=\"tm-spacer\" id=\"tm-spacer-69dee6d1af547\"><\/div>\n\n<div class=\"tm-heading  center tm-animation move-up\" id=\"tm-heading-69dee6d1af5d8\">\n\t<div class=\"heading\" >WillowTech Group ofrece soporte tecnol\u00f3gico de servicio completo, desde soluciones de servicios administrados para empresas de todos los tama\u00f1os hasta consultor\u00eda para proyectos espec\u00edficos de tecnolog\u00eda y telecomunicaciones.<br \/>\nLas soluciones personalizadas se adaptan a las necesidades individuales de sus proyectos para garantizar que obtenga el soporte exacto que necesita para optimizar su organizaci\u00f3n. Sin v\u00ednculos con ninguna tecnolog\u00eda o proveedor espec\u00edfico, podemos recomendarle las soluciones m\u00e1s efectivas para su negocio.<\/div><\/div>\n\n<div class=\"tm-spacer\" id=\"tm-spacer-69dee6d1af851\"><\/div>\n<\/div><\/div><\/div><\/div><div class=\"vc_row-full-width vc_clearfix\"><\/div><div id=\"tm-row-69dee6d1af97a\" data-vc-full-width=\"true\" data-vc-full-width-init=\"false\" class=\"vc_row vc_row-outer vc_row-fluid\"><div id=\"tm-column-69dee6d1afe8e\" class=\"wpb_column vc_column_container vc_col-sm-12\"><div class=\"vc_column-inner\"><div class=\"wpb_wrapper\"><div id=\"tm-row-inner-69dee6d1b00b1\" class=\"vc_row vc_inner vc_row-fluid vc_row-o-equal-height vc_row-flex\"><div id=\"tm-column-inner-69dee6d1b02d1\" class=\"wpb_column vc_column_container vc_col-sm-6\"><div class=\"vc_column-inner\"><div class=\"wpb_wrapper\"><\/div><\/div><\/div><div id=\"tm-column-inner-69dee6d1b0747\" class=\"wpb_column vc_column_container vc_col-sm-6\"><div class=\"vc_column-inner\"><div class=\"wpb_wrapper\">\n<div class=\"tm-heading  left tm-animation move-up\" id=\"tm-heading-69dee6d1b0935\">\n\t<h3 class=\"heading\" >Benef\u00edciese de lo mejor en soluciones globales<\/h3><\/div>\n\n\n<div class=\"tm-heading vc_custom_1694495661194  left tm-animation move-up\" id=\"tm-heading-69dee6d1b0c5a\">\n\t<div class=\"heading\" >Como organizaci\u00f3n global con oficinas en el Reino Unido, Dubai e India, nuestros expertos se encuentran en varios centros de entrega globales. WillowTech Group puede ofrecer soluciones verdaderamente globales. Nuestros equipos offshore no est\u00e1n limitados por la geograf\u00eda, mientras que nuestro amplio grupo de talentos significa que podemos reunir los equipos perfectos para respaldar sus requisitos onshore y brindar soluciones efectivas y rentables, est\u00e9 donde est\u00e9.<\/div><\/div>\n\n<\/div><\/div><\/div><\/div><\/div><\/div><\/div><\/div><div class=\"vc_row-full-width vc_clearfix\"><\/div><div id=\"tm-row-69dee6d1b0fb2\" data-vc-full-width=\"true\" data-vc-full-width-init=\"false\" class=\"vc_row vc_row-outer vc_row-fluid\"><div id=\"tm-column-69dee6d1b11a5\" class=\"wpb_column vc_column_container vc_col-sm-12\"><div class=\"vc_column-inner\"><div class=\"wpb_wrapper\">\n<div class=\"tm-heading  center tm-animation move-up\" id=\"tm-heading-69dee6d1b135b\">\n\t<h2 class=\"heading\" ><mark>Reino Unido \u2013 EMEA \u2013 APAC - Am\u00e9rica Central y del Sur - CEI<\/mark><\/h2><\/div>\n\n<\/div><\/div><\/div><\/div><div class=\"vc_row-full-width vc_clearfix\"><\/div><div id=\"tm-row-69dee6d1b167f\" class=\"vc_row vc_row-outer vc_row-fluid\"><div id=\"tm-column-69dee6d1b189a\" class=\"wpb_column vc_column_container vc_col-sm-12\"><div class=\"vc_column-inner\"><div class=\"wpb_wrapper\"><div id=\"tm-row-inner-69dee6d1b1aa8\" class=\"vc_row vc_inner vc_row-fluid\"><div id=\"tm-column-inner-69dee6d1b1c98\" class=\"wpb_column vc_column_container vc_col-sm-12\"><div class=\"vc_column-inner\"><div class=\"wpb_wrapper\"><div class=\"tm-spacer\" id=\"tm-spacer-69dee6d1b1df1\"><\/div>\n\n<div class=\"tm-heading  left tm-animation move-up\" id=\"tm-heading-69dee6d1b1e88\">\n\t<h3 class=\"heading\" >Servicios gestionados para organizaciones tecnol\u00f3gicas y de telecomunicaciones<\/h3><\/div>\n\n\n<div class=\"tm-heading vc_custom_1694497907265  left tm-animation move-up\" id=\"tm-heading-69dee6d1b216b\">\n\t<div class=\"heading\" >Elimine la necesidad de costosos equipos de tecnolog\u00eda internos, el costo de la capacitaci\u00f3n y el desarrollo continuos, los problemas con la retenci\u00f3n de la fuerza laboral y los riesgos para su infraestructura tecnol\u00f3gica al elegir WillowTech Group como su proveedor de servicios administrados.<br \/>\nLas redes de m\u00faltiples proveedores ofrecen la mayor flexibilidad y funcionalidad, pero puede resultar complicado construirlas seg\u00fan sus especificaciones exactas y mantenerlas funcionando sin problemas. Nuestros expertos pueden desarrollar y configurar su infraestructura de red h\u00edbrida y mantenerla funcionando sin problemas.<br \/>\nNuestros equipos especializados eliminan el estr\u00e9s de sus requisitos de soporte t\u00e9cnico, brind\u00e1ndole asesoramiento experto y resoluciones las 24 horas, los 7 d\u00edas de la semana, los 365 d\u00edas del a\u00f1o para que pueda continuar con el logro de sus objetivos comerciales.<\/div><\/div>\n\n\n\t<div class=\"wpb_text_column wpb_content_element  vc_custom_1694498484840 p-txt\" >\n\t\t<div class=\"wpb_wrapper\">\n\t\t\t<table class=\"revnue-est\" style=\"color: #174c9b; font-style: normal; font-weight: 600; font-size: 300;\">\n<tbody>\n<tr>\n<td>\u2022 Implementaci\u00f3n de telecomunicaciones<\/td>\n<td>\u2022 Seguridad<\/td>\n<\/tr>\n<tr>\n<td>\u2022 Soporte TAC<\/td>\n<td>\u2022 Configuraci\u00f3n y gesti\u00f3n de NOC<\/td>\n<\/tr>\n<\/tbody>\n<\/table>\n\n\t\t<\/div>\n\t<\/div>\n<\/div><\/div><\/div><\/div><\/div><\/div><\/div><\/div><div id=\"tm-row-69dee6d1b256b\" class=\"vc_row vc_row-outer vc_row-fluid vc_row-o-equal-height vc_row-flex\"><div id=\"tm-column-69dee6d1b2761\" class=\"wpb_column vc_column_container vc_col-sm-12\"><div class=\"vc_column-inner\"><div class=\"wpb_wrapper\"><div id=\"tm-row-inner-69dee6d1b2959\" class=\"vc_row vc_inner vc_row-fluid\"><div id=\"tm-column-inner-69dee6d1b2b46\" class=\"wpb_column vc_column_container vc_col-sm-12\"><div class=\"vc_column-inner\"><div class=\"wpb_wrapper\">\n<div class=\"tm-heading  left tm-animation move-up\" id=\"tm-heading-69dee6d1b2cfa\">\n\t<h3 class=\"heading\" >Servicios Profesionales y Consultor\u00eda<\/h3><\/div>\n\n\n<div class=\"tm-heading vc_custom_1694494204640  left tm-animation move-up\" id=\"tm-heading-69dee6d1b2fd6\">\n\t<div class=\"heading\" >\u00bfTiene preguntas para las que simplemente no tiene la respuesta? Desde el desarrollo de una estrategia de datos hasta la implementaci\u00f3n de las \u00faltimas tecnolog\u00edas para mantener a su organizaci\u00f3n un paso por delante de la competencia, nuestros consultores tienen amplios conocimientos y experiencia, as\u00ed como la dedicaci\u00f3n para mantenerlos a ellos y a usted a la vanguardia de los desarrollos de la industria.<br \/>\nCon soluciones eficientes dise\u00f1adas espec\u00edficamente para abordar sus mayores problemas, nuestros servicios profesionales le brindan mayor flexibilidad y control cuando se trata de escalar su operaci\u00f3n y le permiten mantenerse enfocado en las decisiones comerciales cr\u00edticas que importan.<\/div><\/div>\n\n<div class=\"tm-spacer\" id=\"tm-spacer-69dee6d1b3250\"><\/div>\n\n<div class=\"tm-heading  left tm-animation move-up\" id=\"tm-heading-69dee6d1b32d9\">\n\t<h2 class=\"heading\" >Costa adentro \u2013 Costa afuera \u2013 Cerca de la costa<\/h2><\/div>\n\n<div class=\"tm-spacer\" id=\"tm-spacer-69dee6d1b3548\"><\/div>\n\n\n\t<div class=\"tm-list  style-circle-02 tm-animation move-up\" id=\"tm-list-69dee6d1b35c7\">\n\t\t\t\t\t<div class=\"list-item\">\n\n\t\t\t\t<div class=\"list-header\">\n\t\t\t\t\t<div class=\"marker\">\n\n\t\t\t\t\t\t\n\t\t\t\t\t<\/div>\n\n\t\t\t\t\t<div class=\"title-wrap\">\n\t\t\t\t\t\t\t\t\t\t\t\t\t<h6 class=\"title\">\n\t\t\t\t\t\t\t\t\t\t\t\t\t\t\t\t\tTransformaci\u00f3n Digital\n\t\t\t\t\t\t\t\t\t\n\t\t\t\t\t\t\t\t\t\t\t\t\t\t\t\t<\/h6>\n\t\t\t\t\t\t\n\t\t\t\t\t\t\t\t\t\t\t\t\t\t\t\t\t\t\t\t\t\t\t\t<\/div>\n\t\t\t\t<\/div>\n\n\t\t\t\t\n\t\t\t<\/div>\n\t\t\t\t\t<div class=\"list-item\">\n\n\t\t\t\t<div class=\"list-header\">\n\t\t\t\t\t<div class=\"marker\">\n\n\t\t\t\t\t\t\n\t\t\t\t\t<\/div>\n\n\t\t\t\t\t<div class=\"title-wrap\">\n\t\t\t\t\t\t\t\t\t\t\t\t\t<h6 class=\"title\">\n\t\t\t\t\t\t\t\t\t\t\t\t\t\t\t\t\tNube y Devops\n\t\t\t\t\t\t\t\t\t\n\t\t\t\t\t\t\t\t\t\t\t\t\t\t\t\t<\/h6>\n\t\t\t\t\t\t\n\t\t\t\t\t\t\t\t\t\t\t\t\t\t\t\t\t\t\t\t\t\t\t\t<\/div>\n\t\t\t\t<\/div>\n\n\t\t\t\t\n\t\t\t<\/div>\n\t\t\t\t\t<div class=\"list-item\">\n\n\t\t\t\t<div class=\"list-header\">\n\t\t\t\t\t<div class=\"marker\">\n\n\t\t\t\t\t\t\n\t\t\t\t\t<\/div>\n\n\t\t\t\t\t<div class=\"title-wrap\">\n\t\t\t\t\t\t\t\t\t\t\t\t\t<h6 class=\"title\">\n\t\t\t\t\t\t\t\t\t\t\t\t\t\t\t\t\tGesti\u00f3n de proyectos\n\t\t\t\t\t\t\t\t\t\n\t\t\t\t\t\t\t\t\t\t\t\t\t\t\t\t<\/h6>\n\t\t\t\t\t\t\n\t\t\t\t\t\t\t\t\t\t\t\t\t\t\t\t\t\t\t\t\t\t\t\t<\/div>\n\t\t\t\t<\/div>\n\n\t\t\t\t\n\t\t\t<\/div>\n\t\t\t\t\t<div class=\"list-item\">\n\n\t\t\t\t<div class=\"list-header\">\n\t\t\t\t\t<div class=\"marker\">\n\n\t\t\t\t\t\t\n\t\t\t\t\t<\/div>\n\n\t\t\t\t\t<div class=\"title-wrap\">\n\t\t\t\t\t\t\t\t\t\t\t\t\t<h6 class=\"title\">\n\t\t\t\t\t\t\t\t\t\t\t\t\t\t\t\t\tConsultor\u00eda de centro de datos.\n\t\t\t\t\t\t\t\t\t\n\t\t\t\t\t\t\t\t\t\t\t\t\t\t\t\t<\/h6>\n\t\t\t\t\t\t\n\t\t\t\t\t\t\t\t\t\t\t\t\t\t\t\t\t\t\t\t\t\t\t\t<\/div>\n\t\t\t\t<\/div>\n\n\t\t\t\t\n\t\t\t<\/div>\n\t\t\t\t\t<div class=\"list-item\">\n\n\t\t\t\t<div class=\"list-header\">\n\t\t\t\t\t<div class=\"marker\">\n\n\t\t\t\t\t\t\n\t\t\t\t\t<\/div>\n\n\t\t\t\t\t<div class=\"title-wrap\">\n\t\t\t\t\t\t\t\t\t\t\t\t\t<h6 class=\"title\">\n\t\t\t\t\t\t\t\t\t\t\t\t\t\t\t\t\tDatos, IA e inteligencia empresarial\n\t\t\t\t\t\t\t\t\t\n\t\t\t\t\t\t\t\t\t\t\t\t\t\t\t\t<\/h6>\n\t\t\t\t\t\t\n\t\t\t\t\t\t\t\t\t\t\t\t\t\t\t\t\t\t\t\t\t\t\t\t<\/div>\n\t\t\t\t<\/div>\n\n\t\t\t\t\n\t\t\t<\/div>\n\t\t\t\t\t<div class=\"list-item\">\n\n\t\t\t\t<div class=\"list-header\">\n\t\t\t\t\t<div class=\"marker\">\n\n\t\t\t\t\t\t\n\t\t\t\t\t<\/div>\n\n\t\t\t\t\t<div class=\"title-wrap\">\n\t\t\t\t\t\t\t\t\t\t\t\t\t<h6 class=\"title\">\n\t\t\t\t\t\t\t\t\t\t\t\t\t\t\t\t\tLa seguridad cibern\u00e9tica\n\t\t\t\t\t\t\t\t\t\n\t\t\t\t\t\t\t\t\t\t\t\t\t\t\t\t<\/h6>\n\t\t\t\t\t\t\n\t\t\t\t\t\t\t\t\t\t\t\t\t\t\t\t\t\t\t\t\t\t\t\t<\/div>\n\t\t\t\t<\/div>\n\n\t\t\t\t\n\t\t\t<\/div>\n\t\t\t\t\t<div class=\"list-item\">\n\n\t\t\t\t<div class=\"list-header\">\n\t\t\t\t\t<div class=\"marker\">\n\n\t\t\t\t\t\t\n\t\t\t\t\t<\/div>\n\n\t\t\t\t\t<div class=\"title-wrap\">\n\t\t\t\t\t\t\t\t\t\t\t\t\t<h6 class=\"title\">\n\t\t\t\t\t\t\t\t\t\t\t\t\t\t\t\t\tInteligencia de Negocio\n\t\t\t\t\t\t\t\t\t\n\t\t\t\t\t\t\t\t\t\t\t\t\t\t\t\t<\/h6>\n\t\t\t\t\t\t\n\t\t\t\t\t\t\t\t\t\t\t\t\t\t\t\t\t\t\t\t\t\t\t\t<\/div>\n\t\t\t\t<\/div>\n\n\t\t\t\t\n\t\t\t<\/div>\n\t\t\t\t\t<div class=\"list-item\">\n\n\t\t\t\t<div class=\"list-header\">\n\t\t\t\t\t<div class=\"marker\">\n\n\t\t\t\t\t\t\n\t\t\t\t\t<\/div>\n\n\t\t\t\t\t<div class=\"title-wrap\">\n\t\t\t\t\t\t\t\t\t\t\t\t\t<h6 class=\"title\">\n\t\t\t\t\t\t\t\t\t\t\t\t\t\t\t\t\tIngenier\u00eda de software y automatizaci\u00f3n.\n\t\t\t\t\t\t\t\t\t\n\t\t\t\t\t\t\t\t\t\t\t\t\t\t\t\t<\/h6>\n\t\t\t\t\t\t\n\t\t\t\t\t\t\t\t\t\t\t\t\t\t\t\t\t\t\t\t\t\t\t\t<\/div>\n\t\t\t\t<\/div>\n\n\t\t\t\t\n\t\t\t<\/div>\n\t\t\t<\/div>\n\n\t<div class=\"tm-spacer\" id=\"tm-spacer-69dee6d1b3a2b\"><\/div>\n<\/div><\/div><\/div><\/div><\/div><\/div><\/div><\/div><div id=\"tm-row-69dee6d1b3b86\" data-vc-full-width=\"true\" data-vc-full-width-init=\"false\" class=\"vc_row vc_row-outer vc_row-fluid vc_row-o-content-middle vc_row-flex\"><div id=\"tm-column-69dee6d1b3d91\" class=\"wpb_column vc_column_container vc_col-sm-12\"><div class=\"vc_column-inner\"><div class=\"wpb_wrapper\">\n<div class=\"tm-heading modern-icon center tm-animation move-up\" id=\"tm-heading-69dee6d1b3f49\">\n\t<h3 class=\"heading\" >WillowTech Group: Lograr con \u00e9xito transformaciones empresariales basadas en la tecnolog\u00eda<\/h3><\/div>\n\n<div class=\"tm-spacer\" id=\"tm-spacer-69dee6d1b41c0\"><\/div>\n\n<div class=\"tm-heading modern-icon center tm-animation move-up\" id=\"tm-heading-69dee6d1b424d\">\n\t<h4 class=\"heading\" >Aproveche el poder de los equipos de WillowTech hoy y comience su viaje de transformaci\u00f3n<\/h4><\/div>\n\n<\/div><\/div><\/div><\/div><div class=\"vc_row-full-width vc_clearfix\"><\/div>\n<\/section>","protected":false},"excerpt":{"rendered":"Acerca de nosotros WillowTech Group ofrece soporte tecnol\u00f3gico de servicio completo, desde soluciones de servicios administrados para empresas de todos los tama\u00f1os hasta consultor\u00eda para proyectos espec\u00edficos de tecnolog\u00eda y telecomunicaciones. Las soluciones personalizadas se adaptan a las necesidades individuales de sus proyectos para garantizar que obtenga el soporte exacto que necesita para optimizar su organizaci\u00f3n. Sin v\u00ednculos con ninguna tecnolog\u00eda o proveedor espec\u00edfico, podemos recomendarle las soluciones m\u00e1s efectivas para su negocio. Benef\u00edciese de lo mejor en soluciones globales. Como organizaci\u00f3n global con oficinas en el Reino Unido, Dub\u00e1i y la India, nuestros expertos se encuentran en varios centros de entrega globales. WillowTech Group puede ofrecer soluciones verdaderamente globales. Nuestros equipos offshore no est\u00e1n limitados por la geograf\u00eda, mientras que nuestro amplio grupo de talentos significa que podemos reunir los equipos perfectos para respaldar sus requisitos onshore y brindar soluciones efectivas y rentables, est\u00e9 donde est\u00e9. Reino Unido \u2013 EMEA \u2013 APAC - Am\u00e9rica Central y del Sur - CIS Servicios gestionados para organizaciones tecnol\u00f3gicas y de telecomunicaciones Elimine la necesidad de costosos equipos de tecnolog\u00eda internos, el costo de la capacitaci\u00f3n y el desarrollo continuos, los problemas con la retenci\u00f3n de la fuerza laboral y los riesgos para su infraestructura tecnol\u00f3gica al elegir WillowTech Group como su proveedor de servicios gestionados. Las redes de m\u00faltiples proveedores ofrecen la mayor flexibilidad y funcionalidad, pero puede resultar complicado construirlas seg\u00fan sus especificaciones exactas y mantenerlas funcionando sin problemas. Nuestros expertos pueden desarrollar y configurar su infraestructura de red h\u00edbrida y mantenerla funcionando sin problemas. Nuestros equipos especializados eliminan el estr\u00e9s de sus requisitos de soporte t\u00e9cnico, brind\u00e1ndole asesoramiento experto y resoluciones las 24 horas, los 7 d\u00edas de la semana, los 365 d\u00edas del a\u00f1o para que pueda continuar con el logro de sus objetivos comerciales. \u2022 Implementaci\u00f3n de telecomunicaciones \u2022 Seguridad \u2022 Soporte TAC \u2022 Configuraci\u00f3n y gesti\u00f3n de NOC Servicios profesionales y consultor\u00eda \u00bfTiene preguntas para las que simplemente no tiene la respuesta? Desde el desarrollo de una estrategia de datos hasta la implementaci\u00f3n de las \u00faltimas tecnolog\u00edas para mantener a su organizaci\u00f3n un paso por delante de la competencia, nuestros consultores tienen amplios conocimientos y experiencia, as\u00ed como la dedicaci\u00f3n para mantenerlos a ellos y a usted a la vanguardia de los desarrollos de la industria. Con soluciones eficientes dise\u00f1adas espec\u00edficamente para abordar sus mayores problemas, nuestros servicios profesionales le brindan mayor flexibilidad y control cuando se trata de escalar su operaci\u00f3n y le permiten mantenerse enfocado en las decisiones comerciales cr\u00edticas que importan. Onshore \u2013 Offshore \u2013 Nearshore Transformaci\u00f3n digital Nube y Devops Gesti\u00f3n de proyectos Consultor\u00eda de centros de datos Datos, IA e inteligencia empresarial Ciberseguridad Inteligencia empresarial Ingenier\u00eda de software y automatizaci\u00f3n WillowTech Group: entrega exitosa de transformaciones empresariales basadas en tecnolog\u00eda Aproveche el poder de los equipos de WillowTech hoy y comience su viaje de transformaci\u00f3n","protected":false},"author":1,"featured_media":0,"parent":0,"menu_order":0,"comment_status":"closed","ping_status":"closed","template":"","meta":{"content-type":"","footnotes":""},"class_list":["post-519","page","type-page","status-publish","hentry"],"yoast_head":"<!-- This site is optimized with the Yoast SEO plugin v27.3 - https:\/\/yoast.com\/product\/yoast-seo-wordpress\/ -->\n<title>About us - WillowTech Group<\/title>\n<meta name=\"robots\" content=\"index, follow, max-snippet:-1, max-image-preview:large, max-video-preview:-1\" \/>\n<link rel=\"canonical\" href=\"https:\/\/willowtechgroup.com\/es\/about-us\/\" \/>\n<meta property=\"og:locale\" content=\"es_ES\" \/>\n<meta property=\"og:type\" content=\"article\" \/>\n<meta property=\"og:title\" content=\"About us - WillowTech Group\" \/>\n<meta property=\"og:url\" content=\"https:\/\/willowtechgroup.com\/es\/about-us\/\" \/>\n<meta property=\"og:site_name\" content=\"WillowTech Group\" \/>\n<meta property=\"article:modified_time\" content=\"2023-10-03T11:10:29+00:00\" \/>\n<meta name=\"twitter:card\" content=\"summary_large_image\" \/>\n<meta name=\"twitter:label1\" content=\"Tiempo de lectura\" \/>\n\t<meta name=\"twitter:data1\" content=\"5 minutos\" \/>\n<script type=\"application\/ld+json\" class=\"yoast-schema-graph\">{\"@context\":\"https:\\\/\\\/schema.org\",\"@graph\":[{\"@type\":\"WebPage\",\"@id\":\"https:\\\/\\\/willowtechgroup.com\\\/about-us\\\/\",\"url\":\"https:\\\/\\\/willowtechgroup.com\\\/about-us\\\/\",\"name\":\"About us - WillowTech Group\",\"isPartOf\":{\"@id\":\"https:\\\/\\\/willowtechgroup.com\\\/#website\"},\"datePublished\":\"2018-10-17T06:23:05+00:00\",\"dateModified\":\"2023-10-03T11:10:29+00:00\",\"breadcrumb\":{\"@id\":\"https:\\\/\\\/willowtechgroup.com\\\/about-us\\\/#breadcrumb\"},\"inLanguage\":\"es\",\"potentialAction\":[{\"@type\":\"ReadAction\",\"target\":[\"https:\\\/\\\/willowtechgroup.com\\\/about-us\\\/\"]}]},{\"@type\":\"BreadcrumbList\",\"@id\":\"https:\\\/\\\/willowtechgroup.com\\\/about-us\\\/#breadcrumb\",\"itemListElement\":[{\"@type\":\"ListItem\",\"position\":1,\"name\":\"Home\",\"item\":\"https:\\\/\\\/willowtechgroup.com\\\/\"},{\"@type\":\"ListItem\",\"position\":2,\"name\":\"About us\"}]},{\"@type\":\"WebSite\",\"@id\":\"https:\\\/\\\/willowtechgroup.com\\\/#website\",\"url\":\"https:\\\/\\\/willowtechgroup.com\\\/\",\"name\":\"WillowTech Group\",\"description\":\"IT Consultation &amp; Services\",\"publisher\":{\"@id\":\"https:\\\/\\\/willowtechgroup.com\\\/#organization\"},\"potentialAction\":[{\"@type\":\"SearchAction\",\"target\":{\"@type\":\"EntryPoint\",\"urlTemplate\":\"https:\\\/\\\/willowtechgroup.com\\\/?s={search_term_string}\"},\"query-input\":{\"@type\":\"PropertyValueSpecification\",\"valueRequired\":true,\"valueName\":\"search_term_string\"}}],\"inLanguage\":\"es\"},{\"@type\":\"Organization\",\"@id\":\"https:\\\/\\\/willowtechgroup.com\\\/#organization\",\"name\":\"WillowTech Group\",\"url\":\"https:\\\/\\\/willowtechgroup.com\\\/\",\"logo\":{\"@type\":\"ImageObject\",\"inLanguage\":\"es\",\"@id\":\"https:\\\/\\\/willowtechgroup.com\\\/#\\\/schema\\\/logo\\\/image\\\/\",\"url\":\"https:\\\/\\\/willowtechgroup.com\\\/wp-content\\\/uploads\\\/2018\\\/10\\\/Logo-290X70-3.svg\",\"contentUrl\":\"https:\\\/\\\/willowtechgroup.com\\\/wp-content\\\/uploads\\\/2018\\\/10\\\/Logo-290X70-3.svg\",\"width\":\"1024\",\"height\":\"1024\",\"caption\":\"WillowTech Group\"},\"image\":{\"@id\":\"https:\\\/\\\/willowtechgroup.com\\\/#\\\/schema\\\/logo\\\/image\\\/\"}}]}<\/script>\n<!-- \/ Yoast SEO plugin. -->","yoast_head_json":{"title":"Sobre nosotros - WillowTech Group","robots":{"index":"index","follow":"follow","max-snippet":"max-snippet:-1","max-image-preview":"max-image-preview:large","max-video-preview":"max-video-preview:-1"},"canonical":"https:\/\/willowtechgroup.com\/es\/about-us\/","og_locale":"es_ES","og_type":"article","og_title":"About us - WillowTech Group","og_url":"https:\/\/willowtechgroup.com\/es\/about-us\/","og_site_name":"WillowTech Group","article_modified_time":"2023-10-03T11:10:29+00:00","twitter_card":"summary_large_image","twitter_misc":{"Tiempo de lectura":"5 minutos"},"schema":{"@context":"https:\/\/schema.org","@graph":[{"@type":"WebPage","@id":"https:\/\/willowtechgroup.com\/about-us\/","url":"https:\/\/willowtechgroup.com\/about-us\/","name":"Sobre nosotros - WillowTech Group","isPartOf":{"@id":"https:\/\/willowtechgroup.com\/#website"},"datePublished":"2018-10-17T06:23:05+00:00","dateModified":"2023-10-03T11:10:29+00:00","breadcrumb":{"@id":"https:\/\/willowtechgroup.com\/about-us\/#breadcrumb"},"inLanguage":"es","potentialAction":[{"@type":"ReadAction","target":["https:\/\/willowtechgroup.com\/about-us\/"]}]},{"@type":"BreadcrumbList","@id":"https:\/\/willowtechgroup.com\/about-us\/#breadcrumb","itemListElement":[{"@type":"ListItem","position":1,"name":"Home","item":"https:\/\/willowtechgroup.com\/"},{"@type":"ListItem","position":2,"name":"About us"}]},{"@type":"WebSite","@id":"https:\/\/willowtechgroup.com\/#website","url":"https:\/\/willowtechgroup.com\/","name":"Grupo Willow Tech","description":"Consultor\u00eda y servicios de TI","publisher":{"@id":"https:\/\/willowtechgroup.com\/#organization"},"potentialAction":[{"@type":"SearchAction","target":{"@type":"EntryPoint","urlTemplate":"https:\/\/willowtechgroup.com\/?s={search_term_string}"},"query-input":{"@type":"PropertyValueSpecification","valueRequired":true,"valueName":"search_term_string"}}],"inLanguage":"es"},{"@type":"Organization","@id":"https:\/\/willowtechgroup.com\/#organization","name":"Grupo Willow Tech","url":"https:\/\/willowtechgroup.com\/","logo":{"@type":"ImageObject","inLanguage":"es","@id":"https:\/\/willowtechgroup.com\/#\/schema\/logo\/image\/","url":"https:\/\/willowtechgroup.com\/wp-content\/uploads\/2018\/10\/Logo-290X70-3.svg","contentUrl":"https:\/\/willowtechgroup.com\/wp-content\/uploads\/2018\/10\/Logo-290X70-3.svg","width":"1024","height":"1024","caption":"WillowTech Group"},"image":{"@id":"https:\/\/willowtechgroup.com\/#\/schema\/logo\/image\/"}}]}},"_links":{"self":[{"href":"https:\/\/willowtechgroup.com\/es\/wp-json\/wp\/v2\/pages\/519","targetHints":{"allow":["GET"]}}],"collection":[{"href":"https:\/\/willowtechgroup.com\/es\/wp-json\/wp\/v2\/pages"}],"about":[{"href":"https:\/\/willowtechgroup.com\/es\/wp-json\/wp\/v2\/types\/page"}],"author":[{"embeddable":true,"href":"https:\/\/willowtechgroup.com\/es\/wp-json\/wp\/v2\/users\/1"}],"replies":[{"embeddable":true,"href":"https:\/\/willowtechgroup.com\/es\/wp-json\/wp\/v2\/comments?post=519"}],"version-history":[{"count":0,"href":"https:\/\/willowtechgroup.com\/es\/wp-json\/wp\/v2\/pages\/519\/revisions"}],"wp:attachment":[{"href":"https:\/\/willowtechgroup.com\/es\/wp-json\/wp\/v2\/media?parent=519"}],"curies":[{"name":"gracias","href":"https:\/\/api.w.org\/{rel}","templated":true}]}}