{"id":5655,"date":"2026-04-10T14:43:16","date_gmt":"2026-04-10T13:43:16","guid":{"rendered":"https:\/\/willowtechgroup.com\/?page_id=5655"},"modified":"2026-04-14T07:56:15","modified_gmt":"2026-04-14T06:56:15","slug":"network-professional-services","status":"publish","type":"page","link":"https:\/\/willowtechgroup.com\/es\/network-professional-services\/","title":{"rendered":"Servicios profesionales de red"},"content":{"rendered":"<section class=\"wpb-content-wrapper\"><div id=\"tm-row-69debf040413a\" data-vc-full-width=\"true\" data-vc-full-width-init=\"false\" class=\"vc_row vc_row-outer vc_row-fluid\"><div id=\"tm-column-69debf0404607\" class=\"wpb_column vc_column_container vc_col-sm-12\"><div class=\"vc_column-inner\"><div class=\"wpb_wrapper\"><div class=\"tm-spacer\" id=\"tm-spacer-69debf04048ba\"><\/div>\n\n<div class=\"tm-heading vc_custom_1775827171254  center tm-animation move-up\" id=\"tm-heading-69debf04049ee\">\n\t<div class=\"heading\" >Servicios profesionales<\/div><\/div>\n\n\n<div class=\"tm-heading  center tm-animation move-up\" id=\"tm-heading-69debf0404fd2\">\n\t<h3 class=\"heading\" >Servicios profesionales de red de expertos<\/h3><\/div>\n\n<div class=\"tm-spacer\" id=\"tm-spacer-69debf040548b\"><\/div>\n\n<div class=\"tm-heading  center tm-animation move-up\" id=\"tm-heading-69debf0405584\">\n\t<div class=\"heading\" >Desde la planificaci\u00f3n inicial de la arquitectura hasta la implementaci\u00f3n en producci\u00f3n, nuestros equipos de servicios profesionales aportan una amplia experiencia con m\u00faltiples proveedores a cada proyecto, garantizando que su red se dise\u00f1e, planifique, implemente y proteja con los m\u00e1s altos est\u00e1ndares.<\/div><\/div>\n\n<div class=\"tm-spacer\" id=\"tm-spacer-69debf0405a66\"><\/div>\n<div class=\"tm-button-wrapper  tm-animation move-up\" id=\"tm-button-69debf0405b30\">\n\t\t<a class=\"tm-button style-flat tm-button-nm tm-button-primary tm-button-\" href=\"https:\/\/willowtechgroup.com\/es\/connect-with-us\/\"\n\t\t\t>\n\n\t\t\n\t\t\t\t\t\t<span class=\"button-text\" data-text=\"Talk to Our Team\">\n\t\t\t\tHabla con nuestro equipo.\t\t\t<\/span>\n\t\t\t\n\t\t\n\n\t<\/a>\n<\/div>\n<div class=\"tm-spacer\" id=\"tm-spacer-69debf0405ba1\"><\/div>\n<\/div><\/div><\/div><\/div><div class=\"vc_row-full-width vc_clearfix\"><\/div><div id=\"tm-row-69debf0405d7a\" data-vc-full-width=\"true\" data-vc-full-width-init=\"false\" class=\"vc_row vc_row-outer vc_row-fluid\"><div id=\"tm-column-69debf040613c\" class=\"wpb_column vc_column_container vc_col-sm-12\"><div class=\"vc_column-inner\"><div class=\"wpb_wrapper\"><div id=\"tm-row-inner-69debf0406510\" class=\"vc_row vc_inner vc_row-fluid\"><div id=\"tm-column-inner-69debf04068da\" class=\"wpb_column vc_column_container vc_col-sm-12\"><div class=\"vc_column-inner\"><div class=\"wpb_wrapper\">\n<div class=\"tm-heading  center tm-animation move-up\" id=\"tm-heading-69debf0406c3c\">\n\t<h2 class=\"heading\" ><mark>Lo que ofrecemos<\/mark><\/h2><\/div>\n\n\n<div class=\"tm-heading vc_custom_1775827114089  center tm-animation move-up\" id=\"tm-heading-69debf040723a\">\n\t<div class=\"heading\" >Cuatro \u00e1reas de servicio especializadas, cada una con su propio equipo dedicado, que cubren el ciclo de vida completo de la red, desde el dise\u00f1o hasta el control de calidad y la seguridad.<\/div><\/div>\n\n<div class=\"tm-spacer\" id=\"tm-spacer-69debf0407715\"><\/div>\n<\/div><\/div><\/div><\/div><div id=\"tm-row-inner-69debf0407894\" class=\"vc_row vc_inner vc_row-fluid col-sp-2\"><div id=\"tm-column-inner-69debf0407c0f\" class=\"wpb_column vc_column_container vc_col-sm-4\"><div class=\"vc_column-inner\"><div class=\"wpb_wrapper\"><div class=\"tm-box-icon  style-2 style-align-left tm-animation move-up\" id=\"tm-box-icon-69debf0407eed\">\n\t\t<div class=\"content-wrap\">\n\n\t\n\t\n\t<div class=\"content\">\n\t\t<div class=\"box-header\">\n\t\t\t\t\t\t\t<h4 class=\"heading\">\n\t\t\t\t\t\n\t\t\t\t\t\tDise\u00f1o de redes\n\t\t\t\t\t\t\n\t\t\t\t<\/h4>\n\t\t\t\t\t<\/div>\n\n\t\t\t\t\t<div class=\"text\">Nuestros ingenieros ofrecen servicios integrales de dise\u00f1o de redes, desde la planificaci\u00f3n de la arquitectura hasta soluciones a medida. Garantizamos una integraci\u00f3n perfecta en su entorno actual, optimizando el rendimiento y la escalabilidad.<\/div>\t\t\n\t\t\t\t\t\t\t\t\t<ul class=\"box-icon-list\">\n\t\t\t\t\t<li><i class=\"fas fa-check\"><\/i>Planificaci\u00f3n arquitect\u00f3nica integral<\/li>\n\t\t\t\t<\/ul>\n\t\t\t\t\t\t\t\t\t\t\t\t<ul class=\"box-icon-list\">\n\t\t\t\t\t<li><i class=\"fas fa-check\"><\/i>Dise\u00f1o de soluciones independiente del proveedor<\/li>\n\t\t\t\t<\/ul>\n\t\t\t\t\t\t\t\t\t\t\t\t<ul class=\"box-icon-list\">\n\t\t\t\t\t<li><i class=\"fas fa-check\"><\/i>Optimizaci\u00f3n del rendimiento y la escalabilidad<\/li>\n\t\t\t\t<\/ul>\n\t\t\t\t\t\n\t\t\t<\/div>\n<\/div>\n<\/div>\n<\/div><\/div><\/div><div id=\"tm-column-inner-69debf0408c09\" class=\"wpb_column vc_column_container vc_col-sm-4\"><div class=\"vc_column-inner\"><div class=\"wpb_wrapper\"><div class=\"tm-box-icon  style-2 style-align-left tm-animation move-up\" id=\"tm-box-icon-69debf0408ee8\">\n\t\t<div class=\"content-wrap\">\n\n\t\n\t\n\t<div class=\"content\">\n\t\t<div class=\"box-header\">\n\t\t\t\t\t\t\t<h4 class=\"heading\">\n\t\t\t\t\t\n\t\t\t\t\t\tPlanificaci\u00f3n de redes\n\t\t\t\t\t\t\n\t\t\t\t<\/h4>\n\t\t\t\t\t<\/div>\n\n\t\t\t\t\t<div class=\"text\">La planificaci\u00f3n estrat\u00e9gica de la red es fundamental para garantizar la sostenibilidad de su infraestructura a largo plazo. Le ayudamos con la planificaci\u00f3n de la capacidad, la elaboraci\u00f3n de hojas de ruta tecnol\u00f3gicas y el desarrollo de una estrategia clara para que su red evolucione y satisfaga las demandas futuras.<\/div>\t\t\n\t\t\t\t\t\t\t\t\t<ul class=\"box-icon-list\">\n\t\t\t\t\t<li><i class=\"fas fa-check\"><\/i>Planificaci\u00f3n estrat\u00e9gica de la capacidad<\/li>\n\t\t\t\t<\/ul>\n\t\t\t\t\t\t\t\t\t\t\t\t<ul class=\"box-icon-list\">\n\t\t\t\t\t<li><i class=\"fas fa-check\"><\/i>Infraestructura preparada para el futuro<\/li>\n\t\t\t\t<\/ul>\n\t\t\t\t\t\t\t\t\t\t\t\t<ul class=\"box-icon-list\">\n\t\t\t\t\t<li><i class=\"fas fa-check\"><\/i>Desarrollo de una hoja de ruta detallada<\/li>\n\t\t\t\t<\/ul>\n\t\t\t\t\t\n\t\t\t<\/div>\n<\/div>\n<\/div>\n<\/div><\/div><\/div><div id=\"tm-column-inner-69debf0409c69\" class=\"wpb_column vc_column_container vc_col-sm-4\"><div class=\"vc_column-inner\"><div class=\"wpb_wrapper\"><div class=\"tm-box-icon  style-2 style-align-left tm-animation move-up\" id=\"tm-box-icon-69debf0409f65\">\n\t\t<div class=\"content-wrap\">\n\n\t\n\t\n\t<div class=\"content\">\n\t\t<div class=\"box-header\">\n\t\t\t\t\t\t\t<h4 class=\"heading\">\n\t\t\t\t\t\n\t\t\t\t\t\tDespliegue y optimizaci\u00f3n de redes\n\t\t\t\t\t\t\n\t\t\t\t<\/h4>\n\t\t\t\t\t<\/div>\n\n\t\t\t\t\t<div class=\"text\">Las implementaciones eficientes y personalizadas son esenciales para garantizar que su red funcione a su m\u00e1ximo rendimiento desde el primer d\u00eda. Gestionamos cada fase del despliegue en entornos complejos con m\u00faltiples proveedores, minimizando las interrupciones y maximizando el tiempo de actividad.<\/div>\t\t\n\t\t\t\t\t\t\t\t\t<ul class=\"box-icon-list\">\n\t\t\t\t\t<li><i class=\"fas fa-check\"><\/i>M\u00ednimo tiempo, esfuerzo y coste.<\/li>\n\t\t\t\t<\/ul>\n\t\t\t\t\t\t\t\t\t\t\t\t<ul class=\"box-icon-list\">\n\t\t\t\t\t<li><i class=\"fas fa-check\"><\/i>Soluciones de implementaci\u00f3n personalizadas<\/li>\n\t\t\t\t<\/ul>\n\t\t\t\t\t\t\t\t\t\t\t\t<ul class=\"box-icon-list\">\n\t\t\t\t\t<li><i class=\"fas fa-check\"><\/i>Optimizaci\u00f3n del rendimiento posterior a la implementaci\u00f3n<\/li>\n\t\t\t\t<\/ul>\n\t\t\t\t\t\n\t\t\t<\/div>\n<\/div>\n<\/div>\n<\/div><\/div><\/div><\/div><div id=\"tm-row-inner-69debf040ac4b\" class=\"vc_row vc_inner vc_row-fluid col-sp-2\"><div id=\"tm-column-inner-69debf040af7e\" class=\"wpb_column vc_column_container vc_col-sm-6\"><div class=\"vc_column-inner\"><div class=\"wpb_wrapper\"><div class=\"tm-box-icon  style-2 style-align-left tm-animation move-up\" id=\"tm-box-icon-69debf040b20f\">\n\t\t<div class=\"content-wrap\">\n\n\t\n\t\n\t<div class=\"content\">\n\t\t<div class=\"box-header\">\n\t\t\t\t\t\t\t<h4 class=\"heading\">\n\t\t\t\t\t\n\t\t\t\t\t\tDesmantelamiento de la red\n\t\t\t\t\t\t\n\t\t\t\t<\/h4>\n\t\t\t\t\t<\/div>\n\n\t\t\t\t\t<div class=\"text\">Desmantelamiento seguro y estructurado de equipos e infraestructuras obsoletas, con pleno cumplimiento de la normativa y la documentaci\u00f3n correspondiente.<\/div>\t\t\n\t\t\t\t\t\t\t\t\t<ul class=\"box-icon-list\">\n\t\t\t\t\t<li><i class=\"fas fa-check\"><\/i>Retirada y eliminaci\u00f3n estructuradas<\/li>\n\t\t\t\t<\/ul>\n\t\t\t\t\t\t\t\t\t\t\t\t<ul class=\"box-icon-list\">\n\t\t\t\t\t<li><i class=\"fas fa-check\"><\/i>Seguridad y cumplimiento de los datos<\/li>\n\t\t\t\t<\/ul>\n\t\t\t\t\t\t\t\t\t\t\t\t<ul class=\"box-icon-list\">\n\t\t\t\t\t<li><i class=\"fas fa-check\"><\/i>Recuperaci\u00f3n de activos y reciclaje<\/li>\n\t\t\t\t<\/ul>\n\t\t\t\t\t\n\t\t\t<\/div>\n<\/div>\n<\/div>\n<\/div><\/div><\/div><div id=\"tm-column-inner-69debf040bedc\" class=\"wpb_column vc_column_container vc_col-sm-6\"><div class=\"vc_column-inner\"><div class=\"wpb_wrapper\"><div class=\"tm-box-icon  style-2 style-align-left tm-animation move-up\" id=\"tm-box-icon-69debf040c1bd\">\n\t\t<div class=\"content-wrap\">\n\n\t\n\t\n\t<div class=\"content\">\n\t\t<div class=\"box-header\">\n\t\t\t\t\t\t\t<h4 class=\"heading\">\n\t\t\t\t\t\n\t\t\t\t\t\tTransformaci\u00f3n de la red\n\t\t\t\t\t\t\n\t\t\t\t<\/h4>\n\t\t\t\t\t<\/div>\n\n\t\t\t\t\t<div class=\"text\">Servicios de transformaci\u00f3n integral para modernizar su red, migrar a nuevas plataformas y preparar su infraestructura para el futuro.<\/div>\t\t\n\t\t\t\t\t\t\t\t\t<ul class=\"box-icon-list\">\n\t\t\t\t\t<li><i class=\"fas fa-check\"><\/i>Migraci\u00f3n de plataformas heredadas a modernas<\/li>\n\t\t\t\t<\/ul>\n\t\t\t\t\t\t\t\t\t\t\t\t<ul class=\"box-icon-list\">\n\t\t\t\t\t<li><i class=\"fas fa-check\"><\/i>Actualizaci\u00f3n y modernizaci\u00f3n tecnol\u00f3gica<\/li>\n\t\t\t\t<\/ul>\n\t\t\t\t\t\t\t\t\t\t\t\t<ul class=\"box-icon-list\">\n\t\t\t\t\t<li><i class=\"fas fa-check\"><\/i>Adopci\u00f3n de la nube y la virtualizaci\u00f3n<\/li>\n\t\t\t\t<\/ul>\n\t\t\t\t\t\n\t\t\t<\/div>\n<\/div>\n<\/div>\n<\/div><\/div><\/div><\/div><\/div><\/div><\/div><\/div><div class=\"vc_row-full-width vc_clearfix\"><\/div><div id=\"tm-row-69debf040cfcd\" class=\"vc_row vc_row-outer vc_row-fluid\"><div id=\"tm-column-69debf040d366\" class=\"wpb_column vc_column_container vc_col-sm-12\"><div class=\"vc_column-inner\"><div class=\"wpb_wrapper\">\n\t<div class=\"wpb_text_column wpb_content_element\" >\n\t\t<div class=\"wpb_wrapper\">\n\t\t\t\n\t\t<\/div>\n\t<\/div>\n<\/div><\/div><\/div><\/div><div id=\"tm-row-69debf040d7b2\" data-vc-full-width=\"true\" data-vc-full-width-init=\"false\" class=\"vc_row vc_row-outer vc_row-fluid\"><div id=\"tm-column-69debf040de9a\" class=\"wpb_column vc_column_container vc_col-sm-12\"><div class=\"vc_column-inner\"><div class=\"wpb_wrapper\"><div id=\"tm-row-inner-69debf040e244\" class=\"vc_row vc_inner vc_row-fluid vc_row-o-equal-height vc_row-flex\"><div id=\"tm-column-inner-69debf040e5eb\" class=\"wpb_column vc_column_container vc_col-sm-6\"><div class=\"vc_column-inner\"><div class=\"wpb_wrapper\"><\/div><\/div><\/div><div id=\"tm-column-inner-69debf040ec64\" class=\"wpb_column vc_column_container vc_col-sm-6\"><div class=\"vc_column-inner\"><div class=\"wpb_wrapper\">\n\t<div class=\"wpb_text_column wpb_content_element\" >\n\t\t<div class=\"wpb_wrapper\">\n\t\t\t<h3><b>Experiencia con m\u00faltiples proveedores en cada proyecto.<\/b><\/h3>\n<p>Nuestros ingenieros de servicios profesionales cuentan con una amplia experiencia pr\u00e1ctica en los principales proveedores y plataformas del sector. Tanto si dise\u00f1a una nueva red desde cero, como si planifica una migraci\u00f3n tecnol\u00f3gica o implementa soluciones en un entorno de producci\u00f3n complejo, tenemos la experiencia necesaria para ofrecerle la soluci\u00f3n ideal.<\/p>\n<ul>\n<li>Con un enfoque independiente del proveedor, le recomendamos lo que sea adecuado para usted.<\/li>\n<li>Ingenieros con profundo conocimiento de las plataformas de todos los principales fabricantes de equipos originales (OEM).<\/li>\n<li>Experiencia demostrada en entornos de telecomunicaciones, empresariales y de centros de datos.<\/li>\n<li>Responsabilidad integral desde el dise\u00f1o hasta la aprobaci\u00f3n final.<\/li>\n<li>Modelos de colaboraci\u00f3n flexibles, basados en proyectos o con apoyo continuo.<\/li>\n<\/ul>\n\n\t\t<\/div>\n\t<\/div>\n<\/div><\/div><\/div><\/div><\/div><\/div><\/div><\/div><div class=\"vc_row-full-width vc_clearfix\"><\/div><div id=\"tm-row-69debf040f11a\" class=\"vc_row vc_row-outer vc_row-fluid\"><div id=\"tm-column-69debf040f491\" class=\"wpb_column vc_column_container vc_col-sm-12\"><div class=\"vc_column-inner\"><div class=\"wpb_wrapper\">\n\t<div class=\"wpb_text_column wpb_content_element\" >\n\t\t<div class=\"wpb_wrapper\">\n\t\t\t\n\t\t<\/div>\n\t<\/div>\n<\/div><\/div><\/div><\/div><div id=\"tm-row-69debf040f8da\" data-vc-full-width=\"true\" data-vc-full-width-init=\"false\" class=\"vc_row vc_row-outer vc_row-fluid\"><div id=\"tm-column-69debf040fc8d\" class=\"wpb_column vc_column_container vc_col-sm-12\"><div class=\"vc_column-inner\"><div class=\"wpb_wrapper\"><div class=\"tm-spacer\" id=\"tm-spacer-69debf040ff1e\"><\/div>\n\n<div class=\"tm-heading  center tm-animation move-up\" id=\"tm-heading-69debf041002f\">\n\t<h3 class=\"heading\" ><mark>\u00bfListo para comenzar tu pr\u00f3ximo proyecto de red?<\/mark><\/h3><\/div>\n\n<div class=\"tm-spacer\" id=\"tm-spacer-69debf041052b\"><\/div>\n\n<div class=\"tm-heading  center tm-animation move-up\" id=\"tm-heading-69debf041063a\">\n\t<div class=\"heading\" >Nuestro equipo de servicios profesionales est\u00e1 listo para ayudarle a dise\u00f1ar, planificar, implementar y proteger su infraestructura de red. P\u00f3ngase en contacto con nosotros hoy mismo.<\/div><\/div>\n\n<div class=\"tm-spacer\" id=\"tm-spacer-69debf0410b30\"><\/div>\n<div class=\"tm-button-wrapper  tm-animation move-up\" id=\"tm-button-69debf0410be4\">\n\t\t<a class=\"tm-button style-flat tm-button-nm tm-button-primary tm-button-\" href=\"https:\/\/willowtechgroup.com\/es\/connect-with-us\/\"\n\t\t\t>\n\n\t\t\n\t\t\t\t\t\t<span class=\"button-text\" data-text=\"Contact Us\">\n\t\t\t\tCont\u00e1ctenos\t\t\t<\/span>\n\t\t\t\n\t\t\n\n\t<\/a>\n<\/div>\n<div class=\"tm-spacer\" id=\"tm-spacer-69debf0410c5a\"><\/div>\n<\/div><\/div><\/div><\/div><div class=\"vc_row-full-width vc_clearfix\"><\/div><div id=\"tm-row-69debf0410e03\" class=\"vc_row vc_row-outer vc_row-fluid\"><div id=\"tm-column-69debf04111b4\" class=\"wpb_column vc_column_container vc_col-sm-12\"><div class=\"vc_column-inner\"><div class=\"wpb_wrapper\">\n\t<div class=\"wpb_raw_code wpb_content_element wpb_raw_html\" >\n\t\t<div class=\"wpb_wrapper\">\n\t\t\t<style>\n.wt-vendor-table-wrap {\n  margin-top: 10px;\n  overflow-x: auto;\n  border-radius: 8px;\n}\n.wt-vendor-table {\n  width: 100%;\n  border-collapse: collapse;\n  border: 1px solid #c5d3df;\n  background: #dff0fb;\n  min-width: 720px;\n}\n.wt-vendor-table th,\n.wt-vendor-table td {\n  border: 1px solid #c5d3df;\n  padding: 12px 16px;\n  text-align: left;\n  vertical-align: top;\n}\n.wt-vendor-table th {\n  font-size: 13px;\n  text-transform: none;\n  letter-spacing: 0;\n  color: #0F1F59;\n  background: #f3f7fb;\n  font-weight: 700;\n}\n.wt-vendor-table td {\n  font-size: 14px;\n  color: #0F1F59;\n  line-height: 1.55;\n  font-weight: 600;\n}\n.wt-vendor-table tbody tr:nth-child(even) td {\n  background: rgba(255,255,255,0.22);\n}\n.wt-vendor-table td:first-child {\n  width: 220px;\n  font-weight: 700;\n  color: #0F1F59;\n}\n@media (max-width: 700px) {\n  .wt-vendor-table-wrap {\n    overflow-x: visible;\n  }\n  .wt-vendor-table {\n    min-width: 0;\n    border: 0;\n    background: transparent;\n  }\n  .wt-vendor-table thead {\n    display: none;\n  }\n  .wt-vendor-table tbody tr {\n    display: block;\n    border: 1px solid #c5d3df;\n    border-radius: 8px;\n    background: #dff0fb;\n    margin-bottom: 12px;\n    overflow: hidden;\n  }\n  .wt-vendor-table tbody tr:nth-child(even) td {\n    background: transparent;\n  }\n  .wt-vendor-table td {\n    display: block;\n    border: 0;\n    border-top: 1px solid #c5d3df;\n    padding: 10px 12px;\n    font-size: 13px;\n    width: 100%;\n  }\n  .wt-vendor-table td:first-child {\n    width: 100%;\n    border-top: 0;\n    font-size: 14px;\n    font-weight: 700;\n    background: #f3f7fb;\n  }\n}\n.icon-s img {\n    max-width: 125px;\n}\n#tm-heading-69d9054967282 .heading {\n    max-width: 770px;\n    color: #0F1F59 !important;\n}\n<\/style>\n\t\t<\/div>\n\t<\/div>\n<\/div><\/div><\/div><\/div>\n<\/section>","protected":false},"excerpt":{"rendered":"Professional Services Expert Network Professional Services From initial architecture planning through to live deployment, our professional services teams bring deep multi-vendor expertise to every engagement ensuring your network is designed, planned, deployed and secured to the highest standards. Talk to Our Team What We Offer Four specialist service areas each with its own dedicated team covering the complete network lifecycle from design through to quality assurance and security. Network Design Our engineers provide end-to-end network design services, from architecture planning to tailored solutions. We ensure seamless integration within your existing environment, optimizing performance and scalability. Comprehensive architecture planning Vendor-agnostic solution design Performance and scalability optimisation Network Planning Strategic network planning is crucial for future-proofing your infrastructure. We assist with capacity planning, technology roadmapping, and developing a clear strategy for evolving your network to meet future demands. Strategic capacity planning Future-proofing infrastructure Detailed roadmap development Network Deployment &amp; Optimisation Efficient, tailored deployments are essential to ensuring your network performs at its peak from day one. We manage every phase of rollout across complex multi-vendor environments, minimising disruption and maximising uptime. Minimal time, effort and cost Customised deployment solutions Post-deployment performance tuning Network Decommissioning Safe, structured decommissioning of legacy equipment and infrastructure with full compliance and documentation. Structured removal and disposal Data security and compliance Asset recovery and recycling Network Transformation End-to-end transformation services to modernise your network, migrate to new platforms and future-ready your infrastructure. Legacy to modern platform migration Technology refresh and modernisation Cloud and virtualisation adoption Multi-Vendor Expertise Across Every Engagement Our professional services engineers bring deep, hands-on experience across the industry's leading vendors and platforms. Whether you're designing a new network from scratch, planning a technology migration or deploying in a complex live environment we have the expertise to deliver. Vendor-agnostic approach we recommend what's right for you Engineers with deep platform knowledge across all major OEMs Proven delivery across telecom, enterprise and data centre environments End-to-end accountability from design through to sign-off Flexible engagement models project-based or ongoing support Ready to Start Your Next Network Project? Our professional services team is ready to help you design, plan, deploy and secure your network infrastructure. Get in touch today. Contact Us","protected":false},"author":1,"featured_media":0,"parent":0,"menu_order":0,"comment_status":"closed","ping_status":"closed","template":"","meta":{"content-type":"","footnotes":""},"class_list":["post-5655","page","type-page","status-publish","hentry"],"yoast_head":"<!-- This site is optimized with the Yoast SEO plugin v27.3 - https:\/\/yoast.com\/product\/yoast-seo-wordpress\/ -->\n<title>Network Professional Services - WillowTech Group<\/title>\n<meta name=\"robots\" content=\"index, follow, max-snippet:-1, max-image-preview:large, max-video-preview:-1\" \/>\n<link rel=\"canonical\" href=\"https:\/\/willowtechgroup.com\/es\/network-professional-services\/\" \/>\n<meta property=\"og:locale\" content=\"es_ES\" \/>\n<meta property=\"og:type\" content=\"article\" \/>\n<meta property=\"og:title\" content=\"Network Professional Services - WillowTech Group\" \/>\n<meta property=\"og:url\" content=\"https:\/\/willowtechgroup.com\/es\/network-professional-services\/\" \/>\n<meta property=\"og:site_name\" content=\"WillowTech Group\" \/>\n<meta property=\"article:modified_time\" content=\"2026-04-14T06:56:15+00:00\" \/>\n<meta name=\"twitter:card\" content=\"summary_large_image\" \/>\n<meta name=\"twitter:label1\" content=\"Tiempo de lectura\" \/>\n\t<meta name=\"twitter:data1\" content=\"2 minutos\" \/>\n<script type=\"application\/ld+json\" class=\"yoast-schema-graph\">{\"@context\":\"https:\\\/\\\/schema.org\",\"@graph\":[{\"@type\":\"WebPage\",\"@id\":\"https:\\\/\\\/willowtechgroup.com\\\/network-professional-services\\\/\",\"url\":\"https:\\\/\\\/willowtechgroup.com\\\/network-professional-services\\\/\",\"name\":\"Network Professional Services - WillowTech Group\",\"isPartOf\":{\"@id\":\"https:\\\/\\\/willowtechgroup.com\\\/#website\"},\"datePublished\":\"2026-04-10T13:43:16+00:00\",\"dateModified\":\"2026-04-14T06:56:15+00:00\",\"breadcrumb\":{\"@id\":\"https:\\\/\\\/willowtechgroup.com\\\/network-professional-services\\\/#breadcrumb\"},\"inLanguage\":\"es\",\"potentialAction\":[{\"@type\":\"ReadAction\",\"target\":[\"https:\\\/\\\/willowtechgroup.com\\\/network-professional-services\\\/\"]}]},{\"@type\":\"BreadcrumbList\",\"@id\":\"https:\\\/\\\/willowtechgroup.com\\\/network-professional-services\\\/#breadcrumb\",\"itemListElement\":[{\"@type\":\"ListItem\",\"position\":1,\"name\":\"Home\",\"item\":\"https:\\\/\\\/willowtechgroup.com\\\/\"},{\"@type\":\"ListItem\",\"position\":2,\"name\":\"Network Professional Services\"}]},{\"@type\":\"WebSite\",\"@id\":\"https:\\\/\\\/willowtechgroup.com\\\/#website\",\"url\":\"https:\\\/\\\/willowtechgroup.com\\\/\",\"name\":\"WillowTech Group\",\"description\":\"IT Consultation &amp; Services\",\"publisher\":{\"@id\":\"https:\\\/\\\/willowtechgroup.com\\\/#organization\"},\"potentialAction\":[{\"@type\":\"SearchAction\",\"target\":{\"@type\":\"EntryPoint\",\"urlTemplate\":\"https:\\\/\\\/willowtechgroup.com\\\/?s={search_term_string}\"},\"query-input\":{\"@type\":\"PropertyValueSpecification\",\"valueRequired\":true,\"valueName\":\"search_term_string\"}}],\"inLanguage\":\"es\"},{\"@type\":\"Organization\",\"@id\":\"https:\\\/\\\/willowtechgroup.com\\\/#organization\",\"name\":\"WillowTech Group\",\"url\":\"https:\\\/\\\/willowtechgroup.com\\\/\",\"logo\":{\"@type\":\"ImageObject\",\"inLanguage\":\"es\",\"@id\":\"https:\\\/\\\/willowtechgroup.com\\\/#\\\/schema\\\/logo\\\/image\\\/\",\"url\":\"https:\\\/\\\/willowtechgroup.com\\\/wp-content\\\/uploads\\\/2018\\\/10\\\/Logo-290X70-3.svg\",\"contentUrl\":\"https:\\\/\\\/willowtechgroup.com\\\/wp-content\\\/uploads\\\/2018\\\/10\\\/Logo-290X70-3.svg\",\"width\":\"1024\",\"height\":\"1024\",\"caption\":\"WillowTech Group\"},\"image\":{\"@id\":\"https:\\\/\\\/willowtechgroup.com\\\/#\\\/schema\\\/logo\\\/image\\\/\"}}]}<\/script>\n<!-- \/ Yoast SEO plugin. -->","yoast_head_json":{"title":"Network Professional Services - WillowTech Group","robots":{"index":"index","follow":"follow","max-snippet":"max-snippet:-1","max-image-preview":"max-image-preview:large","max-video-preview":"max-video-preview:-1"},"canonical":"https:\/\/willowtechgroup.com\/es\/network-professional-services\/","og_locale":"es_ES","og_type":"article","og_title":"Network Professional Services - WillowTech Group","og_url":"https:\/\/willowtechgroup.com\/es\/network-professional-services\/","og_site_name":"WillowTech Group","article_modified_time":"2026-04-14T06:56:15+00:00","twitter_card":"summary_large_image","twitter_misc":{"Tiempo de lectura":"2 minutos"},"schema":{"@context":"https:\/\/schema.org","@graph":[{"@type":"WebPage","@id":"https:\/\/willowtechgroup.com\/network-professional-services\/","url":"https:\/\/willowtechgroup.com\/network-professional-services\/","name":"Network Professional Services - WillowTech Group","isPartOf":{"@id":"https:\/\/willowtechgroup.com\/#website"},"datePublished":"2026-04-10T13:43:16+00:00","dateModified":"2026-04-14T06:56:15+00:00","breadcrumb":{"@id":"https:\/\/willowtechgroup.com\/network-professional-services\/#breadcrumb"},"inLanguage":"es","potentialAction":[{"@type":"ReadAction","target":["https:\/\/willowtechgroup.com\/network-professional-services\/"]}]},{"@type":"BreadcrumbList","@id":"https:\/\/willowtechgroup.com\/network-professional-services\/#breadcrumb","itemListElement":[{"@type":"ListItem","position":1,"name":"Home","item":"https:\/\/willowtechgroup.com\/"},{"@type":"ListItem","position":2,"name":"Network Professional Services"}]},{"@type":"WebSite","@id":"https:\/\/willowtechgroup.com\/#website","url":"https:\/\/willowtechgroup.com\/","name":"Grupo Willow Tech","description":"Consultor\u00eda y servicios de TI","publisher":{"@id":"https:\/\/willowtechgroup.com\/#organization"},"potentialAction":[{"@type":"SearchAction","target":{"@type":"EntryPoint","urlTemplate":"https:\/\/willowtechgroup.com\/?s={search_term_string}"},"query-input":{"@type":"PropertyValueSpecification","valueRequired":true,"valueName":"search_term_string"}}],"inLanguage":"es"},{"@type":"Organization","@id":"https:\/\/willowtechgroup.com\/#organization","name":"Grupo Willow Tech","url":"https:\/\/willowtechgroup.com\/","logo":{"@type":"ImageObject","inLanguage":"es","@id":"https:\/\/willowtechgroup.com\/#\/schema\/logo\/image\/","url":"https:\/\/willowtechgroup.com\/wp-content\/uploads\/2018\/10\/Logo-290X70-3.svg","contentUrl":"https:\/\/willowtechgroup.com\/wp-content\/uploads\/2018\/10\/Logo-290X70-3.svg","width":"1024","height":"1024","caption":"WillowTech Group"},"image":{"@id":"https:\/\/willowtechgroup.com\/#\/schema\/logo\/image\/"}}]}},"_links":{"self":[{"href":"https:\/\/willowtechgroup.com\/es\/wp-json\/wp\/v2\/pages\/5655","targetHints":{"allow":["GET"]}}],"collection":[{"href":"https:\/\/willowtechgroup.com\/es\/wp-json\/wp\/v2\/pages"}],"about":[{"href":"https:\/\/willowtechgroup.com\/es\/wp-json\/wp\/v2\/types\/page"}],"author":[{"embeddable":true,"href":"https:\/\/willowtechgroup.com\/es\/wp-json\/wp\/v2\/users\/1"}],"replies":[{"embeddable":true,"href":"https:\/\/willowtechgroup.com\/es\/wp-json\/wp\/v2\/comments?post=5655"}],"version-history":[{"count":13,"href":"https:\/\/willowtechgroup.com\/es\/wp-json\/wp\/v2\/pages\/5655\/revisions"}],"predecessor-version":[{"id":5684,"href":"https:\/\/willowtechgroup.com\/es\/wp-json\/wp\/v2\/pages\/5655\/revisions\/5684"}],"wp:attachment":[{"href":"https:\/\/willowtechgroup.com\/es\/wp-json\/wp\/v2\/media?parent=5655"}],"curies":[{"name":"gracias","href":"https:\/\/api.w.org\/{rel}","templated":true}]}}