{"id":5782,"date":"2026-04-14T14:32:38","date_gmt":"2026-04-14T13:32:38","guid":{"rendered":"https:\/\/willowtechgroup.com\/?page_id=5782"},"modified":"2026-04-20T09:51:31","modified_gmt":"2026-04-20T08:51:31","slug":"upgrades-migrations","status":"publish","type":"page","link":"https:\/\/willowtechgroup.com\/es\/data-centre-services\/upgrades-migrations\/","title":{"rendered":"Actualizaciones y migraciones"},"content":{"rendered":"<section class=\"wpb-content-wrapper\"><div id=\"tm-row-69e65e98b447c\" data-vc-full-width=\"true\" data-vc-full-width-init=\"false\" class=\"vc_row vc_row-outer vc_row-fluid\"><div id=\"tm-column-69e65e98b4834\" class=\"wpb_column vc_column_container vc_col-sm-12\"><div class=\"vc_column-inner\"><div class=\"wpb_wrapper\"><div class=\"tm-spacer\" id=\"tm-spacer-69e65e98b4a46\"><\/div>\n\n<div class=\"tm-heading vc_custom_1776173227515  center tm-animation move-up\" id=\"tm-heading-69e65e98b4b10\">\n\t<div class=\"heading\" >Servicios de centro de datos<\/div><\/div>\n\n\n<div class=\"tm-heading  center tm-animation move-up\" id=\"tm-heading-69e65e98b4e36\">\n\t<h3 class=\"heading\" >Upgrades &amp; Migrations<\/h3><\/div>\n\n<div class=\"tm-spacer\" id=\"tm-spacer-69e65e98b50b0\"><\/div>\n\n<div class=\"tm-heading  center tm-animation move-up\" id=\"tm-heading-69e65e98b513d\">\n\t<div class=\"heading\" >Hardware and software upgrades for servers, networking equipment and storage with seamless migration planning, remote support, and post-migration validation built in from the start.<\/div><\/div>\n\n<div class=\"tm-spacer\" id=\"tm-spacer-69e65e98b53b3\"><\/div>\n<div class=\"tm-button-wrapper  tm-animation move-up\" id=\"tm-button-69e65e98b542a\">\n\t\t<a class=\"tm-button style-flat tm-button-nm tm-button-primary tm-button-\" href=\"https:\/\/willowtechgroup.com\/es\/connect-with-us\/\"\n\t\t\t>\n\n\t\t\n\t\t\t\t\t\t<span class=\"button-text\" data-text=\"Talk to Our Team\">\n\t\t\t\tHabla con nuestro equipo.\t\t\t<\/span>\n\t\t\t\n\t\t\n\n\t<\/a>\n<\/div>\n<div class=\"tm-spacer\" id=\"tm-spacer-69e65e98b5472\"><\/div>\n<\/div><\/div><\/div><\/div><div class=\"vc_row-full-width vc_clearfix\"><\/div><div id=\"tm-row-69e65e98b5579\" data-vc-full-width=\"true\" data-vc-full-width-init=\"false\" class=\"vc_row vc_row-outer vc_row-fluid\"><div id=\"tm-column-69e65e98b5806\" class=\"wpb_column vc_column_container vc_col-sm-12\"><div class=\"vc_column-inner\"><div class=\"wpb_wrapper\"><div id=\"tm-row-inner-69e65e98b5a8d\" class=\"vc_row vc_inner vc_row-fluid\"><div id=\"tm-column-inner-69e65e98b5ca2\" class=\"wpb_column vc_column_container vc_col-sm-12\"><div class=\"vc_column-inner\"><div class=\"wpb_wrapper\"><div class=\"tm-spacer\" id=\"tm-spacer-69e65e98b5df5\"><\/div>\n<\/div><\/div><\/div><\/div><\/div><\/div><\/div><\/div><div class=\"vc_row-full-width vc_clearfix\"><\/div><div id=\"tm-row-69e65e98b5f84\" data-vc-full-width=\"true\" data-vc-full-width-init=\"false\" class=\"vc_row vc_row-outer vc_row-fluid\"><div id=\"tm-column-69e65e98b64ef\" class=\"wpb_column vc_column_container vc_col-sm-12\"><div class=\"vc_column-inner\"><div class=\"wpb_wrapper\"><div id=\"tm-row-inner-69e65e98b6759\" class=\"vc_row vc_inner vc_row-fluid vc_row-o-equal-height vc_row-flex\"><div id=\"tm-column-inner-69e65e98b69df\" class=\"wpb_column vc_column_container vc_col-sm-6\"><div class=\"vc_column-inner\"><div class=\"wpb_wrapper\"><div class=\"tm-spacer\" id=\"tm-spacer-69e65e98b6ddd\"><\/div>\n<\/div><\/div><\/div><div id=\"tm-column-inner-69e65e98b6ebd\" class=\"wpb_column vc_column_container vc_col-sm-6\"><div class=\"vc_column-inner\"><div class=\"wpb_wrapper\">\n\t<div class=\"wpb_text_column wpb_content_element\" >\n\t\t<div class=\"wpb_wrapper\">\n\t\t\t<h3><b>Full Lifecycle Upgrade &amp; Migration Management<\/b><\/h3>\n<p>Mantener actualizada la infraestructura de su centro de datos es fundamental para el rendimiento, la seguridad y la continuidad operativa. WillowTech gestiona todo el ciclo de vida de la actualizaci\u00f3n y migraci\u00f3n, desde la planificaci\u00f3n hasta la validaci\u00f3n posterior a la migraci\u00f3n, minimizando las interrupciones en los entornos en producci\u00f3n.<\/p>\n<ul>\n<li>Actualizaciones de hardware para servidores, conmutadores, enrutadores y sistemas de almacenamiento.<\/li>\n<li>Actualizaciones de software y firmware en entornos de m\u00faltiples proveedores<\/li>\n<li>Migraci\u00f3n fluida de datos y cargas de trabajo con planificaci\u00f3n de reversi\u00f3n<\/li>\n<li>Asistencia remota y presencial durante toda la migraci\u00f3n.<\/li>\n<li>Pruebas posteriores a la migraci\u00f3n y aprobaci\u00f3n antes de la entrega.<\/li>\n<li>Actualizaciones completas de la documentaci\u00f3n y el registro de activos<\/li>\n<\/ul>\n\n\t\t<\/div>\n\t<\/div>\n<\/div><\/div><\/div><\/div><\/div><\/div><\/div><\/div><div class=\"vc_row-full-width vc_clearfix\"><\/div><div id=\"tm-row-69e65e98b71ab\" data-vc-full-width=\"true\" data-vc-full-width-init=\"false\" class=\"vc_row vc_row-outer vc_row-fluid\"><div id=\"tm-column-69e65e98b740a\" class=\"wpb_column vc_column_container vc_col-sm-12\"><div class=\"vc_column-inner\"><div class=\"wpb_wrapper\"><div id=\"tm-row-inner-69e65e98b7672\" class=\"vc_row vc_inner vc_row-fluid\"><div id=\"tm-column-inner-69e65e98b7892\" class=\"wpb_column vc_column_container vc_col-sm-12\"><div class=\"vc_column-inner\"><div class=\"wpb_wrapper\">\n<div class=\"tm-heading  center tm-animation move-up\" id=\"tm-heading-69e65e98b7a86\">\n\t<h2 class=\"heading\" ><mark>Lo que obtienes<\/mark><\/h2><\/div>\n\n<div class=\"tm-spacer\" id=\"tm-spacer-69e65e98b7d16\"><\/div>\n<\/div><\/div><\/div><\/div><div id=\"tm-row-inner-69e65e98b7de6\" class=\"vc_row vc_inner vc_row-fluid col-sp-2\"><div id=\"tm-column-inner-69e65e98b801c\" class=\"wpb_column vc_column_container vc_col-sm-4\"><div class=\"vc_column-inner\"><div class=\"wpb_wrapper\"><div class=\"tm-box-icon  style-2 style-align-center tm-animation move-up\" id=\"tm-box-icon-69e65e98b8207\">\n\t\t<div class=\"content-wrap\">\n\n\t\t\t<div class=\"image\">\n\t\t\t<img decoding=\"async\" src=\"https:\/\/willowtechgroup.com\/wp-content\/uploads\/2026\/04\/Current-Infrastructure.svg\" alt=\"Current Infrastructure\" \/>\t\t<\/div>\n\t\n\t\n\t<div class=\"content\">\n\t\t<div class=\"box-header\">\n\t\t\t\t\t\t\t<h4 class=\"heading\">\n\t\t\t\t\t\n\t\t\t\t\t\tCurrent Infrastructure\n\t\t\t\t\t\t\n\t\t\t\t<\/h4>\n\t\t\t\t\t<\/div>\n\n\t\t\t\t\t<div class=\"text\">Up-to-date hardware and software across your entire data centre environment.<\/div>\t\t\n\t\t\t\t\t\t\t\n\t\t\t<\/div>\n<\/div>\n<\/div>\n<\/div><\/div><\/div><div id=\"tm-column-inner-69e65e98b9170\" class=\"wpb_column vc_column_container vc_col-sm-4\"><div class=\"vc_column-inner\"><div class=\"wpb_wrapper\"><div class=\"tm-box-icon  style-2 style-align-center tm-animation move-up\" id=\"tm-box-icon-69e65e98b9315\">\n\t\t<div class=\"content-wrap\">\n\n\t\t\t<div class=\"image\">\n\t\t\t<img decoding=\"async\" src=\"https:\/\/willowtechgroup.com\/wp-content\/uploads\/2026\/04\/Zero-Disruption-Migration.svg\" alt=\"Zero-Disruption Migration\" \/>\t\t<\/div>\n\t\n\t\n\t<div class=\"content\">\n\t\t<div class=\"box-header\">\n\t\t\t\t\t\t\t<h4 class=\"heading\">\n\t\t\t\t\t\n\t\t\t\t\t\tZero-Disruption Migration\n\t\t\t\t\t\t\n\t\t\t\t<\/h4>\n\t\t\t\t\t<\/div>\n\n\t\t\t\t\t<div class=\"text\">Careful planning and rollback capability ensure live operations are never put at risk.<\/div>\t\t\n\t\t\t\t\t\t\t\n\t\t\t<\/div>\n<\/div>\n<\/div>\n<\/div><\/div><\/div><div id=\"tm-column-inner-69e65e98ba218\" class=\"wpb_column vc_column_container vc_col-sm-4\"><div class=\"vc_column-inner\"><div class=\"wpb_wrapper\"><div class=\"tm-box-icon  style-2 style-align-center tm-animation move-up\" id=\"tm-box-icon-69e65e98ba3b9\">\n\t\t<div class=\"content-wrap\">\n\n\t\t\t<div class=\"image\">\n\t\t\t<img decoding=\"async\" src=\"https:\/\/willowtechgroup.com\/wp-content\/uploads\/2018\/10\/Full-Documentation.svg\" alt=\"Full Documentation\" \/>\t\t<\/div>\n\t\n\t\n\t<div class=\"content\">\n\t\t<div class=\"box-header\">\n\t\t\t\t\t\t\t<h4 class=\"heading\">\n\t\t\t\t\t\n\t\t\t\t\t\tDocumentaci\u00f3n completa\n\t\t\t\t\t\t\n\t\t\t\t<\/h4>\n\t\t\t\t\t<\/div>\n\n\t\t\t\t\t<div class=\"text\">Updated asset registers, configuration records and sign-off documentation on completion.<\/div>\t\t\n\t\t\t\t\t\t\t\n\t\t\t<\/div>\n<\/div>\n<\/div>\n<\/div><\/div><\/div><\/div><\/div><\/div><\/div><\/div><div class=\"vc_row-full-width vc_clearfix\"><\/div><div id=\"tm-row-69e65e98bb353\" data-vc-full-width=\"true\" data-vc-full-width-init=\"false\" class=\"vc_row vc_row-outer vc_row-fluid\"><div id=\"tm-column-69e65e98bb595\" class=\"wpb_column vc_column_container vc_col-sm-12\"><div class=\"vc_column-inner\"><div class=\"wpb_wrapper\"><div class=\"tm-spacer\" id=\"tm-spacer-69e65e98bb720\"><\/div>\n\n<div class=\"tm-heading  center tm-animation move-up\" id=\"tm-heading-69e65e98bb7cd\">\n\t<h3 class=\"heading\" ><mark>Ready to Upgrade Your Data Centre?<\/mark><\/h3><\/div>\n\n<div class=\"tm-spacer\" id=\"tm-spacer-69e65e98bba60\"><\/div>\n\n<div class=\"tm-heading  center tm-animation move-up\" id=\"tm-heading-69e65e98bbaed\">\n\t<div class=\"heading\" >Talk to our team about your upgrade or migration requirements. We'll plan and deliver with minimal disruption.<\/div><\/div>\n\n<div class=\"tm-spacer\" id=\"tm-spacer-69e65e98bbd68\"><\/div>\n<div class=\"tm-button-wrapper  tm-animation move-up\" id=\"tm-button-69e65e98bbdd3\">\n\t\t<a class=\"tm-button style-flat tm-button-nm tm-button-primary tm-button-\" href=\"https:\/\/willowtechgroup.com\/es\/connect-with-us\/\"\n\t\t\t>\n\n\t\t\n\t\t\t\t\t\t<span class=\"button-text\" data-text=\"Contact Us\">\n\t\t\t\tCont\u00e1ctenos\t\t\t<\/span>\n\t\t\t\n\t\t\n\n\t<\/a>\n<\/div>\n<div class=\"tm-spacer\" id=\"tm-spacer-69e65e98bbe1b\"><\/div>\n<\/div><\/div><\/div><\/div><div class=\"vc_row-full-width vc_clearfix\"><\/div><div id=\"tm-row-69e65e98bbf1a\" class=\"vc_row vc_row-outer vc_row-fluid\"><div id=\"tm-column-69e65e98bc1a4\" class=\"wpb_column vc_column_container vc_col-sm-12\"><div class=\"vc_column-inner\"><div class=\"wpb_wrapper\">\n\t<div class=\"wpb_raw_code wpb_content_element wpb_raw_html\" >\n\t\t<div class=\"wpb_wrapper\">\n\t\t\t<style>\n.wt-vendor-table-wrap {\n  margin-top: 10px;\n  overflow-x: auto;\n  border-radius: 8px;\n}\n.wt-vendor-table {\n  width: 100%;\n  border-collapse: collapse;\n  border: 1px solid #c5d3df;\n  background: #dff0fb;\n  min-width: 720px;\n}\n.wt-vendor-table th,\n.wt-vendor-table td {\n  border: 1px solid #c5d3df;\n  padding: 12px 16px;\n  text-align: left;\n  vertical-align: top;\n}\n.wt-vendor-table th {\n  font-size: 13px;\n  text-transform: none;\n  letter-spacing: 0;\n  color: #0F1F59;\n  background: #f3f7fb;\n  font-weight: 700;\n}\n.wt-vendor-table td {\n  font-size: 14px;\n  color: #0F1F59;\n  line-height: 1.55;\n  font-weight: 600;\n}\n.wt-vendor-table tbody tr:nth-child(even) td {\n  background: rgba(255,255,255,0.22);\n}\n.wt-vendor-table td:first-child {\n  width: 220px;\n  font-weight: 700;\n  color: #0F1F59;\n}\n@media (max-width: 700px) {\n  .wt-vendor-table-wrap {\n    overflow-x: visible;\n  }\n  .wt-vendor-table {\n    min-width: 0;\n    border: 0;\n    background: transparent;\n  }\n  .wt-vendor-table thead {\n    display: none;\n  }\n  .wt-vendor-table tbody tr {\n    display: block;\n    border: 1px solid #c5d3df;\n    border-radius: 8px;\n    background: #dff0fb;\n    margin-bottom: 12px;\n    overflow: hidden;\n  }\n  .wt-vendor-table tbody tr:nth-child(even) td {\n    background: transparent;\n  }\n  .wt-vendor-table td {\n    display: block;\n    border: 0;\n    border-top: 1px solid #c5d3df;\n    padding: 10px 12px;\n    font-size: 13px;\n    width: 100%;\n  }\n  .wt-vendor-table td:first-child {\n    width: 100%;\n    border-top: 0;\n    font-size: 14px;\n    font-weight: 700;\n    background: #f3f7fb;\n  }\n}\n.icon-s img {\n    max-width: 125px;\n}\n#tm-heading-69d9054967282 .heading {\n    max-width: 770px;\n    color: #0F1F59 !important;\n}\n.col-sp-2 img {\n    width: 75px;\n}\n<\/style>\n\t\t<\/div>\n\t<\/div>\n<\/div><\/div><\/div><\/div>\n<\/section>","protected":false},"excerpt":{"rendered":"Data Centre Services Upgrades &amp; Migrations Hardware and software upgrades for servers, networking equipment and storage with seamless migration planning, remote support, and post-migration validation built in from the start. Talk to Our Team Full Lifecycle Upgrade &amp; Migration Management Keeping your data centre infrastructure current is critical to performance, security, and operational continuity. WillowTech manages the full upgrade and migration lifecycle from planning through to post-migration validation with minimal disruption to live environments. Hardware upgrades for servers, switches, routers and storage arrays Software and firmware upgrades across multi-vendor environments Seamless data and workload migration with rollback planning Remote hands and on-site support throughout the migration Post-migration testing and sign-off before handover Full documentation and asset register updates What You Get Current Infrastructure Up-to-date hardware and software across your entire data centre environment. Zero-Disruption Migration Careful planning and rollback capability ensure live operations are never put at risk. Full Documentation Updated asset registers, configuration records and sign-off documentation on completion. Ready to Upgrade Your Data Centre? Talk to our team about your upgrade or migration requirements. We'll plan and deliver with minimal disruption. Contact Us","protected":false},"author":1,"featured_media":0,"parent":5599,"menu_order":0,"comment_status":"closed","ping_status":"closed","template":"","meta":{"content-type":"","footnotes":""},"class_list":["post-5782","page","type-page","status-publish","hentry"],"yoast_head":"<!-- This site is optimized with the Yoast SEO plugin v27.4 - https:\/\/yoast.com\/product\/yoast-seo-wordpress\/ -->\n<title>Upgrades &amp; Migrations - WillowTech Group<\/title>\n<meta name=\"robots\" content=\"index, follow, max-snippet:-1, max-image-preview:large, max-video-preview:-1\" \/>\n<link rel=\"canonical\" href=\"https:\/\/willowtechgroup.com\/es\/data-centre-services\/upgrades-migrations\/\" \/>\n<meta property=\"og:locale\" content=\"es_ES\" \/>\n<meta property=\"og:type\" content=\"article\" \/>\n<meta property=\"og:title\" content=\"Upgrades &amp; Migrations - WillowTech Group\" \/>\n<meta property=\"og:url\" content=\"https:\/\/willowtechgroup.com\/es\/data-centre-services\/upgrades-migrations\/\" \/>\n<meta property=\"og:site_name\" content=\"WillowTech Group\" \/>\n<meta property=\"article:modified_time\" content=\"2026-04-20T08:51:31+00:00\" \/>\n<meta name=\"twitter:card\" content=\"summary_large_image\" \/>\n<meta name=\"twitter:label1\" content=\"Tiempo de lectura\" \/>\n\t<meta name=\"twitter:data1\" content=\"4 minutos\" \/>\n<script type=\"application\/ld+json\" class=\"yoast-schema-graph\">{\"@context\":\"https:\\\/\\\/schema.org\",\"@graph\":[{\"@type\":\"WebPage\",\"@id\":\"https:\\\/\\\/willowtechgroup.com\\\/data-centre-services\\\/upgrades-migrations\\\/\",\"url\":\"https:\\\/\\\/willowtechgroup.com\\\/data-centre-services\\\/upgrades-migrations\\\/\",\"name\":\"Upgrades & Migrations - WillowTech Group\",\"isPartOf\":{\"@id\":\"https:\\\/\\\/willowtechgroup.com\\\/#website\"},\"datePublished\":\"2026-04-14T13:32:38+00:00\",\"dateModified\":\"2026-04-20T08:51:31+00:00\",\"breadcrumb\":{\"@id\":\"https:\\\/\\\/willowtechgroup.com\\\/data-centre-services\\\/upgrades-migrations\\\/#breadcrumb\"},\"inLanguage\":\"es\",\"potentialAction\":[{\"@type\":\"ReadAction\",\"target\":[\"https:\\\/\\\/willowtechgroup.com\\\/data-centre-services\\\/upgrades-migrations\\\/\"]}]},{\"@type\":\"BreadcrumbList\",\"@id\":\"https:\\\/\\\/willowtechgroup.com\\\/data-centre-services\\\/upgrades-migrations\\\/#breadcrumb\",\"itemListElement\":[{\"@type\":\"ListItem\",\"position\":1,\"name\":\"Home\",\"item\":\"https:\\\/\\\/willowtechgroup.com\\\/\"},{\"@type\":\"ListItem\",\"position\":2,\"name\":\"Data Centre Services\",\"item\":\"https:\\\/\\\/willowtechgroup.com\\\/data-centre-services\\\/\"},{\"@type\":\"ListItem\",\"position\":3,\"name\":\"Upgrades &#038; Migrations\"}]},{\"@type\":\"WebSite\",\"@id\":\"https:\\\/\\\/willowtechgroup.com\\\/#website\",\"url\":\"https:\\\/\\\/willowtechgroup.com\\\/\",\"name\":\"WillowTech Group\",\"description\":\"IT Consultation &amp; Services\",\"publisher\":{\"@id\":\"https:\\\/\\\/willowtechgroup.com\\\/#organization\"},\"potentialAction\":[{\"@type\":\"SearchAction\",\"target\":{\"@type\":\"EntryPoint\",\"urlTemplate\":\"https:\\\/\\\/willowtechgroup.com\\\/?s={search_term_string}\"},\"query-input\":{\"@type\":\"PropertyValueSpecification\",\"valueRequired\":true,\"valueName\":\"search_term_string\"}}],\"inLanguage\":\"es\"},{\"@type\":\"Organization\",\"@id\":\"https:\\\/\\\/willowtechgroup.com\\\/#organization\",\"name\":\"WillowTech Group\",\"url\":\"https:\\\/\\\/willowtechgroup.com\\\/\",\"logo\":{\"@type\":\"ImageObject\",\"inLanguage\":\"es\",\"@id\":\"https:\\\/\\\/willowtechgroup.com\\\/#\\\/schema\\\/logo\\\/image\\\/\",\"url\":\"https:\\\/\\\/willowtechgroup.com\\\/wp-content\\\/uploads\\\/2018\\\/10\\\/Logo-290X70-3.svg\",\"contentUrl\":\"https:\\\/\\\/willowtechgroup.com\\\/wp-content\\\/uploads\\\/2018\\\/10\\\/Logo-290X70-3.svg\",\"width\":\"1024\",\"height\":\"1024\",\"caption\":\"WillowTech Group\"},\"image\":{\"@id\":\"https:\\\/\\\/willowtechgroup.com\\\/#\\\/schema\\\/logo\\\/image\\\/\"}}]}<\/script>\n<!-- \/ Yoast SEO plugin. -->","yoast_head_json":{"title":"Upgrades & Migrations - WillowTech Group","robots":{"index":"index","follow":"follow","max-snippet":"max-snippet:-1","max-image-preview":"max-image-preview:large","max-video-preview":"max-video-preview:-1"},"canonical":"https:\/\/willowtechgroup.com\/es\/data-centre-services\/upgrades-migrations\/","og_locale":"es_ES","og_type":"article","og_title":"Upgrades & Migrations - WillowTech Group","og_url":"https:\/\/willowtechgroup.com\/es\/data-centre-services\/upgrades-migrations\/","og_site_name":"WillowTech Group","article_modified_time":"2026-04-20T08:51:31+00:00","twitter_card":"summary_large_image","twitter_misc":{"Tiempo de lectura":"4 minutos"},"schema":{"@context":"https:\/\/schema.org","@graph":[{"@type":"WebPage","@id":"https:\/\/willowtechgroup.com\/data-centre-services\/upgrades-migrations\/","url":"https:\/\/willowtechgroup.com\/data-centre-services\/upgrades-migrations\/","name":"Upgrades & Migrations - WillowTech Group","isPartOf":{"@id":"https:\/\/willowtechgroup.com\/#website"},"datePublished":"2026-04-14T13:32:38+00:00","dateModified":"2026-04-20T08:51:31+00:00","breadcrumb":{"@id":"https:\/\/willowtechgroup.com\/data-centre-services\/upgrades-migrations\/#breadcrumb"},"inLanguage":"es","potentialAction":[{"@type":"ReadAction","target":["https:\/\/willowtechgroup.com\/data-centre-services\/upgrades-migrations\/"]}]},{"@type":"BreadcrumbList","@id":"https:\/\/willowtechgroup.com\/data-centre-services\/upgrades-migrations\/#breadcrumb","itemListElement":[{"@type":"ListItem","position":1,"name":"Home","item":"https:\/\/willowtechgroup.com\/"},{"@type":"ListItem","position":2,"name":"Data Centre Services","item":"https:\/\/willowtechgroup.com\/data-centre-services\/"},{"@type":"ListItem","position":3,"name":"Upgrades &#038; Migrations"}]},{"@type":"WebSite","@id":"https:\/\/willowtechgroup.com\/#website","url":"https:\/\/willowtechgroup.com\/","name":"Grupo Willow Tech","description":"Consultor\u00eda y servicios de TI","publisher":{"@id":"https:\/\/willowtechgroup.com\/#organization"},"potentialAction":[{"@type":"SearchAction","target":{"@type":"EntryPoint","urlTemplate":"https:\/\/willowtechgroup.com\/?s={search_term_string}"},"query-input":{"@type":"PropertyValueSpecification","valueRequired":true,"valueName":"search_term_string"}}],"inLanguage":"es"},{"@type":"Organization","@id":"https:\/\/willowtechgroup.com\/#organization","name":"Grupo Willow Tech","url":"https:\/\/willowtechgroup.com\/","logo":{"@type":"ImageObject","inLanguage":"es","@id":"https:\/\/willowtechgroup.com\/#\/schema\/logo\/image\/","url":"https:\/\/willowtechgroup.com\/wp-content\/uploads\/2018\/10\/Logo-290X70-3.svg","contentUrl":"https:\/\/willowtechgroup.com\/wp-content\/uploads\/2018\/10\/Logo-290X70-3.svg","width":"1024","height":"1024","caption":"WillowTech Group"},"image":{"@id":"https:\/\/willowtechgroup.com\/#\/schema\/logo\/image\/"}}]}},"_links":{"self":[{"href":"https:\/\/willowtechgroup.com\/es\/wp-json\/wp\/v2\/pages\/5782","targetHints":{"allow":["GET"]}}],"collection":[{"href":"https:\/\/willowtechgroup.com\/es\/wp-json\/wp\/v2\/pages"}],"about":[{"href":"https:\/\/willowtechgroup.com\/es\/wp-json\/wp\/v2\/types\/page"}],"author":[{"embeddable":true,"href":"https:\/\/willowtechgroup.com\/es\/wp-json\/wp\/v2\/users\/1"}],"replies":[{"embeddable":true,"href":"https:\/\/willowtechgroup.com\/es\/wp-json\/wp\/v2\/comments?post=5782"}],"version-history":[{"count":7,"href":"https:\/\/willowtechgroup.com\/es\/wp-json\/wp\/v2\/pages\/5782\/revisions"}],"predecessor-version":[{"id":5832,"href":"https:\/\/willowtechgroup.com\/es\/wp-json\/wp\/v2\/pages\/5782\/revisions\/5832"}],"up":[{"embeddable":true,"href":"https:\/\/willowtechgroup.com\/es\/wp-json\/wp\/v2\/pages\/5599"}],"wp:attachment":[{"href":"https:\/\/willowtechgroup.com\/es\/wp-json\/wp\/v2\/media?parent=5782"}],"curies":[{"name":"gracias","href":"https:\/\/api.w.org\/{rel}","templated":true}]}}