{"id":5875,"date":"2026-04-22T08:15:59","date_gmt":"2026-04-22T07:15:59","guid":{"rendered":"https:\/\/willowtechgroup.com\/?page_id=5875"},"modified":"2026-04-22T10:09:49","modified_gmt":"2026-04-22T09:09:49","slug":"nms-oss-network","status":"publish","type":"page","link":"https:\/\/willowtechgroup.com\/es\/nms-oss-network\/","title":{"rendered":"Red NMS\/OSS"},"content":{"rendered":"<section class=\"wpb-content-wrapper\"><div id=\"tm-row-6a0462ee14f5b\" data-vc-full-width=\"true\" data-vc-full-width-init=\"false\" class=\"vc_row vc_row-outer vc_row-fluid\"><div id=\"tm-column-6a0462ee15478\" class=\"wpb_column vc_column_container vc_col-sm-12\"><div class=\"vc_column-inner\"><div class=\"wpb_wrapper\"><div class=\"tm-spacer\" id=\"tm-spacer-6a0462ee1572b\"><\/div>\n\n<div class=\"tm-heading  center tm-animation move-up\" id=\"tm-heading-6a0462ee1585b\">\n\t<h3 class=\"heading\" >Red NMS\/OSS<\/h3><\/div>\n\n<div class=\"tm-spacer\" id=\"tm-spacer-6a0462ee15ce4\"><\/div>\n\n<div class=\"tm-heading  center tm-animation move-up\" id=\"tm-heading-6a0462ee15de1\">\n\t<div class=\"heading\" >Los sistemas de gesti\u00f3n de red (NMS) y los sistemas de soporte operativo (OSS) constituyen la columna vertebral operativa de cualquier red de telecomunicaciones. Proporcionan a los operadores visibilidad, control y automatizaci\u00f3n unificados a lo largo de todo el ciclo de vida de la red, desde la detecci\u00f3n de fallos y la monitorizaci\u00f3n del rendimiento hasta la gesti\u00f3n de la configuraci\u00f3n y la prestaci\u00f3n de servicios.<\/div><\/div>\n\n\n<div class=\"tm-heading vc_custom_1776848503327  center tm-animation move-up\" id=\"tm-heading-6a0462ee16363\">\n\t<div class=\"heading\" >A medida que las redes se vuelven m\u00e1s complejas al incorporar RAN 5G, n\u00facleo virtualizado, transporte desagregado y funciones nativas de la nube, las exigencias sobre las plataformas NMS\/OSS son mayores que nunca. El equipo de especialistas de WillowTech ayuda a los operadores a implementar, integrar y optimizar estos sistemas para garantizar operaciones de red continuas y confiables.<\/div><\/div>\n\n<div class=\"tm-spacer\" id=\"tm-spacer-6a0462ee16860\"><\/div>\n<\/div><\/div><\/div><\/div><div class=\"vc_row-full-width vc_clearfix\"><\/div><div id=\"tm-row-6a0462ee16a20\" class=\"vc_row vc_row-outer vc_row-fluid vc_row-o-equal-height vc_row-flex\"><div id=\"tm-column-6a0462ee16dd3\" class=\"wpb_column vc_column_container vc_col-sm-12\"><div class=\"vc_column-inner\"><div class=\"wpb_wrapper\"><div id=\"tm-row-inner-6a0462ee171eb\" class=\"vc_row vc_inner vc_row-fluid\"><div id=\"tm-column-inner-6a0462ee175c7\" class=\"wpb_column vc_column_container vc_col-sm-12\"><div class=\"vc_column-inner\"><div class=\"wpb_wrapper\">\n<div class=\"tm-heading  left tm-animation move-up\" id=\"tm-heading-6a0462ee178c6\">\n\t<h3 class=\"heading\" >Capacidades NMS\/OSS<\/h3><\/div>\n\n\n<div class=\"tm-heading vc_custom_1776842581562  left tm-animation move-up\" id=\"tm-heading-6a0462ee17e77\">\n\t<div class=\"heading\" >Nuestra pr\u00e1ctica de NMS\/OSS abarca el modelo FCAPS completo y se extiende a la orquestaci\u00f3n de servicios modernos, lo que permite a los operadores gestionar de forma eficaz las redes complejas y heterog\u00e9neas actuales:<\/div><\/div>\n\n<div class=\"tm-spacer\" id=\"tm-spacer-6a0462ee18325\"><\/div>\n<div class=\"tm-spacer\" id=\"tm-spacer-6a0462ee18379\"><\/div>\n\n\n\t<div class=\"tm-list  style-circle tm-animation move-up\" id=\"tm-list-6a0462ee18446\">\n\t\t\t\t\t<div class=\"list-item\">\n\n\t\t\t\t<div class=\"list-header\">\n\t\t\t\t\t<div class=\"marker\">\n\n\t\t\t\t\t\t\n\t\t\t\t\t<\/div>\n\n\t\t\t\t\t<div class=\"title-wrap\">\n\t\t\t\t\t\t\t\t\t\t\t\t\t<h6 class=\"title\">\n\t\t\t\t\t\t\t\t\t\t\t\t\t\t\t\t\tGesti\u00f3n de fallos y correlaci\u00f3n de alarmas\n\t\t\t\t\t\t\t\t\t\n\t\t\t\t\t\t\t\t\t\t\t\t\t\t\t\t<\/h6>\n\t\t\t\t\t\t\n\t\t\t\t\t\t\t\t\t\t\t\t\t\t\t\t\t\t\t\t\t\t\t\t<\/div>\n\t\t\t\t<\/div>\n\n\t\t\t\t\n\t\t\t<\/div>\n\t\t\t\t\t<div class=\"list-item\">\n\n\t\t\t\t<div class=\"list-header\">\n\t\t\t\t\t<div class=\"marker\">\n\n\t\t\t\t\t\t\n\t\t\t\t\t<\/div>\n\n\t\t\t\t\t<div class=\"title-wrap\">\n\t\t\t\t\t\t\t\t\t\t\t\t\t<h6 class=\"title\">\n\t\t\t\t\t\t\t\t\t\t\t\t\t\t\t\t\tGesti\u00f3n de la configuraci\u00f3n y los cambios\n\t\t\t\t\t\t\t\t\t\n\t\t\t\t\t\t\t\t\t\t\t\t\t\t\t\t<\/h6>\n\t\t\t\t\t\t\n\t\t\t\t\t\t\t\t\t\t\t\t\t\t\t\t\t\t\t\t\t\t\t\t<\/div>\n\t\t\t\t<\/div>\n\n\t\t\t\t\n\t\t\t<\/div>\n\t\t\t\t\t<div class=\"list-item\">\n\n\t\t\t\t<div class=\"list-header\">\n\t\t\t\t\t<div class=\"marker\">\n\n\t\t\t\t\t\t\n\t\t\t\t\t<\/div>\n\n\t\t\t\t\t<div class=\"title-wrap\">\n\t\t\t\t\t\t\t\t\t\t\t\t\t<h6 class=\"title\">\n\t\t\t\t\t\t\t\t\t\t\t\t\t\t\t\t\tInventario y topolog\u00eda de la red\n\t\t\t\t\t\t\t\t\t\n\t\t\t\t\t\t\t\t\t\t\t\t\t\t\t\t<\/h6>\n\t\t\t\t\t\t\n\t\t\t\t\t\t\t\t\t\t\t\t\t\t\t\t\t\t\t\t\t\t\t\t<\/div>\n\t\t\t\t<\/div>\n\n\t\t\t\t\n\t\t\t<\/div>\n\t\t\t\t\t<div class=\"list-item\">\n\n\t\t\t\t<div class=\"list-header\">\n\t\t\t\t\t<div class=\"marker\">\n\n\t\t\t\t\t\t\n\t\t\t\t\t<\/div>\n\n\t\t\t\t\t<div class=\"title-wrap\">\n\t\t\t\t\t\t\t\t\t\t\t\t\t<h6 class=\"title\">\n\t\t\t\t\t\t\t\t\t\t\t\t\t\t\t\t\tGesti\u00f3n de elementos de m\u00faltiples proveedores\n\t\t\t\t\t\t\t\t\t\n\t\t\t\t\t\t\t\t\t\t\t\t\t\t\t\t<\/h6>\n\t\t\t\t\t\t\n\t\t\t\t\t\t\t\t\t\t\t\t\t\t\t\t\t\t\t\t\t\t\t\t<\/div>\n\t\t\t\t<\/div>\n\n\t\t\t\t\n\t\t\t<\/div>\n\t\t\t\t\t<div class=\"list-item\">\n\n\t\t\t\t<div class=\"list-header\">\n\t\t\t\t\t<div class=\"marker\">\n\n\t\t\t\t\t\t\n\t\t\t\t\t<\/div>\n\n\t\t\t\t\t<div class=\"title-wrap\">\n\t\t\t\t\t\t\t\t\t\t\t\t\t<h6 class=\"title\">\n\t\t\t\t\t\t\t\t\t\t\t\t\t\t\t\t\tGesti\u00f3n del rendimiento y an\u00e1lisis de KPI\n\t\t\t\t\t\t\t\t\t\n\t\t\t\t\t\t\t\t\t\t\t\t\t\t\t\t<\/h6>\n\t\t\t\t\t\t\n\t\t\t\t\t\t\t\t\t\t\t\t\t\t\t\t\t\t\t\t\t\t\t\t<\/div>\n\t\t\t\t<\/div>\n\n\t\t\t\t\n\t\t\t<\/div>\n\t\t\t\t\t<div class=\"list-item\">\n\n\t\t\t\t<div class=\"list-header\">\n\t\t\t\t\t<div class=\"marker\">\n\n\t\t\t\t\t\t\n\t\t\t\t\t<\/div>\n\n\t\t\t\t\t<div class=\"title-wrap\">\n\t\t\t\t\t\t\t\t\t\t\t\t\t<h6 class=\"title\">\n\t\t\t\t\t\t\t\t\t\t\t\t\t\t\t\t\tPedido y cumplimiento del servicio\n\t\t\t\t\t\t\t\t\t\n\t\t\t\t\t\t\t\t\t\t\t\t\t\t\t\t<\/h6>\n\t\t\t\t\t\t\n\t\t\t\t\t\t\t\t\t\t\t\t\t\t\t\t\t\t\t\t\t\t\t\t<\/div>\n\t\t\t\t<\/div>\n\n\t\t\t\t\n\t\t\t<\/div>\n\t\t\t\t\t<div class=\"list-item\">\n\n\t\t\t\t<div class=\"list-header\">\n\t\t\t\t\t<div class=\"marker\">\n\n\t\t\t\t\t\t\n\t\t\t\t\t<\/div>\n\n\t\t\t\t\t<div class=\"title-wrap\">\n\t\t\t\t\t\t\t\t\t\t\t\t\t<h6 class=\"title\">\n\t\t\t\t\t\t\t\t\t\t\t\t\t\t\t\t\tSupervisi\u00f3n y garant\u00eda de los acuerdos de nivel de servicio (SLA)\n\t\t\t\t\t\t\t\t\t\n\t\t\t\t\t\t\t\t\t\t\t\t\t\t\t\t<\/h6>\n\t\t\t\t\t\t\n\t\t\t\t\t\t\t\t\t\t\t\t\t\t\t\t\t\t\t\t\t\t\t\t<\/div>\n\t\t\t\t<\/div>\n\n\t\t\t\t\n\t\t\t<\/div>\n\t\t\t\t\t<div class=\"list-item\">\n\n\t\t\t\t<div class=\"list-header\">\n\t\t\t\t\t<div class=\"marker\">\n\n\t\t\t\t\t\t\n\t\t\t\t\t<\/div>\n\n\t\t\t\t\t<div class=\"title-wrap\">\n\t\t\t\t\t\t\t\t\t\t\t\t\t<h6 class=\"title\">\n\t\t\t\t\t\t\t\t\t\t\t\t\t\t\t\t\tIntegraci\u00f3n OSS\/BSS\n\t\t\t\t\t\t\t\t\t\n\t\t\t\t\t\t\t\t\t\t\t\t\t\t\t\t<\/h6>\n\t\t\t\t\t\t\n\t\t\t\t\t\t\t\t\t\t\t\t\t\t\t\t\t\t\t\t\t\t\t\t<\/div>\n\t\t\t\t<\/div>\n\n\t\t\t\t\n\t\t\t<\/div>\n\t\t\t<\/div>\n\n\t<div class=\"tm-spacer\" id=\"tm-spacer-6a0462ee18cee\"><\/div>\n<\/div><\/div><\/div><\/div><\/div><\/div><\/div><\/div><div id=\"tm-row-6a0462ee18f56\" data-vc-full-width=\"true\" data-vc-full-width-init=\"false\" class=\"vc_row vc_row-outer vc_row-fluid\"><div id=\"tm-column-6a0462ee19659\" class=\"wpb_column vc_column_container vc_col-sm-12\"><div class=\"vc_column-inner\"><div class=\"wpb_wrapper\"><div id=\"tm-row-inner-6a0462ee19a27\" class=\"vc_row vc_inner vc_row-fluid vc_row-o-equal-height vc_row-flex\"><div id=\"tm-column-inner-6a0462ee19de2\" class=\"wpb_column vc_column_container vc_col-sm-6\"><div class=\"vc_column-inner\"><div class=\"wpb_wrapper\"><div class=\"tm-spacer\" id=\"tm-spacer-6a0462ee1a3d4\"><\/div>\n<\/div><\/div><\/div><div id=\"tm-column-inner-6a0462ee1a560\" class=\"wpb_column vc_column_container vc_col-sm-6\"><div class=\"vc_column-inner\"><div class=\"wpb_wrapper\">\n<div class=\"tm-heading  left tm-animation move-up\" id=\"tm-heading-6a0462ee1a8ce\">\n\t<h3 class=\"heading\" >Cobertura de la plataforma NMS\/OSS<\/h3><\/div>\n\n\n<div class=\"tm-heading vc_custom_1776845730646  left tm-animation move-up\" id=\"tm-heading-6a0462ee1ae7b\">\n\t<div class=\"heading\" >Nuestros especialistas cuentan con experiencia pr\u00e1ctica en las principales plataformas NMS\/OSS e implementaciones de proveedores.<\/p>\n<ul>\n<li><b>Gesti\u00f3n de fallos y alarmas<\/b>\n<ul>\n<li>Recopilaci\u00f3n y normalizaci\u00f3n de alarmas en tiempo real en elementos de red de m\u00faltiples proveedores.<\/li>\n<li>An\u00e1lisis de la causa ra\u00edz y motores de correlaci\u00f3n automatizados<\/li>\n<li>Integraci\u00f3n con plataformas ITSM para la creaci\u00f3n automatizada de tickets.<\/li>\n<li>Flujos de trabajo de supresi\u00f3n, filtrado y escalamiento de alarmas<\/li>\n<\/ul>\n<\/li>\n<li><b>Gesti\u00f3n del desempe\u00f1o<\/b>\n<ul>\n<li>Recopilaci\u00f3n de KPI\/KQI de las capas RAN, central, de transporte y de acceso fijo.<\/li>\n<li>Paneles de alerta y tendencias basados en umbrales<\/li>\n<li>An\u00e1lisis de planificaci\u00f3n de capacidad e identificaci\u00f3n de congesti\u00f3n<\/li>\n<li>Monitoreo de la calidad del servicio de principio a fin<\/li>\n<\/ul>\n<\/li>\n<\/ul>\n<p><\/div><\/div>\n\n<\/div><\/div><\/div><\/div><div id=\"tm-row-inner-6a0462ee1b4c9\" class=\"vc_row vc_inner vc_row-fluid vc_row-o-equal-height vc_row-flex\"><div id=\"tm-column-inner-6a0462ee1b880\" class=\"wpb_column vc_column_container vc_col-sm-6\"><div class=\"vc_column-inner\"><div class=\"wpb_wrapper\">\n<div class=\"tm-heading vc_custom_1776845809195  left tm-animation move-up\" id=\"tm-heading-6a0462ee1bbb7\">\n\t<div class=\"heading\" ><\/p>\n<ul>\n<li><b>Gesti\u00f3n de la configuraci\u00f3n<\/b>\n<ul>\n<li>Aprovisionamiento basado en NETCONF\/YANG y RESTCONF<\/li>\n<li>Implementaci\u00f3n y reversi\u00f3n de configuraci\u00f3n masiva<\/li>\n<li>Auditor\u00eda de configuraci\u00f3n, comprobaci\u00f3n de cumplimiento y control de versiones<\/li>\n<li>Compatibilidad con OpenConfig y modelos nativos del proveedor<\/li>\n<\/ul>\n<\/li>\n<li><b>Orquestaci\u00f3n de servicios y OSS<\/b>\n<ul>\n<li>Gesti\u00f3n y cumplimiento del ciclo de vida del servicio de principio a fin.<\/li>\n<li>API de nivel superior basadas en intenciones alineadas con las API abiertas de TMF.<\/li>\n<li>Integraci\u00f3n con sistemas BSS, de facturaci\u00f3n y CRM.<\/li>\n<li>Marcos de orquestaci\u00f3n alineados con ETSI MANO y ONAP<\/li>\n<\/ul>\n<\/li>\n<\/ul>\n<p><\/div><\/div>\n\n<\/div><\/div><\/div><div id=\"tm-column-inner-6a0462ee1c22d\" class=\"wpb_column vc_column_container vc_col-sm-6\"><div class=\"vc_column-inner\"><div class=\"wpb_wrapper\"><div class=\"tm-spacer\" id=\"tm-spacer-6a0462ee1c8ea\"><\/div>\n<\/div><\/div><\/div><\/div><\/div><\/div><\/div><\/div><div class=\"vc_row-full-width vc_clearfix\"><\/div><div id=\"tm-row-6a0462ee1cba8\" class=\"vc_row vc_row-outer vc_row-fluid\"><div id=\"tm-column-6a0462ee1cf9b\" class=\"wpb_column vc_column_container vc_col-sm-12\"><div class=\"vc_column-inner\"><div class=\"wpb_wrapper\"><\/div><\/div><\/div><\/div><div id=\"tm-row-6a0462ee1d442\" class=\"vc_row vc_row-outer vc_row-fluid vc_row-o-equal-height vc_row-flex\"><div id=\"tm-column-6a0462ee1d81a\" class=\"wpb_column vc_column_container vc_col-sm-12\"><div class=\"vc_column-inner\"><div class=\"wpb_wrapper\"><div id=\"tm-row-inner-6a0462ee1dbd5\" class=\"vc_row vc_inner vc_row-fluid\"><div id=\"tm-column-inner-6a0462ee1df9c\" class=\"wpb_column vc_column_container vc_col-sm-12\"><div class=\"vc_column-inner\"><div class=\"wpb_wrapper\">\n<div class=\"tm-heading  center tm-animation move-up\" id=\"tm-heading-6a0462ee1e316\">\n\t<h3 class=\"heading\" >Cobertura de proveedores y plataformas<\/h3><\/div>\n\n<div class=\"tm-spacer\" id=\"tm-spacer-6a0462ee1e830\"><\/div>\n<\/div><\/div><\/div><\/div>\n\t<div class=\"wpb_raw_code wpb_content_element wpb_raw_html\" >\n\t\t<div class=\"wpb_wrapper\">\n\t\t\t<style>\n  .vendor-table {\n    border-collapse: collapse;\n    width: 100%;\n    text-align: center; \/* center all content *\/\n  }\n\n  .vendor-table td {\n    border: 1px solid #0A1642;\n    padding: 8px;\n    font-size: 16px;\nfont-weight: 500;\n  }\n\n\n  \/* Responsive *\/\n  @media (max-width: 600px) {\n    .vendor-table tr {\n      display: block;\n      margin-bottom: 10px;\n    }\n\n    .vendor-table td {\n      display: block;\n      width: 100%;\n    }\n  }\n<\/style>\n\n<table class=\"vendor-table\">\n  <tbody>\n    <tr>\n      <td>Ericsson ENM<\/td>\n      <td>Nokia NetAct<\/td>\n      <td>Huawei iMaster NCE<\/td>\n      <td>ZTE ZXNM<\/td>\n    <\/tr>\n    <tr>\n      <td>IBM Netcool<\/td>\n      <td>HPE Norteam\u00e9rica<\/td>\n      <td>Amdocs OSS<\/td>\n      <td>Comarca OSS<\/td>\n    <\/tr>\n    <tr>\n      <td>ONAP<\/td>\n      <td>Luz diurna abierta<\/td>\n      <td>Netcracker<\/td>\n      <td>Infosys<\/td>\n    <\/tr>\n  <\/tbody>\n<\/table>\n\t\t<\/div>\n\t<\/div>\n<\/div><\/div><\/div><\/div><div id=\"tm-row-6a0462ee1ebeb\" class=\"vc_row vc_row-outer vc_row-fluid\"><div id=\"tm-column-6a0462ee1efbf\" class=\"wpb_column vc_column_container vc_col-sm-12\"><div class=\"vc_column-inner\"><div class=\"wpb_wrapper\">\n\t<div class=\"wpb_text_column wpb_content_element\" >\n\t\t<div class=\"wpb_wrapper\">\n\t\t\t\n\t\t<\/div>\n\t<\/div>\n<\/div><\/div><\/div><\/div><div id=\"tm-row-6a0462ee1f454\" data-vc-full-width=\"true\" data-vc-full-width-init=\"false\" class=\"vc_row vc_row-outer vc_row-fluid\"><div id=\"tm-column-6a0462ee1f807\" class=\"wpb_column vc_column_container vc_col-sm-12\"><div class=\"vc_column-inner\"><div class=\"wpb_wrapper\">\n\t<div class=\"wpb_raw_code wpb_content_element wpb_raw_html\" >\n\t\t<div class=\"wpb_wrapper\">\n\t\t\t<style>\n#tm-row-inner-69e870d0e1525 > .wpb_column:last-child .tm-box-icon.style-2 .content-wrap {\n    padding-bottom: 0px !important;\n}\n<\/style>\n\t\t<\/div>\n\t<\/div>\n<\/div><\/div><\/div><\/div><div class=\"vc_row-full-width vc_clearfix\"><\/div>\n<\/section>","protected":false},"excerpt":{"rendered":"NMS \/ OSS Network Network Management Systems (NMS) and Operational Support Systems (OSS) form the operational backbone of any telecommunications network. They provide operators with unified visibility, control and automation across the full network lifecycle from fault detection and performance monitoring to configuration management and service fulfilment. As networks grow in complexity incorporating 5G RAN, virtualised core, disaggregated transport and cloud-native functions the demands placed on NMS\/OSS platforms have never been greater. WillowTech's team of specialists supports operators in deploying, integrating and optimising these systems to ensure continuous, reliable network operations. NMS \/ OSS capabilities Our NMS\/OSS practice covers the full FCAPS model and extends into modern service orchestration, enabling operators to manage today&#39;s complex, heterogeneous networks effectively: Fault management &amp; alarm correlation Configuration &amp; change management Network inventory &amp; topology Multi-vendor element management Performance management &amp; KPI analytics Service order &amp; fulfilment SLA monitoring &amp; assurance OSS\/BSS integration NMS \/ OSS Platform Coverage Our specialists have hands-on experience across the leading NMS\/OSS platforms and vendor implementations. Fault &amp; Alarm Management Real-time alarm collection and normalisation across multi-vendor network elements Root cause analysis and automated correlation engines Integration with ITSM platforms for automated ticket creation Alarm suppression, filtering and escalation workflows Performance Management KPI\/KQI collection from RAN, core, transport and fixed access layers Threshold-based alerting and trending dashboards Capacity planning analytics and congestion identification End-to-end service quality monitoring Configuration Management NETCONF\/YANG and RESTCONF-based provisioning Bulk configuration deployment and rollback Configuration audit, compliance checking and version control OpenConfig and vendor-native model support Service Orchestration &amp; OSS End-to-end service lifecycle management and fulfilment Intent-based northbound APIs aligned to TMF Open APIs Integration with BSS, billing and CRM systems ETSI MANO and ONAP-aligned orchestration frameworks Vendor &amp; Platform Coverage Ericsson ENM Nokia NetAct Huawei iMaster NCE ZTE ZXNM IBM Netcool HPE NA Amdocs OSS Comarch OSS ONAP OpenDaylight Netcracker Infosys","protected":false},"author":1,"featured_media":0,"parent":0,"menu_order":0,"comment_status":"closed","ping_status":"closed","template":"","meta":{"content-type":"","footnotes":""},"class_list":["post-5875","page","type-page","status-publish","hentry"],"yoast_head":"<!-- This site is optimized with the Yoast SEO plugin v27.4 - https:\/\/yoast.com\/product\/yoast-seo-wordpress\/ -->\n<title>NMS \/ OSS Network - WillowTech Group<\/title>\n<meta name=\"robots\" content=\"index, follow, max-snippet:-1, max-image-preview:large, max-video-preview:-1\" \/>\n<link rel=\"canonical\" href=\"https:\/\/willowtechgroup.com\/es\/nms-oss-network\/\" \/>\n<meta property=\"og:locale\" content=\"es_ES\" \/>\n<meta property=\"og:type\" content=\"article\" \/>\n<meta property=\"og:title\" content=\"NMS \/ OSS Network - WillowTech Group\" \/>\n<meta property=\"og:url\" content=\"https:\/\/willowtechgroup.com\/es\/nms-oss-network\/\" \/>\n<meta property=\"og:site_name\" content=\"WillowTech Group\" \/>\n<meta property=\"article:modified_time\" content=\"2026-04-22T09:09:49+00:00\" \/>\n<meta name=\"twitter:card\" content=\"summary_large_image\" \/>\n<meta name=\"twitter:label1\" content=\"Tiempo de lectura\" \/>\n\t<meta name=\"twitter:data1\" content=\"3 minutos\" \/>\n<script type=\"application\/ld+json\" class=\"yoast-schema-graph\">{\"@context\":\"https:\\\/\\\/schema.org\",\"@graph\":[{\"@type\":\"WebPage\",\"@id\":\"https:\\\/\\\/willowtechgroup.com\\\/nms-oss-network\\\/\",\"url\":\"https:\\\/\\\/willowtechgroup.com\\\/nms-oss-network\\\/\",\"name\":\"NMS \\\/ OSS Network - WillowTech Group\",\"isPartOf\":{\"@id\":\"https:\\\/\\\/willowtechgroup.com\\\/#website\"},\"datePublished\":\"2026-04-22T07:15:59+00:00\",\"dateModified\":\"2026-04-22T09:09:49+00:00\",\"breadcrumb\":{\"@id\":\"https:\\\/\\\/willowtechgroup.com\\\/nms-oss-network\\\/#breadcrumb\"},\"inLanguage\":\"es\",\"potentialAction\":[{\"@type\":\"ReadAction\",\"target\":[\"https:\\\/\\\/willowtechgroup.com\\\/nms-oss-network\\\/\"]}]},{\"@type\":\"BreadcrumbList\",\"@id\":\"https:\\\/\\\/willowtechgroup.com\\\/nms-oss-network\\\/#breadcrumb\",\"itemListElement\":[{\"@type\":\"ListItem\",\"position\":1,\"name\":\"Home\",\"item\":\"https:\\\/\\\/willowtechgroup.com\\\/\"},{\"@type\":\"ListItem\",\"position\":2,\"name\":\"NMS \\\/ OSS Network\"}]},{\"@type\":\"WebSite\",\"@id\":\"https:\\\/\\\/willowtechgroup.com\\\/#website\",\"url\":\"https:\\\/\\\/willowtechgroup.com\\\/\",\"name\":\"WillowTech Group\",\"description\":\"IT Consultation &amp; Services\",\"publisher\":{\"@id\":\"https:\\\/\\\/willowtechgroup.com\\\/#organization\"},\"potentialAction\":[{\"@type\":\"SearchAction\",\"target\":{\"@type\":\"EntryPoint\",\"urlTemplate\":\"https:\\\/\\\/willowtechgroup.com\\\/?s={search_term_string}\"},\"query-input\":{\"@type\":\"PropertyValueSpecification\",\"valueRequired\":true,\"valueName\":\"search_term_string\"}}],\"inLanguage\":\"es\"},{\"@type\":\"Organization\",\"@id\":\"https:\\\/\\\/willowtechgroup.com\\\/#organization\",\"name\":\"WillowTech Group\",\"url\":\"https:\\\/\\\/willowtechgroup.com\\\/\",\"logo\":{\"@type\":\"ImageObject\",\"inLanguage\":\"es\",\"@id\":\"https:\\\/\\\/willowtechgroup.com\\\/#\\\/schema\\\/logo\\\/image\\\/\",\"url\":\"https:\\\/\\\/willowtechgroup.com\\\/wp-content\\\/uploads\\\/2018\\\/10\\\/Logo-290X70-3.svg\",\"contentUrl\":\"https:\\\/\\\/willowtechgroup.com\\\/wp-content\\\/uploads\\\/2018\\\/10\\\/Logo-290X70-3.svg\",\"width\":\"1024\",\"height\":\"1024\",\"caption\":\"WillowTech Group\"},\"image\":{\"@id\":\"https:\\\/\\\/willowtechgroup.com\\\/#\\\/schema\\\/logo\\\/image\\\/\"}}]}<\/script>\n<!-- \/ Yoast SEO plugin. -->","yoast_head_json":{"title":"NMS \/ OSS Network - WillowTech Group","robots":{"index":"index","follow":"follow","max-snippet":"max-snippet:-1","max-image-preview":"max-image-preview:large","max-video-preview":"max-video-preview:-1"},"canonical":"https:\/\/willowtechgroup.com\/es\/nms-oss-network\/","og_locale":"es_ES","og_type":"article","og_title":"NMS \/ OSS Network - WillowTech Group","og_url":"https:\/\/willowtechgroup.com\/es\/nms-oss-network\/","og_site_name":"WillowTech Group","article_modified_time":"2026-04-22T09:09:49+00:00","twitter_card":"summary_large_image","twitter_misc":{"Tiempo de lectura":"3 minutos"},"schema":{"@context":"https:\/\/schema.org","@graph":[{"@type":"WebPage","@id":"https:\/\/willowtechgroup.com\/nms-oss-network\/","url":"https:\/\/willowtechgroup.com\/nms-oss-network\/","name":"NMS \/ OSS Network - WillowTech Group","isPartOf":{"@id":"https:\/\/willowtechgroup.com\/#website"},"datePublished":"2026-04-22T07:15:59+00:00","dateModified":"2026-04-22T09:09:49+00:00","breadcrumb":{"@id":"https:\/\/willowtechgroup.com\/nms-oss-network\/#breadcrumb"},"inLanguage":"es","potentialAction":[{"@type":"ReadAction","target":["https:\/\/willowtechgroup.com\/nms-oss-network\/"]}]},{"@type":"BreadcrumbList","@id":"https:\/\/willowtechgroup.com\/nms-oss-network\/#breadcrumb","itemListElement":[{"@type":"ListItem","position":1,"name":"Home","item":"https:\/\/willowtechgroup.com\/"},{"@type":"ListItem","position":2,"name":"NMS \/ OSS Network"}]},{"@type":"WebSite","@id":"https:\/\/willowtechgroup.com\/#website","url":"https:\/\/willowtechgroup.com\/","name":"Grupo Willow Tech","description":"Consultor\u00eda y servicios de TI","publisher":{"@id":"https:\/\/willowtechgroup.com\/#organization"},"potentialAction":[{"@type":"SearchAction","target":{"@type":"EntryPoint","urlTemplate":"https:\/\/willowtechgroup.com\/?s={search_term_string}"},"query-input":{"@type":"PropertyValueSpecification","valueRequired":true,"valueName":"search_term_string"}}],"inLanguage":"es"},{"@type":"Organization","@id":"https:\/\/willowtechgroup.com\/#organization","name":"Grupo Willow Tech","url":"https:\/\/willowtechgroup.com\/","logo":{"@type":"ImageObject","inLanguage":"es","@id":"https:\/\/willowtechgroup.com\/#\/schema\/logo\/image\/","url":"https:\/\/willowtechgroup.com\/wp-content\/uploads\/2018\/10\/Logo-290X70-3.svg","contentUrl":"https:\/\/willowtechgroup.com\/wp-content\/uploads\/2018\/10\/Logo-290X70-3.svg","width":"1024","height":"1024","caption":"WillowTech Group"},"image":{"@id":"https:\/\/willowtechgroup.com\/#\/schema\/logo\/image\/"}}]}},"_links":{"self":[{"href":"https:\/\/willowtechgroup.com\/es\/wp-json\/wp\/v2\/pages\/5875","targetHints":{"allow":["GET"]}}],"collection":[{"href":"https:\/\/willowtechgroup.com\/es\/wp-json\/wp\/v2\/pages"}],"about":[{"href":"https:\/\/willowtechgroup.com\/es\/wp-json\/wp\/v2\/types\/page"}],"author":[{"embeddable":true,"href":"https:\/\/willowtechgroup.com\/es\/wp-json\/wp\/v2\/users\/1"}],"replies":[{"embeddable":true,"href":"https:\/\/willowtechgroup.com\/es\/wp-json\/wp\/v2\/comments?post=5875"}],"version-history":[{"count":25,"href":"https:\/\/willowtechgroup.com\/es\/wp-json\/wp\/v2\/pages\/5875\/revisions"}],"predecessor-version":[{"id":5906,"href":"https:\/\/willowtechgroup.com\/es\/wp-json\/wp\/v2\/pages\/5875\/revisions\/5906"}],"wp:attachment":[{"href":"https:\/\/willowtechgroup.com\/es\/wp-json\/wp\/v2\/media?parent=5875"}],"curies":[{"name":"gracias","href":"https:\/\/api.w.org\/{rel}","templated":true}]}}