{"id":5917,"date":"2026-04-22T12:52:27","date_gmt":"2026-04-22T11:52:27","guid":{"rendered":"https:\/\/willowtechgroup.com\/?page_id=5917"},"modified":"2026-04-22T12:54:20","modified_gmt":"2026-04-22T11:54:20","slug":"outsourced-noc-level-2","status":"publish","type":"page","link":"https:\/\/willowtechgroup.com\/es\/outsourced-noc-level-2\/","title":{"rendered":"Centro de Operaciones de Red (NOC) de Nivel 2 externalizado"},"content":{"rendered":"<section class=\"wpb-content-wrapper\"><div id=\"tm-row-69e90f97da3aa\" data-vc-full-width=\"true\" data-vc-full-width-init=\"false\" class=\"vc_row vc_row-outer vc_row-fluid\"><div id=\"tm-column-69e90f97da773\" class=\"wpb_column vc_column_container vc_col-sm-12\"><div class=\"vc_column-inner\"><div class=\"wpb_wrapper\"><div class=\"tm-spacer\" id=\"tm-spacer-69e90f97da970\"><\/div>\n\n<div class=\"tm-heading vc_custom_1775827292337  center tm-animation move-up\" id=\"tm-heading-69e90f97daa40\">\n\t<div class=\"heading\" >Soporte de red<\/div><\/div>\n\n\n<div class=\"tm-heading  center tm-animation move-up\" id=\"tm-heading-69e90f97dad96\">\n\t<h2 class=\"heading\" ><mark>Externalizaci\u00f3n del Centro de Operaciones de Red (NOC)<\/mark><\/h2><\/div>\n\n<div class=\"tm-spacer\" id=\"tm-spacer-69e90f97db016\"><\/div>\n\n<div class=\"tm-heading  center tm-animation move-up\" id=\"tm-heading-69e90f97db0a2\">\n\t<div class=\"heading\" >Network downtime is costly WillowTech Group's NOC Outsourcing gives you a dedicated team of specialists who proactively monitor and resolve issues, ensuring maximum uptime, security, and operational continuity across your entire environment.<\/div><\/div>\n\n<div class=\"tm-spacer\" id=\"tm-spacer-69e90f97db31b\"><\/div>\n<div class=\"tm-button-wrapper  tm-animation move-up\" id=\"tm-button-69e90f97db3a4\">\n\t\t<a class=\"tm-button style-flat tm-button-nm tm-button-primary tm-button-\" href=\"https:\/\/willowtechgroup.com\/es\/connect-with-us\/\"\n\t\t\t>\n\n\t\t\n\t\t\t\t\t\t<span class=\"button-text\" data-text=\"Talk to Our Team\">\n\t\t\t\tHabla con nuestro equipo.\t\t\t<\/span>\n\t\t\t\n\t\t\n\n\t<\/a>\n<\/div>\n<div class=\"tm-spacer\" id=\"tm-spacer-69e90f97db3f2\"><\/div>\n<\/div><\/div><\/div><\/div><div class=\"vc_row-full-width vc_clearfix\"><\/div><div id=\"tm-row-69e90f97db500\" data-vc-full-width=\"true\" data-vc-full-width-init=\"false\" class=\"vc_row vc_row-outer vc_row-fluid\"><div id=\"tm-column-69e90f97db777\" class=\"wpb_column vc_column_container vc_col-sm-12\"><div class=\"vc_column-inner\"><div class=\"wpb_wrapper\"><div id=\"tm-row-inner-69e90f97dba16\" class=\"vc_row vc_inner vc_row-fluid\"><div id=\"tm-column-inner-69e90f97dbc44\" class=\"wpb_column vc_column_container vc_col-sm-12\"><div class=\"vc_column-inner\"><div class=\"wpb_wrapper\"><div class=\"tm-spacer\" id=\"tm-spacer-69e90f97dbd9c\"><\/div>\n<\/div><\/div><\/div><\/div><div id=\"tm-row-inner-69e90f97dbe71\" class=\"vc_row vc_inner vc_row-fluid col-sp-2\"><div id=\"tm-column-inner-69e90f97dc04a\" class=\"wpb_column vc_column_container vc_col-sm-6\"><div class=\"vc_column-inner\"><div class=\"wpb_wrapper\"><div class=\"tm-box-icon  style-2 style-align-left tm-animation move-up\" id=\"tm-box-icon-69e90f97dc1ed\">\n\t\t<div class=\"content-wrap\">\n\n\t\n\t\n\t<div class=\"content\">\n\t\t<div class=\"box-header\">\n\t\t\t\t\t\t\t<h4 class=\"heading\">\n\t\t\t\t\t\n\t\t\t\t\t\t\u00bfPor qu\u00e9 externalizar su centro de operaciones de red (NOC)?\n\t\t\t\t\t\t\n\t\t\t\t<\/h4>\n\t\t\t\t\t<\/div>\n\n\t\t\n\t\t\t\t\t\t\t\t\t<ul class=\"box-icon-list\">\n\t\t\t\t\t<li><i class=\"fas fa-check\"><\/i>Reducir los costos generales de mantener un equipo NOC interno<\/li>\n\t\t\t\t<\/ul>\n\t\t\t\t\t\t\t\t\t\t\t\t<ul class=\"box-icon-list\">\n\t\t\t\t\t<li><i class=\"fas fa-check\"><\/i>Acceso a ingenieros cualificados las 24 horas.<\/li>\n\t\t\t\t<\/ul>\n\t\t\t\t\t\t\t\t\t\t\t\t<ul class=\"box-icon-list\">\n\t\t\t\t\t<li><i class=\"fas fa-check\"><\/i>Alternativa rentable para desarrollar capacidades internas<\/li>\n\t\t\t\t<\/ul>\n\t\t\t\t\t\t\t\t\t\t\t\t<ul class=\"box-icon-list\">\n\t\t\t\t\t<li><i class=\"fas fa-check\"><\/i>Centrar a los equipos internos en las prioridades estrat\u00e9gicas.<\/li>\n\t\t\t\t<\/ul>\n\t\t\t\t\t\t\t\t\t\t\t\t<ul class=\"box-icon-list\">\n\t\t\t\t\t<li><i class=\"fas fa-check\"><\/i>Soporte escalable que crece con las necesidades de su red.<\/li>\n\t\t\t\t<\/ul>\n\t\t\t\t\t\t\t\t\t\t\t\t<ul class=\"box-icon-list\">\n\t\t\t\t\t<li><i class=\"fas fa-check\"><\/i>Prestaci\u00f3n de servicios consistente respaldada por acuerdos de nivel de servicio (SLA) definidos.<\/li>\n\t\t\t\t<\/ul>\n\t\t\t\t\t\t\t\t\t\t\t\t<ul class=\"box-icon-list\">\n\t\t\t\t\t<li><i class=\"fas fa-check\"><\/i>Sin costes de reclutamiento, formaci\u00f3n o retenci\u00f3n.<\/li>\n\t\t\t\t<\/ul>\n\t\t\t\t\t\n\t\t\t<\/div>\n<\/div>\n<\/div>\n<\/div><\/div><\/div><div id=\"tm-column-inner-69e90f97dc8e4\" class=\"wpb_column vc_column_container vc_col-sm-6\"><div class=\"vc_column-inner\"><div class=\"wpb_wrapper\"><div class=\"tm-box-icon  style-2 style-align-left tm-animation move-up\" id=\"tm-box-icon-69e90f97dca9a\">\n\t\t<div class=\"content-wrap\">\n\n\t\n\t\n\t<div class=\"content\">\n\t\t<div class=\"box-header\">\n\t\t\t\t\t\t\t<h4 class=\"heading\">\n\t\t\t\t\t\n\t\t\t\t\t\tLo que ofrecemos\n\t\t\t\t\t\t\n\t\t\t\t<\/h4>\n\t\t\t\t\t<\/div>\n\n\t\t\n\t\t\t\t\t\t\t\t\t<ul class=\"box-icon-list\">\n\t\t\t\t\t<li><i class=\"fas fa-check\"><\/i>Supervisi\u00f3n y gesti\u00f3n de NOC de nivel 1\/2 las 24 horas del d\u00eda, los 7 d\u00edas de la semana<\/li>\n\t\t\t\t<\/ul>\n\t\t\t\t\t\t\t\t\t\t\t\t<ul class=\"box-icon-list\">\n\t\t\t\t\t<li><i class=\"fas fa-check\"><\/i>Detecci\u00f3n, clasificaci\u00f3n y escalamiento de fallas de primera l\u00ednea.<\/li>\n\t\t\t\t<\/ul>\n\t\t\t\t\t\t\t\t\t\t\t\t<ul class=\"box-icon-list\">\n\t\t\t\t\t<li><i class=\"fas fa-check\"><\/i>Gesti\u00f3n de incidentes y tramitaci\u00f3n de tickets<\/li>\n\t\t\t\t<\/ul>\n\t\t\t\t\t\t\t\t\t\t\t\t<ul class=\"box-icon-list\">\n\t\t\t\t\t<li><i class=\"fas fa-check\"><\/i>Correlaci\u00f3n de eventos de red y alertas<\/li>\n\t\t\t\t<\/ul>\n\t\t\t\t\t\t\t\t\t\t\t\t<ul class=\"box-icon-list\">\n\t\t\t\t\t<li><i class=\"fas fa-check\"><\/i>Respuesta y resoluci\u00f3n basadas en el SLA<\/li>\n\t\t\t\t<\/ul>\n\t\t\t\t\t\t\t\t\t\t\t\t<ul class=\"box-icon-list\">\n\t\t\t\t\t<li><i class=\"fas fa-check\"><\/i>Informes peri\u00f3dicos y paneles de rendimiento<\/li>\n\t\t\t\t<\/ul>\n\t\t\t\t\t\t\t\t\t\t\t\t<ul class=\"box-icon-list\">\n\t\t\t\t\t<li><i class=\"fas fa-check\"><\/i>Escalada sin problemas al nivel 3 de ingenier\u00eda cuando sea necesario.<\/li>\n\t\t\t\t<\/ul>\n\t\t\t\t\t\n\t\t\t<\/div>\n<\/div>\n<\/div>\n<\/div><\/div><\/div><\/div><\/div><\/div><\/div><\/div><div class=\"vc_row-full-width vc_clearfix\"><\/div><div id=\"tm-row-69e90f97dd1d7\" data-vc-full-width=\"true\" data-vc-full-width-init=\"false\" class=\"vc_row vc_row-outer vc_row-fluid\"><div id=\"tm-column-69e90f97dd3d1\" class=\"wpb_column vc_column_container vc_col-sm-12\"><div class=\"vc_column-inner\"><div class=\"wpb_wrapper\"><div class=\"tm-spacer\" id=\"tm-spacer-69e90f97dd526\"><\/div>\n\n<div class=\"tm-heading  center tm-animation move-up\" id=\"tm-heading-69e90f97dd5c8\">\n\t<h3 class=\"heading\" ><mark>\u00bfListo para fortalecer las operaciones de su red?<\/mark><\/h3><\/div>\n\n<div class=\"tm-spacer\" id=\"tm-spacer-69e90f97dd85e\"><\/div>\n\n<div class=\"tm-heading  center tm-animation move-up\" id=\"tm-heading-69e90f97dd8ec\">\n\t<div class=\"heading\" >Nuestro equipo de expertos est\u00e1 listo para ayudarle a mantener operativas sus redes cr\u00edticas y a planificar con confianza el futuro. P\u00f3ngase en contacto con nosotros hoy mismo.<\/div><\/div>\n\n<div class=\"tm-spacer\" id=\"tm-spacer-69e90f97ddb72\"><\/div>\n<div class=\"tm-button-wrapper  tm-animation move-up\" id=\"tm-button-69e90f97ddbde\">\n\t\t<a class=\"tm-button style-flat tm-button-nm tm-button-primary tm-button-\" href=\"https:\/\/willowtechgroup.com\/es\/connect-with-us\/\"\n\t\t\t>\n\n\t\t\n\t\t\t\t\t\t<span class=\"button-text\" data-text=\"Contact Us\">\n\t\t\t\tCont\u00e1ctenos\t\t\t<\/span>\n\t\t\t\n\t\t\n\n\t<\/a>\n<\/div>\n<div class=\"tm-spacer\" id=\"tm-spacer-69e90f97ddc27\"><\/div>\n<\/div><\/div><\/div><\/div><div class=\"vc_row-full-width vc_clearfix\"><\/div><div id=\"tm-row-69e90f97ddd1b\" class=\"vc_row vc_row-outer vc_row-fluid\"><div id=\"tm-column-69e90f97ddf0e\" class=\"wpb_column vc_column_container vc_col-sm-12\"><div class=\"vc_column-inner\"><div class=\"wpb_wrapper\">\n\t<div class=\"wpb_raw_code wpb_content_element wpb_raw_html\" >\n\t\t<div class=\"wpb_wrapper\">\n\t\t\t<style>\n.wt-vendor-table-wrap {\n  margin-top: 10px;\n  overflow-x: auto;\n  border-radius: 8px;\n}\n.wt-vendor-table {\n  width: 100%;\n  border-collapse: collapse;\n  border: 1px solid #c5d3df;\n  background: #dff0fb;\n  min-width: 720px;\n}\n.wt-vendor-table th,\n.wt-vendor-table td {\n  border: 1px solid #c5d3df;\n  padding: 12px 16px;\n  text-align: left;\n  vertical-align: top;\n}\n.wt-vendor-table th {\n  font-size: 13px;\n  text-transform: none;\n  letter-spacing: 0;\n  color: #0F1F59;\n  background: #f3f7fb;\n  font-weight: 700;\n}\n.wt-vendor-table td {\n  font-size: 14px;\n  color: #0F1F59;\n  line-height: 1.55;\n  font-weight: 600;\n}\n.wt-vendor-table tbody tr:nth-child(even) td {\n  background: rgba(255,255,255,0.22);\n}\n.wt-vendor-table td:first-child {\n  width: 220px;\n  font-weight: 700;\n  color: #0F1F59;\n}\n@media (max-width: 700px) {\n  .wt-vendor-table-wrap {\n    overflow-x: visible;\n  }\n  .wt-vendor-table {\n    min-width: 0;\n    border: 0;\n    background: transparent;\n  }\n  .wt-vendor-table thead {\n    display: none;\n  }\n  .wt-vendor-table tbody tr {\n    display: block;\n    border: 1px solid #c5d3df;\n    border-radius: 8px;\n    background: #dff0fb;\n    margin-bottom: 12px;\n    overflow: hidden;\n  }\n  .wt-vendor-table tbody tr:nth-child(even) td {\n    background: transparent;\n  }\n  .wt-vendor-table td {\n    display: block;\n    border: 0;\n    border-top: 1px solid #c5d3df;\n    padding: 10px 12px;\n    font-size: 13px;\n    width: 100%;\n  }\n  .wt-vendor-table td:first-child {\n    width: 100%;\n    border-top: 0;\n    font-size: 14px;\n    font-weight: 700;\n    background: #f3f7fb;\n  }\n}\n.icon-s img {\n    max-width: 125px;\n}\n.content-wrap img {\n    max-width: 75px;\n}\n<\/style>\n\t\t<\/div>\n\t<\/div>\n<\/div><\/div><\/div><\/div>\n<\/section>","protected":false},"excerpt":{"rendered":"Network Support Network Operations Centre (NOC) Outsourcing Network downtime is costly WillowTech Group's NOC Outsourcing gives you a dedicated team of specialists who proactively monitor and resolve issues, ensuring maximum uptime, security, and operational continuity across your entire environment. Talk to Our Team Why Outsource Your NOC? Reduce overhead of maintaining an in-house NOC team Access to skilled engineers around the clock Cost-effective alternative to building internal capability Focus internal teams on strategic priorities Scalable support that grows with your network needs Consistent service delivery backed by defined SLAs No recruitment, training or retention costs What We Deliver 24\/7 Level 1\/2 NOC monitoring and management First-line fault detection, triage, and escalation Incident management and ticket handling Network event correlation and alerting SLA-driven response and resolution Regular reporting and performance dashboards Seamless escalation to Level 3 engineering when required Ready to Strengthen Your Network Operations? Our team of experts is ready to help you keep critical networks running and plan confidently for what comes next. Get in touch today. Contact Us","protected":false},"author":1,"featured_media":0,"parent":0,"menu_order":0,"comment_status":"closed","ping_status":"closed","template":"","meta":{"content-type":"","footnotes":""},"class_list":["post-5917","page","type-page","status-publish","hentry"],"yoast_head":"<!-- This site is optimized with the Yoast SEO plugin v27.4 - https:\/\/yoast.com\/product\/yoast-seo-wordpress\/ -->\n<title>Outsourced (NOC) Level 2 - WillowTech Group<\/title>\n<meta name=\"robots\" content=\"index, follow, max-snippet:-1, max-image-preview:large, max-video-preview:-1\" \/>\n<link rel=\"canonical\" href=\"https:\/\/willowtechgroup.com\/es\/outsourced-noc-level-2\/\" \/>\n<meta property=\"og:locale\" content=\"es_ES\" \/>\n<meta property=\"og:type\" content=\"article\" \/>\n<meta property=\"og:title\" content=\"Outsourced (NOC) Level 2 - WillowTech Group\" \/>\n<meta property=\"og:url\" content=\"https:\/\/willowtechgroup.com\/es\/outsourced-noc-level-2\/\" \/>\n<meta property=\"og:site_name\" content=\"WillowTech Group\" \/>\n<meta property=\"article:modified_time\" content=\"2026-04-22T11:54:20+00:00\" \/>\n<meta name=\"twitter:card\" content=\"summary_large_image\" \/>\n<meta name=\"twitter:label1\" content=\"Tiempo de lectura\" \/>\n\t<meta name=\"twitter:data1\" content=\"1 minuto\" \/>\n<script type=\"application\/ld+json\" class=\"yoast-schema-graph\">{\"@context\":\"https:\\\/\\\/schema.org\",\"@graph\":[{\"@type\":\"WebPage\",\"@id\":\"https:\\\/\\\/willowtechgroup.com\\\/outsourced-noc-level-2\\\/\",\"url\":\"https:\\\/\\\/willowtechgroup.com\\\/outsourced-noc-level-2\\\/\",\"name\":\"Outsourced (NOC) Level 2 - WillowTech Group\",\"isPartOf\":{\"@id\":\"https:\\\/\\\/willowtechgroup.com\\\/#website\"},\"datePublished\":\"2026-04-22T11:52:27+00:00\",\"dateModified\":\"2026-04-22T11:54:20+00:00\",\"breadcrumb\":{\"@id\":\"https:\\\/\\\/willowtechgroup.com\\\/outsourced-noc-level-2\\\/#breadcrumb\"},\"inLanguage\":\"es\",\"potentialAction\":[{\"@type\":\"ReadAction\",\"target\":[\"https:\\\/\\\/willowtechgroup.com\\\/outsourced-noc-level-2\\\/\"]}]},{\"@type\":\"BreadcrumbList\",\"@id\":\"https:\\\/\\\/willowtechgroup.com\\\/outsourced-noc-level-2\\\/#breadcrumb\",\"itemListElement\":[{\"@type\":\"ListItem\",\"position\":1,\"name\":\"Home\",\"item\":\"https:\\\/\\\/willowtechgroup.com\\\/\"},{\"@type\":\"ListItem\",\"position\":2,\"name\":\"Outsourced (NOC) Level 2\"}]},{\"@type\":\"WebSite\",\"@id\":\"https:\\\/\\\/willowtechgroup.com\\\/#website\",\"url\":\"https:\\\/\\\/willowtechgroup.com\\\/\",\"name\":\"WillowTech Group\",\"description\":\"IT Consultation &amp; Services\",\"publisher\":{\"@id\":\"https:\\\/\\\/willowtechgroup.com\\\/#organization\"},\"potentialAction\":[{\"@type\":\"SearchAction\",\"target\":{\"@type\":\"EntryPoint\",\"urlTemplate\":\"https:\\\/\\\/willowtechgroup.com\\\/?s={search_term_string}\"},\"query-input\":{\"@type\":\"PropertyValueSpecification\",\"valueRequired\":true,\"valueName\":\"search_term_string\"}}],\"inLanguage\":\"es\"},{\"@type\":\"Organization\",\"@id\":\"https:\\\/\\\/willowtechgroup.com\\\/#organization\",\"name\":\"WillowTech Group\",\"url\":\"https:\\\/\\\/willowtechgroup.com\\\/\",\"logo\":{\"@type\":\"ImageObject\",\"inLanguage\":\"es\",\"@id\":\"https:\\\/\\\/willowtechgroup.com\\\/#\\\/schema\\\/logo\\\/image\\\/\",\"url\":\"https:\\\/\\\/willowtechgroup.com\\\/wp-content\\\/uploads\\\/2018\\\/10\\\/Logo-290X70-3.svg\",\"contentUrl\":\"https:\\\/\\\/willowtechgroup.com\\\/wp-content\\\/uploads\\\/2018\\\/10\\\/Logo-290X70-3.svg\",\"width\":\"1024\",\"height\":\"1024\",\"caption\":\"WillowTech Group\"},\"image\":{\"@id\":\"https:\\\/\\\/willowtechgroup.com\\\/#\\\/schema\\\/logo\\\/image\\\/\"}}]}<\/script>\n<!-- \/ Yoast SEO plugin. -->","yoast_head_json":{"title":"Outsourced (NOC) Level 2 - WillowTech Group","robots":{"index":"index","follow":"follow","max-snippet":"max-snippet:-1","max-image-preview":"max-image-preview:large","max-video-preview":"max-video-preview:-1"},"canonical":"https:\/\/willowtechgroup.com\/es\/outsourced-noc-level-2\/","og_locale":"es_ES","og_type":"article","og_title":"Outsourced (NOC) Level 2 - WillowTech Group","og_url":"https:\/\/willowtechgroup.com\/es\/outsourced-noc-level-2\/","og_site_name":"WillowTech Group","article_modified_time":"2026-04-22T11:54:20+00:00","twitter_card":"summary_large_image","twitter_misc":{"Tiempo de lectura":"1 minuto"},"schema":{"@context":"https:\/\/schema.org","@graph":[{"@type":"WebPage","@id":"https:\/\/willowtechgroup.com\/outsourced-noc-level-2\/","url":"https:\/\/willowtechgroup.com\/outsourced-noc-level-2\/","name":"Outsourced (NOC) Level 2 - WillowTech Group","isPartOf":{"@id":"https:\/\/willowtechgroup.com\/#website"},"datePublished":"2026-04-22T11:52:27+00:00","dateModified":"2026-04-22T11:54:20+00:00","breadcrumb":{"@id":"https:\/\/willowtechgroup.com\/outsourced-noc-level-2\/#breadcrumb"},"inLanguage":"es","potentialAction":[{"@type":"ReadAction","target":["https:\/\/willowtechgroup.com\/outsourced-noc-level-2\/"]}]},{"@type":"BreadcrumbList","@id":"https:\/\/willowtechgroup.com\/outsourced-noc-level-2\/#breadcrumb","itemListElement":[{"@type":"ListItem","position":1,"name":"Home","item":"https:\/\/willowtechgroup.com\/"},{"@type":"ListItem","position":2,"name":"Outsourced (NOC) Level 2"}]},{"@type":"WebSite","@id":"https:\/\/willowtechgroup.com\/#website","url":"https:\/\/willowtechgroup.com\/","name":"Grupo Willow Tech","description":"Consultor\u00eda y servicios de TI","publisher":{"@id":"https:\/\/willowtechgroup.com\/#organization"},"potentialAction":[{"@type":"SearchAction","target":{"@type":"EntryPoint","urlTemplate":"https:\/\/willowtechgroup.com\/?s={search_term_string}"},"query-input":{"@type":"PropertyValueSpecification","valueRequired":true,"valueName":"search_term_string"}}],"inLanguage":"es"},{"@type":"Organization","@id":"https:\/\/willowtechgroup.com\/#organization","name":"Grupo Willow Tech","url":"https:\/\/willowtechgroup.com\/","logo":{"@type":"ImageObject","inLanguage":"es","@id":"https:\/\/willowtechgroup.com\/#\/schema\/logo\/image\/","url":"https:\/\/willowtechgroup.com\/wp-content\/uploads\/2018\/10\/Logo-290X70-3.svg","contentUrl":"https:\/\/willowtechgroup.com\/wp-content\/uploads\/2018\/10\/Logo-290X70-3.svg","width":"1024","height":"1024","caption":"WillowTech Group"},"image":{"@id":"https:\/\/willowtechgroup.com\/#\/schema\/logo\/image\/"}}]}},"_links":{"self":[{"href":"https:\/\/willowtechgroup.com\/es\/wp-json\/wp\/v2\/pages\/5917","targetHints":{"allow":["GET"]}}],"collection":[{"href":"https:\/\/willowtechgroup.com\/es\/wp-json\/wp\/v2\/pages"}],"about":[{"href":"https:\/\/willowtechgroup.com\/es\/wp-json\/wp\/v2\/types\/page"}],"author":[{"embeddable":true,"href":"https:\/\/willowtechgroup.com\/es\/wp-json\/wp\/v2\/users\/1"}],"replies":[{"embeddable":true,"href":"https:\/\/willowtechgroup.com\/es\/wp-json\/wp\/v2\/comments?post=5917"}],"version-history":[{"count":6,"href":"https:\/\/willowtechgroup.com\/es\/wp-json\/wp\/v2\/pages\/5917\/revisions"}],"predecessor-version":[{"id":5923,"href":"https:\/\/willowtechgroup.com\/es\/wp-json\/wp\/v2\/pages\/5917\/revisions\/5923"}],"wp:attachment":[{"href":"https:\/\/willowtechgroup.com\/es\/wp-json\/wp\/v2\/media?parent=5917"}],"curies":[{"name":"gracias","href":"https:\/\/api.w.org\/{rel}","templated":true}]}}